{"id":5217,"date":"2021-05-27T15:56:24","date_gmt":"2021-05-27T15:56:24","guid":{"rendered":"https:\/\/anelto.eu\/?post_type=product&#038;p=5217"},"modified":"2021-05-27T16:01:31","modified_gmt":"2021-05-27T16:01:31","slug":"ram-x-grip-suur-telefonikinnitus-koos-ram-ez-on-off-jalgratta-alusega","status":"publish","type":"product","link":"https:\/\/anelto.eu\/en\/toode\/ram-x-grip-suur-telefonikinnitus-koos-ram-ez-on-off-jalgratta-alusega\/","title":{"rendered":"RAM\u00ae X-Grip\u00ae suur telefonikinnitus koos RAM\u00ae EZ-On \/ Off\u2122 jalgratta alusega"},"content":{"rendered":"","protected":false},"excerpt":{"rendered":"<ul>\n<li><strong>Toote RAP-274-1-UN10 \u00fclevaade:<\/strong><\/li>\n<li>Pole t\u00e4htis, kuhu seiklus sind viib, on suure t\u00f5en\u00e4osusega nutitelefon k\u00e4eulatuses,<\/li>\n<li>V\u00e4lirattas\u00f5idu harrastaja jaoks on RAM-i universaalne rattakinnitus k\u00f5ige t\u00e4ielikum kinnituslahendus nutitelefoni ratta k\u00fclge kinnitamiseks,<\/li>\n<li>Enamiku nutitelefonidega \u00fchilduval X-Grip\u00ae kinnitus on lihtne ja nutikas neljajalgne disain, mis annab suurep\u00e4rase hoidmisv\u00f5ime, kuid v\u00f5imaldab ka telefoni h\u00f5lpsalt paigaldada v\u00f5i vabastada,<\/li>\n<li>M\u00f5eldud standardsete juhtraua suuruste jaoks, kasutab kaasasoleva aluse mitmesuguste diameetrite k\u00fclge kinnitamiseks tavalisi kaablikinnitusi,<\/li>\n<li>Valmistatud \u00fclitugevast komposiidist, ja on kerge,<\/li>\n<li>Parima vaatenurga v\u00f5imaldamiseks reguleeritav toode sobib suurep\u00e4raselt igale jalgratturile v\u00f5i avatud raja seiklejale,<\/li>\n<\/ul>\n<p><img loading=\"lazy\" decoding=\"async\" class=\"size-full wp-image-4101 aligncenter\" src=\"https:\/\/anelto.eu\/wp-content\/uploads\/2021\/02\/RAM-pilt.png\" alt=\"\" width=\"300\" height=\"93\" \/><\/p>\n","protected":false},"featured_media":5224,"comment_status":"closed","ping_status":"closed","template":"","meta":{"_acf_changed":false},"product_cat":[81,76],"product_tag":[],"class_list":{"0":"post-5217","1":"product","2":"type-product","3":"status-publish","4":"has-post-thumbnail","6":"product_cat-mobiiltelefonide-kinnitused","7":"product_cat-gps-seadmete-kinnitused","9":"first","10":"instock","11":"shipping-taxable","12":"product-type-simple"},"acf":[],"yoast_head":"<!-- This site is optimized with the Yoast SEO plugin v23.9 - https:\/\/yoast.com\/wordpress\/plugins\/seo\/ -->\n<title>RAM\u00ae X-Grip\u00ae suur telefonikinnitus koos RAM\u00ae EZ-On \/ Off\u2122 jalgratta alusega - Anelto - t\u00f6\u00f6ruumi efektiivsus<\/title>\n<meta name=\"robots\" content=\"index, follow, max-snippet:-1, max-image-preview:large, max-video-preview:-1\" \/>\n<link rel=\"canonical\" href=\"https:\/\/anelto.eu\/toode\/ram-x-grip-suur-telefonikinnitus-koos-ram-ez-on-off-jalgratta-alusega\/\" \/>\n<meta property=\"og:locale\" content=\"en_US\" \/>\n<meta property=\"og:type\" content=\"article\" \/>\n<meta property=\"og:title\" content=\"RAM\u00ae X-Grip\u00ae suur telefonikinnitus koos RAM\u00ae EZ-On \/ Off\u2122 jalgratta alusega - Anelto - t\u00f6\u00f6ruumi efektiivsus\" \/>\n<meta property=\"og:description\" content=\"Toote RAP-274-1-UN10 \u00fclevaade:  Pole t\u00e4htis, kuhu seiklus sind viib, on suure t\u00f5en\u00e4osusega nutitelefon k\u00e4eulatuses,  V\u00e4lirattas\u00f5idu harrastaja jaoks on RAM-i universaalne rattakinnitus k\u00f5ige t\u00e4ielikum kinnituslahendus nutitelefoni ratta k\u00fclge kinnitamiseks,  Enamiku nutitelefonidega \u00fchilduval X-Grip\u00ae kinnitus on lihtne ja nutikas neljajalgne disain, mis annab suurep\u00e4rase hoidmisv\u00f5ime, kuid v\u00f5imaldab ka telefoni h\u00f5lpsalt paigaldada v\u00f5i vabastada,  M\u00f5eldud standardsete juhtraua suuruste jaoks, kasutab kaasasoleva aluse mitmesuguste diameetrite k\u00fclge kinnitamiseks tavalisi kaablikinnitusi,  Valmistatud \u00fclitugevast komposiidist, ja on kerge,  Parima vaatenurga v\u00f5imaldamiseks reguleeritav toode sobib suurep\u00e4raselt igale jalgratturile v\u00f5i avatud raja seiklejale,\" \/>\n<meta property=\"og:url\" content=\"https:\/\/anelto.eu\/toode\/ram-x-grip-suur-telefonikinnitus-koos-ram-ez-on-off-jalgratta-alusega\/\" \/>\n<meta property=\"og:site_name\" content=\"Anelto - t\u00f6\u00f6ruumi efektiivsus\" \/>\n<meta property=\"article:modified_time\" content=\"2021-05-27T16:01:31+00:00\" \/>\n<meta property=\"og:image\" content=\"https:\/\/anelto.eu\/wp-content\/uploads\/2021\/05\/RAP-274-1-UN10-1.jpg\" \/>\n\t<meta property=\"og:image:width\" content=\"800\" \/>\n\t<meta property=\"og:image:height\" content=\"800\" \/>\n\t<meta property=\"og:image:type\" content=\"image\/jpeg\" \/>\n<meta name=\"twitter:card\" content=\"summary_large_image\" \/>\n<script type=\"application\/ld+json\" class=\"yoast-schema-graph\">{\"@context\":\"https:\/\/schema.org\",\"@graph\":[{\"@type\":\"WebPage\",\"@id\":\"https:\/\/anelto.eu\/toode\/ram-x-grip-suur-telefonikinnitus-koos-ram-ez-on-off-jalgratta-alusega\/\",\"url\":\"https:\/\/anelto.eu\/toode\/ram-x-grip-suur-telefonikinnitus-koos-ram-ez-on-off-jalgratta-alusega\/\",\"name\":\"RAM\u00ae X-Grip\u00ae suur telefonikinnitus koos RAM\u00ae EZ-On \/ Off\u2122 jalgratta alusega - Anelto - t\u00f6\u00f6ruumi efektiivsus\",\"isPartOf\":{\"@id\":\"https:\/\/anelto.eu\/#website\"},\"primaryImageOfPage\":{\"@id\":\"https:\/\/anelto.eu\/toode\/ram-x-grip-suur-telefonikinnitus-koos-ram-ez-on-off-jalgratta-alusega\/#primaryimage\"},\"image\":{\"@id\":\"https:\/\/anelto.eu\/toode\/ram-x-grip-suur-telefonikinnitus-koos-ram-ez-on-off-jalgratta-alusega\/#primaryimage\"},\"thumbnailUrl\":\"https:\/\/anelto.eu\/wp-content\/uploads\/2021\/05\/RAP-274-1-UN10-1.jpg\",\"datePublished\":\"2021-05-27T15:56:24+00:00\",\"dateModified\":\"2021-05-27T16:01:31+00:00\",\"breadcrumb\":{\"@id\":\"https:\/\/anelto.eu\/toode\/ram-x-grip-suur-telefonikinnitus-koos-ram-ez-on-off-jalgratta-alusega\/#breadcrumb\"},\"inLanguage\":\"en-US\",\"potentialAction\":[{\"@type\":\"ReadAction\",\"target\":[\"https:\/\/anelto.eu\/toode\/ram-x-grip-suur-telefonikinnitus-koos-ram-ez-on-off-jalgratta-alusega\/\"]}]},{\"@type\":\"ImageObject\",\"inLanguage\":\"en-US\",\"@id\":\"https:\/\/anelto.eu\/toode\/ram-x-grip-suur-telefonikinnitus-koos-ram-ez-on-off-jalgratta-alusega\/#primaryimage\",\"url\":\"https:\/\/anelto.eu\/wp-content\/uploads\/2021\/05\/RAP-274-1-UN10-1.jpg\",\"contentUrl\":\"https:\/\/anelto.eu\/wp-content\/uploads\/2021\/05\/RAP-274-1-UN10-1.jpg\",\"width\":800,\"height\":800},{\"@type\":\"BreadcrumbList\",\"@id\":\"https:\/\/anelto.eu\/toode\/ram-x-grip-suur-telefonikinnitus-koos-ram-ez-on-off-jalgratta-alusega\/#breadcrumb\",\"itemListElement\":[{\"@type\":\"ListItem\",\"position\":1,\"name\":\"Avaleht\",\"item\":\"https:\/\/anelto.eu\/\"},{\"@type\":\"ListItem\",\"position\":2,\"name\":\"Valdkonnad\",\"item\":\"https:\/\/anelto.eu\/valdkonnad\/\"},{\"@type\":\"ListItem\",\"position\":3,\"name\":\"Mobiiltelefonide kinnitused\",\"item\":\"https:\/\/anelto.eu\/tootekategooria\/mobiiltelefonide-kinnitused\/\"},{\"@type\":\"ListItem\",\"position\":4,\"name\":\"RAM\u00ae X-Grip\u00ae suur telefonikinnitus koos RAM\u00ae EZ-On \/ Off\u2122 jalgratta alusega\"}]},{\"@type\":\"WebSite\",\"@id\":\"https:\/\/anelto.eu\/#website\",\"url\":\"https:\/\/anelto.eu\/\",\"name\":\"Anelto - t\u00f6\u00f6ruumi efektiivsus\",\"description\":\"Ergonoomiline t\u00f6\u00f6keskkond ja kinnituslahendused!\",\"publisher\":{\"@id\":\"https:\/\/anelto.eu\/#organization\"},\"potentialAction\":[{\"@type\":\"SearchAction\",\"target\":{\"@type\":\"EntryPoint\",\"urlTemplate\":\"https:\/\/anelto.eu\/?s={search_term_string}\"},\"query-input\":{\"@type\":\"PropertyValueSpecification\",\"valueRequired\":true,\"valueName\":\"search_term_string\"}}],\"inLanguage\":\"en-US\"},{\"@type\":\"Organization\",\"@id\":\"https:\/\/anelto.eu\/#organization\",\"name\":\"Anelto\",\"url\":\"https:\/\/anelto.eu\/\",\"logo\":{\"@type\":\"ImageObject\",\"inLanguage\":\"en-US\",\"@id\":\"https:\/\/anelto.eu\/#\/schema\/logo\/image\/\",\"url\":\"https:\/\/anelto.eu\/wp-content\/uploads\/2020\/06\/Picture1.png\",\"contentUrl\":\"https:\/\/anelto.eu\/wp-content\/uploads\/2020\/06\/Picture1.png\",\"width\":615,\"height\":331,\"caption\":\"Anelto\"},\"image\":{\"@id\":\"https:\/\/anelto.eu\/#\/schema\/logo\/image\/\"}}]}<\/script>\n<!-- \/ Yoast SEO plugin. -->","yoast_head_json":{"title":"RAM\u00ae X-Grip\u00ae suur telefonikinnitus koos RAM\u00ae EZ-On \/ Off\u2122 jalgratta alusega - Anelto - t\u00f6\u00f6ruumi efektiivsus","robots":{"index":"index","follow":"follow","max-snippet":"max-snippet:-1","max-image-preview":"max-image-preview:large","max-video-preview":"max-video-preview:-1"},"canonical":"https:\/\/anelto.eu\/toode\/ram-x-grip-suur-telefonikinnitus-koos-ram-ez-on-off-jalgratta-alusega\/","og_locale":"en_US","og_type":"article","og_title":"RAM\u00ae X-Grip\u00ae suur telefonikinnitus koos RAM\u00ae EZ-On \/ Off\u2122 jalgratta alusega - Anelto - t\u00f6\u00f6ruumi efektiivsus","og_description":"Toote RAP-274-1-UN10 \u00fclevaade:  Pole t\u00e4htis, kuhu seiklus sind viib, on suure t\u00f5en\u00e4osusega nutitelefon k\u00e4eulatuses,  V\u00e4lirattas\u00f5idu harrastaja jaoks on RAM-i universaalne rattakinnitus k\u00f5ige t\u00e4ielikum kinnituslahendus nutitelefoni ratta k\u00fclge kinnitamiseks,  Enamiku nutitelefonidega \u00fchilduval X-Grip\u00ae kinnitus on lihtne ja nutikas neljajalgne disain, mis annab suurep\u00e4rase hoidmisv\u00f5ime, kuid v\u00f5imaldab ka telefoni h\u00f5lpsalt paigaldada v\u00f5i vabastada,  M\u00f5eldud standardsete juhtraua suuruste jaoks, kasutab kaasasoleva aluse mitmesuguste diameetrite k\u00fclge kinnitamiseks tavalisi kaablikinnitusi,  Valmistatud \u00fclitugevast komposiidist, ja on kerge,  Parima vaatenurga v\u00f5imaldamiseks reguleeritav toode sobib suurep\u00e4raselt igale jalgratturile v\u00f5i avatud raja seiklejale,","og_url":"https:\/\/anelto.eu\/toode\/ram-x-grip-suur-telefonikinnitus-koos-ram-ez-on-off-jalgratta-alusega\/","og_site_name":"Anelto - t\u00f6\u00f6ruumi efektiivsus","article_modified_time":"2021-05-27T16:01:31+00:00","og_image":[{"width":800,"height":800,"url":"https:\/\/anelto.eu\/wp-content\/uploads\/2021\/05\/RAP-274-1-UN10-1.jpg","type":"image\/jpeg"}],"twitter_card":"summary_large_image","schema":{"@context":"https:\/\/schema.org","@graph":[{"@type":"WebPage","@id":"https:\/\/anelto.eu\/toode\/ram-x-grip-suur-telefonikinnitus-koos-ram-ez-on-off-jalgratta-alusega\/","url":"https:\/\/anelto.eu\/toode\/ram-x-grip-suur-telefonikinnitus-koos-ram-ez-on-off-jalgratta-alusega\/","name":"RAM\u00ae X-Grip\u00ae suur telefonikinnitus koos RAM\u00ae EZ-On \/ Off\u2122 jalgratta alusega - Anelto - t\u00f6\u00f6ruumi efektiivsus","isPartOf":{"@id":"https:\/\/anelto.eu\/#website"},"primaryImageOfPage":{"@id":"https:\/\/anelto.eu\/toode\/ram-x-grip-suur-telefonikinnitus-koos-ram-ez-on-off-jalgratta-alusega\/#primaryimage"},"image":{"@id":"https:\/\/anelto.eu\/toode\/ram-x-grip-suur-telefonikinnitus-koos-ram-ez-on-off-jalgratta-alusega\/#primaryimage"},"thumbnailUrl":"https:\/\/anelto.eu\/wp-content\/uploads\/2021\/05\/RAP-274-1-UN10-1.jpg","datePublished":"2021-05-27T15:56:24+00:00","dateModified":"2021-05-27T16:01:31+00:00","breadcrumb":{"@id":"https:\/\/anelto.eu\/toode\/ram-x-grip-suur-telefonikinnitus-koos-ram-ez-on-off-jalgratta-alusega\/#breadcrumb"},"inLanguage":"en-US","potentialAction":[{"@type":"ReadAction","target":["https:\/\/anelto.eu\/toode\/ram-x-grip-suur-telefonikinnitus-koos-ram-ez-on-off-jalgratta-alusega\/"]}]},{"@type":"ImageObject","inLanguage":"en-US","@id":"https:\/\/anelto.eu\/toode\/ram-x-grip-suur-telefonikinnitus-koos-ram-ez-on-off-jalgratta-alusega\/#primaryimage","url":"https:\/\/anelto.eu\/wp-content\/uploads\/2021\/05\/RAP-274-1-UN10-1.jpg","contentUrl":"https:\/\/anelto.eu\/wp-content\/uploads\/2021\/05\/RAP-274-1-UN10-1.jpg","width":800,"height":800},{"@type":"BreadcrumbList","@id":"https:\/\/anelto.eu\/toode\/ram-x-grip-suur-telefonikinnitus-koos-ram-ez-on-off-jalgratta-alusega\/#breadcrumb","itemListElement":[{"@type":"ListItem","position":1,"name":"Avaleht","item":"https:\/\/anelto.eu\/"},{"@type":"ListItem","position":2,"name":"Valdkonnad","item":"https:\/\/anelto.eu\/valdkonnad\/"},{"@type":"ListItem","position":3,"name":"Mobiiltelefonide kinnitused","item":"https:\/\/anelto.eu\/tootekategooria\/mobiiltelefonide-kinnitused\/"},{"@type":"ListItem","position":4,"name":"RAM\u00ae X-Grip\u00ae suur telefonikinnitus koos RAM\u00ae EZ-On \/ Off\u2122 jalgratta alusega"}]},{"@type":"WebSite","@id":"https:\/\/anelto.eu\/#website","url":"https:\/\/anelto.eu\/","name":"Anelto - t\u00f6\u00f6ruumi efektiivsus","description":"Ergonoomiline t\u00f6\u00f6keskkond ja kinnituslahendused!","publisher":{"@id":"https:\/\/anelto.eu\/#organization"},"potentialAction":[{"@type":"SearchAction","target":{"@type":"EntryPoint","urlTemplate":"https:\/\/anelto.eu\/?s={search_term_string}"},"query-input":{"@type":"PropertyValueSpecification","valueRequired":true,"valueName":"search_term_string"}}],"inLanguage":"en-US"},{"@type":"Organization","@id":"https:\/\/anelto.eu\/#organization","name":"Anelto","url":"https:\/\/anelto.eu\/","logo":{"@type":"ImageObject","inLanguage":"en-US","@id":"https:\/\/anelto.eu\/#\/schema\/logo\/image\/","url":"https:\/\/anelto.eu\/wp-content\/uploads\/2020\/06\/Picture1.png","contentUrl":"https:\/\/anelto.eu\/wp-content\/uploads\/2020\/06\/Picture1.png","width":615,"height":331,"caption":"Anelto"},"image":{"@id":"https:\/\/anelto.eu\/#\/schema\/logo\/image\/"}}]}},"_links":{"self":[{"href":"https:\/\/anelto.eu\/en\/wp-json\/wp\/v2\/product\/5217","targetHints":{"allow":["GET"]}}],"collection":[{"href":"https:\/\/anelto.eu\/en\/wp-json\/wp\/v2\/product"}],"about":[{"href":"https:\/\/anelto.eu\/en\/wp-json\/wp\/v2\/types\/product"}],"replies":[{"embeddable":true,"href":"https:\/\/anelto.eu\/en\/wp-json\/wp\/v2\/comments?post=5217"}],"wp:featuredmedia":[{"embeddable":true,"href":"https:\/\/anelto.eu\/en\/wp-json\/wp\/v2\/media\/5224"}],"wp:attachment":[{"href":"https:\/\/anelto.eu\/en\/wp-json\/wp\/v2\/media?parent=5217"}],"wp:term":[{"taxonomy":"product_cat","embeddable":true,"href":"https:\/\/anelto.eu\/en\/wp-json\/wp\/v2\/product_cat?post=5217"},{"taxonomy":"product_tag","embeddable":true,"href":"https:\/\/anelto.eu\/en\/wp-json\/wp\/v2\/product_tag?post=5217"}],"curies":[{"name":"wp","href":"https:\/\/api.w.org\/{rel}","templated":true}]}}