{"id":5140,"date":"2021-05-27T15:07:05","date_gmt":"2021-05-27T15:07:05","guid":{"rendered":"https:\/\/anelto.eu\/?post_type=product&#038;p=5140"},"modified":"2021-05-27T15:21:25","modified_gmt":"2021-05-27T15:21:25","slug":"ram-handi-case-u-polt-kinnitusega-2","status":"publish","type":"product","link":"https:\/\/anelto.eu\/en\/toode\/ram-handi-case-u-polt-kinnitusega-2\/","title":{"rendered":"RAM\u00ae Handi-Case\u2122 U-polt kinnitusega"},"content":{"rendered":"","protected":false},"excerpt":{"rendered":"<ul>\n<li><strong>Toote RAM-149Z-HC1U \u00fclevaade:<\/strong><\/li>\n<li>Mitu kinnituspunkti \u00fcla- ja alaosas, et kinnitada \u00fcksk\u00f5ik kui palju populaarseid RAM\u00ae kuulkinnitusi v\u00f5i kinnitusplaate, tagades paindliku seadistuse,<\/li>\n<li>Kaks mugavat kinnituspunkti \u00fclaosas mobiiltelefoni, GPS-i v\u00f5i muu v\u00e4ikese elektroonikakinnituse jaoks,<\/li>\n<li>Mitu pistikupesa k\u00fclgedel ja tagak\u00fcljel v\u00f5imaldavad voolu juhtida RAM\u00ae Handi-Case \u2122 sisse v\u00f5i v\u00e4lja,<\/li>\n<li>Korpuse sees hoiuruum dokumentide, pastakate, riistvara jms hoidmiseks,<\/li>\n<li>Magnetite taskud, mida saab kasutada pastakate hoidmiseks v\u00f5i magnetiliseks kinnitamiseks<\/li>\n<\/ul>\n<p><img loading=\"lazy\" decoding=\"async\" class=\"size-full wp-image-4101 aligncenter\" src=\"https:\/\/anelto.eu\/wp-content\/uploads\/2021\/02\/RAM-pilt.png\" alt=\"\" width=\"300\" height=\"93\" \/><\/p>\n","protected":false},"featured_media":5117,"comment_status":"closed","ping_status":"closed","template":"","meta":{"_acf_changed":false},"product_cat":[68,81,75,76,77,73,74],"product_tag":[],"class_list":{"0":"post-5140","1":"product","2":"type-product","3":"status-publish","4":"has-post-thumbnail","6":"product_cat-tahvel-laptop-arvuti-kinnitused","7":"product_cat-mobiiltelefonide-kinnitused","8":"product_cat-kaamerate-kinnitused","9":"product_cat-gps-seadmete-kinnitused","10":"product_cat-kalaleidjate-kinnitused","11":"product_cat-joogitopside-kinnitused-hoidjad","12":"product_cat-ongeridva-hoidjad","14":"first","15":"instock","16":"shipping-taxable","17":"product-type-simple"},"acf":[],"yoast_head":"<!-- This site is optimized with the Yoast SEO plugin v23.9 - https:\/\/yoast.com\/wordpress\/plugins\/seo\/ -->\n<title>RAM\u00ae Handi-Case\u2122 U-polt kinnitusega - Anelto - t\u00f6\u00f6ruumi efektiivsus<\/title>\n<meta name=\"robots\" content=\"index, follow, max-snippet:-1, max-image-preview:large, max-video-preview:-1\" \/>\n<link rel=\"canonical\" href=\"https:\/\/anelto.eu\/toode\/ram-handi-case-u-polt-kinnitusega-2\/\" \/>\n<meta property=\"og:locale\" content=\"en_US\" \/>\n<meta property=\"og:type\" content=\"article\" \/>\n<meta property=\"og:title\" content=\"RAM\u00ae Handi-Case\u2122 U-polt kinnitusega - Anelto - t\u00f6\u00f6ruumi efektiivsus\" \/>\n<meta property=\"og:description\" content=\"Toote RAM-149Z-HC1U \u00fclevaade:  Mitu kinnituspunkti \u00fcla- ja alaosas, et kinnitada \u00fcksk\u00f5ik kui palju populaarseid RAM\u00ae kuulkinnitusi v\u00f5i kinnitusplaate, tagades paindliku seadistuse,  Kaks mugavat kinnituspunkti \u00fclaosas mobiiltelefoni, GPS-i v\u00f5i muu v\u00e4ikese elektroonikakinnituse jaoks,  Mitu pistikupesa k\u00fclgedel ja tagak\u00fcljel v\u00f5imaldavad voolu juhtida RAM\u00ae Handi-Case \u2122 sisse v\u00f5i v\u00e4lja,  Korpuse sees hoiuruum dokumentide, pastakate, riistvara jms hoidmiseks,  Magnetite taskud, mida saab kasutada pastakate hoidmiseks v\u00f5i magnetiliseks kinnitamiseks\" \/>\n<meta property=\"og:url\" content=\"https:\/\/anelto.eu\/toode\/ram-handi-case-u-polt-kinnitusega-2\/\" \/>\n<meta property=\"og:site_name\" content=\"Anelto - t\u00f6\u00f6ruumi efektiivsus\" \/>\n<meta property=\"article:modified_time\" content=\"2021-05-27T15:21:25+00:00\" \/>\n<meta property=\"og:image\" content=\"https:\/\/anelto.eu\/wp-content\/uploads\/2021\/05\/RAM-149Z-HC1U.jpg\" \/>\n\t<meta property=\"og:image:width\" content=\"800\" \/>\n\t<meta property=\"og:image:height\" content=\"800\" \/>\n\t<meta property=\"og:image:type\" content=\"image\/jpeg\" \/>\n<meta name=\"twitter:card\" content=\"summary_large_image\" \/>\n<script type=\"application\/ld+json\" class=\"yoast-schema-graph\">{\"@context\":\"https:\/\/schema.org\",\"@graph\":[{\"@type\":\"WebPage\",\"@id\":\"https:\/\/anelto.eu\/toode\/ram-handi-case-u-polt-kinnitusega-2\/\",\"url\":\"https:\/\/anelto.eu\/toode\/ram-handi-case-u-polt-kinnitusega-2\/\",\"name\":\"RAM\u00ae Handi-Case\u2122 U-polt kinnitusega - Anelto - t\u00f6\u00f6ruumi efektiivsus\",\"isPartOf\":{\"@id\":\"https:\/\/anelto.eu\/#website\"},\"primaryImageOfPage\":{\"@id\":\"https:\/\/anelto.eu\/toode\/ram-handi-case-u-polt-kinnitusega-2\/#primaryimage\"},\"image\":{\"@id\":\"https:\/\/anelto.eu\/toode\/ram-handi-case-u-polt-kinnitusega-2\/#primaryimage\"},\"thumbnailUrl\":\"https:\/\/anelto.eu\/wp-content\/uploads\/2021\/05\/RAM-149Z-HC1U.jpg\",\"datePublished\":\"2021-05-27T15:07:05+00:00\",\"dateModified\":\"2021-05-27T15:21:25+00:00\",\"breadcrumb\":{\"@id\":\"https:\/\/anelto.eu\/toode\/ram-handi-case-u-polt-kinnitusega-2\/#breadcrumb\"},\"inLanguage\":\"en-US\",\"potentialAction\":[{\"@type\":\"ReadAction\",\"target\":[\"https:\/\/anelto.eu\/toode\/ram-handi-case-u-polt-kinnitusega-2\/\"]}]},{\"@type\":\"ImageObject\",\"inLanguage\":\"en-US\",\"@id\":\"https:\/\/anelto.eu\/toode\/ram-handi-case-u-polt-kinnitusega-2\/#primaryimage\",\"url\":\"https:\/\/anelto.eu\/wp-content\/uploads\/2021\/05\/RAM-149Z-HC1U.jpg\",\"contentUrl\":\"https:\/\/anelto.eu\/wp-content\/uploads\/2021\/05\/RAM-149Z-HC1U.jpg\",\"width\":800,\"height\":800},{\"@type\":\"BreadcrumbList\",\"@id\":\"https:\/\/anelto.eu\/toode\/ram-handi-case-u-polt-kinnitusega-2\/#breadcrumb\",\"itemListElement\":[{\"@type\":\"ListItem\",\"position\":1,\"name\":\"Avaleht\",\"item\":\"https:\/\/anelto.eu\/\"},{\"@type\":\"ListItem\",\"position\":2,\"name\":\"Valdkonnad\",\"item\":\"https:\/\/anelto.eu\/valdkonnad\/\"},{\"@type\":\"ListItem\",\"position\":3,\"name\":\"GPS seadmete kinnitused\",\"item\":\"https:\/\/anelto.eu\/tootekategooria\/gps-seadmete-kinnitused\/\"},{\"@type\":\"ListItem\",\"position\":4,\"name\":\"RAM\u00ae Handi-Case\u2122 U-polt kinnitusega\"}]},{\"@type\":\"WebSite\",\"@id\":\"https:\/\/anelto.eu\/#website\",\"url\":\"https:\/\/anelto.eu\/\",\"name\":\"Anelto - t\u00f6\u00f6ruumi efektiivsus\",\"description\":\"Ergonoomiline t\u00f6\u00f6keskkond ja kinnituslahendused!\",\"publisher\":{\"@id\":\"https:\/\/anelto.eu\/#organization\"},\"potentialAction\":[{\"@type\":\"SearchAction\",\"target\":{\"@type\":\"EntryPoint\",\"urlTemplate\":\"https:\/\/anelto.eu\/?s={search_term_string}\"},\"query-input\":{\"@type\":\"PropertyValueSpecification\",\"valueRequired\":true,\"valueName\":\"search_term_string\"}}],\"inLanguage\":\"en-US\"},{\"@type\":\"Organization\",\"@id\":\"https:\/\/anelto.eu\/#organization\",\"name\":\"Anelto\",\"url\":\"https:\/\/anelto.eu\/\",\"logo\":{\"@type\":\"ImageObject\",\"inLanguage\":\"en-US\",\"@id\":\"https:\/\/anelto.eu\/#\/schema\/logo\/image\/\",\"url\":\"https:\/\/anelto.eu\/wp-content\/uploads\/2020\/06\/Picture1.png\",\"contentUrl\":\"https:\/\/anelto.eu\/wp-content\/uploads\/2020\/06\/Picture1.png\",\"width\":615,\"height\":331,\"caption\":\"Anelto\"},\"image\":{\"@id\":\"https:\/\/anelto.eu\/#\/schema\/logo\/image\/\"}}]}<\/script>\n<!-- \/ Yoast SEO plugin. -->","yoast_head_json":{"title":"RAM\u00ae Handi-Case\u2122 U-polt kinnitusega - Anelto - t\u00f6\u00f6ruumi efektiivsus","robots":{"index":"index","follow":"follow","max-snippet":"max-snippet:-1","max-image-preview":"max-image-preview:large","max-video-preview":"max-video-preview:-1"},"canonical":"https:\/\/anelto.eu\/toode\/ram-handi-case-u-polt-kinnitusega-2\/","og_locale":"en_US","og_type":"article","og_title":"RAM\u00ae Handi-Case\u2122 U-polt kinnitusega - Anelto - t\u00f6\u00f6ruumi efektiivsus","og_description":"Toote RAM-149Z-HC1U \u00fclevaade:  Mitu kinnituspunkti \u00fcla- ja alaosas, et kinnitada \u00fcksk\u00f5ik kui palju populaarseid RAM\u00ae kuulkinnitusi v\u00f5i kinnitusplaate, tagades paindliku seadistuse,  Kaks mugavat kinnituspunkti \u00fclaosas mobiiltelefoni, GPS-i v\u00f5i muu v\u00e4ikese elektroonikakinnituse jaoks,  Mitu pistikupesa k\u00fclgedel ja tagak\u00fcljel v\u00f5imaldavad voolu juhtida RAM\u00ae Handi-Case \u2122 sisse v\u00f5i v\u00e4lja,  Korpuse sees hoiuruum dokumentide, pastakate, riistvara jms hoidmiseks,  Magnetite taskud, mida saab kasutada pastakate hoidmiseks v\u00f5i magnetiliseks kinnitamiseks","og_url":"https:\/\/anelto.eu\/toode\/ram-handi-case-u-polt-kinnitusega-2\/","og_site_name":"Anelto - t\u00f6\u00f6ruumi efektiivsus","article_modified_time":"2021-05-27T15:21:25+00:00","og_image":[{"width":800,"height":800,"url":"https:\/\/anelto.eu\/wp-content\/uploads\/2021\/05\/RAM-149Z-HC1U.jpg","type":"image\/jpeg"}],"twitter_card":"summary_large_image","schema":{"@context":"https:\/\/schema.org","@graph":[{"@type":"WebPage","@id":"https:\/\/anelto.eu\/toode\/ram-handi-case-u-polt-kinnitusega-2\/","url":"https:\/\/anelto.eu\/toode\/ram-handi-case-u-polt-kinnitusega-2\/","name":"RAM\u00ae Handi-Case\u2122 U-polt kinnitusega - Anelto - t\u00f6\u00f6ruumi efektiivsus","isPartOf":{"@id":"https:\/\/anelto.eu\/#website"},"primaryImageOfPage":{"@id":"https:\/\/anelto.eu\/toode\/ram-handi-case-u-polt-kinnitusega-2\/#primaryimage"},"image":{"@id":"https:\/\/anelto.eu\/toode\/ram-handi-case-u-polt-kinnitusega-2\/#primaryimage"},"thumbnailUrl":"https:\/\/anelto.eu\/wp-content\/uploads\/2021\/05\/RAM-149Z-HC1U.jpg","datePublished":"2021-05-27T15:07:05+00:00","dateModified":"2021-05-27T15:21:25+00:00","breadcrumb":{"@id":"https:\/\/anelto.eu\/toode\/ram-handi-case-u-polt-kinnitusega-2\/#breadcrumb"},"inLanguage":"en-US","potentialAction":[{"@type":"ReadAction","target":["https:\/\/anelto.eu\/toode\/ram-handi-case-u-polt-kinnitusega-2\/"]}]},{"@type":"ImageObject","inLanguage":"en-US","@id":"https:\/\/anelto.eu\/toode\/ram-handi-case-u-polt-kinnitusega-2\/#primaryimage","url":"https:\/\/anelto.eu\/wp-content\/uploads\/2021\/05\/RAM-149Z-HC1U.jpg","contentUrl":"https:\/\/anelto.eu\/wp-content\/uploads\/2021\/05\/RAM-149Z-HC1U.jpg","width":800,"height":800},{"@type":"BreadcrumbList","@id":"https:\/\/anelto.eu\/toode\/ram-handi-case-u-polt-kinnitusega-2\/#breadcrumb","itemListElement":[{"@type":"ListItem","position":1,"name":"Avaleht","item":"https:\/\/anelto.eu\/"},{"@type":"ListItem","position":2,"name":"Valdkonnad","item":"https:\/\/anelto.eu\/valdkonnad\/"},{"@type":"ListItem","position":3,"name":"GPS seadmete kinnitused","item":"https:\/\/anelto.eu\/tootekategooria\/gps-seadmete-kinnitused\/"},{"@type":"ListItem","position":4,"name":"RAM\u00ae Handi-Case\u2122 U-polt kinnitusega"}]},{"@type":"WebSite","@id":"https:\/\/anelto.eu\/#website","url":"https:\/\/anelto.eu\/","name":"Anelto - t\u00f6\u00f6ruumi efektiivsus","description":"Ergonoomiline t\u00f6\u00f6keskkond ja kinnituslahendused!","publisher":{"@id":"https:\/\/anelto.eu\/#organization"},"potentialAction":[{"@type":"SearchAction","target":{"@type":"EntryPoint","urlTemplate":"https:\/\/anelto.eu\/?s={search_term_string}"},"query-input":{"@type":"PropertyValueSpecification","valueRequired":true,"valueName":"search_term_string"}}],"inLanguage":"en-US"},{"@type":"Organization","@id":"https:\/\/anelto.eu\/#organization","name":"Anelto","url":"https:\/\/anelto.eu\/","logo":{"@type":"ImageObject","inLanguage":"en-US","@id":"https:\/\/anelto.eu\/#\/schema\/logo\/image\/","url":"https:\/\/anelto.eu\/wp-content\/uploads\/2020\/06\/Picture1.png","contentUrl":"https:\/\/anelto.eu\/wp-content\/uploads\/2020\/06\/Picture1.png","width":615,"height":331,"caption":"Anelto"},"image":{"@id":"https:\/\/anelto.eu\/#\/schema\/logo\/image\/"}}]}},"_links":{"self":[{"href":"https:\/\/anelto.eu\/en\/wp-json\/wp\/v2\/product\/5140","targetHints":{"allow":["GET"]}}],"collection":[{"href":"https:\/\/anelto.eu\/en\/wp-json\/wp\/v2\/product"}],"about":[{"href":"https:\/\/anelto.eu\/en\/wp-json\/wp\/v2\/types\/product"}],"replies":[{"embeddable":true,"href":"https:\/\/anelto.eu\/en\/wp-json\/wp\/v2\/comments?post=5140"}],"wp:featuredmedia":[{"embeddable":true,"href":"https:\/\/anelto.eu\/en\/wp-json\/wp\/v2\/media\/5117"}],"wp:attachment":[{"href":"https:\/\/anelto.eu\/en\/wp-json\/wp\/v2\/media?parent=5140"}],"wp:term":[{"taxonomy":"product_cat","embeddable":true,"href":"https:\/\/anelto.eu\/en\/wp-json\/wp\/v2\/product_cat?post=5140"},{"taxonomy":"product_tag","embeddable":true,"href":"https:\/\/anelto.eu\/en\/wp-json\/wp\/v2\/product_tag?post=5140"}],"curies":[{"name":"wp","href":"https:\/\/api.w.org\/{rel}","templated":true}]}}