{"id":5024,"date":"2021-04-07T10:14:00","date_gmt":"2021-04-07T10:14:00","guid":{"rendered":"https:\/\/anelto.eu\/?post_type=product&#038;p=5024"},"modified":"2021-04-07T10:17:50","modified_gmt":"2021-04-07T10:17:50","slug":"ergonoomiline-vorkkangaga-kontoritool","status":"publish","type":"product","link":"https:\/\/anelto.eu\/en\/toode\/ergonoomiline-vorkkangaga-kontoritool\/","title":{"rendered":"Ergonoomiline v\u00f5rkkangaga kontoritool"},"content":{"rendered":"","protected":false},"excerpt":{"rendered":"<ul>\n<li>Hingav v\u00f5rgusilm: lisab \u00f5huringlust ja jahutust (eriti suveperioodil)<\/li>\n<li>Pneumaatiline istme k\u00f5rguse reguleerimine: tooli kiire ja lihtne reguleerimine<\/li>\n<li>PU rattad: v\u00f5ivad v\u00e4hem kriimustada ja sobivad ideaalselt vaipade ja puitp\u00f5randatele<\/li>\n<li>K\u00f5rge elastne vormitud vaht: optimaalse mugavuse saavutamiseks leevendab istuvat survet<\/li>\n<li>Reguleeritava k\u00f5rgusega k\u00e4etoed: kohanege erinevate suuruste ja asenditega, v\u00e4hendades v\u00e4simust<\/li>\n<li>Reguleeritav tahapoole kallutamine: kallutage tagasi, istuge sirge seljaga v\u00f5i kallutage istme alla sisseehitatud kallutatava pingutuskangiga<\/li>\n<li>Reguleeritav nimmepadi: leevendab alaseljavalusid pika istumise ajal<\/li>\n<li>Istme s\u00fcgavuse reguleerimine: pakub paremat istumiskogemust<\/li>\n<\/ul>\n<p><strong><span style=\"text-decoration: underline;\">Muud n\u00e4itajad:<\/span> <\/strong><\/p>\n<ul>\n<li>M\u00f5\u00f5tmed (LxSxK): 630x500x1000 ~ 1100mm (24,8 &#8220;x19,7&#8221; x39,4 &#8220;~ 43,3&#8221;)<\/li>\n<li>Kandej\u00f5ud: 150kg (330lbs)<\/li>\n<li>Pinnamaterjal: v\u00f5rkkangas<\/li>\n<li>K\u00e4etoe t\u00fc\u00fcp: Reguleeritava k\u00f5rgusega k\u00e4etoed<\/li>\n<li>Pneumaatilise kangi t\u00fc\u00fcp: 100 mm klassi 3 gaasit\u00f5stuk<\/li>\n<li>Aluse t\u00fc\u00fcp: 340mm nailonist alus<\/li>\n<li>Ratta t\u00fc\u00fcp: 60mm PU ratas<\/li>\n<li>V\u00e4rv: must<\/li>\n<\/ul>\n<p><img loading=\"lazy\" decoding=\"async\" class=\"size-full wp-image-4106 aligncenter\" src=\"https:\/\/anelto.eu\/wp-content\/uploads\/2021\/02\/weffy_logo-300x130-1.png\" alt=\"\" width=\"300\" height=\"130\" \/><\/p>\n","protected":false},"featured_media":5025,"comment_status":"closed","ping_status":"closed","template":"","meta":{"_acf_changed":false},"product_cat":[97],"product_tag":[],"class_list":{"0":"post-5024","1":"product","2":"type-product","3":"status-publish","4":"has-post-thumbnail","6":"product_cat-ergonoomilised-toolid-ja-jalatoed","8":"first","9":"instock","10":"shipping-taxable","11":"product-type-simple"},"acf":[],"yoast_head":"<!-- This site is optimized with the Yoast SEO plugin v23.9 - https:\/\/yoast.com\/wordpress\/plugins\/seo\/ -->\n<title>Ergonoomiline v\u00f5rkkangaga kontoritool - Anelto - t\u00f6\u00f6ruumi efektiivsus<\/title>\n<meta name=\"robots\" content=\"index, follow, max-snippet:-1, max-image-preview:large, max-video-preview:-1\" \/>\n<link rel=\"canonical\" href=\"https:\/\/anelto.eu\/toode\/ergonoomiline-vorkkangaga-kontoritool\/\" \/>\n<meta property=\"og:locale\" content=\"en_US\" \/>\n<meta property=\"og:type\" content=\"article\" \/>\n<meta property=\"og:title\" content=\"Ergonoomiline v\u00f5rkkangaga kontoritool - Anelto - t\u00f6\u00f6ruumi efektiivsus\" \/>\n<meta property=\"og:description\" content=\"Hingav v\u00f5rgusilm: lisab \u00f5huringlust ja jahutust (eriti suveperioodil)  Pneumaatiline istme k\u00f5rguse reguleerimine: tooli kiire ja lihtne reguleerimine  PU rattad: v\u00f5ivad v\u00e4hem kriimustada ja sobivad ideaalselt vaipade ja puitp\u00f5randatele  K\u00f5rge elastne vormitud vaht: optimaalse mugavuse saavutamiseks leevendab istuvat survet  Reguleeritava k\u00f5rgusega k\u00e4etoed: kohanege erinevate suuruste ja asenditega, v\u00e4hendades v\u00e4simust  Reguleeritav tahapoole kallutamine: kallutage tagasi, istuge sirge seljaga v\u00f5i kallutage istme alla sisseehitatud kallutatava pingutuskangiga  Reguleeritav nimmepadi: leevendab alaseljavalusid pika istumise ajal  Istme s\u00fcgavuse reguleerimine: pakub paremat istumiskogemust  Muud n\u00e4itajad:    M\u00f5\u00f5tmed (LxSxK): 630x500x1000 ~ 1100mm (24,8 &quot;x19,7&quot; x39,4 &quot;~ 43,3&quot;)  Kandej\u00f5ud: 150kg (330lbs)  Pinnamaterjal: v\u00f5rkkangas  K\u00e4etoe t\u00fc\u00fcp: Reguleeritava k\u00f5rgusega k\u00e4etoed  Pneumaatilise kangi t\u00fc\u00fcp: 100 mm klassi 3 gaasit\u00f5stuk  Aluse t\u00fc\u00fcp: 340mm nailonist alus  Ratta t\u00fc\u00fcp: 60mm PU ratas  V\u00e4rv: must\" \/>\n<meta property=\"og:url\" content=\"https:\/\/anelto.eu\/toode\/ergonoomiline-vorkkangaga-kontoritool\/\" \/>\n<meta property=\"og:site_name\" content=\"Anelto - t\u00f6\u00f6ruumi efektiivsus\" \/>\n<meta property=\"article:modified_time\" content=\"2021-04-07T10:17:50+00:00\" \/>\n<meta property=\"og:image\" content=\"https:\/\/anelto.eu\/wp-content\/uploads\/2021\/04\/62FDD0F3-BDA0-4CC6-8094-DC70438C08CB_500_500.jpg\" \/>\n\t<meta property=\"og:image:width\" content=\"500\" \/>\n\t<meta property=\"og:image:height\" content=\"500\" \/>\n\t<meta property=\"og:image:type\" content=\"image\/jpeg\" \/>\n<meta name=\"twitter:card\" content=\"summary_large_image\" \/>\n<script type=\"application\/ld+json\" class=\"yoast-schema-graph\">{\"@context\":\"https:\/\/schema.org\",\"@graph\":[{\"@type\":\"WebPage\",\"@id\":\"https:\/\/anelto.eu\/toode\/ergonoomiline-vorkkangaga-kontoritool\/\",\"url\":\"https:\/\/anelto.eu\/toode\/ergonoomiline-vorkkangaga-kontoritool\/\",\"name\":\"Ergonoomiline v\u00f5rkkangaga kontoritool - Anelto - t\u00f6\u00f6ruumi efektiivsus\",\"isPartOf\":{\"@id\":\"https:\/\/anelto.eu\/#website\"},\"primaryImageOfPage\":{\"@id\":\"https:\/\/anelto.eu\/toode\/ergonoomiline-vorkkangaga-kontoritool\/#primaryimage\"},\"image\":{\"@id\":\"https:\/\/anelto.eu\/toode\/ergonoomiline-vorkkangaga-kontoritool\/#primaryimage\"},\"thumbnailUrl\":\"https:\/\/anelto.eu\/wp-content\/uploads\/2021\/04\/62FDD0F3-BDA0-4CC6-8094-DC70438C08CB_500_500.jpg\",\"datePublished\":\"2021-04-07T10:14:00+00:00\",\"dateModified\":\"2021-04-07T10:17:50+00:00\",\"breadcrumb\":{\"@id\":\"https:\/\/anelto.eu\/toode\/ergonoomiline-vorkkangaga-kontoritool\/#breadcrumb\"},\"inLanguage\":\"en-US\",\"potentialAction\":[{\"@type\":\"ReadAction\",\"target\":[\"https:\/\/anelto.eu\/toode\/ergonoomiline-vorkkangaga-kontoritool\/\"]}]},{\"@type\":\"ImageObject\",\"inLanguage\":\"en-US\",\"@id\":\"https:\/\/anelto.eu\/toode\/ergonoomiline-vorkkangaga-kontoritool\/#primaryimage\",\"url\":\"https:\/\/anelto.eu\/wp-content\/uploads\/2021\/04\/62FDD0F3-BDA0-4CC6-8094-DC70438C08CB_500_500.jpg\",\"contentUrl\":\"https:\/\/anelto.eu\/wp-content\/uploads\/2021\/04\/62FDD0F3-BDA0-4CC6-8094-DC70438C08CB_500_500.jpg\",\"width\":500,\"height\":500},{\"@type\":\"BreadcrumbList\",\"@id\":\"https:\/\/anelto.eu\/toode\/ergonoomiline-vorkkangaga-kontoritool\/#breadcrumb\",\"itemListElement\":[{\"@type\":\"ListItem\",\"position\":1,\"name\":\"Avaleht\",\"item\":\"https:\/\/anelto.eu\/\"},{\"@type\":\"ListItem\",\"position\":2,\"name\":\"Valdkonnad\",\"item\":\"https:\/\/anelto.eu\/valdkonnad\/\"},{\"@type\":\"ListItem\",\"position\":3,\"name\":\"Ergonoomilised toolid ja jalatoed\",\"item\":\"https:\/\/anelto.eu\/tootekategooria\/ergonoomilised-toolid-ja-jalatoed\/\"},{\"@type\":\"ListItem\",\"position\":4,\"name\":\"Ergonoomiline v\u00f5rkkangaga kontoritool\"}]},{\"@type\":\"WebSite\",\"@id\":\"https:\/\/anelto.eu\/#website\",\"url\":\"https:\/\/anelto.eu\/\",\"name\":\"Anelto - t\u00f6\u00f6ruumi efektiivsus\",\"description\":\"Ergonoomiline t\u00f6\u00f6keskkond ja kinnituslahendused!\",\"publisher\":{\"@id\":\"https:\/\/anelto.eu\/#organization\"},\"potentialAction\":[{\"@type\":\"SearchAction\",\"target\":{\"@type\":\"EntryPoint\",\"urlTemplate\":\"https:\/\/anelto.eu\/?s={search_term_string}\"},\"query-input\":{\"@type\":\"PropertyValueSpecification\",\"valueRequired\":true,\"valueName\":\"search_term_string\"}}],\"inLanguage\":\"en-US\"},{\"@type\":\"Organization\",\"@id\":\"https:\/\/anelto.eu\/#organization\",\"name\":\"Anelto\",\"url\":\"https:\/\/anelto.eu\/\",\"logo\":{\"@type\":\"ImageObject\",\"inLanguage\":\"en-US\",\"@id\":\"https:\/\/anelto.eu\/#\/schema\/logo\/image\/\",\"url\":\"https:\/\/anelto.eu\/wp-content\/uploads\/2020\/06\/Picture1.png\",\"contentUrl\":\"https:\/\/anelto.eu\/wp-content\/uploads\/2020\/06\/Picture1.png\",\"width\":615,\"height\":331,\"caption\":\"Anelto\"},\"image\":{\"@id\":\"https:\/\/anelto.eu\/#\/schema\/logo\/image\/\"}}]}<\/script>\n<!-- \/ Yoast SEO plugin. -->","yoast_head_json":{"title":"Ergonoomiline v\u00f5rkkangaga kontoritool - Anelto - t\u00f6\u00f6ruumi efektiivsus","robots":{"index":"index","follow":"follow","max-snippet":"max-snippet:-1","max-image-preview":"max-image-preview:large","max-video-preview":"max-video-preview:-1"},"canonical":"https:\/\/anelto.eu\/toode\/ergonoomiline-vorkkangaga-kontoritool\/","og_locale":"en_US","og_type":"article","og_title":"Ergonoomiline v\u00f5rkkangaga kontoritool - Anelto - t\u00f6\u00f6ruumi efektiivsus","og_description":"Hingav v\u00f5rgusilm: lisab \u00f5huringlust ja jahutust (eriti suveperioodil)  Pneumaatiline istme k\u00f5rguse reguleerimine: tooli kiire ja lihtne reguleerimine  PU rattad: v\u00f5ivad v\u00e4hem kriimustada ja sobivad ideaalselt vaipade ja puitp\u00f5randatele  K\u00f5rge elastne vormitud vaht: optimaalse mugavuse saavutamiseks leevendab istuvat survet  Reguleeritava k\u00f5rgusega k\u00e4etoed: kohanege erinevate suuruste ja asenditega, v\u00e4hendades v\u00e4simust  Reguleeritav tahapoole kallutamine: kallutage tagasi, istuge sirge seljaga v\u00f5i kallutage istme alla sisseehitatud kallutatava pingutuskangiga  Reguleeritav nimmepadi: leevendab alaseljavalusid pika istumise ajal  Istme s\u00fcgavuse reguleerimine: pakub paremat istumiskogemust  Muud n\u00e4itajad:    M\u00f5\u00f5tmed (LxSxK): 630x500x1000 ~ 1100mm (24,8 \"x19,7\" x39,4 \"~ 43,3\")  Kandej\u00f5ud: 150kg (330lbs)  Pinnamaterjal: v\u00f5rkkangas  K\u00e4etoe t\u00fc\u00fcp: Reguleeritava k\u00f5rgusega k\u00e4etoed  Pneumaatilise kangi t\u00fc\u00fcp: 100 mm klassi 3 gaasit\u00f5stuk  Aluse t\u00fc\u00fcp: 340mm nailonist alus  Ratta t\u00fc\u00fcp: 60mm PU ratas  V\u00e4rv: must","og_url":"https:\/\/anelto.eu\/toode\/ergonoomiline-vorkkangaga-kontoritool\/","og_site_name":"Anelto - t\u00f6\u00f6ruumi efektiivsus","article_modified_time":"2021-04-07T10:17:50+00:00","og_image":[{"width":500,"height":500,"url":"https:\/\/anelto.eu\/wp-content\/uploads\/2021\/04\/62FDD0F3-BDA0-4CC6-8094-DC70438C08CB_500_500.jpg","type":"image\/jpeg"}],"twitter_card":"summary_large_image","schema":{"@context":"https:\/\/schema.org","@graph":[{"@type":"WebPage","@id":"https:\/\/anelto.eu\/toode\/ergonoomiline-vorkkangaga-kontoritool\/","url":"https:\/\/anelto.eu\/toode\/ergonoomiline-vorkkangaga-kontoritool\/","name":"Ergonoomiline v\u00f5rkkangaga kontoritool - Anelto - t\u00f6\u00f6ruumi efektiivsus","isPartOf":{"@id":"https:\/\/anelto.eu\/#website"},"primaryImageOfPage":{"@id":"https:\/\/anelto.eu\/toode\/ergonoomiline-vorkkangaga-kontoritool\/#primaryimage"},"image":{"@id":"https:\/\/anelto.eu\/toode\/ergonoomiline-vorkkangaga-kontoritool\/#primaryimage"},"thumbnailUrl":"https:\/\/anelto.eu\/wp-content\/uploads\/2021\/04\/62FDD0F3-BDA0-4CC6-8094-DC70438C08CB_500_500.jpg","datePublished":"2021-04-07T10:14:00+00:00","dateModified":"2021-04-07T10:17:50+00:00","breadcrumb":{"@id":"https:\/\/anelto.eu\/toode\/ergonoomiline-vorkkangaga-kontoritool\/#breadcrumb"},"inLanguage":"en-US","potentialAction":[{"@type":"ReadAction","target":["https:\/\/anelto.eu\/toode\/ergonoomiline-vorkkangaga-kontoritool\/"]}]},{"@type":"ImageObject","inLanguage":"en-US","@id":"https:\/\/anelto.eu\/toode\/ergonoomiline-vorkkangaga-kontoritool\/#primaryimage","url":"https:\/\/anelto.eu\/wp-content\/uploads\/2021\/04\/62FDD0F3-BDA0-4CC6-8094-DC70438C08CB_500_500.jpg","contentUrl":"https:\/\/anelto.eu\/wp-content\/uploads\/2021\/04\/62FDD0F3-BDA0-4CC6-8094-DC70438C08CB_500_500.jpg","width":500,"height":500},{"@type":"BreadcrumbList","@id":"https:\/\/anelto.eu\/toode\/ergonoomiline-vorkkangaga-kontoritool\/#breadcrumb","itemListElement":[{"@type":"ListItem","position":1,"name":"Avaleht","item":"https:\/\/anelto.eu\/"},{"@type":"ListItem","position":2,"name":"Valdkonnad","item":"https:\/\/anelto.eu\/valdkonnad\/"},{"@type":"ListItem","position":3,"name":"Ergonoomilised toolid ja jalatoed","item":"https:\/\/anelto.eu\/tootekategooria\/ergonoomilised-toolid-ja-jalatoed\/"},{"@type":"ListItem","position":4,"name":"Ergonoomiline v\u00f5rkkangaga kontoritool"}]},{"@type":"WebSite","@id":"https:\/\/anelto.eu\/#website","url":"https:\/\/anelto.eu\/","name":"Anelto - t\u00f6\u00f6ruumi efektiivsus","description":"Ergonoomiline t\u00f6\u00f6keskkond ja kinnituslahendused!","publisher":{"@id":"https:\/\/anelto.eu\/#organization"},"potentialAction":[{"@type":"SearchAction","target":{"@type":"EntryPoint","urlTemplate":"https:\/\/anelto.eu\/?s={search_term_string}"},"query-input":{"@type":"PropertyValueSpecification","valueRequired":true,"valueName":"search_term_string"}}],"inLanguage":"en-US"},{"@type":"Organization","@id":"https:\/\/anelto.eu\/#organization","name":"Anelto","url":"https:\/\/anelto.eu\/","logo":{"@type":"ImageObject","inLanguage":"en-US","@id":"https:\/\/anelto.eu\/#\/schema\/logo\/image\/","url":"https:\/\/anelto.eu\/wp-content\/uploads\/2020\/06\/Picture1.png","contentUrl":"https:\/\/anelto.eu\/wp-content\/uploads\/2020\/06\/Picture1.png","width":615,"height":331,"caption":"Anelto"},"image":{"@id":"https:\/\/anelto.eu\/#\/schema\/logo\/image\/"}}]}},"_links":{"self":[{"href":"https:\/\/anelto.eu\/en\/wp-json\/wp\/v2\/product\/5024","targetHints":{"allow":["GET"]}}],"collection":[{"href":"https:\/\/anelto.eu\/en\/wp-json\/wp\/v2\/product"}],"about":[{"href":"https:\/\/anelto.eu\/en\/wp-json\/wp\/v2\/types\/product"}],"replies":[{"embeddable":true,"href":"https:\/\/anelto.eu\/en\/wp-json\/wp\/v2\/comments?post=5024"}],"wp:featuredmedia":[{"embeddable":true,"href":"https:\/\/anelto.eu\/en\/wp-json\/wp\/v2\/media\/5025"}],"wp:attachment":[{"href":"https:\/\/anelto.eu\/en\/wp-json\/wp\/v2\/media?parent=5024"}],"wp:term":[{"taxonomy":"product_cat","embeddable":true,"href":"https:\/\/anelto.eu\/en\/wp-json\/wp\/v2\/product_cat?post=5024"},{"taxonomy":"product_tag","embeddable":true,"href":"https:\/\/anelto.eu\/en\/wp-json\/wp\/v2\/product_tag?post=5024"}],"curies":[{"name":"wp","href":"https:\/\/api.w.org\/{rel}","templated":true}]}}