{"id":5005,"date":"2021-04-07T10:09:19","date_gmt":"2021-04-07T10:09:19","guid":{"rendered":"https:\/\/anelto.eu\/?post_type=product&#038;p=5005"},"modified":"2021-04-07T10:13:51","modified_gmt":"2021-04-07T10:13:51","slug":"korge-seljatoega-ja-peatoega-vorkkangaga-kontoritool","status":"publish","type":"product","link":"https:\/\/anelto.eu\/en\/toode\/korge-seljatoega-ja-peatoega-vorkkangaga-kontoritool\/","title":{"rendered":"K\u00f5rge seljatoega ja peatoega v\u00f5rkkangaga kontoritool"},"content":{"rendered":"","protected":false},"excerpt":{"rendered":"<ul>\n<li>Disain: v\u00e4hendab selgrool\u00fcli survet mugavuse ja toe tagamiseks<\/li>\n<li>Reguleeritav peatugi: pakub head tuge peale<\/li>\n<li>Hingav v\u00f5rgusilm: lisab \u00f5huringlust ja jahutust (eriti suveperioodil)<\/li>\n<li>Reguleeritav tahapoole kallutamine: kallutage tagasi, istuge sirge seljaga v\u00f5i kallutage istme alla sisseehitatud kallutatava pingutuskangiga<\/li>\n<li>Pneumaatiline istme k\u00f5rguse reguleerimine: tooli kiire ja lihtne reguleerimine<\/li>\n<li>L\u00f6\u00f6ke neelavad nailonrattad: hea stabiilsus ja liikuvus<\/li>\n<\/ul>\n<p><strong><span style=\"text-decoration: underline;\">Muud n\u00e4itajad:<\/span> <\/strong><\/p>\n<ul>\n<li>M\u00f5\u00f5tmed (LxSxK): 580x600x1090 ~ 1190mm (22,8 &#8220;x23,6&#8221; x42,9 &#8220;~ 46,9&#8221;)<\/li>\n<li>Kandev\u00f5ime: 150kg (330lbs)<\/li>\n<li>Pinnamaterjal: v\u00f5rkkangas<\/li>\n<li>Selja kaldenurk: 135 \u00b0<\/li>\n<li>K\u00e4etoe t\u00fc\u00fcp: PP k\u00e4etugi<\/li>\n<li>Pneumaatilise kangi t\u00fc\u00fcp: 100 mm klassi 3 gaasit\u00f5stuk<\/li>\n<li>Aluse t\u00fc\u00fcp: 320 mm kroomitud alus<\/li>\n<li>Ratta t\u00fc\u00fcp: nailonratas<\/li>\n<li>V\u00e4rv: must<\/li>\n<\/ul>\n<p><img loading=\"lazy\" decoding=\"async\" class=\"size-full wp-image-4106 aligncenter\" src=\"https:\/\/anelto.eu\/wp-content\/uploads\/2021\/02\/weffy_logo-300x130-1.png\" alt=\"\" width=\"300\" height=\"130\" \/><\/p>\n","protected":false},"featured_media":5006,"comment_status":"closed","ping_status":"closed","template":"","meta":{"_acf_changed":false},"product_cat":[97],"product_tag":[],"class_list":{"0":"post-5005","1":"product","2":"type-product","3":"status-publish","4":"has-post-thumbnail","6":"product_cat-ergonoomilised-toolid-ja-jalatoed","8":"first","9":"instock","10":"shipping-taxable","11":"product-type-simple"},"acf":[],"yoast_head":"<!-- This site is optimized with the Yoast SEO plugin v23.9 - https:\/\/yoast.com\/wordpress\/plugins\/seo\/ -->\n<title>K\u00f5rge seljatoega ja peatoega v\u00f5rkkangaga kontoritool - Anelto - t\u00f6\u00f6ruumi efektiivsus<\/title>\n<meta name=\"robots\" content=\"index, follow, max-snippet:-1, max-image-preview:large, max-video-preview:-1\" \/>\n<link rel=\"canonical\" href=\"https:\/\/anelto.eu\/toode\/korge-seljatoega-ja-peatoega-vorkkangaga-kontoritool\/\" \/>\n<meta property=\"og:locale\" content=\"en_US\" \/>\n<meta property=\"og:type\" content=\"article\" \/>\n<meta property=\"og:title\" content=\"K\u00f5rge seljatoega ja peatoega v\u00f5rkkangaga kontoritool - Anelto - t\u00f6\u00f6ruumi efektiivsus\" \/>\n<meta property=\"og:description\" content=\"Disain: v\u00e4hendab selgrool\u00fcli survet mugavuse ja toe tagamiseks  Reguleeritav peatugi: pakub head tuge peale  Hingav v\u00f5rgusilm: lisab \u00f5huringlust ja jahutust (eriti suveperioodil)  Reguleeritav tahapoole kallutamine: kallutage tagasi, istuge sirge seljaga v\u00f5i kallutage istme alla sisseehitatud kallutatava pingutuskangiga  Pneumaatiline istme k\u00f5rguse reguleerimine: tooli kiire ja lihtne reguleerimine  L\u00f6\u00f6ke neelavad nailonrattad: hea stabiilsus ja liikuvus  Muud n\u00e4itajad:    M\u00f5\u00f5tmed (LxSxK): 580x600x1090 ~ 1190mm (22,8 &quot;x23,6&quot; x42,9 &quot;~ 46,9&quot;)  Kandev\u00f5ime: 150kg (330lbs)  Pinnamaterjal: v\u00f5rkkangas  Selja kaldenurk: 135 \u00b0  K\u00e4etoe t\u00fc\u00fcp: PP k\u00e4etugi  Pneumaatilise kangi t\u00fc\u00fcp: 100 mm klassi 3 gaasit\u00f5stuk  Aluse t\u00fc\u00fcp: 320 mm kroomitud alus  Ratta t\u00fc\u00fcp: nailonratas  V\u00e4rv: must\" \/>\n<meta property=\"og:url\" content=\"https:\/\/anelto.eu\/toode\/korge-seljatoega-ja-peatoega-vorkkangaga-kontoritool\/\" \/>\n<meta property=\"og:site_name\" content=\"Anelto - t\u00f6\u00f6ruumi efektiivsus\" \/>\n<meta property=\"article:modified_time\" content=\"2021-04-07T10:13:51+00:00\" \/>\n<meta property=\"og:image\" content=\"https:\/\/anelto.eu\/wp-content\/uploads\/2021\/04\/D3E53D49-F004-4D7C-9BF7-1DA665D7D9DE_500_500.jpg\" \/>\n\t<meta property=\"og:image:width\" content=\"500\" \/>\n\t<meta property=\"og:image:height\" content=\"500\" \/>\n\t<meta property=\"og:image:type\" content=\"image\/jpeg\" \/>\n<meta name=\"twitter:card\" content=\"summary_large_image\" \/>\n<script type=\"application\/ld+json\" class=\"yoast-schema-graph\">{\"@context\":\"https:\/\/schema.org\",\"@graph\":[{\"@type\":\"WebPage\",\"@id\":\"https:\/\/anelto.eu\/toode\/korge-seljatoega-ja-peatoega-vorkkangaga-kontoritool\/\",\"url\":\"https:\/\/anelto.eu\/toode\/korge-seljatoega-ja-peatoega-vorkkangaga-kontoritool\/\",\"name\":\"K\u00f5rge seljatoega ja peatoega v\u00f5rkkangaga kontoritool - Anelto - t\u00f6\u00f6ruumi efektiivsus\",\"isPartOf\":{\"@id\":\"https:\/\/anelto.eu\/#website\"},\"primaryImageOfPage\":{\"@id\":\"https:\/\/anelto.eu\/toode\/korge-seljatoega-ja-peatoega-vorkkangaga-kontoritool\/#primaryimage\"},\"image\":{\"@id\":\"https:\/\/anelto.eu\/toode\/korge-seljatoega-ja-peatoega-vorkkangaga-kontoritool\/#primaryimage\"},\"thumbnailUrl\":\"https:\/\/anelto.eu\/wp-content\/uploads\/2021\/04\/D3E53D49-F004-4D7C-9BF7-1DA665D7D9DE_500_500.jpg\",\"datePublished\":\"2021-04-07T10:09:19+00:00\",\"dateModified\":\"2021-04-07T10:13:51+00:00\",\"breadcrumb\":{\"@id\":\"https:\/\/anelto.eu\/toode\/korge-seljatoega-ja-peatoega-vorkkangaga-kontoritool\/#breadcrumb\"},\"inLanguage\":\"en-US\",\"potentialAction\":[{\"@type\":\"ReadAction\",\"target\":[\"https:\/\/anelto.eu\/toode\/korge-seljatoega-ja-peatoega-vorkkangaga-kontoritool\/\"]}]},{\"@type\":\"ImageObject\",\"inLanguage\":\"en-US\",\"@id\":\"https:\/\/anelto.eu\/toode\/korge-seljatoega-ja-peatoega-vorkkangaga-kontoritool\/#primaryimage\",\"url\":\"https:\/\/anelto.eu\/wp-content\/uploads\/2021\/04\/D3E53D49-F004-4D7C-9BF7-1DA665D7D9DE_500_500.jpg\",\"contentUrl\":\"https:\/\/anelto.eu\/wp-content\/uploads\/2021\/04\/D3E53D49-F004-4D7C-9BF7-1DA665D7D9DE_500_500.jpg\",\"width\":500,\"height\":500},{\"@type\":\"BreadcrumbList\",\"@id\":\"https:\/\/anelto.eu\/toode\/korge-seljatoega-ja-peatoega-vorkkangaga-kontoritool\/#breadcrumb\",\"itemListElement\":[{\"@type\":\"ListItem\",\"position\":1,\"name\":\"Avaleht\",\"item\":\"https:\/\/anelto.eu\/\"},{\"@type\":\"ListItem\",\"position\":2,\"name\":\"Valdkonnad\",\"item\":\"https:\/\/anelto.eu\/valdkonnad\/\"},{\"@type\":\"ListItem\",\"position\":3,\"name\":\"Ergonoomilised toolid ja jalatoed\",\"item\":\"https:\/\/anelto.eu\/tootekategooria\/ergonoomilised-toolid-ja-jalatoed\/\"},{\"@type\":\"ListItem\",\"position\":4,\"name\":\"K\u00f5rge seljatoega ja peatoega v\u00f5rkkangaga kontoritool\"}]},{\"@type\":\"WebSite\",\"@id\":\"https:\/\/anelto.eu\/#website\",\"url\":\"https:\/\/anelto.eu\/\",\"name\":\"Anelto - t\u00f6\u00f6ruumi efektiivsus\",\"description\":\"Ergonoomiline t\u00f6\u00f6keskkond ja kinnituslahendused!\",\"publisher\":{\"@id\":\"https:\/\/anelto.eu\/#organization\"},\"potentialAction\":[{\"@type\":\"SearchAction\",\"target\":{\"@type\":\"EntryPoint\",\"urlTemplate\":\"https:\/\/anelto.eu\/?s={search_term_string}\"},\"query-input\":{\"@type\":\"PropertyValueSpecification\",\"valueRequired\":true,\"valueName\":\"search_term_string\"}}],\"inLanguage\":\"en-US\"},{\"@type\":\"Organization\",\"@id\":\"https:\/\/anelto.eu\/#organization\",\"name\":\"Anelto\",\"url\":\"https:\/\/anelto.eu\/\",\"logo\":{\"@type\":\"ImageObject\",\"inLanguage\":\"en-US\",\"@id\":\"https:\/\/anelto.eu\/#\/schema\/logo\/image\/\",\"url\":\"https:\/\/anelto.eu\/wp-content\/uploads\/2020\/06\/Picture1.png\",\"contentUrl\":\"https:\/\/anelto.eu\/wp-content\/uploads\/2020\/06\/Picture1.png\",\"width\":615,\"height\":331,\"caption\":\"Anelto\"},\"image\":{\"@id\":\"https:\/\/anelto.eu\/#\/schema\/logo\/image\/\"}}]}<\/script>\n<!-- \/ Yoast SEO plugin. -->","yoast_head_json":{"title":"K\u00f5rge seljatoega ja peatoega v\u00f5rkkangaga kontoritool - Anelto - t\u00f6\u00f6ruumi efektiivsus","robots":{"index":"index","follow":"follow","max-snippet":"max-snippet:-1","max-image-preview":"max-image-preview:large","max-video-preview":"max-video-preview:-1"},"canonical":"https:\/\/anelto.eu\/toode\/korge-seljatoega-ja-peatoega-vorkkangaga-kontoritool\/","og_locale":"en_US","og_type":"article","og_title":"K\u00f5rge seljatoega ja peatoega v\u00f5rkkangaga kontoritool - Anelto - t\u00f6\u00f6ruumi efektiivsus","og_description":"Disain: v\u00e4hendab selgrool\u00fcli survet mugavuse ja toe tagamiseks  Reguleeritav peatugi: pakub head tuge peale  Hingav v\u00f5rgusilm: lisab \u00f5huringlust ja jahutust (eriti suveperioodil)  Reguleeritav tahapoole kallutamine: kallutage tagasi, istuge sirge seljaga v\u00f5i kallutage istme alla sisseehitatud kallutatava pingutuskangiga  Pneumaatiline istme k\u00f5rguse reguleerimine: tooli kiire ja lihtne reguleerimine  L\u00f6\u00f6ke neelavad nailonrattad: hea stabiilsus ja liikuvus  Muud n\u00e4itajad:    M\u00f5\u00f5tmed (LxSxK): 580x600x1090 ~ 1190mm (22,8 \"x23,6\" x42,9 \"~ 46,9\")  Kandev\u00f5ime: 150kg (330lbs)  Pinnamaterjal: v\u00f5rkkangas  Selja kaldenurk: 135 \u00b0  K\u00e4etoe t\u00fc\u00fcp: PP k\u00e4etugi  Pneumaatilise kangi t\u00fc\u00fcp: 100 mm klassi 3 gaasit\u00f5stuk  Aluse t\u00fc\u00fcp: 320 mm kroomitud alus  Ratta t\u00fc\u00fcp: nailonratas  V\u00e4rv: must","og_url":"https:\/\/anelto.eu\/toode\/korge-seljatoega-ja-peatoega-vorkkangaga-kontoritool\/","og_site_name":"Anelto - t\u00f6\u00f6ruumi efektiivsus","article_modified_time":"2021-04-07T10:13:51+00:00","og_image":[{"width":500,"height":500,"url":"https:\/\/anelto.eu\/wp-content\/uploads\/2021\/04\/D3E53D49-F004-4D7C-9BF7-1DA665D7D9DE_500_500.jpg","type":"image\/jpeg"}],"twitter_card":"summary_large_image","schema":{"@context":"https:\/\/schema.org","@graph":[{"@type":"WebPage","@id":"https:\/\/anelto.eu\/toode\/korge-seljatoega-ja-peatoega-vorkkangaga-kontoritool\/","url":"https:\/\/anelto.eu\/toode\/korge-seljatoega-ja-peatoega-vorkkangaga-kontoritool\/","name":"K\u00f5rge seljatoega ja peatoega v\u00f5rkkangaga kontoritool - Anelto - t\u00f6\u00f6ruumi efektiivsus","isPartOf":{"@id":"https:\/\/anelto.eu\/#website"},"primaryImageOfPage":{"@id":"https:\/\/anelto.eu\/toode\/korge-seljatoega-ja-peatoega-vorkkangaga-kontoritool\/#primaryimage"},"image":{"@id":"https:\/\/anelto.eu\/toode\/korge-seljatoega-ja-peatoega-vorkkangaga-kontoritool\/#primaryimage"},"thumbnailUrl":"https:\/\/anelto.eu\/wp-content\/uploads\/2021\/04\/D3E53D49-F004-4D7C-9BF7-1DA665D7D9DE_500_500.jpg","datePublished":"2021-04-07T10:09:19+00:00","dateModified":"2021-04-07T10:13:51+00:00","breadcrumb":{"@id":"https:\/\/anelto.eu\/toode\/korge-seljatoega-ja-peatoega-vorkkangaga-kontoritool\/#breadcrumb"},"inLanguage":"en-US","potentialAction":[{"@type":"ReadAction","target":["https:\/\/anelto.eu\/toode\/korge-seljatoega-ja-peatoega-vorkkangaga-kontoritool\/"]}]},{"@type":"ImageObject","inLanguage":"en-US","@id":"https:\/\/anelto.eu\/toode\/korge-seljatoega-ja-peatoega-vorkkangaga-kontoritool\/#primaryimage","url":"https:\/\/anelto.eu\/wp-content\/uploads\/2021\/04\/D3E53D49-F004-4D7C-9BF7-1DA665D7D9DE_500_500.jpg","contentUrl":"https:\/\/anelto.eu\/wp-content\/uploads\/2021\/04\/D3E53D49-F004-4D7C-9BF7-1DA665D7D9DE_500_500.jpg","width":500,"height":500},{"@type":"BreadcrumbList","@id":"https:\/\/anelto.eu\/toode\/korge-seljatoega-ja-peatoega-vorkkangaga-kontoritool\/#breadcrumb","itemListElement":[{"@type":"ListItem","position":1,"name":"Avaleht","item":"https:\/\/anelto.eu\/"},{"@type":"ListItem","position":2,"name":"Valdkonnad","item":"https:\/\/anelto.eu\/valdkonnad\/"},{"@type":"ListItem","position":3,"name":"Ergonoomilised toolid ja jalatoed","item":"https:\/\/anelto.eu\/tootekategooria\/ergonoomilised-toolid-ja-jalatoed\/"},{"@type":"ListItem","position":4,"name":"K\u00f5rge seljatoega ja peatoega v\u00f5rkkangaga kontoritool"}]},{"@type":"WebSite","@id":"https:\/\/anelto.eu\/#website","url":"https:\/\/anelto.eu\/","name":"Anelto - t\u00f6\u00f6ruumi efektiivsus","description":"Ergonoomiline t\u00f6\u00f6keskkond ja kinnituslahendused!","publisher":{"@id":"https:\/\/anelto.eu\/#organization"},"potentialAction":[{"@type":"SearchAction","target":{"@type":"EntryPoint","urlTemplate":"https:\/\/anelto.eu\/?s={search_term_string}"},"query-input":{"@type":"PropertyValueSpecification","valueRequired":true,"valueName":"search_term_string"}}],"inLanguage":"en-US"},{"@type":"Organization","@id":"https:\/\/anelto.eu\/#organization","name":"Anelto","url":"https:\/\/anelto.eu\/","logo":{"@type":"ImageObject","inLanguage":"en-US","@id":"https:\/\/anelto.eu\/#\/schema\/logo\/image\/","url":"https:\/\/anelto.eu\/wp-content\/uploads\/2020\/06\/Picture1.png","contentUrl":"https:\/\/anelto.eu\/wp-content\/uploads\/2020\/06\/Picture1.png","width":615,"height":331,"caption":"Anelto"},"image":{"@id":"https:\/\/anelto.eu\/#\/schema\/logo\/image\/"}}]}},"_links":{"self":[{"href":"https:\/\/anelto.eu\/en\/wp-json\/wp\/v2\/product\/5005","targetHints":{"allow":["GET"]}}],"collection":[{"href":"https:\/\/anelto.eu\/en\/wp-json\/wp\/v2\/product"}],"about":[{"href":"https:\/\/anelto.eu\/en\/wp-json\/wp\/v2\/types\/product"}],"replies":[{"embeddable":true,"href":"https:\/\/anelto.eu\/en\/wp-json\/wp\/v2\/comments?post=5005"}],"wp:featuredmedia":[{"embeddable":true,"href":"https:\/\/anelto.eu\/en\/wp-json\/wp\/v2\/media\/5006"}],"wp:attachment":[{"href":"https:\/\/anelto.eu\/en\/wp-json\/wp\/v2\/media?parent=5005"}],"wp:term":[{"taxonomy":"product_cat","embeddable":true,"href":"https:\/\/anelto.eu\/en\/wp-json\/wp\/v2\/product_cat?post=5005"},{"taxonomy":"product_tag","embeddable":true,"href":"https:\/\/anelto.eu\/en\/wp-json\/wp\/v2\/product_tag?post=5005"}],"curies":[{"name":"wp","href":"https:\/\/api.w.org\/{rel}","templated":true}]}}