{"id":4977,"date":"2021-04-07T09:59:41","date_gmt":"2021-04-07T09:59:41","guid":{"rendered":"https:\/\/anelto.eu\/?post_type=product&#038;p=4977"},"modified":"2021-04-07T10:03:17","modified_gmt":"2021-04-07T10:03:17","slug":"ergonoomiline-korguses-reguleeritav-kiigutatav-tool","status":"publish","type":"product","link":"https:\/\/anelto.eu\/en\/toode\/ergonoomiline-korguses-reguleeritav-kiigutatav-tool\/","title":{"rendered":"Ergonoomiline k\u00f5rguses reguleeritav kiigutatav tool"},"content":{"rendered":"","protected":false},"excerpt":{"rendered":"<ul>\n<li>Riidest polsterdatud iste: optimaalse mugavuse saavutamiseks leevendab istumisel survet<\/li>\n<li>\u00d5hu-t\u00f5ste kolbmehhanism: istme k\u00f5rguse kiireks reguleerimiseks<\/li>\n<li>V\u00f5imaldab 360 \u00b0 p\u00f6\u00f6ramist ja kallutamist, et toetada liikumist ja seel\u00e4bi tervislikumat eluviisi<\/li>\n<\/ul>\n<p><strong><span style=\"text-decoration: underline;\">Muud n\u00e4itajad:<\/span> <\/strong><\/p>\n<ul>\n<li>M\u00f5\u00f5tmed (LxSxK): 355x355x550-750mm (14 &#8220;x14&#8221; x21,7 &#8220;-29,5&#8221;)<\/li>\n<li>Kandev\u00f5ime: 100kg (220lbs)<\/li>\n<li>Pinnamaterjal: pol\u00fcesterkiud<\/li>\n<li>Pneumaatilise kangi t\u00fc\u00fcp: 200 mm klassi 3 gaasit\u00f5stuk<\/li>\n<li>Aluse t\u00fc\u00fcp: nailonist plastist alus<\/li>\n<li>V\u00e4rv: must<\/li>\n<\/ul>\n<p><img loading=\"lazy\" decoding=\"async\" class=\"size-full wp-image-4106 aligncenter\" src=\"https:\/\/anelto.eu\/wp-content\/uploads\/2021\/02\/weffy_logo-300x130-1.png\" alt=\"\" width=\"300\" height=\"130\" \/><\/p>\n","protected":false},"featured_media":4978,"comment_status":"closed","ping_status":"closed","template":"","meta":{"_acf_changed":false},"product_cat":[97],"product_tag":[],"class_list":{"0":"post-4977","1":"product","2":"type-product","3":"status-publish","4":"has-post-thumbnail","6":"product_cat-ergonoomilised-toolid-ja-jalatoed","8":"first","9":"instock","10":"shipping-taxable","11":"product-type-simple"},"acf":[],"yoast_head":"<!-- This site is optimized with the Yoast SEO plugin v23.9 - https:\/\/yoast.com\/wordpress\/plugins\/seo\/ -->\n<title>Ergonoomiline k\u00f5rguses reguleeritav kiigutatav tool - Anelto - t\u00f6\u00f6ruumi efektiivsus<\/title>\n<meta name=\"robots\" content=\"index, follow, max-snippet:-1, max-image-preview:large, max-video-preview:-1\" \/>\n<link rel=\"canonical\" href=\"https:\/\/anelto.eu\/toode\/ergonoomiline-korguses-reguleeritav-kiigutatav-tool\/\" \/>\n<meta property=\"og:locale\" content=\"en_US\" \/>\n<meta property=\"og:type\" content=\"article\" \/>\n<meta property=\"og:title\" content=\"Ergonoomiline k\u00f5rguses reguleeritav kiigutatav tool - Anelto - t\u00f6\u00f6ruumi efektiivsus\" \/>\n<meta property=\"og:description\" content=\"Riidest polsterdatud iste: optimaalse mugavuse saavutamiseks leevendab istumisel survet  \u00d5hu-t\u00f5ste kolbmehhanism: istme k\u00f5rguse kiireks reguleerimiseks  V\u00f5imaldab 360 \u00b0 p\u00f6\u00f6ramist ja kallutamist, et toetada liikumist ja seel\u00e4bi tervislikumat eluviisi  Muud n\u00e4itajad:    M\u00f5\u00f5tmed (LxSxK): 355x355x550-750mm (14 &quot;x14&quot; x21,7 &quot;-29,5&quot;)  Kandev\u00f5ime: 100kg (220lbs)  Pinnamaterjal: pol\u00fcesterkiud  Pneumaatilise kangi t\u00fc\u00fcp: 200 mm klassi 3 gaasit\u00f5stuk  Aluse t\u00fc\u00fcp: nailonist plastist alus  V\u00e4rv: must\" \/>\n<meta property=\"og:url\" content=\"https:\/\/anelto.eu\/toode\/ergonoomiline-korguses-reguleeritav-kiigutatav-tool\/\" \/>\n<meta property=\"og:site_name\" content=\"Anelto - t\u00f6\u00f6ruumi efektiivsus\" \/>\n<meta property=\"article:modified_time\" content=\"2021-04-07T10:03:17+00:00\" \/>\n<meta property=\"og:image\" content=\"https:\/\/anelto.eu\/wp-content\/uploads\/2021\/04\/A481F1D6-7AAC-4D94-B055-0A3A4AC635EE_500_500.jpg\" \/>\n\t<meta property=\"og:image:width\" content=\"500\" \/>\n\t<meta property=\"og:image:height\" content=\"500\" \/>\n\t<meta property=\"og:image:type\" content=\"image\/jpeg\" \/>\n<meta name=\"twitter:card\" content=\"summary_large_image\" \/>\n<script type=\"application\/ld+json\" class=\"yoast-schema-graph\">{\"@context\":\"https:\/\/schema.org\",\"@graph\":[{\"@type\":\"WebPage\",\"@id\":\"https:\/\/anelto.eu\/toode\/ergonoomiline-korguses-reguleeritav-kiigutatav-tool\/\",\"url\":\"https:\/\/anelto.eu\/toode\/ergonoomiline-korguses-reguleeritav-kiigutatav-tool\/\",\"name\":\"Ergonoomiline k\u00f5rguses reguleeritav kiigutatav tool - Anelto - t\u00f6\u00f6ruumi efektiivsus\",\"isPartOf\":{\"@id\":\"https:\/\/anelto.eu\/#website\"},\"primaryImageOfPage\":{\"@id\":\"https:\/\/anelto.eu\/toode\/ergonoomiline-korguses-reguleeritav-kiigutatav-tool\/#primaryimage\"},\"image\":{\"@id\":\"https:\/\/anelto.eu\/toode\/ergonoomiline-korguses-reguleeritav-kiigutatav-tool\/#primaryimage\"},\"thumbnailUrl\":\"https:\/\/anelto.eu\/wp-content\/uploads\/2021\/04\/A481F1D6-7AAC-4D94-B055-0A3A4AC635EE_500_500.jpg\",\"datePublished\":\"2021-04-07T09:59:41+00:00\",\"dateModified\":\"2021-04-07T10:03:17+00:00\",\"breadcrumb\":{\"@id\":\"https:\/\/anelto.eu\/toode\/ergonoomiline-korguses-reguleeritav-kiigutatav-tool\/#breadcrumb\"},\"inLanguage\":\"en-US\",\"potentialAction\":[{\"@type\":\"ReadAction\",\"target\":[\"https:\/\/anelto.eu\/toode\/ergonoomiline-korguses-reguleeritav-kiigutatav-tool\/\"]}]},{\"@type\":\"ImageObject\",\"inLanguage\":\"en-US\",\"@id\":\"https:\/\/anelto.eu\/toode\/ergonoomiline-korguses-reguleeritav-kiigutatav-tool\/#primaryimage\",\"url\":\"https:\/\/anelto.eu\/wp-content\/uploads\/2021\/04\/A481F1D6-7AAC-4D94-B055-0A3A4AC635EE_500_500.jpg\",\"contentUrl\":\"https:\/\/anelto.eu\/wp-content\/uploads\/2021\/04\/A481F1D6-7AAC-4D94-B055-0A3A4AC635EE_500_500.jpg\",\"width\":500,\"height\":500},{\"@type\":\"BreadcrumbList\",\"@id\":\"https:\/\/anelto.eu\/toode\/ergonoomiline-korguses-reguleeritav-kiigutatav-tool\/#breadcrumb\",\"itemListElement\":[{\"@type\":\"ListItem\",\"position\":1,\"name\":\"Avaleht\",\"item\":\"https:\/\/anelto.eu\/\"},{\"@type\":\"ListItem\",\"position\":2,\"name\":\"Valdkonnad\",\"item\":\"https:\/\/anelto.eu\/valdkonnad\/\"},{\"@type\":\"ListItem\",\"position\":3,\"name\":\"Ergonoomilised toolid ja jalatoed\",\"item\":\"https:\/\/anelto.eu\/tootekategooria\/ergonoomilised-toolid-ja-jalatoed\/\"},{\"@type\":\"ListItem\",\"position\":4,\"name\":\"Ergonoomiline k\u00f5rguses reguleeritav kiigutatav tool\"}]},{\"@type\":\"WebSite\",\"@id\":\"https:\/\/anelto.eu\/#website\",\"url\":\"https:\/\/anelto.eu\/\",\"name\":\"Anelto - t\u00f6\u00f6ruumi efektiivsus\",\"description\":\"Ergonoomiline t\u00f6\u00f6keskkond ja kinnituslahendused!\",\"publisher\":{\"@id\":\"https:\/\/anelto.eu\/#organization\"},\"potentialAction\":[{\"@type\":\"SearchAction\",\"target\":{\"@type\":\"EntryPoint\",\"urlTemplate\":\"https:\/\/anelto.eu\/?s={search_term_string}\"},\"query-input\":{\"@type\":\"PropertyValueSpecification\",\"valueRequired\":true,\"valueName\":\"search_term_string\"}}],\"inLanguage\":\"en-US\"},{\"@type\":\"Organization\",\"@id\":\"https:\/\/anelto.eu\/#organization\",\"name\":\"Anelto\",\"url\":\"https:\/\/anelto.eu\/\",\"logo\":{\"@type\":\"ImageObject\",\"inLanguage\":\"en-US\",\"@id\":\"https:\/\/anelto.eu\/#\/schema\/logo\/image\/\",\"url\":\"https:\/\/anelto.eu\/wp-content\/uploads\/2020\/06\/Picture1.png\",\"contentUrl\":\"https:\/\/anelto.eu\/wp-content\/uploads\/2020\/06\/Picture1.png\",\"width\":615,\"height\":331,\"caption\":\"Anelto\"},\"image\":{\"@id\":\"https:\/\/anelto.eu\/#\/schema\/logo\/image\/\"}}]}<\/script>\n<!-- \/ Yoast SEO plugin. -->","yoast_head_json":{"title":"Ergonoomiline k\u00f5rguses reguleeritav kiigutatav tool - Anelto - t\u00f6\u00f6ruumi efektiivsus","robots":{"index":"index","follow":"follow","max-snippet":"max-snippet:-1","max-image-preview":"max-image-preview:large","max-video-preview":"max-video-preview:-1"},"canonical":"https:\/\/anelto.eu\/toode\/ergonoomiline-korguses-reguleeritav-kiigutatav-tool\/","og_locale":"en_US","og_type":"article","og_title":"Ergonoomiline k\u00f5rguses reguleeritav kiigutatav tool - Anelto - t\u00f6\u00f6ruumi efektiivsus","og_description":"Riidest polsterdatud iste: optimaalse mugavuse saavutamiseks leevendab istumisel survet  \u00d5hu-t\u00f5ste kolbmehhanism: istme k\u00f5rguse kiireks reguleerimiseks  V\u00f5imaldab 360 \u00b0 p\u00f6\u00f6ramist ja kallutamist, et toetada liikumist ja seel\u00e4bi tervislikumat eluviisi  Muud n\u00e4itajad:    M\u00f5\u00f5tmed (LxSxK): 355x355x550-750mm (14 \"x14\" x21,7 \"-29,5\")  Kandev\u00f5ime: 100kg (220lbs)  Pinnamaterjal: pol\u00fcesterkiud  Pneumaatilise kangi t\u00fc\u00fcp: 200 mm klassi 3 gaasit\u00f5stuk  Aluse t\u00fc\u00fcp: nailonist plastist alus  V\u00e4rv: must","og_url":"https:\/\/anelto.eu\/toode\/ergonoomiline-korguses-reguleeritav-kiigutatav-tool\/","og_site_name":"Anelto - t\u00f6\u00f6ruumi efektiivsus","article_modified_time":"2021-04-07T10:03:17+00:00","og_image":[{"width":500,"height":500,"url":"https:\/\/anelto.eu\/wp-content\/uploads\/2021\/04\/A481F1D6-7AAC-4D94-B055-0A3A4AC635EE_500_500.jpg","type":"image\/jpeg"}],"twitter_card":"summary_large_image","schema":{"@context":"https:\/\/schema.org","@graph":[{"@type":"WebPage","@id":"https:\/\/anelto.eu\/toode\/ergonoomiline-korguses-reguleeritav-kiigutatav-tool\/","url":"https:\/\/anelto.eu\/toode\/ergonoomiline-korguses-reguleeritav-kiigutatav-tool\/","name":"Ergonoomiline k\u00f5rguses reguleeritav kiigutatav tool - Anelto - t\u00f6\u00f6ruumi efektiivsus","isPartOf":{"@id":"https:\/\/anelto.eu\/#website"},"primaryImageOfPage":{"@id":"https:\/\/anelto.eu\/toode\/ergonoomiline-korguses-reguleeritav-kiigutatav-tool\/#primaryimage"},"image":{"@id":"https:\/\/anelto.eu\/toode\/ergonoomiline-korguses-reguleeritav-kiigutatav-tool\/#primaryimage"},"thumbnailUrl":"https:\/\/anelto.eu\/wp-content\/uploads\/2021\/04\/A481F1D6-7AAC-4D94-B055-0A3A4AC635EE_500_500.jpg","datePublished":"2021-04-07T09:59:41+00:00","dateModified":"2021-04-07T10:03:17+00:00","breadcrumb":{"@id":"https:\/\/anelto.eu\/toode\/ergonoomiline-korguses-reguleeritav-kiigutatav-tool\/#breadcrumb"},"inLanguage":"en-US","potentialAction":[{"@type":"ReadAction","target":["https:\/\/anelto.eu\/toode\/ergonoomiline-korguses-reguleeritav-kiigutatav-tool\/"]}]},{"@type":"ImageObject","inLanguage":"en-US","@id":"https:\/\/anelto.eu\/toode\/ergonoomiline-korguses-reguleeritav-kiigutatav-tool\/#primaryimage","url":"https:\/\/anelto.eu\/wp-content\/uploads\/2021\/04\/A481F1D6-7AAC-4D94-B055-0A3A4AC635EE_500_500.jpg","contentUrl":"https:\/\/anelto.eu\/wp-content\/uploads\/2021\/04\/A481F1D6-7AAC-4D94-B055-0A3A4AC635EE_500_500.jpg","width":500,"height":500},{"@type":"BreadcrumbList","@id":"https:\/\/anelto.eu\/toode\/ergonoomiline-korguses-reguleeritav-kiigutatav-tool\/#breadcrumb","itemListElement":[{"@type":"ListItem","position":1,"name":"Avaleht","item":"https:\/\/anelto.eu\/"},{"@type":"ListItem","position":2,"name":"Valdkonnad","item":"https:\/\/anelto.eu\/valdkonnad\/"},{"@type":"ListItem","position":3,"name":"Ergonoomilised toolid ja jalatoed","item":"https:\/\/anelto.eu\/tootekategooria\/ergonoomilised-toolid-ja-jalatoed\/"},{"@type":"ListItem","position":4,"name":"Ergonoomiline k\u00f5rguses reguleeritav kiigutatav tool"}]},{"@type":"WebSite","@id":"https:\/\/anelto.eu\/#website","url":"https:\/\/anelto.eu\/","name":"Anelto - t\u00f6\u00f6ruumi efektiivsus","description":"Ergonoomiline t\u00f6\u00f6keskkond ja kinnituslahendused!","publisher":{"@id":"https:\/\/anelto.eu\/#organization"},"potentialAction":[{"@type":"SearchAction","target":{"@type":"EntryPoint","urlTemplate":"https:\/\/anelto.eu\/?s={search_term_string}"},"query-input":{"@type":"PropertyValueSpecification","valueRequired":true,"valueName":"search_term_string"}}],"inLanguage":"en-US"},{"@type":"Organization","@id":"https:\/\/anelto.eu\/#organization","name":"Anelto","url":"https:\/\/anelto.eu\/","logo":{"@type":"ImageObject","inLanguage":"en-US","@id":"https:\/\/anelto.eu\/#\/schema\/logo\/image\/","url":"https:\/\/anelto.eu\/wp-content\/uploads\/2020\/06\/Picture1.png","contentUrl":"https:\/\/anelto.eu\/wp-content\/uploads\/2020\/06\/Picture1.png","width":615,"height":331,"caption":"Anelto"},"image":{"@id":"https:\/\/anelto.eu\/#\/schema\/logo\/image\/"}}]}},"_links":{"self":[{"href":"https:\/\/anelto.eu\/en\/wp-json\/wp\/v2\/product\/4977","targetHints":{"allow":["GET"]}}],"collection":[{"href":"https:\/\/anelto.eu\/en\/wp-json\/wp\/v2\/product"}],"about":[{"href":"https:\/\/anelto.eu\/en\/wp-json\/wp\/v2\/types\/product"}],"replies":[{"embeddable":true,"href":"https:\/\/anelto.eu\/en\/wp-json\/wp\/v2\/comments?post=4977"}],"wp:featuredmedia":[{"embeddable":true,"href":"https:\/\/anelto.eu\/en\/wp-json\/wp\/v2\/media\/4978"}],"wp:attachment":[{"href":"https:\/\/anelto.eu\/en\/wp-json\/wp\/v2\/media?parent=4977"}],"wp:term":[{"taxonomy":"product_cat","embeddable":true,"href":"https:\/\/anelto.eu\/en\/wp-json\/wp\/v2\/product_cat?post=4977"},{"taxonomy":"product_tag","embeddable":true,"href":"https:\/\/anelto.eu\/en\/wp-json\/wp\/v2\/product_tag?post=4977"}],"curies":[{"name":"wp","href":"https:\/\/api.w.org\/{rel}","templated":true}]}}