{"id":4956,"date":"2021-04-07T09:53:16","date_gmt":"2021-04-07T09:53:16","guid":{"rendered":"https:\/\/anelto.eu\/?post_type=product&#038;p=4956"},"modified":"2021-04-07T09:59:09","modified_gmt":"2021-04-07T09:59:09","slug":"kunstnahast-kontoritool","status":"publish","type":"product","link":"https:\/\/anelto.eu\/en\/toode\/kunstnahast-kontoritool\/","title":{"rendered":"Kunstnahast kontoritool"},"content":{"rendered":"","protected":false},"excerpt":{"rendered":"<ul>\n<li>Eemaldatav peatoe padi: kaela mugavuse ja toe tagamiseks<\/li>\n<li>Reguleeritav tahapoole kallutamine: kallutage tagasi, istuge sirge seljaga v\u00f5i kallutage istme alla sisseehitatud kallutatava pingutuskangiga<\/li>\n<li>Hingav v\u00f5rgusilm seljatoes: lisab \u00f5huringlust ja jahutust (eriti suveperioodil)<\/li>\n<li>P\u00f6\u00f6ratav k\u00e4etugi: k\u00e4etoed ruumi s\u00e4\u00e4stmiseks \u00fcles ja tool tooli laua alla<\/li>\n<li>L\u00f6\u00f6kide neelavad nailonrattad: v\u00f5imaldavad suurt stabiilsust ja liikuvust<\/li>\n<\/ul>\n<p><strong><span style=\"text-decoration: underline;\">Muud n\u00e4itajad:<\/span> <\/strong><\/p>\n<ul>\n<li>M\u00f5\u00f5tmed (LxSxK): 660x700x1140 ~ 1240mm (26 &#8220;x27,6&#8221; x44,9 &#8220;~ 48,8&#8221;)<\/li>\n<li>Kandej\u00f5ud: 150kg (330lbs)<\/li>\n<li>Pinna materjal: PU nahk<\/li>\n<li>Selja kaldenurk: 135 \u00b0<\/li>\n<li>K\u00e4etoe t\u00fc\u00fcp: PU nahast polsterdatud k\u00e4etoed<\/li>\n<li>Pneumaatilise kangi t\u00fc\u00fcp: 100 mm klassi 3 gaasit\u00f5stuk<\/li>\n<li>Aluse t\u00fc\u00fcp: 350 mm nailonist maalimisalus<\/li>\n<li>Ratta t\u00fc\u00fcp: nailonratas<\/li>\n<li>V\u00e4rv: must-punane<\/li>\n<\/ul>\n<p><img loading=\"lazy\" decoding=\"async\" class=\"size-full wp-image-4106 aligncenter\" src=\"https:\/\/anelto.eu\/wp-content\/uploads\/2021\/02\/weffy_logo-300x130-1.png\" alt=\"\" width=\"300\" height=\"130\" \/><\/p>\n","protected":false},"featured_media":4957,"comment_status":"closed","ping_status":"closed","template":"","meta":{"_acf_changed":false},"product_cat":[97],"product_tag":[],"class_list":{"0":"post-4956","1":"product","2":"type-product","3":"status-publish","4":"has-post-thumbnail","6":"product_cat-ergonoomilised-toolid-ja-jalatoed","8":"first","9":"instock","10":"shipping-taxable","11":"product-type-simple"},"acf":[],"yoast_head":"<!-- This site is optimized with the Yoast SEO plugin v23.9 - https:\/\/yoast.com\/wordpress\/plugins\/seo\/ -->\n<title>Kunstnahast kontoritool - Anelto - t\u00f6\u00f6ruumi efektiivsus<\/title>\n<meta name=\"robots\" content=\"index, follow, max-snippet:-1, max-image-preview:large, max-video-preview:-1\" \/>\n<link rel=\"canonical\" href=\"https:\/\/anelto.eu\/toode\/kunstnahast-kontoritool\/\" \/>\n<meta property=\"og:locale\" content=\"en_US\" \/>\n<meta property=\"og:type\" content=\"article\" \/>\n<meta property=\"og:title\" content=\"Kunstnahast kontoritool - Anelto - t\u00f6\u00f6ruumi efektiivsus\" \/>\n<meta property=\"og:description\" content=\"Eemaldatav peatoe padi: kaela mugavuse ja toe tagamiseks  Reguleeritav tahapoole kallutamine: kallutage tagasi, istuge sirge seljaga v\u00f5i kallutage istme alla sisseehitatud kallutatava pingutuskangiga  Hingav v\u00f5rgusilm seljatoes: lisab \u00f5huringlust ja jahutust (eriti suveperioodil)  P\u00f6\u00f6ratav k\u00e4etugi: k\u00e4etoed ruumi s\u00e4\u00e4stmiseks \u00fcles ja tool tooli laua alla  L\u00f6\u00f6kide neelavad nailonrattad: v\u00f5imaldavad suurt stabiilsust ja liikuvust  Muud n\u00e4itajad:    M\u00f5\u00f5tmed (LxSxK): 660x700x1140 ~ 1240mm (26 &quot;x27,6&quot; x44,9 &quot;~ 48,8&quot;)  Kandej\u00f5ud: 150kg (330lbs)  Pinna materjal: PU nahk  Selja kaldenurk: 135 \u00b0  K\u00e4etoe t\u00fc\u00fcp: PU nahast polsterdatud k\u00e4etoed  Pneumaatilise kangi t\u00fc\u00fcp: 100 mm klassi 3 gaasit\u00f5stuk  Aluse t\u00fc\u00fcp: 350 mm nailonist maalimisalus  Ratta t\u00fc\u00fcp: nailonratas  V\u00e4rv: must-punane\" \/>\n<meta property=\"og:url\" content=\"https:\/\/anelto.eu\/toode\/kunstnahast-kontoritool\/\" \/>\n<meta property=\"og:site_name\" content=\"Anelto - t\u00f6\u00f6ruumi efektiivsus\" \/>\n<meta property=\"article:modified_time\" content=\"2021-04-07T09:59:09+00:00\" \/>\n<meta property=\"og:image\" content=\"https:\/\/anelto.eu\/wp-content\/uploads\/2021\/04\/235FF0F9-F236-4E8F-B57C-AC8FCA649A44_500_500.jpg\" \/>\n\t<meta property=\"og:image:width\" content=\"500\" \/>\n\t<meta property=\"og:image:height\" content=\"500\" \/>\n\t<meta property=\"og:image:type\" content=\"image\/jpeg\" \/>\n<meta name=\"twitter:card\" content=\"summary_large_image\" \/>\n<script type=\"application\/ld+json\" class=\"yoast-schema-graph\">{\"@context\":\"https:\/\/schema.org\",\"@graph\":[{\"@type\":\"WebPage\",\"@id\":\"https:\/\/anelto.eu\/toode\/kunstnahast-kontoritool\/\",\"url\":\"https:\/\/anelto.eu\/toode\/kunstnahast-kontoritool\/\",\"name\":\"Kunstnahast kontoritool - Anelto - t\u00f6\u00f6ruumi efektiivsus\",\"isPartOf\":{\"@id\":\"https:\/\/anelto.eu\/#website\"},\"primaryImageOfPage\":{\"@id\":\"https:\/\/anelto.eu\/toode\/kunstnahast-kontoritool\/#primaryimage\"},\"image\":{\"@id\":\"https:\/\/anelto.eu\/toode\/kunstnahast-kontoritool\/#primaryimage\"},\"thumbnailUrl\":\"https:\/\/anelto.eu\/wp-content\/uploads\/2021\/04\/235FF0F9-F236-4E8F-B57C-AC8FCA649A44_500_500.jpg\",\"datePublished\":\"2021-04-07T09:53:16+00:00\",\"dateModified\":\"2021-04-07T09:59:09+00:00\",\"breadcrumb\":{\"@id\":\"https:\/\/anelto.eu\/toode\/kunstnahast-kontoritool\/#breadcrumb\"},\"inLanguage\":\"en-US\",\"potentialAction\":[{\"@type\":\"ReadAction\",\"target\":[\"https:\/\/anelto.eu\/toode\/kunstnahast-kontoritool\/\"]}]},{\"@type\":\"ImageObject\",\"inLanguage\":\"en-US\",\"@id\":\"https:\/\/anelto.eu\/toode\/kunstnahast-kontoritool\/#primaryimage\",\"url\":\"https:\/\/anelto.eu\/wp-content\/uploads\/2021\/04\/235FF0F9-F236-4E8F-B57C-AC8FCA649A44_500_500.jpg\",\"contentUrl\":\"https:\/\/anelto.eu\/wp-content\/uploads\/2021\/04\/235FF0F9-F236-4E8F-B57C-AC8FCA649A44_500_500.jpg\",\"width\":500,\"height\":500},{\"@type\":\"BreadcrumbList\",\"@id\":\"https:\/\/anelto.eu\/toode\/kunstnahast-kontoritool\/#breadcrumb\",\"itemListElement\":[{\"@type\":\"ListItem\",\"position\":1,\"name\":\"Avaleht\",\"item\":\"https:\/\/anelto.eu\/\"},{\"@type\":\"ListItem\",\"position\":2,\"name\":\"Valdkonnad\",\"item\":\"https:\/\/anelto.eu\/valdkonnad\/\"},{\"@type\":\"ListItem\",\"position\":3,\"name\":\"Ergonoomilised toolid ja jalatoed\",\"item\":\"https:\/\/anelto.eu\/tootekategooria\/ergonoomilised-toolid-ja-jalatoed\/\"},{\"@type\":\"ListItem\",\"position\":4,\"name\":\"Kunstnahast kontoritool\"}]},{\"@type\":\"WebSite\",\"@id\":\"https:\/\/anelto.eu\/#website\",\"url\":\"https:\/\/anelto.eu\/\",\"name\":\"Anelto - t\u00f6\u00f6ruumi efektiivsus\",\"description\":\"Ergonoomiline t\u00f6\u00f6keskkond ja kinnituslahendused!\",\"publisher\":{\"@id\":\"https:\/\/anelto.eu\/#organization\"},\"potentialAction\":[{\"@type\":\"SearchAction\",\"target\":{\"@type\":\"EntryPoint\",\"urlTemplate\":\"https:\/\/anelto.eu\/?s={search_term_string}\"},\"query-input\":{\"@type\":\"PropertyValueSpecification\",\"valueRequired\":true,\"valueName\":\"search_term_string\"}}],\"inLanguage\":\"en-US\"},{\"@type\":\"Organization\",\"@id\":\"https:\/\/anelto.eu\/#organization\",\"name\":\"Anelto\",\"url\":\"https:\/\/anelto.eu\/\",\"logo\":{\"@type\":\"ImageObject\",\"inLanguage\":\"en-US\",\"@id\":\"https:\/\/anelto.eu\/#\/schema\/logo\/image\/\",\"url\":\"https:\/\/anelto.eu\/wp-content\/uploads\/2020\/06\/Picture1.png\",\"contentUrl\":\"https:\/\/anelto.eu\/wp-content\/uploads\/2020\/06\/Picture1.png\",\"width\":615,\"height\":331,\"caption\":\"Anelto\"},\"image\":{\"@id\":\"https:\/\/anelto.eu\/#\/schema\/logo\/image\/\"}}]}<\/script>\n<!-- \/ Yoast SEO plugin. -->","yoast_head_json":{"title":"Kunstnahast kontoritool - Anelto - t\u00f6\u00f6ruumi efektiivsus","robots":{"index":"index","follow":"follow","max-snippet":"max-snippet:-1","max-image-preview":"max-image-preview:large","max-video-preview":"max-video-preview:-1"},"canonical":"https:\/\/anelto.eu\/toode\/kunstnahast-kontoritool\/","og_locale":"en_US","og_type":"article","og_title":"Kunstnahast kontoritool - Anelto - t\u00f6\u00f6ruumi efektiivsus","og_description":"Eemaldatav peatoe padi: kaela mugavuse ja toe tagamiseks  Reguleeritav tahapoole kallutamine: kallutage tagasi, istuge sirge seljaga v\u00f5i kallutage istme alla sisseehitatud kallutatava pingutuskangiga  Hingav v\u00f5rgusilm seljatoes: lisab \u00f5huringlust ja jahutust (eriti suveperioodil)  P\u00f6\u00f6ratav k\u00e4etugi: k\u00e4etoed ruumi s\u00e4\u00e4stmiseks \u00fcles ja tool tooli laua alla  L\u00f6\u00f6kide neelavad nailonrattad: v\u00f5imaldavad suurt stabiilsust ja liikuvust  Muud n\u00e4itajad:    M\u00f5\u00f5tmed (LxSxK): 660x700x1140 ~ 1240mm (26 \"x27,6\" x44,9 \"~ 48,8\")  Kandej\u00f5ud: 150kg (330lbs)  Pinna materjal: PU nahk  Selja kaldenurk: 135 \u00b0  K\u00e4etoe t\u00fc\u00fcp: PU nahast polsterdatud k\u00e4etoed  Pneumaatilise kangi t\u00fc\u00fcp: 100 mm klassi 3 gaasit\u00f5stuk  Aluse t\u00fc\u00fcp: 350 mm nailonist maalimisalus  Ratta t\u00fc\u00fcp: nailonratas  V\u00e4rv: must-punane","og_url":"https:\/\/anelto.eu\/toode\/kunstnahast-kontoritool\/","og_site_name":"Anelto - t\u00f6\u00f6ruumi efektiivsus","article_modified_time":"2021-04-07T09:59:09+00:00","og_image":[{"width":500,"height":500,"url":"https:\/\/anelto.eu\/wp-content\/uploads\/2021\/04\/235FF0F9-F236-4E8F-B57C-AC8FCA649A44_500_500.jpg","type":"image\/jpeg"}],"twitter_card":"summary_large_image","schema":{"@context":"https:\/\/schema.org","@graph":[{"@type":"WebPage","@id":"https:\/\/anelto.eu\/toode\/kunstnahast-kontoritool\/","url":"https:\/\/anelto.eu\/toode\/kunstnahast-kontoritool\/","name":"Kunstnahast kontoritool - Anelto - t\u00f6\u00f6ruumi efektiivsus","isPartOf":{"@id":"https:\/\/anelto.eu\/#website"},"primaryImageOfPage":{"@id":"https:\/\/anelto.eu\/toode\/kunstnahast-kontoritool\/#primaryimage"},"image":{"@id":"https:\/\/anelto.eu\/toode\/kunstnahast-kontoritool\/#primaryimage"},"thumbnailUrl":"https:\/\/anelto.eu\/wp-content\/uploads\/2021\/04\/235FF0F9-F236-4E8F-B57C-AC8FCA649A44_500_500.jpg","datePublished":"2021-04-07T09:53:16+00:00","dateModified":"2021-04-07T09:59:09+00:00","breadcrumb":{"@id":"https:\/\/anelto.eu\/toode\/kunstnahast-kontoritool\/#breadcrumb"},"inLanguage":"en-US","potentialAction":[{"@type":"ReadAction","target":["https:\/\/anelto.eu\/toode\/kunstnahast-kontoritool\/"]}]},{"@type":"ImageObject","inLanguage":"en-US","@id":"https:\/\/anelto.eu\/toode\/kunstnahast-kontoritool\/#primaryimage","url":"https:\/\/anelto.eu\/wp-content\/uploads\/2021\/04\/235FF0F9-F236-4E8F-B57C-AC8FCA649A44_500_500.jpg","contentUrl":"https:\/\/anelto.eu\/wp-content\/uploads\/2021\/04\/235FF0F9-F236-4E8F-B57C-AC8FCA649A44_500_500.jpg","width":500,"height":500},{"@type":"BreadcrumbList","@id":"https:\/\/anelto.eu\/toode\/kunstnahast-kontoritool\/#breadcrumb","itemListElement":[{"@type":"ListItem","position":1,"name":"Avaleht","item":"https:\/\/anelto.eu\/"},{"@type":"ListItem","position":2,"name":"Valdkonnad","item":"https:\/\/anelto.eu\/valdkonnad\/"},{"@type":"ListItem","position":3,"name":"Ergonoomilised toolid ja jalatoed","item":"https:\/\/anelto.eu\/tootekategooria\/ergonoomilised-toolid-ja-jalatoed\/"},{"@type":"ListItem","position":4,"name":"Kunstnahast kontoritool"}]},{"@type":"WebSite","@id":"https:\/\/anelto.eu\/#website","url":"https:\/\/anelto.eu\/","name":"Anelto - t\u00f6\u00f6ruumi efektiivsus","description":"Ergonoomiline t\u00f6\u00f6keskkond ja kinnituslahendused!","publisher":{"@id":"https:\/\/anelto.eu\/#organization"},"potentialAction":[{"@type":"SearchAction","target":{"@type":"EntryPoint","urlTemplate":"https:\/\/anelto.eu\/?s={search_term_string}"},"query-input":{"@type":"PropertyValueSpecification","valueRequired":true,"valueName":"search_term_string"}}],"inLanguage":"en-US"},{"@type":"Organization","@id":"https:\/\/anelto.eu\/#organization","name":"Anelto","url":"https:\/\/anelto.eu\/","logo":{"@type":"ImageObject","inLanguage":"en-US","@id":"https:\/\/anelto.eu\/#\/schema\/logo\/image\/","url":"https:\/\/anelto.eu\/wp-content\/uploads\/2020\/06\/Picture1.png","contentUrl":"https:\/\/anelto.eu\/wp-content\/uploads\/2020\/06\/Picture1.png","width":615,"height":331,"caption":"Anelto"},"image":{"@id":"https:\/\/anelto.eu\/#\/schema\/logo\/image\/"}}]}},"_links":{"self":[{"href":"https:\/\/anelto.eu\/en\/wp-json\/wp\/v2\/product\/4956","targetHints":{"allow":["GET"]}}],"collection":[{"href":"https:\/\/anelto.eu\/en\/wp-json\/wp\/v2\/product"}],"about":[{"href":"https:\/\/anelto.eu\/en\/wp-json\/wp\/v2\/types\/product"}],"replies":[{"embeddable":true,"href":"https:\/\/anelto.eu\/en\/wp-json\/wp\/v2\/comments?post=4956"}],"wp:featuredmedia":[{"embeddable":true,"href":"https:\/\/anelto.eu\/en\/wp-json\/wp\/v2\/media\/4957"}],"wp:attachment":[{"href":"https:\/\/anelto.eu\/en\/wp-json\/wp\/v2\/media?parent=4956"}],"wp:term":[{"taxonomy":"product_cat","embeddable":true,"href":"https:\/\/anelto.eu\/en\/wp-json\/wp\/v2\/product_cat?post=4956"},{"taxonomy":"product_tag","embeddable":true,"href":"https:\/\/anelto.eu\/en\/wp-json\/wp\/v2\/product_tag?post=4956"}],"curies":[{"name":"wp","href":"https:\/\/api.w.org\/{rel}","templated":true}]}}