{"id":4941,"date":"2021-04-07T09:47:04","date_gmt":"2021-04-07T09:47:04","guid":{"rendered":"https:\/\/anelto.eu\/?post_type=product&#038;p=4941"},"modified":"2021-04-07T09:51:21","modified_gmt":"2021-04-07T09:51:21","slug":"erognoomiline-korguses-reguleeritav-tool","status":"publish","type":"product","link":"https:\/\/anelto.eu\/en\/toode\/erognoomiline-korguses-reguleeritav-tool\/","title":{"rendered":"Erognoomiline k\u00f5rguses reguleeritav tool"},"content":{"rendered":"","protected":false},"excerpt":{"rendered":"<ul>\n<li>\u00d5hk-t\u00f5ste kolbmehhanism: istme k\u00f5rguse kiireks reguleerimiseks<\/li>\n<li>PU rattad: v\u00f5ivad v\u00e4hem kriimustada ja sobivad ideaalselt vaipade ja lehtpuitp\u00f5randate jaoks<\/li>\n<li>Kunstnahast polsterdatud iste: pakub vastupidavust ja veekindlust (h\u00f5lpsasti puhastatav niiske lapiga)<\/li>\n<li>Kallutatav iste: rohkem liikumist, parem tervis<\/li>\n<\/ul>\n<p><strong><span style=\"text-decoration: underline;\">Muud n\u00e4itajad:<\/span> <\/strong><\/p>\n<ul>\n<li>M\u00f5\u00f5tmed (LxSxK): 385x385x600-835mm (15,2 &#8220;x15,2&#8221; x23,6 &#8220;-32,9&#8221;)<\/li>\n<li>Kandev\u00f5ime 100kg (220lbs)<\/li>\n<li>Pinna materjal: PU nahk<\/li>\n<li>Pneumaatilise kangi t\u00fc\u00fcp: 260 mm klassi 3 gaasit\u00f5stuk<\/li>\n<li>Aluse t\u00fc\u00fcp: nailonist plastist alus<\/li>\n<li>Rattai t\u00fc\u00fcp: PU ratas<\/li>\n<li>V\u00e4rv: must v\u00f5i pruun<\/li>\n<\/ul>\n<p><img loading=\"lazy\" decoding=\"async\" class=\"size-full wp-image-4106 aligncenter\" src=\"https:\/\/anelto.eu\/wp-content\/uploads\/2021\/02\/weffy_logo-300x130-1.png\" alt=\"\" width=\"300\" height=\"130\" \/><\/p>\n","protected":false},"featured_media":4942,"comment_status":"closed","ping_status":"closed","template":"","meta":{"_acf_changed":false},"product_cat":[97],"product_tag":[],"class_list":{"0":"post-4941","1":"product","2":"type-product","3":"status-publish","4":"has-post-thumbnail","6":"product_cat-ergonoomilised-toolid-ja-jalatoed","8":"first","9":"instock","10":"shipping-taxable","11":"product-type-simple"},"acf":[],"yoast_head":"<!-- This site is optimized with the Yoast SEO plugin v23.9 - https:\/\/yoast.com\/wordpress\/plugins\/seo\/ -->\n<title>Erognoomiline k\u00f5rguses reguleeritav tool - Anelto - t\u00f6\u00f6ruumi efektiivsus<\/title>\n<meta name=\"robots\" content=\"index, follow, max-snippet:-1, max-image-preview:large, max-video-preview:-1\" \/>\n<link rel=\"canonical\" href=\"https:\/\/anelto.eu\/toode\/erognoomiline-korguses-reguleeritav-tool\/\" \/>\n<meta property=\"og:locale\" content=\"en_US\" \/>\n<meta property=\"og:type\" content=\"article\" \/>\n<meta property=\"og:title\" content=\"Erognoomiline k\u00f5rguses reguleeritav tool - Anelto - t\u00f6\u00f6ruumi efektiivsus\" \/>\n<meta property=\"og:description\" content=\"\u00d5hk-t\u00f5ste kolbmehhanism: istme k\u00f5rguse kiireks reguleerimiseks  PU rattad: v\u00f5ivad v\u00e4hem kriimustada ja sobivad ideaalselt vaipade ja lehtpuitp\u00f5randate jaoks  Kunstnahast polsterdatud iste: pakub vastupidavust ja veekindlust (h\u00f5lpsasti puhastatav niiske lapiga)  Kallutatav iste: rohkem liikumist, parem tervis  Muud n\u00e4itajad:    M\u00f5\u00f5tmed (LxSxK): 385x385x600-835mm (15,2 &quot;x15,2&quot; x23,6 &quot;-32,9&quot;)  Kandev\u00f5ime 100kg (220lbs)  Pinna materjal: PU nahk  Pneumaatilise kangi t\u00fc\u00fcp: 260 mm klassi 3 gaasit\u00f5stuk  Aluse t\u00fc\u00fcp: nailonist plastist alus  Rattai t\u00fc\u00fcp: PU ratas  V\u00e4rv: must v\u00f5i pruun\" \/>\n<meta property=\"og:url\" content=\"https:\/\/anelto.eu\/toode\/erognoomiline-korguses-reguleeritav-tool\/\" \/>\n<meta property=\"og:site_name\" content=\"Anelto - t\u00f6\u00f6ruumi efektiivsus\" \/>\n<meta property=\"article:modified_time\" content=\"2021-04-07T09:51:21+00:00\" \/>\n<meta property=\"og:image\" content=\"https:\/\/anelto.eu\/wp-content\/uploads\/2021\/04\/A0D1CAD6-2581-4965-B651-29083B0E24A8_500_500.jpg\" \/>\n\t<meta property=\"og:image:width\" content=\"500\" \/>\n\t<meta property=\"og:image:height\" content=\"500\" \/>\n\t<meta property=\"og:image:type\" content=\"image\/jpeg\" \/>\n<meta name=\"twitter:card\" content=\"summary_large_image\" \/>\n<script type=\"application\/ld+json\" class=\"yoast-schema-graph\">{\"@context\":\"https:\/\/schema.org\",\"@graph\":[{\"@type\":\"WebPage\",\"@id\":\"https:\/\/anelto.eu\/toode\/erognoomiline-korguses-reguleeritav-tool\/\",\"url\":\"https:\/\/anelto.eu\/toode\/erognoomiline-korguses-reguleeritav-tool\/\",\"name\":\"Erognoomiline k\u00f5rguses reguleeritav tool - Anelto - t\u00f6\u00f6ruumi efektiivsus\",\"isPartOf\":{\"@id\":\"https:\/\/anelto.eu\/#website\"},\"primaryImageOfPage\":{\"@id\":\"https:\/\/anelto.eu\/toode\/erognoomiline-korguses-reguleeritav-tool\/#primaryimage\"},\"image\":{\"@id\":\"https:\/\/anelto.eu\/toode\/erognoomiline-korguses-reguleeritav-tool\/#primaryimage\"},\"thumbnailUrl\":\"https:\/\/anelto.eu\/wp-content\/uploads\/2021\/04\/A0D1CAD6-2581-4965-B651-29083B0E24A8_500_500.jpg\",\"datePublished\":\"2021-04-07T09:47:04+00:00\",\"dateModified\":\"2021-04-07T09:51:21+00:00\",\"breadcrumb\":{\"@id\":\"https:\/\/anelto.eu\/toode\/erognoomiline-korguses-reguleeritav-tool\/#breadcrumb\"},\"inLanguage\":\"en-US\",\"potentialAction\":[{\"@type\":\"ReadAction\",\"target\":[\"https:\/\/anelto.eu\/toode\/erognoomiline-korguses-reguleeritav-tool\/\"]}]},{\"@type\":\"ImageObject\",\"inLanguage\":\"en-US\",\"@id\":\"https:\/\/anelto.eu\/toode\/erognoomiline-korguses-reguleeritav-tool\/#primaryimage\",\"url\":\"https:\/\/anelto.eu\/wp-content\/uploads\/2021\/04\/A0D1CAD6-2581-4965-B651-29083B0E24A8_500_500.jpg\",\"contentUrl\":\"https:\/\/anelto.eu\/wp-content\/uploads\/2021\/04\/A0D1CAD6-2581-4965-B651-29083B0E24A8_500_500.jpg\",\"width\":500,\"height\":500},{\"@type\":\"BreadcrumbList\",\"@id\":\"https:\/\/anelto.eu\/toode\/erognoomiline-korguses-reguleeritav-tool\/#breadcrumb\",\"itemListElement\":[{\"@type\":\"ListItem\",\"position\":1,\"name\":\"Avaleht\",\"item\":\"https:\/\/anelto.eu\/\"},{\"@type\":\"ListItem\",\"position\":2,\"name\":\"Valdkonnad\",\"item\":\"https:\/\/anelto.eu\/valdkonnad\/\"},{\"@type\":\"ListItem\",\"position\":3,\"name\":\"Ergonoomilised toolid ja jalatoed\",\"item\":\"https:\/\/anelto.eu\/tootekategooria\/ergonoomilised-toolid-ja-jalatoed\/\"},{\"@type\":\"ListItem\",\"position\":4,\"name\":\"Erognoomiline k\u00f5rguses reguleeritav tool\"}]},{\"@type\":\"WebSite\",\"@id\":\"https:\/\/anelto.eu\/#website\",\"url\":\"https:\/\/anelto.eu\/\",\"name\":\"Anelto - t\u00f6\u00f6ruumi efektiivsus\",\"description\":\"Ergonoomiline t\u00f6\u00f6keskkond ja kinnituslahendused!\",\"publisher\":{\"@id\":\"https:\/\/anelto.eu\/#organization\"},\"potentialAction\":[{\"@type\":\"SearchAction\",\"target\":{\"@type\":\"EntryPoint\",\"urlTemplate\":\"https:\/\/anelto.eu\/?s={search_term_string}\"},\"query-input\":{\"@type\":\"PropertyValueSpecification\",\"valueRequired\":true,\"valueName\":\"search_term_string\"}}],\"inLanguage\":\"en-US\"},{\"@type\":\"Organization\",\"@id\":\"https:\/\/anelto.eu\/#organization\",\"name\":\"Anelto\",\"url\":\"https:\/\/anelto.eu\/\",\"logo\":{\"@type\":\"ImageObject\",\"inLanguage\":\"en-US\",\"@id\":\"https:\/\/anelto.eu\/#\/schema\/logo\/image\/\",\"url\":\"https:\/\/anelto.eu\/wp-content\/uploads\/2020\/06\/Picture1.png\",\"contentUrl\":\"https:\/\/anelto.eu\/wp-content\/uploads\/2020\/06\/Picture1.png\",\"width\":615,\"height\":331,\"caption\":\"Anelto\"},\"image\":{\"@id\":\"https:\/\/anelto.eu\/#\/schema\/logo\/image\/\"}}]}<\/script>\n<!-- \/ Yoast SEO plugin. -->","yoast_head_json":{"title":"Erognoomiline k\u00f5rguses reguleeritav tool - Anelto - t\u00f6\u00f6ruumi efektiivsus","robots":{"index":"index","follow":"follow","max-snippet":"max-snippet:-1","max-image-preview":"max-image-preview:large","max-video-preview":"max-video-preview:-1"},"canonical":"https:\/\/anelto.eu\/toode\/erognoomiline-korguses-reguleeritav-tool\/","og_locale":"en_US","og_type":"article","og_title":"Erognoomiline k\u00f5rguses reguleeritav tool - Anelto - t\u00f6\u00f6ruumi efektiivsus","og_description":"\u00d5hk-t\u00f5ste kolbmehhanism: istme k\u00f5rguse kiireks reguleerimiseks  PU rattad: v\u00f5ivad v\u00e4hem kriimustada ja sobivad ideaalselt vaipade ja lehtpuitp\u00f5randate jaoks  Kunstnahast polsterdatud iste: pakub vastupidavust ja veekindlust (h\u00f5lpsasti puhastatav niiske lapiga)  Kallutatav iste: rohkem liikumist, parem tervis  Muud n\u00e4itajad:    M\u00f5\u00f5tmed (LxSxK): 385x385x600-835mm (15,2 \"x15,2\" x23,6 \"-32,9\")  Kandev\u00f5ime 100kg (220lbs)  Pinna materjal: PU nahk  Pneumaatilise kangi t\u00fc\u00fcp: 260 mm klassi 3 gaasit\u00f5stuk  Aluse t\u00fc\u00fcp: nailonist plastist alus  Rattai t\u00fc\u00fcp: PU ratas  V\u00e4rv: must v\u00f5i pruun","og_url":"https:\/\/anelto.eu\/toode\/erognoomiline-korguses-reguleeritav-tool\/","og_site_name":"Anelto - t\u00f6\u00f6ruumi efektiivsus","article_modified_time":"2021-04-07T09:51:21+00:00","og_image":[{"width":500,"height":500,"url":"https:\/\/anelto.eu\/wp-content\/uploads\/2021\/04\/A0D1CAD6-2581-4965-B651-29083B0E24A8_500_500.jpg","type":"image\/jpeg"}],"twitter_card":"summary_large_image","schema":{"@context":"https:\/\/schema.org","@graph":[{"@type":"WebPage","@id":"https:\/\/anelto.eu\/toode\/erognoomiline-korguses-reguleeritav-tool\/","url":"https:\/\/anelto.eu\/toode\/erognoomiline-korguses-reguleeritav-tool\/","name":"Erognoomiline k\u00f5rguses reguleeritav tool - Anelto - t\u00f6\u00f6ruumi efektiivsus","isPartOf":{"@id":"https:\/\/anelto.eu\/#website"},"primaryImageOfPage":{"@id":"https:\/\/anelto.eu\/toode\/erognoomiline-korguses-reguleeritav-tool\/#primaryimage"},"image":{"@id":"https:\/\/anelto.eu\/toode\/erognoomiline-korguses-reguleeritav-tool\/#primaryimage"},"thumbnailUrl":"https:\/\/anelto.eu\/wp-content\/uploads\/2021\/04\/A0D1CAD6-2581-4965-B651-29083B0E24A8_500_500.jpg","datePublished":"2021-04-07T09:47:04+00:00","dateModified":"2021-04-07T09:51:21+00:00","breadcrumb":{"@id":"https:\/\/anelto.eu\/toode\/erognoomiline-korguses-reguleeritav-tool\/#breadcrumb"},"inLanguage":"en-US","potentialAction":[{"@type":"ReadAction","target":["https:\/\/anelto.eu\/toode\/erognoomiline-korguses-reguleeritav-tool\/"]}]},{"@type":"ImageObject","inLanguage":"en-US","@id":"https:\/\/anelto.eu\/toode\/erognoomiline-korguses-reguleeritav-tool\/#primaryimage","url":"https:\/\/anelto.eu\/wp-content\/uploads\/2021\/04\/A0D1CAD6-2581-4965-B651-29083B0E24A8_500_500.jpg","contentUrl":"https:\/\/anelto.eu\/wp-content\/uploads\/2021\/04\/A0D1CAD6-2581-4965-B651-29083B0E24A8_500_500.jpg","width":500,"height":500},{"@type":"BreadcrumbList","@id":"https:\/\/anelto.eu\/toode\/erognoomiline-korguses-reguleeritav-tool\/#breadcrumb","itemListElement":[{"@type":"ListItem","position":1,"name":"Avaleht","item":"https:\/\/anelto.eu\/"},{"@type":"ListItem","position":2,"name":"Valdkonnad","item":"https:\/\/anelto.eu\/valdkonnad\/"},{"@type":"ListItem","position":3,"name":"Ergonoomilised toolid ja jalatoed","item":"https:\/\/anelto.eu\/tootekategooria\/ergonoomilised-toolid-ja-jalatoed\/"},{"@type":"ListItem","position":4,"name":"Erognoomiline k\u00f5rguses reguleeritav tool"}]},{"@type":"WebSite","@id":"https:\/\/anelto.eu\/#website","url":"https:\/\/anelto.eu\/","name":"Anelto - t\u00f6\u00f6ruumi efektiivsus","description":"Ergonoomiline t\u00f6\u00f6keskkond ja kinnituslahendused!","publisher":{"@id":"https:\/\/anelto.eu\/#organization"},"potentialAction":[{"@type":"SearchAction","target":{"@type":"EntryPoint","urlTemplate":"https:\/\/anelto.eu\/?s={search_term_string}"},"query-input":{"@type":"PropertyValueSpecification","valueRequired":true,"valueName":"search_term_string"}}],"inLanguage":"en-US"},{"@type":"Organization","@id":"https:\/\/anelto.eu\/#organization","name":"Anelto","url":"https:\/\/anelto.eu\/","logo":{"@type":"ImageObject","inLanguage":"en-US","@id":"https:\/\/anelto.eu\/#\/schema\/logo\/image\/","url":"https:\/\/anelto.eu\/wp-content\/uploads\/2020\/06\/Picture1.png","contentUrl":"https:\/\/anelto.eu\/wp-content\/uploads\/2020\/06\/Picture1.png","width":615,"height":331,"caption":"Anelto"},"image":{"@id":"https:\/\/anelto.eu\/#\/schema\/logo\/image\/"}}]}},"_links":{"self":[{"href":"https:\/\/anelto.eu\/en\/wp-json\/wp\/v2\/product\/4941","targetHints":{"allow":["GET"]}}],"collection":[{"href":"https:\/\/anelto.eu\/en\/wp-json\/wp\/v2\/product"}],"about":[{"href":"https:\/\/anelto.eu\/en\/wp-json\/wp\/v2\/types\/product"}],"replies":[{"embeddable":true,"href":"https:\/\/anelto.eu\/en\/wp-json\/wp\/v2\/comments?post=4941"}],"wp:featuredmedia":[{"embeddable":true,"href":"https:\/\/anelto.eu\/en\/wp-json\/wp\/v2\/media\/4942"}],"wp:attachment":[{"href":"https:\/\/anelto.eu\/en\/wp-json\/wp\/v2\/media?parent=4941"}],"wp:term":[{"taxonomy":"product_cat","embeddable":true,"href":"https:\/\/anelto.eu\/en\/wp-json\/wp\/v2\/product_cat?post=4941"},{"taxonomy":"product_tag","embeddable":true,"href":"https:\/\/anelto.eu\/en\/wp-json\/wp\/v2\/product_tag?post=4941"}],"curies":[{"name":"wp","href":"https:\/\/api.w.org\/{rel}","templated":true}]}}