{"id":4916,"date":"2021-04-07T09:43:21","date_gmt":"2021-04-07T09:43:21","guid":{"rendered":"https:\/\/anelto.eu\/?post_type=product&#038;p=4916"},"modified":"2021-04-07T09:46:24","modified_gmt":"2021-04-07T09:46:24","slug":"ergonoomiline-toetamistool-koos-jalamatiga","status":"publish","type":"product","link":"https:\/\/anelto.eu\/en\/toode\/ergonoomiline-toetamistool-koos-jalamatiga\/","title":{"rendered":"Ergonoomiline toetamistool koos jalamatiga"},"content":{"rendered":"","protected":false},"excerpt":{"rendered":"<ul>\n<li>Ergonoomiliselt konstrueeritud amortisatsioon: stimuleerib vereringet, tagab tugeva tallatugevuse ning v\u00e4hendab jalgade pikaajalisel seismisel tekkivat v\u00e4simust ja valu<\/li>\n<li>\u00d5hu-t\u00f5ste kolbmehhanism: istme k\u00f5rguse kiireks reguleerimiseks<\/li>\n<li>Libisemiskindel alus: annab istumisel kindla aluse<\/li>\n<li>Kandek\u00e4epide: h\u00f5lpsaks liigutamiseks<\/li>\n<\/ul>\n<p><strong><span style=\"text-decoration: underline;\">Muud n\u00e4itajad:<\/span> <\/strong><\/p>\n<ul>\n<li>M\u00f5\u00f5tmed (LxSxK): 590x906x615 ~ 1180mm (23,2 &#8220;x35,7&#8221; x24,2 &#8220;~ 46,5&#8221;)<\/li>\n<li>Kandev\u00f5ime: 125kg (275lbs)<\/li>\n<li>Pinnamaterjal: pol\u00fcuretaan (PU) vaht<\/li>\n<li>Ratta t\u00fc\u00fcp: PU ratas<\/li>\n<li>V\u00e4rv: must<\/li>\n<li>Lisatarvikud: Pol\u00fcuretaanist (PU) vahtuvastane seisev matt<\/li>\n<li>Sertifikaat: BIFMA<\/li>\n<\/ul>\n<p><img loading=\"lazy\" decoding=\"async\" class=\"size-full wp-image-4106 aligncenter\" src=\"https:\/\/anelto.eu\/wp-content\/uploads\/2021\/02\/weffy_logo-300x130-1.png\" alt=\"\" width=\"300\" height=\"130\" \/><\/p>\n","protected":false},"featured_media":4917,"comment_status":"closed","ping_status":"closed","template":"","meta":{"_acf_changed":false},"product_cat":[97],"product_tag":[],"class_list":{"0":"post-4916","1":"product","2":"type-product","3":"status-publish","4":"has-post-thumbnail","6":"product_cat-ergonoomilised-toolid-ja-jalatoed","8":"first","9":"instock","10":"shipping-taxable","11":"product-type-simple"},"acf":[],"yoast_head":"<!-- This site is optimized with the Yoast SEO plugin v23.9 - https:\/\/yoast.com\/wordpress\/plugins\/seo\/ -->\n<title>Ergonoomiline toetamistool koos jalamatiga - Anelto - t\u00f6\u00f6ruumi efektiivsus<\/title>\n<meta name=\"robots\" content=\"index, follow, max-snippet:-1, max-image-preview:large, max-video-preview:-1\" \/>\n<link rel=\"canonical\" href=\"https:\/\/anelto.eu\/toode\/ergonoomiline-toetamistool-koos-jalamatiga\/\" \/>\n<meta property=\"og:locale\" content=\"en_US\" \/>\n<meta property=\"og:type\" content=\"article\" \/>\n<meta property=\"og:title\" content=\"Ergonoomiline toetamistool koos jalamatiga - Anelto - t\u00f6\u00f6ruumi efektiivsus\" \/>\n<meta property=\"og:description\" content=\"Ergonoomiliselt konstrueeritud amortisatsioon: stimuleerib vereringet, tagab tugeva tallatugevuse ning v\u00e4hendab jalgade pikaajalisel seismisel tekkivat v\u00e4simust ja valu  \u00d5hu-t\u00f5ste kolbmehhanism: istme k\u00f5rguse kiireks reguleerimiseks  Libisemiskindel alus: annab istumisel kindla aluse  Kandek\u00e4epide: h\u00f5lpsaks liigutamiseks  Muud n\u00e4itajad:    M\u00f5\u00f5tmed (LxSxK): 590x906x615 ~ 1180mm (23,2 &quot;x35,7&quot; x24,2 &quot;~ 46,5&quot;)  Kandev\u00f5ime: 125kg (275lbs)  Pinnamaterjal: pol\u00fcuretaan (PU) vaht  Ratta t\u00fc\u00fcp: PU ratas  V\u00e4rv: must  Lisatarvikud: Pol\u00fcuretaanist (PU) vahtuvastane seisev matt  Sertifikaat: BIFMA\" \/>\n<meta property=\"og:url\" content=\"https:\/\/anelto.eu\/toode\/ergonoomiline-toetamistool-koos-jalamatiga\/\" \/>\n<meta property=\"og:site_name\" content=\"Anelto - t\u00f6\u00f6ruumi efektiivsus\" \/>\n<meta property=\"article:modified_time\" content=\"2021-04-07T09:46:24+00:00\" \/>\n<meta property=\"og:image\" content=\"https:\/\/anelto.eu\/wp-content\/uploads\/2021\/04\/66d3b66f-dbd3-42aa-8941-bbfa59a24bfa_500_500.jpg\" \/>\n\t<meta property=\"og:image:width\" content=\"500\" \/>\n\t<meta property=\"og:image:height\" content=\"500\" \/>\n\t<meta property=\"og:image:type\" content=\"image\/jpeg\" \/>\n<meta name=\"twitter:card\" content=\"summary_large_image\" \/>\n<script type=\"application\/ld+json\" class=\"yoast-schema-graph\">{\"@context\":\"https:\/\/schema.org\",\"@graph\":[{\"@type\":\"WebPage\",\"@id\":\"https:\/\/anelto.eu\/toode\/ergonoomiline-toetamistool-koos-jalamatiga\/\",\"url\":\"https:\/\/anelto.eu\/toode\/ergonoomiline-toetamistool-koos-jalamatiga\/\",\"name\":\"Ergonoomiline toetamistool koos jalamatiga - Anelto - t\u00f6\u00f6ruumi efektiivsus\",\"isPartOf\":{\"@id\":\"https:\/\/anelto.eu\/#website\"},\"primaryImageOfPage\":{\"@id\":\"https:\/\/anelto.eu\/toode\/ergonoomiline-toetamistool-koos-jalamatiga\/#primaryimage\"},\"image\":{\"@id\":\"https:\/\/anelto.eu\/toode\/ergonoomiline-toetamistool-koos-jalamatiga\/#primaryimage\"},\"thumbnailUrl\":\"https:\/\/anelto.eu\/wp-content\/uploads\/2021\/04\/66d3b66f-dbd3-42aa-8941-bbfa59a24bfa_500_500.jpg\",\"datePublished\":\"2021-04-07T09:43:21+00:00\",\"dateModified\":\"2021-04-07T09:46:24+00:00\",\"breadcrumb\":{\"@id\":\"https:\/\/anelto.eu\/toode\/ergonoomiline-toetamistool-koos-jalamatiga\/#breadcrumb\"},\"inLanguage\":\"en-US\",\"potentialAction\":[{\"@type\":\"ReadAction\",\"target\":[\"https:\/\/anelto.eu\/toode\/ergonoomiline-toetamistool-koos-jalamatiga\/\"]}]},{\"@type\":\"ImageObject\",\"inLanguage\":\"en-US\",\"@id\":\"https:\/\/anelto.eu\/toode\/ergonoomiline-toetamistool-koos-jalamatiga\/#primaryimage\",\"url\":\"https:\/\/anelto.eu\/wp-content\/uploads\/2021\/04\/66d3b66f-dbd3-42aa-8941-bbfa59a24bfa_500_500.jpg\",\"contentUrl\":\"https:\/\/anelto.eu\/wp-content\/uploads\/2021\/04\/66d3b66f-dbd3-42aa-8941-bbfa59a24bfa_500_500.jpg\",\"width\":500,\"height\":500},{\"@type\":\"BreadcrumbList\",\"@id\":\"https:\/\/anelto.eu\/toode\/ergonoomiline-toetamistool-koos-jalamatiga\/#breadcrumb\",\"itemListElement\":[{\"@type\":\"ListItem\",\"position\":1,\"name\":\"Avaleht\",\"item\":\"https:\/\/anelto.eu\/\"},{\"@type\":\"ListItem\",\"position\":2,\"name\":\"Valdkonnad\",\"item\":\"https:\/\/anelto.eu\/valdkonnad\/\"},{\"@type\":\"ListItem\",\"position\":3,\"name\":\"Ergonoomilised toolid ja jalatoed\",\"item\":\"https:\/\/anelto.eu\/tootekategooria\/ergonoomilised-toolid-ja-jalatoed\/\"},{\"@type\":\"ListItem\",\"position\":4,\"name\":\"Ergonoomiline toetamistool koos jalamatiga\"}]},{\"@type\":\"WebSite\",\"@id\":\"https:\/\/anelto.eu\/#website\",\"url\":\"https:\/\/anelto.eu\/\",\"name\":\"Anelto - t\u00f6\u00f6ruumi efektiivsus\",\"description\":\"Ergonoomiline t\u00f6\u00f6keskkond ja kinnituslahendused!\",\"publisher\":{\"@id\":\"https:\/\/anelto.eu\/#organization\"},\"potentialAction\":[{\"@type\":\"SearchAction\",\"target\":{\"@type\":\"EntryPoint\",\"urlTemplate\":\"https:\/\/anelto.eu\/?s={search_term_string}\"},\"query-input\":{\"@type\":\"PropertyValueSpecification\",\"valueRequired\":true,\"valueName\":\"search_term_string\"}}],\"inLanguage\":\"en-US\"},{\"@type\":\"Organization\",\"@id\":\"https:\/\/anelto.eu\/#organization\",\"name\":\"Anelto\",\"url\":\"https:\/\/anelto.eu\/\",\"logo\":{\"@type\":\"ImageObject\",\"inLanguage\":\"en-US\",\"@id\":\"https:\/\/anelto.eu\/#\/schema\/logo\/image\/\",\"url\":\"https:\/\/anelto.eu\/wp-content\/uploads\/2020\/06\/Picture1.png\",\"contentUrl\":\"https:\/\/anelto.eu\/wp-content\/uploads\/2020\/06\/Picture1.png\",\"width\":615,\"height\":331,\"caption\":\"Anelto\"},\"image\":{\"@id\":\"https:\/\/anelto.eu\/#\/schema\/logo\/image\/\"}}]}<\/script>\n<!-- \/ Yoast SEO plugin. -->","yoast_head_json":{"title":"Ergonoomiline toetamistool koos jalamatiga - Anelto - t\u00f6\u00f6ruumi efektiivsus","robots":{"index":"index","follow":"follow","max-snippet":"max-snippet:-1","max-image-preview":"max-image-preview:large","max-video-preview":"max-video-preview:-1"},"canonical":"https:\/\/anelto.eu\/toode\/ergonoomiline-toetamistool-koos-jalamatiga\/","og_locale":"en_US","og_type":"article","og_title":"Ergonoomiline toetamistool koos jalamatiga - Anelto - t\u00f6\u00f6ruumi efektiivsus","og_description":"Ergonoomiliselt konstrueeritud amortisatsioon: stimuleerib vereringet, tagab tugeva tallatugevuse ning v\u00e4hendab jalgade pikaajalisel seismisel tekkivat v\u00e4simust ja valu  \u00d5hu-t\u00f5ste kolbmehhanism: istme k\u00f5rguse kiireks reguleerimiseks  Libisemiskindel alus: annab istumisel kindla aluse  Kandek\u00e4epide: h\u00f5lpsaks liigutamiseks  Muud n\u00e4itajad:    M\u00f5\u00f5tmed (LxSxK): 590x906x615 ~ 1180mm (23,2 \"x35,7\" x24,2 \"~ 46,5\")  Kandev\u00f5ime: 125kg (275lbs)  Pinnamaterjal: pol\u00fcuretaan (PU) vaht  Ratta t\u00fc\u00fcp: PU ratas  V\u00e4rv: must  Lisatarvikud: Pol\u00fcuretaanist (PU) vahtuvastane seisev matt  Sertifikaat: BIFMA","og_url":"https:\/\/anelto.eu\/toode\/ergonoomiline-toetamistool-koos-jalamatiga\/","og_site_name":"Anelto - t\u00f6\u00f6ruumi efektiivsus","article_modified_time":"2021-04-07T09:46:24+00:00","og_image":[{"width":500,"height":500,"url":"https:\/\/anelto.eu\/wp-content\/uploads\/2021\/04\/66d3b66f-dbd3-42aa-8941-bbfa59a24bfa_500_500.jpg","type":"image\/jpeg"}],"twitter_card":"summary_large_image","schema":{"@context":"https:\/\/schema.org","@graph":[{"@type":"WebPage","@id":"https:\/\/anelto.eu\/toode\/ergonoomiline-toetamistool-koos-jalamatiga\/","url":"https:\/\/anelto.eu\/toode\/ergonoomiline-toetamistool-koos-jalamatiga\/","name":"Ergonoomiline toetamistool koos jalamatiga - Anelto - t\u00f6\u00f6ruumi efektiivsus","isPartOf":{"@id":"https:\/\/anelto.eu\/#website"},"primaryImageOfPage":{"@id":"https:\/\/anelto.eu\/toode\/ergonoomiline-toetamistool-koos-jalamatiga\/#primaryimage"},"image":{"@id":"https:\/\/anelto.eu\/toode\/ergonoomiline-toetamistool-koos-jalamatiga\/#primaryimage"},"thumbnailUrl":"https:\/\/anelto.eu\/wp-content\/uploads\/2021\/04\/66d3b66f-dbd3-42aa-8941-bbfa59a24bfa_500_500.jpg","datePublished":"2021-04-07T09:43:21+00:00","dateModified":"2021-04-07T09:46:24+00:00","breadcrumb":{"@id":"https:\/\/anelto.eu\/toode\/ergonoomiline-toetamistool-koos-jalamatiga\/#breadcrumb"},"inLanguage":"en-US","potentialAction":[{"@type":"ReadAction","target":["https:\/\/anelto.eu\/toode\/ergonoomiline-toetamistool-koos-jalamatiga\/"]}]},{"@type":"ImageObject","inLanguage":"en-US","@id":"https:\/\/anelto.eu\/toode\/ergonoomiline-toetamistool-koos-jalamatiga\/#primaryimage","url":"https:\/\/anelto.eu\/wp-content\/uploads\/2021\/04\/66d3b66f-dbd3-42aa-8941-bbfa59a24bfa_500_500.jpg","contentUrl":"https:\/\/anelto.eu\/wp-content\/uploads\/2021\/04\/66d3b66f-dbd3-42aa-8941-bbfa59a24bfa_500_500.jpg","width":500,"height":500},{"@type":"BreadcrumbList","@id":"https:\/\/anelto.eu\/toode\/ergonoomiline-toetamistool-koos-jalamatiga\/#breadcrumb","itemListElement":[{"@type":"ListItem","position":1,"name":"Avaleht","item":"https:\/\/anelto.eu\/"},{"@type":"ListItem","position":2,"name":"Valdkonnad","item":"https:\/\/anelto.eu\/valdkonnad\/"},{"@type":"ListItem","position":3,"name":"Ergonoomilised toolid ja jalatoed","item":"https:\/\/anelto.eu\/tootekategooria\/ergonoomilised-toolid-ja-jalatoed\/"},{"@type":"ListItem","position":4,"name":"Ergonoomiline toetamistool koos jalamatiga"}]},{"@type":"WebSite","@id":"https:\/\/anelto.eu\/#website","url":"https:\/\/anelto.eu\/","name":"Anelto - t\u00f6\u00f6ruumi efektiivsus","description":"Ergonoomiline t\u00f6\u00f6keskkond ja kinnituslahendused!","publisher":{"@id":"https:\/\/anelto.eu\/#organization"},"potentialAction":[{"@type":"SearchAction","target":{"@type":"EntryPoint","urlTemplate":"https:\/\/anelto.eu\/?s={search_term_string}"},"query-input":{"@type":"PropertyValueSpecification","valueRequired":true,"valueName":"search_term_string"}}],"inLanguage":"en-US"},{"@type":"Organization","@id":"https:\/\/anelto.eu\/#organization","name":"Anelto","url":"https:\/\/anelto.eu\/","logo":{"@type":"ImageObject","inLanguage":"en-US","@id":"https:\/\/anelto.eu\/#\/schema\/logo\/image\/","url":"https:\/\/anelto.eu\/wp-content\/uploads\/2020\/06\/Picture1.png","contentUrl":"https:\/\/anelto.eu\/wp-content\/uploads\/2020\/06\/Picture1.png","width":615,"height":331,"caption":"Anelto"},"image":{"@id":"https:\/\/anelto.eu\/#\/schema\/logo\/image\/"}}]}},"_links":{"self":[{"href":"https:\/\/anelto.eu\/en\/wp-json\/wp\/v2\/product\/4916","targetHints":{"allow":["GET"]}}],"collection":[{"href":"https:\/\/anelto.eu\/en\/wp-json\/wp\/v2\/product"}],"about":[{"href":"https:\/\/anelto.eu\/en\/wp-json\/wp\/v2\/types\/product"}],"replies":[{"embeddable":true,"href":"https:\/\/anelto.eu\/en\/wp-json\/wp\/v2\/comments?post=4916"}],"wp:featuredmedia":[{"embeddable":true,"href":"https:\/\/anelto.eu\/en\/wp-json\/wp\/v2\/media\/4917"}],"wp:attachment":[{"href":"https:\/\/anelto.eu\/en\/wp-json\/wp\/v2\/media?parent=4916"}],"wp:term":[{"taxonomy":"product_cat","embeddable":true,"href":"https:\/\/anelto.eu\/en\/wp-json\/wp\/v2\/product_cat?post=4916"},{"taxonomy":"product_tag","embeddable":true,"href":"https:\/\/anelto.eu\/en\/wp-json\/wp\/v2\/product_tag?post=4916"}],"curies":[{"name":"wp","href":"https:\/\/api.w.org\/{rel}","templated":true}]}}