{"id":4853,"date":"2021-03-22T08:00:49","date_gmt":"2021-03-22T08:00:49","guid":{"rendered":"https:\/\/anelto.eu\/?post_type=product&#038;p=4853"},"modified":"2021-03-22T16:12:03","modified_gmt":"2021-03-22T16:12:03","slug":"pro-gaming-lauajalg-uhe-monitori-kinnituseks-2","status":"publish","type":"product","link":"https:\/\/anelto.eu\/en\/toode\/pro-gaming-lauajalg-uhe-monitori-kinnituseks-2\/","title":{"rendered":"PRO GAMING lauajalg \u00fche monitori kinnituseks"},"content":{"rendered":"","protected":false},"excerpt":{"rendered":"<p>\u25cf Eemaldatav VESA plaadikinnitus: v\u00f5imaldab h\u00f5lpsat paigaldamist<br \/>\n\u25cf Pidev p\u00f6\u00f6ramine: optimaalse vaatenurga saavutamiseks<br \/>\n\u25cf P\u00f6\u00f6rdnupu lukustamine: tagab t\u00f6\u00f6riistavaba k\u00f5rguse reguleerimise<br \/>\n\u25cf Kaablihaldus: peidab elegantselt k\u00f5ik ekraanidele kinnitatud kaablid<br \/>\n\u25cf Vabakallutatav disain: mitme kuvari vaatenurga jaoks<br \/>\n\u25cf 360 \u00b0 p\u00f6\u00f6ratav VESA-plaat: suurema vaatamiskogemuse saamiseks<br \/>\n\u25cf Sisseehitatud k\u00f5rvaklappide konks: s\u00e4\u00e4stab laua ruumi<\/p>\n<p>Materjal: teras, alumiinium, plastik<br \/>\nPinnaviimistlus: pulberv\u00e4rv<br \/>\nV\u00e4rv: matt must<br \/>\nM\u00f5\u00f5tmed: 488x300x485mm (19,2&#8243;x11,8&#8243;x19,1&#8243;)<br \/>\nSobib ekraani suurus: 17&#8243;-32&#8243;<br \/>\nKumer monitor: jah<br \/>\nEkraani kogus: 1<br \/>\nKaalumaht (ekraani kohta): 8kg (17,6lbs)<br \/>\n\u00dchilduv VESA: 75&#215;75; 100&#215;100<br \/>\nKallutusvahemik: +15\u00b0~-15\u00b0<br \/>\nP\u00f6\u00f6rdevahemik: + 30\u00b0~-30\u00b0<br \/>\nEkraani p\u00f6\u00f6ramine: +180\u00b0~-180\u00b0<br \/>\nPosti k\u00f5rgus: 485 mm (19,1&#8243;)<br \/>\nPaigaldamine: Laual eraldiseisev<br \/>\nKiiresti avatav VESA plaat: jah<br \/>\nKaabli haldamine: jah<\/p>\n<p style=\"text-align: center;\"><img loading=\"lazy\" decoding=\"async\" class=\"alignnone size-medium wp-image-2558\" src=\"https:\/\/anelto.eu\/wp-content\/uploads\/2020\/12\/weffy_logo-300x130.png\" alt=\"\" width=\"300\" height=\"130\" \/><\/p>\n","protected":false},"featured_media":4854,"comment_status":"closed","ping_status":"closed","template":"","meta":{"_acf_changed":false},"product_cat":[83],"product_tag":[],"class_list":{"0":"post-4853","1":"product","2":"type-product","3":"status-publish","4":"has-post-thumbnail","6":"product_cat-monitoride-kinnituskaed","8":"first","9":"instock","10":"shipping-taxable","11":"product-type-simple"},"acf":[],"yoast_head":"<!-- This site is optimized with the Yoast SEO plugin v23.9 - https:\/\/yoast.com\/wordpress\/plugins\/seo\/ -->\n<title>PRO GAMING lauajalg \u00fche monitori kinnituseks - Anelto - t\u00f6\u00f6ruumi efektiivsus<\/title>\n<meta name=\"robots\" content=\"index, follow, max-snippet:-1, max-image-preview:large, max-video-preview:-1\" \/>\n<link rel=\"canonical\" href=\"https:\/\/anelto.eu\/toode\/pro-gaming-lauajalg-uhe-monitori-kinnituseks-2\/\" \/>\n<meta property=\"og:locale\" content=\"en_US\" \/>\n<meta property=\"og:type\" content=\"article\" \/>\n<meta property=\"og:title\" content=\"PRO GAMING lauajalg \u00fche monitori kinnituseks - Anelto - t\u00f6\u00f6ruumi efektiivsus\" \/>\n<meta property=\"og:description\" content=\"\u25cf Eemaldatav VESA plaadikinnitus: v\u00f5imaldab h\u00f5lpsat paigaldamist \u25cf Pidev p\u00f6\u00f6ramine: optimaalse vaatenurga saavutamiseks \u25cf P\u00f6\u00f6rdnupu lukustamine: tagab t\u00f6\u00f6riistavaba k\u00f5rguse reguleerimise \u25cf Kaablihaldus: peidab elegantselt k\u00f5ik ekraanidele kinnitatud kaablid \u25cf Vabakallutatav disain: mitme kuvari vaatenurga jaoks \u25cf 360 \u00b0 p\u00f6\u00f6ratav VESA-plaat: suurema vaatamiskogemuse saamiseks \u25cf Sisseehitatud k\u00f5rvaklappide konks: s\u00e4\u00e4stab laua ruumi  Materjal: teras, alumiinium, plastik Pinnaviimistlus: pulberv\u00e4rv V\u00e4rv: matt must M\u00f5\u00f5tmed: 488x300x485mm (19,2&quot;x11,8&quot;x19,1&quot;) Sobib ekraani suurus: 17&quot;-32&quot; Kumer monitor: jah Ekraani kogus: 1 Kaalumaht (ekraani kohta): 8kg (17,6lbs) \u00dchilduv VESA: 75x75; 100x100 Kallutusvahemik: +15\u00b0~-15\u00b0 P\u00f6\u00f6rdevahemik: + 30\u00b0~-30\u00b0 Ekraani p\u00f6\u00f6ramine: +180\u00b0~-180\u00b0 Posti k\u00f5rgus: 485 mm (19,1&quot;) Paigaldamine: Laual eraldiseisev Kiiresti avatav VESA plaat: jah Kaabli haldamine: jah\" \/>\n<meta property=\"og:url\" content=\"https:\/\/anelto.eu\/toode\/pro-gaming-lauajalg-uhe-monitori-kinnituseks-2\/\" \/>\n<meta property=\"og:site_name\" content=\"Anelto - t\u00f6\u00f6ruumi efektiivsus\" \/>\n<meta property=\"article:modified_time\" content=\"2021-03-22T16:12:03+00:00\" \/>\n<meta property=\"og:image\" content=\"https:\/\/anelto.eu\/wp-content\/uploads\/2021\/03\/a682ccf8-9d74-4fb7-b92c-d6d770a9f707_500_500.jpg\" \/>\n\t<meta property=\"og:image:width\" content=\"500\" \/>\n\t<meta property=\"og:image:height\" content=\"500\" \/>\n\t<meta property=\"og:image:type\" content=\"image\/jpeg\" \/>\n<meta name=\"twitter:card\" content=\"summary_large_image\" \/>\n<script type=\"application\/ld+json\" class=\"yoast-schema-graph\">{\"@context\":\"https:\/\/schema.org\",\"@graph\":[{\"@type\":\"WebPage\",\"@id\":\"https:\/\/anelto.eu\/toode\/pro-gaming-lauajalg-uhe-monitori-kinnituseks-2\/\",\"url\":\"https:\/\/anelto.eu\/toode\/pro-gaming-lauajalg-uhe-monitori-kinnituseks-2\/\",\"name\":\"PRO GAMING lauajalg \u00fche monitori kinnituseks - Anelto - t\u00f6\u00f6ruumi efektiivsus\",\"isPartOf\":{\"@id\":\"https:\/\/anelto.eu\/#website\"},\"primaryImageOfPage\":{\"@id\":\"https:\/\/anelto.eu\/toode\/pro-gaming-lauajalg-uhe-monitori-kinnituseks-2\/#primaryimage\"},\"image\":{\"@id\":\"https:\/\/anelto.eu\/toode\/pro-gaming-lauajalg-uhe-monitori-kinnituseks-2\/#primaryimage\"},\"thumbnailUrl\":\"https:\/\/anelto.eu\/wp-content\/uploads\/2021\/03\/a682ccf8-9d74-4fb7-b92c-d6d770a9f707_500_500.jpg\",\"datePublished\":\"2021-03-22T08:00:49+00:00\",\"dateModified\":\"2021-03-22T16:12:03+00:00\",\"breadcrumb\":{\"@id\":\"https:\/\/anelto.eu\/toode\/pro-gaming-lauajalg-uhe-monitori-kinnituseks-2\/#breadcrumb\"},\"inLanguage\":\"en-US\",\"potentialAction\":[{\"@type\":\"ReadAction\",\"target\":[\"https:\/\/anelto.eu\/toode\/pro-gaming-lauajalg-uhe-monitori-kinnituseks-2\/\"]}]},{\"@type\":\"ImageObject\",\"inLanguage\":\"en-US\",\"@id\":\"https:\/\/anelto.eu\/toode\/pro-gaming-lauajalg-uhe-monitori-kinnituseks-2\/#primaryimage\",\"url\":\"https:\/\/anelto.eu\/wp-content\/uploads\/2021\/03\/a682ccf8-9d74-4fb7-b92c-d6d770a9f707_500_500.jpg\",\"contentUrl\":\"https:\/\/anelto.eu\/wp-content\/uploads\/2021\/03\/a682ccf8-9d74-4fb7-b92c-d6d770a9f707_500_500.jpg\",\"width\":500,\"height\":500},{\"@type\":\"BreadcrumbList\",\"@id\":\"https:\/\/anelto.eu\/toode\/pro-gaming-lauajalg-uhe-monitori-kinnituseks-2\/#breadcrumb\",\"itemListElement\":[{\"@type\":\"ListItem\",\"position\":1,\"name\":\"Avaleht\",\"item\":\"https:\/\/anelto.eu\/\"},{\"@type\":\"ListItem\",\"position\":2,\"name\":\"Valdkonnad\",\"item\":\"https:\/\/anelto.eu\/valdkonnad\/\"},{\"@type\":\"ListItem\",\"position\":3,\"name\":\"Monitoride kinnitusk\u00e4ed\",\"item\":\"https:\/\/anelto.eu\/tootekategooria\/monitoride-kinnituskaed\/\"},{\"@type\":\"ListItem\",\"position\":4,\"name\":\"PRO GAMING lauajalg \u00fche monitori kinnituseks\"}]},{\"@type\":\"WebSite\",\"@id\":\"https:\/\/anelto.eu\/#website\",\"url\":\"https:\/\/anelto.eu\/\",\"name\":\"Anelto - t\u00f6\u00f6ruumi efektiivsus\",\"description\":\"Ergonoomiline t\u00f6\u00f6keskkond ja kinnituslahendused!\",\"publisher\":{\"@id\":\"https:\/\/anelto.eu\/#organization\"},\"potentialAction\":[{\"@type\":\"SearchAction\",\"target\":{\"@type\":\"EntryPoint\",\"urlTemplate\":\"https:\/\/anelto.eu\/?s={search_term_string}\"},\"query-input\":{\"@type\":\"PropertyValueSpecification\",\"valueRequired\":true,\"valueName\":\"search_term_string\"}}],\"inLanguage\":\"en-US\"},{\"@type\":\"Organization\",\"@id\":\"https:\/\/anelto.eu\/#organization\",\"name\":\"Anelto\",\"url\":\"https:\/\/anelto.eu\/\",\"logo\":{\"@type\":\"ImageObject\",\"inLanguage\":\"en-US\",\"@id\":\"https:\/\/anelto.eu\/#\/schema\/logo\/image\/\",\"url\":\"https:\/\/anelto.eu\/wp-content\/uploads\/2020\/06\/Picture1.png\",\"contentUrl\":\"https:\/\/anelto.eu\/wp-content\/uploads\/2020\/06\/Picture1.png\",\"width\":615,\"height\":331,\"caption\":\"Anelto\"},\"image\":{\"@id\":\"https:\/\/anelto.eu\/#\/schema\/logo\/image\/\"}}]}<\/script>\n<!-- \/ Yoast SEO plugin. -->","yoast_head_json":{"title":"PRO GAMING lauajalg \u00fche monitori kinnituseks - Anelto - t\u00f6\u00f6ruumi efektiivsus","robots":{"index":"index","follow":"follow","max-snippet":"max-snippet:-1","max-image-preview":"max-image-preview:large","max-video-preview":"max-video-preview:-1"},"canonical":"https:\/\/anelto.eu\/toode\/pro-gaming-lauajalg-uhe-monitori-kinnituseks-2\/","og_locale":"en_US","og_type":"article","og_title":"PRO GAMING lauajalg \u00fche monitori kinnituseks - Anelto - t\u00f6\u00f6ruumi efektiivsus","og_description":"\u25cf Eemaldatav VESA plaadikinnitus: v\u00f5imaldab h\u00f5lpsat paigaldamist \u25cf Pidev p\u00f6\u00f6ramine: optimaalse vaatenurga saavutamiseks \u25cf P\u00f6\u00f6rdnupu lukustamine: tagab t\u00f6\u00f6riistavaba k\u00f5rguse reguleerimise \u25cf Kaablihaldus: peidab elegantselt k\u00f5ik ekraanidele kinnitatud kaablid \u25cf Vabakallutatav disain: mitme kuvari vaatenurga jaoks \u25cf 360 \u00b0 p\u00f6\u00f6ratav VESA-plaat: suurema vaatamiskogemuse saamiseks \u25cf Sisseehitatud k\u00f5rvaklappide konks: s\u00e4\u00e4stab laua ruumi  Materjal: teras, alumiinium, plastik Pinnaviimistlus: pulberv\u00e4rv V\u00e4rv: matt must M\u00f5\u00f5tmed: 488x300x485mm (19,2\"x11,8\"x19,1\") Sobib ekraani suurus: 17\"-32\" Kumer monitor: jah Ekraani kogus: 1 Kaalumaht (ekraani kohta): 8kg (17,6lbs) \u00dchilduv VESA: 75x75; 100x100 Kallutusvahemik: +15\u00b0~-15\u00b0 P\u00f6\u00f6rdevahemik: + 30\u00b0~-30\u00b0 Ekraani p\u00f6\u00f6ramine: +180\u00b0~-180\u00b0 Posti k\u00f5rgus: 485 mm (19,1\") Paigaldamine: Laual eraldiseisev Kiiresti avatav VESA plaat: jah Kaabli haldamine: jah","og_url":"https:\/\/anelto.eu\/toode\/pro-gaming-lauajalg-uhe-monitori-kinnituseks-2\/","og_site_name":"Anelto - t\u00f6\u00f6ruumi efektiivsus","article_modified_time":"2021-03-22T16:12:03+00:00","og_image":[{"width":500,"height":500,"url":"https:\/\/anelto.eu\/wp-content\/uploads\/2021\/03\/a682ccf8-9d74-4fb7-b92c-d6d770a9f707_500_500.jpg","type":"image\/jpeg"}],"twitter_card":"summary_large_image","schema":{"@context":"https:\/\/schema.org","@graph":[{"@type":"WebPage","@id":"https:\/\/anelto.eu\/toode\/pro-gaming-lauajalg-uhe-monitori-kinnituseks-2\/","url":"https:\/\/anelto.eu\/toode\/pro-gaming-lauajalg-uhe-monitori-kinnituseks-2\/","name":"PRO GAMING lauajalg \u00fche monitori kinnituseks - Anelto - t\u00f6\u00f6ruumi efektiivsus","isPartOf":{"@id":"https:\/\/anelto.eu\/#website"},"primaryImageOfPage":{"@id":"https:\/\/anelto.eu\/toode\/pro-gaming-lauajalg-uhe-monitori-kinnituseks-2\/#primaryimage"},"image":{"@id":"https:\/\/anelto.eu\/toode\/pro-gaming-lauajalg-uhe-monitori-kinnituseks-2\/#primaryimage"},"thumbnailUrl":"https:\/\/anelto.eu\/wp-content\/uploads\/2021\/03\/a682ccf8-9d74-4fb7-b92c-d6d770a9f707_500_500.jpg","datePublished":"2021-03-22T08:00:49+00:00","dateModified":"2021-03-22T16:12:03+00:00","breadcrumb":{"@id":"https:\/\/anelto.eu\/toode\/pro-gaming-lauajalg-uhe-monitori-kinnituseks-2\/#breadcrumb"},"inLanguage":"en-US","potentialAction":[{"@type":"ReadAction","target":["https:\/\/anelto.eu\/toode\/pro-gaming-lauajalg-uhe-monitori-kinnituseks-2\/"]}]},{"@type":"ImageObject","inLanguage":"en-US","@id":"https:\/\/anelto.eu\/toode\/pro-gaming-lauajalg-uhe-monitori-kinnituseks-2\/#primaryimage","url":"https:\/\/anelto.eu\/wp-content\/uploads\/2021\/03\/a682ccf8-9d74-4fb7-b92c-d6d770a9f707_500_500.jpg","contentUrl":"https:\/\/anelto.eu\/wp-content\/uploads\/2021\/03\/a682ccf8-9d74-4fb7-b92c-d6d770a9f707_500_500.jpg","width":500,"height":500},{"@type":"BreadcrumbList","@id":"https:\/\/anelto.eu\/toode\/pro-gaming-lauajalg-uhe-monitori-kinnituseks-2\/#breadcrumb","itemListElement":[{"@type":"ListItem","position":1,"name":"Avaleht","item":"https:\/\/anelto.eu\/"},{"@type":"ListItem","position":2,"name":"Valdkonnad","item":"https:\/\/anelto.eu\/valdkonnad\/"},{"@type":"ListItem","position":3,"name":"Monitoride kinnitusk\u00e4ed","item":"https:\/\/anelto.eu\/tootekategooria\/monitoride-kinnituskaed\/"},{"@type":"ListItem","position":4,"name":"PRO GAMING lauajalg \u00fche monitori kinnituseks"}]},{"@type":"WebSite","@id":"https:\/\/anelto.eu\/#website","url":"https:\/\/anelto.eu\/","name":"Anelto - t\u00f6\u00f6ruumi efektiivsus","description":"Ergonoomiline t\u00f6\u00f6keskkond ja kinnituslahendused!","publisher":{"@id":"https:\/\/anelto.eu\/#organization"},"potentialAction":[{"@type":"SearchAction","target":{"@type":"EntryPoint","urlTemplate":"https:\/\/anelto.eu\/?s={search_term_string}"},"query-input":{"@type":"PropertyValueSpecification","valueRequired":true,"valueName":"search_term_string"}}],"inLanguage":"en-US"},{"@type":"Organization","@id":"https:\/\/anelto.eu\/#organization","name":"Anelto","url":"https:\/\/anelto.eu\/","logo":{"@type":"ImageObject","inLanguage":"en-US","@id":"https:\/\/anelto.eu\/#\/schema\/logo\/image\/","url":"https:\/\/anelto.eu\/wp-content\/uploads\/2020\/06\/Picture1.png","contentUrl":"https:\/\/anelto.eu\/wp-content\/uploads\/2020\/06\/Picture1.png","width":615,"height":331,"caption":"Anelto"},"image":{"@id":"https:\/\/anelto.eu\/#\/schema\/logo\/image\/"}}]}},"_links":{"self":[{"href":"https:\/\/anelto.eu\/en\/wp-json\/wp\/v2\/product\/4853","targetHints":{"allow":["GET"]}}],"collection":[{"href":"https:\/\/anelto.eu\/en\/wp-json\/wp\/v2\/product"}],"about":[{"href":"https:\/\/anelto.eu\/en\/wp-json\/wp\/v2\/types\/product"}],"replies":[{"embeddable":true,"href":"https:\/\/anelto.eu\/en\/wp-json\/wp\/v2\/comments?post=4853"}],"wp:featuredmedia":[{"embeddable":true,"href":"https:\/\/anelto.eu\/en\/wp-json\/wp\/v2\/media\/4854"}],"wp:attachment":[{"href":"https:\/\/anelto.eu\/en\/wp-json\/wp\/v2\/media?parent=4853"}],"wp:term":[{"taxonomy":"product_cat","embeddable":true,"href":"https:\/\/anelto.eu\/en\/wp-json\/wp\/v2\/product_cat?post=4853"},{"taxonomy":"product_tag","embeddable":true,"href":"https:\/\/anelto.eu\/en\/wp-json\/wp\/v2\/product_tag?post=4853"}],"curies":[{"name":"wp","href":"https:\/\/api.w.org\/{rel}","templated":true}]}}