{"id":4801,"date":"2021-03-22T07:40:09","date_gmt":"2021-03-22T07:40:09","guid":{"rendered":"https:\/\/anelto.eu\/?post_type=product&#038;p=4801"},"modified":"2021-03-22T16:15:44","modified_gmt":"2021-03-22T16:15:44","slug":"pro-gaming-kahe-monitori-kinnitus","status":"publish","type":"product","link":"https:\/\/anelto.eu\/en\/toode\/pro-gaming-kahe-monitori-kinnitus\/","title":{"rendered":"PRO GAMING kahe monitori kinnitus"},"content":{"rendered":"","protected":false},"excerpt":{"rendered":"<p>\u25cf Vedruga seadistatav mehhanism: v\u00f5imaldab h\u00f5lpsalt \u00fcles ja alla liikuda<br \/>\n\u25cf Eemaldatav VESA plaadikinnitus: v\u00f5imaldab h\u00f5lpsat paigaldamist<br \/>\n\u25cf 2 h\u00f5lpsasti ligip\u00e4\u00e4setavat USB 3.0 porti ja 2 multimeediumiporti<br \/>\n\u25cf Sisseehitatud vedru pingutusm\u00f5\u00f5tur: t\u00e4iuslikuks kaalu reguleerimiseks<br \/>\n\u25cf Sisseehitatud kaablihaldus: korrastatud ja korraliku t\u00f6\u00f6koha jaoks<br \/>\n\u25cf Lahe valgusefekt: sulandub sujuvalt igasse m\u00e4ngu<\/p>\n<p>Materjal: teras, alumiinium, plastik<br \/>\nPinnaviimistlus: pulberv\u00e4rv<br \/>\nV\u00e4rv: matt must<br \/>\nM\u00f5\u00f5tmed: 1068x149x650mm (42&#8243;x5,9&#8243;x25,6&#8243;)<br \/>\nSobib ekraani suurus: 17&#8243;-32&#8243;<br \/>\nKumer monitor: jah<br \/>\nEkraani kogus: 2<br \/>\nKaalumaht (ekraani kohta): 0~8 kg (0 naela ~ 17,6 naela)<br \/>\n\u00dchilduv VESA: 75&#215;75; 100&#215;100<br \/>\nKallutusvahemik: +40\u00b0~-40\u00b0<br \/>\nP\u00f6\u00f6rdevahemik: +90\u00b0~-90\u00b0<br \/>\nEkraani p\u00f6\u00f6ramine: +180\u00b0~-180\u00b0<br \/>\nK\u00e4e t\u00e4ispikendus: 480mm (18.9&#8243;)<br \/>\nPaigaldus: klamber, tihend<br \/>\nSoovitatav t\u00f6\u00f6laua paksus: klamber \uff1a 10 ~ 85mm<br \/>\nKiiresti paigaldatav VESA plaat: jah<br \/>\nUSB-port: 2xUSB 3.0 port<br \/>\nMultimeedia port: MIC-port, k\u00f5rvaklappide port<br \/>\nKaabli haldamine: jah<\/p>\n<p style=\"text-align: center;\"><img loading=\"lazy\" decoding=\"async\" class=\"alignnone size-medium wp-image-2558\" src=\"https:\/\/anelto.eu\/wp-content\/uploads\/2020\/12\/weffy_logo-300x130.png\" alt=\"\" width=\"300\" height=\"130\" \/><\/p>\n","protected":false},"featured_media":4802,"comment_status":"closed","ping_status":"closed","template":"","meta":{"_acf_changed":false},"product_cat":[83],"product_tag":[],"class_list":{"0":"post-4801","1":"product","2":"type-product","3":"status-publish","4":"has-post-thumbnail","6":"product_cat-monitoride-kinnituskaed","8":"first","9":"instock","10":"shipping-taxable","11":"product-type-simple"},"acf":[],"yoast_head":"<!-- This site is optimized with the Yoast SEO plugin v23.9 - https:\/\/yoast.com\/wordpress\/plugins\/seo\/ -->\n<title>PRO GAMING kahe monitori kinnitus - Anelto - t\u00f6\u00f6ruumi efektiivsus<\/title>\n<meta name=\"robots\" content=\"index, follow, max-snippet:-1, max-image-preview:large, max-video-preview:-1\" \/>\n<link rel=\"canonical\" href=\"https:\/\/anelto.eu\/toode\/pro-gaming-kahe-monitori-kinnitus\/\" \/>\n<meta property=\"og:locale\" content=\"en_US\" \/>\n<meta property=\"og:type\" content=\"article\" \/>\n<meta property=\"og:title\" content=\"PRO GAMING kahe monitori kinnitus - Anelto - t\u00f6\u00f6ruumi efektiivsus\" \/>\n<meta property=\"og:description\" content=\"\u25cf Vedruga seadistatav mehhanism: v\u00f5imaldab h\u00f5lpsalt \u00fcles ja alla liikuda \u25cf Eemaldatav VESA plaadikinnitus: v\u00f5imaldab h\u00f5lpsat paigaldamist \u25cf 2 h\u00f5lpsasti ligip\u00e4\u00e4setavat USB 3.0 porti ja 2 multimeediumiporti \u25cf Sisseehitatud vedru pingutusm\u00f5\u00f5tur: t\u00e4iuslikuks kaalu reguleerimiseks \u25cf Sisseehitatud kaablihaldus: korrastatud ja korraliku t\u00f6\u00f6koha jaoks \u25cf Lahe valgusefekt: sulandub sujuvalt igasse m\u00e4ngu  Materjal: teras, alumiinium, plastik Pinnaviimistlus: pulberv\u00e4rv V\u00e4rv: matt must M\u00f5\u00f5tmed: 1068x149x650mm (42&quot;x5,9&quot;x25,6&quot;) Sobib ekraani suurus: 17&quot;-32&quot; Kumer monitor: jah Ekraani kogus: 2 Kaalumaht (ekraani kohta): 0~8 kg (0 naela ~ 17,6 naela) \u00dchilduv VESA: 75x75; 100x100 Kallutusvahemik: +40\u00b0~-40\u00b0 P\u00f6\u00f6rdevahemik: +90\u00b0~-90\u00b0 Ekraani p\u00f6\u00f6ramine: +180\u00b0~-180\u00b0 K\u00e4e t\u00e4ispikendus: 480mm (18.9&quot;) Paigaldus: klamber, tihend Soovitatav t\u00f6\u00f6laua paksus: klamber \uff1a 10 ~ 85mm Kiiresti paigaldatav VESA plaat: jah USB-port: 2xUSB 3.0 port Multimeedia port: MIC-port, k\u00f5rvaklappide port Kaabli haldamine: jah\" \/>\n<meta property=\"og:url\" content=\"https:\/\/anelto.eu\/toode\/pro-gaming-kahe-monitori-kinnitus\/\" \/>\n<meta property=\"og:site_name\" content=\"Anelto - t\u00f6\u00f6ruumi efektiivsus\" \/>\n<meta property=\"article:modified_time\" content=\"2021-03-22T16:15:44+00:00\" \/>\n<meta property=\"og:image\" content=\"https:\/\/anelto.eu\/wp-content\/uploads\/2021\/03\/75dc175e-fa16-4daa-93c9-d7489cc41549_500_500.jpg\" \/>\n\t<meta property=\"og:image:width\" content=\"500\" \/>\n\t<meta property=\"og:image:height\" content=\"500\" \/>\n\t<meta property=\"og:image:type\" content=\"image\/jpeg\" \/>\n<meta name=\"twitter:card\" content=\"summary_large_image\" \/>\n<script type=\"application\/ld+json\" class=\"yoast-schema-graph\">{\"@context\":\"https:\/\/schema.org\",\"@graph\":[{\"@type\":\"WebPage\",\"@id\":\"https:\/\/anelto.eu\/toode\/pro-gaming-kahe-monitori-kinnitus\/\",\"url\":\"https:\/\/anelto.eu\/toode\/pro-gaming-kahe-monitori-kinnitus\/\",\"name\":\"PRO GAMING kahe monitori kinnitus - Anelto - t\u00f6\u00f6ruumi efektiivsus\",\"isPartOf\":{\"@id\":\"https:\/\/anelto.eu\/#website\"},\"primaryImageOfPage\":{\"@id\":\"https:\/\/anelto.eu\/toode\/pro-gaming-kahe-monitori-kinnitus\/#primaryimage\"},\"image\":{\"@id\":\"https:\/\/anelto.eu\/toode\/pro-gaming-kahe-monitori-kinnitus\/#primaryimage\"},\"thumbnailUrl\":\"https:\/\/anelto.eu\/wp-content\/uploads\/2021\/03\/75dc175e-fa16-4daa-93c9-d7489cc41549_500_500.jpg\",\"datePublished\":\"2021-03-22T07:40:09+00:00\",\"dateModified\":\"2021-03-22T16:15:44+00:00\",\"breadcrumb\":{\"@id\":\"https:\/\/anelto.eu\/toode\/pro-gaming-kahe-monitori-kinnitus\/#breadcrumb\"},\"inLanguage\":\"en-US\",\"potentialAction\":[{\"@type\":\"ReadAction\",\"target\":[\"https:\/\/anelto.eu\/toode\/pro-gaming-kahe-monitori-kinnitus\/\"]}]},{\"@type\":\"ImageObject\",\"inLanguage\":\"en-US\",\"@id\":\"https:\/\/anelto.eu\/toode\/pro-gaming-kahe-monitori-kinnitus\/#primaryimage\",\"url\":\"https:\/\/anelto.eu\/wp-content\/uploads\/2021\/03\/75dc175e-fa16-4daa-93c9-d7489cc41549_500_500.jpg\",\"contentUrl\":\"https:\/\/anelto.eu\/wp-content\/uploads\/2021\/03\/75dc175e-fa16-4daa-93c9-d7489cc41549_500_500.jpg\",\"width\":500,\"height\":500},{\"@type\":\"BreadcrumbList\",\"@id\":\"https:\/\/anelto.eu\/toode\/pro-gaming-kahe-monitori-kinnitus\/#breadcrumb\",\"itemListElement\":[{\"@type\":\"ListItem\",\"position\":1,\"name\":\"Avaleht\",\"item\":\"https:\/\/anelto.eu\/\"},{\"@type\":\"ListItem\",\"position\":2,\"name\":\"Valdkonnad\",\"item\":\"https:\/\/anelto.eu\/valdkonnad\/\"},{\"@type\":\"ListItem\",\"position\":3,\"name\":\"Monitoride kinnitusk\u00e4ed\",\"item\":\"https:\/\/anelto.eu\/tootekategooria\/monitoride-kinnituskaed\/\"},{\"@type\":\"ListItem\",\"position\":4,\"name\":\"PRO GAMING kahe monitori kinnitus\"}]},{\"@type\":\"WebSite\",\"@id\":\"https:\/\/anelto.eu\/#website\",\"url\":\"https:\/\/anelto.eu\/\",\"name\":\"Anelto - t\u00f6\u00f6ruumi efektiivsus\",\"description\":\"Ergonoomiline t\u00f6\u00f6keskkond ja kinnituslahendused!\",\"publisher\":{\"@id\":\"https:\/\/anelto.eu\/#organization\"},\"potentialAction\":[{\"@type\":\"SearchAction\",\"target\":{\"@type\":\"EntryPoint\",\"urlTemplate\":\"https:\/\/anelto.eu\/?s={search_term_string}\"},\"query-input\":{\"@type\":\"PropertyValueSpecification\",\"valueRequired\":true,\"valueName\":\"search_term_string\"}}],\"inLanguage\":\"en-US\"},{\"@type\":\"Organization\",\"@id\":\"https:\/\/anelto.eu\/#organization\",\"name\":\"Anelto\",\"url\":\"https:\/\/anelto.eu\/\",\"logo\":{\"@type\":\"ImageObject\",\"inLanguage\":\"en-US\",\"@id\":\"https:\/\/anelto.eu\/#\/schema\/logo\/image\/\",\"url\":\"https:\/\/anelto.eu\/wp-content\/uploads\/2020\/06\/Picture1.png\",\"contentUrl\":\"https:\/\/anelto.eu\/wp-content\/uploads\/2020\/06\/Picture1.png\",\"width\":615,\"height\":331,\"caption\":\"Anelto\"},\"image\":{\"@id\":\"https:\/\/anelto.eu\/#\/schema\/logo\/image\/\"}}]}<\/script>\n<!-- \/ Yoast SEO plugin. -->","yoast_head_json":{"title":"PRO GAMING kahe monitori kinnitus - Anelto - t\u00f6\u00f6ruumi efektiivsus","robots":{"index":"index","follow":"follow","max-snippet":"max-snippet:-1","max-image-preview":"max-image-preview:large","max-video-preview":"max-video-preview:-1"},"canonical":"https:\/\/anelto.eu\/toode\/pro-gaming-kahe-monitori-kinnitus\/","og_locale":"en_US","og_type":"article","og_title":"PRO GAMING kahe monitori kinnitus - Anelto - t\u00f6\u00f6ruumi efektiivsus","og_description":"\u25cf Vedruga seadistatav mehhanism: v\u00f5imaldab h\u00f5lpsalt \u00fcles ja alla liikuda \u25cf Eemaldatav VESA plaadikinnitus: v\u00f5imaldab h\u00f5lpsat paigaldamist \u25cf 2 h\u00f5lpsasti ligip\u00e4\u00e4setavat USB 3.0 porti ja 2 multimeediumiporti \u25cf Sisseehitatud vedru pingutusm\u00f5\u00f5tur: t\u00e4iuslikuks kaalu reguleerimiseks \u25cf Sisseehitatud kaablihaldus: korrastatud ja korraliku t\u00f6\u00f6koha jaoks \u25cf Lahe valgusefekt: sulandub sujuvalt igasse m\u00e4ngu  Materjal: teras, alumiinium, plastik Pinnaviimistlus: pulberv\u00e4rv V\u00e4rv: matt must M\u00f5\u00f5tmed: 1068x149x650mm (42\"x5,9\"x25,6\") Sobib ekraani suurus: 17\"-32\" Kumer monitor: jah Ekraani kogus: 2 Kaalumaht (ekraani kohta): 0~8 kg (0 naela ~ 17,6 naela) \u00dchilduv VESA: 75x75; 100x100 Kallutusvahemik: +40\u00b0~-40\u00b0 P\u00f6\u00f6rdevahemik: +90\u00b0~-90\u00b0 Ekraani p\u00f6\u00f6ramine: +180\u00b0~-180\u00b0 K\u00e4e t\u00e4ispikendus: 480mm (18.9\") Paigaldus: klamber, tihend Soovitatav t\u00f6\u00f6laua paksus: klamber \uff1a 10 ~ 85mm Kiiresti paigaldatav VESA plaat: jah USB-port: 2xUSB 3.0 port Multimeedia port: MIC-port, k\u00f5rvaklappide port Kaabli haldamine: jah","og_url":"https:\/\/anelto.eu\/toode\/pro-gaming-kahe-monitori-kinnitus\/","og_site_name":"Anelto - t\u00f6\u00f6ruumi efektiivsus","article_modified_time":"2021-03-22T16:15:44+00:00","og_image":[{"width":500,"height":500,"url":"https:\/\/anelto.eu\/wp-content\/uploads\/2021\/03\/75dc175e-fa16-4daa-93c9-d7489cc41549_500_500.jpg","type":"image\/jpeg"}],"twitter_card":"summary_large_image","schema":{"@context":"https:\/\/schema.org","@graph":[{"@type":"WebPage","@id":"https:\/\/anelto.eu\/toode\/pro-gaming-kahe-monitori-kinnitus\/","url":"https:\/\/anelto.eu\/toode\/pro-gaming-kahe-monitori-kinnitus\/","name":"PRO GAMING kahe monitori kinnitus - Anelto - t\u00f6\u00f6ruumi efektiivsus","isPartOf":{"@id":"https:\/\/anelto.eu\/#website"},"primaryImageOfPage":{"@id":"https:\/\/anelto.eu\/toode\/pro-gaming-kahe-monitori-kinnitus\/#primaryimage"},"image":{"@id":"https:\/\/anelto.eu\/toode\/pro-gaming-kahe-monitori-kinnitus\/#primaryimage"},"thumbnailUrl":"https:\/\/anelto.eu\/wp-content\/uploads\/2021\/03\/75dc175e-fa16-4daa-93c9-d7489cc41549_500_500.jpg","datePublished":"2021-03-22T07:40:09+00:00","dateModified":"2021-03-22T16:15:44+00:00","breadcrumb":{"@id":"https:\/\/anelto.eu\/toode\/pro-gaming-kahe-monitori-kinnitus\/#breadcrumb"},"inLanguage":"en-US","potentialAction":[{"@type":"ReadAction","target":["https:\/\/anelto.eu\/toode\/pro-gaming-kahe-monitori-kinnitus\/"]}]},{"@type":"ImageObject","inLanguage":"en-US","@id":"https:\/\/anelto.eu\/toode\/pro-gaming-kahe-monitori-kinnitus\/#primaryimage","url":"https:\/\/anelto.eu\/wp-content\/uploads\/2021\/03\/75dc175e-fa16-4daa-93c9-d7489cc41549_500_500.jpg","contentUrl":"https:\/\/anelto.eu\/wp-content\/uploads\/2021\/03\/75dc175e-fa16-4daa-93c9-d7489cc41549_500_500.jpg","width":500,"height":500},{"@type":"BreadcrumbList","@id":"https:\/\/anelto.eu\/toode\/pro-gaming-kahe-monitori-kinnitus\/#breadcrumb","itemListElement":[{"@type":"ListItem","position":1,"name":"Avaleht","item":"https:\/\/anelto.eu\/"},{"@type":"ListItem","position":2,"name":"Valdkonnad","item":"https:\/\/anelto.eu\/valdkonnad\/"},{"@type":"ListItem","position":3,"name":"Monitoride kinnitusk\u00e4ed","item":"https:\/\/anelto.eu\/tootekategooria\/monitoride-kinnituskaed\/"},{"@type":"ListItem","position":4,"name":"PRO GAMING kahe monitori kinnitus"}]},{"@type":"WebSite","@id":"https:\/\/anelto.eu\/#website","url":"https:\/\/anelto.eu\/","name":"Anelto - t\u00f6\u00f6ruumi efektiivsus","description":"Ergonoomiline t\u00f6\u00f6keskkond ja kinnituslahendused!","publisher":{"@id":"https:\/\/anelto.eu\/#organization"},"potentialAction":[{"@type":"SearchAction","target":{"@type":"EntryPoint","urlTemplate":"https:\/\/anelto.eu\/?s={search_term_string}"},"query-input":{"@type":"PropertyValueSpecification","valueRequired":true,"valueName":"search_term_string"}}],"inLanguage":"en-US"},{"@type":"Organization","@id":"https:\/\/anelto.eu\/#organization","name":"Anelto","url":"https:\/\/anelto.eu\/","logo":{"@type":"ImageObject","inLanguage":"en-US","@id":"https:\/\/anelto.eu\/#\/schema\/logo\/image\/","url":"https:\/\/anelto.eu\/wp-content\/uploads\/2020\/06\/Picture1.png","contentUrl":"https:\/\/anelto.eu\/wp-content\/uploads\/2020\/06\/Picture1.png","width":615,"height":331,"caption":"Anelto"},"image":{"@id":"https:\/\/anelto.eu\/#\/schema\/logo\/image\/"}}]}},"_links":{"self":[{"href":"https:\/\/anelto.eu\/en\/wp-json\/wp\/v2\/product\/4801","targetHints":{"allow":["GET"]}}],"collection":[{"href":"https:\/\/anelto.eu\/en\/wp-json\/wp\/v2\/product"}],"about":[{"href":"https:\/\/anelto.eu\/en\/wp-json\/wp\/v2\/types\/product"}],"replies":[{"embeddable":true,"href":"https:\/\/anelto.eu\/en\/wp-json\/wp\/v2\/comments?post=4801"}],"wp:featuredmedia":[{"embeddable":true,"href":"https:\/\/anelto.eu\/en\/wp-json\/wp\/v2\/media\/4802"}],"wp:attachment":[{"href":"https:\/\/anelto.eu\/en\/wp-json\/wp\/v2\/media?parent=4801"}],"wp:term":[{"taxonomy":"product_cat","embeddable":true,"href":"https:\/\/anelto.eu\/en\/wp-json\/wp\/v2\/product_cat?post=4801"},{"taxonomy":"product_tag","embeddable":true,"href":"https:\/\/anelto.eu\/en\/wp-json\/wp\/v2\/product_tag?post=4801"}],"curies":[{"name":"wp","href":"https:\/\/api.w.org\/{rel}","templated":true}]}}