{"id":4722,"date":"2021-03-18T15:41:03","date_gmt":"2021-03-18T15:41:03","guid":{"rendered":"https:\/\/anelto.eu\/?post_type=product&#038;p=4722"},"modified":"2021-03-22T16:17:46","modified_gmt":"2021-03-22T16:17:46","slug":"alumiiniumist-kahe-monitori-kinnitus-gaasiamordiga","status":"publish","type":"product","link":"https:\/\/anelto.eu\/en\/toode\/alumiiniumist-kahe-monitori-kinnitus-gaasiamordiga\/","title":{"rendered":"Alumiiniumist kahe monitori kinnitus, gaasiamordiga"},"content":{"rendered":"","protected":false},"excerpt":{"rendered":"<p>\u25cf Vastutasakaalu gaasivedru: maksimaalse paindlikkuse ja positsioneerimise tagamiseks<br \/>\n\u25cf K\u00fclgmised nihutusklambrid: v\u00f5imaldavad kiiret seadmistamist<br \/>\n\u25cf Vabakallutatav disain: v\u00f5imaldab h\u00f5lpsamat reguleerimist edasi-tagasi + parem n\u00e4htavus<br \/>\n\u25cf Lihtne k\u00e4epide: tagab kindla hoidmise<br \/>\n\u25cf Sisseehitatud vedru pingutusm\u00f5\u00f5tur: t\u00e4iuslikuks kaalu reguleerimiseks<br \/>\n\u25cf Eemaldatav VESA plaadikinnitus: v\u00f5imaldab h\u00f5lpsat paigaldamist<br \/>\n\u25cf Kergelt reguleeritav k\u00f5rgus: optimaalse ergonoomilise asendi tagamiseks<br \/>\n\u25cf Sisseehitatud kaablihaldus: tagab korrastatud ja korraliku t\u00f6\u00f6koha<\/p>\n<p>Materjal: alumiinium, plast, teras<br \/>\nPinna viimistlus: pulberv\u00e4rv<br \/>\nV\u00e4rv: matt must<br \/>\nM\u00f5\u00f5tmed: 957x598x873mm (37,7 &#8220;x23,5&#8243; x 34,4&#8243;)<br \/>\nSobib ekraani suurus: 17&#8243;-35&#8243;<br \/>\nKumer monitor: jah<br \/>\nEkraani kogus: 2<br \/>\nKaalumaht (ekraani kohta): 0 ~ 10kg (0lbs ~ 22lbs)<br \/>\n\u00dchilduv VESA: 75&#215;75,100&#215;100<br \/>\nKallutusvahemik: +45\u00b0~-22\u00b0<br \/>\nP\u00f6\u00f6rdevahemik: +32\u00b0~-32\u00b0<br \/>\nEkraani p\u00f6\u00f6ramine: +90\u00b0~-90\u00b0<br \/>\nK\u00e4e t\u00e4ispikendus: 436mm (17,2&#8221;)<br \/>\nPaigaldus: tihend, klamber<br \/>\nSoovitatav t\u00f6\u00f6laua paksus:10~84mm<br \/>\nKiiresti vabastatav VESA plaat: jah<br \/>\nUSB-port: ei<br \/>\nMultimeedia port: ei<br \/>\nKaabli haldamine: jah<\/p>\n<p style=\"text-align: center;\"><img loading=\"lazy\" decoding=\"async\" class=\"alignnone size-medium wp-image-2558\" src=\"https:\/\/anelto.eu\/wp-content\/uploads\/2020\/12\/weffy_logo-300x130.png\" alt=\"\" width=\"300\" height=\"130\" \/><\/p>\n","protected":false},"featured_media":4723,"comment_status":"closed","ping_status":"closed","template":"","meta":{"_acf_changed":false},"product_cat":[83],"product_tag":[],"class_list":{"0":"post-4722","1":"product","2":"type-product","3":"status-publish","4":"has-post-thumbnail","6":"product_cat-monitoride-kinnituskaed","8":"first","9":"instock","10":"shipping-taxable","11":"product-type-simple"},"acf":[],"yoast_head":"<!-- This site is optimized with the Yoast SEO plugin v23.9 - https:\/\/yoast.com\/wordpress\/plugins\/seo\/ -->\n<title>Alumiiniumist kahe monitori kinnitus, gaasiamordiga - Anelto - t\u00f6\u00f6ruumi efektiivsus<\/title>\n<meta name=\"robots\" content=\"index, follow, max-snippet:-1, max-image-preview:large, max-video-preview:-1\" \/>\n<link rel=\"canonical\" href=\"https:\/\/anelto.eu\/toode\/alumiiniumist-kahe-monitori-kinnitus-gaasiamordiga\/\" \/>\n<meta property=\"og:locale\" content=\"en_US\" \/>\n<meta property=\"og:type\" content=\"article\" \/>\n<meta property=\"og:title\" content=\"Alumiiniumist kahe monitori kinnitus, gaasiamordiga - Anelto - t\u00f6\u00f6ruumi efektiivsus\" \/>\n<meta property=\"og:description\" content=\"\u25cf Vastutasakaalu gaasivedru: maksimaalse paindlikkuse ja positsioneerimise tagamiseks \u25cf K\u00fclgmised nihutusklambrid: v\u00f5imaldavad kiiret seadmistamist \u25cf Vabakallutatav disain: v\u00f5imaldab h\u00f5lpsamat reguleerimist edasi-tagasi + parem n\u00e4htavus \u25cf Lihtne k\u00e4epide: tagab kindla hoidmise \u25cf Sisseehitatud vedru pingutusm\u00f5\u00f5tur: t\u00e4iuslikuks kaalu reguleerimiseks \u25cf Eemaldatav VESA plaadikinnitus: v\u00f5imaldab h\u00f5lpsat paigaldamist \u25cf Kergelt reguleeritav k\u00f5rgus: optimaalse ergonoomilise asendi tagamiseks \u25cf Sisseehitatud kaablihaldus: tagab korrastatud ja korraliku t\u00f6\u00f6koha  Materjal: alumiinium, plast, teras Pinna viimistlus: pulberv\u00e4rv V\u00e4rv: matt must M\u00f5\u00f5tmed: 957x598x873mm (37,7 &quot;x23,5&quot; x 34,4&quot;) Sobib ekraani suurus: 17&quot;-35&quot; Kumer monitor: jah Ekraani kogus: 2 Kaalumaht (ekraani kohta): 0 ~ 10kg (0lbs ~ 22lbs) \u00dchilduv VESA: 75x75,100x100 Kallutusvahemik: +45\u00b0~-22\u00b0 P\u00f6\u00f6rdevahemik: +32\u00b0~-32\u00b0 Ekraani p\u00f6\u00f6ramine: +90\u00b0~-90\u00b0 K\u00e4e t\u00e4ispikendus: 436mm (17,2&quot;) Paigaldus: tihend, klamber Soovitatav t\u00f6\u00f6laua paksus:10~84mm Kiiresti vabastatav VESA plaat: jah USB-port: ei Multimeedia port: ei Kaabli haldamine: jah\" \/>\n<meta property=\"og:url\" content=\"https:\/\/anelto.eu\/toode\/alumiiniumist-kahe-monitori-kinnitus-gaasiamordiga\/\" \/>\n<meta property=\"og:site_name\" content=\"Anelto - t\u00f6\u00f6ruumi efektiivsus\" \/>\n<meta property=\"article:modified_time\" content=\"2021-03-22T16:17:46+00:00\" \/>\n<meta property=\"og:image\" content=\"https:\/\/anelto.eu\/wp-content\/uploads\/2021\/03\/61a711ad-fe86-49dd-9e7c-faac907eb276_500_500.jpg\" \/>\n\t<meta property=\"og:image:width\" content=\"500\" \/>\n\t<meta property=\"og:image:height\" content=\"500\" \/>\n\t<meta property=\"og:image:type\" content=\"image\/jpeg\" \/>\n<meta name=\"twitter:card\" content=\"summary_large_image\" \/>\n<script type=\"application\/ld+json\" class=\"yoast-schema-graph\">{\"@context\":\"https:\/\/schema.org\",\"@graph\":[{\"@type\":\"WebPage\",\"@id\":\"https:\/\/anelto.eu\/toode\/alumiiniumist-kahe-monitori-kinnitus-gaasiamordiga\/\",\"url\":\"https:\/\/anelto.eu\/toode\/alumiiniumist-kahe-monitori-kinnitus-gaasiamordiga\/\",\"name\":\"Alumiiniumist kahe monitori kinnitus, gaasiamordiga - Anelto - t\u00f6\u00f6ruumi efektiivsus\",\"isPartOf\":{\"@id\":\"https:\/\/anelto.eu\/#website\"},\"primaryImageOfPage\":{\"@id\":\"https:\/\/anelto.eu\/toode\/alumiiniumist-kahe-monitori-kinnitus-gaasiamordiga\/#primaryimage\"},\"image\":{\"@id\":\"https:\/\/anelto.eu\/toode\/alumiiniumist-kahe-monitori-kinnitus-gaasiamordiga\/#primaryimage\"},\"thumbnailUrl\":\"https:\/\/anelto.eu\/wp-content\/uploads\/2021\/03\/61a711ad-fe86-49dd-9e7c-faac907eb276_500_500.jpg\",\"datePublished\":\"2021-03-18T15:41:03+00:00\",\"dateModified\":\"2021-03-22T16:17:46+00:00\",\"breadcrumb\":{\"@id\":\"https:\/\/anelto.eu\/toode\/alumiiniumist-kahe-monitori-kinnitus-gaasiamordiga\/#breadcrumb\"},\"inLanguage\":\"en-US\",\"potentialAction\":[{\"@type\":\"ReadAction\",\"target\":[\"https:\/\/anelto.eu\/toode\/alumiiniumist-kahe-monitori-kinnitus-gaasiamordiga\/\"]}]},{\"@type\":\"ImageObject\",\"inLanguage\":\"en-US\",\"@id\":\"https:\/\/anelto.eu\/toode\/alumiiniumist-kahe-monitori-kinnitus-gaasiamordiga\/#primaryimage\",\"url\":\"https:\/\/anelto.eu\/wp-content\/uploads\/2021\/03\/61a711ad-fe86-49dd-9e7c-faac907eb276_500_500.jpg\",\"contentUrl\":\"https:\/\/anelto.eu\/wp-content\/uploads\/2021\/03\/61a711ad-fe86-49dd-9e7c-faac907eb276_500_500.jpg\",\"width\":500,\"height\":500},{\"@type\":\"BreadcrumbList\",\"@id\":\"https:\/\/anelto.eu\/toode\/alumiiniumist-kahe-monitori-kinnitus-gaasiamordiga\/#breadcrumb\",\"itemListElement\":[{\"@type\":\"ListItem\",\"position\":1,\"name\":\"Avaleht\",\"item\":\"https:\/\/anelto.eu\/\"},{\"@type\":\"ListItem\",\"position\":2,\"name\":\"Valdkonnad\",\"item\":\"https:\/\/anelto.eu\/valdkonnad\/\"},{\"@type\":\"ListItem\",\"position\":3,\"name\":\"Monitoride kinnitusk\u00e4ed\",\"item\":\"https:\/\/anelto.eu\/tootekategooria\/monitoride-kinnituskaed\/\"},{\"@type\":\"ListItem\",\"position\":4,\"name\":\"Alumiiniumist kahe monitori kinnitus, gaasiamordiga\"}]},{\"@type\":\"WebSite\",\"@id\":\"https:\/\/anelto.eu\/#website\",\"url\":\"https:\/\/anelto.eu\/\",\"name\":\"Anelto - t\u00f6\u00f6ruumi efektiivsus\",\"description\":\"Ergonoomiline t\u00f6\u00f6keskkond ja kinnituslahendused!\",\"publisher\":{\"@id\":\"https:\/\/anelto.eu\/#organization\"},\"potentialAction\":[{\"@type\":\"SearchAction\",\"target\":{\"@type\":\"EntryPoint\",\"urlTemplate\":\"https:\/\/anelto.eu\/?s={search_term_string}\"},\"query-input\":{\"@type\":\"PropertyValueSpecification\",\"valueRequired\":true,\"valueName\":\"search_term_string\"}}],\"inLanguage\":\"en-US\"},{\"@type\":\"Organization\",\"@id\":\"https:\/\/anelto.eu\/#organization\",\"name\":\"Anelto\",\"url\":\"https:\/\/anelto.eu\/\",\"logo\":{\"@type\":\"ImageObject\",\"inLanguage\":\"en-US\",\"@id\":\"https:\/\/anelto.eu\/#\/schema\/logo\/image\/\",\"url\":\"https:\/\/anelto.eu\/wp-content\/uploads\/2020\/06\/Picture1.png\",\"contentUrl\":\"https:\/\/anelto.eu\/wp-content\/uploads\/2020\/06\/Picture1.png\",\"width\":615,\"height\":331,\"caption\":\"Anelto\"},\"image\":{\"@id\":\"https:\/\/anelto.eu\/#\/schema\/logo\/image\/\"}}]}<\/script>\n<!-- \/ Yoast SEO plugin. -->","yoast_head_json":{"title":"Alumiiniumist kahe monitori kinnitus, gaasiamordiga - Anelto - t\u00f6\u00f6ruumi efektiivsus","robots":{"index":"index","follow":"follow","max-snippet":"max-snippet:-1","max-image-preview":"max-image-preview:large","max-video-preview":"max-video-preview:-1"},"canonical":"https:\/\/anelto.eu\/toode\/alumiiniumist-kahe-monitori-kinnitus-gaasiamordiga\/","og_locale":"en_US","og_type":"article","og_title":"Alumiiniumist kahe monitori kinnitus, gaasiamordiga - Anelto - t\u00f6\u00f6ruumi efektiivsus","og_description":"\u25cf Vastutasakaalu gaasivedru: maksimaalse paindlikkuse ja positsioneerimise tagamiseks \u25cf K\u00fclgmised nihutusklambrid: v\u00f5imaldavad kiiret seadmistamist \u25cf Vabakallutatav disain: v\u00f5imaldab h\u00f5lpsamat reguleerimist edasi-tagasi + parem n\u00e4htavus \u25cf Lihtne k\u00e4epide: tagab kindla hoidmise \u25cf Sisseehitatud vedru pingutusm\u00f5\u00f5tur: t\u00e4iuslikuks kaalu reguleerimiseks \u25cf Eemaldatav VESA plaadikinnitus: v\u00f5imaldab h\u00f5lpsat paigaldamist \u25cf Kergelt reguleeritav k\u00f5rgus: optimaalse ergonoomilise asendi tagamiseks \u25cf Sisseehitatud kaablihaldus: tagab korrastatud ja korraliku t\u00f6\u00f6koha  Materjal: alumiinium, plast, teras Pinna viimistlus: pulberv\u00e4rv V\u00e4rv: matt must M\u00f5\u00f5tmed: 957x598x873mm (37,7 \"x23,5\" x 34,4\") Sobib ekraani suurus: 17\"-35\" Kumer monitor: jah Ekraani kogus: 2 Kaalumaht (ekraani kohta): 0 ~ 10kg (0lbs ~ 22lbs) \u00dchilduv VESA: 75x75,100x100 Kallutusvahemik: +45\u00b0~-22\u00b0 P\u00f6\u00f6rdevahemik: +32\u00b0~-32\u00b0 Ekraani p\u00f6\u00f6ramine: +90\u00b0~-90\u00b0 K\u00e4e t\u00e4ispikendus: 436mm (17,2\") Paigaldus: tihend, klamber Soovitatav t\u00f6\u00f6laua paksus:10~84mm Kiiresti vabastatav VESA plaat: jah USB-port: ei Multimeedia port: ei Kaabli haldamine: jah","og_url":"https:\/\/anelto.eu\/toode\/alumiiniumist-kahe-monitori-kinnitus-gaasiamordiga\/","og_site_name":"Anelto - t\u00f6\u00f6ruumi efektiivsus","article_modified_time":"2021-03-22T16:17:46+00:00","og_image":[{"width":500,"height":500,"url":"https:\/\/anelto.eu\/wp-content\/uploads\/2021\/03\/61a711ad-fe86-49dd-9e7c-faac907eb276_500_500.jpg","type":"image\/jpeg"}],"twitter_card":"summary_large_image","schema":{"@context":"https:\/\/schema.org","@graph":[{"@type":"WebPage","@id":"https:\/\/anelto.eu\/toode\/alumiiniumist-kahe-monitori-kinnitus-gaasiamordiga\/","url":"https:\/\/anelto.eu\/toode\/alumiiniumist-kahe-monitori-kinnitus-gaasiamordiga\/","name":"Alumiiniumist kahe monitori kinnitus, gaasiamordiga - Anelto - t\u00f6\u00f6ruumi efektiivsus","isPartOf":{"@id":"https:\/\/anelto.eu\/#website"},"primaryImageOfPage":{"@id":"https:\/\/anelto.eu\/toode\/alumiiniumist-kahe-monitori-kinnitus-gaasiamordiga\/#primaryimage"},"image":{"@id":"https:\/\/anelto.eu\/toode\/alumiiniumist-kahe-monitori-kinnitus-gaasiamordiga\/#primaryimage"},"thumbnailUrl":"https:\/\/anelto.eu\/wp-content\/uploads\/2021\/03\/61a711ad-fe86-49dd-9e7c-faac907eb276_500_500.jpg","datePublished":"2021-03-18T15:41:03+00:00","dateModified":"2021-03-22T16:17:46+00:00","breadcrumb":{"@id":"https:\/\/anelto.eu\/toode\/alumiiniumist-kahe-monitori-kinnitus-gaasiamordiga\/#breadcrumb"},"inLanguage":"en-US","potentialAction":[{"@type":"ReadAction","target":["https:\/\/anelto.eu\/toode\/alumiiniumist-kahe-monitori-kinnitus-gaasiamordiga\/"]}]},{"@type":"ImageObject","inLanguage":"en-US","@id":"https:\/\/anelto.eu\/toode\/alumiiniumist-kahe-monitori-kinnitus-gaasiamordiga\/#primaryimage","url":"https:\/\/anelto.eu\/wp-content\/uploads\/2021\/03\/61a711ad-fe86-49dd-9e7c-faac907eb276_500_500.jpg","contentUrl":"https:\/\/anelto.eu\/wp-content\/uploads\/2021\/03\/61a711ad-fe86-49dd-9e7c-faac907eb276_500_500.jpg","width":500,"height":500},{"@type":"BreadcrumbList","@id":"https:\/\/anelto.eu\/toode\/alumiiniumist-kahe-monitori-kinnitus-gaasiamordiga\/#breadcrumb","itemListElement":[{"@type":"ListItem","position":1,"name":"Avaleht","item":"https:\/\/anelto.eu\/"},{"@type":"ListItem","position":2,"name":"Valdkonnad","item":"https:\/\/anelto.eu\/valdkonnad\/"},{"@type":"ListItem","position":3,"name":"Monitoride kinnitusk\u00e4ed","item":"https:\/\/anelto.eu\/tootekategooria\/monitoride-kinnituskaed\/"},{"@type":"ListItem","position":4,"name":"Alumiiniumist kahe monitori kinnitus, gaasiamordiga"}]},{"@type":"WebSite","@id":"https:\/\/anelto.eu\/#website","url":"https:\/\/anelto.eu\/","name":"Anelto - t\u00f6\u00f6ruumi efektiivsus","description":"Ergonoomiline t\u00f6\u00f6keskkond ja kinnituslahendused!","publisher":{"@id":"https:\/\/anelto.eu\/#organization"},"potentialAction":[{"@type":"SearchAction","target":{"@type":"EntryPoint","urlTemplate":"https:\/\/anelto.eu\/?s={search_term_string}"},"query-input":{"@type":"PropertyValueSpecification","valueRequired":true,"valueName":"search_term_string"}}],"inLanguage":"en-US"},{"@type":"Organization","@id":"https:\/\/anelto.eu\/#organization","name":"Anelto","url":"https:\/\/anelto.eu\/","logo":{"@type":"ImageObject","inLanguage":"en-US","@id":"https:\/\/anelto.eu\/#\/schema\/logo\/image\/","url":"https:\/\/anelto.eu\/wp-content\/uploads\/2020\/06\/Picture1.png","contentUrl":"https:\/\/anelto.eu\/wp-content\/uploads\/2020\/06\/Picture1.png","width":615,"height":331,"caption":"Anelto"},"image":{"@id":"https:\/\/anelto.eu\/#\/schema\/logo\/image\/"}}]}},"_links":{"self":[{"href":"https:\/\/anelto.eu\/en\/wp-json\/wp\/v2\/product\/4722","targetHints":{"allow":["GET"]}}],"collection":[{"href":"https:\/\/anelto.eu\/en\/wp-json\/wp\/v2\/product"}],"about":[{"href":"https:\/\/anelto.eu\/en\/wp-json\/wp\/v2\/types\/product"}],"replies":[{"embeddable":true,"href":"https:\/\/anelto.eu\/en\/wp-json\/wp\/v2\/comments?post=4722"}],"wp:featuredmedia":[{"embeddable":true,"href":"https:\/\/anelto.eu\/en\/wp-json\/wp\/v2\/media\/4723"}],"wp:attachment":[{"href":"https:\/\/anelto.eu\/en\/wp-json\/wp\/v2\/media?parent=4722"}],"wp:term":[{"taxonomy":"product_cat","embeddable":true,"href":"https:\/\/anelto.eu\/en\/wp-json\/wp\/v2\/product_cat?post=4722"},{"taxonomy":"product_tag","embeddable":true,"href":"https:\/\/anelto.eu\/en\/wp-json\/wp\/v2\/product_tag?post=4722"}],"curies":[{"name":"wp","href":"https:\/\/api.w.org\/{rel}","templated":true}]}}