{"id":4682,"date":"2021-03-17T14:47:09","date_gmt":"2021-03-17T14:47:09","guid":{"rendered":"https:\/\/anelto.eu\/?post_type=product&#038;p=4682"},"modified":"2021-03-22T16:17:05","modified_gmt":"2021-03-22T16:17:05","slug":"kahe-monitori-kinnitus-istumis-seismistookohale-komplektis-arvuti-kinnitus","status":"publish","type":"product","link":"https:\/\/anelto.eu\/en\/toode\/kahe-monitori-kinnitus-istumis-seismistookohale-komplektis-arvuti-kinnitus\/","title":{"rendered":"Kahe monitori kinnitus istumis-seismist\u00f6\u00f6kohale. Komplektis arvuti kinnitus"},"content":{"rendered":"","protected":false},"excerpt":{"rendered":"<p>\u25cf Kaasas olev arvuti kinnitus: hoiab teie arvutitorni maast lahti &#8211; s\u00e4\u00e4stes rohkem ruumi oma t\u00f6\u00f6piirkonna jaoks<br \/>\n\u25cf T\u00e4isliigutusmehhanism: optimeeritud vaateasendi jaoks<br \/>\n\u25cf Teine telefonide, statsionaarsete ja muude lisaseadmete hoidmisalus<br \/>\n\u25cf Seadistamine\/fikseerimine ilma t\u00f6\u00f6riistadeta<br \/>\n\u25cf Klaviatuuri klapp-alus: s\u00e4\u00e4stab ruumi, kui seda ei kasutata<br \/>\n\u25cf Gaasiamort: tagab sujuva ja pehme liigutamise<br \/>\n\u25cf Integreeritud liigend: v\u00f5imaldab reguleerida ekraani kallet ja p\u00f6\u00f6ramist<br \/>\n\u25cf Kaablihaldus: aitab peita k\u00f5ik ekraani kaablid<\/p>\n<p>Materjal: teras, alumiinium, plastik<br \/>\nV\u00e4rv: must<br \/>\nM\u00f5\u00f5tmed: 717x917x944mm (28,2 &#8220;x36,1&#8221; x37,2 &#8220;)<br \/>\nSobib ekraani suurus: 17&#8243;-27&#8243;<br \/>\n\u00dchilduv VESA: 75&#215;75,100&#215;100<br \/>\nMonitori kaal (ekraani kohta): 0 ~ 6 kg (0 naela ~ 13,2 naela)<br \/>\nKallutusvahemik: +10\u00b0~-10\u00b0 P\u00f6\u00f6rdevahemik: +10\u00b0~-10\u00b0<br \/>\nEkraani p\u00f6\u00f6ramine: +180\u00b0~-180\u00b0<br \/>\nKlaviatuuri salve kaal: 1kg (2,2 naela)<br \/>\nK\u00f5rguse vahemik: 515mm (20,3&#8221;)<br \/>\nK\u00f5rguse reguleerimine: k\u00e4sitsi<br \/>\nKiirelt vabastatav VESA plaat: jah<br \/>\nPaigaldamine: seinale<\/p>\n<p style=\"text-align: center;\"><img loading=\"lazy\" decoding=\"async\" class=\"alignnone size-medium wp-image-2558\" src=\"https:\/\/anelto.eu\/wp-content\/uploads\/2020\/12\/weffy_logo-300x130.png\" alt=\"\" width=\"300\" height=\"130\" \/><\/p>\n","protected":false},"featured_media":4683,"comment_status":"closed","ping_status":"closed","template":"","meta":{"_acf_changed":false},"product_cat":[83],"product_tag":[],"class_list":{"0":"post-4682","1":"product","2":"type-product","3":"status-publish","4":"has-post-thumbnail","6":"product_cat-monitoride-kinnituskaed","8":"first","9":"instock","10":"shipping-taxable","11":"product-type-simple"},"acf":[],"yoast_head":"<!-- This site is optimized with the Yoast SEO plugin v23.9 - https:\/\/yoast.com\/wordpress\/plugins\/seo\/ -->\n<title>Kahe monitori kinnitus istumis-seismist\u00f6\u00f6kohale. Komplektis arvuti kinnitus - Anelto - t\u00f6\u00f6ruumi efektiivsus<\/title>\n<meta name=\"robots\" content=\"index, follow, max-snippet:-1, max-image-preview:large, max-video-preview:-1\" \/>\n<link rel=\"canonical\" href=\"https:\/\/anelto.eu\/toode\/kahe-monitori-kinnitus-istumis-seismistookohale-komplektis-arvuti-kinnitus\/\" \/>\n<meta property=\"og:locale\" content=\"en_US\" \/>\n<meta property=\"og:type\" content=\"article\" \/>\n<meta property=\"og:title\" content=\"Kahe monitori kinnitus istumis-seismist\u00f6\u00f6kohale. Komplektis arvuti kinnitus - Anelto - t\u00f6\u00f6ruumi efektiivsus\" \/>\n<meta property=\"og:description\" content=\"\u25cf Kaasas olev arvuti kinnitus: hoiab teie arvutitorni maast lahti - s\u00e4\u00e4stes rohkem ruumi oma t\u00f6\u00f6piirkonna jaoks \u25cf T\u00e4isliigutusmehhanism: optimeeritud vaateasendi jaoks \u25cf Teine telefonide, statsionaarsete ja muude lisaseadmete hoidmisalus \u25cf Seadistamine\/fikseerimine ilma t\u00f6\u00f6riistadeta \u25cf Klaviatuuri klapp-alus: s\u00e4\u00e4stab ruumi, kui seda ei kasutata \u25cf Gaasiamort: tagab sujuva ja pehme liigutamise \u25cf Integreeritud liigend: v\u00f5imaldab reguleerida ekraani kallet ja p\u00f6\u00f6ramist \u25cf Kaablihaldus: aitab peita k\u00f5ik ekraani kaablid  Materjal: teras, alumiinium, plastik V\u00e4rv: must M\u00f5\u00f5tmed: 717x917x944mm (28,2 &quot;x36,1&quot; x37,2 &quot;) Sobib ekraani suurus: 17&quot;-27&quot; \u00dchilduv VESA: 75x75,100x100 Monitori kaal (ekraani kohta): 0 ~ 6 kg (0 naela ~ 13,2 naela) Kallutusvahemik: +10\u00b0~-10\u00b0 P\u00f6\u00f6rdevahemik: +10\u00b0~-10\u00b0 Ekraani p\u00f6\u00f6ramine: +180\u00b0~-180\u00b0 Klaviatuuri salve kaal: 1kg (2,2 naela) K\u00f5rguse vahemik: 515mm (20,3&quot;) K\u00f5rguse reguleerimine: k\u00e4sitsi Kiirelt vabastatav VESA plaat: jah Paigaldamine: seinale\" \/>\n<meta property=\"og:url\" content=\"https:\/\/anelto.eu\/toode\/kahe-monitori-kinnitus-istumis-seismistookohale-komplektis-arvuti-kinnitus\/\" \/>\n<meta property=\"og:site_name\" content=\"Anelto - t\u00f6\u00f6ruumi efektiivsus\" \/>\n<meta property=\"article:modified_time\" content=\"2021-03-22T16:17:05+00:00\" \/>\n<meta property=\"og:image\" content=\"https:\/\/anelto.eu\/wp-content\/uploads\/2021\/03\/105c14d2-e064-4ec8-9ebf-00c46a29ee25_500_500.jpg\" \/>\n\t<meta property=\"og:image:width\" content=\"500\" \/>\n\t<meta property=\"og:image:height\" content=\"500\" \/>\n\t<meta property=\"og:image:type\" content=\"image\/jpeg\" \/>\n<meta name=\"twitter:card\" content=\"summary_large_image\" \/>\n<script type=\"application\/ld+json\" class=\"yoast-schema-graph\">{\"@context\":\"https:\/\/schema.org\",\"@graph\":[{\"@type\":\"WebPage\",\"@id\":\"https:\/\/anelto.eu\/toode\/kahe-monitori-kinnitus-istumis-seismistookohale-komplektis-arvuti-kinnitus\/\",\"url\":\"https:\/\/anelto.eu\/toode\/kahe-monitori-kinnitus-istumis-seismistookohale-komplektis-arvuti-kinnitus\/\",\"name\":\"Kahe monitori kinnitus istumis-seismist\u00f6\u00f6kohale. Komplektis arvuti kinnitus - Anelto - t\u00f6\u00f6ruumi efektiivsus\",\"isPartOf\":{\"@id\":\"https:\/\/anelto.eu\/#website\"},\"primaryImageOfPage\":{\"@id\":\"https:\/\/anelto.eu\/toode\/kahe-monitori-kinnitus-istumis-seismistookohale-komplektis-arvuti-kinnitus\/#primaryimage\"},\"image\":{\"@id\":\"https:\/\/anelto.eu\/toode\/kahe-monitori-kinnitus-istumis-seismistookohale-komplektis-arvuti-kinnitus\/#primaryimage\"},\"thumbnailUrl\":\"https:\/\/anelto.eu\/wp-content\/uploads\/2021\/03\/105c14d2-e064-4ec8-9ebf-00c46a29ee25_500_500.jpg\",\"datePublished\":\"2021-03-17T14:47:09+00:00\",\"dateModified\":\"2021-03-22T16:17:05+00:00\",\"breadcrumb\":{\"@id\":\"https:\/\/anelto.eu\/toode\/kahe-monitori-kinnitus-istumis-seismistookohale-komplektis-arvuti-kinnitus\/#breadcrumb\"},\"inLanguage\":\"en-US\",\"potentialAction\":[{\"@type\":\"ReadAction\",\"target\":[\"https:\/\/anelto.eu\/toode\/kahe-monitori-kinnitus-istumis-seismistookohale-komplektis-arvuti-kinnitus\/\"]}]},{\"@type\":\"ImageObject\",\"inLanguage\":\"en-US\",\"@id\":\"https:\/\/anelto.eu\/toode\/kahe-monitori-kinnitus-istumis-seismistookohale-komplektis-arvuti-kinnitus\/#primaryimage\",\"url\":\"https:\/\/anelto.eu\/wp-content\/uploads\/2021\/03\/105c14d2-e064-4ec8-9ebf-00c46a29ee25_500_500.jpg\",\"contentUrl\":\"https:\/\/anelto.eu\/wp-content\/uploads\/2021\/03\/105c14d2-e064-4ec8-9ebf-00c46a29ee25_500_500.jpg\",\"width\":500,\"height\":500},{\"@type\":\"BreadcrumbList\",\"@id\":\"https:\/\/anelto.eu\/toode\/kahe-monitori-kinnitus-istumis-seismistookohale-komplektis-arvuti-kinnitus\/#breadcrumb\",\"itemListElement\":[{\"@type\":\"ListItem\",\"position\":1,\"name\":\"Avaleht\",\"item\":\"https:\/\/anelto.eu\/\"},{\"@type\":\"ListItem\",\"position\":2,\"name\":\"Valdkonnad\",\"item\":\"https:\/\/anelto.eu\/valdkonnad\/\"},{\"@type\":\"ListItem\",\"position\":3,\"name\":\"Monitoride kinnitusk\u00e4ed\",\"item\":\"https:\/\/anelto.eu\/tootekategooria\/monitoride-kinnituskaed\/\"},{\"@type\":\"ListItem\",\"position\":4,\"name\":\"Kahe monitori kinnitus istumis-seismist\u00f6\u00f6kohale. Komplektis arvuti kinnitus\"}]},{\"@type\":\"WebSite\",\"@id\":\"https:\/\/anelto.eu\/#website\",\"url\":\"https:\/\/anelto.eu\/\",\"name\":\"Anelto - t\u00f6\u00f6ruumi efektiivsus\",\"description\":\"Ergonoomiline t\u00f6\u00f6keskkond ja kinnituslahendused!\",\"publisher\":{\"@id\":\"https:\/\/anelto.eu\/#organization\"},\"potentialAction\":[{\"@type\":\"SearchAction\",\"target\":{\"@type\":\"EntryPoint\",\"urlTemplate\":\"https:\/\/anelto.eu\/?s={search_term_string}\"},\"query-input\":{\"@type\":\"PropertyValueSpecification\",\"valueRequired\":true,\"valueName\":\"search_term_string\"}}],\"inLanguage\":\"en-US\"},{\"@type\":\"Organization\",\"@id\":\"https:\/\/anelto.eu\/#organization\",\"name\":\"Anelto\",\"url\":\"https:\/\/anelto.eu\/\",\"logo\":{\"@type\":\"ImageObject\",\"inLanguage\":\"en-US\",\"@id\":\"https:\/\/anelto.eu\/#\/schema\/logo\/image\/\",\"url\":\"https:\/\/anelto.eu\/wp-content\/uploads\/2020\/06\/Picture1.png\",\"contentUrl\":\"https:\/\/anelto.eu\/wp-content\/uploads\/2020\/06\/Picture1.png\",\"width\":615,\"height\":331,\"caption\":\"Anelto\"},\"image\":{\"@id\":\"https:\/\/anelto.eu\/#\/schema\/logo\/image\/\"}}]}<\/script>\n<!-- \/ Yoast SEO plugin. -->","yoast_head_json":{"title":"Kahe monitori kinnitus istumis-seismist\u00f6\u00f6kohale. Komplektis arvuti kinnitus - Anelto - t\u00f6\u00f6ruumi efektiivsus","robots":{"index":"index","follow":"follow","max-snippet":"max-snippet:-1","max-image-preview":"max-image-preview:large","max-video-preview":"max-video-preview:-1"},"canonical":"https:\/\/anelto.eu\/toode\/kahe-monitori-kinnitus-istumis-seismistookohale-komplektis-arvuti-kinnitus\/","og_locale":"en_US","og_type":"article","og_title":"Kahe monitori kinnitus istumis-seismist\u00f6\u00f6kohale. Komplektis arvuti kinnitus - Anelto - t\u00f6\u00f6ruumi efektiivsus","og_description":"\u25cf Kaasas olev arvuti kinnitus: hoiab teie arvutitorni maast lahti - s\u00e4\u00e4stes rohkem ruumi oma t\u00f6\u00f6piirkonna jaoks \u25cf T\u00e4isliigutusmehhanism: optimeeritud vaateasendi jaoks \u25cf Teine telefonide, statsionaarsete ja muude lisaseadmete hoidmisalus \u25cf Seadistamine\/fikseerimine ilma t\u00f6\u00f6riistadeta \u25cf Klaviatuuri klapp-alus: s\u00e4\u00e4stab ruumi, kui seda ei kasutata \u25cf Gaasiamort: tagab sujuva ja pehme liigutamise \u25cf Integreeritud liigend: v\u00f5imaldab reguleerida ekraani kallet ja p\u00f6\u00f6ramist \u25cf Kaablihaldus: aitab peita k\u00f5ik ekraani kaablid  Materjal: teras, alumiinium, plastik V\u00e4rv: must M\u00f5\u00f5tmed: 717x917x944mm (28,2 \"x36,1\" x37,2 \") Sobib ekraani suurus: 17\"-27\" \u00dchilduv VESA: 75x75,100x100 Monitori kaal (ekraani kohta): 0 ~ 6 kg (0 naela ~ 13,2 naela) Kallutusvahemik: +10\u00b0~-10\u00b0 P\u00f6\u00f6rdevahemik: +10\u00b0~-10\u00b0 Ekraani p\u00f6\u00f6ramine: +180\u00b0~-180\u00b0 Klaviatuuri salve kaal: 1kg (2,2 naela) K\u00f5rguse vahemik: 515mm (20,3\") K\u00f5rguse reguleerimine: k\u00e4sitsi Kiirelt vabastatav VESA plaat: jah Paigaldamine: seinale","og_url":"https:\/\/anelto.eu\/toode\/kahe-monitori-kinnitus-istumis-seismistookohale-komplektis-arvuti-kinnitus\/","og_site_name":"Anelto - t\u00f6\u00f6ruumi efektiivsus","article_modified_time":"2021-03-22T16:17:05+00:00","og_image":[{"width":500,"height":500,"url":"https:\/\/anelto.eu\/wp-content\/uploads\/2021\/03\/105c14d2-e064-4ec8-9ebf-00c46a29ee25_500_500.jpg","type":"image\/jpeg"}],"twitter_card":"summary_large_image","schema":{"@context":"https:\/\/schema.org","@graph":[{"@type":"WebPage","@id":"https:\/\/anelto.eu\/toode\/kahe-monitori-kinnitus-istumis-seismistookohale-komplektis-arvuti-kinnitus\/","url":"https:\/\/anelto.eu\/toode\/kahe-monitori-kinnitus-istumis-seismistookohale-komplektis-arvuti-kinnitus\/","name":"Kahe monitori kinnitus istumis-seismist\u00f6\u00f6kohale. Komplektis arvuti kinnitus - Anelto - t\u00f6\u00f6ruumi efektiivsus","isPartOf":{"@id":"https:\/\/anelto.eu\/#website"},"primaryImageOfPage":{"@id":"https:\/\/anelto.eu\/toode\/kahe-monitori-kinnitus-istumis-seismistookohale-komplektis-arvuti-kinnitus\/#primaryimage"},"image":{"@id":"https:\/\/anelto.eu\/toode\/kahe-monitori-kinnitus-istumis-seismistookohale-komplektis-arvuti-kinnitus\/#primaryimage"},"thumbnailUrl":"https:\/\/anelto.eu\/wp-content\/uploads\/2021\/03\/105c14d2-e064-4ec8-9ebf-00c46a29ee25_500_500.jpg","datePublished":"2021-03-17T14:47:09+00:00","dateModified":"2021-03-22T16:17:05+00:00","breadcrumb":{"@id":"https:\/\/anelto.eu\/toode\/kahe-monitori-kinnitus-istumis-seismistookohale-komplektis-arvuti-kinnitus\/#breadcrumb"},"inLanguage":"en-US","potentialAction":[{"@type":"ReadAction","target":["https:\/\/anelto.eu\/toode\/kahe-monitori-kinnitus-istumis-seismistookohale-komplektis-arvuti-kinnitus\/"]}]},{"@type":"ImageObject","inLanguage":"en-US","@id":"https:\/\/anelto.eu\/toode\/kahe-monitori-kinnitus-istumis-seismistookohale-komplektis-arvuti-kinnitus\/#primaryimage","url":"https:\/\/anelto.eu\/wp-content\/uploads\/2021\/03\/105c14d2-e064-4ec8-9ebf-00c46a29ee25_500_500.jpg","contentUrl":"https:\/\/anelto.eu\/wp-content\/uploads\/2021\/03\/105c14d2-e064-4ec8-9ebf-00c46a29ee25_500_500.jpg","width":500,"height":500},{"@type":"BreadcrumbList","@id":"https:\/\/anelto.eu\/toode\/kahe-monitori-kinnitus-istumis-seismistookohale-komplektis-arvuti-kinnitus\/#breadcrumb","itemListElement":[{"@type":"ListItem","position":1,"name":"Avaleht","item":"https:\/\/anelto.eu\/"},{"@type":"ListItem","position":2,"name":"Valdkonnad","item":"https:\/\/anelto.eu\/valdkonnad\/"},{"@type":"ListItem","position":3,"name":"Monitoride kinnitusk\u00e4ed","item":"https:\/\/anelto.eu\/tootekategooria\/monitoride-kinnituskaed\/"},{"@type":"ListItem","position":4,"name":"Kahe monitori kinnitus istumis-seismist\u00f6\u00f6kohale. Komplektis arvuti kinnitus"}]},{"@type":"WebSite","@id":"https:\/\/anelto.eu\/#website","url":"https:\/\/anelto.eu\/","name":"Anelto - t\u00f6\u00f6ruumi efektiivsus","description":"Ergonoomiline t\u00f6\u00f6keskkond ja kinnituslahendused!","publisher":{"@id":"https:\/\/anelto.eu\/#organization"},"potentialAction":[{"@type":"SearchAction","target":{"@type":"EntryPoint","urlTemplate":"https:\/\/anelto.eu\/?s={search_term_string}"},"query-input":{"@type":"PropertyValueSpecification","valueRequired":true,"valueName":"search_term_string"}}],"inLanguage":"en-US"},{"@type":"Organization","@id":"https:\/\/anelto.eu\/#organization","name":"Anelto","url":"https:\/\/anelto.eu\/","logo":{"@type":"ImageObject","inLanguage":"en-US","@id":"https:\/\/anelto.eu\/#\/schema\/logo\/image\/","url":"https:\/\/anelto.eu\/wp-content\/uploads\/2020\/06\/Picture1.png","contentUrl":"https:\/\/anelto.eu\/wp-content\/uploads\/2020\/06\/Picture1.png","width":615,"height":331,"caption":"Anelto"},"image":{"@id":"https:\/\/anelto.eu\/#\/schema\/logo\/image\/"}}]}},"_links":{"self":[{"href":"https:\/\/anelto.eu\/en\/wp-json\/wp\/v2\/product\/4682","targetHints":{"allow":["GET"]}}],"collection":[{"href":"https:\/\/anelto.eu\/en\/wp-json\/wp\/v2\/product"}],"about":[{"href":"https:\/\/anelto.eu\/en\/wp-json\/wp\/v2\/types\/product"}],"replies":[{"embeddable":true,"href":"https:\/\/anelto.eu\/en\/wp-json\/wp\/v2\/comments?post=4682"}],"wp:featuredmedia":[{"embeddable":true,"href":"https:\/\/anelto.eu\/en\/wp-json\/wp\/v2\/media\/4683"}],"wp:attachment":[{"href":"https:\/\/anelto.eu\/en\/wp-json\/wp\/v2\/media?parent=4682"}],"wp:term":[{"taxonomy":"product_cat","embeddable":true,"href":"https:\/\/anelto.eu\/en\/wp-json\/wp\/v2\/product_cat?post=4682"},{"taxonomy":"product_tag","embeddable":true,"href":"https:\/\/anelto.eu\/en\/wp-json\/wp\/v2\/product_tag?post=4682"}],"curies":[{"name":"wp","href":"https:\/\/api.w.org\/{rel}","templated":true}]}}