{"id":4602,"date":"2021-02-25T16:37:56","date_gmt":"2021-02-25T16:37:56","guid":{"rendered":"https:\/\/anelto.eu\/?post_type=product&#038;p=4602"},"modified":"2021-05-19T15:04:28","modified_gmt":"2021-05-19T15:04:28","slug":"ram-quick-grip-veekindel-juhtmeta-laadija-juhtraua-kinnitusega","status":"publish","type":"product","link":"https:\/\/anelto.eu\/en\/toode\/ram-quick-grip-veekindel-juhtmeta-laadija-juhtraua-kinnitusega\/","title":{"rendered":"RAM\u00ae Quick-Grip\u2122 veekindel juhtmeta telefoni laadija, juhtraua kinnitusega"},"content":{"rendered":"","protected":false},"excerpt":{"rendered":"[embed]https:\/\/youtu.be\/Cxwl6-Yhnuo[\/embed]\n<ul>\n<li>Veekindla mobiiltelefoni laadimisalusel on vedruga RAM\u00ae Quick-Grip \u2122 disain<\/li>\n<li>Maksimaalne v\u00f5imsus 10 W<\/li>\n<li>Komplekt sisaldab juhtmeta laadimisalust, B-suurusega kinnitust, l\u00fchikest topeltpesa haru, U-poldiga juhtraua kinnitust<\/li>\n<li>Valmistatud pulbriga kaetud merekindlast alumiiniumist, roostevabast terasest komponentidest ja \u00fclitugevast komposiidist, mis tagab vastupidavuse ja t\u00f6\u00f6kindluse ka k\u00f5ige n\u00f5udlikumates keskkondades<\/li>\n<li>Eluaegse garantiiga RAM\u00ae-i kinnitused, 1-aastase garantiiga RAM\u00ae-elektroonika garantii<\/li>\n<\/ul>\n<p><strong>Muu info:<\/strong><\/p>\n<ul>\n<li>HOIDJA M\u00d5\u00d5TMED\n<ul>\n<li>K\u00f5rguse vahemik: 5.625 &#8220;- 6.625&#8221;<\/li>\n<li>Maksimaalne laius: 3,125 &#8220;<\/li>\n<li>Maksimaalne s\u00fcgavus: .7 &#8220;<\/li>\n<\/ul>\n<\/li>\n<li>Klambrivahemik: l\u00e4bim\u00f5\u00f5t 5 &#8220;- 1,25&#8221;<\/li>\n<li>SUURUS: B suurus (1 &#8220;)<\/li>\n<\/ul>\n<p><img loading=\"lazy\" decoding=\"async\" class=\"size-full wp-image-4101 aligncenter\" src=\"https:\/\/anelto.eu\/wp-content\/uploads\/2021\/02\/RAM-pilt.png\" alt=\"\" width=\"300\" height=\"93\" \/><\/p>\n","protected":false},"featured_media":4603,"comment_status":"closed","ping_status":"closed","template":"","meta":{"_acf_changed":false},"product_cat":[81],"product_tag":[],"class_list":{"0":"post-4602","1":"product","2":"type-product","3":"status-publish","4":"has-post-thumbnail","6":"product_cat-mobiiltelefonide-kinnitused","8":"first","9":"instock","10":"shipping-taxable","11":"product-type-simple"},"acf":[],"yoast_head":"<!-- This site is optimized with the Yoast SEO plugin v23.9 - https:\/\/yoast.com\/wordpress\/plugins\/seo\/ -->\n<title>RAM\u00ae Quick-Grip\u2122 veekindel juhtmeta telefoni laadija, juhtraua kinnitusega - Anelto - t\u00f6\u00f6ruumi efektiivsus<\/title>\n<meta name=\"robots\" content=\"index, follow, max-snippet:-1, max-image-preview:large, max-video-preview:-1\" \/>\n<link rel=\"canonical\" href=\"https:\/\/anelto.eu\/toode\/ram-quick-grip-veekindel-juhtmeta-laadija-juhtraua-kinnitusega\/\" \/>\n<meta property=\"og:locale\" content=\"en_US\" \/>\n<meta property=\"og:type\" content=\"article\" \/>\n<meta property=\"og:title\" content=\"RAM\u00ae Quick-Grip\u2122 veekindel juhtmeta telefoni laadija, juhtraua kinnitusega - Anelto - t\u00f6\u00f6ruumi efektiivsus\" \/>\n<meta property=\"og:description\" content=\"Veekindla mobiiltelefoni laadimisalusel on vedruga RAM\u00ae Quick-Grip \u2122 disain  Maksimaalne v\u00f5imsus 10 W  Komplekt sisaldab juhtmeta laadimisalust, B-suurusega kinnitust, l\u00fchikest topeltpesa haru, U-poldiga juhtraua kinnitust  Valmistatud pulbriga kaetud merekindlast alumiiniumist, roostevabast terasest komponentidest ja \u00fclitugevast komposiidist, mis tagab vastupidavuse ja t\u00f6\u00f6kindluse ka k\u00f5ige n\u00f5udlikumates keskkondades  Eluaegse garantiiga RAM\u00ae-i kinnitused, 1-aastase garantiiga RAM\u00ae-elektroonika garantii  Muu info:   HOIDJA M\u00d5\u00d5TMED   K\u00f5rguse vahemik: 5.625 &quot;- 6.625&quot;  Maksimaalne laius: 3,125 &quot;  Maksimaalne s\u00fcgavus: .7 &quot;    Klambrivahemik: l\u00e4bim\u00f5\u00f5t 5 &quot;- 1,25&quot;  SUURUS: B suurus (1 &quot;)\" \/>\n<meta property=\"og:url\" content=\"https:\/\/anelto.eu\/toode\/ram-quick-grip-veekindel-juhtmeta-laadija-juhtraua-kinnitusega\/\" \/>\n<meta property=\"og:site_name\" content=\"Anelto - t\u00f6\u00f6ruumi efektiivsus\" \/>\n<meta property=\"article:modified_time\" content=\"2021-05-19T15:04:28+00:00\" \/>\n<meta property=\"og:image\" content=\"https:\/\/anelto.eu\/wp-content\/uploads\/2021\/02\/RAM-B-149Z-A-UN14W-V7M.jpg\" \/>\n\t<meta property=\"og:image:width\" content=\"800\" \/>\n\t<meta property=\"og:image:height\" content=\"800\" \/>\n\t<meta property=\"og:image:type\" content=\"image\/jpeg\" \/>\n<meta name=\"twitter:card\" content=\"summary_large_image\" \/>\n<script type=\"application\/ld+json\" class=\"yoast-schema-graph\">{\"@context\":\"https:\/\/schema.org\",\"@graph\":[{\"@type\":\"WebPage\",\"@id\":\"https:\/\/anelto.eu\/toode\/ram-quick-grip-veekindel-juhtmeta-laadija-juhtraua-kinnitusega\/\",\"url\":\"https:\/\/anelto.eu\/toode\/ram-quick-grip-veekindel-juhtmeta-laadija-juhtraua-kinnitusega\/\",\"name\":\"RAM\u00ae Quick-Grip\u2122 veekindel juhtmeta telefoni laadija, juhtraua kinnitusega - Anelto - t\u00f6\u00f6ruumi efektiivsus\",\"isPartOf\":{\"@id\":\"https:\/\/anelto.eu\/#website\"},\"primaryImageOfPage\":{\"@id\":\"https:\/\/anelto.eu\/toode\/ram-quick-grip-veekindel-juhtmeta-laadija-juhtraua-kinnitusega\/#primaryimage\"},\"image\":{\"@id\":\"https:\/\/anelto.eu\/toode\/ram-quick-grip-veekindel-juhtmeta-laadija-juhtraua-kinnitusega\/#primaryimage\"},\"thumbnailUrl\":\"https:\/\/anelto.eu\/wp-content\/uploads\/2021\/02\/RAM-B-149Z-A-UN14W-V7M.jpg\",\"datePublished\":\"2021-02-25T16:37:56+00:00\",\"dateModified\":\"2021-05-19T15:04:28+00:00\",\"breadcrumb\":{\"@id\":\"https:\/\/anelto.eu\/toode\/ram-quick-grip-veekindel-juhtmeta-laadija-juhtraua-kinnitusega\/#breadcrumb\"},\"inLanguage\":\"en-US\",\"potentialAction\":[{\"@type\":\"ReadAction\",\"target\":[\"https:\/\/anelto.eu\/toode\/ram-quick-grip-veekindel-juhtmeta-laadija-juhtraua-kinnitusega\/\"]}]},{\"@type\":\"ImageObject\",\"inLanguage\":\"en-US\",\"@id\":\"https:\/\/anelto.eu\/toode\/ram-quick-grip-veekindel-juhtmeta-laadija-juhtraua-kinnitusega\/#primaryimage\",\"url\":\"https:\/\/anelto.eu\/wp-content\/uploads\/2021\/02\/RAM-B-149Z-A-UN14W-V7M.jpg\",\"contentUrl\":\"https:\/\/anelto.eu\/wp-content\/uploads\/2021\/02\/RAM-B-149Z-A-UN14W-V7M.jpg\",\"width\":800,\"height\":800},{\"@type\":\"BreadcrumbList\",\"@id\":\"https:\/\/anelto.eu\/toode\/ram-quick-grip-veekindel-juhtmeta-laadija-juhtraua-kinnitusega\/#breadcrumb\",\"itemListElement\":[{\"@type\":\"ListItem\",\"position\":1,\"name\":\"Avaleht\",\"item\":\"https:\/\/anelto.eu\/\"},{\"@type\":\"ListItem\",\"position\":2,\"name\":\"Valdkonnad\",\"item\":\"https:\/\/anelto.eu\/valdkonnad\/\"},{\"@type\":\"ListItem\",\"position\":3,\"name\":\"Mobiiltelefonide kinnitused\",\"item\":\"https:\/\/anelto.eu\/tootekategooria\/mobiiltelefonide-kinnitused\/\"},{\"@type\":\"ListItem\",\"position\":4,\"name\":\"RAM\u00ae Quick-Grip\u2122 veekindel juhtmeta telefoni laadija, juhtraua kinnitusega\"}]},{\"@type\":\"WebSite\",\"@id\":\"https:\/\/anelto.eu\/#website\",\"url\":\"https:\/\/anelto.eu\/\",\"name\":\"Anelto - t\u00f6\u00f6ruumi efektiivsus\",\"description\":\"Ergonoomiline t\u00f6\u00f6keskkond ja kinnituslahendused!\",\"publisher\":{\"@id\":\"https:\/\/anelto.eu\/#organization\"},\"potentialAction\":[{\"@type\":\"SearchAction\",\"target\":{\"@type\":\"EntryPoint\",\"urlTemplate\":\"https:\/\/anelto.eu\/?s={search_term_string}\"},\"query-input\":{\"@type\":\"PropertyValueSpecification\",\"valueRequired\":true,\"valueName\":\"search_term_string\"}}],\"inLanguage\":\"en-US\"},{\"@type\":\"Organization\",\"@id\":\"https:\/\/anelto.eu\/#organization\",\"name\":\"Anelto\",\"url\":\"https:\/\/anelto.eu\/\",\"logo\":{\"@type\":\"ImageObject\",\"inLanguage\":\"en-US\",\"@id\":\"https:\/\/anelto.eu\/#\/schema\/logo\/image\/\",\"url\":\"https:\/\/anelto.eu\/wp-content\/uploads\/2020\/06\/Picture1.png\",\"contentUrl\":\"https:\/\/anelto.eu\/wp-content\/uploads\/2020\/06\/Picture1.png\",\"width\":615,\"height\":331,\"caption\":\"Anelto\"},\"image\":{\"@id\":\"https:\/\/anelto.eu\/#\/schema\/logo\/image\/\"}}]}<\/script>\n<!-- \/ Yoast SEO plugin. -->","yoast_head_json":{"title":"RAM\u00ae Quick-Grip\u2122 veekindel juhtmeta telefoni laadija, juhtraua kinnitusega - Anelto - t\u00f6\u00f6ruumi efektiivsus","robots":{"index":"index","follow":"follow","max-snippet":"max-snippet:-1","max-image-preview":"max-image-preview:large","max-video-preview":"max-video-preview:-1"},"canonical":"https:\/\/anelto.eu\/toode\/ram-quick-grip-veekindel-juhtmeta-laadija-juhtraua-kinnitusega\/","og_locale":"en_US","og_type":"article","og_title":"RAM\u00ae Quick-Grip\u2122 veekindel juhtmeta telefoni laadija, juhtraua kinnitusega - Anelto - t\u00f6\u00f6ruumi efektiivsus","og_description":"Veekindla mobiiltelefoni laadimisalusel on vedruga RAM\u00ae Quick-Grip \u2122 disain  Maksimaalne v\u00f5imsus 10 W  Komplekt sisaldab juhtmeta laadimisalust, B-suurusega kinnitust, l\u00fchikest topeltpesa haru, U-poldiga juhtraua kinnitust  Valmistatud pulbriga kaetud merekindlast alumiiniumist, roostevabast terasest komponentidest ja \u00fclitugevast komposiidist, mis tagab vastupidavuse ja t\u00f6\u00f6kindluse ka k\u00f5ige n\u00f5udlikumates keskkondades  Eluaegse garantiiga RAM\u00ae-i kinnitused, 1-aastase garantiiga RAM\u00ae-elektroonika garantii  Muu info:   HOIDJA M\u00d5\u00d5TMED   K\u00f5rguse vahemik: 5.625 \"- 6.625\"  Maksimaalne laius: 3,125 \"  Maksimaalne s\u00fcgavus: .7 \"    Klambrivahemik: l\u00e4bim\u00f5\u00f5t 5 \"- 1,25\"  SUURUS: B suurus (1 \")","og_url":"https:\/\/anelto.eu\/toode\/ram-quick-grip-veekindel-juhtmeta-laadija-juhtraua-kinnitusega\/","og_site_name":"Anelto - t\u00f6\u00f6ruumi efektiivsus","article_modified_time":"2021-05-19T15:04:28+00:00","og_image":[{"width":800,"height":800,"url":"https:\/\/anelto.eu\/wp-content\/uploads\/2021\/02\/RAM-B-149Z-A-UN14W-V7M.jpg","type":"image\/jpeg"}],"twitter_card":"summary_large_image","schema":{"@context":"https:\/\/schema.org","@graph":[{"@type":"WebPage","@id":"https:\/\/anelto.eu\/toode\/ram-quick-grip-veekindel-juhtmeta-laadija-juhtraua-kinnitusega\/","url":"https:\/\/anelto.eu\/toode\/ram-quick-grip-veekindel-juhtmeta-laadija-juhtraua-kinnitusega\/","name":"RAM\u00ae Quick-Grip\u2122 veekindel juhtmeta telefoni laadija, juhtraua kinnitusega - Anelto - t\u00f6\u00f6ruumi efektiivsus","isPartOf":{"@id":"https:\/\/anelto.eu\/#website"},"primaryImageOfPage":{"@id":"https:\/\/anelto.eu\/toode\/ram-quick-grip-veekindel-juhtmeta-laadija-juhtraua-kinnitusega\/#primaryimage"},"image":{"@id":"https:\/\/anelto.eu\/toode\/ram-quick-grip-veekindel-juhtmeta-laadija-juhtraua-kinnitusega\/#primaryimage"},"thumbnailUrl":"https:\/\/anelto.eu\/wp-content\/uploads\/2021\/02\/RAM-B-149Z-A-UN14W-V7M.jpg","datePublished":"2021-02-25T16:37:56+00:00","dateModified":"2021-05-19T15:04:28+00:00","breadcrumb":{"@id":"https:\/\/anelto.eu\/toode\/ram-quick-grip-veekindel-juhtmeta-laadija-juhtraua-kinnitusega\/#breadcrumb"},"inLanguage":"en-US","potentialAction":[{"@type":"ReadAction","target":["https:\/\/anelto.eu\/toode\/ram-quick-grip-veekindel-juhtmeta-laadija-juhtraua-kinnitusega\/"]}]},{"@type":"ImageObject","inLanguage":"en-US","@id":"https:\/\/anelto.eu\/toode\/ram-quick-grip-veekindel-juhtmeta-laadija-juhtraua-kinnitusega\/#primaryimage","url":"https:\/\/anelto.eu\/wp-content\/uploads\/2021\/02\/RAM-B-149Z-A-UN14W-V7M.jpg","contentUrl":"https:\/\/anelto.eu\/wp-content\/uploads\/2021\/02\/RAM-B-149Z-A-UN14W-V7M.jpg","width":800,"height":800},{"@type":"BreadcrumbList","@id":"https:\/\/anelto.eu\/toode\/ram-quick-grip-veekindel-juhtmeta-laadija-juhtraua-kinnitusega\/#breadcrumb","itemListElement":[{"@type":"ListItem","position":1,"name":"Avaleht","item":"https:\/\/anelto.eu\/"},{"@type":"ListItem","position":2,"name":"Valdkonnad","item":"https:\/\/anelto.eu\/valdkonnad\/"},{"@type":"ListItem","position":3,"name":"Mobiiltelefonide kinnitused","item":"https:\/\/anelto.eu\/tootekategooria\/mobiiltelefonide-kinnitused\/"},{"@type":"ListItem","position":4,"name":"RAM\u00ae Quick-Grip\u2122 veekindel juhtmeta telefoni laadija, juhtraua kinnitusega"}]},{"@type":"WebSite","@id":"https:\/\/anelto.eu\/#website","url":"https:\/\/anelto.eu\/","name":"Anelto - t\u00f6\u00f6ruumi efektiivsus","description":"Ergonoomiline t\u00f6\u00f6keskkond ja kinnituslahendused!","publisher":{"@id":"https:\/\/anelto.eu\/#organization"},"potentialAction":[{"@type":"SearchAction","target":{"@type":"EntryPoint","urlTemplate":"https:\/\/anelto.eu\/?s={search_term_string}"},"query-input":{"@type":"PropertyValueSpecification","valueRequired":true,"valueName":"search_term_string"}}],"inLanguage":"en-US"},{"@type":"Organization","@id":"https:\/\/anelto.eu\/#organization","name":"Anelto","url":"https:\/\/anelto.eu\/","logo":{"@type":"ImageObject","inLanguage":"en-US","@id":"https:\/\/anelto.eu\/#\/schema\/logo\/image\/","url":"https:\/\/anelto.eu\/wp-content\/uploads\/2020\/06\/Picture1.png","contentUrl":"https:\/\/anelto.eu\/wp-content\/uploads\/2020\/06\/Picture1.png","width":615,"height":331,"caption":"Anelto"},"image":{"@id":"https:\/\/anelto.eu\/#\/schema\/logo\/image\/"}}]}},"_links":{"self":[{"href":"https:\/\/anelto.eu\/en\/wp-json\/wp\/v2\/product\/4602","targetHints":{"allow":["GET"]}}],"collection":[{"href":"https:\/\/anelto.eu\/en\/wp-json\/wp\/v2\/product"}],"about":[{"href":"https:\/\/anelto.eu\/en\/wp-json\/wp\/v2\/types\/product"}],"replies":[{"embeddable":true,"href":"https:\/\/anelto.eu\/en\/wp-json\/wp\/v2\/comments?post=4602"}],"wp:featuredmedia":[{"embeddable":true,"href":"https:\/\/anelto.eu\/en\/wp-json\/wp\/v2\/media\/4603"}],"wp:attachment":[{"href":"https:\/\/anelto.eu\/en\/wp-json\/wp\/v2\/media?parent=4602"}],"wp:term":[{"taxonomy":"product_cat","embeddable":true,"href":"https:\/\/anelto.eu\/en\/wp-json\/wp\/v2\/product_cat?post=4602"},{"taxonomy":"product_tag","embeddable":true,"href":"https:\/\/anelto.eu\/en\/wp-json\/wp\/v2\/product_tag?post=4602"}],"curies":[{"name":"wp","href":"https:\/\/api.w.org\/{rel}","templated":true}]}}