{"id":4553,"date":"2021-02-16T11:15:15","date_gmt":"2021-02-16T11:15:15","guid":{"rendered":"https:\/\/anelto.eu\/?post_type=product&#038;p=4553"},"modified":"2021-05-21T07:33:55","modified_gmt":"2021-05-21T07:33:55","slug":"gds-ecosystem-soidukikomplekt-koos-monitori-klaviatuuri-ja-telefonikinnitusega","status":"publish","type":"product","link":"https:\/\/anelto.eu\/en\/toode\/gds-ecosystem-soidukikomplekt-koos-monitori-klaviatuuri-ja-telefonikinnitusega\/","title":{"rendered":"GDS\u00ae Ecosystem \u2122 s\u00f5idukikomplekt koos monitori, klaviatuuri ja telefonikinnitusega"},"content":{"rendered":"","protected":false},"excerpt":{"rendered":"<ul>\n<li><strong>Toote RAM-VB-196-GDS-ECO1 \u00fclevaade:<\/strong><\/li>\n<li>Muutke oma s\u00f5iduk mobiilseks t\u00f6\u00f6jaamaks, millel on reguleeritavad RAM\u00ae-komponendid ja GDS\u00ae Tech \u2122 seadmed.<\/li>\n<li>Sisaldab RAM\u00ae No-Drill \u2122 universaalset s\u00f5iduks paigaldatavat alust ja teleskoop torus\u00fcsteemi, GDS\u00ae View \u2122 13,3&#8243; puutetundlikku ekraani, GDS\u00ae Keyboard \u2122, RAM\u00ae Quick-Grip \u2122 telefonikinnitust, ekraani kinnitusklambrit, GDS\u00ae Tough-Hub \u2122, CLA laadija ja USB Type-C kaablid.<\/li>\n<li>\u00dchildub Samsung DeX-iga.<\/li>\n<\/ul>\n<p><img loading=\"lazy\" decoding=\"async\" class=\"size-full wp-image-4101 aligncenter\" src=\"https:\/\/anelto.eu\/wp-content\/uploads\/2021\/02\/RAM-pilt.png\" alt=\"\" width=\"300\" height=\"93\" \/><\/p>\n","protected":false},"featured_media":4554,"comment_status":"closed","ping_status":"closed","template":"","meta":{"_acf_changed":false},"product_cat":[94,95],"product_tag":[],"class_list":{"0":"post-4553","1":"product","2":"type-product","3":"status-publish","4":"has-post-thumbnail","6":"product_cat-gds-hub-ja-charge-seadmed","7":"product_cat-gds-keyboard-ja-view-seadmed","9":"first","10":"instock","11":"shipping-taxable","12":"product-type-simple"},"acf":[],"yoast_head":"<!-- This site is optimized with the Yoast SEO plugin v23.9 - https:\/\/yoast.com\/wordpress\/plugins\/seo\/ -->\n<title>GDS\u00ae Ecosystem \u2122 s\u00f5idukikomplekt koos monitori, klaviatuuri ja telefonikinnitusega - Anelto - t\u00f6\u00f6ruumi efektiivsus<\/title>\n<meta name=\"robots\" content=\"index, follow, max-snippet:-1, max-image-preview:large, max-video-preview:-1\" \/>\n<link rel=\"canonical\" href=\"https:\/\/anelto.eu\/toode\/gds-ecosystem-soidukikomplekt-koos-monitori-klaviatuuri-ja-telefonikinnitusega\/\" \/>\n<meta property=\"og:locale\" content=\"en_US\" \/>\n<meta property=\"og:type\" content=\"article\" \/>\n<meta property=\"og:title\" content=\"GDS\u00ae Ecosystem \u2122 s\u00f5idukikomplekt koos monitori, klaviatuuri ja telefonikinnitusega - Anelto - t\u00f6\u00f6ruumi efektiivsus\" \/>\n<meta property=\"og:description\" content=\"Toote RAM-VB-196-GDS-ECO1 \u00fclevaade:  Muutke oma s\u00f5iduk mobiilseks t\u00f6\u00f6jaamaks, millel on reguleeritavad RAM\u00ae-komponendid ja GDS\u00ae Tech \u2122 seadmed.  Sisaldab RAM\u00ae No-Drill \u2122 universaalset s\u00f5iduks paigaldatavat alust ja teleskoop torus\u00fcsteemi, GDS\u00ae View \u2122 13,3&quot; puutetundlikku ekraani, GDS\u00ae Keyboard \u2122, RAM\u00ae Quick-Grip \u2122 telefonikinnitust, ekraani kinnitusklambrit, GDS\u00ae Tough-Hub \u2122, CLA laadija ja USB Type-C kaablid.  \u00dchildub Samsung DeX-iga.\" \/>\n<meta property=\"og:url\" content=\"https:\/\/anelto.eu\/toode\/gds-ecosystem-soidukikomplekt-koos-monitori-klaviatuuri-ja-telefonikinnitusega\/\" \/>\n<meta property=\"og:site_name\" content=\"Anelto - t\u00f6\u00f6ruumi efektiivsus\" \/>\n<meta property=\"article:modified_time\" content=\"2021-05-21T07:33:55+00:00\" \/>\n<meta property=\"og:image\" content=\"https:\/\/anelto.eu\/wp-content\/uploads\/2021\/02\/RAM-VB-196-GDS-ECO1-1.jpg\" \/>\n\t<meta property=\"og:image:width\" content=\"800\" \/>\n\t<meta property=\"og:image:height\" content=\"800\" \/>\n\t<meta property=\"og:image:type\" content=\"image\/jpeg\" \/>\n<meta name=\"twitter:card\" content=\"summary_large_image\" \/>\n<script type=\"application\/ld+json\" class=\"yoast-schema-graph\">{\"@context\":\"https:\/\/schema.org\",\"@graph\":[{\"@type\":\"WebPage\",\"@id\":\"https:\/\/anelto.eu\/toode\/gds-ecosystem-soidukikomplekt-koos-monitori-klaviatuuri-ja-telefonikinnitusega\/\",\"url\":\"https:\/\/anelto.eu\/toode\/gds-ecosystem-soidukikomplekt-koos-monitori-klaviatuuri-ja-telefonikinnitusega\/\",\"name\":\"GDS\u00ae Ecosystem \u2122 s\u00f5idukikomplekt koos monitori, klaviatuuri ja telefonikinnitusega - Anelto - t\u00f6\u00f6ruumi efektiivsus\",\"isPartOf\":{\"@id\":\"https:\/\/anelto.eu\/#website\"},\"primaryImageOfPage\":{\"@id\":\"https:\/\/anelto.eu\/toode\/gds-ecosystem-soidukikomplekt-koos-monitori-klaviatuuri-ja-telefonikinnitusega\/#primaryimage\"},\"image\":{\"@id\":\"https:\/\/anelto.eu\/toode\/gds-ecosystem-soidukikomplekt-koos-monitori-klaviatuuri-ja-telefonikinnitusega\/#primaryimage\"},\"thumbnailUrl\":\"https:\/\/anelto.eu\/wp-content\/uploads\/2021\/02\/RAM-VB-196-GDS-ECO1-1.jpg\",\"datePublished\":\"2021-02-16T11:15:15+00:00\",\"dateModified\":\"2021-05-21T07:33:55+00:00\",\"breadcrumb\":{\"@id\":\"https:\/\/anelto.eu\/toode\/gds-ecosystem-soidukikomplekt-koos-monitori-klaviatuuri-ja-telefonikinnitusega\/#breadcrumb\"},\"inLanguage\":\"en-US\",\"potentialAction\":[{\"@type\":\"ReadAction\",\"target\":[\"https:\/\/anelto.eu\/toode\/gds-ecosystem-soidukikomplekt-koos-monitori-klaviatuuri-ja-telefonikinnitusega\/\"]}]},{\"@type\":\"ImageObject\",\"inLanguage\":\"en-US\",\"@id\":\"https:\/\/anelto.eu\/toode\/gds-ecosystem-soidukikomplekt-koos-monitori-klaviatuuri-ja-telefonikinnitusega\/#primaryimage\",\"url\":\"https:\/\/anelto.eu\/wp-content\/uploads\/2021\/02\/RAM-VB-196-GDS-ECO1-1.jpg\",\"contentUrl\":\"https:\/\/anelto.eu\/wp-content\/uploads\/2021\/02\/RAM-VB-196-GDS-ECO1-1.jpg\",\"width\":800,\"height\":800},{\"@type\":\"BreadcrumbList\",\"@id\":\"https:\/\/anelto.eu\/toode\/gds-ecosystem-soidukikomplekt-koos-monitori-klaviatuuri-ja-telefonikinnitusega\/#breadcrumb\",\"itemListElement\":[{\"@type\":\"ListItem\",\"position\":1,\"name\":\"Avaleht\",\"item\":\"https:\/\/anelto.eu\/\"},{\"@type\":\"ListItem\",\"position\":2,\"name\":\"Valdkonnad\",\"item\":\"https:\/\/anelto.eu\/valdkonnad\/\"},{\"@type\":\"ListItem\",\"position\":3,\"name\":\"GDS\u00ae Keyboard\u2122 ja View\u2122 seadmed\",\"item\":\"https:\/\/anelto.eu\/tootekategooria\/gds-keyboard-ja-view-seadmed\/\"},{\"@type\":\"ListItem\",\"position\":4,\"name\":\"GDS\u00ae Ecosystem \u2122 s\u00f5idukikomplekt koos monitori, klaviatuuri ja telefonikinnitusega\"}]},{\"@type\":\"WebSite\",\"@id\":\"https:\/\/anelto.eu\/#website\",\"url\":\"https:\/\/anelto.eu\/\",\"name\":\"Anelto - t\u00f6\u00f6ruumi efektiivsus\",\"description\":\"Ergonoomiline t\u00f6\u00f6keskkond ja kinnituslahendused!\",\"publisher\":{\"@id\":\"https:\/\/anelto.eu\/#organization\"},\"potentialAction\":[{\"@type\":\"SearchAction\",\"target\":{\"@type\":\"EntryPoint\",\"urlTemplate\":\"https:\/\/anelto.eu\/?s={search_term_string}\"},\"query-input\":{\"@type\":\"PropertyValueSpecification\",\"valueRequired\":true,\"valueName\":\"search_term_string\"}}],\"inLanguage\":\"en-US\"},{\"@type\":\"Organization\",\"@id\":\"https:\/\/anelto.eu\/#organization\",\"name\":\"Anelto\",\"url\":\"https:\/\/anelto.eu\/\",\"logo\":{\"@type\":\"ImageObject\",\"inLanguage\":\"en-US\",\"@id\":\"https:\/\/anelto.eu\/#\/schema\/logo\/image\/\",\"url\":\"https:\/\/anelto.eu\/wp-content\/uploads\/2020\/06\/Picture1.png\",\"contentUrl\":\"https:\/\/anelto.eu\/wp-content\/uploads\/2020\/06\/Picture1.png\",\"width\":615,\"height\":331,\"caption\":\"Anelto\"},\"image\":{\"@id\":\"https:\/\/anelto.eu\/#\/schema\/logo\/image\/\"}}]}<\/script>\n<!-- \/ Yoast SEO plugin. -->","yoast_head_json":{"title":"GDS\u00ae Ecosystem \u2122 s\u00f5idukikomplekt koos monitori, klaviatuuri ja telefonikinnitusega - Anelto - t\u00f6\u00f6ruumi efektiivsus","robots":{"index":"index","follow":"follow","max-snippet":"max-snippet:-1","max-image-preview":"max-image-preview:large","max-video-preview":"max-video-preview:-1"},"canonical":"https:\/\/anelto.eu\/toode\/gds-ecosystem-soidukikomplekt-koos-monitori-klaviatuuri-ja-telefonikinnitusega\/","og_locale":"en_US","og_type":"article","og_title":"GDS\u00ae Ecosystem \u2122 s\u00f5idukikomplekt koos monitori, klaviatuuri ja telefonikinnitusega - Anelto - t\u00f6\u00f6ruumi efektiivsus","og_description":"Toote RAM-VB-196-GDS-ECO1 \u00fclevaade:  Muutke oma s\u00f5iduk mobiilseks t\u00f6\u00f6jaamaks, millel on reguleeritavad RAM\u00ae-komponendid ja GDS\u00ae Tech \u2122 seadmed.  Sisaldab RAM\u00ae No-Drill \u2122 universaalset s\u00f5iduks paigaldatavat alust ja teleskoop torus\u00fcsteemi, GDS\u00ae View \u2122 13,3\" puutetundlikku ekraani, GDS\u00ae Keyboard \u2122, RAM\u00ae Quick-Grip \u2122 telefonikinnitust, ekraani kinnitusklambrit, GDS\u00ae Tough-Hub \u2122, CLA laadija ja USB Type-C kaablid.  \u00dchildub Samsung DeX-iga.","og_url":"https:\/\/anelto.eu\/toode\/gds-ecosystem-soidukikomplekt-koos-monitori-klaviatuuri-ja-telefonikinnitusega\/","og_site_name":"Anelto - t\u00f6\u00f6ruumi efektiivsus","article_modified_time":"2021-05-21T07:33:55+00:00","og_image":[{"width":800,"height":800,"url":"https:\/\/anelto.eu\/wp-content\/uploads\/2021\/02\/RAM-VB-196-GDS-ECO1-1.jpg","type":"image\/jpeg"}],"twitter_card":"summary_large_image","schema":{"@context":"https:\/\/schema.org","@graph":[{"@type":"WebPage","@id":"https:\/\/anelto.eu\/toode\/gds-ecosystem-soidukikomplekt-koos-monitori-klaviatuuri-ja-telefonikinnitusega\/","url":"https:\/\/anelto.eu\/toode\/gds-ecosystem-soidukikomplekt-koos-monitori-klaviatuuri-ja-telefonikinnitusega\/","name":"GDS\u00ae Ecosystem \u2122 s\u00f5idukikomplekt koos monitori, klaviatuuri ja telefonikinnitusega - Anelto - t\u00f6\u00f6ruumi efektiivsus","isPartOf":{"@id":"https:\/\/anelto.eu\/#website"},"primaryImageOfPage":{"@id":"https:\/\/anelto.eu\/toode\/gds-ecosystem-soidukikomplekt-koos-monitori-klaviatuuri-ja-telefonikinnitusega\/#primaryimage"},"image":{"@id":"https:\/\/anelto.eu\/toode\/gds-ecosystem-soidukikomplekt-koos-monitori-klaviatuuri-ja-telefonikinnitusega\/#primaryimage"},"thumbnailUrl":"https:\/\/anelto.eu\/wp-content\/uploads\/2021\/02\/RAM-VB-196-GDS-ECO1-1.jpg","datePublished":"2021-02-16T11:15:15+00:00","dateModified":"2021-05-21T07:33:55+00:00","breadcrumb":{"@id":"https:\/\/anelto.eu\/toode\/gds-ecosystem-soidukikomplekt-koos-monitori-klaviatuuri-ja-telefonikinnitusega\/#breadcrumb"},"inLanguage":"en-US","potentialAction":[{"@type":"ReadAction","target":["https:\/\/anelto.eu\/toode\/gds-ecosystem-soidukikomplekt-koos-monitori-klaviatuuri-ja-telefonikinnitusega\/"]}]},{"@type":"ImageObject","inLanguage":"en-US","@id":"https:\/\/anelto.eu\/toode\/gds-ecosystem-soidukikomplekt-koos-monitori-klaviatuuri-ja-telefonikinnitusega\/#primaryimage","url":"https:\/\/anelto.eu\/wp-content\/uploads\/2021\/02\/RAM-VB-196-GDS-ECO1-1.jpg","contentUrl":"https:\/\/anelto.eu\/wp-content\/uploads\/2021\/02\/RAM-VB-196-GDS-ECO1-1.jpg","width":800,"height":800},{"@type":"BreadcrumbList","@id":"https:\/\/anelto.eu\/toode\/gds-ecosystem-soidukikomplekt-koos-monitori-klaviatuuri-ja-telefonikinnitusega\/#breadcrumb","itemListElement":[{"@type":"ListItem","position":1,"name":"Avaleht","item":"https:\/\/anelto.eu\/"},{"@type":"ListItem","position":2,"name":"Valdkonnad","item":"https:\/\/anelto.eu\/valdkonnad\/"},{"@type":"ListItem","position":3,"name":"GDS\u00ae Keyboard\u2122 ja View\u2122 seadmed","item":"https:\/\/anelto.eu\/tootekategooria\/gds-keyboard-ja-view-seadmed\/"},{"@type":"ListItem","position":4,"name":"GDS\u00ae Ecosystem \u2122 s\u00f5idukikomplekt koos monitori, klaviatuuri ja telefonikinnitusega"}]},{"@type":"WebSite","@id":"https:\/\/anelto.eu\/#website","url":"https:\/\/anelto.eu\/","name":"Anelto - t\u00f6\u00f6ruumi efektiivsus","description":"Ergonoomiline t\u00f6\u00f6keskkond ja kinnituslahendused!","publisher":{"@id":"https:\/\/anelto.eu\/#organization"},"potentialAction":[{"@type":"SearchAction","target":{"@type":"EntryPoint","urlTemplate":"https:\/\/anelto.eu\/?s={search_term_string}"},"query-input":{"@type":"PropertyValueSpecification","valueRequired":true,"valueName":"search_term_string"}}],"inLanguage":"en-US"},{"@type":"Organization","@id":"https:\/\/anelto.eu\/#organization","name":"Anelto","url":"https:\/\/anelto.eu\/","logo":{"@type":"ImageObject","inLanguage":"en-US","@id":"https:\/\/anelto.eu\/#\/schema\/logo\/image\/","url":"https:\/\/anelto.eu\/wp-content\/uploads\/2020\/06\/Picture1.png","contentUrl":"https:\/\/anelto.eu\/wp-content\/uploads\/2020\/06\/Picture1.png","width":615,"height":331,"caption":"Anelto"},"image":{"@id":"https:\/\/anelto.eu\/#\/schema\/logo\/image\/"}}]}},"_links":{"self":[{"href":"https:\/\/anelto.eu\/en\/wp-json\/wp\/v2\/product\/4553","targetHints":{"allow":["GET"]}}],"collection":[{"href":"https:\/\/anelto.eu\/en\/wp-json\/wp\/v2\/product"}],"about":[{"href":"https:\/\/anelto.eu\/en\/wp-json\/wp\/v2\/types\/product"}],"replies":[{"embeddable":true,"href":"https:\/\/anelto.eu\/en\/wp-json\/wp\/v2\/comments?post=4553"}],"wp:featuredmedia":[{"embeddable":true,"href":"https:\/\/anelto.eu\/en\/wp-json\/wp\/v2\/media\/4554"}],"wp:attachment":[{"href":"https:\/\/anelto.eu\/en\/wp-json\/wp\/v2\/media?parent=4553"}],"wp:term":[{"taxonomy":"product_cat","embeddable":true,"href":"https:\/\/anelto.eu\/en\/wp-json\/wp\/v2\/product_cat?post=4553"},{"taxonomy":"product_tag","embeddable":true,"href":"https:\/\/anelto.eu\/en\/wp-json\/wp\/v2\/product_tag?post=4553"}],"curies":[{"name":"wp","href":"https:\/\/api.w.org\/{rel}","templated":true}]}}