{"id":4544,"date":"2021-02-16T11:11:52","date_gmt":"2021-02-16T11:11:52","guid":{"rendered":"https:\/\/anelto.eu\/?post_type=product&#038;p=4544"},"modified":"2021-05-21T07:32:29","modified_gmt":"2021-05-21T07:32:29","slug":"gds-view-133-puutetundlik-ekraan","status":"publish","type":"product","link":"https:\/\/anelto.eu\/en\/toode\/gds-view-133-puutetundlik-ekraan\/","title":{"rendered":"GDS\u00ae View \u2122 13,3&#8243; puutetundlik ekraan"},"content":{"rendered":"","protected":false},"excerpt":{"rendered":"<ul>\n<li><strong>Toote RAM-GDS-MON-13-1 \u00fclevaade:<\/strong><\/li>\n<li>Kahepunktiline 13,3&#8243; puutetundlik l\u00e4ikimise ja s\u00f5rmej\u00e4lgede vastase kattega ekraan.<\/li>\n<li>Vibratsioon vastu testitud, et tagada t\u00f6\u00f6kindlus ka k\u00f5ige n\u00f5udlikumates keskkondades.<\/li>\n<li>Sisaldab 75x75mm VESA mustrit kinnitamiseks ja \u00fchendamiseks RAM\u00ae kinnitusplaatidega ja kinnitus detailidega, mis v\u00f5imaldab ideaalset seadistamist.<\/li>\n<li>Tagatud \u00fcheaastane garantii.<\/li>\n<\/ul>\n<p><img loading=\"lazy\" decoding=\"async\" class=\"size-full wp-image-4101 aligncenter\" src=\"https:\/\/anelto.eu\/wp-content\/uploads\/2021\/02\/RAM-pilt.png\" alt=\"\" width=\"300\" height=\"93\" \/><\/p>\n","protected":false},"featured_media":4545,"comment_status":"closed","ping_status":"closed","template":"","meta":{"_acf_changed":false},"product_cat":[95],"product_tag":[],"class_list":{"0":"post-4544","1":"product","2":"type-product","3":"status-publish","4":"has-post-thumbnail","6":"product_cat-gds-keyboard-ja-view-seadmed","8":"first","9":"instock","10":"shipping-taxable","11":"product-type-simple"},"acf":[],"yoast_head":"<!-- This site is optimized with the Yoast SEO plugin v23.9 - https:\/\/yoast.com\/wordpress\/plugins\/seo\/ -->\n<title>GDS\u00ae View \u2122 13,3&quot; puutetundlik ekraan - Anelto - t\u00f6\u00f6ruumi efektiivsus<\/title>\n<meta name=\"robots\" content=\"index, follow, max-snippet:-1, max-image-preview:large, max-video-preview:-1\" \/>\n<link rel=\"canonical\" href=\"https:\/\/anelto.eu\/toode\/gds-view-133-puutetundlik-ekraan\/\" \/>\n<meta property=\"og:locale\" content=\"en_US\" \/>\n<meta property=\"og:type\" content=\"article\" \/>\n<meta property=\"og:title\" content=\"GDS\u00ae View \u2122 13,3&quot; puutetundlik ekraan - Anelto - t\u00f6\u00f6ruumi efektiivsus\" \/>\n<meta property=\"og:description\" content=\"Toote RAM-GDS-MON-13-1 \u00fclevaade:  Kahepunktiline 13,3&quot; puutetundlik l\u00e4ikimise ja s\u00f5rmej\u00e4lgede vastase kattega ekraan.  Vibratsioon vastu testitud, et tagada t\u00f6\u00f6kindlus ka k\u00f5ige n\u00f5udlikumates keskkondades.  Sisaldab 75x75mm VESA mustrit kinnitamiseks ja \u00fchendamiseks RAM\u00ae kinnitusplaatidega ja kinnitus detailidega, mis v\u00f5imaldab ideaalset seadistamist.  Tagatud \u00fcheaastane garantii.\" \/>\n<meta property=\"og:url\" content=\"https:\/\/anelto.eu\/toode\/gds-view-133-puutetundlik-ekraan\/\" \/>\n<meta property=\"og:site_name\" content=\"Anelto - t\u00f6\u00f6ruumi efektiivsus\" \/>\n<meta property=\"article:modified_time\" content=\"2021-05-21T07:32:29+00:00\" \/>\n<meta property=\"og:image\" content=\"https:\/\/anelto.eu\/wp-content\/uploads\/2021\/02\/RAM-GDS-MON-13-1.jpg\" \/>\n\t<meta property=\"og:image:width\" content=\"800\" \/>\n\t<meta property=\"og:image:height\" content=\"800\" \/>\n\t<meta property=\"og:image:type\" content=\"image\/jpeg\" \/>\n<meta name=\"twitter:card\" content=\"summary_large_image\" \/>\n<script type=\"application\/ld+json\" class=\"yoast-schema-graph\">{\"@context\":\"https:\/\/schema.org\",\"@graph\":[{\"@type\":\"WebPage\",\"@id\":\"https:\/\/anelto.eu\/toode\/gds-view-133-puutetundlik-ekraan\/\",\"url\":\"https:\/\/anelto.eu\/toode\/gds-view-133-puutetundlik-ekraan\/\",\"name\":\"GDS\u00ae View \u2122 13,3\\\" puutetundlik ekraan - Anelto - t\u00f6\u00f6ruumi efektiivsus\",\"isPartOf\":{\"@id\":\"https:\/\/anelto.eu\/#website\"},\"primaryImageOfPage\":{\"@id\":\"https:\/\/anelto.eu\/toode\/gds-view-133-puutetundlik-ekraan\/#primaryimage\"},\"image\":{\"@id\":\"https:\/\/anelto.eu\/toode\/gds-view-133-puutetundlik-ekraan\/#primaryimage\"},\"thumbnailUrl\":\"https:\/\/anelto.eu\/wp-content\/uploads\/2021\/02\/RAM-GDS-MON-13-1.jpg\",\"datePublished\":\"2021-02-16T11:11:52+00:00\",\"dateModified\":\"2021-05-21T07:32:29+00:00\",\"breadcrumb\":{\"@id\":\"https:\/\/anelto.eu\/toode\/gds-view-133-puutetundlik-ekraan\/#breadcrumb\"},\"inLanguage\":\"en-US\",\"potentialAction\":[{\"@type\":\"ReadAction\",\"target\":[\"https:\/\/anelto.eu\/toode\/gds-view-133-puutetundlik-ekraan\/\"]}]},{\"@type\":\"ImageObject\",\"inLanguage\":\"en-US\",\"@id\":\"https:\/\/anelto.eu\/toode\/gds-view-133-puutetundlik-ekraan\/#primaryimage\",\"url\":\"https:\/\/anelto.eu\/wp-content\/uploads\/2021\/02\/RAM-GDS-MON-13-1.jpg\",\"contentUrl\":\"https:\/\/anelto.eu\/wp-content\/uploads\/2021\/02\/RAM-GDS-MON-13-1.jpg\",\"width\":800,\"height\":800},{\"@type\":\"BreadcrumbList\",\"@id\":\"https:\/\/anelto.eu\/toode\/gds-view-133-puutetundlik-ekraan\/#breadcrumb\",\"itemListElement\":[{\"@type\":\"ListItem\",\"position\":1,\"name\":\"Avaleht\",\"item\":\"https:\/\/anelto.eu\/\"},{\"@type\":\"ListItem\",\"position\":2,\"name\":\"Valdkonnad\",\"item\":\"https:\/\/anelto.eu\/valdkonnad\/\"},{\"@type\":\"ListItem\",\"position\":3,\"name\":\"GDS\u00ae Keyboard\u2122 ja View\u2122 seadmed\",\"item\":\"https:\/\/anelto.eu\/tootekategooria\/gds-keyboard-ja-view-seadmed\/\"},{\"@type\":\"ListItem\",\"position\":4,\"name\":\"GDS\u00ae View \u2122 13,3&#8243; puutetundlik ekraan\"}]},{\"@type\":\"WebSite\",\"@id\":\"https:\/\/anelto.eu\/#website\",\"url\":\"https:\/\/anelto.eu\/\",\"name\":\"Anelto - t\u00f6\u00f6ruumi efektiivsus\",\"description\":\"Ergonoomiline t\u00f6\u00f6keskkond ja kinnituslahendused!\",\"publisher\":{\"@id\":\"https:\/\/anelto.eu\/#organization\"},\"potentialAction\":[{\"@type\":\"SearchAction\",\"target\":{\"@type\":\"EntryPoint\",\"urlTemplate\":\"https:\/\/anelto.eu\/?s={search_term_string}\"},\"query-input\":{\"@type\":\"PropertyValueSpecification\",\"valueRequired\":true,\"valueName\":\"search_term_string\"}}],\"inLanguage\":\"en-US\"},{\"@type\":\"Organization\",\"@id\":\"https:\/\/anelto.eu\/#organization\",\"name\":\"Anelto\",\"url\":\"https:\/\/anelto.eu\/\",\"logo\":{\"@type\":\"ImageObject\",\"inLanguage\":\"en-US\",\"@id\":\"https:\/\/anelto.eu\/#\/schema\/logo\/image\/\",\"url\":\"https:\/\/anelto.eu\/wp-content\/uploads\/2020\/06\/Picture1.png\",\"contentUrl\":\"https:\/\/anelto.eu\/wp-content\/uploads\/2020\/06\/Picture1.png\",\"width\":615,\"height\":331,\"caption\":\"Anelto\"},\"image\":{\"@id\":\"https:\/\/anelto.eu\/#\/schema\/logo\/image\/\"}}]}<\/script>\n<!-- \/ Yoast SEO plugin. -->","yoast_head_json":{"title":"GDS\u00ae View \u2122 13,3\" puutetundlik ekraan - Anelto - t\u00f6\u00f6ruumi efektiivsus","robots":{"index":"index","follow":"follow","max-snippet":"max-snippet:-1","max-image-preview":"max-image-preview:large","max-video-preview":"max-video-preview:-1"},"canonical":"https:\/\/anelto.eu\/toode\/gds-view-133-puutetundlik-ekraan\/","og_locale":"en_US","og_type":"article","og_title":"GDS\u00ae View \u2122 13,3\" puutetundlik ekraan - Anelto - t\u00f6\u00f6ruumi efektiivsus","og_description":"Toote RAM-GDS-MON-13-1 \u00fclevaade:  Kahepunktiline 13,3\" puutetundlik l\u00e4ikimise ja s\u00f5rmej\u00e4lgede vastase kattega ekraan.  Vibratsioon vastu testitud, et tagada t\u00f6\u00f6kindlus ka k\u00f5ige n\u00f5udlikumates keskkondades.  Sisaldab 75x75mm VESA mustrit kinnitamiseks ja \u00fchendamiseks RAM\u00ae kinnitusplaatidega ja kinnitus detailidega, mis v\u00f5imaldab ideaalset seadistamist.  Tagatud \u00fcheaastane garantii.","og_url":"https:\/\/anelto.eu\/toode\/gds-view-133-puutetundlik-ekraan\/","og_site_name":"Anelto - t\u00f6\u00f6ruumi efektiivsus","article_modified_time":"2021-05-21T07:32:29+00:00","og_image":[{"width":800,"height":800,"url":"https:\/\/anelto.eu\/wp-content\/uploads\/2021\/02\/RAM-GDS-MON-13-1.jpg","type":"image\/jpeg"}],"twitter_card":"summary_large_image","schema":{"@context":"https:\/\/schema.org","@graph":[{"@type":"WebPage","@id":"https:\/\/anelto.eu\/toode\/gds-view-133-puutetundlik-ekraan\/","url":"https:\/\/anelto.eu\/toode\/gds-view-133-puutetundlik-ekraan\/","name":"GDS\u00ae View \u2122 13,3\" puutetundlik ekraan - Anelto - t\u00f6\u00f6ruumi efektiivsus","isPartOf":{"@id":"https:\/\/anelto.eu\/#website"},"primaryImageOfPage":{"@id":"https:\/\/anelto.eu\/toode\/gds-view-133-puutetundlik-ekraan\/#primaryimage"},"image":{"@id":"https:\/\/anelto.eu\/toode\/gds-view-133-puutetundlik-ekraan\/#primaryimage"},"thumbnailUrl":"https:\/\/anelto.eu\/wp-content\/uploads\/2021\/02\/RAM-GDS-MON-13-1.jpg","datePublished":"2021-02-16T11:11:52+00:00","dateModified":"2021-05-21T07:32:29+00:00","breadcrumb":{"@id":"https:\/\/anelto.eu\/toode\/gds-view-133-puutetundlik-ekraan\/#breadcrumb"},"inLanguage":"en-US","potentialAction":[{"@type":"ReadAction","target":["https:\/\/anelto.eu\/toode\/gds-view-133-puutetundlik-ekraan\/"]}]},{"@type":"ImageObject","inLanguage":"en-US","@id":"https:\/\/anelto.eu\/toode\/gds-view-133-puutetundlik-ekraan\/#primaryimage","url":"https:\/\/anelto.eu\/wp-content\/uploads\/2021\/02\/RAM-GDS-MON-13-1.jpg","contentUrl":"https:\/\/anelto.eu\/wp-content\/uploads\/2021\/02\/RAM-GDS-MON-13-1.jpg","width":800,"height":800},{"@type":"BreadcrumbList","@id":"https:\/\/anelto.eu\/toode\/gds-view-133-puutetundlik-ekraan\/#breadcrumb","itemListElement":[{"@type":"ListItem","position":1,"name":"Avaleht","item":"https:\/\/anelto.eu\/"},{"@type":"ListItem","position":2,"name":"Valdkonnad","item":"https:\/\/anelto.eu\/valdkonnad\/"},{"@type":"ListItem","position":3,"name":"GDS\u00ae Keyboard\u2122 ja View\u2122 seadmed","item":"https:\/\/anelto.eu\/tootekategooria\/gds-keyboard-ja-view-seadmed\/"},{"@type":"ListItem","position":4,"name":"GDS\u00ae View \u2122 13,3&#8243; puutetundlik ekraan"}]},{"@type":"WebSite","@id":"https:\/\/anelto.eu\/#website","url":"https:\/\/anelto.eu\/","name":"Anelto - t\u00f6\u00f6ruumi efektiivsus","description":"Ergonoomiline t\u00f6\u00f6keskkond ja kinnituslahendused!","publisher":{"@id":"https:\/\/anelto.eu\/#organization"},"potentialAction":[{"@type":"SearchAction","target":{"@type":"EntryPoint","urlTemplate":"https:\/\/anelto.eu\/?s={search_term_string}"},"query-input":{"@type":"PropertyValueSpecification","valueRequired":true,"valueName":"search_term_string"}}],"inLanguage":"en-US"},{"@type":"Organization","@id":"https:\/\/anelto.eu\/#organization","name":"Anelto","url":"https:\/\/anelto.eu\/","logo":{"@type":"ImageObject","inLanguage":"en-US","@id":"https:\/\/anelto.eu\/#\/schema\/logo\/image\/","url":"https:\/\/anelto.eu\/wp-content\/uploads\/2020\/06\/Picture1.png","contentUrl":"https:\/\/anelto.eu\/wp-content\/uploads\/2020\/06\/Picture1.png","width":615,"height":331,"caption":"Anelto"},"image":{"@id":"https:\/\/anelto.eu\/#\/schema\/logo\/image\/"}}]}},"_links":{"self":[{"href":"https:\/\/anelto.eu\/en\/wp-json\/wp\/v2\/product\/4544","targetHints":{"allow":["GET"]}}],"collection":[{"href":"https:\/\/anelto.eu\/en\/wp-json\/wp\/v2\/product"}],"about":[{"href":"https:\/\/anelto.eu\/en\/wp-json\/wp\/v2\/types\/product"}],"replies":[{"embeddable":true,"href":"https:\/\/anelto.eu\/en\/wp-json\/wp\/v2\/comments?post=4544"}],"wp:featuredmedia":[{"embeddable":true,"href":"https:\/\/anelto.eu\/en\/wp-json\/wp\/v2\/media\/4545"}],"wp:attachment":[{"href":"https:\/\/anelto.eu\/en\/wp-json\/wp\/v2\/media?parent=4544"}],"wp:term":[{"taxonomy":"product_cat","embeddable":true,"href":"https:\/\/anelto.eu\/en\/wp-json\/wp\/v2\/product_cat?post=4544"},{"taxonomy":"product_tag","embeddable":true,"href":"https:\/\/anelto.eu\/en\/wp-json\/wp\/v2\/product_tag?post=4544"}],"curies":[{"name":"wp","href":"https:\/\/api.w.org\/{rel}","templated":true}]}}