{"id":4519,"date":"2021-02-16T10:48:41","date_gmt":"2021-02-16T10:48:41","guid":{"rendered":"https:\/\/anelto.eu\/?post_type=product&#038;p=4519"},"modified":"2021-05-21T07:27:22","modified_gmt":"2021-05-21T07:27:22","slug":"gds-slide-dock-kruvidega-kinnitatav-korpus-intelliskin-next-gen-toodetele","status":"publish","type":"product","link":"https:\/\/anelto.eu\/en\/toode\/gds-slide-dock-kruvidega-kinnitatav-korpus-intelliskin-next-gen-toodetele\/","title":{"rendered":"GDS\u00ae Slide Dock \u2122 kruvidega kinnitatav korpus IntelliSkin\u00ae Next Gen toodetele"},"content":{"rendered":"","protected":false},"excerpt":{"rendered":"<ul>\n<li><strong>Toote RAM-GDS-DOCK-G7-NGU \u00fclevaade:<\/strong><\/li>\n<li>Puuritav alus v\u00f5imaldab GDS\u00ae Slide Dock \u2122 -i h\u00f5lpsalt kinnitada<\/li>\n<li>Reguleeritav k\u00f5rgus mahutab erinevaid seadmeid<\/li>\n<li>\u00dchildub j\u00e4rgmise p\u00f5lvkonna IntelliSkin\u00ae toega seadmetega<\/li>\n<li>Tagatud 3 aastane garantii..<\/li>\n<\/ul>\n<p><img loading=\"lazy\" decoding=\"async\" class=\"size-full wp-image-4101 aligncenter\" src=\"https:\/\/anelto.eu\/wp-content\/uploads\/2021\/02\/RAM-pilt.png\" alt=\"\" width=\"300\" height=\"93\" \/><\/p>\n","protected":false},"featured_media":4520,"comment_status":"closed","ping_status":"closed","template":"","meta":{"_acf_changed":false},"product_cat":[93,94],"product_tag":[],"class_list":{"0":"post-4519","1":"product","2":"type-product","3":"status-publish","4":"has-post-thumbnail","6":"product_cat-gds-docks-and-intelliskins","7":"product_cat-gds-hub-ja-charge-seadmed","9":"first","10":"instock","11":"shipping-taxable","12":"product-type-simple"},"acf":[],"yoast_head":"<!-- This site is optimized with the Yoast SEO plugin v23.9 - https:\/\/yoast.com\/wordpress\/plugins\/seo\/ -->\n<title>GDS\u00ae Slide Dock \u2122 kruvidega kinnitatav korpus IntelliSkin\u00ae Next Gen toodetele - Anelto - t\u00f6\u00f6ruumi efektiivsus<\/title>\n<meta name=\"robots\" content=\"index, follow, max-snippet:-1, max-image-preview:large, max-video-preview:-1\" \/>\n<link rel=\"canonical\" href=\"https:\/\/anelto.eu\/toode\/gds-slide-dock-kruvidega-kinnitatav-korpus-intelliskin-next-gen-toodetele\/\" \/>\n<meta property=\"og:locale\" content=\"en_US\" \/>\n<meta property=\"og:type\" content=\"article\" \/>\n<meta property=\"og:title\" content=\"GDS\u00ae Slide Dock \u2122 kruvidega kinnitatav korpus IntelliSkin\u00ae Next Gen toodetele - Anelto - t\u00f6\u00f6ruumi efektiivsus\" \/>\n<meta property=\"og:description\" content=\"Toote RAM-GDS-DOCK-G7-NGU \u00fclevaade:  Puuritav alus v\u00f5imaldab GDS\u00ae Slide Dock \u2122 -i h\u00f5lpsalt kinnitada  Reguleeritav k\u00f5rgus mahutab erinevaid seadmeid  \u00dchildub j\u00e4rgmise p\u00f5lvkonna IntelliSkin\u00ae toega seadmetega  Tagatud 3 aastane garantii..\" \/>\n<meta property=\"og:url\" content=\"https:\/\/anelto.eu\/toode\/gds-slide-dock-kruvidega-kinnitatav-korpus-intelliskin-next-gen-toodetele\/\" \/>\n<meta property=\"og:site_name\" content=\"Anelto - t\u00f6\u00f6ruumi efektiivsus\" \/>\n<meta property=\"article:modified_time\" content=\"2021-05-21T07:27:22+00:00\" \/>\n<meta property=\"og:image\" content=\"https:\/\/anelto.eu\/wp-content\/uploads\/2021\/02\/RAM-GDS-DOCK-G7-NGU.jpg\" \/>\n\t<meta property=\"og:image:width\" content=\"800\" \/>\n\t<meta property=\"og:image:height\" content=\"800\" \/>\n\t<meta property=\"og:image:type\" content=\"image\/jpeg\" \/>\n<meta name=\"twitter:card\" content=\"summary_large_image\" \/>\n<script type=\"application\/ld+json\" class=\"yoast-schema-graph\">{\"@context\":\"https:\/\/schema.org\",\"@graph\":[{\"@type\":\"WebPage\",\"@id\":\"https:\/\/anelto.eu\/toode\/gds-slide-dock-kruvidega-kinnitatav-korpus-intelliskin-next-gen-toodetele\/\",\"url\":\"https:\/\/anelto.eu\/toode\/gds-slide-dock-kruvidega-kinnitatav-korpus-intelliskin-next-gen-toodetele\/\",\"name\":\"GDS\u00ae Slide Dock \u2122 kruvidega kinnitatav korpus IntelliSkin\u00ae Next Gen toodetele - Anelto - t\u00f6\u00f6ruumi efektiivsus\",\"isPartOf\":{\"@id\":\"https:\/\/anelto.eu\/#website\"},\"primaryImageOfPage\":{\"@id\":\"https:\/\/anelto.eu\/toode\/gds-slide-dock-kruvidega-kinnitatav-korpus-intelliskin-next-gen-toodetele\/#primaryimage\"},\"image\":{\"@id\":\"https:\/\/anelto.eu\/toode\/gds-slide-dock-kruvidega-kinnitatav-korpus-intelliskin-next-gen-toodetele\/#primaryimage\"},\"thumbnailUrl\":\"https:\/\/anelto.eu\/wp-content\/uploads\/2021\/02\/RAM-GDS-DOCK-G7-NGU.jpg\",\"datePublished\":\"2021-02-16T10:48:41+00:00\",\"dateModified\":\"2021-05-21T07:27:22+00:00\",\"breadcrumb\":{\"@id\":\"https:\/\/anelto.eu\/toode\/gds-slide-dock-kruvidega-kinnitatav-korpus-intelliskin-next-gen-toodetele\/#breadcrumb\"},\"inLanguage\":\"en-US\",\"potentialAction\":[{\"@type\":\"ReadAction\",\"target\":[\"https:\/\/anelto.eu\/toode\/gds-slide-dock-kruvidega-kinnitatav-korpus-intelliskin-next-gen-toodetele\/\"]}]},{\"@type\":\"ImageObject\",\"inLanguage\":\"en-US\",\"@id\":\"https:\/\/anelto.eu\/toode\/gds-slide-dock-kruvidega-kinnitatav-korpus-intelliskin-next-gen-toodetele\/#primaryimage\",\"url\":\"https:\/\/anelto.eu\/wp-content\/uploads\/2021\/02\/RAM-GDS-DOCK-G7-NGU.jpg\",\"contentUrl\":\"https:\/\/anelto.eu\/wp-content\/uploads\/2021\/02\/RAM-GDS-DOCK-G7-NGU.jpg\",\"width\":800,\"height\":800},{\"@type\":\"BreadcrumbList\",\"@id\":\"https:\/\/anelto.eu\/toode\/gds-slide-dock-kruvidega-kinnitatav-korpus-intelliskin-next-gen-toodetele\/#breadcrumb\",\"itemListElement\":[{\"@type\":\"ListItem\",\"position\":1,\"name\":\"Avaleht\",\"item\":\"https:\/\/anelto.eu\/\"},{\"@type\":\"ListItem\",\"position\":2,\"name\":\"Valdkonnad\",\"item\":\"https:\/\/anelto.eu\/valdkonnad\/\"},{\"@type\":\"ListItem\",\"position\":3,\"name\":\"GDS\u00ae Hub\u2122 ja Charge\u2122 seadmed\",\"item\":\"https:\/\/anelto.eu\/tootekategooria\/gds-hub-ja-charge-seadmed\/\"},{\"@type\":\"ListItem\",\"position\":4,\"name\":\"GDS\u00ae Slide Dock \u2122 kruvidega kinnitatav korpus IntelliSkin\u00ae Next Gen toodetele\"}]},{\"@type\":\"WebSite\",\"@id\":\"https:\/\/anelto.eu\/#website\",\"url\":\"https:\/\/anelto.eu\/\",\"name\":\"Anelto - t\u00f6\u00f6ruumi efektiivsus\",\"description\":\"Ergonoomiline t\u00f6\u00f6keskkond ja kinnituslahendused!\",\"publisher\":{\"@id\":\"https:\/\/anelto.eu\/#organization\"},\"potentialAction\":[{\"@type\":\"SearchAction\",\"target\":{\"@type\":\"EntryPoint\",\"urlTemplate\":\"https:\/\/anelto.eu\/?s={search_term_string}\"},\"query-input\":{\"@type\":\"PropertyValueSpecification\",\"valueRequired\":true,\"valueName\":\"search_term_string\"}}],\"inLanguage\":\"en-US\"},{\"@type\":\"Organization\",\"@id\":\"https:\/\/anelto.eu\/#organization\",\"name\":\"Anelto\",\"url\":\"https:\/\/anelto.eu\/\",\"logo\":{\"@type\":\"ImageObject\",\"inLanguage\":\"en-US\",\"@id\":\"https:\/\/anelto.eu\/#\/schema\/logo\/image\/\",\"url\":\"https:\/\/anelto.eu\/wp-content\/uploads\/2020\/06\/Picture1.png\",\"contentUrl\":\"https:\/\/anelto.eu\/wp-content\/uploads\/2020\/06\/Picture1.png\",\"width\":615,\"height\":331,\"caption\":\"Anelto\"},\"image\":{\"@id\":\"https:\/\/anelto.eu\/#\/schema\/logo\/image\/\"}}]}<\/script>\n<!-- \/ Yoast SEO plugin. -->","yoast_head_json":{"title":"GDS\u00ae Slide Dock \u2122 kruvidega kinnitatav korpus IntelliSkin\u00ae Next Gen toodetele - Anelto - t\u00f6\u00f6ruumi efektiivsus","robots":{"index":"index","follow":"follow","max-snippet":"max-snippet:-1","max-image-preview":"max-image-preview:large","max-video-preview":"max-video-preview:-1"},"canonical":"https:\/\/anelto.eu\/toode\/gds-slide-dock-kruvidega-kinnitatav-korpus-intelliskin-next-gen-toodetele\/","og_locale":"en_US","og_type":"article","og_title":"GDS\u00ae Slide Dock \u2122 kruvidega kinnitatav korpus IntelliSkin\u00ae Next Gen toodetele - Anelto - t\u00f6\u00f6ruumi efektiivsus","og_description":"Toote RAM-GDS-DOCK-G7-NGU \u00fclevaade:  Puuritav alus v\u00f5imaldab GDS\u00ae Slide Dock \u2122 -i h\u00f5lpsalt kinnitada  Reguleeritav k\u00f5rgus mahutab erinevaid seadmeid  \u00dchildub j\u00e4rgmise p\u00f5lvkonna IntelliSkin\u00ae toega seadmetega  Tagatud 3 aastane garantii..","og_url":"https:\/\/anelto.eu\/toode\/gds-slide-dock-kruvidega-kinnitatav-korpus-intelliskin-next-gen-toodetele\/","og_site_name":"Anelto - t\u00f6\u00f6ruumi efektiivsus","article_modified_time":"2021-05-21T07:27:22+00:00","og_image":[{"width":800,"height":800,"url":"https:\/\/anelto.eu\/wp-content\/uploads\/2021\/02\/RAM-GDS-DOCK-G7-NGU.jpg","type":"image\/jpeg"}],"twitter_card":"summary_large_image","schema":{"@context":"https:\/\/schema.org","@graph":[{"@type":"WebPage","@id":"https:\/\/anelto.eu\/toode\/gds-slide-dock-kruvidega-kinnitatav-korpus-intelliskin-next-gen-toodetele\/","url":"https:\/\/anelto.eu\/toode\/gds-slide-dock-kruvidega-kinnitatav-korpus-intelliskin-next-gen-toodetele\/","name":"GDS\u00ae Slide Dock \u2122 kruvidega kinnitatav korpus IntelliSkin\u00ae Next Gen toodetele - Anelto - t\u00f6\u00f6ruumi efektiivsus","isPartOf":{"@id":"https:\/\/anelto.eu\/#website"},"primaryImageOfPage":{"@id":"https:\/\/anelto.eu\/toode\/gds-slide-dock-kruvidega-kinnitatav-korpus-intelliskin-next-gen-toodetele\/#primaryimage"},"image":{"@id":"https:\/\/anelto.eu\/toode\/gds-slide-dock-kruvidega-kinnitatav-korpus-intelliskin-next-gen-toodetele\/#primaryimage"},"thumbnailUrl":"https:\/\/anelto.eu\/wp-content\/uploads\/2021\/02\/RAM-GDS-DOCK-G7-NGU.jpg","datePublished":"2021-02-16T10:48:41+00:00","dateModified":"2021-05-21T07:27:22+00:00","breadcrumb":{"@id":"https:\/\/anelto.eu\/toode\/gds-slide-dock-kruvidega-kinnitatav-korpus-intelliskin-next-gen-toodetele\/#breadcrumb"},"inLanguage":"en-US","potentialAction":[{"@type":"ReadAction","target":["https:\/\/anelto.eu\/toode\/gds-slide-dock-kruvidega-kinnitatav-korpus-intelliskin-next-gen-toodetele\/"]}]},{"@type":"ImageObject","inLanguage":"en-US","@id":"https:\/\/anelto.eu\/toode\/gds-slide-dock-kruvidega-kinnitatav-korpus-intelliskin-next-gen-toodetele\/#primaryimage","url":"https:\/\/anelto.eu\/wp-content\/uploads\/2021\/02\/RAM-GDS-DOCK-G7-NGU.jpg","contentUrl":"https:\/\/anelto.eu\/wp-content\/uploads\/2021\/02\/RAM-GDS-DOCK-G7-NGU.jpg","width":800,"height":800},{"@type":"BreadcrumbList","@id":"https:\/\/anelto.eu\/toode\/gds-slide-dock-kruvidega-kinnitatav-korpus-intelliskin-next-gen-toodetele\/#breadcrumb","itemListElement":[{"@type":"ListItem","position":1,"name":"Avaleht","item":"https:\/\/anelto.eu\/"},{"@type":"ListItem","position":2,"name":"Valdkonnad","item":"https:\/\/anelto.eu\/valdkonnad\/"},{"@type":"ListItem","position":3,"name":"GDS\u00ae Hub\u2122 ja Charge\u2122 seadmed","item":"https:\/\/anelto.eu\/tootekategooria\/gds-hub-ja-charge-seadmed\/"},{"@type":"ListItem","position":4,"name":"GDS\u00ae Slide Dock \u2122 kruvidega kinnitatav korpus IntelliSkin\u00ae Next Gen toodetele"}]},{"@type":"WebSite","@id":"https:\/\/anelto.eu\/#website","url":"https:\/\/anelto.eu\/","name":"Anelto - t\u00f6\u00f6ruumi efektiivsus","description":"Ergonoomiline t\u00f6\u00f6keskkond ja kinnituslahendused!","publisher":{"@id":"https:\/\/anelto.eu\/#organization"},"potentialAction":[{"@type":"SearchAction","target":{"@type":"EntryPoint","urlTemplate":"https:\/\/anelto.eu\/?s={search_term_string}"},"query-input":{"@type":"PropertyValueSpecification","valueRequired":true,"valueName":"search_term_string"}}],"inLanguage":"en-US"},{"@type":"Organization","@id":"https:\/\/anelto.eu\/#organization","name":"Anelto","url":"https:\/\/anelto.eu\/","logo":{"@type":"ImageObject","inLanguage":"en-US","@id":"https:\/\/anelto.eu\/#\/schema\/logo\/image\/","url":"https:\/\/anelto.eu\/wp-content\/uploads\/2020\/06\/Picture1.png","contentUrl":"https:\/\/anelto.eu\/wp-content\/uploads\/2020\/06\/Picture1.png","width":615,"height":331,"caption":"Anelto"},"image":{"@id":"https:\/\/anelto.eu\/#\/schema\/logo\/image\/"}}]}},"_links":{"self":[{"href":"https:\/\/anelto.eu\/en\/wp-json\/wp\/v2\/product\/4519","targetHints":{"allow":["GET"]}}],"collection":[{"href":"https:\/\/anelto.eu\/en\/wp-json\/wp\/v2\/product"}],"about":[{"href":"https:\/\/anelto.eu\/en\/wp-json\/wp\/v2\/types\/product"}],"replies":[{"embeddable":true,"href":"https:\/\/anelto.eu\/en\/wp-json\/wp\/v2\/comments?post=4519"}],"wp:featuredmedia":[{"embeddable":true,"href":"https:\/\/anelto.eu\/en\/wp-json\/wp\/v2\/media\/4520"}],"wp:attachment":[{"href":"https:\/\/anelto.eu\/en\/wp-json\/wp\/v2\/media?parent=4519"}],"wp:term":[{"taxonomy":"product_cat","embeddable":true,"href":"https:\/\/anelto.eu\/en\/wp-json\/wp\/v2\/product_cat?post=4519"},{"taxonomy":"product_tag","embeddable":true,"href":"https:\/\/anelto.eu\/en\/wp-json\/wp\/v2\/product_tag?post=4519"}],"curies":[{"name":"wp","href":"https:\/\/api.w.org\/{rel}","templated":true}]}}