{"id":4510,"date":"2021-02-16T09:22:28","date_gmt":"2021-02-16T09:22:28","guid":{"rendered":"https:\/\/anelto.eu\/?post_type=product&#038;p=4510"},"modified":"2021-05-21T07:23:51","modified_gmt":"2021-05-21T07:23:51","slug":"gds-c-ja-a-tuubi-laadija-sigaretisuutajast","status":"publish","type":"product","link":"https:\/\/anelto.eu\/en\/toode\/gds-c-ja-a-tuubi-laadija-sigaretisuutajast\/","title":{"rendered":"GDS\u00ae C- ja A-t\u00fc\u00fcbi laadija sigaretis\u00fc\u00fctajast"},"content":{"rendered":"","protected":false},"excerpt":{"rendered":"<ul>\n<li><strong>Toote RAM-GDS-CHARGE-CIGC \u00fclevaade:<\/strong><\/li>\n<li>See kahe pordiga GDS\u00ae USB Type-C ja USB Type-A sigaretilaadija v\u00f5imaldab korraga laadida kahte seadet.<\/li>\n<li>Lisaks kasutab USB A-t\u00fc\u00fcpi port Qualcomm\u00ae Quick Charge \u2122 3.0 eeliseid \u00fchilduvate seadmete jaoks &#8211; see v\u00f5imaldab teil seadmetest maksimumi v\u00f5tta ka liikvel olles.<\/li>\n<li>Kasutage C-t\u00fc\u00fcpi USB-porti ja kasutage 45W v\u00f5imsust.<\/li>\n<li>\u00dclelaadimise ja \u00fclekuumenemise v\u00e4ltimiseks kaitsevad toodet mitmed sisseehitatud kaitsemeetmed<\/li>\n<li>Tagatud 3 aastane garantii.<\/li>\n<\/ul>\n<p><img loading=\"lazy\" decoding=\"async\" class=\"size-full wp-image-4101 aligncenter\" src=\"https:\/\/anelto.eu\/wp-content\/uploads\/2021\/02\/RAM-pilt.png\" alt=\"\" width=\"300\" height=\"93\" \/><\/p>\n","protected":false},"featured_media":4511,"comment_status":"closed","ping_status":"closed","template":"","meta":{"_acf_changed":false},"product_cat":[94],"product_tag":[],"class_list":{"0":"post-4510","1":"product","2":"type-product","3":"status-publish","4":"has-post-thumbnail","6":"product_cat-gds-hub-ja-charge-seadmed","8":"first","9":"instock","10":"shipping-taxable","11":"product-type-simple"},"acf":[],"yoast_head":"<!-- This site is optimized with the Yoast SEO plugin v23.9 - https:\/\/yoast.com\/wordpress\/plugins\/seo\/ -->\n<title>GDS\u00ae C- ja A-t\u00fc\u00fcbi laadija sigaretis\u00fc\u00fctajast - Anelto - t\u00f6\u00f6ruumi efektiivsus<\/title>\n<meta name=\"robots\" content=\"index, follow, max-snippet:-1, max-image-preview:large, max-video-preview:-1\" \/>\n<link rel=\"canonical\" href=\"https:\/\/anelto.eu\/toode\/gds-c-ja-a-tuubi-laadija-sigaretisuutajast\/\" \/>\n<meta property=\"og:locale\" content=\"en_US\" \/>\n<meta property=\"og:type\" content=\"article\" \/>\n<meta property=\"og:title\" content=\"GDS\u00ae C- ja A-t\u00fc\u00fcbi laadija sigaretis\u00fc\u00fctajast - Anelto - t\u00f6\u00f6ruumi efektiivsus\" \/>\n<meta property=\"og:description\" content=\"Toote RAM-GDS-CHARGE-CIGC \u00fclevaade:  See kahe pordiga GDS\u00ae USB Type-C ja USB Type-A sigaretilaadija v\u00f5imaldab korraga laadida kahte seadet.  Lisaks kasutab USB A-t\u00fc\u00fcpi port Qualcomm\u00ae Quick Charge \u2122 3.0 eeliseid \u00fchilduvate seadmete jaoks - see v\u00f5imaldab teil seadmetest maksimumi v\u00f5tta ka liikvel olles.  Kasutage C-t\u00fc\u00fcpi USB-porti ja kasutage 45W v\u00f5imsust.  \u00dclelaadimise ja \u00fclekuumenemise v\u00e4ltimiseks kaitsevad toodet mitmed sisseehitatud kaitsemeetmed  Tagatud 3 aastane garantii.\" \/>\n<meta property=\"og:url\" content=\"https:\/\/anelto.eu\/toode\/gds-c-ja-a-tuubi-laadija-sigaretisuutajast\/\" \/>\n<meta property=\"og:site_name\" content=\"Anelto - t\u00f6\u00f6ruumi efektiivsus\" \/>\n<meta property=\"article:modified_time\" content=\"2021-05-21T07:23:51+00:00\" \/>\n<meta property=\"og:image\" content=\"https:\/\/anelto.eu\/wp-content\/uploads\/2021\/02\/RAM-GDS-CHARGE-CIGC.jpg\" \/>\n\t<meta property=\"og:image:width\" content=\"800\" \/>\n\t<meta property=\"og:image:height\" content=\"800\" \/>\n\t<meta property=\"og:image:type\" content=\"image\/jpeg\" \/>\n<meta name=\"twitter:card\" content=\"summary_large_image\" \/>\n<script type=\"application\/ld+json\" class=\"yoast-schema-graph\">{\"@context\":\"https:\/\/schema.org\",\"@graph\":[{\"@type\":\"WebPage\",\"@id\":\"https:\/\/anelto.eu\/toode\/gds-c-ja-a-tuubi-laadija-sigaretisuutajast\/\",\"url\":\"https:\/\/anelto.eu\/toode\/gds-c-ja-a-tuubi-laadija-sigaretisuutajast\/\",\"name\":\"GDS\u00ae C- ja A-t\u00fc\u00fcbi laadija sigaretis\u00fc\u00fctajast - Anelto - t\u00f6\u00f6ruumi efektiivsus\",\"isPartOf\":{\"@id\":\"https:\/\/anelto.eu\/#website\"},\"primaryImageOfPage\":{\"@id\":\"https:\/\/anelto.eu\/toode\/gds-c-ja-a-tuubi-laadija-sigaretisuutajast\/#primaryimage\"},\"image\":{\"@id\":\"https:\/\/anelto.eu\/toode\/gds-c-ja-a-tuubi-laadija-sigaretisuutajast\/#primaryimage\"},\"thumbnailUrl\":\"https:\/\/anelto.eu\/wp-content\/uploads\/2021\/02\/RAM-GDS-CHARGE-CIGC.jpg\",\"datePublished\":\"2021-02-16T09:22:28+00:00\",\"dateModified\":\"2021-05-21T07:23:51+00:00\",\"breadcrumb\":{\"@id\":\"https:\/\/anelto.eu\/toode\/gds-c-ja-a-tuubi-laadija-sigaretisuutajast\/#breadcrumb\"},\"inLanguage\":\"en-US\",\"potentialAction\":[{\"@type\":\"ReadAction\",\"target\":[\"https:\/\/anelto.eu\/toode\/gds-c-ja-a-tuubi-laadija-sigaretisuutajast\/\"]}]},{\"@type\":\"ImageObject\",\"inLanguage\":\"en-US\",\"@id\":\"https:\/\/anelto.eu\/toode\/gds-c-ja-a-tuubi-laadija-sigaretisuutajast\/#primaryimage\",\"url\":\"https:\/\/anelto.eu\/wp-content\/uploads\/2021\/02\/RAM-GDS-CHARGE-CIGC.jpg\",\"contentUrl\":\"https:\/\/anelto.eu\/wp-content\/uploads\/2021\/02\/RAM-GDS-CHARGE-CIGC.jpg\",\"width\":800,\"height\":800},{\"@type\":\"BreadcrumbList\",\"@id\":\"https:\/\/anelto.eu\/toode\/gds-c-ja-a-tuubi-laadija-sigaretisuutajast\/#breadcrumb\",\"itemListElement\":[{\"@type\":\"ListItem\",\"position\":1,\"name\":\"Avaleht\",\"item\":\"https:\/\/anelto.eu\/\"},{\"@type\":\"ListItem\",\"position\":2,\"name\":\"Valdkonnad\",\"item\":\"https:\/\/anelto.eu\/valdkonnad\/\"},{\"@type\":\"ListItem\",\"position\":3,\"name\":\"GDS\u00ae Hub\u2122 ja Charge\u2122 seadmed\",\"item\":\"https:\/\/anelto.eu\/tootekategooria\/gds-hub-ja-charge-seadmed\/\"},{\"@type\":\"ListItem\",\"position\":4,\"name\":\"GDS\u00ae C- ja A-t\u00fc\u00fcbi laadija sigaretis\u00fc\u00fctajast\"}]},{\"@type\":\"WebSite\",\"@id\":\"https:\/\/anelto.eu\/#website\",\"url\":\"https:\/\/anelto.eu\/\",\"name\":\"Anelto - t\u00f6\u00f6ruumi efektiivsus\",\"description\":\"Ergonoomiline t\u00f6\u00f6keskkond ja kinnituslahendused!\",\"publisher\":{\"@id\":\"https:\/\/anelto.eu\/#organization\"},\"potentialAction\":[{\"@type\":\"SearchAction\",\"target\":{\"@type\":\"EntryPoint\",\"urlTemplate\":\"https:\/\/anelto.eu\/?s={search_term_string}\"},\"query-input\":{\"@type\":\"PropertyValueSpecification\",\"valueRequired\":true,\"valueName\":\"search_term_string\"}}],\"inLanguage\":\"en-US\"},{\"@type\":\"Organization\",\"@id\":\"https:\/\/anelto.eu\/#organization\",\"name\":\"Anelto\",\"url\":\"https:\/\/anelto.eu\/\",\"logo\":{\"@type\":\"ImageObject\",\"inLanguage\":\"en-US\",\"@id\":\"https:\/\/anelto.eu\/#\/schema\/logo\/image\/\",\"url\":\"https:\/\/anelto.eu\/wp-content\/uploads\/2020\/06\/Picture1.png\",\"contentUrl\":\"https:\/\/anelto.eu\/wp-content\/uploads\/2020\/06\/Picture1.png\",\"width\":615,\"height\":331,\"caption\":\"Anelto\"},\"image\":{\"@id\":\"https:\/\/anelto.eu\/#\/schema\/logo\/image\/\"}}]}<\/script>\n<!-- \/ Yoast SEO plugin. -->","yoast_head_json":{"title":"GDS\u00ae C- ja A-t\u00fc\u00fcbi laadija sigaretis\u00fc\u00fctajast - Anelto - t\u00f6\u00f6ruumi efektiivsus","robots":{"index":"index","follow":"follow","max-snippet":"max-snippet:-1","max-image-preview":"max-image-preview:large","max-video-preview":"max-video-preview:-1"},"canonical":"https:\/\/anelto.eu\/toode\/gds-c-ja-a-tuubi-laadija-sigaretisuutajast\/","og_locale":"en_US","og_type":"article","og_title":"GDS\u00ae C- ja A-t\u00fc\u00fcbi laadija sigaretis\u00fc\u00fctajast - Anelto - t\u00f6\u00f6ruumi efektiivsus","og_description":"Toote RAM-GDS-CHARGE-CIGC \u00fclevaade:  See kahe pordiga GDS\u00ae USB Type-C ja USB Type-A sigaretilaadija v\u00f5imaldab korraga laadida kahte seadet.  Lisaks kasutab USB A-t\u00fc\u00fcpi port Qualcomm\u00ae Quick Charge \u2122 3.0 eeliseid \u00fchilduvate seadmete jaoks - see v\u00f5imaldab teil seadmetest maksimumi v\u00f5tta ka liikvel olles.  Kasutage C-t\u00fc\u00fcpi USB-porti ja kasutage 45W v\u00f5imsust.  \u00dclelaadimise ja \u00fclekuumenemise v\u00e4ltimiseks kaitsevad toodet mitmed sisseehitatud kaitsemeetmed  Tagatud 3 aastane garantii.","og_url":"https:\/\/anelto.eu\/toode\/gds-c-ja-a-tuubi-laadija-sigaretisuutajast\/","og_site_name":"Anelto - t\u00f6\u00f6ruumi efektiivsus","article_modified_time":"2021-05-21T07:23:51+00:00","og_image":[{"width":800,"height":800,"url":"https:\/\/anelto.eu\/wp-content\/uploads\/2021\/02\/RAM-GDS-CHARGE-CIGC.jpg","type":"image\/jpeg"}],"twitter_card":"summary_large_image","schema":{"@context":"https:\/\/schema.org","@graph":[{"@type":"WebPage","@id":"https:\/\/anelto.eu\/toode\/gds-c-ja-a-tuubi-laadija-sigaretisuutajast\/","url":"https:\/\/anelto.eu\/toode\/gds-c-ja-a-tuubi-laadija-sigaretisuutajast\/","name":"GDS\u00ae C- ja A-t\u00fc\u00fcbi laadija sigaretis\u00fc\u00fctajast - Anelto - t\u00f6\u00f6ruumi efektiivsus","isPartOf":{"@id":"https:\/\/anelto.eu\/#website"},"primaryImageOfPage":{"@id":"https:\/\/anelto.eu\/toode\/gds-c-ja-a-tuubi-laadija-sigaretisuutajast\/#primaryimage"},"image":{"@id":"https:\/\/anelto.eu\/toode\/gds-c-ja-a-tuubi-laadija-sigaretisuutajast\/#primaryimage"},"thumbnailUrl":"https:\/\/anelto.eu\/wp-content\/uploads\/2021\/02\/RAM-GDS-CHARGE-CIGC.jpg","datePublished":"2021-02-16T09:22:28+00:00","dateModified":"2021-05-21T07:23:51+00:00","breadcrumb":{"@id":"https:\/\/anelto.eu\/toode\/gds-c-ja-a-tuubi-laadija-sigaretisuutajast\/#breadcrumb"},"inLanguage":"en-US","potentialAction":[{"@type":"ReadAction","target":["https:\/\/anelto.eu\/toode\/gds-c-ja-a-tuubi-laadija-sigaretisuutajast\/"]}]},{"@type":"ImageObject","inLanguage":"en-US","@id":"https:\/\/anelto.eu\/toode\/gds-c-ja-a-tuubi-laadija-sigaretisuutajast\/#primaryimage","url":"https:\/\/anelto.eu\/wp-content\/uploads\/2021\/02\/RAM-GDS-CHARGE-CIGC.jpg","contentUrl":"https:\/\/anelto.eu\/wp-content\/uploads\/2021\/02\/RAM-GDS-CHARGE-CIGC.jpg","width":800,"height":800},{"@type":"BreadcrumbList","@id":"https:\/\/anelto.eu\/toode\/gds-c-ja-a-tuubi-laadija-sigaretisuutajast\/#breadcrumb","itemListElement":[{"@type":"ListItem","position":1,"name":"Avaleht","item":"https:\/\/anelto.eu\/"},{"@type":"ListItem","position":2,"name":"Valdkonnad","item":"https:\/\/anelto.eu\/valdkonnad\/"},{"@type":"ListItem","position":3,"name":"GDS\u00ae Hub\u2122 ja Charge\u2122 seadmed","item":"https:\/\/anelto.eu\/tootekategooria\/gds-hub-ja-charge-seadmed\/"},{"@type":"ListItem","position":4,"name":"GDS\u00ae C- ja A-t\u00fc\u00fcbi laadija sigaretis\u00fc\u00fctajast"}]},{"@type":"WebSite","@id":"https:\/\/anelto.eu\/#website","url":"https:\/\/anelto.eu\/","name":"Anelto - t\u00f6\u00f6ruumi efektiivsus","description":"Ergonoomiline t\u00f6\u00f6keskkond ja kinnituslahendused!","publisher":{"@id":"https:\/\/anelto.eu\/#organization"},"potentialAction":[{"@type":"SearchAction","target":{"@type":"EntryPoint","urlTemplate":"https:\/\/anelto.eu\/?s={search_term_string}"},"query-input":{"@type":"PropertyValueSpecification","valueRequired":true,"valueName":"search_term_string"}}],"inLanguage":"en-US"},{"@type":"Organization","@id":"https:\/\/anelto.eu\/#organization","name":"Anelto","url":"https:\/\/anelto.eu\/","logo":{"@type":"ImageObject","inLanguage":"en-US","@id":"https:\/\/anelto.eu\/#\/schema\/logo\/image\/","url":"https:\/\/anelto.eu\/wp-content\/uploads\/2020\/06\/Picture1.png","contentUrl":"https:\/\/anelto.eu\/wp-content\/uploads\/2020\/06\/Picture1.png","width":615,"height":331,"caption":"Anelto"},"image":{"@id":"https:\/\/anelto.eu\/#\/schema\/logo\/image\/"}}]}},"_links":{"self":[{"href":"https:\/\/anelto.eu\/en\/wp-json\/wp\/v2\/product\/4510","targetHints":{"allow":["GET"]}}],"collection":[{"href":"https:\/\/anelto.eu\/en\/wp-json\/wp\/v2\/product"}],"about":[{"href":"https:\/\/anelto.eu\/en\/wp-json\/wp\/v2\/types\/product"}],"replies":[{"embeddable":true,"href":"https:\/\/anelto.eu\/en\/wp-json\/wp\/v2\/comments?post=4510"}],"wp:featuredmedia":[{"embeddable":true,"href":"https:\/\/anelto.eu\/en\/wp-json\/wp\/v2\/media\/4511"}],"wp:attachment":[{"href":"https:\/\/anelto.eu\/en\/wp-json\/wp\/v2\/media?parent=4510"}],"wp:term":[{"taxonomy":"product_cat","embeddable":true,"href":"https:\/\/anelto.eu\/en\/wp-json\/wp\/v2\/product_cat?post=4510"},{"taxonomy":"product_tag","embeddable":true,"href":"https:\/\/anelto.eu\/en\/wp-json\/wp\/v2\/product_tag?post=4510"}],"curies":[{"name":"wp","href":"https:\/\/api.w.org\/{rel}","templated":true}]}}