{"id":4480,"date":"2021-02-16T09:07:20","date_gmt":"2021-02-16T09:07:20","guid":{"rendered":"https:\/\/anelto.eu\/?post_type=product&#038;p=4480"},"modified":"2021-05-21T07:13:38","modified_gmt":"2021-05-21T07:13:38","slug":"gds-telefoni-dokk-soidukile-intelliskin-toodete-jaoks-c-tuupi-usb-ga","status":"publish","type":"product","link":"https:\/\/anelto.eu\/en\/toode\/gds-telefoni-dokk-soidukile-intelliskin-toodete-jaoks-c-tuupi-usb-ga\/","title":{"rendered":"GDS\u00ae telefoni dokk s\u00f5idukile IntelliSkin\u00ae toodete jaoks, C-t\u00fc\u00fcpi USB-ga"},"content":{"rendered":"","protected":false},"excerpt":{"rendered":"<ul>\n<li><strong>Toote RAM-GDS-DOCK-V1CU \u00fclevaade:<\/strong><\/li>\n<li>GDS-tehnoloogiaga universaalne s\u00f5iduki laadija on vedruga kiirelt vabastatav toode, mis pakub turvalist kinnitust ja h\u00f5lpsat juurdep\u00e4\u00e4su kinnitatud telefonile v\u00f5i tabile.<\/li>\n<li>Dokkimisjaam \u00fchildub k\u00f5igi IntelliSkini kasutavate telefonide v\u00f5i tabidega.<\/li>\n<li>Dokk on m\u00f5eldud USB Type-C \u2122 -seadmete toetamiseks ja sellel on toiteallikaga \u00fchendamiseks USB C-port.<\/li>\n<li>Tagatud 3-aastase garantiiga<\/li>\n<\/ul>\n<p><img loading=\"lazy\" decoding=\"async\" class=\"size-full wp-image-4101 aligncenter\" src=\"https:\/\/anelto.eu\/wp-content\/uploads\/2021\/02\/RAM-pilt.png\" alt=\"\" width=\"300\" height=\"93\" \/><\/p>\n","protected":false},"featured_media":4473,"comment_status":"closed","ping_status":"closed","template":"","meta":{"_acf_changed":false},"product_cat":[93],"product_tag":[],"class_list":{"0":"post-4480","1":"product","2":"type-product","3":"status-publish","4":"has-post-thumbnail","6":"product_cat-gds-docks-and-intelliskins","8":"first","9":"instock","10":"shipping-taxable","11":"product-type-simple"},"acf":[],"yoast_head":"<!-- This site is optimized with the Yoast SEO plugin v23.9 - https:\/\/yoast.com\/wordpress\/plugins\/seo\/ -->\n<title>GDS\u00ae telefoni dokk s\u00f5idukile IntelliSkin\u00ae toodete jaoks, C-t\u00fc\u00fcpi USB-ga - Anelto - t\u00f6\u00f6ruumi efektiivsus<\/title>\n<meta name=\"robots\" content=\"index, follow, max-snippet:-1, max-image-preview:large, max-video-preview:-1\" \/>\n<link rel=\"canonical\" href=\"https:\/\/anelto.eu\/toode\/gds-telefoni-dokk-soidukile-intelliskin-toodete-jaoks-c-tuupi-usb-ga\/\" \/>\n<meta property=\"og:locale\" content=\"en_US\" \/>\n<meta property=\"og:type\" content=\"article\" \/>\n<meta property=\"og:title\" content=\"GDS\u00ae telefoni dokk s\u00f5idukile IntelliSkin\u00ae toodete jaoks, C-t\u00fc\u00fcpi USB-ga - Anelto - t\u00f6\u00f6ruumi efektiivsus\" \/>\n<meta property=\"og:description\" content=\"Toote RAM-GDS-DOCK-V1CU \u00fclevaade:  GDS-tehnoloogiaga universaalne s\u00f5iduki laadija on vedruga kiirelt vabastatav toode, mis pakub turvalist kinnitust ja h\u00f5lpsat juurdep\u00e4\u00e4su kinnitatud telefonile v\u00f5i tabile.  Dokkimisjaam \u00fchildub k\u00f5igi IntelliSkini kasutavate telefonide v\u00f5i tabidega.  Dokk on m\u00f5eldud USB Type-C \u2122 -seadmete toetamiseks ja sellel on toiteallikaga \u00fchendamiseks USB C-port.  Tagatud 3-aastase garantiiga\" \/>\n<meta property=\"og:url\" content=\"https:\/\/anelto.eu\/toode\/gds-telefoni-dokk-soidukile-intelliskin-toodete-jaoks-c-tuupi-usb-ga\/\" \/>\n<meta property=\"og:site_name\" content=\"Anelto - t\u00f6\u00f6ruumi efektiivsus\" \/>\n<meta property=\"article:modified_time\" content=\"2021-05-21T07:13:38+00:00\" \/>\n<meta property=\"og:image\" content=\"https:\/\/anelto.eu\/wp-content\/uploads\/2021\/02\/RAM-GDS-DOCK-V1CU.jpg\" \/>\n\t<meta property=\"og:image:width\" content=\"800\" \/>\n\t<meta property=\"og:image:height\" content=\"800\" \/>\n\t<meta property=\"og:image:type\" content=\"image\/jpeg\" \/>\n<meta name=\"twitter:card\" content=\"summary_large_image\" \/>\n<script type=\"application\/ld+json\" class=\"yoast-schema-graph\">{\"@context\":\"https:\/\/schema.org\",\"@graph\":[{\"@type\":\"WebPage\",\"@id\":\"https:\/\/anelto.eu\/toode\/gds-telefoni-dokk-soidukile-intelliskin-toodete-jaoks-c-tuupi-usb-ga\/\",\"url\":\"https:\/\/anelto.eu\/toode\/gds-telefoni-dokk-soidukile-intelliskin-toodete-jaoks-c-tuupi-usb-ga\/\",\"name\":\"GDS\u00ae telefoni dokk s\u00f5idukile IntelliSkin\u00ae toodete jaoks, C-t\u00fc\u00fcpi USB-ga - Anelto - t\u00f6\u00f6ruumi efektiivsus\",\"isPartOf\":{\"@id\":\"https:\/\/anelto.eu\/#website\"},\"primaryImageOfPage\":{\"@id\":\"https:\/\/anelto.eu\/toode\/gds-telefoni-dokk-soidukile-intelliskin-toodete-jaoks-c-tuupi-usb-ga\/#primaryimage\"},\"image\":{\"@id\":\"https:\/\/anelto.eu\/toode\/gds-telefoni-dokk-soidukile-intelliskin-toodete-jaoks-c-tuupi-usb-ga\/#primaryimage\"},\"thumbnailUrl\":\"https:\/\/anelto.eu\/wp-content\/uploads\/2021\/02\/RAM-GDS-DOCK-V1CU.jpg\",\"datePublished\":\"2021-02-16T09:07:20+00:00\",\"dateModified\":\"2021-05-21T07:13:38+00:00\",\"breadcrumb\":{\"@id\":\"https:\/\/anelto.eu\/toode\/gds-telefoni-dokk-soidukile-intelliskin-toodete-jaoks-c-tuupi-usb-ga\/#breadcrumb\"},\"inLanguage\":\"en-US\",\"potentialAction\":[{\"@type\":\"ReadAction\",\"target\":[\"https:\/\/anelto.eu\/toode\/gds-telefoni-dokk-soidukile-intelliskin-toodete-jaoks-c-tuupi-usb-ga\/\"]}]},{\"@type\":\"ImageObject\",\"inLanguage\":\"en-US\",\"@id\":\"https:\/\/anelto.eu\/toode\/gds-telefoni-dokk-soidukile-intelliskin-toodete-jaoks-c-tuupi-usb-ga\/#primaryimage\",\"url\":\"https:\/\/anelto.eu\/wp-content\/uploads\/2021\/02\/RAM-GDS-DOCK-V1CU.jpg\",\"contentUrl\":\"https:\/\/anelto.eu\/wp-content\/uploads\/2021\/02\/RAM-GDS-DOCK-V1CU.jpg\",\"width\":800,\"height\":800},{\"@type\":\"BreadcrumbList\",\"@id\":\"https:\/\/anelto.eu\/toode\/gds-telefoni-dokk-soidukile-intelliskin-toodete-jaoks-c-tuupi-usb-ga\/#breadcrumb\",\"itemListElement\":[{\"@type\":\"ListItem\",\"position\":1,\"name\":\"Avaleht\",\"item\":\"https:\/\/anelto.eu\/\"},{\"@type\":\"ListItem\",\"position\":2,\"name\":\"Valdkonnad\",\"item\":\"https:\/\/anelto.eu\/valdkonnad\/\"},{\"@type\":\"ListItem\",\"position\":3,\"name\":\"GDS\u00ae dokid ja kaitse\u00fcmbrised\",\"item\":\"https:\/\/anelto.eu\/tootekategooria\/gds-docks-and-intelliskins\/\"},{\"@type\":\"ListItem\",\"position\":4,\"name\":\"GDS\u00ae telefoni dokk s\u00f5idukile IntelliSkin\u00ae toodete jaoks, C-t\u00fc\u00fcpi USB-ga\"}]},{\"@type\":\"WebSite\",\"@id\":\"https:\/\/anelto.eu\/#website\",\"url\":\"https:\/\/anelto.eu\/\",\"name\":\"Anelto - t\u00f6\u00f6ruumi efektiivsus\",\"description\":\"Ergonoomiline t\u00f6\u00f6keskkond ja kinnituslahendused!\",\"publisher\":{\"@id\":\"https:\/\/anelto.eu\/#organization\"},\"potentialAction\":[{\"@type\":\"SearchAction\",\"target\":{\"@type\":\"EntryPoint\",\"urlTemplate\":\"https:\/\/anelto.eu\/?s={search_term_string}\"},\"query-input\":{\"@type\":\"PropertyValueSpecification\",\"valueRequired\":true,\"valueName\":\"search_term_string\"}}],\"inLanguage\":\"en-US\"},{\"@type\":\"Organization\",\"@id\":\"https:\/\/anelto.eu\/#organization\",\"name\":\"Anelto\",\"url\":\"https:\/\/anelto.eu\/\",\"logo\":{\"@type\":\"ImageObject\",\"inLanguage\":\"en-US\",\"@id\":\"https:\/\/anelto.eu\/#\/schema\/logo\/image\/\",\"url\":\"https:\/\/anelto.eu\/wp-content\/uploads\/2020\/06\/Picture1.png\",\"contentUrl\":\"https:\/\/anelto.eu\/wp-content\/uploads\/2020\/06\/Picture1.png\",\"width\":615,\"height\":331,\"caption\":\"Anelto\"},\"image\":{\"@id\":\"https:\/\/anelto.eu\/#\/schema\/logo\/image\/\"}}]}<\/script>\n<!-- \/ Yoast SEO plugin. -->","yoast_head_json":{"title":"GDS\u00ae telefoni dokk s\u00f5idukile IntelliSkin\u00ae toodete jaoks, C-t\u00fc\u00fcpi USB-ga - Anelto - t\u00f6\u00f6ruumi efektiivsus","robots":{"index":"index","follow":"follow","max-snippet":"max-snippet:-1","max-image-preview":"max-image-preview:large","max-video-preview":"max-video-preview:-1"},"canonical":"https:\/\/anelto.eu\/toode\/gds-telefoni-dokk-soidukile-intelliskin-toodete-jaoks-c-tuupi-usb-ga\/","og_locale":"en_US","og_type":"article","og_title":"GDS\u00ae telefoni dokk s\u00f5idukile IntelliSkin\u00ae toodete jaoks, C-t\u00fc\u00fcpi USB-ga - Anelto - t\u00f6\u00f6ruumi efektiivsus","og_description":"Toote RAM-GDS-DOCK-V1CU \u00fclevaade:  GDS-tehnoloogiaga universaalne s\u00f5iduki laadija on vedruga kiirelt vabastatav toode, mis pakub turvalist kinnitust ja h\u00f5lpsat juurdep\u00e4\u00e4su kinnitatud telefonile v\u00f5i tabile.  Dokkimisjaam \u00fchildub k\u00f5igi IntelliSkini kasutavate telefonide v\u00f5i tabidega.  Dokk on m\u00f5eldud USB Type-C \u2122 -seadmete toetamiseks ja sellel on toiteallikaga \u00fchendamiseks USB C-port.  Tagatud 3-aastase garantiiga","og_url":"https:\/\/anelto.eu\/toode\/gds-telefoni-dokk-soidukile-intelliskin-toodete-jaoks-c-tuupi-usb-ga\/","og_site_name":"Anelto - t\u00f6\u00f6ruumi efektiivsus","article_modified_time":"2021-05-21T07:13:38+00:00","og_image":[{"width":800,"height":800,"url":"https:\/\/anelto.eu\/wp-content\/uploads\/2021\/02\/RAM-GDS-DOCK-V1CU.jpg","type":"image\/jpeg"}],"twitter_card":"summary_large_image","schema":{"@context":"https:\/\/schema.org","@graph":[{"@type":"WebPage","@id":"https:\/\/anelto.eu\/toode\/gds-telefoni-dokk-soidukile-intelliskin-toodete-jaoks-c-tuupi-usb-ga\/","url":"https:\/\/anelto.eu\/toode\/gds-telefoni-dokk-soidukile-intelliskin-toodete-jaoks-c-tuupi-usb-ga\/","name":"GDS\u00ae telefoni dokk s\u00f5idukile IntelliSkin\u00ae toodete jaoks, C-t\u00fc\u00fcpi USB-ga - Anelto - t\u00f6\u00f6ruumi efektiivsus","isPartOf":{"@id":"https:\/\/anelto.eu\/#website"},"primaryImageOfPage":{"@id":"https:\/\/anelto.eu\/toode\/gds-telefoni-dokk-soidukile-intelliskin-toodete-jaoks-c-tuupi-usb-ga\/#primaryimage"},"image":{"@id":"https:\/\/anelto.eu\/toode\/gds-telefoni-dokk-soidukile-intelliskin-toodete-jaoks-c-tuupi-usb-ga\/#primaryimage"},"thumbnailUrl":"https:\/\/anelto.eu\/wp-content\/uploads\/2021\/02\/RAM-GDS-DOCK-V1CU.jpg","datePublished":"2021-02-16T09:07:20+00:00","dateModified":"2021-05-21T07:13:38+00:00","breadcrumb":{"@id":"https:\/\/anelto.eu\/toode\/gds-telefoni-dokk-soidukile-intelliskin-toodete-jaoks-c-tuupi-usb-ga\/#breadcrumb"},"inLanguage":"en-US","potentialAction":[{"@type":"ReadAction","target":["https:\/\/anelto.eu\/toode\/gds-telefoni-dokk-soidukile-intelliskin-toodete-jaoks-c-tuupi-usb-ga\/"]}]},{"@type":"ImageObject","inLanguage":"en-US","@id":"https:\/\/anelto.eu\/toode\/gds-telefoni-dokk-soidukile-intelliskin-toodete-jaoks-c-tuupi-usb-ga\/#primaryimage","url":"https:\/\/anelto.eu\/wp-content\/uploads\/2021\/02\/RAM-GDS-DOCK-V1CU.jpg","contentUrl":"https:\/\/anelto.eu\/wp-content\/uploads\/2021\/02\/RAM-GDS-DOCK-V1CU.jpg","width":800,"height":800},{"@type":"BreadcrumbList","@id":"https:\/\/anelto.eu\/toode\/gds-telefoni-dokk-soidukile-intelliskin-toodete-jaoks-c-tuupi-usb-ga\/#breadcrumb","itemListElement":[{"@type":"ListItem","position":1,"name":"Avaleht","item":"https:\/\/anelto.eu\/"},{"@type":"ListItem","position":2,"name":"Valdkonnad","item":"https:\/\/anelto.eu\/valdkonnad\/"},{"@type":"ListItem","position":3,"name":"GDS\u00ae dokid ja kaitse\u00fcmbrised","item":"https:\/\/anelto.eu\/tootekategooria\/gds-docks-and-intelliskins\/"},{"@type":"ListItem","position":4,"name":"GDS\u00ae telefoni dokk s\u00f5idukile IntelliSkin\u00ae toodete jaoks, C-t\u00fc\u00fcpi USB-ga"}]},{"@type":"WebSite","@id":"https:\/\/anelto.eu\/#website","url":"https:\/\/anelto.eu\/","name":"Anelto - t\u00f6\u00f6ruumi efektiivsus","description":"Ergonoomiline t\u00f6\u00f6keskkond ja kinnituslahendused!","publisher":{"@id":"https:\/\/anelto.eu\/#organization"},"potentialAction":[{"@type":"SearchAction","target":{"@type":"EntryPoint","urlTemplate":"https:\/\/anelto.eu\/?s={search_term_string}"},"query-input":{"@type":"PropertyValueSpecification","valueRequired":true,"valueName":"search_term_string"}}],"inLanguage":"en-US"},{"@type":"Organization","@id":"https:\/\/anelto.eu\/#organization","name":"Anelto","url":"https:\/\/anelto.eu\/","logo":{"@type":"ImageObject","inLanguage":"en-US","@id":"https:\/\/anelto.eu\/#\/schema\/logo\/image\/","url":"https:\/\/anelto.eu\/wp-content\/uploads\/2020\/06\/Picture1.png","contentUrl":"https:\/\/anelto.eu\/wp-content\/uploads\/2020\/06\/Picture1.png","width":615,"height":331,"caption":"Anelto"},"image":{"@id":"https:\/\/anelto.eu\/#\/schema\/logo\/image\/"}}]}},"_links":{"self":[{"href":"https:\/\/anelto.eu\/en\/wp-json\/wp\/v2\/product\/4480","targetHints":{"allow":["GET"]}}],"collection":[{"href":"https:\/\/anelto.eu\/en\/wp-json\/wp\/v2\/product"}],"about":[{"href":"https:\/\/anelto.eu\/en\/wp-json\/wp\/v2\/types\/product"}],"replies":[{"embeddable":true,"href":"https:\/\/anelto.eu\/en\/wp-json\/wp\/v2\/comments?post=4480"}],"wp:featuredmedia":[{"embeddable":true,"href":"https:\/\/anelto.eu\/en\/wp-json\/wp\/v2\/media\/4473"}],"wp:attachment":[{"href":"https:\/\/anelto.eu\/en\/wp-json\/wp\/v2\/media?parent=4480"}],"wp:term":[{"taxonomy":"product_cat","embeddable":true,"href":"https:\/\/anelto.eu\/en\/wp-json\/wp\/v2\/product_cat?post=4480"},{"taxonomy":"product_tag","embeddable":true,"href":"https:\/\/anelto.eu\/en\/wp-json\/wp\/v2\/product_tag?post=4480"}],"curies":[{"name":"wp","href":"https:\/\/api.w.org\/{rel}","templated":true}]}}