{"id":4467,"date":"2021-02-16T08:56:03","date_gmt":"2021-02-16T08:56:03","guid":{"rendered":"https:\/\/anelto.eu\/?post_type=product&#038;p=4467"},"modified":"2021-05-21T07:11:47","modified_gmt":"2021-05-21T07:11:47","slug":"gds-toolauadokk-intelliskin-toodete-jaoks-c-tuupi-usb-ga","status":"publish","type":"product","link":"https:\/\/anelto.eu\/en\/toode\/gds-toolauadokk-intelliskin-toodete-jaoks-c-tuupi-usb-ga\/","title":{"rendered":"GDS\u00ae t\u00f6\u00f6lauadokk IntelliSkin\u00ae toodete jaoks, C-t\u00fc\u00fcpi USB-ga"},"content":{"rendered":"","protected":false},"excerpt":{"rendered":"[embed]https:\/\/www.youtube.com\/watch?v=GEM51ekoTy8&#038;feature=emb_logo&#038;ab_channel=RAMMounts[\/embed]\n<ul>\n<li><strong>Toote RAM-GDS-DOCK-D2CU \u00fclevaade:<\/strong><\/li>\n<li>T\u00f6\u00f6lauadokk on madala profiiliga dokkimis- ja laadimisjaam telefonidele ja IntelliSkin\u00ae-\u00fcmbrisega varustatud v\u00e4ikestele tahvelarvutitele.<\/li>\n<li>Desktop Dock v\u00f5imaldab laadimist ja ka andmete liigutamist ning on m\u00f5eldud enamiku tahvelarvutitele ja telefonidele igap\u00e4evaseks kasutamiseks.<\/li>\n<li>Desktop Dock sisaldab 18-pinilist kontakti, mis \u00fchendub h\u00f5lpsasti IntelliSkin\u00ae seadmega ja toetavad USB-t\u00fc\u00fcpi C andmeedastust ja laadimist.<\/li>\n<li>F\u00fc\u00fcsilised m\u00f5\u00f5tmed:<\/li>\n<li>Laius = 3&#8243;<\/li>\n<li>S\u00fcgavus = 4,1&#8243;<\/li>\n<li>K\u00f5rgus = 2&#8243;<\/li>\n<li>Kaal = 17 untsi<\/li>\n<\/ul>\n<p><img loading=\"lazy\" decoding=\"async\" class=\"size-full wp-image-4101 aligncenter\" src=\"https:\/\/anelto.eu\/wp-content\/uploads\/2021\/02\/RAM-pilt.png\" alt=\"\" width=\"300\" height=\"93\" \/><\/p>\n","protected":false},"featured_media":4468,"comment_status":"closed","ping_status":"closed","template":"","meta":{"_acf_changed":false},"product_cat":[93,94],"product_tag":[],"class_list":{"0":"post-4467","1":"product","2":"type-product","3":"status-publish","4":"has-post-thumbnail","6":"product_cat-gds-docks-and-intelliskins","7":"product_cat-gds-hub-ja-charge-seadmed","9":"first","10":"instock","11":"shipping-taxable","12":"product-type-simple"},"acf":[],"yoast_head":"<!-- This site is optimized with the Yoast SEO plugin v23.9 - https:\/\/yoast.com\/wordpress\/plugins\/seo\/ -->\n<title>GDS\u00ae t\u00f6\u00f6lauadokk IntelliSkin\u00ae toodete jaoks, C-t\u00fc\u00fcpi USB-ga - Anelto - t\u00f6\u00f6ruumi efektiivsus<\/title>\n<meta name=\"robots\" content=\"index, follow, max-snippet:-1, max-image-preview:large, max-video-preview:-1\" \/>\n<link rel=\"canonical\" href=\"https:\/\/anelto.eu\/toode\/gds-toolauadokk-intelliskin-toodete-jaoks-c-tuupi-usb-ga\/\" \/>\n<meta property=\"og:locale\" content=\"en_US\" \/>\n<meta property=\"og:type\" content=\"article\" \/>\n<meta property=\"og:title\" content=\"GDS\u00ae t\u00f6\u00f6lauadokk IntelliSkin\u00ae toodete jaoks, C-t\u00fc\u00fcpi USB-ga - Anelto - t\u00f6\u00f6ruumi efektiivsus\" \/>\n<meta property=\"og:description\" content=\"Toote RAM-GDS-DOCK-D2CU \u00fclevaade:  T\u00f6\u00f6lauadokk on madala profiiliga dokkimis- ja laadimisjaam telefonidele ja IntelliSkin\u00ae-\u00fcmbrisega varustatud v\u00e4ikestele tahvelarvutitele.  Desktop Dock v\u00f5imaldab laadimist ja ka andmete liigutamist ning on m\u00f5eldud enamiku tahvelarvutitele ja telefonidele igap\u00e4evaseks kasutamiseks.  Desktop Dock sisaldab 18-pinilist kontakti, mis \u00fchendub h\u00f5lpsasti IntelliSkin\u00ae seadmega ja toetavad USB-t\u00fc\u00fcpi C andmeedastust ja laadimist.  F\u00fc\u00fcsilised m\u00f5\u00f5tmed:  Laius = 3&quot;  S\u00fcgavus = 4,1&quot;  K\u00f5rgus = 2&quot;  Kaal = 17 untsi\" \/>\n<meta property=\"og:url\" content=\"https:\/\/anelto.eu\/toode\/gds-toolauadokk-intelliskin-toodete-jaoks-c-tuupi-usb-ga\/\" \/>\n<meta property=\"og:site_name\" content=\"Anelto - t\u00f6\u00f6ruumi efektiivsus\" \/>\n<meta property=\"article:modified_time\" content=\"2021-05-21T07:11:47+00:00\" \/>\n<meta property=\"og:image\" content=\"https:\/\/anelto.eu\/wp-content\/uploads\/2021\/02\/RAM-GDS-DOCK-D2CU-1.jpg\" \/>\n\t<meta property=\"og:image:width\" content=\"800\" \/>\n\t<meta property=\"og:image:height\" content=\"800\" \/>\n\t<meta property=\"og:image:type\" content=\"image\/jpeg\" \/>\n<meta name=\"twitter:card\" content=\"summary_large_image\" \/>\n<script type=\"application\/ld+json\" class=\"yoast-schema-graph\">{\"@context\":\"https:\/\/schema.org\",\"@graph\":[{\"@type\":\"WebPage\",\"@id\":\"https:\/\/anelto.eu\/toode\/gds-toolauadokk-intelliskin-toodete-jaoks-c-tuupi-usb-ga\/\",\"url\":\"https:\/\/anelto.eu\/toode\/gds-toolauadokk-intelliskin-toodete-jaoks-c-tuupi-usb-ga\/\",\"name\":\"GDS\u00ae t\u00f6\u00f6lauadokk IntelliSkin\u00ae toodete jaoks, C-t\u00fc\u00fcpi USB-ga - Anelto - t\u00f6\u00f6ruumi efektiivsus\",\"isPartOf\":{\"@id\":\"https:\/\/anelto.eu\/#website\"},\"primaryImageOfPage\":{\"@id\":\"https:\/\/anelto.eu\/toode\/gds-toolauadokk-intelliskin-toodete-jaoks-c-tuupi-usb-ga\/#primaryimage\"},\"image\":{\"@id\":\"https:\/\/anelto.eu\/toode\/gds-toolauadokk-intelliskin-toodete-jaoks-c-tuupi-usb-ga\/#primaryimage\"},\"thumbnailUrl\":\"https:\/\/anelto.eu\/wp-content\/uploads\/2021\/02\/RAM-GDS-DOCK-D2CU-1.jpg\",\"datePublished\":\"2021-02-16T08:56:03+00:00\",\"dateModified\":\"2021-05-21T07:11:47+00:00\",\"breadcrumb\":{\"@id\":\"https:\/\/anelto.eu\/toode\/gds-toolauadokk-intelliskin-toodete-jaoks-c-tuupi-usb-ga\/#breadcrumb\"},\"inLanguage\":\"en-US\",\"potentialAction\":[{\"@type\":\"ReadAction\",\"target\":[\"https:\/\/anelto.eu\/toode\/gds-toolauadokk-intelliskin-toodete-jaoks-c-tuupi-usb-ga\/\"]}]},{\"@type\":\"ImageObject\",\"inLanguage\":\"en-US\",\"@id\":\"https:\/\/anelto.eu\/toode\/gds-toolauadokk-intelliskin-toodete-jaoks-c-tuupi-usb-ga\/#primaryimage\",\"url\":\"https:\/\/anelto.eu\/wp-content\/uploads\/2021\/02\/RAM-GDS-DOCK-D2CU-1.jpg\",\"contentUrl\":\"https:\/\/anelto.eu\/wp-content\/uploads\/2021\/02\/RAM-GDS-DOCK-D2CU-1.jpg\",\"width\":800,\"height\":800},{\"@type\":\"BreadcrumbList\",\"@id\":\"https:\/\/anelto.eu\/toode\/gds-toolauadokk-intelliskin-toodete-jaoks-c-tuupi-usb-ga\/#breadcrumb\",\"itemListElement\":[{\"@type\":\"ListItem\",\"position\":1,\"name\":\"Avaleht\",\"item\":\"https:\/\/anelto.eu\/\"},{\"@type\":\"ListItem\",\"position\":2,\"name\":\"Valdkonnad\",\"item\":\"https:\/\/anelto.eu\/valdkonnad\/\"},{\"@type\":\"ListItem\",\"position\":3,\"name\":\"GDS\u00ae Hub\u2122 ja Charge\u2122 seadmed\",\"item\":\"https:\/\/anelto.eu\/tootekategooria\/gds-hub-ja-charge-seadmed\/\"},{\"@type\":\"ListItem\",\"position\":4,\"name\":\"GDS\u00ae t\u00f6\u00f6lauadokk IntelliSkin\u00ae toodete jaoks, C-t\u00fc\u00fcpi USB-ga\"}]},{\"@type\":\"WebSite\",\"@id\":\"https:\/\/anelto.eu\/#website\",\"url\":\"https:\/\/anelto.eu\/\",\"name\":\"Anelto - t\u00f6\u00f6ruumi efektiivsus\",\"description\":\"Ergonoomiline t\u00f6\u00f6keskkond ja kinnituslahendused!\",\"publisher\":{\"@id\":\"https:\/\/anelto.eu\/#organization\"},\"potentialAction\":[{\"@type\":\"SearchAction\",\"target\":{\"@type\":\"EntryPoint\",\"urlTemplate\":\"https:\/\/anelto.eu\/?s={search_term_string}\"},\"query-input\":{\"@type\":\"PropertyValueSpecification\",\"valueRequired\":true,\"valueName\":\"search_term_string\"}}],\"inLanguage\":\"en-US\"},{\"@type\":\"Organization\",\"@id\":\"https:\/\/anelto.eu\/#organization\",\"name\":\"Anelto\",\"url\":\"https:\/\/anelto.eu\/\",\"logo\":{\"@type\":\"ImageObject\",\"inLanguage\":\"en-US\",\"@id\":\"https:\/\/anelto.eu\/#\/schema\/logo\/image\/\",\"url\":\"https:\/\/anelto.eu\/wp-content\/uploads\/2020\/06\/Picture1.png\",\"contentUrl\":\"https:\/\/anelto.eu\/wp-content\/uploads\/2020\/06\/Picture1.png\",\"width\":615,\"height\":331,\"caption\":\"Anelto\"},\"image\":{\"@id\":\"https:\/\/anelto.eu\/#\/schema\/logo\/image\/\"}}]}<\/script>\n<!-- \/ Yoast SEO plugin. -->","yoast_head_json":{"title":"GDS\u00ae t\u00f6\u00f6lauadokk IntelliSkin\u00ae toodete jaoks, C-t\u00fc\u00fcpi USB-ga - Anelto - t\u00f6\u00f6ruumi efektiivsus","robots":{"index":"index","follow":"follow","max-snippet":"max-snippet:-1","max-image-preview":"max-image-preview:large","max-video-preview":"max-video-preview:-1"},"canonical":"https:\/\/anelto.eu\/toode\/gds-toolauadokk-intelliskin-toodete-jaoks-c-tuupi-usb-ga\/","og_locale":"en_US","og_type":"article","og_title":"GDS\u00ae t\u00f6\u00f6lauadokk IntelliSkin\u00ae toodete jaoks, C-t\u00fc\u00fcpi USB-ga - Anelto - t\u00f6\u00f6ruumi efektiivsus","og_description":"Toote RAM-GDS-DOCK-D2CU \u00fclevaade:  T\u00f6\u00f6lauadokk on madala profiiliga dokkimis- ja laadimisjaam telefonidele ja IntelliSkin\u00ae-\u00fcmbrisega varustatud v\u00e4ikestele tahvelarvutitele.  Desktop Dock v\u00f5imaldab laadimist ja ka andmete liigutamist ning on m\u00f5eldud enamiku tahvelarvutitele ja telefonidele igap\u00e4evaseks kasutamiseks.  Desktop Dock sisaldab 18-pinilist kontakti, mis \u00fchendub h\u00f5lpsasti IntelliSkin\u00ae seadmega ja toetavad USB-t\u00fc\u00fcpi C andmeedastust ja laadimist.  F\u00fc\u00fcsilised m\u00f5\u00f5tmed:  Laius = 3\"  S\u00fcgavus = 4,1\"  K\u00f5rgus = 2\"  Kaal = 17 untsi","og_url":"https:\/\/anelto.eu\/toode\/gds-toolauadokk-intelliskin-toodete-jaoks-c-tuupi-usb-ga\/","og_site_name":"Anelto - t\u00f6\u00f6ruumi efektiivsus","article_modified_time":"2021-05-21T07:11:47+00:00","og_image":[{"width":800,"height":800,"url":"https:\/\/anelto.eu\/wp-content\/uploads\/2021\/02\/RAM-GDS-DOCK-D2CU-1.jpg","type":"image\/jpeg"}],"twitter_card":"summary_large_image","schema":{"@context":"https:\/\/schema.org","@graph":[{"@type":"WebPage","@id":"https:\/\/anelto.eu\/toode\/gds-toolauadokk-intelliskin-toodete-jaoks-c-tuupi-usb-ga\/","url":"https:\/\/anelto.eu\/toode\/gds-toolauadokk-intelliskin-toodete-jaoks-c-tuupi-usb-ga\/","name":"GDS\u00ae t\u00f6\u00f6lauadokk IntelliSkin\u00ae toodete jaoks, C-t\u00fc\u00fcpi USB-ga - Anelto - t\u00f6\u00f6ruumi efektiivsus","isPartOf":{"@id":"https:\/\/anelto.eu\/#website"},"primaryImageOfPage":{"@id":"https:\/\/anelto.eu\/toode\/gds-toolauadokk-intelliskin-toodete-jaoks-c-tuupi-usb-ga\/#primaryimage"},"image":{"@id":"https:\/\/anelto.eu\/toode\/gds-toolauadokk-intelliskin-toodete-jaoks-c-tuupi-usb-ga\/#primaryimage"},"thumbnailUrl":"https:\/\/anelto.eu\/wp-content\/uploads\/2021\/02\/RAM-GDS-DOCK-D2CU-1.jpg","datePublished":"2021-02-16T08:56:03+00:00","dateModified":"2021-05-21T07:11:47+00:00","breadcrumb":{"@id":"https:\/\/anelto.eu\/toode\/gds-toolauadokk-intelliskin-toodete-jaoks-c-tuupi-usb-ga\/#breadcrumb"},"inLanguage":"en-US","potentialAction":[{"@type":"ReadAction","target":["https:\/\/anelto.eu\/toode\/gds-toolauadokk-intelliskin-toodete-jaoks-c-tuupi-usb-ga\/"]}]},{"@type":"ImageObject","inLanguage":"en-US","@id":"https:\/\/anelto.eu\/toode\/gds-toolauadokk-intelliskin-toodete-jaoks-c-tuupi-usb-ga\/#primaryimage","url":"https:\/\/anelto.eu\/wp-content\/uploads\/2021\/02\/RAM-GDS-DOCK-D2CU-1.jpg","contentUrl":"https:\/\/anelto.eu\/wp-content\/uploads\/2021\/02\/RAM-GDS-DOCK-D2CU-1.jpg","width":800,"height":800},{"@type":"BreadcrumbList","@id":"https:\/\/anelto.eu\/toode\/gds-toolauadokk-intelliskin-toodete-jaoks-c-tuupi-usb-ga\/#breadcrumb","itemListElement":[{"@type":"ListItem","position":1,"name":"Avaleht","item":"https:\/\/anelto.eu\/"},{"@type":"ListItem","position":2,"name":"Valdkonnad","item":"https:\/\/anelto.eu\/valdkonnad\/"},{"@type":"ListItem","position":3,"name":"GDS\u00ae Hub\u2122 ja Charge\u2122 seadmed","item":"https:\/\/anelto.eu\/tootekategooria\/gds-hub-ja-charge-seadmed\/"},{"@type":"ListItem","position":4,"name":"GDS\u00ae t\u00f6\u00f6lauadokk IntelliSkin\u00ae toodete jaoks, C-t\u00fc\u00fcpi USB-ga"}]},{"@type":"WebSite","@id":"https:\/\/anelto.eu\/#website","url":"https:\/\/anelto.eu\/","name":"Anelto - t\u00f6\u00f6ruumi efektiivsus","description":"Ergonoomiline t\u00f6\u00f6keskkond ja kinnituslahendused!","publisher":{"@id":"https:\/\/anelto.eu\/#organization"},"potentialAction":[{"@type":"SearchAction","target":{"@type":"EntryPoint","urlTemplate":"https:\/\/anelto.eu\/?s={search_term_string}"},"query-input":{"@type":"PropertyValueSpecification","valueRequired":true,"valueName":"search_term_string"}}],"inLanguage":"en-US"},{"@type":"Organization","@id":"https:\/\/anelto.eu\/#organization","name":"Anelto","url":"https:\/\/anelto.eu\/","logo":{"@type":"ImageObject","inLanguage":"en-US","@id":"https:\/\/anelto.eu\/#\/schema\/logo\/image\/","url":"https:\/\/anelto.eu\/wp-content\/uploads\/2020\/06\/Picture1.png","contentUrl":"https:\/\/anelto.eu\/wp-content\/uploads\/2020\/06\/Picture1.png","width":615,"height":331,"caption":"Anelto"},"image":{"@id":"https:\/\/anelto.eu\/#\/schema\/logo\/image\/"}}]}},"_links":{"self":[{"href":"https:\/\/anelto.eu\/en\/wp-json\/wp\/v2\/product\/4467","targetHints":{"allow":["GET"]}}],"collection":[{"href":"https:\/\/anelto.eu\/en\/wp-json\/wp\/v2\/product"}],"about":[{"href":"https:\/\/anelto.eu\/en\/wp-json\/wp\/v2\/types\/product"}],"replies":[{"embeddable":true,"href":"https:\/\/anelto.eu\/en\/wp-json\/wp\/v2\/comments?post=4467"}],"wp:featuredmedia":[{"embeddable":true,"href":"https:\/\/anelto.eu\/en\/wp-json\/wp\/v2\/media\/4468"}],"wp:attachment":[{"href":"https:\/\/anelto.eu\/en\/wp-json\/wp\/v2\/media?parent=4467"}],"wp:term":[{"taxonomy":"product_cat","embeddable":true,"href":"https:\/\/anelto.eu\/en\/wp-json\/wp\/v2\/product_cat?post=4467"},{"taxonomy":"product_tag","embeddable":true,"href":"https:\/\/anelto.eu\/en\/wp-json\/wp\/v2\/product_tag?post=4467"}],"curies":[{"name":"wp","href":"https:\/\/api.w.org\/{rel}","templated":true}]}}