{"id":4382,"date":"2021-02-15T14:16:33","date_gmt":"2021-02-15T14:16:33","guid":{"rendered":"https:\/\/anelto.eu\/?post_type=product&#038;p=4382"},"modified":"2021-02-15T16:42:05","modified_gmt":"2021-02-15T16:42:05","slug":"intelliskin-next-gen-kaitseumbris-samsung-tab-active-pro-le","status":"publish","type":"product","link":"https:\/\/anelto.eu\/en\/toode\/intelliskin-next-gen-kaitseumbris-samsung-tab-active-pro-le\/","title":{"rendered":"IntelliSkin\u00ae Next Gen kaitse\u00fcmbris Samsung Tab Active Pro-le"},"content":{"rendered":"","protected":false},"excerpt":{"rendered":"[embed]https:\/\/www.youtube.com\/watch?v=NIBy1URdqZ4&#038;feature=emb_logo[\/embed]\n<ul>\n<li>GDS\u00ae Technology \u2122 kaitse\u00fcmbris on k\u00f5vast plastkest kaetud pehme ja l\u00f6\u00f6ke neelava kummiga<\/li>\n<li>GDS\u00ae-pistik ja dokkimiskontaktid pakuvad laadimise ja andmete s\u00fcnkroonimise v\u00f5imalusi<\/li>\n<li>Universaalne positsioneerimismarker \u00fchildub IntelliSkin\u00ae Next Generation dokkidega<\/li>\n<li>V\u00e4line USB C-pistik v\u00f5imaldab laadimisv\u00f5imalusi, kui laadimisdokk pole saadaval<\/li>\n<li>Tagatud 3-aastase garantiiga<\/li>\n<\/ul>\n<p><img loading=\"lazy\" decoding=\"async\" class=\"size-full wp-image-4101 aligncenter\" src=\"https:\/\/anelto.eu\/wp-content\/uploads\/2021\/02\/RAM-pilt.png\" alt=\"\" width=\"300\" height=\"93\" \/><\/p>\n","protected":false},"featured_media":4383,"comment_status":"closed","ping_status":"closed","template":"","meta":{"_acf_changed":false},"product_cat":[93,94,95,96],"product_tag":[],"class_list":{"0":"post-4382","1":"product","2":"type-product","3":"status-publish","4":"has-post-thumbnail","6":"product_cat-gds-docks-and-intelliskins","7":"product_cat-gds-hub-ja-charge-seadmed","8":"product_cat-gds-keyboard-ja-view-seadmed","9":"product_cat-gds-ergo-lisatarvikud","11":"first","12":"instock","13":"shipping-taxable","14":"product-type-simple"},"acf":[],"yoast_head":"<!-- This site is optimized with the Yoast SEO plugin v23.9 - https:\/\/yoast.com\/wordpress\/plugins\/seo\/ -->\n<title>IntelliSkin\u00ae Next Gen kaitse\u00fcmbris Samsung Tab Active Pro-le - Anelto - t\u00f6\u00f6ruumi efektiivsus<\/title>\n<meta name=\"robots\" content=\"index, follow, max-snippet:-1, max-image-preview:large, max-video-preview:-1\" \/>\n<link rel=\"canonical\" href=\"https:\/\/anelto.eu\/toode\/intelliskin-next-gen-kaitseumbris-samsung-tab-active-pro-le\/\" \/>\n<meta property=\"og:locale\" content=\"en_US\" \/>\n<meta property=\"og:type\" content=\"article\" \/>\n<meta property=\"og:title\" content=\"IntelliSkin\u00ae Next Gen kaitse\u00fcmbris Samsung Tab Active Pro-le - Anelto - t\u00f6\u00f6ruumi efektiivsus\" \/>\n<meta property=\"og:description\" content=\"GDS\u00ae Technology \u2122 kaitse\u00fcmbris on k\u00f5vast plastkest kaetud pehme ja l\u00f6\u00f6ke neelava kummiga  GDS\u00ae-pistik ja dokkimiskontaktid pakuvad laadimise ja andmete s\u00fcnkroonimise v\u00f5imalusi  Universaalne positsioneerimismarker \u00fchildub IntelliSkin\u00ae Next Generation dokkidega  V\u00e4line USB C-pistik v\u00f5imaldab laadimisv\u00f5imalusi, kui laadimisdokk pole saadaval  Tagatud 3-aastase garantiiga\" \/>\n<meta property=\"og:url\" content=\"https:\/\/anelto.eu\/toode\/intelliskin-next-gen-kaitseumbris-samsung-tab-active-pro-le\/\" \/>\n<meta property=\"og:site_name\" content=\"Anelto - t\u00f6\u00f6ruumi efektiivsus\" \/>\n<meta property=\"article:modified_time\" content=\"2021-02-15T16:42:05+00:00\" \/>\n<meta property=\"og:image\" content=\"https:\/\/anelto.eu\/wp-content\/uploads\/2021\/02\/RAM-GDS-SKIN-SAM54-NG.jpg\" \/>\n\t<meta property=\"og:image:width\" content=\"800\" \/>\n\t<meta property=\"og:image:height\" content=\"800\" \/>\n\t<meta property=\"og:image:type\" content=\"image\/jpeg\" \/>\n<meta name=\"twitter:card\" content=\"summary_large_image\" \/>\n<script type=\"application\/ld+json\" class=\"yoast-schema-graph\">{\"@context\":\"https:\/\/schema.org\",\"@graph\":[{\"@type\":\"WebPage\",\"@id\":\"https:\/\/anelto.eu\/toode\/intelliskin-next-gen-kaitseumbris-samsung-tab-active-pro-le\/\",\"url\":\"https:\/\/anelto.eu\/toode\/intelliskin-next-gen-kaitseumbris-samsung-tab-active-pro-le\/\",\"name\":\"IntelliSkin\u00ae Next Gen kaitse\u00fcmbris Samsung Tab Active Pro-le - Anelto - t\u00f6\u00f6ruumi efektiivsus\",\"isPartOf\":{\"@id\":\"https:\/\/anelto.eu\/#website\"},\"primaryImageOfPage\":{\"@id\":\"https:\/\/anelto.eu\/toode\/intelliskin-next-gen-kaitseumbris-samsung-tab-active-pro-le\/#primaryimage\"},\"image\":{\"@id\":\"https:\/\/anelto.eu\/toode\/intelliskin-next-gen-kaitseumbris-samsung-tab-active-pro-le\/#primaryimage\"},\"thumbnailUrl\":\"https:\/\/anelto.eu\/wp-content\/uploads\/2021\/02\/RAM-GDS-SKIN-SAM54-NG.jpg\",\"datePublished\":\"2021-02-15T14:16:33+00:00\",\"dateModified\":\"2021-02-15T16:42:05+00:00\",\"breadcrumb\":{\"@id\":\"https:\/\/anelto.eu\/toode\/intelliskin-next-gen-kaitseumbris-samsung-tab-active-pro-le\/#breadcrumb\"},\"inLanguage\":\"en-US\",\"potentialAction\":[{\"@type\":\"ReadAction\",\"target\":[\"https:\/\/anelto.eu\/toode\/intelliskin-next-gen-kaitseumbris-samsung-tab-active-pro-le\/\"]}]},{\"@type\":\"ImageObject\",\"inLanguage\":\"en-US\",\"@id\":\"https:\/\/anelto.eu\/toode\/intelliskin-next-gen-kaitseumbris-samsung-tab-active-pro-le\/#primaryimage\",\"url\":\"https:\/\/anelto.eu\/wp-content\/uploads\/2021\/02\/RAM-GDS-SKIN-SAM54-NG.jpg\",\"contentUrl\":\"https:\/\/anelto.eu\/wp-content\/uploads\/2021\/02\/RAM-GDS-SKIN-SAM54-NG.jpg\",\"width\":800,\"height\":800},{\"@type\":\"BreadcrumbList\",\"@id\":\"https:\/\/anelto.eu\/toode\/intelliskin-next-gen-kaitseumbris-samsung-tab-active-pro-le\/#breadcrumb\",\"itemListElement\":[{\"@type\":\"ListItem\",\"position\":1,\"name\":\"Avaleht\",\"item\":\"https:\/\/anelto.eu\/\"},{\"@type\":\"ListItem\",\"position\":2,\"name\":\"Valdkonnad\",\"item\":\"https:\/\/anelto.eu\/valdkonnad\/\"},{\"@type\":\"ListItem\",\"position\":3,\"name\":\"GDS\u00ae dokid ja kaitse\u00fcmbrised\",\"item\":\"https:\/\/anelto.eu\/tootekategooria\/gds-docks-and-intelliskins\/\"},{\"@type\":\"ListItem\",\"position\":4,\"name\":\"IntelliSkin\u00ae Next Gen kaitse\u00fcmbris Samsung Tab Active Pro-le\"}]},{\"@type\":\"WebSite\",\"@id\":\"https:\/\/anelto.eu\/#website\",\"url\":\"https:\/\/anelto.eu\/\",\"name\":\"Anelto - t\u00f6\u00f6ruumi efektiivsus\",\"description\":\"Ergonoomiline t\u00f6\u00f6keskkond ja kinnituslahendused!\",\"publisher\":{\"@id\":\"https:\/\/anelto.eu\/#organization\"},\"potentialAction\":[{\"@type\":\"SearchAction\",\"target\":{\"@type\":\"EntryPoint\",\"urlTemplate\":\"https:\/\/anelto.eu\/?s={search_term_string}\"},\"query-input\":{\"@type\":\"PropertyValueSpecification\",\"valueRequired\":true,\"valueName\":\"search_term_string\"}}],\"inLanguage\":\"en-US\"},{\"@type\":\"Organization\",\"@id\":\"https:\/\/anelto.eu\/#organization\",\"name\":\"Anelto\",\"url\":\"https:\/\/anelto.eu\/\",\"logo\":{\"@type\":\"ImageObject\",\"inLanguage\":\"en-US\",\"@id\":\"https:\/\/anelto.eu\/#\/schema\/logo\/image\/\",\"url\":\"https:\/\/anelto.eu\/wp-content\/uploads\/2020\/06\/Picture1.png\",\"contentUrl\":\"https:\/\/anelto.eu\/wp-content\/uploads\/2020\/06\/Picture1.png\",\"width\":615,\"height\":331,\"caption\":\"Anelto\"},\"image\":{\"@id\":\"https:\/\/anelto.eu\/#\/schema\/logo\/image\/\"}}]}<\/script>\n<!-- \/ Yoast SEO plugin. -->","yoast_head_json":{"title":"IntelliSkin\u00ae Next Gen kaitse\u00fcmbris Samsung Tab Active Pro-le - Anelto - t\u00f6\u00f6ruumi efektiivsus","robots":{"index":"index","follow":"follow","max-snippet":"max-snippet:-1","max-image-preview":"max-image-preview:large","max-video-preview":"max-video-preview:-1"},"canonical":"https:\/\/anelto.eu\/toode\/intelliskin-next-gen-kaitseumbris-samsung-tab-active-pro-le\/","og_locale":"en_US","og_type":"article","og_title":"IntelliSkin\u00ae Next Gen kaitse\u00fcmbris Samsung Tab Active Pro-le - Anelto - t\u00f6\u00f6ruumi efektiivsus","og_description":"GDS\u00ae Technology \u2122 kaitse\u00fcmbris on k\u00f5vast plastkest kaetud pehme ja l\u00f6\u00f6ke neelava kummiga  GDS\u00ae-pistik ja dokkimiskontaktid pakuvad laadimise ja andmete s\u00fcnkroonimise v\u00f5imalusi  Universaalne positsioneerimismarker \u00fchildub IntelliSkin\u00ae Next Generation dokkidega  V\u00e4line USB C-pistik v\u00f5imaldab laadimisv\u00f5imalusi, kui laadimisdokk pole saadaval  Tagatud 3-aastase garantiiga","og_url":"https:\/\/anelto.eu\/toode\/intelliskin-next-gen-kaitseumbris-samsung-tab-active-pro-le\/","og_site_name":"Anelto - t\u00f6\u00f6ruumi efektiivsus","article_modified_time":"2021-02-15T16:42:05+00:00","og_image":[{"width":800,"height":800,"url":"https:\/\/anelto.eu\/wp-content\/uploads\/2021\/02\/RAM-GDS-SKIN-SAM54-NG.jpg","type":"image\/jpeg"}],"twitter_card":"summary_large_image","schema":{"@context":"https:\/\/schema.org","@graph":[{"@type":"WebPage","@id":"https:\/\/anelto.eu\/toode\/intelliskin-next-gen-kaitseumbris-samsung-tab-active-pro-le\/","url":"https:\/\/anelto.eu\/toode\/intelliskin-next-gen-kaitseumbris-samsung-tab-active-pro-le\/","name":"IntelliSkin\u00ae Next Gen kaitse\u00fcmbris Samsung Tab Active Pro-le - Anelto - t\u00f6\u00f6ruumi efektiivsus","isPartOf":{"@id":"https:\/\/anelto.eu\/#website"},"primaryImageOfPage":{"@id":"https:\/\/anelto.eu\/toode\/intelliskin-next-gen-kaitseumbris-samsung-tab-active-pro-le\/#primaryimage"},"image":{"@id":"https:\/\/anelto.eu\/toode\/intelliskin-next-gen-kaitseumbris-samsung-tab-active-pro-le\/#primaryimage"},"thumbnailUrl":"https:\/\/anelto.eu\/wp-content\/uploads\/2021\/02\/RAM-GDS-SKIN-SAM54-NG.jpg","datePublished":"2021-02-15T14:16:33+00:00","dateModified":"2021-02-15T16:42:05+00:00","breadcrumb":{"@id":"https:\/\/anelto.eu\/toode\/intelliskin-next-gen-kaitseumbris-samsung-tab-active-pro-le\/#breadcrumb"},"inLanguage":"en-US","potentialAction":[{"@type":"ReadAction","target":["https:\/\/anelto.eu\/toode\/intelliskin-next-gen-kaitseumbris-samsung-tab-active-pro-le\/"]}]},{"@type":"ImageObject","inLanguage":"en-US","@id":"https:\/\/anelto.eu\/toode\/intelliskin-next-gen-kaitseumbris-samsung-tab-active-pro-le\/#primaryimage","url":"https:\/\/anelto.eu\/wp-content\/uploads\/2021\/02\/RAM-GDS-SKIN-SAM54-NG.jpg","contentUrl":"https:\/\/anelto.eu\/wp-content\/uploads\/2021\/02\/RAM-GDS-SKIN-SAM54-NG.jpg","width":800,"height":800},{"@type":"BreadcrumbList","@id":"https:\/\/anelto.eu\/toode\/intelliskin-next-gen-kaitseumbris-samsung-tab-active-pro-le\/#breadcrumb","itemListElement":[{"@type":"ListItem","position":1,"name":"Avaleht","item":"https:\/\/anelto.eu\/"},{"@type":"ListItem","position":2,"name":"Valdkonnad","item":"https:\/\/anelto.eu\/valdkonnad\/"},{"@type":"ListItem","position":3,"name":"GDS\u00ae dokid ja kaitse\u00fcmbrised","item":"https:\/\/anelto.eu\/tootekategooria\/gds-docks-and-intelliskins\/"},{"@type":"ListItem","position":4,"name":"IntelliSkin\u00ae Next Gen kaitse\u00fcmbris Samsung Tab Active Pro-le"}]},{"@type":"WebSite","@id":"https:\/\/anelto.eu\/#website","url":"https:\/\/anelto.eu\/","name":"Anelto - t\u00f6\u00f6ruumi efektiivsus","description":"Ergonoomiline t\u00f6\u00f6keskkond ja kinnituslahendused!","publisher":{"@id":"https:\/\/anelto.eu\/#organization"},"potentialAction":[{"@type":"SearchAction","target":{"@type":"EntryPoint","urlTemplate":"https:\/\/anelto.eu\/?s={search_term_string}"},"query-input":{"@type":"PropertyValueSpecification","valueRequired":true,"valueName":"search_term_string"}}],"inLanguage":"en-US"},{"@type":"Organization","@id":"https:\/\/anelto.eu\/#organization","name":"Anelto","url":"https:\/\/anelto.eu\/","logo":{"@type":"ImageObject","inLanguage":"en-US","@id":"https:\/\/anelto.eu\/#\/schema\/logo\/image\/","url":"https:\/\/anelto.eu\/wp-content\/uploads\/2020\/06\/Picture1.png","contentUrl":"https:\/\/anelto.eu\/wp-content\/uploads\/2020\/06\/Picture1.png","width":615,"height":331,"caption":"Anelto"},"image":{"@id":"https:\/\/anelto.eu\/#\/schema\/logo\/image\/"}}]}},"_links":{"self":[{"href":"https:\/\/anelto.eu\/en\/wp-json\/wp\/v2\/product\/4382","targetHints":{"allow":["GET"]}}],"collection":[{"href":"https:\/\/anelto.eu\/en\/wp-json\/wp\/v2\/product"}],"about":[{"href":"https:\/\/anelto.eu\/en\/wp-json\/wp\/v2\/types\/product"}],"replies":[{"embeddable":true,"href":"https:\/\/anelto.eu\/en\/wp-json\/wp\/v2\/comments?post=4382"}],"wp:featuredmedia":[{"embeddable":true,"href":"https:\/\/anelto.eu\/en\/wp-json\/wp\/v2\/media\/4383"}],"wp:attachment":[{"href":"https:\/\/anelto.eu\/en\/wp-json\/wp\/v2\/media?parent=4382"}],"wp:term":[{"taxonomy":"product_cat","embeddable":true,"href":"https:\/\/anelto.eu\/en\/wp-json\/wp\/v2\/product_cat?post=4382"},{"taxonomy":"product_tag","embeddable":true,"href":"https:\/\/anelto.eu\/en\/wp-json\/wp\/v2\/product_tag?post=4382"}],"curies":[{"name":"wp","href":"https:\/\/api.w.org\/{rel}","templated":true}]}}