{"id":4356,"date":"2021-02-15T12:16:00","date_gmt":"2021-02-15T12:16:00","guid":{"rendered":"https:\/\/anelto.eu\/?post_type=product&#038;p=4356"},"modified":"2021-05-21T07:04:24","modified_gmt":"2021-05-21T07:04:24","slug":"ram-tube-jr-ongeridva-hoidja-vertikaal-voi-horisontaalpinnale-kinnitamiseks","status":"publish","type":"product","link":"https:\/\/anelto.eu\/en\/toode\/ram-tube-jr-ongeridva-hoidja-vertikaal-voi-horisontaalpinnale-kinnitamiseks\/","title":{"rendered":"RAM\u00ae Tube Jr. \u2122 \u00f5ngeridva hoidja vertikaal- v\u00f5i horisontaalpinnale kinnitamiseks"},"content":{"rendered":"","protected":false},"excerpt":{"rendered":"<ul>\n<li><strong>Toote RAP-390-BMPU \u00fclevaade:<\/strong><\/li>\n<li>RAM Tube Jr. parem- v\u00f5i vasakuk\u00e4eline \u00f5ngeridva hoidja<\/li>\n<li>Sobiv mitmesuguste meres\u00f5idukite jaoks<\/li>\n<li>Kombineeritud vaheseina v\u00f5i tasase pinna kinnitusaluse saab paigaldada tasasele pinnale, n\u00e4iteks tekile, v\u00f5i vertikaalsele pinnale<\/li>\n<li>Kinnitusalusel on lukustusfunktsioon, mis lubab ridvahoidja lihtsat eemaldamist<\/li>\n<li>Valmistatud \u00fclitugevatest komposiitidest, mis tagavad vastupidavuse ja t\u00f6\u00f6kindluse ka k\u00f5ige n\u00f5udlikumates keskkondades<\/li>\n<li>Tagatud eluaegse garantiiga<\/li>\n<\/ul>\n<p><img loading=\"lazy\" decoding=\"async\" class=\"size-full wp-image-4101 aligncenter\" src=\"https:\/\/anelto.eu\/wp-content\/uploads\/2021\/02\/RAM-pilt.png\" alt=\"\" width=\"300\" height=\"93\" \/><\/p>\n","protected":false},"featured_media":4357,"comment_status":"closed","ping_status":"closed","template":"","meta":{"_acf_changed":false},"product_cat":[74],"product_tag":[],"class_list":{"0":"post-4356","1":"product","2":"type-product","3":"status-publish","4":"has-post-thumbnail","6":"product_cat-ongeridva-hoidjad","8":"first","9":"instock","10":"shipping-taxable","11":"product-type-simple"},"acf":[],"yoast_head":"<!-- This site is optimized with the Yoast SEO plugin v23.9 - https:\/\/yoast.com\/wordpress\/plugins\/seo\/ -->\n<title>RAM\u00ae Tube Jr. \u2122 \u00f5ngeridva hoidja vertikaal- v\u00f5i horisontaalpinnale kinnitamiseks - Anelto - t\u00f6\u00f6ruumi efektiivsus<\/title>\n<meta name=\"robots\" content=\"index, follow, max-snippet:-1, max-image-preview:large, max-video-preview:-1\" \/>\n<link rel=\"canonical\" href=\"https:\/\/anelto.eu\/toode\/ram-tube-jr-ongeridva-hoidja-vertikaal-voi-horisontaalpinnale-kinnitamiseks\/\" \/>\n<meta property=\"og:locale\" content=\"en_US\" \/>\n<meta property=\"og:type\" content=\"article\" \/>\n<meta property=\"og:title\" content=\"RAM\u00ae Tube Jr. \u2122 \u00f5ngeridva hoidja vertikaal- v\u00f5i horisontaalpinnale kinnitamiseks - Anelto - t\u00f6\u00f6ruumi efektiivsus\" \/>\n<meta property=\"og:description\" content=\"Toote RAP-390-BMPU \u00fclevaade:  RAM Tube Jr. parem- v\u00f5i vasakuk\u00e4eline \u00f5ngeridva hoidja  Sobiv mitmesuguste meres\u00f5idukite jaoks  Kombineeritud vaheseina v\u00f5i tasase pinna kinnitusaluse saab paigaldada tasasele pinnale, n\u00e4iteks tekile, v\u00f5i vertikaalsele pinnale  Kinnitusalusel on lukustusfunktsioon, mis lubab ridvahoidja lihtsat eemaldamist  Valmistatud \u00fclitugevatest komposiitidest, mis tagavad vastupidavuse ja t\u00f6\u00f6kindluse ka k\u00f5ige n\u00f5udlikumates keskkondades  Tagatud eluaegse garantiiga\" \/>\n<meta property=\"og:url\" content=\"https:\/\/anelto.eu\/toode\/ram-tube-jr-ongeridva-hoidja-vertikaal-voi-horisontaalpinnale-kinnitamiseks\/\" \/>\n<meta property=\"og:site_name\" content=\"Anelto - t\u00f6\u00f6ruumi efektiivsus\" \/>\n<meta property=\"article:modified_time\" content=\"2021-05-21T07:04:24+00:00\" \/>\n<meta property=\"og:image\" content=\"https:\/\/anelto.eu\/wp-content\/uploads\/2021\/02\/RAP-390-BMPUIU1.jpg\" \/>\n\t<meta property=\"og:image:width\" content=\"1030\" \/>\n\t<meta property=\"og:image:height\" content=\"854\" \/>\n\t<meta property=\"og:image:type\" content=\"image\/jpeg\" \/>\n<meta name=\"twitter:card\" content=\"summary_large_image\" \/>\n<script type=\"application\/ld+json\" class=\"yoast-schema-graph\">{\"@context\":\"https:\/\/schema.org\",\"@graph\":[{\"@type\":\"WebPage\",\"@id\":\"https:\/\/anelto.eu\/toode\/ram-tube-jr-ongeridva-hoidja-vertikaal-voi-horisontaalpinnale-kinnitamiseks\/\",\"url\":\"https:\/\/anelto.eu\/toode\/ram-tube-jr-ongeridva-hoidja-vertikaal-voi-horisontaalpinnale-kinnitamiseks\/\",\"name\":\"RAM\u00ae Tube Jr. \u2122 \u00f5ngeridva hoidja vertikaal- v\u00f5i horisontaalpinnale kinnitamiseks - Anelto - t\u00f6\u00f6ruumi efektiivsus\",\"isPartOf\":{\"@id\":\"https:\/\/anelto.eu\/#website\"},\"primaryImageOfPage\":{\"@id\":\"https:\/\/anelto.eu\/toode\/ram-tube-jr-ongeridva-hoidja-vertikaal-voi-horisontaalpinnale-kinnitamiseks\/#primaryimage\"},\"image\":{\"@id\":\"https:\/\/anelto.eu\/toode\/ram-tube-jr-ongeridva-hoidja-vertikaal-voi-horisontaalpinnale-kinnitamiseks\/#primaryimage\"},\"thumbnailUrl\":\"https:\/\/anelto.eu\/wp-content\/uploads\/2021\/02\/RAP-390-BMPUIU1.jpg\",\"datePublished\":\"2021-02-15T12:16:00+00:00\",\"dateModified\":\"2021-05-21T07:04:24+00:00\",\"breadcrumb\":{\"@id\":\"https:\/\/anelto.eu\/toode\/ram-tube-jr-ongeridva-hoidja-vertikaal-voi-horisontaalpinnale-kinnitamiseks\/#breadcrumb\"},\"inLanguage\":\"en-US\",\"potentialAction\":[{\"@type\":\"ReadAction\",\"target\":[\"https:\/\/anelto.eu\/toode\/ram-tube-jr-ongeridva-hoidja-vertikaal-voi-horisontaalpinnale-kinnitamiseks\/\"]}]},{\"@type\":\"ImageObject\",\"inLanguage\":\"en-US\",\"@id\":\"https:\/\/anelto.eu\/toode\/ram-tube-jr-ongeridva-hoidja-vertikaal-voi-horisontaalpinnale-kinnitamiseks\/#primaryimage\",\"url\":\"https:\/\/anelto.eu\/wp-content\/uploads\/2021\/02\/RAP-390-BMPUIU1.jpg\",\"contentUrl\":\"https:\/\/anelto.eu\/wp-content\/uploads\/2021\/02\/RAP-390-BMPUIU1.jpg\",\"width\":1030,\"height\":854},{\"@type\":\"BreadcrumbList\",\"@id\":\"https:\/\/anelto.eu\/toode\/ram-tube-jr-ongeridva-hoidja-vertikaal-voi-horisontaalpinnale-kinnitamiseks\/#breadcrumb\",\"itemListElement\":[{\"@type\":\"ListItem\",\"position\":1,\"name\":\"Avaleht\",\"item\":\"https:\/\/anelto.eu\/\"},{\"@type\":\"ListItem\",\"position\":2,\"name\":\"Valdkonnad\",\"item\":\"https:\/\/anelto.eu\/valdkonnad\/\"},{\"@type\":\"ListItem\",\"position\":3,\"name\":\"\u00d5ngeridva hoidjad\",\"item\":\"https:\/\/anelto.eu\/tootekategooria\/ongeridva-hoidjad\/\"},{\"@type\":\"ListItem\",\"position\":4,\"name\":\"RAM\u00ae Tube Jr. \u2122 \u00f5ngeridva hoidja vertikaal- v\u00f5i horisontaalpinnale kinnitamiseks\"}]},{\"@type\":\"WebSite\",\"@id\":\"https:\/\/anelto.eu\/#website\",\"url\":\"https:\/\/anelto.eu\/\",\"name\":\"Anelto - t\u00f6\u00f6ruumi efektiivsus\",\"description\":\"Ergonoomiline t\u00f6\u00f6keskkond ja kinnituslahendused!\",\"publisher\":{\"@id\":\"https:\/\/anelto.eu\/#organization\"},\"potentialAction\":[{\"@type\":\"SearchAction\",\"target\":{\"@type\":\"EntryPoint\",\"urlTemplate\":\"https:\/\/anelto.eu\/?s={search_term_string}\"},\"query-input\":{\"@type\":\"PropertyValueSpecification\",\"valueRequired\":true,\"valueName\":\"search_term_string\"}}],\"inLanguage\":\"en-US\"},{\"@type\":\"Organization\",\"@id\":\"https:\/\/anelto.eu\/#organization\",\"name\":\"Anelto\",\"url\":\"https:\/\/anelto.eu\/\",\"logo\":{\"@type\":\"ImageObject\",\"inLanguage\":\"en-US\",\"@id\":\"https:\/\/anelto.eu\/#\/schema\/logo\/image\/\",\"url\":\"https:\/\/anelto.eu\/wp-content\/uploads\/2020\/06\/Picture1.png\",\"contentUrl\":\"https:\/\/anelto.eu\/wp-content\/uploads\/2020\/06\/Picture1.png\",\"width\":615,\"height\":331,\"caption\":\"Anelto\"},\"image\":{\"@id\":\"https:\/\/anelto.eu\/#\/schema\/logo\/image\/\"}}]}<\/script>\n<!-- \/ Yoast SEO plugin. -->","yoast_head_json":{"title":"RAM\u00ae Tube Jr. \u2122 \u00f5ngeridva hoidja vertikaal- v\u00f5i horisontaalpinnale kinnitamiseks - Anelto - t\u00f6\u00f6ruumi efektiivsus","robots":{"index":"index","follow":"follow","max-snippet":"max-snippet:-1","max-image-preview":"max-image-preview:large","max-video-preview":"max-video-preview:-1"},"canonical":"https:\/\/anelto.eu\/toode\/ram-tube-jr-ongeridva-hoidja-vertikaal-voi-horisontaalpinnale-kinnitamiseks\/","og_locale":"en_US","og_type":"article","og_title":"RAM\u00ae Tube Jr. \u2122 \u00f5ngeridva hoidja vertikaal- v\u00f5i horisontaalpinnale kinnitamiseks - Anelto - t\u00f6\u00f6ruumi efektiivsus","og_description":"Toote RAP-390-BMPU \u00fclevaade:  RAM Tube Jr. parem- v\u00f5i vasakuk\u00e4eline \u00f5ngeridva hoidja  Sobiv mitmesuguste meres\u00f5idukite jaoks  Kombineeritud vaheseina v\u00f5i tasase pinna kinnitusaluse saab paigaldada tasasele pinnale, n\u00e4iteks tekile, v\u00f5i vertikaalsele pinnale  Kinnitusalusel on lukustusfunktsioon, mis lubab ridvahoidja lihtsat eemaldamist  Valmistatud \u00fclitugevatest komposiitidest, mis tagavad vastupidavuse ja t\u00f6\u00f6kindluse ka k\u00f5ige n\u00f5udlikumates keskkondades  Tagatud eluaegse garantiiga","og_url":"https:\/\/anelto.eu\/toode\/ram-tube-jr-ongeridva-hoidja-vertikaal-voi-horisontaalpinnale-kinnitamiseks\/","og_site_name":"Anelto - t\u00f6\u00f6ruumi efektiivsus","article_modified_time":"2021-05-21T07:04:24+00:00","og_image":[{"width":1030,"height":854,"url":"https:\/\/anelto.eu\/wp-content\/uploads\/2021\/02\/RAP-390-BMPUIU1.jpg","type":"image\/jpeg"}],"twitter_card":"summary_large_image","schema":{"@context":"https:\/\/schema.org","@graph":[{"@type":"WebPage","@id":"https:\/\/anelto.eu\/toode\/ram-tube-jr-ongeridva-hoidja-vertikaal-voi-horisontaalpinnale-kinnitamiseks\/","url":"https:\/\/anelto.eu\/toode\/ram-tube-jr-ongeridva-hoidja-vertikaal-voi-horisontaalpinnale-kinnitamiseks\/","name":"RAM\u00ae Tube Jr. \u2122 \u00f5ngeridva hoidja vertikaal- v\u00f5i horisontaalpinnale kinnitamiseks - Anelto - t\u00f6\u00f6ruumi efektiivsus","isPartOf":{"@id":"https:\/\/anelto.eu\/#website"},"primaryImageOfPage":{"@id":"https:\/\/anelto.eu\/toode\/ram-tube-jr-ongeridva-hoidja-vertikaal-voi-horisontaalpinnale-kinnitamiseks\/#primaryimage"},"image":{"@id":"https:\/\/anelto.eu\/toode\/ram-tube-jr-ongeridva-hoidja-vertikaal-voi-horisontaalpinnale-kinnitamiseks\/#primaryimage"},"thumbnailUrl":"https:\/\/anelto.eu\/wp-content\/uploads\/2021\/02\/RAP-390-BMPUIU1.jpg","datePublished":"2021-02-15T12:16:00+00:00","dateModified":"2021-05-21T07:04:24+00:00","breadcrumb":{"@id":"https:\/\/anelto.eu\/toode\/ram-tube-jr-ongeridva-hoidja-vertikaal-voi-horisontaalpinnale-kinnitamiseks\/#breadcrumb"},"inLanguage":"en-US","potentialAction":[{"@type":"ReadAction","target":["https:\/\/anelto.eu\/toode\/ram-tube-jr-ongeridva-hoidja-vertikaal-voi-horisontaalpinnale-kinnitamiseks\/"]}]},{"@type":"ImageObject","inLanguage":"en-US","@id":"https:\/\/anelto.eu\/toode\/ram-tube-jr-ongeridva-hoidja-vertikaal-voi-horisontaalpinnale-kinnitamiseks\/#primaryimage","url":"https:\/\/anelto.eu\/wp-content\/uploads\/2021\/02\/RAP-390-BMPUIU1.jpg","contentUrl":"https:\/\/anelto.eu\/wp-content\/uploads\/2021\/02\/RAP-390-BMPUIU1.jpg","width":1030,"height":854},{"@type":"BreadcrumbList","@id":"https:\/\/anelto.eu\/toode\/ram-tube-jr-ongeridva-hoidja-vertikaal-voi-horisontaalpinnale-kinnitamiseks\/#breadcrumb","itemListElement":[{"@type":"ListItem","position":1,"name":"Avaleht","item":"https:\/\/anelto.eu\/"},{"@type":"ListItem","position":2,"name":"Valdkonnad","item":"https:\/\/anelto.eu\/valdkonnad\/"},{"@type":"ListItem","position":3,"name":"\u00d5ngeridva hoidjad","item":"https:\/\/anelto.eu\/tootekategooria\/ongeridva-hoidjad\/"},{"@type":"ListItem","position":4,"name":"RAM\u00ae Tube Jr. \u2122 \u00f5ngeridva hoidja vertikaal- v\u00f5i horisontaalpinnale kinnitamiseks"}]},{"@type":"WebSite","@id":"https:\/\/anelto.eu\/#website","url":"https:\/\/anelto.eu\/","name":"Anelto - t\u00f6\u00f6ruumi efektiivsus","description":"Ergonoomiline t\u00f6\u00f6keskkond ja kinnituslahendused!","publisher":{"@id":"https:\/\/anelto.eu\/#organization"},"potentialAction":[{"@type":"SearchAction","target":{"@type":"EntryPoint","urlTemplate":"https:\/\/anelto.eu\/?s={search_term_string}"},"query-input":{"@type":"PropertyValueSpecification","valueRequired":true,"valueName":"search_term_string"}}],"inLanguage":"en-US"},{"@type":"Organization","@id":"https:\/\/anelto.eu\/#organization","name":"Anelto","url":"https:\/\/anelto.eu\/","logo":{"@type":"ImageObject","inLanguage":"en-US","@id":"https:\/\/anelto.eu\/#\/schema\/logo\/image\/","url":"https:\/\/anelto.eu\/wp-content\/uploads\/2020\/06\/Picture1.png","contentUrl":"https:\/\/anelto.eu\/wp-content\/uploads\/2020\/06\/Picture1.png","width":615,"height":331,"caption":"Anelto"},"image":{"@id":"https:\/\/anelto.eu\/#\/schema\/logo\/image\/"}}]}},"_links":{"self":[{"href":"https:\/\/anelto.eu\/en\/wp-json\/wp\/v2\/product\/4356","targetHints":{"allow":["GET"]}}],"collection":[{"href":"https:\/\/anelto.eu\/en\/wp-json\/wp\/v2\/product"}],"about":[{"href":"https:\/\/anelto.eu\/en\/wp-json\/wp\/v2\/types\/product"}],"replies":[{"embeddable":true,"href":"https:\/\/anelto.eu\/en\/wp-json\/wp\/v2\/comments?post=4356"}],"wp:featuredmedia":[{"embeddable":true,"href":"https:\/\/anelto.eu\/en\/wp-json\/wp\/v2\/media\/4357"}],"wp:attachment":[{"href":"https:\/\/anelto.eu\/en\/wp-json\/wp\/v2\/media?parent=4356"}],"wp:term":[{"taxonomy":"product_cat","embeddable":true,"href":"https:\/\/anelto.eu\/en\/wp-json\/wp\/v2\/product_cat?post=4356"},{"taxonomy":"product_tag","embeddable":true,"href":"https:\/\/anelto.eu\/en\/wp-json\/wp\/v2\/product_tag?post=4356"}],"curies":[{"name":"wp","href":"https:\/\/api.w.org\/{rel}","templated":true}]}}