{"id":4340,"date":"2021-02-15T11:55:01","date_gmt":"2021-02-15T11:55:01","guid":{"rendered":"https:\/\/anelto.eu\/?post_type=product&#038;p=4340"},"modified":"2021-05-21T06:59:38","modified_gmt":"2021-05-21T06:59:38","slug":"ram-rod-ongeridva-kinnitus-roobastele-voi-t-polt-kinnitus","status":"publish","type":"product","link":"https:\/\/anelto.eu\/en\/toode\/ram-rod-ongeridva-kinnitus-roobastele-voi-t-polt-kinnitus\/","title":{"rendered":"RAM ROD\u00ae \u00f5ngeridva kinnitus, r\u00f6\u00f6bastele T-polt kinnitusega"},"content":{"rendered":"","protected":false},"excerpt":{"rendered":"<ul>\n<li><strong>Toote RAP-114-421 \u00fclevaade:<\/strong><\/li>\n<li>Komplekt sisaldab RAM ROD\u00ae \u00f5ngeridva hoidikut, 6-tollist kinnitusposti ja topelt T-poldiga r\u00f6\u00f6bastee kinnitust<\/li>\n<li>\u00dchildub k\u00f5igi RAM\u00ae Tough-Track \u2122 r\u00f6\u00f6bastee versioonidega<\/li>\n<li>Soovitud nurga saavutamiseks saab RAM ROD\u00ae \u00f5ngeridva hoidikut p\u00f6\u00f6rata 360 kraadi ja kallutada<\/li>\n<li>Valmistatud pulberv\u00e4rvitud merekindlast alumiiniumist, mis tagab vastupidavuse ja t\u00f6\u00f6kindluse ka k\u00f5ige n\u00f5udlikumates keskkondades<\/li>\n<li>Tagatud eluaegse garantiiga<\/li>\n<\/ul>\n<p><img loading=\"lazy\" decoding=\"async\" class=\"size-full wp-image-4101 aligncenter\" src=\"https:\/\/anelto.eu\/wp-content\/uploads\/2021\/02\/RAM-pilt.png\" alt=\"\" width=\"300\" height=\"93\" \/><\/p>\n","protected":false},"featured_media":4341,"comment_status":"closed","ping_status":"closed","template":"","meta":{"_acf_changed":false},"product_cat":[74],"product_tag":[],"class_list":{"0":"post-4340","1":"product","2":"type-product","3":"status-publish","4":"has-post-thumbnail","6":"product_cat-ongeridva-hoidjad","8":"first","9":"instock","10":"shipping-taxable","11":"product-type-simple"},"acf":[],"yoast_head":"<!-- This site is optimized with the Yoast SEO plugin v23.9 - https:\/\/yoast.com\/wordpress\/plugins\/seo\/ -->\n<title>RAM ROD\u00ae \u00f5ngeridva kinnitus, r\u00f6\u00f6bastele T-polt kinnitusega - Anelto - t\u00f6\u00f6ruumi efektiivsus<\/title>\n<meta name=\"robots\" content=\"index, follow, max-snippet:-1, max-image-preview:large, max-video-preview:-1\" \/>\n<link rel=\"canonical\" href=\"https:\/\/anelto.eu\/toode\/ram-rod-ongeridva-kinnitus-roobastele-voi-t-polt-kinnitus\/\" \/>\n<meta property=\"og:locale\" content=\"en_US\" \/>\n<meta property=\"og:type\" content=\"article\" \/>\n<meta property=\"og:title\" content=\"RAM ROD\u00ae \u00f5ngeridva kinnitus, r\u00f6\u00f6bastele T-polt kinnitusega - Anelto - t\u00f6\u00f6ruumi efektiivsus\" \/>\n<meta property=\"og:description\" content=\"Toote RAP-114-421 \u00fclevaade:  Komplekt sisaldab RAM ROD\u00ae \u00f5ngeridva hoidikut, 6-tollist kinnitusposti ja topelt T-poldiga r\u00f6\u00f6bastee kinnitust  \u00dchildub k\u00f5igi RAM\u00ae Tough-Track \u2122 r\u00f6\u00f6bastee versioonidega  Soovitud nurga saavutamiseks saab RAM ROD\u00ae \u00f5ngeridva hoidikut p\u00f6\u00f6rata 360 kraadi ja kallutada  Valmistatud pulberv\u00e4rvitud merekindlast alumiiniumist, mis tagab vastupidavuse ja t\u00f6\u00f6kindluse ka k\u00f5ige n\u00f5udlikumates keskkondades  Tagatud eluaegse garantiiga\" \/>\n<meta property=\"og:url\" content=\"https:\/\/anelto.eu\/toode\/ram-rod-ongeridva-kinnitus-roobastele-voi-t-polt-kinnitus\/\" \/>\n<meta property=\"og:site_name\" content=\"Anelto - t\u00f6\u00f6ruumi efektiivsus\" \/>\n<meta property=\"article:modified_time\" content=\"2021-05-21T06:59:38+00:00\" \/>\n<meta property=\"og:image\" content=\"https:\/\/anelto.eu\/wp-content\/uploads\/2021\/02\/RAP-114-421IU1.jpg\" \/>\n\t<meta property=\"og:image:width\" content=\"800\" \/>\n\t<meta property=\"og:image:height\" content=\"800\" \/>\n\t<meta property=\"og:image:type\" content=\"image\/jpeg\" \/>\n<meta name=\"twitter:card\" content=\"summary_large_image\" \/>\n<script type=\"application\/ld+json\" class=\"yoast-schema-graph\">{\"@context\":\"https:\/\/schema.org\",\"@graph\":[{\"@type\":\"WebPage\",\"@id\":\"https:\/\/anelto.eu\/toode\/ram-rod-ongeridva-kinnitus-roobastele-voi-t-polt-kinnitus\/\",\"url\":\"https:\/\/anelto.eu\/toode\/ram-rod-ongeridva-kinnitus-roobastele-voi-t-polt-kinnitus\/\",\"name\":\"RAM ROD\u00ae \u00f5ngeridva kinnitus, r\u00f6\u00f6bastele T-polt kinnitusega - Anelto - t\u00f6\u00f6ruumi efektiivsus\",\"isPartOf\":{\"@id\":\"https:\/\/anelto.eu\/#website\"},\"primaryImageOfPage\":{\"@id\":\"https:\/\/anelto.eu\/toode\/ram-rod-ongeridva-kinnitus-roobastele-voi-t-polt-kinnitus\/#primaryimage\"},\"image\":{\"@id\":\"https:\/\/anelto.eu\/toode\/ram-rod-ongeridva-kinnitus-roobastele-voi-t-polt-kinnitus\/#primaryimage\"},\"thumbnailUrl\":\"https:\/\/anelto.eu\/wp-content\/uploads\/2021\/02\/RAP-114-421IU1.jpg\",\"datePublished\":\"2021-02-15T11:55:01+00:00\",\"dateModified\":\"2021-05-21T06:59:38+00:00\",\"breadcrumb\":{\"@id\":\"https:\/\/anelto.eu\/toode\/ram-rod-ongeridva-kinnitus-roobastele-voi-t-polt-kinnitus\/#breadcrumb\"},\"inLanguage\":\"en-US\",\"potentialAction\":[{\"@type\":\"ReadAction\",\"target\":[\"https:\/\/anelto.eu\/toode\/ram-rod-ongeridva-kinnitus-roobastele-voi-t-polt-kinnitus\/\"]}]},{\"@type\":\"ImageObject\",\"inLanguage\":\"en-US\",\"@id\":\"https:\/\/anelto.eu\/toode\/ram-rod-ongeridva-kinnitus-roobastele-voi-t-polt-kinnitus\/#primaryimage\",\"url\":\"https:\/\/anelto.eu\/wp-content\/uploads\/2021\/02\/RAP-114-421IU1.jpg\",\"contentUrl\":\"https:\/\/anelto.eu\/wp-content\/uploads\/2021\/02\/RAP-114-421IU1.jpg\",\"width\":800,\"height\":800},{\"@type\":\"BreadcrumbList\",\"@id\":\"https:\/\/anelto.eu\/toode\/ram-rod-ongeridva-kinnitus-roobastele-voi-t-polt-kinnitus\/#breadcrumb\",\"itemListElement\":[{\"@type\":\"ListItem\",\"position\":1,\"name\":\"Avaleht\",\"item\":\"https:\/\/anelto.eu\/\"},{\"@type\":\"ListItem\",\"position\":2,\"name\":\"Valdkonnad\",\"item\":\"https:\/\/anelto.eu\/valdkonnad\/\"},{\"@type\":\"ListItem\",\"position\":3,\"name\":\"\u00d5ngeridva hoidjad\",\"item\":\"https:\/\/anelto.eu\/tootekategooria\/ongeridva-hoidjad\/\"},{\"@type\":\"ListItem\",\"position\":4,\"name\":\"RAM ROD\u00ae \u00f5ngeridva kinnitus, r\u00f6\u00f6bastele T-polt kinnitusega\"}]},{\"@type\":\"WebSite\",\"@id\":\"https:\/\/anelto.eu\/#website\",\"url\":\"https:\/\/anelto.eu\/\",\"name\":\"Anelto - t\u00f6\u00f6ruumi efektiivsus\",\"description\":\"Ergonoomiline t\u00f6\u00f6keskkond ja kinnituslahendused!\",\"publisher\":{\"@id\":\"https:\/\/anelto.eu\/#organization\"},\"potentialAction\":[{\"@type\":\"SearchAction\",\"target\":{\"@type\":\"EntryPoint\",\"urlTemplate\":\"https:\/\/anelto.eu\/?s={search_term_string}\"},\"query-input\":{\"@type\":\"PropertyValueSpecification\",\"valueRequired\":true,\"valueName\":\"search_term_string\"}}],\"inLanguage\":\"en-US\"},{\"@type\":\"Organization\",\"@id\":\"https:\/\/anelto.eu\/#organization\",\"name\":\"Anelto\",\"url\":\"https:\/\/anelto.eu\/\",\"logo\":{\"@type\":\"ImageObject\",\"inLanguage\":\"en-US\",\"@id\":\"https:\/\/anelto.eu\/#\/schema\/logo\/image\/\",\"url\":\"https:\/\/anelto.eu\/wp-content\/uploads\/2020\/06\/Picture1.png\",\"contentUrl\":\"https:\/\/anelto.eu\/wp-content\/uploads\/2020\/06\/Picture1.png\",\"width\":615,\"height\":331,\"caption\":\"Anelto\"},\"image\":{\"@id\":\"https:\/\/anelto.eu\/#\/schema\/logo\/image\/\"}}]}<\/script>\n<!-- \/ Yoast SEO plugin. -->","yoast_head_json":{"title":"RAM ROD\u00ae \u00f5ngeridva kinnitus, r\u00f6\u00f6bastele T-polt kinnitusega - Anelto - t\u00f6\u00f6ruumi efektiivsus","robots":{"index":"index","follow":"follow","max-snippet":"max-snippet:-1","max-image-preview":"max-image-preview:large","max-video-preview":"max-video-preview:-1"},"canonical":"https:\/\/anelto.eu\/toode\/ram-rod-ongeridva-kinnitus-roobastele-voi-t-polt-kinnitus\/","og_locale":"en_US","og_type":"article","og_title":"RAM ROD\u00ae \u00f5ngeridva kinnitus, r\u00f6\u00f6bastele T-polt kinnitusega - Anelto - t\u00f6\u00f6ruumi efektiivsus","og_description":"Toote RAP-114-421 \u00fclevaade:  Komplekt sisaldab RAM ROD\u00ae \u00f5ngeridva hoidikut, 6-tollist kinnitusposti ja topelt T-poldiga r\u00f6\u00f6bastee kinnitust  \u00dchildub k\u00f5igi RAM\u00ae Tough-Track \u2122 r\u00f6\u00f6bastee versioonidega  Soovitud nurga saavutamiseks saab RAM ROD\u00ae \u00f5ngeridva hoidikut p\u00f6\u00f6rata 360 kraadi ja kallutada  Valmistatud pulberv\u00e4rvitud merekindlast alumiiniumist, mis tagab vastupidavuse ja t\u00f6\u00f6kindluse ka k\u00f5ige n\u00f5udlikumates keskkondades  Tagatud eluaegse garantiiga","og_url":"https:\/\/anelto.eu\/toode\/ram-rod-ongeridva-kinnitus-roobastele-voi-t-polt-kinnitus\/","og_site_name":"Anelto - t\u00f6\u00f6ruumi efektiivsus","article_modified_time":"2021-05-21T06:59:38+00:00","og_image":[{"width":800,"height":800,"url":"https:\/\/anelto.eu\/wp-content\/uploads\/2021\/02\/RAP-114-421IU1.jpg","type":"image\/jpeg"}],"twitter_card":"summary_large_image","schema":{"@context":"https:\/\/schema.org","@graph":[{"@type":"WebPage","@id":"https:\/\/anelto.eu\/toode\/ram-rod-ongeridva-kinnitus-roobastele-voi-t-polt-kinnitus\/","url":"https:\/\/anelto.eu\/toode\/ram-rod-ongeridva-kinnitus-roobastele-voi-t-polt-kinnitus\/","name":"RAM ROD\u00ae \u00f5ngeridva kinnitus, r\u00f6\u00f6bastele T-polt kinnitusega - Anelto - t\u00f6\u00f6ruumi efektiivsus","isPartOf":{"@id":"https:\/\/anelto.eu\/#website"},"primaryImageOfPage":{"@id":"https:\/\/anelto.eu\/toode\/ram-rod-ongeridva-kinnitus-roobastele-voi-t-polt-kinnitus\/#primaryimage"},"image":{"@id":"https:\/\/anelto.eu\/toode\/ram-rod-ongeridva-kinnitus-roobastele-voi-t-polt-kinnitus\/#primaryimage"},"thumbnailUrl":"https:\/\/anelto.eu\/wp-content\/uploads\/2021\/02\/RAP-114-421IU1.jpg","datePublished":"2021-02-15T11:55:01+00:00","dateModified":"2021-05-21T06:59:38+00:00","breadcrumb":{"@id":"https:\/\/anelto.eu\/toode\/ram-rod-ongeridva-kinnitus-roobastele-voi-t-polt-kinnitus\/#breadcrumb"},"inLanguage":"en-US","potentialAction":[{"@type":"ReadAction","target":["https:\/\/anelto.eu\/toode\/ram-rod-ongeridva-kinnitus-roobastele-voi-t-polt-kinnitus\/"]}]},{"@type":"ImageObject","inLanguage":"en-US","@id":"https:\/\/anelto.eu\/toode\/ram-rod-ongeridva-kinnitus-roobastele-voi-t-polt-kinnitus\/#primaryimage","url":"https:\/\/anelto.eu\/wp-content\/uploads\/2021\/02\/RAP-114-421IU1.jpg","contentUrl":"https:\/\/anelto.eu\/wp-content\/uploads\/2021\/02\/RAP-114-421IU1.jpg","width":800,"height":800},{"@type":"BreadcrumbList","@id":"https:\/\/anelto.eu\/toode\/ram-rod-ongeridva-kinnitus-roobastele-voi-t-polt-kinnitus\/#breadcrumb","itemListElement":[{"@type":"ListItem","position":1,"name":"Avaleht","item":"https:\/\/anelto.eu\/"},{"@type":"ListItem","position":2,"name":"Valdkonnad","item":"https:\/\/anelto.eu\/valdkonnad\/"},{"@type":"ListItem","position":3,"name":"\u00d5ngeridva hoidjad","item":"https:\/\/anelto.eu\/tootekategooria\/ongeridva-hoidjad\/"},{"@type":"ListItem","position":4,"name":"RAM ROD\u00ae \u00f5ngeridva kinnitus, r\u00f6\u00f6bastele T-polt kinnitusega"}]},{"@type":"WebSite","@id":"https:\/\/anelto.eu\/#website","url":"https:\/\/anelto.eu\/","name":"Anelto - t\u00f6\u00f6ruumi efektiivsus","description":"Ergonoomiline t\u00f6\u00f6keskkond ja kinnituslahendused!","publisher":{"@id":"https:\/\/anelto.eu\/#organization"},"potentialAction":[{"@type":"SearchAction","target":{"@type":"EntryPoint","urlTemplate":"https:\/\/anelto.eu\/?s={search_term_string}"},"query-input":{"@type":"PropertyValueSpecification","valueRequired":true,"valueName":"search_term_string"}}],"inLanguage":"en-US"},{"@type":"Organization","@id":"https:\/\/anelto.eu\/#organization","name":"Anelto","url":"https:\/\/anelto.eu\/","logo":{"@type":"ImageObject","inLanguage":"en-US","@id":"https:\/\/anelto.eu\/#\/schema\/logo\/image\/","url":"https:\/\/anelto.eu\/wp-content\/uploads\/2020\/06\/Picture1.png","contentUrl":"https:\/\/anelto.eu\/wp-content\/uploads\/2020\/06\/Picture1.png","width":615,"height":331,"caption":"Anelto"},"image":{"@id":"https:\/\/anelto.eu\/#\/schema\/logo\/image\/"}}]}},"_links":{"self":[{"href":"https:\/\/anelto.eu\/en\/wp-json\/wp\/v2\/product\/4340","targetHints":{"allow":["GET"]}}],"collection":[{"href":"https:\/\/anelto.eu\/en\/wp-json\/wp\/v2\/product"}],"about":[{"href":"https:\/\/anelto.eu\/en\/wp-json\/wp\/v2\/types\/product"}],"replies":[{"embeddable":true,"href":"https:\/\/anelto.eu\/en\/wp-json\/wp\/v2\/comments?post=4340"}],"wp:featuredmedia":[{"embeddable":true,"href":"https:\/\/anelto.eu\/en\/wp-json\/wp\/v2\/media\/4341"}],"wp:attachment":[{"href":"https:\/\/anelto.eu\/en\/wp-json\/wp\/v2\/media?parent=4340"}],"wp:term":[{"taxonomy":"product_cat","embeddable":true,"href":"https:\/\/anelto.eu\/en\/wp-json\/wp\/v2\/product_cat?post=4340"},{"taxonomy":"product_tag","embeddable":true,"href":"https:\/\/anelto.eu\/en\/wp-json\/wp\/v2\/product_tag?post=4340"}],"curies":[{"name":"wp","href":"https:\/\/api.w.org\/{rel}","templated":true}]}}