{"id":4306,"date":"2021-02-12T14:29:19","date_gmt":"2021-02-12T14:29:19","guid":{"rendered":"https:\/\/anelto.eu\/?post_type=product&#038;p=4306"},"modified":"2021-05-21T06:54:56","modified_gmt":"2021-05-21T06:54:56","slug":"gds-locking-vehicle-dock-for-apple-ipad-pro-11-ipad-air-4","status":"publish","type":"product","link":"https:\/\/anelto.eu\/en\/toode\/gds-locking-vehicle-dock-for-apple-ipad-pro-11-ipad-air-4\/","title":{"rendered":"GDS\u00ae lukustatav s\u00f5idukidokk Apple iPad Pro 11 &#8220;ja iPad Air 4 jaoks"},"content":{"rendered":"","protected":false},"excerpt":{"rendered":"<ul>\n<li><strong>Toote RAM-GDS-DOCKL-V2-AP23U \u00fclevaade:<\/strong><\/li>\n<li>\u00dchildub k\u00f5igi toiteallikatega, sealhulgas GDS\u00ae Charge \u2122 lisaseadmetega<\/li>\n<li>V\u00f5tmega lukk varguse t\u00f5kestamiseks<\/li>\n<li>Moodulkujundus muudab uuele tahvelarvutile \u00fclemineku lihtsaks ja taskukohaseks<\/li>\n<li>Tahvelarvuti lihtne ja kiire vabastamine<\/li>\n<li>Hoidiku mitmek\u00fclgsus v\u00f5imaldab seda kinnitada paljudele RAM\u00ae-i paigalduslahendustele<\/li>\n<\/ul>\n<p><strong>Muu info:<\/strong><\/p>\n<ul>\n<li>C-t\u00fc\u00fcpi USB<\/li>\n<\/ul>\n<p><img loading=\"lazy\" decoding=\"async\" class=\"size-full wp-image-4101 aligncenter\" src=\"https:\/\/anelto.eu\/wp-content\/uploads\/2021\/02\/RAM-pilt.png\" alt=\"\" width=\"300\" height=\"93\" \/><\/p>\n","protected":false},"featured_media":4307,"comment_status":"closed","ping_status":"closed","template":"","meta":{"_acf_changed":false},"product_cat":[93],"product_tag":[],"class_list":{"0":"post-4306","1":"product","2":"type-product","3":"status-publish","4":"has-post-thumbnail","6":"product_cat-gds-docks-and-intelliskins","8":"first","9":"instock","10":"shipping-taxable","11":"product-type-simple"},"acf":[],"yoast_head":"<!-- This site is optimized with the Yoast SEO plugin v23.9 - https:\/\/yoast.com\/wordpress\/plugins\/seo\/ -->\n<title>GDS\u00ae lukustatav s\u00f5idukidokk Apple iPad Pro 11 &quot;ja iPad Air 4 jaoks - Anelto - t\u00f6\u00f6ruumi efektiivsus<\/title>\n<meta name=\"robots\" content=\"index, follow, max-snippet:-1, max-image-preview:large, max-video-preview:-1\" \/>\n<link rel=\"canonical\" href=\"https:\/\/anelto.eu\/toode\/gds-locking-vehicle-dock-for-apple-ipad-pro-11-ipad-air-4\/\" \/>\n<meta property=\"og:locale\" content=\"en_US\" \/>\n<meta property=\"og:type\" content=\"article\" \/>\n<meta property=\"og:title\" content=\"GDS\u00ae lukustatav s\u00f5idukidokk Apple iPad Pro 11 &quot;ja iPad Air 4 jaoks - Anelto - t\u00f6\u00f6ruumi efektiivsus\" \/>\n<meta property=\"og:description\" content=\"Toote RAM-GDS-DOCKL-V2-AP23U \u00fclevaade:  \u00dchildub k\u00f5igi toiteallikatega, sealhulgas GDS\u00ae Charge \u2122 lisaseadmetega  V\u00f5tmega lukk varguse t\u00f5kestamiseks  Moodulkujundus muudab uuele tahvelarvutile \u00fclemineku lihtsaks ja taskukohaseks  Tahvelarvuti lihtne ja kiire vabastamine  Hoidiku mitmek\u00fclgsus v\u00f5imaldab seda kinnitada paljudele RAM\u00ae-i paigalduslahendustele  Muu info:   C-t\u00fc\u00fcpi USB\" \/>\n<meta property=\"og:url\" content=\"https:\/\/anelto.eu\/toode\/gds-locking-vehicle-dock-for-apple-ipad-pro-11-ipad-air-4\/\" \/>\n<meta property=\"og:site_name\" content=\"Anelto - t\u00f6\u00f6ruumi efektiivsus\" \/>\n<meta property=\"article:modified_time\" content=\"2021-05-21T06:54:56+00:00\" \/>\n<meta property=\"og:image\" content=\"https:\/\/anelto.eu\/wp-content\/uploads\/2021\/02\/RAM-GDS-DOCKL-V2-AP23U.jpg\" \/>\n\t<meta property=\"og:image:width\" content=\"800\" \/>\n\t<meta property=\"og:image:height\" content=\"800\" \/>\n\t<meta property=\"og:image:type\" content=\"image\/jpeg\" \/>\n<meta name=\"twitter:card\" content=\"summary_large_image\" \/>\n<script type=\"application\/ld+json\" class=\"yoast-schema-graph\">{\"@context\":\"https:\/\/schema.org\",\"@graph\":[{\"@type\":\"WebPage\",\"@id\":\"https:\/\/anelto.eu\/toode\/gds-locking-vehicle-dock-for-apple-ipad-pro-11-ipad-air-4\/\",\"url\":\"https:\/\/anelto.eu\/toode\/gds-locking-vehicle-dock-for-apple-ipad-pro-11-ipad-air-4\/\",\"name\":\"GDS\u00ae lukustatav s\u00f5idukidokk Apple iPad Pro 11 \\\"ja iPad Air 4 jaoks - Anelto - t\u00f6\u00f6ruumi efektiivsus\",\"isPartOf\":{\"@id\":\"https:\/\/anelto.eu\/#website\"},\"primaryImageOfPage\":{\"@id\":\"https:\/\/anelto.eu\/toode\/gds-locking-vehicle-dock-for-apple-ipad-pro-11-ipad-air-4\/#primaryimage\"},\"image\":{\"@id\":\"https:\/\/anelto.eu\/toode\/gds-locking-vehicle-dock-for-apple-ipad-pro-11-ipad-air-4\/#primaryimage\"},\"thumbnailUrl\":\"https:\/\/anelto.eu\/wp-content\/uploads\/2021\/02\/RAM-GDS-DOCKL-V2-AP23U.jpg\",\"datePublished\":\"2021-02-12T14:29:19+00:00\",\"dateModified\":\"2021-05-21T06:54:56+00:00\",\"breadcrumb\":{\"@id\":\"https:\/\/anelto.eu\/toode\/gds-locking-vehicle-dock-for-apple-ipad-pro-11-ipad-air-4\/#breadcrumb\"},\"inLanguage\":\"en-US\",\"potentialAction\":[{\"@type\":\"ReadAction\",\"target\":[\"https:\/\/anelto.eu\/toode\/gds-locking-vehicle-dock-for-apple-ipad-pro-11-ipad-air-4\/\"]}]},{\"@type\":\"ImageObject\",\"inLanguage\":\"en-US\",\"@id\":\"https:\/\/anelto.eu\/toode\/gds-locking-vehicle-dock-for-apple-ipad-pro-11-ipad-air-4\/#primaryimage\",\"url\":\"https:\/\/anelto.eu\/wp-content\/uploads\/2021\/02\/RAM-GDS-DOCKL-V2-AP23U.jpg\",\"contentUrl\":\"https:\/\/anelto.eu\/wp-content\/uploads\/2021\/02\/RAM-GDS-DOCKL-V2-AP23U.jpg\",\"width\":800,\"height\":800},{\"@type\":\"BreadcrumbList\",\"@id\":\"https:\/\/anelto.eu\/toode\/gds-locking-vehicle-dock-for-apple-ipad-pro-11-ipad-air-4\/#breadcrumb\",\"itemListElement\":[{\"@type\":\"ListItem\",\"position\":1,\"name\":\"Avaleht\",\"item\":\"https:\/\/anelto.eu\/\"},{\"@type\":\"ListItem\",\"position\":2,\"name\":\"Valdkonnad\",\"item\":\"https:\/\/anelto.eu\/valdkonnad\/\"},{\"@type\":\"ListItem\",\"position\":3,\"name\":\"GDS\u00ae dokid ja kaitse\u00fcmbrised\",\"item\":\"https:\/\/anelto.eu\/tootekategooria\/gds-docks-and-intelliskins\/\"},{\"@type\":\"ListItem\",\"position\":4,\"name\":\"GDS\u00ae lukustatav s\u00f5idukidokk Apple iPad Pro 11 &#8220;ja iPad Air 4 jaoks\"}]},{\"@type\":\"WebSite\",\"@id\":\"https:\/\/anelto.eu\/#website\",\"url\":\"https:\/\/anelto.eu\/\",\"name\":\"Anelto - t\u00f6\u00f6ruumi efektiivsus\",\"description\":\"Ergonoomiline t\u00f6\u00f6keskkond ja kinnituslahendused!\",\"publisher\":{\"@id\":\"https:\/\/anelto.eu\/#organization\"},\"potentialAction\":[{\"@type\":\"SearchAction\",\"target\":{\"@type\":\"EntryPoint\",\"urlTemplate\":\"https:\/\/anelto.eu\/?s={search_term_string}\"},\"query-input\":{\"@type\":\"PropertyValueSpecification\",\"valueRequired\":true,\"valueName\":\"search_term_string\"}}],\"inLanguage\":\"en-US\"},{\"@type\":\"Organization\",\"@id\":\"https:\/\/anelto.eu\/#organization\",\"name\":\"Anelto\",\"url\":\"https:\/\/anelto.eu\/\",\"logo\":{\"@type\":\"ImageObject\",\"inLanguage\":\"en-US\",\"@id\":\"https:\/\/anelto.eu\/#\/schema\/logo\/image\/\",\"url\":\"https:\/\/anelto.eu\/wp-content\/uploads\/2020\/06\/Picture1.png\",\"contentUrl\":\"https:\/\/anelto.eu\/wp-content\/uploads\/2020\/06\/Picture1.png\",\"width\":615,\"height\":331,\"caption\":\"Anelto\"},\"image\":{\"@id\":\"https:\/\/anelto.eu\/#\/schema\/logo\/image\/\"}}]}<\/script>\n<!-- \/ Yoast SEO plugin. -->","yoast_head_json":{"title":"GDS\u00ae lukustatav s\u00f5idukidokk Apple iPad Pro 11 \"ja iPad Air 4 jaoks - Anelto - t\u00f6\u00f6ruumi efektiivsus","robots":{"index":"index","follow":"follow","max-snippet":"max-snippet:-1","max-image-preview":"max-image-preview:large","max-video-preview":"max-video-preview:-1"},"canonical":"https:\/\/anelto.eu\/toode\/gds-locking-vehicle-dock-for-apple-ipad-pro-11-ipad-air-4\/","og_locale":"en_US","og_type":"article","og_title":"GDS\u00ae lukustatav s\u00f5idukidokk Apple iPad Pro 11 \"ja iPad Air 4 jaoks - Anelto - t\u00f6\u00f6ruumi efektiivsus","og_description":"Toote RAM-GDS-DOCKL-V2-AP23U \u00fclevaade:  \u00dchildub k\u00f5igi toiteallikatega, sealhulgas GDS\u00ae Charge \u2122 lisaseadmetega  V\u00f5tmega lukk varguse t\u00f5kestamiseks  Moodulkujundus muudab uuele tahvelarvutile \u00fclemineku lihtsaks ja taskukohaseks  Tahvelarvuti lihtne ja kiire vabastamine  Hoidiku mitmek\u00fclgsus v\u00f5imaldab seda kinnitada paljudele RAM\u00ae-i paigalduslahendustele  Muu info:   C-t\u00fc\u00fcpi USB","og_url":"https:\/\/anelto.eu\/toode\/gds-locking-vehicle-dock-for-apple-ipad-pro-11-ipad-air-4\/","og_site_name":"Anelto - t\u00f6\u00f6ruumi efektiivsus","article_modified_time":"2021-05-21T06:54:56+00:00","og_image":[{"width":800,"height":800,"url":"https:\/\/anelto.eu\/wp-content\/uploads\/2021\/02\/RAM-GDS-DOCKL-V2-AP23U.jpg","type":"image\/jpeg"}],"twitter_card":"summary_large_image","schema":{"@context":"https:\/\/schema.org","@graph":[{"@type":"WebPage","@id":"https:\/\/anelto.eu\/toode\/gds-locking-vehicle-dock-for-apple-ipad-pro-11-ipad-air-4\/","url":"https:\/\/anelto.eu\/toode\/gds-locking-vehicle-dock-for-apple-ipad-pro-11-ipad-air-4\/","name":"GDS\u00ae lukustatav s\u00f5idukidokk Apple iPad Pro 11 \"ja iPad Air 4 jaoks - Anelto - t\u00f6\u00f6ruumi efektiivsus","isPartOf":{"@id":"https:\/\/anelto.eu\/#website"},"primaryImageOfPage":{"@id":"https:\/\/anelto.eu\/toode\/gds-locking-vehicle-dock-for-apple-ipad-pro-11-ipad-air-4\/#primaryimage"},"image":{"@id":"https:\/\/anelto.eu\/toode\/gds-locking-vehicle-dock-for-apple-ipad-pro-11-ipad-air-4\/#primaryimage"},"thumbnailUrl":"https:\/\/anelto.eu\/wp-content\/uploads\/2021\/02\/RAM-GDS-DOCKL-V2-AP23U.jpg","datePublished":"2021-02-12T14:29:19+00:00","dateModified":"2021-05-21T06:54:56+00:00","breadcrumb":{"@id":"https:\/\/anelto.eu\/toode\/gds-locking-vehicle-dock-for-apple-ipad-pro-11-ipad-air-4\/#breadcrumb"},"inLanguage":"en-US","potentialAction":[{"@type":"ReadAction","target":["https:\/\/anelto.eu\/toode\/gds-locking-vehicle-dock-for-apple-ipad-pro-11-ipad-air-4\/"]}]},{"@type":"ImageObject","inLanguage":"en-US","@id":"https:\/\/anelto.eu\/toode\/gds-locking-vehicle-dock-for-apple-ipad-pro-11-ipad-air-4\/#primaryimage","url":"https:\/\/anelto.eu\/wp-content\/uploads\/2021\/02\/RAM-GDS-DOCKL-V2-AP23U.jpg","contentUrl":"https:\/\/anelto.eu\/wp-content\/uploads\/2021\/02\/RAM-GDS-DOCKL-V2-AP23U.jpg","width":800,"height":800},{"@type":"BreadcrumbList","@id":"https:\/\/anelto.eu\/toode\/gds-locking-vehicle-dock-for-apple-ipad-pro-11-ipad-air-4\/#breadcrumb","itemListElement":[{"@type":"ListItem","position":1,"name":"Avaleht","item":"https:\/\/anelto.eu\/"},{"@type":"ListItem","position":2,"name":"Valdkonnad","item":"https:\/\/anelto.eu\/valdkonnad\/"},{"@type":"ListItem","position":3,"name":"GDS\u00ae dokid ja kaitse\u00fcmbrised","item":"https:\/\/anelto.eu\/tootekategooria\/gds-docks-and-intelliskins\/"},{"@type":"ListItem","position":4,"name":"GDS\u00ae lukustatav s\u00f5idukidokk Apple iPad Pro 11 &#8220;ja iPad Air 4 jaoks"}]},{"@type":"WebSite","@id":"https:\/\/anelto.eu\/#website","url":"https:\/\/anelto.eu\/","name":"Anelto - t\u00f6\u00f6ruumi efektiivsus","description":"Ergonoomiline t\u00f6\u00f6keskkond ja kinnituslahendused!","publisher":{"@id":"https:\/\/anelto.eu\/#organization"},"potentialAction":[{"@type":"SearchAction","target":{"@type":"EntryPoint","urlTemplate":"https:\/\/anelto.eu\/?s={search_term_string}"},"query-input":{"@type":"PropertyValueSpecification","valueRequired":true,"valueName":"search_term_string"}}],"inLanguage":"en-US"},{"@type":"Organization","@id":"https:\/\/anelto.eu\/#organization","name":"Anelto","url":"https:\/\/anelto.eu\/","logo":{"@type":"ImageObject","inLanguage":"en-US","@id":"https:\/\/anelto.eu\/#\/schema\/logo\/image\/","url":"https:\/\/anelto.eu\/wp-content\/uploads\/2020\/06\/Picture1.png","contentUrl":"https:\/\/anelto.eu\/wp-content\/uploads\/2020\/06\/Picture1.png","width":615,"height":331,"caption":"Anelto"},"image":{"@id":"https:\/\/anelto.eu\/#\/schema\/logo\/image\/"}}]}},"_links":{"self":[{"href":"https:\/\/anelto.eu\/en\/wp-json\/wp\/v2\/product\/4306","targetHints":{"allow":["GET"]}}],"collection":[{"href":"https:\/\/anelto.eu\/en\/wp-json\/wp\/v2\/product"}],"about":[{"href":"https:\/\/anelto.eu\/en\/wp-json\/wp\/v2\/types\/product"}],"replies":[{"embeddable":true,"href":"https:\/\/anelto.eu\/en\/wp-json\/wp\/v2\/comments?post=4306"}],"wp:featuredmedia":[{"embeddable":true,"href":"https:\/\/anelto.eu\/en\/wp-json\/wp\/v2\/media\/4307"}],"wp:attachment":[{"href":"https:\/\/anelto.eu\/en\/wp-json\/wp\/v2\/media?parent=4306"}],"wp:term":[{"taxonomy":"product_cat","embeddable":true,"href":"https:\/\/anelto.eu\/en\/wp-json\/wp\/v2\/product_cat?post=4306"},{"taxonomy":"product_tag","embeddable":true,"href":"https:\/\/anelto.eu\/en\/wp-json\/wp\/v2\/product_tag?post=4306"}],"curies":[{"name":"wp","href":"https:\/\/api.w.org\/{rel}","templated":true}]}}