{"id":4258,"date":"2021-02-11T15:42:23","date_gmt":"2021-02-11T15:42:23","guid":{"rendered":"https:\/\/anelto.eu\/?post_type=product&#038;p=4258"},"modified":"2021-05-21T08:21:39","modified_gmt":"2021-05-21T08:21:39","slug":"komponent-ram-100x100mm-vesa-kinnitusplaat","status":"publish","type":"product","link":"https:\/\/anelto.eu\/en\/toode\/komponent-ram-100x100mm-vesa-kinnitusplaat\/","title":{"rendered":"[KOMPONENT] RAM\u00ae 100x100mm VESA kinnitusplaat"},"content":{"rendered":"","protected":false},"excerpt":{"rendered":"<ul>\n<li><strong>Toote RAM-246U \u00fclevaade:<\/strong><\/li>\n<li>Ruudukujulisel plaadil on VESA aukude muster \u00fchendamiseks paljude seadmetega.<\/li>\n<li>Kaasas olev C-suurusega 1,5&#8243; RAM\u00ae kuulkinnitus v\u00f5imaldab \u00fchendada mis tahes C-suurusega RAM\u00ae-i topeltpesa liitmikuga; kuul- ja pistikupesa tehnoloogia v\u00f5imaldab peaaegu l\u00f5pmatult reguleerida.<\/li>\n<li>Valmistatud pulberv\u00e4rvitud merekindlast alumiiniumist, mis tagab vastupidavuse ja t\u00f6\u00f6kindluse ka k\u00f5ige n\u00f5udlikumates keskkondades.<\/li>\n<li>Tagatud eluaegne garantii<\/li>\n<\/ul>\n<p><img loading=\"lazy\" decoding=\"async\" class=\"size-full wp-image-4101 aligncenter\" src=\"https:\/\/anelto.eu\/wp-content\/uploads\/2021\/02\/RAM-pilt.png\" alt=\"\" width=\"300\" height=\"93\" \/><\/p>\n","protected":false},"featured_media":4259,"comment_status":"closed","ping_status":"closed","template":"","meta":{"_acf_changed":false},"product_cat":[81,75,76,74],"product_tag":[],"class_list":{"0":"post-4258","1":"product","2":"type-product","3":"status-publish","4":"has-post-thumbnail","6":"product_cat-mobiiltelefonide-kinnitused","7":"product_cat-kaamerate-kinnitused","8":"product_cat-gps-seadmete-kinnitused","9":"product_cat-ongeridva-hoidjad","11":"first","12":"instock","13":"shipping-taxable","14":"product-type-simple"},"acf":[],"yoast_head":"<!-- This site is optimized with the Yoast SEO plugin v23.9 - https:\/\/yoast.com\/wordpress\/plugins\/seo\/ -->\n<title>[KOMPONENT] RAM\u00ae 100x100mm VESA kinnitusplaat - Anelto - t\u00f6\u00f6ruumi efektiivsus<\/title>\n<meta name=\"robots\" content=\"index, follow, max-snippet:-1, max-image-preview:large, max-video-preview:-1\" \/>\n<link rel=\"canonical\" href=\"https:\/\/anelto.eu\/toode\/komponent-ram-100x100mm-vesa-kinnitusplaat\/\" \/>\n<meta property=\"og:locale\" content=\"en_US\" \/>\n<meta property=\"og:type\" content=\"article\" \/>\n<meta property=\"og:title\" content=\"[KOMPONENT] RAM\u00ae 100x100mm VESA kinnitusplaat - Anelto - t\u00f6\u00f6ruumi efektiivsus\" \/>\n<meta property=\"og:description\" content=\"Toote RAM-246U \u00fclevaade:  Ruudukujulisel plaadil on VESA aukude muster \u00fchendamiseks paljude seadmetega.  Kaasas olev C-suurusega 1,5&quot; RAM\u00ae kuulkinnitus v\u00f5imaldab \u00fchendada mis tahes C-suurusega RAM\u00ae-i topeltpesa liitmikuga; kuul- ja pistikupesa tehnoloogia v\u00f5imaldab peaaegu l\u00f5pmatult reguleerida.  Valmistatud pulberv\u00e4rvitud merekindlast alumiiniumist, mis tagab vastupidavuse ja t\u00f6\u00f6kindluse ka k\u00f5ige n\u00f5udlikumates keskkondades.  Tagatud eluaegne garantii\" \/>\n<meta property=\"og:url\" content=\"https:\/\/anelto.eu\/toode\/komponent-ram-100x100mm-vesa-kinnitusplaat\/\" \/>\n<meta property=\"og:site_name\" content=\"Anelto - t\u00f6\u00f6ruumi efektiivsus\" \/>\n<meta property=\"article:modified_time\" content=\"2021-05-21T08:21:39+00:00\" \/>\n<meta property=\"og:image\" content=\"https:\/\/anelto.eu\/wp-content\/uploads\/2021\/02\/RAM-246U.jpg\" \/>\n\t<meta property=\"og:image:width\" content=\"800\" \/>\n\t<meta property=\"og:image:height\" content=\"800\" \/>\n\t<meta property=\"og:image:type\" content=\"image\/jpeg\" \/>\n<meta name=\"twitter:card\" content=\"summary_large_image\" \/>\n<script type=\"application\/ld+json\" class=\"yoast-schema-graph\">{\"@context\":\"https:\/\/schema.org\",\"@graph\":[{\"@type\":\"WebPage\",\"@id\":\"https:\/\/anelto.eu\/toode\/komponent-ram-100x100mm-vesa-kinnitusplaat\/\",\"url\":\"https:\/\/anelto.eu\/toode\/komponent-ram-100x100mm-vesa-kinnitusplaat\/\",\"name\":\"[KOMPONENT] RAM\u00ae 100x100mm VESA kinnitusplaat - Anelto - t\u00f6\u00f6ruumi efektiivsus\",\"isPartOf\":{\"@id\":\"https:\/\/anelto.eu\/#website\"},\"primaryImageOfPage\":{\"@id\":\"https:\/\/anelto.eu\/toode\/komponent-ram-100x100mm-vesa-kinnitusplaat\/#primaryimage\"},\"image\":{\"@id\":\"https:\/\/anelto.eu\/toode\/komponent-ram-100x100mm-vesa-kinnitusplaat\/#primaryimage\"},\"thumbnailUrl\":\"https:\/\/anelto.eu\/wp-content\/uploads\/2021\/02\/RAM-246U.jpg\",\"datePublished\":\"2021-02-11T15:42:23+00:00\",\"dateModified\":\"2021-05-21T08:21:39+00:00\",\"breadcrumb\":{\"@id\":\"https:\/\/anelto.eu\/toode\/komponent-ram-100x100mm-vesa-kinnitusplaat\/#breadcrumb\"},\"inLanguage\":\"en-US\",\"potentialAction\":[{\"@type\":\"ReadAction\",\"target\":[\"https:\/\/anelto.eu\/toode\/komponent-ram-100x100mm-vesa-kinnitusplaat\/\"]}]},{\"@type\":\"ImageObject\",\"inLanguage\":\"en-US\",\"@id\":\"https:\/\/anelto.eu\/toode\/komponent-ram-100x100mm-vesa-kinnitusplaat\/#primaryimage\",\"url\":\"https:\/\/anelto.eu\/wp-content\/uploads\/2021\/02\/RAM-246U.jpg\",\"contentUrl\":\"https:\/\/anelto.eu\/wp-content\/uploads\/2021\/02\/RAM-246U.jpg\",\"width\":800,\"height\":800},{\"@type\":\"BreadcrumbList\",\"@id\":\"https:\/\/anelto.eu\/toode\/komponent-ram-100x100mm-vesa-kinnitusplaat\/#breadcrumb\",\"itemListElement\":[{\"@type\":\"ListItem\",\"position\":1,\"name\":\"Avaleht\",\"item\":\"https:\/\/anelto.eu\/\"},{\"@type\":\"ListItem\",\"position\":2,\"name\":\"Valdkonnad\",\"item\":\"https:\/\/anelto.eu\/valdkonnad\/\"},{\"@type\":\"ListItem\",\"position\":3,\"name\":\"Kaamerate kinnitused\",\"item\":\"https:\/\/anelto.eu\/tootekategooria\/kaamerate-kinnitused\/\"},{\"@type\":\"ListItem\",\"position\":4,\"name\":\"[KOMPONENT] RAM\u00ae 100x100mm VESA kinnitusplaat\"}]},{\"@type\":\"WebSite\",\"@id\":\"https:\/\/anelto.eu\/#website\",\"url\":\"https:\/\/anelto.eu\/\",\"name\":\"Anelto - t\u00f6\u00f6ruumi efektiivsus\",\"description\":\"Ergonoomiline t\u00f6\u00f6keskkond ja kinnituslahendused!\",\"publisher\":{\"@id\":\"https:\/\/anelto.eu\/#organization\"},\"potentialAction\":[{\"@type\":\"SearchAction\",\"target\":{\"@type\":\"EntryPoint\",\"urlTemplate\":\"https:\/\/anelto.eu\/?s={search_term_string}\"},\"query-input\":{\"@type\":\"PropertyValueSpecification\",\"valueRequired\":true,\"valueName\":\"search_term_string\"}}],\"inLanguage\":\"en-US\"},{\"@type\":\"Organization\",\"@id\":\"https:\/\/anelto.eu\/#organization\",\"name\":\"Anelto\",\"url\":\"https:\/\/anelto.eu\/\",\"logo\":{\"@type\":\"ImageObject\",\"inLanguage\":\"en-US\",\"@id\":\"https:\/\/anelto.eu\/#\/schema\/logo\/image\/\",\"url\":\"https:\/\/anelto.eu\/wp-content\/uploads\/2020\/06\/Picture1.png\",\"contentUrl\":\"https:\/\/anelto.eu\/wp-content\/uploads\/2020\/06\/Picture1.png\",\"width\":615,\"height\":331,\"caption\":\"Anelto\"},\"image\":{\"@id\":\"https:\/\/anelto.eu\/#\/schema\/logo\/image\/\"}}]}<\/script>\n<!-- \/ Yoast SEO plugin. -->","yoast_head_json":{"title":"[KOMPONENT] RAM\u00ae 100x100mm VESA kinnitusplaat - Anelto - t\u00f6\u00f6ruumi efektiivsus","robots":{"index":"index","follow":"follow","max-snippet":"max-snippet:-1","max-image-preview":"max-image-preview:large","max-video-preview":"max-video-preview:-1"},"canonical":"https:\/\/anelto.eu\/toode\/komponent-ram-100x100mm-vesa-kinnitusplaat\/","og_locale":"en_US","og_type":"article","og_title":"[KOMPONENT] RAM\u00ae 100x100mm VESA kinnitusplaat - Anelto - t\u00f6\u00f6ruumi efektiivsus","og_description":"Toote RAM-246U \u00fclevaade:  Ruudukujulisel plaadil on VESA aukude muster \u00fchendamiseks paljude seadmetega.  Kaasas olev C-suurusega 1,5\" RAM\u00ae kuulkinnitus v\u00f5imaldab \u00fchendada mis tahes C-suurusega RAM\u00ae-i topeltpesa liitmikuga; kuul- ja pistikupesa tehnoloogia v\u00f5imaldab peaaegu l\u00f5pmatult reguleerida.  Valmistatud pulberv\u00e4rvitud merekindlast alumiiniumist, mis tagab vastupidavuse ja t\u00f6\u00f6kindluse ka k\u00f5ige n\u00f5udlikumates keskkondades.  Tagatud eluaegne garantii","og_url":"https:\/\/anelto.eu\/toode\/komponent-ram-100x100mm-vesa-kinnitusplaat\/","og_site_name":"Anelto - t\u00f6\u00f6ruumi efektiivsus","article_modified_time":"2021-05-21T08:21:39+00:00","og_image":[{"width":800,"height":800,"url":"https:\/\/anelto.eu\/wp-content\/uploads\/2021\/02\/RAM-246U.jpg","type":"image\/jpeg"}],"twitter_card":"summary_large_image","schema":{"@context":"https:\/\/schema.org","@graph":[{"@type":"WebPage","@id":"https:\/\/anelto.eu\/toode\/komponent-ram-100x100mm-vesa-kinnitusplaat\/","url":"https:\/\/anelto.eu\/toode\/komponent-ram-100x100mm-vesa-kinnitusplaat\/","name":"[KOMPONENT] RAM\u00ae 100x100mm VESA kinnitusplaat - Anelto - t\u00f6\u00f6ruumi efektiivsus","isPartOf":{"@id":"https:\/\/anelto.eu\/#website"},"primaryImageOfPage":{"@id":"https:\/\/anelto.eu\/toode\/komponent-ram-100x100mm-vesa-kinnitusplaat\/#primaryimage"},"image":{"@id":"https:\/\/anelto.eu\/toode\/komponent-ram-100x100mm-vesa-kinnitusplaat\/#primaryimage"},"thumbnailUrl":"https:\/\/anelto.eu\/wp-content\/uploads\/2021\/02\/RAM-246U.jpg","datePublished":"2021-02-11T15:42:23+00:00","dateModified":"2021-05-21T08:21:39+00:00","breadcrumb":{"@id":"https:\/\/anelto.eu\/toode\/komponent-ram-100x100mm-vesa-kinnitusplaat\/#breadcrumb"},"inLanguage":"en-US","potentialAction":[{"@type":"ReadAction","target":["https:\/\/anelto.eu\/toode\/komponent-ram-100x100mm-vesa-kinnitusplaat\/"]}]},{"@type":"ImageObject","inLanguage":"en-US","@id":"https:\/\/anelto.eu\/toode\/komponent-ram-100x100mm-vesa-kinnitusplaat\/#primaryimage","url":"https:\/\/anelto.eu\/wp-content\/uploads\/2021\/02\/RAM-246U.jpg","contentUrl":"https:\/\/anelto.eu\/wp-content\/uploads\/2021\/02\/RAM-246U.jpg","width":800,"height":800},{"@type":"BreadcrumbList","@id":"https:\/\/anelto.eu\/toode\/komponent-ram-100x100mm-vesa-kinnitusplaat\/#breadcrumb","itemListElement":[{"@type":"ListItem","position":1,"name":"Avaleht","item":"https:\/\/anelto.eu\/"},{"@type":"ListItem","position":2,"name":"Valdkonnad","item":"https:\/\/anelto.eu\/valdkonnad\/"},{"@type":"ListItem","position":3,"name":"Kaamerate kinnitused","item":"https:\/\/anelto.eu\/tootekategooria\/kaamerate-kinnitused\/"},{"@type":"ListItem","position":4,"name":"[KOMPONENT] RAM\u00ae 100x100mm VESA kinnitusplaat"}]},{"@type":"WebSite","@id":"https:\/\/anelto.eu\/#website","url":"https:\/\/anelto.eu\/","name":"Anelto - t\u00f6\u00f6ruumi efektiivsus","description":"Ergonoomiline t\u00f6\u00f6keskkond ja kinnituslahendused!","publisher":{"@id":"https:\/\/anelto.eu\/#organization"},"potentialAction":[{"@type":"SearchAction","target":{"@type":"EntryPoint","urlTemplate":"https:\/\/anelto.eu\/?s={search_term_string}"},"query-input":{"@type":"PropertyValueSpecification","valueRequired":true,"valueName":"search_term_string"}}],"inLanguage":"en-US"},{"@type":"Organization","@id":"https:\/\/anelto.eu\/#organization","name":"Anelto","url":"https:\/\/anelto.eu\/","logo":{"@type":"ImageObject","inLanguage":"en-US","@id":"https:\/\/anelto.eu\/#\/schema\/logo\/image\/","url":"https:\/\/anelto.eu\/wp-content\/uploads\/2020\/06\/Picture1.png","contentUrl":"https:\/\/anelto.eu\/wp-content\/uploads\/2020\/06\/Picture1.png","width":615,"height":331,"caption":"Anelto"},"image":{"@id":"https:\/\/anelto.eu\/#\/schema\/logo\/image\/"}}]}},"_links":{"self":[{"href":"https:\/\/anelto.eu\/en\/wp-json\/wp\/v2\/product\/4258","targetHints":{"allow":["GET"]}}],"collection":[{"href":"https:\/\/anelto.eu\/en\/wp-json\/wp\/v2\/product"}],"about":[{"href":"https:\/\/anelto.eu\/en\/wp-json\/wp\/v2\/types\/product"}],"replies":[{"embeddable":true,"href":"https:\/\/anelto.eu\/en\/wp-json\/wp\/v2\/comments?post=4258"}],"wp:featuredmedia":[{"embeddable":true,"href":"https:\/\/anelto.eu\/en\/wp-json\/wp\/v2\/media\/4259"}],"wp:attachment":[{"href":"https:\/\/anelto.eu\/en\/wp-json\/wp\/v2\/media?parent=4258"}],"wp:term":[{"taxonomy":"product_cat","embeddable":true,"href":"https:\/\/anelto.eu\/en\/wp-json\/wp\/v2\/product_cat?post=4258"},{"taxonomy":"product_tag","embeddable":true,"href":"https:\/\/anelto.eu\/en\/wp-json\/wp\/v2\/product_tag?post=4258"}],"curies":[{"name":"wp","href":"https:\/\/api.w.org\/{rel}","templated":true}]}}