{"id":4249,"date":"2021-02-11T15:37:10","date_gmt":"2021-02-11T15:37:10","guid":{"rendered":"https:\/\/anelto.eu\/?post_type=product&#038;p=4249"},"modified":"2021-05-21T08:36:13","modified_gmt":"2021-05-21T08:36:13","slug":"ram-quick-draw-hoidik-zebra-tc8000-8300-seadmetele","status":"publish","type":"product","link":"https:\/\/anelto.eu\/en\/toode\/ram-quick-draw-hoidik-zebra-tc8000-8300-seadmetele\/","title":{"rendered":"RAM\u00ae Quick-Draw\u2122 hoidik Zebra TC8000\/8300 seadmetele"},"content":{"rendered":"","protected":false},"excerpt":{"rendered":"<ul>\n<li><strong>Toote RAM-HOL-ZE9U \u00fclevaade:<\/strong><\/li>\n<li>Vedruga varustatud RAM\u00ae Quick-Draw \u2122 hoidik v\u00f5imaldab teie Zebra TC8000 ja TC8300 h\u00f5lpsasti oma kohale asetada ja ka eemaldada<\/li>\n<li>Sisaldab RAM-i pallikomponentide jaoks 4-augulist AMPS-i auku<\/li>\n<li>Valmistatud \u00fclitugevatest komposiitidest, mis tagavad vastupidavuse ja t\u00f6\u00f6kindluse ka k\u00f5ige n\u00f5udlikumates keskkondades<\/li>\n<li>Tagatud eluaegse garantiiga<\/li>\n<\/ul>\n<p><img loading=\"lazy\" decoding=\"async\" class=\"size-full wp-image-4101 aligncenter\" src=\"https:\/\/anelto.eu\/wp-content\/uploads\/2021\/02\/RAM-pilt.png\" alt=\"\" width=\"300\" height=\"93\" \/><\/p>\n","protected":false},"featured_media":4250,"comment_status":"closed","ping_status":"closed","template":"","meta":{"_acf_changed":false},"product_cat":[78],"product_tag":[],"class_list":{"0":"post-4249","1":"product","2":"type-product","3":"status-publish","4":"has-post-thumbnail","6":"product_cat-printerite-skaneerite-kinnitused","8":"first","9":"instock","10":"shipping-taxable","11":"product-type-simple"},"acf":[],"yoast_head":"<!-- This site is optimized with the Yoast SEO plugin v23.9 - https:\/\/yoast.com\/wordpress\/plugins\/seo\/ -->\n<title>RAM\u00ae Quick-Draw\u2122 hoidik Zebra TC8000\/8300 seadmetele - Anelto - t\u00f6\u00f6ruumi efektiivsus<\/title>\n<meta name=\"robots\" content=\"index, follow, max-snippet:-1, max-image-preview:large, max-video-preview:-1\" \/>\n<link rel=\"canonical\" href=\"https:\/\/anelto.eu\/toode\/ram-quick-draw-hoidik-zebra-tc8000-8300-seadmetele\/\" \/>\n<meta property=\"og:locale\" content=\"en_US\" \/>\n<meta property=\"og:type\" content=\"article\" \/>\n<meta property=\"og:title\" content=\"RAM\u00ae Quick-Draw\u2122 hoidik Zebra TC8000\/8300 seadmetele - Anelto - t\u00f6\u00f6ruumi efektiivsus\" \/>\n<meta property=\"og:description\" content=\"Toote RAM-HOL-ZE9U \u00fclevaade:  Vedruga varustatud RAM\u00ae Quick-Draw \u2122 hoidik v\u00f5imaldab teie Zebra TC8000 ja TC8300 h\u00f5lpsasti oma kohale asetada ja ka eemaldada  Sisaldab RAM-i pallikomponentide jaoks 4-augulist AMPS-i auku  Valmistatud \u00fclitugevatest komposiitidest, mis tagavad vastupidavuse ja t\u00f6\u00f6kindluse ka k\u00f5ige n\u00f5udlikumates keskkondades  Tagatud eluaegse garantiiga\" \/>\n<meta property=\"og:url\" content=\"https:\/\/anelto.eu\/toode\/ram-quick-draw-hoidik-zebra-tc8000-8300-seadmetele\/\" \/>\n<meta property=\"og:site_name\" content=\"Anelto - t\u00f6\u00f6ruumi efektiivsus\" \/>\n<meta property=\"article:modified_time\" content=\"2021-05-21T08:36:13+00:00\" \/>\n<meta property=\"og:image\" content=\"https:\/\/anelto.eu\/wp-content\/uploads\/2021\/02\/RAM-HOL-ZE9U.jpg\" \/>\n\t<meta property=\"og:image:width\" content=\"800\" \/>\n\t<meta property=\"og:image:height\" content=\"800\" \/>\n\t<meta property=\"og:image:type\" content=\"image\/jpeg\" \/>\n<meta name=\"twitter:card\" content=\"summary_large_image\" \/>\n<script type=\"application\/ld+json\" class=\"yoast-schema-graph\">{\"@context\":\"https:\/\/schema.org\",\"@graph\":[{\"@type\":\"WebPage\",\"@id\":\"https:\/\/anelto.eu\/toode\/ram-quick-draw-hoidik-zebra-tc8000-8300-seadmetele\/\",\"url\":\"https:\/\/anelto.eu\/toode\/ram-quick-draw-hoidik-zebra-tc8000-8300-seadmetele\/\",\"name\":\"RAM\u00ae Quick-Draw\u2122 hoidik Zebra TC8000\/8300 seadmetele - Anelto - t\u00f6\u00f6ruumi efektiivsus\",\"isPartOf\":{\"@id\":\"https:\/\/anelto.eu\/#website\"},\"primaryImageOfPage\":{\"@id\":\"https:\/\/anelto.eu\/toode\/ram-quick-draw-hoidik-zebra-tc8000-8300-seadmetele\/#primaryimage\"},\"image\":{\"@id\":\"https:\/\/anelto.eu\/toode\/ram-quick-draw-hoidik-zebra-tc8000-8300-seadmetele\/#primaryimage\"},\"thumbnailUrl\":\"https:\/\/anelto.eu\/wp-content\/uploads\/2021\/02\/RAM-HOL-ZE9U.jpg\",\"datePublished\":\"2021-02-11T15:37:10+00:00\",\"dateModified\":\"2021-05-21T08:36:13+00:00\",\"breadcrumb\":{\"@id\":\"https:\/\/anelto.eu\/toode\/ram-quick-draw-hoidik-zebra-tc8000-8300-seadmetele\/#breadcrumb\"},\"inLanguage\":\"en-US\",\"potentialAction\":[{\"@type\":\"ReadAction\",\"target\":[\"https:\/\/anelto.eu\/toode\/ram-quick-draw-hoidik-zebra-tc8000-8300-seadmetele\/\"]}]},{\"@type\":\"ImageObject\",\"inLanguage\":\"en-US\",\"@id\":\"https:\/\/anelto.eu\/toode\/ram-quick-draw-hoidik-zebra-tc8000-8300-seadmetele\/#primaryimage\",\"url\":\"https:\/\/anelto.eu\/wp-content\/uploads\/2021\/02\/RAM-HOL-ZE9U.jpg\",\"contentUrl\":\"https:\/\/anelto.eu\/wp-content\/uploads\/2021\/02\/RAM-HOL-ZE9U.jpg\",\"width\":800,\"height\":800},{\"@type\":\"BreadcrumbList\",\"@id\":\"https:\/\/anelto.eu\/toode\/ram-quick-draw-hoidik-zebra-tc8000-8300-seadmetele\/#breadcrumb\",\"itemListElement\":[{\"@type\":\"ListItem\",\"position\":1,\"name\":\"Avaleht\",\"item\":\"https:\/\/anelto.eu\/\"},{\"@type\":\"ListItem\",\"position\":2,\"name\":\"Valdkonnad\",\"item\":\"https:\/\/anelto.eu\/valdkonnad\/\"},{\"@type\":\"ListItem\",\"position\":3,\"name\":\"Printerite ja skannerite kinnitused\",\"item\":\"https:\/\/anelto.eu\/tootekategooria\/printerite-skaneerite-kinnitused\/\"},{\"@type\":\"ListItem\",\"position\":4,\"name\":\"RAM\u00ae Quick-Draw\u2122 hoidik Zebra TC8000\/8300 seadmetele\"}]},{\"@type\":\"WebSite\",\"@id\":\"https:\/\/anelto.eu\/#website\",\"url\":\"https:\/\/anelto.eu\/\",\"name\":\"Anelto - t\u00f6\u00f6ruumi efektiivsus\",\"description\":\"Ergonoomiline t\u00f6\u00f6keskkond ja kinnituslahendused!\",\"publisher\":{\"@id\":\"https:\/\/anelto.eu\/#organization\"},\"potentialAction\":[{\"@type\":\"SearchAction\",\"target\":{\"@type\":\"EntryPoint\",\"urlTemplate\":\"https:\/\/anelto.eu\/?s={search_term_string}\"},\"query-input\":{\"@type\":\"PropertyValueSpecification\",\"valueRequired\":true,\"valueName\":\"search_term_string\"}}],\"inLanguage\":\"en-US\"},{\"@type\":\"Organization\",\"@id\":\"https:\/\/anelto.eu\/#organization\",\"name\":\"Anelto\",\"url\":\"https:\/\/anelto.eu\/\",\"logo\":{\"@type\":\"ImageObject\",\"inLanguage\":\"en-US\",\"@id\":\"https:\/\/anelto.eu\/#\/schema\/logo\/image\/\",\"url\":\"https:\/\/anelto.eu\/wp-content\/uploads\/2020\/06\/Picture1.png\",\"contentUrl\":\"https:\/\/anelto.eu\/wp-content\/uploads\/2020\/06\/Picture1.png\",\"width\":615,\"height\":331,\"caption\":\"Anelto\"},\"image\":{\"@id\":\"https:\/\/anelto.eu\/#\/schema\/logo\/image\/\"}}]}<\/script>\n<!-- \/ Yoast SEO plugin. -->","yoast_head_json":{"title":"RAM\u00ae Quick-Draw\u2122 hoidik Zebra TC8000\/8300 seadmetele - Anelto - t\u00f6\u00f6ruumi efektiivsus","robots":{"index":"index","follow":"follow","max-snippet":"max-snippet:-1","max-image-preview":"max-image-preview:large","max-video-preview":"max-video-preview:-1"},"canonical":"https:\/\/anelto.eu\/toode\/ram-quick-draw-hoidik-zebra-tc8000-8300-seadmetele\/","og_locale":"en_US","og_type":"article","og_title":"RAM\u00ae Quick-Draw\u2122 hoidik Zebra TC8000\/8300 seadmetele - Anelto - t\u00f6\u00f6ruumi efektiivsus","og_description":"Toote RAM-HOL-ZE9U \u00fclevaade:  Vedruga varustatud RAM\u00ae Quick-Draw \u2122 hoidik v\u00f5imaldab teie Zebra TC8000 ja TC8300 h\u00f5lpsasti oma kohale asetada ja ka eemaldada  Sisaldab RAM-i pallikomponentide jaoks 4-augulist AMPS-i auku  Valmistatud \u00fclitugevatest komposiitidest, mis tagavad vastupidavuse ja t\u00f6\u00f6kindluse ka k\u00f5ige n\u00f5udlikumates keskkondades  Tagatud eluaegse garantiiga","og_url":"https:\/\/anelto.eu\/toode\/ram-quick-draw-hoidik-zebra-tc8000-8300-seadmetele\/","og_site_name":"Anelto - t\u00f6\u00f6ruumi efektiivsus","article_modified_time":"2021-05-21T08:36:13+00:00","og_image":[{"width":800,"height":800,"url":"https:\/\/anelto.eu\/wp-content\/uploads\/2021\/02\/RAM-HOL-ZE9U.jpg","type":"image\/jpeg"}],"twitter_card":"summary_large_image","schema":{"@context":"https:\/\/schema.org","@graph":[{"@type":"WebPage","@id":"https:\/\/anelto.eu\/toode\/ram-quick-draw-hoidik-zebra-tc8000-8300-seadmetele\/","url":"https:\/\/anelto.eu\/toode\/ram-quick-draw-hoidik-zebra-tc8000-8300-seadmetele\/","name":"RAM\u00ae Quick-Draw\u2122 hoidik Zebra TC8000\/8300 seadmetele - Anelto - t\u00f6\u00f6ruumi efektiivsus","isPartOf":{"@id":"https:\/\/anelto.eu\/#website"},"primaryImageOfPage":{"@id":"https:\/\/anelto.eu\/toode\/ram-quick-draw-hoidik-zebra-tc8000-8300-seadmetele\/#primaryimage"},"image":{"@id":"https:\/\/anelto.eu\/toode\/ram-quick-draw-hoidik-zebra-tc8000-8300-seadmetele\/#primaryimage"},"thumbnailUrl":"https:\/\/anelto.eu\/wp-content\/uploads\/2021\/02\/RAM-HOL-ZE9U.jpg","datePublished":"2021-02-11T15:37:10+00:00","dateModified":"2021-05-21T08:36:13+00:00","breadcrumb":{"@id":"https:\/\/anelto.eu\/toode\/ram-quick-draw-hoidik-zebra-tc8000-8300-seadmetele\/#breadcrumb"},"inLanguage":"en-US","potentialAction":[{"@type":"ReadAction","target":["https:\/\/anelto.eu\/toode\/ram-quick-draw-hoidik-zebra-tc8000-8300-seadmetele\/"]}]},{"@type":"ImageObject","inLanguage":"en-US","@id":"https:\/\/anelto.eu\/toode\/ram-quick-draw-hoidik-zebra-tc8000-8300-seadmetele\/#primaryimage","url":"https:\/\/anelto.eu\/wp-content\/uploads\/2021\/02\/RAM-HOL-ZE9U.jpg","contentUrl":"https:\/\/anelto.eu\/wp-content\/uploads\/2021\/02\/RAM-HOL-ZE9U.jpg","width":800,"height":800},{"@type":"BreadcrumbList","@id":"https:\/\/anelto.eu\/toode\/ram-quick-draw-hoidik-zebra-tc8000-8300-seadmetele\/#breadcrumb","itemListElement":[{"@type":"ListItem","position":1,"name":"Avaleht","item":"https:\/\/anelto.eu\/"},{"@type":"ListItem","position":2,"name":"Valdkonnad","item":"https:\/\/anelto.eu\/valdkonnad\/"},{"@type":"ListItem","position":3,"name":"Printerite ja skannerite kinnitused","item":"https:\/\/anelto.eu\/tootekategooria\/printerite-skaneerite-kinnitused\/"},{"@type":"ListItem","position":4,"name":"RAM\u00ae Quick-Draw\u2122 hoidik Zebra TC8000\/8300 seadmetele"}]},{"@type":"WebSite","@id":"https:\/\/anelto.eu\/#website","url":"https:\/\/anelto.eu\/","name":"Anelto - t\u00f6\u00f6ruumi efektiivsus","description":"Ergonoomiline t\u00f6\u00f6keskkond ja kinnituslahendused!","publisher":{"@id":"https:\/\/anelto.eu\/#organization"},"potentialAction":[{"@type":"SearchAction","target":{"@type":"EntryPoint","urlTemplate":"https:\/\/anelto.eu\/?s={search_term_string}"},"query-input":{"@type":"PropertyValueSpecification","valueRequired":true,"valueName":"search_term_string"}}],"inLanguage":"en-US"},{"@type":"Organization","@id":"https:\/\/anelto.eu\/#organization","name":"Anelto","url":"https:\/\/anelto.eu\/","logo":{"@type":"ImageObject","inLanguage":"en-US","@id":"https:\/\/anelto.eu\/#\/schema\/logo\/image\/","url":"https:\/\/anelto.eu\/wp-content\/uploads\/2020\/06\/Picture1.png","contentUrl":"https:\/\/anelto.eu\/wp-content\/uploads\/2020\/06\/Picture1.png","width":615,"height":331,"caption":"Anelto"},"image":{"@id":"https:\/\/anelto.eu\/#\/schema\/logo\/image\/"}}]}},"_links":{"self":[{"href":"https:\/\/anelto.eu\/en\/wp-json\/wp\/v2\/product\/4249","targetHints":{"allow":["GET"]}}],"collection":[{"href":"https:\/\/anelto.eu\/en\/wp-json\/wp\/v2\/product"}],"about":[{"href":"https:\/\/anelto.eu\/en\/wp-json\/wp\/v2\/types\/product"}],"replies":[{"embeddable":true,"href":"https:\/\/anelto.eu\/en\/wp-json\/wp\/v2\/comments?post=4249"}],"wp:featuredmedia":[{"embeddable":true,"href":"https:\/\/anelto.eu\/en\/wp-json\/wp\/v2\/media\/4250"}],"wp:attachment":[{"href":"https:\/\/anelto.eu\/en\/wp-json\/wp\/v2\/media?parent=4249"}],"wp:term":[{"taxonomy":"product_cat","embeddable":true,"href":"https:\/\/anelto.eu\/en\/wp-json\/wp\/v2\/product_cat?post=4249"},{"taxonomy":"product_tag","embeddable":true,"href":"https:\/\/anelto.eu\/en\/wp-json\/wp\/v2\/product_tag?post=4249"}],"curies":[{"name":"wp","href":"https:\/\/api.w.org\/{rel}","templated":true}]}}