{"id":4233,"date":"2021-02-11T15:27:03","date_gmt":"2021-02-11T15:27:03","guid":{"rendered":"https:\/\/anelto.eu\/?post_type=product&#038;p=4233"},"modified":"2021-05-21T08:33:38","modified_gmt":"2021-05-21T08:33:38","slug":"ram-drill-down-kinnitus-koos-printerihoidikuga-toshiba-ep4-printerile","status":"publish","type":"product","link":"https:\/\/anelto.eu\/en\/toode\/ram-drill-down-kinnitus-koos-printerihoidikuga-toshiba-ep4-printerile\/","title":{"rendered":"RAM\u00ae Drill-Down kinnitus koos printerihoidikuga Toshiba EP4 printerile"},"content":{"rendered":"","protected":false},"excerpt":{"rendered":"<ul>\n<li><strong>Toote RAM-VPR-105T-B-1 \u00fclevaade:<\/strong><\/li>\n<li>Printeri kiire kinnitus ja vabasttusmehhanism<\/li>\n<li>Hoidik disainitud, et oleks liigp\u00e4\u00e4s printeri nuppudele, ekraanile ja paberirullile<br \/>\nB suuruseg liigend v\u00f5imaldab seadistada endale sobiv seadme paigaldusnurk<\/li>\n<li>Valmistatud \u00fclitugevatest komposiitidest, mis tagavad vastupidavuse ja t\u00f6\u00f6kindluse ka k\u00f5ige n\u00f5udlikumates keskkondades T<\/li>\n<li>agatud eluaegse garantiiga<\/li>\n<\/ul>\n<p><strong>Muu info:<\/strong><\/p>\n<ul>\n<li>B suurus<\/li>\n<\/ul>\n<p><img loading=\"lazy\" decoding=\"async\" class=\"size-full wp-image-4101 aligncenter\" src=\"https:\/\/anelto.eu\/wp-content\/uploads\/2021\/02\/RAM-pilt.png\" alt=\"\" width=\"300\" height=\"93\" \/><\/p>\n","protected":false},"featured_media":4235,"comment_status":"closed","ping_status":"closed","template":"","meta":{"_acf_changed":false},"product_cat":[78],"product_tag":[],"class_list":{"0":"post-4233","1":"product","2":"type-product","3":"status-publish","4":"has-post-thumbnail","6":"product_cat-printerite-skaneerite-kinnitused","8":"first","9":"instock","10":"shipping-taxable","11":"product-type-simple"},"acf":[],"yoast_head":"<!-- This site is optimized with the Yoast SEO plugin v23.9 - https:\/\/yoast.com\/wordpress\/plugins\/seo\/ -->\n<title>RAM\u00ae Drill-Down kinnitus koos printerihoidikuga Toshiba EP4 printerile - Anelto - t\u00f6\u00f6ruumi efektiivsus<\/title>\n<meta name=\"robots\" content=\"index, follow, max-snippet:-1, max-image-preview:large, max-video-preview:-1\" \/>\n<link rel=\"canonical\" href=\"https:\/\/anelto.eu\/toode\/ram-drill-down-kinnitus-koos-printerihoidikuga-toshiba-ep4-printerile\/\" \/>\n<meta property=\"og:locale\" content=\"en_US\" \/>\n<meta property=\"og:type\" content=\"article\" \/>\n<meta property=\"og:title\" content=\"RAM\u00ae Drill-Down kinnitus koos printerihoidikuga Toshiba EP4 printerile - Anelto - t\u00f6\u00f6ruumi efektiivsus\" \/>\n<meta property=\"og:description\" content=\"Toote RAM-VPR-105T-B-1 \u00fclevaade:  Printeri kiire kinnitus ja vabasttusmehhanism  Hoidik disainitud, et oleks liigp\u00e4\u00e4s printeri nuppudele, ekraanile ja paberirullile B suuruseg liigend v\u00f5imaldab seadistada endale sobiv seadme paigaldusnurk  Valmistatud \u00fclitugevatest komposiitidest, mis tagavad vastupidavuse ja t\u00f6\u00f6kindluse ka k\u00f5ige n\u00f5udlikumates keskkondades T  agatud eluaegse garantiiga  Muu info:   B suurus\" \/>\n<meta property=\"og:url\" content=\"https:\/\/anelto.eu\/toode\/ram-drill-down-kinnitus-koos-printerihoidikuga-toshiba-ep4-printerile\/\" \/>\n<meta property=\"og:site_name\" content=\"Anelto - t\u00f6\u00f6ruumi efektiivsus\" \/>\n<meta property=\"article:modified_time\" content=\"2021-05-21T08:33:38+00:00\" \/>\n<meta property=\"og:image\" content=\"https:\/\/anelto.eu\/wp-content\/uploads\/2021\/02\/RAM-VPR-105T-B-1.jpg\" \/>\n\t<meta property=\"og:image:width\" content=\"1117\" \/>\n\t<meta property=\"og:image:height\" content=\"1200\" \/>\n\t<meta property=\"og:image:type\" content=\"image\/jpeg\" \/>\n<meta name=\"twitter:card\" content=\"summary_large_image\" \/>\n<script type=\"application\/ld+json\" class=\"yoast-schema-graph\">{\"@context\":\"https:\/\/schema.org\",\"@graph\":[{\"@type\":\"WebPage\",\"@id\":\"https:\/\/anelto.eu\/toode\/ram-drill-down-kinnitus-koos-printerihoidikuga-toshiba-ep4-printerile\/\",\"url\":\"https:\/\/anelto.eu\/toode\/ram-drill-down-kinnitus-koos-printerihoidikuga-toshiba-ep4-printerile\/\",\"name\":\"RAM\u00ae Drill-Down kinnitus koos printerihoidikuga Toshiba EP4 printerile - Anelto - t\u00f6\u00f6ruumi efektiivsus\",\"isPartOf\":{\"@id\":\"https:\/\/anelto.eu\/#website\"},\"primaryImageOfPage\":{\"@id\":\"https:\/\/anelto.eu\/toode\/ram-drill-down-kinnitus-koos-printerihoidikuga-toshiba-ep4-printerile\/#primaryimage\"},\"image\":{\"@id\":\"https:\/\/anelto.eu\/toode\/ram-drill-down-kinnitus-koos-printerihoidikuga-toshiba-ep4-printerile\/#primaryimage\"},\"thumbnailUrl\":\"https:\/\/anelto.eu\/wp-content\/uploads\/2021\/02\/RAM-VPR-105T-B-1.jpg\",\"datePublished\":\"2021-02-11T15:27:03+00:00\",\"dateModified\":\"2021-05-21T08:33:38+00:00\",\"breadcrumb\":{\"@id\":\"https:\/\/anelto.eu\/toode\/ram-drill-down-kinnitus-koos-printerihoidikuga-toshiba-ep4-printerile\/#breadcrumb\"},\"inLanguage\":\"en-US\",\"potentialAction\":[{\"@type\":\"ReadAction\",\"target\":[\"https:\/\/anelto.eu\/toode\/ram-drill-down-kinnitus-koos-printerihoidikuga-toshiba-ep4-printerile\/\"]}]},{\"@type\":\"ImageObject\",\"inLanguage\":\"en-US\",\"@id\":\"https:\/\/anelto.eu\/toode\/ram-drill-down-kinnitus-koos-printerihoidikuga-toshiba-ep4-printerile\/#primaryimage\",\"url\":\"https:\/\/anelto.eu\/wp-content\/uploads\/2021\/02\/RAM-VPR-105T-B-1.jpg\",\"contentUrl\":\"https:\/\/anelto.eu\/wp-content\/uploads\/2021\/02\/RAM-VPR-105T-B-1.jpg\",\"width\":1117,\"height\":1200},{\"@type\":\"BreadcrumbList\",\"@id\":\"https:\/\/anelto.eu\/toode\/ram-drill-down-kinnitus-koos-printerihoidikuga-toshiba-ep4-printerile\/#breadcrumb\",\"itemListElement\":[{\"@type\":\"ListItem\",\"position\":1,\"name\":\"Avaleht\",\"item\":\"https:\/\/anelto.eu\/\"},{\"@type\":\"ListItem\",\"position\":2,\"name\":\"Valdkonnad\",\"item\":\"https:\/\/anelto.eu\/valdkonnad\/\"},{\"@type\":\"ListItem\",\"position\":3,\"name\":\"Printerite ja skannerite kinnitused\",\"item\":\"https:\/\/anelto.eu\/tootekategooria\/printerite-skaneerite-kinnitused\/\"},{\"@type\":\"ListItem\",\"position\":4,\"name\":\"RAM\u00ae Drill-Down kinnitus koos printerihoidikuga Toshiba EP4 printerile\"}]},{\"@type\":\"WebSite\",\"@id\":\"https:\/\/anelto.eu\/#website\",\"url\":\"https:\/\/anelto.eu\/\",\"name\":\"Anelto - t\u00f6\u00f6ruumi efektiivsus\",\"description\":\"Ergonoomiline t\u00f6\u00f6keskkond ja kinnituslahendused!\",\"publisher\":{\"@id\":\"https:\/\/anelto.eu\/#organization\"},\"potentialAction\":[{\"@type\":\"SearchAction\",\"target\":{\"@type\":\"EntryPoint\",\"urlTemplate\":\"https:\/\/anelto.eu\/?s={search_term_string}\"},\"query-input\":{\"@type\":\"PropertyValueSpecification\",\"valueRequired\":true,\"valueName\":\"search_term_string\"}}],\"inLanguage\":\"en-US\"},{\"@type\":\"Organization\",\"@id\":\"https:\/\/anelto.eu\/#organization\",\"name\":\"Anelto\",\"url\":\"https:\/\/anelto.eu\/\",\"logo\":{\"@type\":\"ImageObject\",\"inLanguage\":\"en-US\",\"@id\":\"https:\/\/anelto.eu\/#\/schema\/logo\/image\/\",\"url\":\"https:\/\/anelto.eu\/wp-content\/uploads\/2020\/06\/Picture1.png\",\"contentUrl\":\"https:\/\/anelto.eu\/wp-content\/uploads\/2020\/06\/Picture1.png\",\"width\":615,\"height\":331,\"caption\":\"Anelto\"},\"image\":{\"@id\":\"https:\/\/anelto.eu\/#\/schema\/logo\/image\/\"}}]}<\/script>\n<!-- \/ Yoast SEO plugin. -->","yoast_head_json":{"title":"RAM\u00ae Drill-Down kinnitus koos printerihoidikuga Toshiba EP4 printerile - Anelto - t\u00f6\u00f6ruumi efektiivsus","robots":{"index":"index","follow":"follow","max-snippet":"max-snippet:-1","max-image-preview":"max-image-preview:large","max-video-preview":"max-video-preview:-1"},"canonical":"https:\/\/anelto.eu\/toode\/ram-drill-down-kinnitus-koos-printerihoidikuga-toshiba-ep4-printerile\/","og_locale":"en_US","og_type":"article","og_title":"RAM\u00ae Drill-Down kinnitus koos printerihoidikuga Toshiba EP4 printerile - Anelto - t\u00f6\u00f6ruumi efektiivsus","og_description":"Toote RAM-VPR-105T-B-1 \u00fclevaade:  Printeri kiire kinnitus ja vabasttusmehhanism  Hoidik disainitud, et oleks liigp\u00e4\u00e4s printeri nuppudele, ekraanile ja paberirullile B suuruseg liigend v\u00f5imaldab seadistada endale sobiv seadme paigaldusnurk  Valmistatud \u00fclitugevatest komposiitidest, mis tagavad vastupidavuse ja t\u00f6\u00f6kindluse ka k\u00f5ige n\u00f5udlikumates keskkondades T  agatud eluaegse garantiiga  Muu info:   B suurus","og_url":"https:\/\/anelto.eu\/toode\/ram-drill-down-kinnitus-koos-printerihoidikuga-toshiba-ep4-printerile\/","og_site_name":"Anelto - t\u00f6\u00f6ruumi efektiivsus","article_modified_time":"2021-05-21T08:33:38+00:00","og_image":[{"width":1117,"height":1200,"url":"https:\/\/anelto.eu\/wp-content\/uploads\/2021\/02\/RAM-VPR-105T-B-1.jpg","type":"image\/jpeg"}],"twitter_card":"summary_large_image","schema":{"@context":"https:\/\/schema.org","@graph":[{"@type":"WebPage","@id":"https:\/\/anelto.eu\/toode\/ram-drill-down-kinnitus-koos-printerihoidikuga-toshiba-ep4-printerile\/","url":"https:\/\/anelto.eu\/toode\/ram-drill-down-kinnitus-koos-printerihoidikuga-toshiba-ep4-printerile\/","name":"RAM\u00ae Drill-Down kinnitus koos printerihoidikuga Toshiba EP4 printerile - Anelto - t\u00f6\u00f6ruumi efektiivsus","isPartOf":{"@id":"https:\/\/anelto.eu\/#website"},"primaryImageOfPage":{"@id":"https:\/\/anelto.eu\/toode\/ram-drill-down-kinnitus-koos-printerihoidikuga-toshiba-ep4-printerile\/#primaryimage"},"image":{"@id":"https:\/\/anelto.eu\/toode\/ram-drill-down-kinnitus-koos-printerihoidikuga-toshiba-ep4-printerile\/#primaryimage"},"thumbnailUrl":"https:\/\/anelto.eu\/wp-content\/uploads\/2021\/02\/RAM-VPR-105T-B-1.jpg","datePublished":"2021-02-11T15:27:03+00:00","dateModified":"2021-05-21T08:33:38+00:00","breadcrumb":{"@id":"https:\/\/anelto.eu\/toode\/ram-drill-down-kinnitus-koos-printerihoidikuga-toshiba-ep4-printerile\/#breadcrumb"},"inLanguage":"en-US","potentialAction":[{"@type":"ReadAction","target":["https:\/\/anelto.eu\/toode\/ram-drill-down-kinnitus-koos-printerihoidikuga-toshiba-ep4-printerile\/"]}]},{"@type":"ImageObject","inLanguage":"en-US","@id":"https:\/\/anelto.eu\/toode\/ram-drill-down-kinnitus-koos-printerihoidikuga-toshiba-ep4-printerile\/#primaryimage","url":"https:\/\/anelto.eu\/wp-content\/uploads\/2021\/02\/RAM-VPR-105T-B-1.jpg","contentUrl":"https:\/\/anelto.eu\/wp-content\/uploads\/2021\/02\/RAM-VPR-105T-B-1.jpg","width":1117,"height":1200},{"@type":"BreadcrumbList","@id":"https:\/\/anelto.eu\/toode\/ram-drill-down-kinnitus-koos-printerihoidikuga-toshiba-ep4-printerile\/#breadcrumb","itemListElement":[{"@type":"ListItem","position":1,"name":"Avaleht","item":"https:\/\/anelto.eu\/"},{"@type":"ListItem","position":2,"name":"Valdkonnad","item":"https:\/\/anelto.eu\/valdkonnad\/"},{"@type":"ListItem","position":3,"name":"Printerite ja skannerite kinnitused","item":"https:\/\/anelto.eu\/tootekategooria\/printerite-skaneerite-kinnitused\/"},{"@type":"ListItem","position":4,"name":"RAM\u00ae Drill-Down kinnitus koos printerihoidikuga Toshiba EP4 printerile"}]},{"@type":"WebSite","@id":"https:\/\/anelto.eu\/#website","url":"https:\/\/anelto.eu\/","name":"Anelto - t\u00f6\u00f6ruumi efektiivsus","description":"Ergonoomiline t\u00f6\u00f6keskkond ja kinnituslahendused!","publisher":{"@id":"https:\/\/anelto.eu\/#organization"},"potentialAction":[{"@type":"SearchAction","target":{"@type":"EntryPoint","urlTemplate":"https:\/\/anelto.eu\/?s={search_term_string}"},"query-input":{"@type":"PropertyValueSpecification","valueRequired":true,"valueName":"search_term_string"}}],"inLanguage":"en-US"},{"@type":"Organization","@id":"https:\/\/anelto.eu\/#organization","name":"Anelto","url":"https:\/\/anelto.eu\/","logo":{"@type":"ImageObject","inLanguage":"en-US","@id":"https:\/\/anelto.eu\/#\/schema\/logo\/image\/","url":"https:\/\/anelto.eu\/wp-content\/uploads\/2020\/06\/Picture1.png","contentUrl":"https:\/\/anelto.eu\/wp-content\/uploads\/2020\/06\/Picture1.png","width":615,"height":331,"caption":"Anelto"},"image":{"@id":"https:\/\/anelto.eu\/#\/schema\/logo\/image\/"}}]}},"_links":{"self":[{"href":"https:\/\/anelto.eu\/en\/wp-json\/wp\/v2\/product\/4233","targetHints":{"allow":["GET"]}}],"collection":[{"href":"https:\/\/anelto.eu\/en\/wp-json\/wp\/v2\/product"}],"about":[{"href":"https:\/\/anelto.eu\/en\/wp-json\/wp\/v2\/types\/product"}],"replies":[{"embeddable":true,"href":"https:\/\/anelto.eu\/en\/wp-json\/wp\/v2\/comments?post=4233"}],"wp:featuredmedia":[{"embeddable":true,"href":"https:\/\/anelto.eu\/en\/wp-json\/wp\/v2\/media\/4235"}],"wp:attachment":[{"href":"https:\/\/anelto.eu\/en\/wp-json\/wp\/v2\/media?parent=4233"}],"wp:term":[{"taxonomy":"product_cat","embeddable":true,"href":"https:\/\/anelto.eu\/en\/wp-json\/wp\/v2\/product_cat?post=4233"},{"taxonomy":"product_tag","embeddable":true,"href":"https:\/\/anelto.eu\/en\/wp-json\/wp\/v2\/product_tag?post=4233"}],"curies":[{"name":"wp","href":"https:\/\/api.w.org\/{rel}","templated":true}]}}