{"id":4185,"date":"2021-02-11T14:01:04","date_gmt":"2021-02-11T14:01:04","guid":{"rendered":"https:\/\/anelto.eu\/?post_type=product&#038;p=4185"},"modified":"2021-05-19T15:26:45","modified_gmt":"2021-05-19T15:26:45","slug":"komponent-ram-korpus-apple-iphone-11-jaoks","status":"publish","type":"product","link":"https:\/\/anelto.eu\/en\/toode\/komponent-ram-korpus-apple-iphone-11-jaoks\/","title":{"rendered":"[KOMPONENT] RAM\u00ae korpus Apple iPhone 11 jaoks"},"content":{"rendered":"","protected":false},"excerpt":{"rendered":"<ul>\n<li>See \u00fclitugev, komposiitmaterjalist korpus on loodud spetsiaalselt Apple iPhone 11 jaoks.<\/li>\n<li>V\u00f5imaldades teie iPhone 11 h\u00f5lpsat \u00fche k\u00e4ega dokkimist ja eemaldamist.<\/li>\n<li>K\u00f5ik nupud, kaamerad, pordid ja k\u00f5larid j\u00e4\u00e4vad avatuks ja ligip\u00e4\u00e4setavateks.<\/li>\n<li>2-auguline kinnitus korpuse tagak\u00fcljel ja lisatud kinnitus v\u00f5imaldab kinnitada paljude teiste RAM\u00ae-komponentidega.<\/li>\n<li>\u00dchildub nii B kui ka C suurusega RAM\u00ae kinnitusetega.<\/li>\n<li>Tagatud eluaegne garantii<\/li>\n<\/ul>\n<p><img loading=\"lazy\" decoding=\"async\" class=\"size-full wp-image-4101 aligncenter\" src=\"https:\/\/anelto.eu\/wp-content\/uploads\/2021\/02\/RAM-pilt.png\" alt=\"\" width=\"300\" height=\"93\" \/><\/p>\n","protected":false},"featured_media":4186,"comment_status":"closed","ping_status":"closed","template":"","meta":{"_acf_changed":false},"product_cat":[81],"product_tag":[],"class_list":{"0":"post-4185","1":"product","2":"type-product","3":"status-publish","4":"has-post-thumbnail","6":"product_cat-mobiiltelefonide-kinnitused","8":"first","9":"instock","10":"shipping-taxable","11":"product-type-simple"},"acf":[],"yoast_head":"<!-- This site is optimized with the Yoast SEO plugin v23.9 - https:\/\/yoast.com\/wordpress\/plugins\/seo\/ -->\n<title>[KOMPONENT] RAM\u00ae korpus Apple iPhone 11 jaoks - Anelto - t\u00f6\u00f6ruumi efektiivsus<\/title>\n<meta name=\"robots\" content=\"index, follow, max-snippet:-1, max-image-preview:large, max-video-preview:-1\" \/>\n<link rel=\"canonical\" href=\"https:\/\/anelto.eu\/toode\/komponent-ram-korpus-apple-iphone-11-jaoks\/\" \/>\n<meta property=\"og:locale\" content=\"en_US\" \/>\n<meta property=\"og:type\" content=\"article\" \/>\n<meta property=\"og:title\" content=\"[KOMPONENT] RAM\u00ae korpus Apple iPhone 11 jaoks - Anelto - t\u00f6\u00f6ruumi efektiivsus\" \/>\n<meta property=\"og:description\" content=\"See \u00fclitugev, komposiitmaterjalist korpus on loodud spetsiaalselt Apple iPhone 11 jaoks.  V\u00f5imaldades teie iPhone 11 h\u00f5lpsat \u00fche k\u00e4ega dokkimist ja eemaldamist.  K\u00f5ik nupud, kaamerad, pordid ja k\u00f5larid j\u00e4\u00e4vad avatuks ja ligip\u00e4\u00e4setavateks.  2-auguline kinnitus korpuse tagak\u00fcljel ja lisatud kinnitus v\u00f5imaldab kinnitada paljude teiste RAM\u00ae-komponentidega.  \u00dchildub nii B kui ka C suurusega RAM\u00ae kinnitusetega.  Tagatud eluaegne garantii\" \/>\n<meta property=\"og:url\" content=\"https:\/\/anelto.eu\/toode\/komponent-ram-korpus-apple-iphone-11-jaoks\/\" \/>\n<meta property=\"og:site_name\" content=\"Anelto - t\u00f6\u00f6ruumi efektiivsus\" \/>\n<meta property=\"article:modified_time\" content=\"2021-05-19T15:26:45+00:00\" \/>\n<meta property=\"og:image\" content=\"https:\/\/anelto.eu\/wp-content\/uploads\/2021\/02\/RAM-HOL-AP28UIU2.jpg\" \/>\n\t<meta property=\"og:image:width\" content=\"800\" \/>\n\t<meta property=\"og:image:height\" content=\"800\" \/>\n\t<meta property=\"og:image:type\" content=\"image\/jpeg\" \/>\n<meta name=\"twitter:card\" content=\"summary_large_image\" \/>\n<script type=\"application\/ld+json\" class=\"yoast-schema-graph\">{\"@context\":\"https:\/\/schema.org\",\"@graph\":[{\"@type\":\"WebPage\",\"@id\":\"https:\/\/anelto.eu\/toode\/komponent-ram-korpus-apple-iphone-11-jaoks\/\",\"url\":\"https:\/\/anelto.eu\/toode\/komponent-ram-korpus-apple-iphone-11-jaoks\/\",\"name\":\"[KOMPONENT] RAM\u00ae korpus Apple iPhone 11 jaoks - Anelto - t\u00f6\u00f6ruumi efektiivsus\",\"isPartOf\":{\"@id\":\"https:\/\/anelto.eu\/#website\"},\"primaryImageOfPage\":{\"@id\":\"https:\/\/anelto.eu\/toode\/komponent-ram-korpus-apple-iphone-11-jaoks\/#primaryimage\"},\"image\":{\"@id\":\"https:\/\/anelto.eu\/toode\/komponent-ram-korpus-apple-iphone-11-jaoks\/#primaryimage\"},\"thumbnailUrl\":\"https:\/\/anelto.eu\/wp-content\/uploads\/2021\/02\/RAM-HOL-AP28UIU2.jpg\",\"datePublished\":\"2021-02-11T14:01:04+00:00\",\"dateModified\":\"2021-05-19T15:26:45+00:00\",\"breadcrumb\":{\"@id\":\"https:\/\/anelto.eu\/toode\/komponent-ram-korpus-apple-iphone-11-jaoks\/#breadcrumb\"},\"inLanguage\":\"en-US\",\"potentialAction\":[{\"@type\":\"ReadAction\",\"target\":[\"https:\/\/anelto.eu\/toode\/komponent-ram-korpus-apple-iphone-11-jaoks\/\"]}]},{\"@type\":\"ImageObject\",\"inLanguage\":\"en-US\",\"@id\":\"https:\/\/anelto.eu\/toode\/komponent-ram-korpus-apple-iphone-11-jaoks\/#primaryimage\",\"url\":\"https:\/\/anelto.eu\/wp-content\/uploads\/2021\/02\/RAM-HOL-AP28UIU2.jpg\",\"contentUrl\":\"https:\/\/anelto.eu\/wp-content\/uploads\/2021\/02\/RAM-HOL-AP28UIU2.jpg\",\"width\":800,\"height\":800},{\"@type\":\"BreadcrumbList\",\"@id\":\"https:\/\/anelto.eu\/toode\/komponent-ram-korpus-apple-iphone-11-jaoks\/#breadcrumb\",\"itemListElement\":[{\"@type\":\"ListItem\",\"position\":1,\"name\":\"Avaleht\",\"item\":\"https:\/\/anelto.eu\/\"},{\"@type\":\"ListItem\",\"position\":2,\"name\":\"Valdkonnad\",\"item\":\"https:\/\/anelto.eu\/valdkonnad\/\"},{\"@type\":\"ListItem\",\"position\":3,\"name\":\"Mobiiltelefonide kinnitused\",\"item\":\"https:\/\/anelto.eu\/tootekategooria\/mobiiltelefonide-kinnitused\/\"},{\"@type\":\"ListItem\",\"position\":4,\"name\":\"[KOMPONENT] RAM\u00ae korpus Apple iPhone 11 jaoks\"}]},{\"@type\":\"WebSite\",\"@id\":\"https:\/\/anelto.eu\/#website\",\"url\":\"https:\/\/anelto.eu\/\",\"name\":\"Anelto - t\u00f6\u00f6ruumi efektiivsus\",\"description\":\"Ergonoomiline t\u00f6\u00f6keskkond ja kinnituslahendused!\",\"publisher\":{\"@id\":\"https:\/\/anelto.eu\/#organization\"},\"potentialAction\":[{\"@type\":\"SearchAction\",\"target\":{\"@type\":\"EntryPoint\",\"urlTemplate\":\"https:\/\/anelto.eu\/?s={search_term_string}\"},\"query-input\":{\"@type\":\"PropertyValueSpecification\",\"valueRequired\":true,\"valueName\":\"search_term_string\"}}],\"inLanguage\":\"en-US\"},{\"@type\":\"Organization\",\"@id\":\"https:\/\/anelto.eu\/#organization\",\"name\":\"Anelto\",\"url\":\"https:\/\/anelto.eu\/\",\"logo\":{\"@type\":\"ImageObject\",\"inLanguage\":\"en-US\",\"@id\":\"https:\/\/anelto.eu\/#\/schema\/logo\/image\/\",\"url\":\"https:\/\/anelto.eu\/wp-content\/uploads\/2020\/06\/Picture1.png\",\"contentUrl\":\"https:\/\/anelto.eu\/wp-content\/uploads\/2020\/06\/Picture1.png\",\"width\":615,\"height\":331,\"caption\":\"Anelto\"},\"image\":{\"@id\":\"https:\/\/anelto.eu\/#\/schema\/logo\/image\/\"}}]}<\/script>\n<!-- \/ Yoast SEO plugin. -->","yoast_head_json":{"title":"[KOMPONENT] RAM\u00ae korpus Apple iPhone 11 jaoks - Anelto - t\u00f6\u00f6ruumi efektiivsus","robots":{"index":"index","follow":"follow","max-snippet":"max-snippet:-1","max-image-preview":"max-image-preview:large","max-video-preview":"max-video-preview:-1"},"canonical":"https:\/\/anelto.eu\/toode\/komponent-ram-korpus-apple-iphone-11-jaoks\/","og_locale":"en_US","og_type":"article","og_title":"[KOMPONENT] RAM\u00ae korpus Apple iPhone 11 jaoks - Anelto - t\u00f6\u00f6ruumi efektiivsus","og_description":"See \u00fclitugev, komposiitmaterjalist korpus on loodud spetsiaalselt Apple iPhone 11 jaoks.  V\u00f5imaldades teie iPhone 11 h\u00f5lpsat \u00fche k\u00e4ega dokkimist ja eemaldamist.  K\u00f5ik nupud, kaamerad, pordid ja k\u00f5larid j\u00e4\u00e4vad avatuks ja ligip\u00e4\u00e4setavateks.  2-auguline kinnitus korpuse tagak\u00fcljel ja lisatud kinnitus v\u00f5imaldab kinnitada paljude teiste RAM\u00ae-komponentidega.  \u00dchildub nii B kui ka C suurusega RAM\u00ae kinnitusetega.  Tagatud eluaegne garantii","og_url":"https:\/\/anelto.eu\/toode\/komponent-ram-korpus-apple-iphone-11-jaoks\/","og_site_name":"Anelto - t\u00f6\u00f6ruumi efektiivsus","article_modified_time":"2021-05-19T15:26:45+00:00","og_image":[{"width":800,"height":800,"url":"https:\/\/anelto.eu\/wp-content\/uploads\/2021\/02\/RAM-HOL-AP28UIU2.jpg","type":"image\/jpeg"}],"twitter_card":"summary_large_image","schema":{"@context":"https:\/\/schema.org","@graph":[{"@type":"WebPage","@id":"https:\/\/anelto.eu\/toode\/komponent-ram-korpus-apple-iphone-11-jaoks\/","url":"https:\/\/anelto.eu\/toode\/komponent-ram-korpus-apple-iphone-11-jaoks\/","name":"[KOMPONENT] RAM\u00ae korpus Apple iPhone 11 jaoks - Anelto - t\u00f6\u00f6ruumi efektiivsus","isPartOf":{"@id":"https:\/\/anelto.eu\/#website"},"primaryImageOfPage":{"@id":"https:\/\/anelto.eu\/toode\/komponent-ram-korpus-apple-iphone-11-jaoks\/#primaryimage"},"image":{"@id":"https:\/\/anelto.eu\/toode\/komponent-ram-korpus-apple-iphone-11-jaoks\/#primaryimage"},"thumbnailUrl":"https:\/\/anelto.eu\/wp-content\/uploads\/2021\/02\/RAM-HOL-AP28UIU2.jpg","datePublished":"2021-02-11T14:01:04+00:00","dateModified":"2021-05-19T15:26:45+00:00","breadcrumb":{"@id":"https:\/\/anelto.eu\/toode\/komponent-ram-korpus-apple-iphone-11-jaoks\/#breadcrumb"},"inLanguage":"en-US","potentialAction":[{"@type":"ReadAction","target":["https:\/\/anelto.eu\/toode\/komponent-ram-korpus-apple-iphone-11-jaoks\/"]}]},{"@type":"ImageObject","inLanguage":"en-US","@id":"https:\/\/anelto.eu\/toode\/komponent-ram-korpus-apple-iphone-11-jaoks\/#primaryimage","url":"https:\/\/anelto.eu\/wp-content\/uploads\/2021\/02\/RAM-HOL-AP28UIU2.jpg","contentUrl":"https:\/\/anelto.eu\/wp-content\/uploads\/2021\/02\/RAM-HOL-AP28UIU2.jpg","width":800,"height":800},{"@type":"BreadcrumbList","@id":"https:\/\/anelto.eu\/toode\/komponent-ram-korpus-apple-iphone-11-jaoks\/#breadcrumb","itemListElement":[{"@type":"ListItem","position":1,"name":"Avaleht","item":"https:\/\/anelto.eu\/"},{"@type":"ListItem","position":2,"name":"Valdkonnad","item":"https:\/\/anelto.eu\/valdkonnad\/"},{"@type":"ListItem","position":3,"name":"Mobiiltelefonide kinnitused","item":"https:\/\/anelto.eu\/tootekategooria\/mobiiltelefonide-kinnitused\/"},{"@type":"ListItem","position":4,"name":"[KOMPONENT] RAM\u00ae korpus Apple iPhone 11 jaoks"}]},{"@type":"WebSite","@id":"https:\/\/anelto.eu\/#website","url":"https:\/\/anelto.eu\/","name":"Anelto - t\u00f6\u00f6ruumi efektiivsus","description":"Ergonoomiline t\u00f6\u00f6keskkond ja kinnituslahendused!","publisher":{"@id":"https:\/\/anelto.eu\/#organization"},"potentialAction":[{"@type":"SearchAction","target":{"@type":"EntryPoint","urlTemplate":"https:\/\/anelto.eu\/?s={search_term_string}"},"query-input":{"@type":"PropertyValueSpecification","valueRequired":true,"valueName":"search_term_string"}}],"inLanguage":"en-US"},{"@type":"Organization","@id":"https:\/\/anelto.eu\/#organization","name":"Anelto","url":"https:\/\/anelto.eu\/","logo":{"@type":"ImageObject","inLanguage":"en-US","@id":"https:\/\/anelto.eu\/#\/schema\/logo\/image\/","url":"https:\/\/anelto.eu\/wp-content\/uploads\/2020\/06\/Picture1.png","contentUrl":"https:\/\/anelto.eu\/wp-content\/uploads\/2020\/06\/Picture1.png","width":615,"height":331,"caption":"Anelto"},"image":{"@id":"https:\/\/anelto.eu\/#\/schema\/logo\/image\/"}}]}},"_links":{"self":[{"href":"https:\/\/anelto.eu\/en\/wp-json\/wp\/v2\/product\/4185","targetHints":{"allow":["GET"]}}],"collection":[{"href":"https:\/\/anelto.eu\/en\/wp-json\/wp\/v2\/product"}],"about":[{"href":"https:\/\/anelto.eu\/en\/wp-json\/wp\/v2\/types\/product"}],"replies":[{"embeddable":true,"href":"https:\/\/anelto.eu\/en\/wp-json\/wp\/v2\/comments?post=4185"}],"wp:featuredmedia":[{"embeddable":true,"href":"https:\/\/anelto.eu\/en\/wp-json\/wp\/v2\/media\/4186"}],"wp:attachment":[{"href":"https:\/\/anelto.eu\/en\/wp-json\/wp\/v2\/media?parent=4185"}],"wp:term":[{"taxonomy":"product_cat","embeddable":true,"href":"https:\/\/anelto.eu\/en\/wp-json\/wp\/v2\/product_cat?post=4185"},{"taxonomy":"product_tag","embeddable":true,"href":"https:\/\/anelto.eu\/en\/wp-json\/wp\/v2\/product_tag?post=4185"}],"curies":[{"name":"wp","href":"https:\/\/api.w.org\/{rel}","templated":true}]}}