{"id":4174,"date":"2021-02-11T13:53:51","date_gmt":"2021-02-11T13:53:51","guid":{"rendered":"https:\/\/anelto.eu\/?post_type=product&#038;p=4174"},"modified":"2021-02-11T14:00:36","modified_gmt":"2021-02-11T14:00:36","slug":"monitori-kinnitus-klaveri-alus-antimikroobse-kattega-seinakinnitus","status":"publish","type":"product","link":"https:\/\/anelto.eu\/en\/toode\/monitori-kinnitus-klaveri-alus-antimikroobse-kattega-seinakinnitus\/","title":{"rendered":"Monitori kinnitus, klaveri alus, antimikroobse kattega, seinakinnitus"},"content":{"rendered":"","protected":false},"excerpt":{"rendered":"<ul>\n<li>Antimikroobne pinnakate, sobilik tervishoiu keskkonda<\/li>\n<li>Kolme liigendipunktiga, paindlik liikumisulatus<\/li>\n<li>Pingutuseta vedrutoega k\u00f5rguse reguleerimine<\/li>\n<li>Suure suurusega integreeritud klaviatuurialus, millel on pehme randmepolster<\/li>\n<li>Hiirepadi koos hiirehoidikuga<\/li>\n<li>Horisontaalpaigutusega ekraani k\u00f5rguse ja kalde reguleerimine, rotatsioon 360 kraddi<\/li>\n<li>Kaablite haldus, peidetud kaablid<\/li>\n<li>Seina vastu kokku pakitav ruumi s\u00e4\u00e4stmiseks, kui ei ole kasutusel<\/li>\n<li>Hiire ja telefoni hoidikud monitori kinnitusposti k\u00fclgedel<\/li>\n<\/ul>\n<p><strong>Muu info:<\/strong><\/p>\n<ul>\n<li>VESA 75&#215;75, 100&#215;100<\/li>\n<li>Kalde reguleerimine 5 \u00b0 allapoole ja 35 \u00b0 \u00fclespoole<\/li>\n<li>Kandev\u00f5ime: kuni 8 kg<\/li>\n<\/ul>\n<p style=\"text-align: center;\"><img loading=\"lazy\" decoding=\"async\" class=\"alignnone size-full wp-image-4106\" src=\"https:\/\/anelto.eu\/wp-content\/uploads\/2021\/02\/weffy_logo-300x130-1.png\" alt=\"\" width=\"300\" height=\"130\" \/><\/p>\n","protected":false},"featured_media":4175,"comment_status":"closed","ping_status":"closed","template":"","meta":{"_acf_changed":false},"product_cat":[79],"product_tag":[],"class_list":{"0":"post-4174","1":"product","2":"type-product","3":"status-publish","4":"has-post-thumbnail","6":"product_cat-meditsiinsedmete-kinnitused","8":"first","9":"instock","10":"shipping-taxable","11":"product-type-simple"},"acf":[],"yoast_head":"<!-- This site is optimized with the Yoast SEO plugin v23.9 - https:\/\/yoast.com\/wordpress\/plugins\/seo\/ -->\n<title>Monitori kinnitus, klaveri alus, antimikroobse kattega, seinakinnitus - Anelto - t\u00f6\u00f6ruumi efektiivsus<\/title>\n<meta name=\"robots\" content=\"index, follow, max-snippet:-1, max-image-preview:large, max-video-preview:-1\" \/>\n<link rel=\"canonical\" href=\"https:\/\/anelto.eu\/toode\/monitori-kinnitus-klaveri-alus-antimikroobse-kattega-seinakinnitus\/\" \/>\n<meta property=\"og:locale\" content=\"en_US\" \/>\n<meta property=\"og:type\" content=\"article\" \/>\n<meta property=\"og:title\" content=\"Monitori kinnitus, klaveri alus, antimikroobse kattega, seinakinnitus - Anelto - t\u00f6\u00f6ruumi efektiivsus\" \/>\n<meta property=\"og:description\" content=\"Antimikroobne pinnakate, sobilik tervishoiu keskkonda  Kolme liigendipunktiga, paindlik liikumisulatus  Pingutuseta vedrutoega k\u00f5rguse reguleerimine  Suure suurusega integreeritud klaviatuurialus, millel on pehme randmepolster  Hiirepadi koos hiirehoidikuga  Horisontaalpaigutusega ekraani k\u00f5rguse ja kalde reguleerimine, rotatsioon 360 kraddi  Kaablite haldus, peidetud kaablid  Seina vastu kokku pakitav ruumi s\u00e4\u00e4stmiseks, kui ei ole kasutusel  Hiire ja telefoni hoidikud monitori kinnitusposti k\u00fclgedel  Muu info:   VESA 75x75, 100x100  Kalde reguleerimine 5 \u00b0 allapoole ja 35 \u00b0 \u00fclespoole  Kandev\u00f5ime: kuni 8 kg\" \/>\n<meta property=\"og:url\" content=\"https:\/\/anelto.eu\/toode\/monitori-kinnitus-klaveri-alus-antimikroobse-kattega-seinakinnitus\/\" \/>\n<meta property=\"og:site_name\" content=\"Anelto - t\u00f6\u00f6ruumi efektiivsus\" \/>\n<meta property=\"article:modified_time\" content=\"2021-02-11T14:00:36+00:00\" \/>\n<meta property=\"og:image\" content=\"https:\/\/anelto.eu\/wp-content\/uploads\/2021\/02\/Atdec_A-STSWW-A-image-01.jpg\" \/>\n\t<meta property=\"og:image:width\" content=\"1024\" \/>\n\t<meta property=\"og:image:height\" content=\"768\" \/>\n\t<meta property=\"og:image:type\" content=\"image\/jpeg\" \/>\n<meta name=\"twitter:card\" content=\"summary_large_image\" \/>\n<script type=\"application\/ld+json\" class=\"yoast-schema-graph\">{\"@context\":\"https:\/\/schema.org\",\"@graph\":[{\"@type\":\"WebPage\",\"@id\":\"https:\/\/anelto.eu\/toode\/monitori-kinnitus-klaveri-alus-antimikroobse-kattega-seinakinnitus\/\",\"url\":\"https:\/\/anelto.eu\/toode\/monitori-kinnitus-klaveri-alus-antimikroobse-kattega-seinakinnitus\/\",\"name\":\"Monitori kinnitus, klaveri alus, antimikroobse kattega, seinakinnitus - Anelto - t\u00f6\u00f6ruumi efektiivsus\",\"isPartOf\":{\"@id\":\"https:\/\/anelto.eu\/#website\"},\"primaryImageOfPage\":{\"@id\":\"https:\/\/anelto.eu\/toode\/monitori-kinnitus-klaveri-alus-antimikroobse-kattega-seinakinnitus\/#primaryimage\"},\"image\":{\"@id\":\"https:\/\/anelto.eu\/toode\/monitori-kinnitus-klaveri-alus-antimikroobse-kattega-seinakinnitus\/#primaryimage\"},\"thumbnailUrl\":\"https:\/\/anelto.eu\/wp-content\/uploads\/2021\/02\/Atdec_A-STSWW-A-image-01.jpg\",\"datePublished\":\"2021-02-11T13:53:51+00:00\",\"dateModified\":\"2021-02-11T14:00:36+00:00\",\"breadcrumb\":{\"@id\":\"https:\/\/anelto.eu\/toode\/monitori-kinnitus-klaveri-alus-antimikroobse-kattega-seinakinnitus\/#breadcrumb\"},\"inLanguage\":\"en-US\",\"potentialAction\":[{\"@type\":\"ReadAction\",\"target\":[\"https:\/\/anelto.eu\/toode\/monitori-kinnitus-klaveri-alus-antimikroobse-kattega-seinakinnitus\/\"]}]},{\"@type\":\"ImageObject\",\"inLanguage\":\"en-US\",\"@id\":\"https:\/\/anelto.eu\/toode\/monitori-kinnitus-klaveri-alus-antimikroobse-kattega-seinakinnitus\/#primaryimage\",\"url\":\"https:\/\/anelto.eu\/wp-content\/uploads\/2021\/02\/Atdec_A-STSWW-A-image-01.jpg\",\"contentUrl\":\"https:\/\/anelto.eu\/wp-content\/uploads\/2021\/02\/Atdec_A-STSWW-A-image-01.jpg\",\"width\":1024,\"height\":768},{\"@type\":\"BreadcrumbList\",\"@id\":\"https:\/\/anelto.eu\/toode\/monitori-kinnitus-klaveri-alus-antimikroobse-kattega-seinakinnitus\/#breadcrumb\",\"itemListElement\":[{\"@type\":\"ListItem\",\"position\":1,\"name\":\"Avaleht\",\"item\":\"https:\/\/anelto.eu\/\"},{\"@type\":\"ListItem\",\"position\":2,\"name\":\"Valdkonnad\",\"item\":\"https:\/\/anelto.eu\/valdkonnad\/\"},{\"@type\":\"ListItem\",\"position\":3,\"name\":\"Meditsiinseadmete kinnitused\",\"item\":\"https:\/\/anelto.eu\/tootekategooria\/meditsiinsedmete-kinnitused\/\"},{\"@type\":\"ListItem\",\"position\":4,\"name\":\"Monitori kinnitus, klaveri alus, antimikroobse kattega, seinakinnitus\"}]},{\"@type\":\"WebSite\",\"@id\":\"https:\/\/anelto.eu\/#website\",\"url\":\"https:\/\/anelto.eu\/\",\"name\":\"Anelto - t\u00f6\u00f6ruumi efektiivsus\",\"description\":\"Ergonoomiline t\u00f6\u00f6keskkond ja kinnituslahendused!\",\"publisher\":{\"@id\":\"https:\/\/anelto.eu\/#organization\"},\"potentialAction\":[{\"@type\":\"SearchAction\",\"target\":{\"@type\":\"EntryPoint\",\"urlTemplate\":\"https:\/\/anelto.eu\/?s={search_term_string}\"},\"query-input\":{\"@type\":\"PropertyValueSpecification\",\"valueRequired\":true,\"valueName\":\"search_term_string\"}}],\"inLanguage\":\"en-US\"},{\"@type\":\"Organization\",\"@id\":\"https:\/\/anelto.eu\/#organization\",\"name\":\"Anelto\",\"url\":\"https:\/\/anelto.eu\/\",\"logo\":{\"@type\":\"ImageObject\",\"inLanguage\":\"en-US\",\"@id\":\"https:\/\/anelto.eu\/#\/schema\/logo\/image\/\",\"url\":\"https:\/\/anelto.eu\/wp-content\/uploads\/2020\/06\/Picture1.png\",\"contentUrl\":\"https:\/\/anelto.eu\/wp-content\/uploads\/2020\/06\/Picture1.png\",\"width\":615,\"height\":331,\"caption\":\"Anelto\"},\"image\":{\"@id\":\"https:\/\/anelto.eu\/#\/schema\/logo\/image\/\"}}]}<\/script>\n<!-- \/ Yoast SEO plugin. -->","yoast_head_json":{"title":"Monitori kinnitus, klaveri alus, antimikroobse kattega, seinakinnitus - Anelto - t\u00f6\u00f6ruumi efektiivsus","robots":{"index":"index","follow":"follow","max-snippet":"max-snippet:-1","max-image-preview":"max-image-preview:large","max-video-preview":"max-video-preview:-1"},"canonical":"https:\/\/anelto.eu\/toode\/monitori-kinnitus-klaveri-alus-antimikroobse-kattega-seinakinnitus\/","og_locale":"en_US","og_type":"article","og_title":"Monitori kinnitus, klaveri alus, antimikroobse kattega, seinakinnitus - Anelto - t\u00f6\u00f6ruumi efektiivsus","og_description":"Antimikroobne pinnakate, sobilik tervishoiu keskkonda  Kolme liigendipunktiga, paindlik liikumisulatus  Pingutuseta vedrutoega k\u00f5rguse reguleerimine  Suure suurusega integreeritud klaviatuurialus, millel on pehme randmepolster  Hiirepadi koos hiirehoidikuga  Horisontaalpaigutusega ekraani k\u00f5rguse ja kalde reguleerimine, rotatsioon 360 kraddi  Kaablite haldus, peidetud kaablid  Seina vastu kokku pakitav ruumi s\u00e4\u00e4stmiseks, kui ei ole kasutusel  Hiire ja telefoni hoidikud monitori kinnitusposti k\u00fclgedel  Muu info:   VESA 75x75, 100x100  Kalde reguleerimine 5 \u00b0 allapoole ja 35 \u00b0 \u00fclespoole  Kandev\u00f5ime: kuni 8 kg","og_url":"https:\/\/anelto.eu\/toode\/monitori-kinnitus-klaveri-alus-antimikroobse-kattega-seinakinnitus\/","og_site_name":"Anelto - t\u00f6\u00f6ruumi efektiivsus","article_modified_time":"2021-02-11T14:00:36+00:00","og_image":[{"width":1024,"height":768,"url":"https:\/\/anelto.eu\/wp-content\/uploads\/2021\/02\/Atdec_A-STSWW-A-image-01.jpg","type":"image\/jpeg"}],"twitter_card":"summary_large_image","schema":{"@context":"https:\/\/schema.org","@graph":[{"@type":"WebPage","@id":"https:\/\/anelto.eu\/toode\/monitori-kinnitus-klaveri-alus-antimikroobse-kattega-seinakinnitus\/","url":"https:\/\/anelto.eu\/toode\/monitori-kinnitus-klaveri-alus-antimikroobse-kattega-seinakinnitus\/","name":"Monitori kinnitus, klaveri alus, antimikroobse kattega, seinakinnitus - Anelto - t\u00f6\u00f6ruumi efektiivsus","isPartOf":{"@id":"https:\/\/anelto.eu\/#website"},"primaryImageOfPage":{"@id":"https:\/\/anelto.eu\/toode\/monitori-kinnitus-klaveri-alus-antimikroobse-kattega-seinakinnitus\/#primaryimage"},"image":{"@id":"https:\/\/anelto.eu\/toode\/monitori-kinnitus-klaveri-alus-antimikroobse-kattega-seinakinnitus\/#primaryimage"},"thumbnailUrl":"https:\/\/anelto.eu\/wp-content\/uploads\/2021\/02\/Atdec_A-STSWW-A-image-01.jpg","datePublished":"2021-02-11T13:53:51+00:00","dateModified":"2021-02-11T14:00:36+00:00","breadcrumb":{"@id":"https:\/\/anelto.eu\/toode\/monitori-kinnitus-klaveri-alus-antimikroobse-kattega-seinakinnitus\/#breadcrumb"},"inLanguage":"en-US","potentialAction":[{"@type":"ReadAction","target":["https:\/\/anelto.eu\/toode\/monitori-kinnitus-klaveri-alus-antimikroobse-kattega-seinakinnitus\/"]}]},{"@type":"ImageObject","inLanguage":"en-US","@id":"https:\/\/anelto.eu\/toode\/monitori-kinnitus-klaveri-alus-antimikroobse-kattega-seinakinnitus\/#primaryimage","url":"https:\/\/anelto.eu\/wp-content\/uploads\/2021\/02\/Atdec_A-STSWW-A-image-01.jpg","contentUrl":"https:\/\/anelto.eu\/wp-content\/uploads\/2021\/02\/Atdec_A-STSWW-A-image-01.jpg","width":1024,"height":768},{"@type":"BreadcrumbList","@id":"https:\/\/anelto.eu\/toode\/monitori-kinnitus-klaveri-alus-antimikroobse-kattega-seinakinnitus\/#breadcrumb","itemListElement":[{"@type":"ListItem","position":1,"name":"Avaleht","item":"https:\/\/anelto.eu\/"},{"@type":"ListItem","position":2,"name":"Valdkonnad","item":"https:\/\/anelto.eu\/valdkonnad\/"},{"@type":"ListItem","position":3,"name":"Meditsiinseadmete kinnitused","item":"https:\/\/anelto.eu\/tootekategooria\/meditsiinsedmete-kinnitused\/"},{"@type":"ListItem","position":4,"name":"Monitori kinnitus, klaveri alus, antimikroobse kattega, seinakinnitus"}]},{"@type":"WebSite","@id":"https:\/\/anelto.eu\/#website","url":"https:\/\/anelto.eu\/","name":"Anelto - t\u00f6\u00f6ruumi efektiivsus","description":"Ergonoomiline t\u00f6\u00f6keskkond ja kinnituslahendused!","publisher":{"@id":"https:\/\/anelto.eu\/#organization"},"potentialAction":[{"@type":"SearchAction","target":{"@type":"EntryPoint","urlTemplate":"https:\/\/anelto.eu\/?s={search_term_string}"},"query-input":{"@type":"PropertyValueSpecification","valueRequired":true,"valueName":"search_term_string"}}],"inLanguage":"en-US"},{"@type":"Organization","@id":"https:\/\/anelto.eu\/#organization","name":"Anelto","url":"https:\/\/anelto.eu\/","logo":{"@type":"ImageObject","inLanguage":"en-US","@id":"https:\/\/anelto.eu\/#\/schema\/logo\/image\/","url":"https:\/\/anelto.eu\/wp-content\/uploads\/2020\/06\/Picture1.png","contentUrl":"https:\/\/anelto.eu\/wp-content\/uploads\/2020\/06\/Picture1.png","width":615,"height":331,"caption":"Anelto"},"image":{"@id":"https:\/\/anelto.eu\/#\/schema\/logo\/image\/"}}]}},"_links":{"self":[{"href":"https:\/\/anelto.eu\/en\/wp-json\/wp\/v2\/product\/4174","targetHints":{"allow":["GET"]}}],"collection":[{"href":"https:\/\/anelto.eu\/en\/wp-json\/wp\/v2\/product"}],"about":[{"href":"https:\/\/anelto.eu\/en\/wp-json\/wp\/v2\/types\/product"}],"replies":[{"embeddable":true,"href":"https:\/\/anelto.eu\/en\/wp-json\/wp\/v2\/comments?post=4174"}],"wp:featuredmedia":[{"embeddable":true,"href":"https:\/\/anelto.eu\/en\/wp-json\/wp\/v2\/media\/4175"}],"wp:attachment":[{"href":"https:\/\/anelto.eu\/en\/wp-json\/wp\/v2\/media?parent=4174"}],"wp:term":[{"taxonomy":"product_cat","embeddable":true,"href":"https:\/\/anelto.eu\/en\/wp-json\/wp\/v2\/product_cat?post=4174"},{"taxonomy":"product_tag","embeddable":true,"href":"https:\/\/anelto.eu\/en\/wp-json\/wp\/v2\/product_tag?post=4174"}],"curies":[{"name":"wp","href":"https:\/\/api.w.org\/{rel}","templated":true}]}}