{"id":4160,"date":"2021-02-11T12:32:16","date_gmt":"2021-02-11T12:32:16","guid":{"rendered":"https:\/\/anelto.eu\/?post_type=product&#038;p=4160"},"modified":"2021-05-19T14:41:27","modified_gmt":"2021-05-19T14:41:27","slug":"ram-level-cup-joogitopsi-hoidja-poordluku-ja-iminapaga","status":"publish","type":"product","link":"https:\/\/anelto.eu\/en\/toode\/ram-level-cup-joogitopsi-hoidja-poordluku-ja-iminapaga\/","title":{"rendered":"RAM\u00ae Level Cup\u2122 joogitopsi hoidja, p\u00f6\u00f6rdluku ja iminapaga"},"content":{"rendered":"","protected":false},"excerpt":{"rendered":"<ul>\n<li>Tasakaalu ehk p\u00fcstiasendit hoidev joogihoidik koos regulerimishoova ja iminappkinnituseega<\/li>\n<li>\u00dchildub k\u00f5igi tassi, purkide, pudelite v\u00f5i kruusidega l\u00e4bim\u00f5\u00f5duga 2,5 \u201dkuni 3,5\u201d<\/li>\n<li>Valmistatud \u00fclitugevatest komposiitidest, mis tagavad vastupidavuse ja t\u00f6\u00f6kindluse ka k\u00f5ige n\u00f5udlikumates keskkondades<\/li>\n<li>Tagatud eluaegse garantiiga<\/li>\n<\/ul>\n<p><strong>Muu info:<\/strong><\/p>\n<ul>\n<li>B suurus (1 &#8220;)<\/li>\n<\/ul>\n<p><img loading=\"lazy\" decoding=\"async\" class=\"size-full wp-image-4101 aligncenter\" src=\"https:\/\/anelto.eu\/wp-content\/uploads\/2021\/02\/RAM-pilt.png\" alt=\"\" width=\"300\" height=\"93\" \/><\/p>\n","protected":false},"featured_media":4161,"comment_status":"closed","ping_status":"closed","template":"","meta":{"_acf_changed":false},"product_cat":[73],"product_tag":[],"class_list":{"0":"post-4160","1":"product","2":"type-product","3":"status-publish","4":"has-post-thumbnail","6":"product_cat-joogitopside-kinnitused-hoidjad","8":"first","9":"instock","10":"shipping-taxable","11":"product-type-simple"},"acf":[],"yoast_head":"<!-- This site is optimized with the Yoast SEO plugin v23.9 - https:\/\/yoast.com\/wordpress\/plugins\/seo\/ -->\n<title>RAM\u00ae Level Cup\u2122 joogitopsi hoidja, p\u00f6\u00f6rdluku ja iminapaga - Anelto - t\u00f6\u00f6ruumi efektiivsus<\/title>\n<meta name=\"robots\" content=\"index, follow, max-snippet:-1, max-image-preview:large, max-video-preview:-1\" \/>\n<link rel=\"canonical\" href=\"https:\/\/anelto.eu\/toode\/ram-level-cup-joogitopsi-hoidja-poordluku-ja-iminapaga\/\" \/>\n<meta property=\"og:locale\" content=\"en_US\" \/>\n<meta property=\"og:type\" content=\"article\" \/>\n<meta property=\"og:title\" content=\"RAM\u00ae Level Cup\u2122 joogitopsi hoidja, p\u00f6\u00f6rdluku ja iminapaga - Anelto - t\u00f6\u00f6ruumi efektiivsus\" \/>\n<meta property=\"og:description\" content=\"Tasakaalu ehk p\u00fcstiasendit hoidev joogihoidik koos regulerimishoova ja iminappkinnituseega  \u00dchildub k\u00f5igi tassi, purkide, pudelite v\u00f5i kruusidega l\u00e4bim\u00f5\u00f5duga 2,5 \u201dkuni 3,5\u201d  Valmistatud \u00fclitugevatest komposiitidest, mis tagavad vastupidavuse ja t\u00f6\u00f6kindluse ka k\u00f5ige n\u00f5udlikumates keskkondades  Tagatud eluaegse garantiiga  Muu info:   B suurus (1 &quot;)\" \/>\n<meta property=\"og:url\" content=\"https:\/\/anelto.eu\/toode\/ram-level-cup-joogitopsi-hoidja-poordluku-ja-iminapaga\/\" \/>\n<meta property=\"og:site_name\" content=\"Anelto - t\u00f6\u00f6ruumi efektiivsus\" \/>\n<meta property=\"article:modified_time\" content=\"2021-05-19T14:41:27+00:00\" \/>\n<meta property=\"og:image\" content=\"https:\/\/anelto.eu\/wp-content\/uploads\/2021\/02\/RAM-B-132SU.jpg\" \/>\n\t<meta property=\"og:image:width\" content=\"800\" \/>\n\t<meta property=\"og:image:height\" content=\"800\" \/>\n\t<meta property=\"og:image:type\" content=\"image\/jpeg\" \/>\n<meta name=\"twitter:card\" content=\"summary_large_image\" \/>\n<script type=\"application\/ld+json\" class=\"yoast-schema-graph\">{\"@context\":\"https:\/\/schema.org\",\"@graph\":[{\"@type\":\"WebPage\",\"@id\":\"https:\/\/anelto.eu\/toode\/ram-level-cup-joogitopsi-hoidja-poordluku-ja-iminapaga\/\",\"url\":\"https:\/\/anelto.eu\/toode\/ram-level-cup-joogitopsi-hoidja-poordluku-ja-iminapaga\/\",\"name\":\"RAM\u00ae Level Cup\u2122 joogitopsi hoidja, p\u00f6\u00f6rdluku ja iminapaga - Anelto - t\u00f6\u00f6ruumi efektiivsus\",\"isPartOf\":{\"@id\":\"https:\/\/anelto.eu\/#website\"},\"primaryImageOfPage\":{\"@id\":\"https:\/\/anelto.eu\/toode\/ram-level-cup-joogitopsi-hoidja-poordluku-ja-iminapaga\/#primaryimage\"},\"image\":{\"@id\":\"https:\/\/anelto.eu\/toode\/ram-level-cup-joogitopsi-hoidja-poordluku-ja-iminapaga\/#primaryimage\"},\"thumbnailUrl\":\"https:\/\/anelto.eu\/wp-content\/uploads\/2021\/02\/RAM-B-132SU.jpg\",\"datePublished\":\"2021-02-11T12:32:16+00:00\",\"dateModified\":\"2021-05-19T14:41:27+00:00\",\"breadcrumb\":{\"@id\":\"https:\/\/anelto.eu\/toode\/ram-level-cup-joogitopsi-hoidja-poordluku-ja-iminapaga\/#breadcrumb\"},\"inLanguage\":\"en-US\",\"potentialAction\":[{\"@type\":\"ReadAction\",\"target\":[\"https:\/\/anelto.eu\/toode\/ram-level-cup-joogitopsi-hoidja-poordluku-ja-iminapaga\/\"]}]},{\"@type\":\"ImageObject\",\"inLanguage\":\"en-US\",\"@id\":\"https:\/\/anelto.eu\/toode\/ram-level-cup-joogitopsi-hoidja-poordluku-ja-iminapaga\/#primaryimage\",\"url\":\"https:\/\/anelto.eu\/wp-content\/uploads\/2021\/02\/RAM-B-132SU.jpg\",\"contentUrl\":\"https:\/\/anelto.eu\/wp-content\/uploads\/2021\/02\/RAM-B-132SU.jpg\",\"width\":800,\"height\":800},{\"@type\":\"BreadcrumbList\",\"@id\":\"https:\/\/anelto.eu\/toode\/ram-level-cup-joogitopsi-hoidja-poordluku-ja-iminapaga\/#breadcrumb\",\"itemListElement\":[{\"@type\":\"ListItem\",\"position\":1,\"name\":\"Avaleht\",\"item\":\"https:\/\/anelto.eu\/\"},{\"@type\":\"ListItem\",\"position\":2,\"name\":\"Valdkonnad\",\"item\":\"https:\/\/anelto.eu\/valdkonnad\/\"},{\"@type\":\"ListItem\",\"position\":3,\"name\":\"Joogitopside kinnitused ja hoidjad\",\"item\":\"https:\/\/anelto.eu\/tootekategooria\/joogitopside-kinnitused-hoidjad\/\"},{\"@type\":\"ListItem\",\"position\":4,\"name\":\"RAM\u00ae Level Cup\u2122 joogitopsi hoidja, p\u00f6\u00f6rdluku ja iminapaga\"}]},{\"@type\":\"WebSite\",\"@id\":\"https:\/\/anelto.eu\/#website\",\"url\":\"https:\/\/anelto.eu\/\",\"name\":\"Anelto - t\u00f6\u00f6ruumi efektiivsus\",\"description\":\"Ergonoomiline t\u00f6\u00f6keskkond ja kinnituslahendused!\",\"publisher\":{\"@id\":\"https:\/\/anelto.eu\/#organization\"},\"potentialAction\":[{\"@type\":\"SearchAction\",\"target\":{\"@type\":\"EntryPoint\",\"urlTemplate\":\"https:\/\/anelto.eu\/?s={search_term_string}\"},\"query-input\":{\"@type\":\"PropertyValueSpecification\",\"valueRequired\":true,\"valueName\":\"search_term_string\"}}],\"inLanguage\":\"en-US\"},{\"@type\":\"Organization\",\"@id\":\"https:\/\/anelto.eu\/#organization\",\"name\":\"Anelto\",\"url\":\"https:\/\/anelto.eu\/\",\"logo\":{\"@type\":\"ImageObject\",\"inLanguage\":\"en-US\",\"@id\":\"https:\/\/anelto.eu\/#\/schema\/logo\/image\/\",\"url\":\"https:\/\/anelto.eu\/wp-content\/uploads\/2020\/06\/Picture1.png\",\"contentUrl\":\"https:\/\/anelto.eu\/wp-content\/uploads\/2020\/06\/Picture1.png\",\"width\":615,\"height\":331,\"caption\":\"Anelto\"},\"image\":{\"@id\":\"https:\/\/anelto.eu\/#\/schema\/logo\/image\/\"}}]}<\/script>\n<!-- \/ Yoast SEO plugin. -->","yoast_head_json":{"title":"RAM\u00ae Level Cup\u2122 joogitopsi hoidja, p\u00f6\u00f6rdluku ja iminapaga - Anelto - t\u00f6\u00f6ruumi efektiivsus","robots":{"index":"index","follow":"follow","max-snippet":"max-snippet:-1","max-image-preview":"max-image-preview:large","max-video-preview":"max-video-preview:-1"},"canonical":"https:\/\/anelto.eu\/toode\/ram-level-cup-joogitopsi-hoidja-poordluku-ja-iminapaga\/","og_locale":"en_US","og_type":"article","og_title":"RAM\u00ae Level Cup\u2122 joogitopsi hoidja, p\u00f6\u00f6rdluku ja iminapaga - Anelto - t\u00f6\u00f6ruumi efektiivsus","og_description":"Tasakaalu ehk p\u00fcstiasendit hoidev joogihoidik koos regulerimishoova ja iminappkinnituseega  \u00dchildub k\u00f5igi tassi, purkide, pudelite v\u00f5i kruusidega l\u00e4bim\u00f5\u00f5duga 2,5 \u201dkuni 3,5\u201d  Valmistatud \u00fclitugevatest komposiitidest, mis tagavad vastupidavuse ja t\u00f6\u00f6kindluse ka k\u00f5ige n\u00f5udlikumates keskkondades  Tagatud eluaegse garantiiga  Muu info:   B suurus (1 \")","og_url":"https:\/\/anelto.eu\/toode\/ram-level-cup-joogitopsi-hoidja-poordluku-ja-iminapaga\/","og_site_name":"Anelto - t\u00f6\u00f6ruumi efektiivsus","article_modified_time":"2021-05-19T14:41:27+00:00","og_image":[{"width":800,"height":800,"url":"https:\/\/anelto.eu\/wp-content\/uploads\/2021\/02\/RAM-B-132SU.jpg","type":"image\/jpeg"}],"twitter_card":"summary_large_image","schema":{"@context":"https:\/\/schema.org","@graph":[{"@type":"WebPage","@id":"https:\/\/anelto.eu\/toode\/ram-level-cup-joogitopsi-hoidja-poordluku-ja-iminapaga\/","url":"https:\/\/anelto.eu\/toode\/ram-level-cup-joogitopsi-hoidja-poordluku-ja-iminapaga\/","name":"RAM\u00ae Level Cup\u2122 joogitopsi hoidja, p\u00f6\u00f6rdluku ja iminapaga - Anelto - t\u00f6\u00f6ruumi efektiivsus","isPartOf":{"@id":"https:\/\/anelto.eu\/#website"},"primaryImageOfPage":{"@id":"https:\/\/anelto.eu\/toode\/ram-level-cup-joogitopsi-hoidja-poordluku-ja-iminapaga\/#primaryimage"},"image":{"@id":"https:\/\/anelto.eu\/toode\/ram-level-cup-joogitopsi-hoidja-poordluku-ja-iminapaga\/#primaryimage"},"thumbnailUrl":"https:\/\/anelto.eu\/wp-content\/uploads\/2021\/02\/RAM-B-132SU.jpg","datePublished":"2021-02-11T12:32:16+00:00","dateModified":"2021-05-19T14:41:27+00:00","breadcrumb":{"@id":"https:\/\/anelto.eu\/toode\/ram-level-cup-joogitopsi-hoidja-poordluku-ja-iminapaga\/#breadcrumb"},"inLanguage":"en-US","potentialAction":[{"@type":"ReadAction","target":["https:\/\/anelto.eu\/toode\/ram-level-cup-joogitopsi-hoidja-poordluku-ja-iminapaga\/"]}]},{"@type":"ImageObject","inLanguage":"en-US","@id":"https:\/\/anelto.eu\/toode\/ram-level-cup-joogitopsi-hoidja-poordluku-ja-iminapaga\/#primaryimage","url":"https:\/\/anelto.eu\/wp-content\/uploads\/2021\/02\/RAM-B-132SU.jpg","contentUrl":"https:\/\/anelto.eu\/wp-content\/uploads\/2021\/02\/RAM-B-132SU.jpg","width":800,"height":800},{"@type":"BreadcrumbList","@id":"https:\/\/anelto.eu\/toode\/ram-level-cup-joogitopsi-hoidja-poordluku-ja-iminapaga\/#breadcrumb","itemListElement":[{"@type":"ListItem","position":1,"name":"Avaleht","item":"https:\/\/anelto.eu\/"},{"@type":"ListItem","position":2,"name":"Valdkonnad","item":"https:\/\/anelto.eu\/valdkonnad\/"},{"@type":"ListItem","position":3,"name":"Joogitopside kinnitused ja hoidjad","item":"https:\/\/anelto.eu\/tootekategooria\/joogitopside-kinnitused-hoidjad\/"},{"@type":"ListItem","position":4,"name":"RAM\u00ae Level Cup\u2122 joogitopsi hoidja, p\u00f6\u00f6rdluku ja iminapaga"}]},{"@type":"WebSite","@id":"https:\/\/anelto.eu\/#website","url":"https:\/\/anelto.eu\/","name":"Anelto - t\u00f6\u00f6ruumi efektiivsus","description":"Ergonoomiline t\u00f6\u00f6keskkond ja kinnituslahendused!","publisher":{"@id":"https:\/\/anelto.eu\/#organization"},"potentialAction":[{"@type":"SearchAction","target":{"@type":"EntryPoint","urlTemplate":"https:\/\/anelto.eu\/?s={search_term_string}"},"query-input":{"@type":"PropertyValueSpecification","valueRequired":true,"valueName":"search_term_string"}}],"inLanguage":"en-US"},{"@type":"Organization","@id":"https:\/\/anelto.eu\/#organization","name":"Anelto","url":"https:\/\/anelto.eu\/","logo":{"@type":"ImageObject","inLanguage":"en-US","@id":"https:\/\/anelto.eu\/#\/schema\/logo\/image\/","url":"https:\/\/anelto.eu\/wp-content\/uploads\/2020\/06\/Picture1.png","contentUrl":"https:\/\/anelto.eu\/wp-content\/uploads\/2020\/06\/Picture1.png","width":615,"height":331,"caption":"Anelto"},"image":{"@id":"https:\/\/anelto.eu\/#\/schema\/logo\/image\/"}}]}},"_links":{"self":[{"href":"https:\/\/anelto.eu\/en\/wp-json\/wp\/v2\/product\/4160","targetHints":{"allow":["GET"]}}],"collection":[{"href":"https:\/\/anelto.eu\/en\/wp-json\/wp\/v2\/product"}],"about":[{"href":"https:\/\/anelto.eu\/en\/wp-json\/wp\/v2\/types\/product"}],"replies":[{"embeddable":true,"href":"https:\/\/anelto.eu\/en\/wp-json\/wp\/v2\/comments?post=4160"}],"wp:featuredmedia":[{"embeddable":true,"href":"https:\/\/anelto.eu\/en\/wp-json\/wp\/v2\/media\/4161"}],"wp:attachment":[{"href":"https:\/\/anelto.eu\/en\/wp-json\/wp\/v2\/media?parent=4160"}],"wp:term":[{"taxonomy":"product_cat","embeddable":true,"href":"https:\/\/anelto.eu\/en\/wp-json\/wp\/v2\/product_cat?post=4160"},{"taxonomy":"product_tag","embeddable":true,"href":"https:\/\/anelto.eu\/en\/wp-json\/wp\/v2\/product_tag?post=4160"}],"curies":[{"name":"wp","href":"https:\/\/api.w.org\/{rel}","templated":true}]}}