{"id":4151,"date":"2021-02-11T12:28:59","date_gmt":"2021-02-11T12:28:59","guid":{"rendered":"https:\/\/anelto.eu\/?post_type=product&#038;p=4151"},"modified":"2021-05-19T14:43:57","modified_gmt":"2021-05-19T14:43:57","slug":"ram-joogitopsi-hoidja-roobastele-paigaldus","status":"publish","type":"product","link":"https:\/\/anelto.eu\/en\/toode\/ram-joogitopsi-hoidja-roobastele-paigaldus\/","title":{"rendered":"RAM\u00ae joogitopsi hoidja, r\u00f6\u00f6bastele paigaldus"},"content":{"rendered":"","protected":false},"excerpt":{"rendered":"<ul>\n<li>M\u00f5eldud paigaldamiseks r\u00f6\u00f6bastele kas paadile v\u00f5i n\u00e4iteks kajakile<\/li>\n<li>K\u00fcljel olev avaus v\u00f5imaldab paigaldada hoidjasse ka sangaga kruuse<\/li>\n<li>Hoidiku p\u00f5hjas olev \u00e4ravooluauk aitab v\u00e4ltida j\u00e4\u00e4kainete kogunemist<\/li>\n<li>Joogitopsi hoidik \u00fchildub k\u00f5igi RAM Tough-Track \u2122 versioonidega ning sellel on kaks kinnituspunkti &#8211; k\u00fcljel vertikaalselt paigaldatud r\u00f6\u00f6bastele kinnitamiseks ja all horisontaalselt paigaldatud r\u00f6\u00f6bastele kinnitamiseks<\/li>\n<li>Valmistatud \u00fclitugevatest komposiitidest, mis tagavad vastupidavuse ja t\u00f6\u00f6kindluse ka k\u00f5ige n\u00f5udlikumates keskkondades<\/li>\n<li>Tagatud eluaegse garantiiga<\/li>\n<\/ul>\n<p><strong>Muu info:<\/strong><\/p>\n<ul>\n<li>Joogitopsi suurused: &#8211; 12 oz purk, veepudelid, tassid<\/li>\n<\/ul>\n<p><img loading=\"lazy\" decoding=\"async\" class=\"size-full wp-image-4101 aligncenter\" src=\"https:\/\/anelto.eu\/wp-content\/uploads\/2021\/02\/RAM-pilt.png\" alt=\"\" width=\"300\" height=\"93\" \/><\/p>\n","protected":false},"featured_media":4152,"comment_status":"closed","ping_status":"closed","template":"","meta":{"_acf_changed":false},"product_cat":[73],"product_tag":[],"class_list":{"0":"post-4151","1":"product","2":"type-product","3":"status-publish","4":"has-post-thumbnail","6":"product_cat-joogitopside-kinnitused-hoidjad","8":"first","9":"instock","10":"shipping-taxable","11":"product-type-simple"},"acf":[],"yoast_head":"<!-- This site is optimized with the Yoast SEO plugin v23.9 - https:\/\/yoast.com\/wordpress\/plugins\/seo\/ -->\n<title>RAM\u00ae joogitopsi hoidja, r\u00f6\u00f6bastele paigaldus - Anelto - t\u00f6\u00f6ruumi efektiivsus<\/title>\n<meta name=\"robots\" content=\"index, follow, max-snippet:-1, max-image-preview:large, max-video-preview:-1\" \/>\n<link rel=\"canonical\" href=\"https:\/\/anelto.eu\/toode\/ram-joogitopsi-hoidja-roobastele-paigaldus\/\" \/>\n<meta property=\"og:locale\" content=\"en_US\" \/>\n<meta property=\"og:type\" content=\"article\" \/>\n<meta property=\"og:title\" content=\"RAM\u00ae joogitopsi hoidja, r\u00f6\u00f6bastele paigaldus - Anelto - t\u00f6\u00f6ruumi efektiivsus\" \/>\n<meta property=\"og:description\" content=\"M\u00f5eldud paigaldamiseks r\u00f6\u00f6bastele kas paadile v\u00f5i n\u00e4iteks kajakile  K\u00fcljel olev avaus v\u00f5imaldab paigaldada hoidjasse ka sangaga kruuse  Hoidiku p\u00f5hjas olev \u00e4ravooluauk aitab v\u00e4ltida j\u00e4\u00e4kainete kogunemist  Joogitopsi hoidik \u00fchildub k\u00f5igi RAM Tough-Track \u2122 versioonidega ning sellel on kaks kinnituspunkti - k\u00fcljel vertikaalselt paigaldatud r\u00f6\u00f6bastele kinnitamiseks ja all horisontaalselt paigaldatud r\u00f6\u00f6bastele kinnitamiseks  Valmistatud \u00fclitugevatest komposiitidest, mis tagavad vastupidavuse ja t\u00f6\u00f6kindluse ka k\u00f5ige n\u00f5udlikumates keskkondades  Tagatud eluaegse garantiiga  Muu info:   Joogitopsi suurused: - 12 oz purk, veepudelid, tassid\" \/>\n<meta property=\"og:url\" content=\"https:\/\/anelto.eu\/toode\/ram-joogitopsi-hoidja-roobastele-paigaldus\/\" \/>\n<meta property=\"og:site_name\" content=\"Anelto - t\u00f6\u00f6ruumi efektiivsus\" \/>\n<meta property=\"article:modified_time\" content=\"2021-05-19T14:43:57+00:00\" \/>\n<meta property=\"og:image\" content=\"https:\/\/anelto.eu\/wp-content\/uploads\/2021\/02\/RAP-429TU.jpg\" \/>\n\t<meta property=\"og:image:width\" content=\"800\" \/>\n\t<meta property=\"og:image:height\" content=\"800\" \/>\n\t<meta property=\"og:image:type\" content=\"image\/jpeg\" \/>\n<meta name=\"twitter:card\" content=\"summary_large_image\" \/>\n<script type=\"application\/ld+json\" class=\"yoast-schema-graph\">{\"@context\":\"https:\/\/schema.org\",\"@graph\":[{\"@type\":\"WebPage\",\"@id\":\"https:\/\/anelto.eu\/toode\/ram-joogitopsi-hoidja-roobastele-paigaldus\/\",\"url\":\"https:\/\/anelto.eu\/toode\/ram-joogitopsi-hoidja-roobastele-paigaldus\/\",\"name\":\"RAM\u00ae joogitopsi hoidja, r\u00f6\u00f6bastele paigaldus - Anelto - t\u00f6\u00f6ruumi efektiivsus\",\"isPartOf\":{\"@id\":\"https:\/\/anelto.eu\/#website\"},\"primaryImageOfPage\":{\"@id\":\"https:\/\/anelto.eu\/toode\/ram-joogitopsi-hoidja-roobastele-paigaldus\/#primaryimage\"},\"image\":{\"@id\":\"https:\/\/anelto.eu\/toode\/ram-joogitopsi-hoidja-roobastele-paigaldus\/#primaryimage\"},\"thumbnailUrl\":\"https:\/\/anelto.eu\/wp-content\/uploads\/2021\/02\/RAP-429TU.jpg\",\"datePublished\":\"2021-02-11T12:28:59+00:00\",\"dateModified\":\"2021-05-19T14:43:57+00:00\",\"breadcrumb\":{\"@id\":\"https:\/\/anelto.eu\/toode\/ram-joogitopsi-hoidja-roobastele-paigaldus\/#breadcrumb\"},\"inLanguage\":\"en-US\",\"potentialAction\":[{\"@type\":\"ReadAction\",\"target\":[\"https:\/\/anelto.eu\/toode\/ram-joogitopsi-hoidja-roobastele-paigaldus\/\"]}]},{\"@type\":\"ImageObject\",\"inLanguage\":\"en-US\",\"@id\":\"https:\/\/anelto.eu\/toode\/ram-joogitopsi-hoidja-roobastele-paigaldus\/#primaryimage\",\"url\":\"https:\/\/anelto.eu\/wp-content\/uploads\/2021\/02\/RAP-429TU.jpg\",\"contentUrl\":\"https:\/\/anelto.eu\/wp-content\/uploads\/2021\/02\/RAP-429TU.jpg\",\"width\":800,\"height\":800},{\"@type\":\"BreadcrumbList\",\"@id\":\"https:\/\/anelto.eu\/toode\/ram-joogitopsi-hoidja-roobastele-paigaldus\/#breadcrumb\",\"itemListElement\":[{\"@type\":\"ListItem\",\"position\":1,\"name\":\"Avaleht\",\"item\":\"https:\/\/anelto.eu\/\"},{\"@type\":\"ListItem\",\"position\":2,\"name\":\"Valdkonnad\",\"item\":\"https:\/\/anelto.eu\/valdkonnad\/\"},{\"@type\":\"ListItem\",\"position\":3,\"name\":\"Joogitopside kinnitused ja hoidjad\",\"item\":\"https:\/\/anelto.eu\/tootekategooria\/joogitopside-kinnitused-hoidjad\/\"},{\"@type\":\"ListItem\",\"position\":4,\"name\":\"RAM\u00ae joogitopsi hoidja, r\u00f6\u00f6bastele paigaldus\"}]},{\"@type\":\"WebSite\",\"@id\":\"https:\/\/anelto.eu\/#website\",\"url\":\"https:\/\/anelto.eu\/\",\"name\":\"Anelto - t\u00f6\u00f6ruumi efektiivsus\",\"description\":\"Ergonoomiline t\u00f6\u00f6keskkond ja kinnituslahendused!\",\"publisher\":{\"@id\":\"https:\/\/anelto.eu\/#organization\"},\"potentialAction\":[{\"@type\":\"SearchAction\",\"target\":{\"@type\":\"EntryPoint\",\"urlTemplate\":\"https:\/\/anelto.eu\/?s={search_term_string}\"},\"query-input\":{\"@type\":\"PropertyValueSpecification\",\"valueRequired\":true,\"valueName\":\"search_term_string\"}}],\"inLanguage\":\"en-US\"},{\"@type\":\"Organization\",\"@id\":\"https:\/\/anelto.eu\/#organization\",\"name\":\"Anelto\",\"url\":\"https:\/\/anelto.eu\/\",\"logo\":{\"@type\":\"ImageObject\",\"inLanguage\":\"en-US\",\"@id\":\"https:\/\/anelto.eu\/#\/schema\/logo\/image\/\",\"url\":\"https:\/\/anelto.eu\/wp-content\/uploads\/2020\/06\/Picture1.png\",\"contentUrl\":\"https:\/\/anelto.eu\/wp-content\/uploads\/2020\/06\/Picture1.png\",\"width\":615,\"height\":331,\"caption\":\"Anelto\"},\"image\":{\"@id\":\"https:\/\/anelto.eu\/#\/schema\/logo\/image\/\"}}]}<\/script>\n<!-- \/ Yoast SEO plugin. -->","yoast_head_json":{"title":"RAM\u00ae joogitopsi hoidja, r\u00f6\u00f6bastele paigaldus - Anelto - t\u00f6\u00f6ruumi efektiivsus","robots":{"index":"index","follow":"follow","max-snippet":"max-snippet:-1","max-image-preview":"max-image-preview:large","max-video-preview":"max-video-preview:-1"},"canonical":"https:\/\/anelto.eu\/toode\/ram-joogitopsi-hoidja-roobastele-paigaldus\/","og_locale":"en_US","og_type":"article","og_title":"RAM\u00ae joogitopsi hoidja, r\u00f6\u00f6bastele paigaldus - Anelto - t\u00f6\u00f6ruumi efektiivsus","og_description":"M\u00f5eldud paigaldamiseks r\u00f6\u00f6bastele kas paadile v\u00f5i n\u00e4iteks kajakile  K\u00fcljel olev avaus v\u00f5imaldab paigaldada hoidjasse ka sangaga kruuse  Hoidiku p\u00f5hjas olev \u00e4ravooluauk aitab v\u00e4ltida j\u00e4\u00e4kainete kogunemist  Joogitopsi hoidik \u00fchildub k\u00f5igi RAM Tough-Track \u2122 versioonidega ning sellel on kaks kinnituspunkti - k\u00fcljel vertikaalselt paigaldatud r\u00f6\u00f6bastele kinnitamiseks ja all horisontaalselt paigaldatud r\u00f6\u00f6bastele kinnitamiseks  Valmistatud \u00fclitugevatest komposiitidest, mis tagavad vastupidavuse ja t\u00f6\u00f6kindluse ka k\u00f5ige n\u00f5udlikumates keskkondades  Tagatud eluaegse garantiiga  Muu info:   Joogitopsi suurused: - 12 oz purk, veepudelid, tassid","og_url":"https:\/\/anelto.eu\/toode\/ram-joogitopsi-hoidja-roobastele-paigaldus\/","og_site_name":"Anelto - t\u00f6\u00f6ruumi efektiivsus","article_modified_time":"2021-05-19T14:43:57+00:00","og_image":[{"width":800,"height":800,"url":"https:\/\/anelto.eu\/wp-content\/uploads\/2021\/02\/RAP-429TU.jpg","type":"image\/jpeg"}],"twitter_card":"summary_large_image","schema":{"@context":"https:\/\/schema.org","@graph":[{"@type":"WebPage","@id":"https:\/\/anelto.eu\/toode\/ram-joogitopsi-hoidja-roobastele-paigaldus\/","url":"https:\/\/anelto.eu\/toode\/ram-joogitopsi-hoidja-roobastele-paigaldus\/","name":"RAM\u00ae joogitopsi hoidja, r\u00f6\u00f6bastele paigaldus - Anelto - t\u00f6\u00f6ruumi efektiivsus","isPartOf":{"@id":"https:\/\/anelto.eu\/#website"},"primaryImageOfPage":{"@id":"https:\/\/anelto.eu\/toode\/ram-joogitopsi-hoidja-roobastele-paigaldus\/#primaryimage"},"image":{"@id":"https:\/\/anelto.eu\/toode\/ram-joogitopsi-hoidja-roobastele-paigaldus\/#primaryimage"},"thumbnailUrl":"https:\/\/anelto.eu\/wp-content\/uploads\/2021\/02\/RAP-429TU.jpg","datePublished":"2021-02-11T12:28:59+00:00","dateModified":"2021-05-19T14:43:57+00:00","breadcrumb":{"@id":"https:\/\/anelto.eu\/toode\/ram-joogitopsi-hoidja-roobastele-paigaldus\/#breadcrumb"},"inLanguage":"en-US","potentialAction":[{"@type":"ReadAction","target":["https:\/\/anelto.eu\/toode\/ram-joogitopsi-hoidja-roobastele-paigaldus\/"]}]},{"@type":"ImageObject","inLanguage":"en-US","@id":"https:\/\/anelto.eu\/toode\/ram-joogitopsi-hoidja-roobastele-paigaldus\/#primaryimage","url":"https:\/\/anelto.eu\/wp-content\/uploads\/2021\/02\/RAP-429TU.jpg","contentUrl":"https:\/\/anelto.eu\/wp-content\/uploads\/2021\/02\/RAP-429TU.jpg","width":800,"height":800},{"@type":"BreadcrumbList","@id":"https:\/\/anelto.eu\/toode\/ram-joogitopsi-hoidja-roobastele-paigaldus\/#breadcrumb","itemListElement":[{"@type":"ListItem","position":1,"name":"Avaleht","item":"https:\/\/anelto.eu\/"},{"@type":"ListItem","position":2,"name":"Valdkonnad","item":"https:\/\/anelto.eu\/valdkonnad\/"},{"@type":"ListItem","position":3,"name":"Joogitopside kinnitused ja hoidjad","item":"https:\/\/anelto.eu\/tootekategooria\/joogitopside-kinnitused-hoidjad\/"},{"@type":"ListItem","position":4,"name":"RAM\u00ae joogitopsi hoidja, r\u00f6\u00f6bastele paigaldus"}]},{"@type":"WebSite","@id":"https:\/\/anelto.eu\/#website","url":"https:\/\/anelto.eu\/","name":"Anelto - t\u00f6\u00f6ruumi efektiivsus","description":"Ergonoomiline t\u00f6\u00f6keskkond ja kinnituslahendused!","publisher":{"@id":"https:\/\/anelto.eu\/#organization"},"potentialAction":[{"@type":"SearchAction","target":{"@type":"EntryPoint","urlTemplate":"https:\/\/anelto.eu\/?s={search_term_string}"},"query-input":{"@type":"PropertyValueSpecification","valueRequired":true,"valueName":"search_term_string"}}],"inLanguage":"en-US"},{"@type":"Organization","@id":"https:\/\/anelto.eu\/#organization","name":"Anelto","url":"https:\/\/anelto.eu\/","logo":{"@type":"ImageObject","inLanguage":"en-US","@id":"https:\/\/anelto.eu\/#\/schema\/logo\/image\/","url":"https:\/\/anelto.eu\/wp-content\/uploads\/2020\/06\/Picture1.png","contentUrl":"https:\/\/anelto.eu\/wp-content\/uploads\/2020\/06\/Picture1.png","width":615,"height":331,"caption":"Anelto"},"image":{"@id":"https:\/\/anelto.eu\/#\/schema\/logo\/image\/"}}]}},"_links":{"self":[{"href":"https:\/\/anelto.eu\/en\/wp-json\/wp\/v2\/product\/4151","targetHints":{"allow":["GET"]}}],"collection":[{"href":"https:\/\/anelto.eu\/en\/wp-json\/wp\/v2\/product"}],"about":[{"href":"https:\/\/anelto.eu\/en\/wp-json\/wp\/v2\/types\/product"}],"replies":[{"embeddable":true,"href":"https:\/\/anelto.eu\/en\/wp-json\/wp\/v2\/comments?post=4151"}],"wp:featuredmedia":[{"embeddable":true,"href":"https:\/\/anelto.eu\/en\/wp-json\/wp\/v2\/media\/4152"}],"wp:attachment":[{"href":"https:\/\/anelto.eu\/en\/wp-json\/wp\/v2\/media?parent=4151"}],"wp:term":[{"taxonomy":"product_cat","embeddable":true,"href":"https:\/\/anelto.eu\/en\/wp-json\/wp\/v2\/product_cat?post=4151"},{"taxonomy":"product_tag","embeddable":true,"href":"https:\/\/anelto.eu\/en\/wp-json\/wp\/v2\/product_tag?post=4151"}],"curies":[{"name":"wp","href":"https:\/\/api.w.org\/{rel}","templated":true}]}}