{"id":4088,"date":"2021-02-09T12:27:42","date_gmt":"2021-02-09T12:27:42","guid":{"rendered":"https:\/\/anelto.eu\/?post_type=product&#038;p=4088"},"modified":"2021-05-21T08:32:00","modified_gmt":"2021-05-21T08:32:00","slug":"ram-power-grip-xl-universaalne-kasiterminali-hoidja","status":"publish","type":"product","link":"https:\/\/anelto.eu\/en\/toode\/ram-power-grip-xl-universaalne-kasiterminali-hoidja\/","title":{"rendered":"RAM\u00ae Power-Grip\u2122 XL universaalne k\u00e4siterminali hoidja"},"content":{"rendered":"","protected":false},"excerpt":{"rendered":"<ul>\n<li><strong>Toote RAP-450U \u00fclevaade:<\/strong><\/li>\n<li>Universaalne RAM\u00ae Power-Grip \u2122 XL k\u00e4siterminali hoidja on m\u00f5eldud kasutamiseks erinevate suurustega k\u00e4siterminalide jaoks<\/li>\n<li>Sisaldab nii k\u00fclje kui ka p\u00f5hja kinnituskohti ning t\u00e4nu kuuliga liigendile on v\u00f5imalik paigaldada just sobiva nurga alla, et kasutamine oleks v\u00f5imalikult ergonoomiline<\/li>\n<li>Valmistatud \u00fclitugevatest roostevabast terasest keermepostiga komposiitidest, mis tagab vastupidavuse ja t\u00f6\u00f6kindluse ka k\u00f5ige n\u00f5udlikumates keskkondades<\/li>\n<li>Tagatud eluaegne garantii<\/li>\n<\/ul>\n<p>Muu info:<\/p>\n<ul>\n<li>Laius: 3,96 &#8220;<\/li>\n<li>Pikkus: 2,66 &#8220;<\/li>\n<li>S\u00fcgavus: 7,43 &#8220;<\/li>\n<\/ul>\n<p style=\"text-align: center;\"><img loading=\"lazy\" decoding=\"async\" class=\"alignnone size-full wp-image-2700\" src=\"https:\/\/anelto.eu\/wp-content\/uploads\/2020\/12\/download.png\" alt=\"\" width=\"300\" height=\"93\" \/><\/p>\n","protected":false},"featured_media":4089,"comment_status":"closed","ping_status":"closed","template":"","meta":{"_acf_changed":false},"product_cat":[78],"product_tag":[],"class_list":{"0":"post-4088","1":"product","2":"type-product","3":"status-publish","4":"has-post-thumbnail","6":"product_cat-printerite-skaneerite-kinnitused","8":"first","9":"instock","10":"shipping-taxable","11":"product-type-simple"},"acf":[],"yoast_head":"<!-- This site is optimized with the Yoast SEO plugin v23.9 - https:\/\/yoast.com\/wordpress\/plugins\/seo\/ -->\n<title>RAM\u00ae Power-Grip\u2122 XL universaalne k\u00e4siterminali hoidja - Anelto - t\u00f6\u00f6ruumi efektiivsus<\/title>\n<meta name=\"robots\" content=\"index, follow, max-snippet:-1, max-image-preview:large, max-video-preview:-1\" \/>\n<link rel=\"canonical\" href=\"https:\/\/anelto.eu\/toode\/ram-power-grip-xl-universaalne-kasiterminali-hoidja\/\" \/>\n<meta property=\"og:locale\" content=\"en_US\" \/>\n<meta property=\"og:type\" content=\"article\" \/>\n<meta property=\"og:title\" content=\"RAM\u00ae Power-Grip\u2122 XL universaalne k\u00e4siterminali hoidja - Anelto - t\u00f6\u00f6ruumi efektiivsus\" \/>\n<meta property=\"og:description\" content=\"Toote RAP-450U \u00fclevaade:  Universaalne RAM\u00ae Power-Grip \u2122 XL k\u00e4siterminali hoidja on m\u00f5eldud kasutamiseks erinevate suurustega k\u00e4siterminalide jaoks  Sisaldab nii k\u00fclje kui ka p\u00f5hja kinnituskohti ning t\u00e4nu kuuliga liigendile on v\u00f5imalik paigaldada just sobiva nurga alla, et kasutamine oleks v\u00f5imalikult ergonoomiline  Valmistatud \u00fclitugevatest roostevabast terasest keermepostiga komposiitidest, mis tagab vastupidavuse ja t\u00f6\u00f6kindluse ka k\u00f5ige n\u00f5udlikumates keskkondades  Tagatud eluaegne garantii  Muu info:   Laius: 3,96 &quot;  Pikkus: 2,66 &quot;  S\u00fcgavus: 7,43 &quot;\" \/>\n<meta property=\"og:url\" content=\"https:\/\/anelto.eu\/toode\/ram-power-grip-xl-universaalne-kasiterminali-hoidja\/\" \/>\n<meta property=\"og:site_name\" content=\"Anelto - t\u00f6\u00f6ruumi efektiivsus\" \/>\n<meta property=\"article:modified_time\" content=\"2021-05-21T08:32:00+00:00\" \/>\n<meta property=\"og:image\" content=\"https:\/\/anelto.eu\/wp-content\/uploads\/2021\/02\/RAP-450UIU1.jpg\" \/>\n\t<meta property=\"og:image:width\" content=\"800\" \/>\n\t<meta property=\"og:image:height\" content=\"800\" \/>\n\t<meta property=\"og:image:type\" content=\"image\/jpeg\" \/>\n<meta name=\"twitter:card\" content=\"summary_large_image\" \/>\n<script type=\"application\/ld+json\" class=\"yoast-schema-graph\">{\"@context\":\"https:\/\/schema.org\",\"@graph\":[{\"@type\":\"WebPage\",\"@id\":\"https:\/\/anelto.eu\/toode\/ram-power-grip-xl-universaalne-kasiterminali-hoidja\/\",\"url\":\"https:\/\/anelto.eu\/toode\/ram-power-grip-xl-universaalne-kasiterminali-hoidja\/\",\"name\":\"RAM\u00ae Power-Grip\u2122 XL universaalne k\u00e4siterminali hoidja - Anelto - t\u00f6\u00f6ruumi efektiivsus\",\"isPartOf\":{\"@id\":\"https:\/\/anelto.eu\/#website\"},\"primaryImageOfPage\":{\"@id\":\"https:\/\/anelto.eu\/toode\/ram-power-grip-xl-universaalne-kasiterminali-hoidja\/#primaryimage\"},\"image\":{\"@id\":\"https:\/\/anelto.eu\/toode\/ram-power-grip-xl-universaalne-kasiterminali-hoidja\/#primaryimage\"},\"thumbnailUrl\":\"https:\/\/anelto.eu\/wp-content\/uploads\/2021\/02\/RAP-450UIU1.jpg\",\"datePublished\":\"2021-02-09T12:27:42+00:00\",\"dateModified\":\"2021-05-21T08:32:00+00:00\",\"breadcrumb\":{\"@id\":\"https:\/\/anelto.eu\/toode\/ram-power-grip-xl-universaalne-kasiterminali-hoidja\/#breadcrumb\"},\"inLanguage\":\"en-US\",\"potentialAction\":[{\"@type\":\"ReadAction\",\"target\":[\"https:\/\/anelto.eu\/toode\/ram-power-grip-xl-universaalne-kasiterminali-hoidja\/\"]}]},{\"@type\":\"ImageObject\",\"inLanguage\":\"en-US\",\"@id\":\"https:\/\/anelto.eu\/toode\/ram-power-grip-xl-universaalne-kasiterminali-hoidja\/#primaryimage\",\"url\":\"https:\/\/anelto.eu\/wp-content\/uploads\/2021\/02\/RAP-450UIU1.jpg\",\"contentUrl\":\"https:\/\/anelto.eu\/wp-content\/uploads\/2021\/02\/RAP-450UIU1.jpg\",\"width\":800,\"height\":800},{\"@type\":\"BreadcrumbList\",\"@id\":\"https:\/\/anelto.eu\/toode\/ram-power-grip-xl-universaalne-kasiterminali-hoidja\/#breadcrumb\",\"itemListElement\":[{\"@type\":\"ListItem\",\"position\":1,\"name\":\"Avaleht\",\"item\":\"https:\/\/anelto.eu\/\"},{\"@type\":\"ListItem\",\"position\":2,\"name\":\"Valdkonnad\",\"item\":\"https:\/\/anelto.eu\/valdkonnad\/\"},{\"@type\":\"ListItem\",\"position\":3,\"name\":\"Printerite ja skannerite kinnitused\",\"item\":\"https:\/\/anelto.eu\/tootekategooria\/printerite-skaneerite-kinnitused\/\"},{\"@type\":\"ListItem\",\"position\":4,\"name\":\"RAM\u00ae Power-Grip\u2122 XL universaalne k\u00e4siterminali hoidja\"}]},{\"@type\":\"WebSite\",\"@id\":\"https:\/\/anelto.eu\/#website\",\"url\":\"https:\/\/anelto.eu\/\",\"name\":\"Anelto - t\u00f6\u00f6ruumi efektiivsus\",\"description\":\"Ergonoomiline t\u00f6\u00f6keskkond ja kinnituslahendused!\",\"publisher\":{\"@id\":\"https:\/\/anelto.eu\/#organization\"},\"potentialAction\":[{\"@type\":\"SearchAction\",\"target\":{\"@type\":\"EntryPoint\",\"urlTemplate\":\"https:\/\/anelto.eu\/?s={search_term_string}\"},\"query-input\":{\"@type\":\"PropertyValueSpecification\",\"valueRequired\":true,\"valueName\":\"search_term_string\"}}],\"inLanguage\":\"en-US\"},{\"@type\":\"Organization\",\"@id\":\"https:\/\/anelto.eu\/#organization\",\"name\":\"Anelto\",\"url\":\"https:\/\/anelto.eu\/\",\"logo\":{\"@type\":\"ImageObject\",\"inLanguage\":\"en-US\",\"@id\":\"https:\/\/anelto.eu\/#\/schema\/logo\/image\/\",\"url\":\"https:\/\/anelto.eu\/wp-content\/uploads\/2020\/06\/Picture1.png\",\"contentUrl\":\"https:\/\/anelto.eu\/wp-content\/uploads\/2020\/06\/Picture1.png\",\"width\":615,\"height\":331,\"caption\":\"Anelto\"},\"image\":{\"@id\":\"https:\/\/anelto.eu\/#\/schema\/logo\/image\/\"}}]}<\/script>\n<!-- \/ Yoast SEO plugin. -->","yoast_head_json":{"title":"RAM\u00ae Power-Grip\u2122 XL universaalne k\u00e4siterminali hoidja - Anelto - t\u00f6\u00f6ruumi efektiivsus","robots":{"index":"index","follow":"follow","max-snippet":"max-snippet:-1","max-image-preview":"max-image-preview:large","max-video-preview":"max-video-preview:-1"},"canonical":"https:\/\/anelto.eu\/toode\/ram-power-grip-xl-universaalne-kasiterminali-hoidja\/","og_locale":"en_US","og_type":"article","og_title":"RAM\u00ae Power-Grip\u2122 XL universaalne k\u00e4siterminali hoidja - Anelto - t\u00f6\u00f6ruumi efektiivsus","og_description":"Toote RAP-450U \u00fclevaade:  Universaalne RAM\u00ae Power-Grip \u2122 XL k\u00e4siterminali hoidja on m\u00f5eldud kasutamiseks erinevate suurustega k\u00e4siterminalide jaoks  Sisaldab nii k\u00fclje kui ka p\u00f5hja kinnituskohti ning t\u00e4nu kuuliga liigendile on v\u00f5imalik paigaldada just sobiva nurga alla, et kasutamine oleks v\u00f5imalikult ergonoomiline  Valmistatud \u00fclitugevatest roostevabast terasest keermepostiga komposiitidest, mis tagab vastupidavuse ja t\u00f6\u00f6kindluse ka k\u00f5ige n\u00f5udlikumates keskkondades  Tagatud eluaegne garantii  Muu info:   Laius: 3,96 \"  Pikkus: 2,66 \"  S\u00fcgavus: 7,43 \"","og_url":"https:\/\/anelto.eu\/toode\/ram-power-grip-xl-universaalne-kasiterminali-hoidja\/","og_site_name":"Anelto - t\u00f6\u00f6ruumi efektiivsus","article_modified_time":"2021-05-21T08:32:00+00:00","og_image":[{"width":800,"height":800,"url":"https:\/\/anelto.eu\/wp-content\/uploads\/2021\/02\/RAP-450UIU1.jpg","type":"image\/jpeg"}],"twitter_card":"summary_large_image","schema":{"@context":"https:\/\/schema.org","@graph":[{"@type":"WebPage","@id":"https:\/\/anelto.eu\/toode\/ram-power-grip-xl-universaalne-kasiterminali-hoidja\/","url":"https:\/\/anelto.eu\/toode\/ram-power-grip-xl-universaalne-kasiterminali-hoidja\/","name":"RAM\u00ae Power-Grip\u2122 XL universaalne k\u00e4siterminali hoidja - Anelto - t\u00f6\u00f6ruumi efektiivsus","isPartOf":{"@id":"https:\/\/anelto.eu\/#website"},"primaryImageOfPage":{"@id":"https:\/\/anelto.eu\/toode\/ram-power-grip-xl-universaalne-kasiterminali-hoidja\/#primaryimage"},"image":{"@id":"https:\/\/anelto.eu\/toode\/ram-power-grip-xl-universaalne-kasiterminali-hoidja\/#primaryimage"},"thumbnailUrl":"https:\/\/anelto.eu\/wp-content\/uploads\/2021\/02\/RAP-450UIU1.jpg","datePublished":"2021-02-09T12:27:42+00:00","dateModified":"2021-05-21T08:32:00+00:00","breadcrumb":{"@id":"https:\/\/anelto.eu\/toode\/ram-power-grip-xl-universaalne-kasiterminali-hoidja\/#breadcrumb"},"inLanguage":"en-US","potentialAction":[{"@type":"ReadAction","target":["https:\/\/anelto.eu\/toode\/ram-power-grip-xl-universaalne-kasiterminali-hoidja\/"]}]},{"@type":"ImageObject","inLanguage":"en-US","@id":"https:\/\/anelto.eu\/toode\/ram-power-grip-xl-universaalne-kasiterminali-hoidja\/#primaryimage","url":"https:\/\/anelto.eu\/wp-content\/uploads\/2021\/02\/RAP-450UIU1.jpg","contentUrl":"https:\/\/anelto.eu\/wp-content\/uploads\/2021\/02\/RAP-450UIU1.jpg","width":800,"height":800},{"@type":"BreadcrumbList","@id":"https:\/\/anelto.eu\/toode\/ram-power-grip-xl-universaalne-kasiterminali-hoidja\/#breadcrumb","itemListElement":[{"@type":"ListItem","position":1,"name":"Avaleht","item":"https:\/\/anelto.eu\/"},{"@type":"ListItem","position":2,"name":"Valdkonnad","item":"https:\/\/anelto.eu\/valdkonnad\/"},{"@type":"ListItem","position":3,"name":"Printerite ja skannerite kinnitused","item":"https:\/\/anelto.eu\/tootekategooria\/printerite-skaneerite-kinnitused\/"},{"@type":"ListItem","position":4,"name":"RAM\u00ae Power-Grip\u2122 XL universaalne k\u00e4siterminali hoidja"}]},{"@type":"WebSite","@id":"https:\/\/anelto.eu\/#website","url":"https:\/\/anelto.eu\/","name":"Anelto - t\u00f6\u00f6ruumi efektiivsus","description":"Ergonoomiline t\u00f6\u00f6keskkond ja kinnituslahendused!","publisher":{"@id":"https:\/\/anelto.eu\/#organization"},"potentialAction":[{"@type":"SearchAction","target":{"@type":"EntryPoint","urlTemplate":"https:\/\/anelto.eu\/?s={search_term_string}"},"query-input":{"@type":"PropertyValueSpecification","valueRequired":true,"valueName":"search_term_string"}}],"inLanguage":"en-US"},{"@type":"Organization","@id":"https:\/\/anelto.eu\/#organization","name":"Anelto","url":"https:\/\/anelto.eu\/","logo":{"@type":"ImageObject","inLanguage":"en-US","@id":"https:\/\/anelto.eu\/#\/schema\/logo\/image\/","url":"https:\/\/anelto.eu\/wp-content\/uploads\/2020\/06\/Picture1.png","contentUrl":"https:\/\/anelto.eu\/wp-content\/uploads\/2020\/06\/Picture1.png","width":615,"height":331,"caption":"Anelto"},"image":{"@id":"https:\/\/anelto.eu\/#\/schema\/logo\/image\/"}}]}},"_links":{"self":[{"href":"https:\/\/anelto.eu\/en\/wp-json\/wp\/v2\/product\/4088","targetHints":{"allow":["GET"]}}],"collection":[{"href":"https:\/\/anelto.eu\/en\/wp-json\/wp\/v2\/product"}],"about":[{"href":"https:\/\/anelto.eu\/en\/wp-json\/wp\/v2\/types\/product"}],"replies":[{"embeddable":true,"href":"https:\/\/anelto.eu\/en\/wp-json\/wp\/v2\/comments?post=4088"}],"wp:featuredmedia":[{"embeddable":true,"href":"https:\/\/anelto.eu\/en\/wp-json\/wp\/v2\/media\/4089"}],"wp:attachment":[{"href":"https:\/\/anelto.eu\/en\/wp-json\/wp\/v2\/media?parent=4088"}],"wp:term":[{"taxonomy":"product_cat","embeddable":true,"href":"https:\/\/anelto.eu\/en\/wp-json\/wp\/v2\/product_cat?post=4088"},{"taxonomy":"product_tag","embeddable":true,"href":"https:\/\/anelto.eu\/en\/wp-json\/wp\/v2\/product_tag?post=4088"}],"curies":[{"name":"wp","href":"https:\/\/api.w.org\/{rel}","templated":true}]}}