{"id":4035,"date":"2021-02-08T11:23:08","date_gmt":"2021-02-08T11:23:08","guid":{"rendered":"https:\/\/anelto.eu\/?post_type=product&#038;p=4035"},"modified":"2021-05-21T06:52:13","modified_gmt":"2021-05-21T06:52:13","slug":"ram-power-grip-universaalne-scanneri-hoidja","status":"publish","type":"product","link":"https:\/\/anelto.eu\/en\/toode\/ram-power-grip-universaalne-scanneri-hoidja\/","title":{"rendered":"RAM\u00ae Power-Grip\u2122 universaalne skanneri hoidja"},"content":{"rendered":"","protected":false},"excerpt":{"rendered":"<ul>\n<li><strong>Toote RAP-396U \u00fclevaade:<\/strong><\/li>\n<li>Universaalsel skanneri v\u00f5i k\u00e4siterminali hoidjal on kindla kinnituse tagamiseks vahetatavad elastsed kinnitusk\u00f5rvad<\/li>\n<li>Sisaldab nii k\u00fclje kui ka p\u00f5hja kinnituskohti<\/li>\n<li>Valmistatud \u00fclitugevatest roostevabast terasest keermepostiga komposiitidest, mis tagab vastupidavuse ja t\u00f6\u00f6kindluse ka k\u00f5ige n\u00f5udlikumates keskkondades<\/li>\n<li>Tagatud eluaegne garantii<\/li>\n<\/ul>\n<p>Muu info:<\/p>\n<ul>\n<li>Laius: 3,47 &#8220;<\/li>\n<li>Pikkus: 2,16 &#8220;<\/li>\n<li>S\u00fcgavus: 4,9 &#8220;<\/li>\n<\/ul>\n<p style=\"text-align: center;\"><img loading=\"lazy\" decoding=\"async\" class=\"alignnone size-full wp-image-2700\" src=\"https:\/\/anelto.eu\/wp-content\/uploads\/2020\/12\/download.png\" alt=\"\" width=\"300\" height=\"93\" \/><\/p>\n","protected":false},"featured_media":4036,"comment_status":"closed","ping_status":"closed","template":"","meta":{"_acf_changed":false},"product_cat":[78],"product_tag":[],"class_list":{"0":"post-4035","1":"product","2":"type-product","3":"status-publish","4":"has-post-thumbnail","6":"product_cat-printerite-skaneerite-kinnitused","8":"first","9":"instock","10":"shipping-taxable","11":"product-type-simple"},"acf":[],"yoast_head":"<!-- This site is optimized with the Yoast SEO plugin v23.9 - https:\/\/yoast.com\/wordpress\/plugins\/seo\/ -->\n<title>RAM\u00ae Power-Grip\u2122 universaalne skanneri hoidja - Anelto - t\u00f6\u00f6ruumi efektiivsus<\/title>\n<meta name=\"robots\" content=\"index, follow, max-snippet:-1, max-image-preview:large, max-video-preview:-1\" \/>\n<link rel=\"canonical\" href=\"https:\/\/anelto.eu\/toode\/ram-power-grip-universaalne-scanneri-hoidja\/\" \/>\n<meta property=\"og:locale\" content=\"en_US\" \/>\n<meta property=\"og:type\" content=\"article\" \/>\n<meta property=\"og:title\" content=\"RAM\u00ae Power-Grip\u2122 universaalne skanneri hoidja - Anelto - t\u00f6\u00f6ruumi efektiivsus\" \/>\n<meta property=\"og:description\" content=\"Toote RAP-396U \u00fclevaade:  Universaalsel skanneri v\u00f5i k\u00e4siterminali hoidjal on kindla kinnituse tagamiseks vahetatavad elastsed kinnitusk\u00f5rvad  Sisaldab nii k\u00fclje kui ka p\u00f5hja kinnituskohti  Valmistatud \u00fclitugevatest roostevabast terasest keermepostiga komposiitidest, mis tagab vastupidavuse ja t\u00f6\u00f6kindluse ka k\u00f5ige n\u00f5udlikumates keskkondades  Tagatud eluaegne garantii  Muu info:   Laius: 3,47 &quot;  Pikkus: 2,16 &quot;  S\u00fcgavus: 4,9 &quot;\" \/>\n<meta property=\"og:url\" content=\"https:\/\/anelto.eu\/toode\/ram-power-grip-universaalne-scanneri-hoidja\/\" \/>\n<meta property=\"og:site_name\" content=\"Anelto - t\u00f6\u00f6ruumi efektiivsus\" \/>\n<meta property=\"article:modified_time\" content=\"2021-05-21T06:52:13+00:00\" \/>\n<meta property=\"og:image\" content=\"https:\/\/anelto.eu\/wp-content\/uploads\/2021\/02\/RAP-396U.jpg\" \/>\n\t<meta property=\"og:image:width\" content=\"1174\" \/>\n\t<meta property=\"og:image:height\" content=\"1206\" \/>\n\t<meta property=\"og:image:type\" content=\"image\/jpeg\" \/>\n<meta name=\"twitter:card\" content=\"summary_large_image\" \/>\n<script type=\"application\/ld+json\" class=\"yoast-schema-graph\">{\"@context\":\"https:\/\/schema.org\",\"@graph\":[{\"@type\":\"WebPage\",\"@id\":\"https:\/\/anelto.eu\/toode\/ram-power-grip-universaalne-scanneri-hoidja\/\",\"url\":\"https:\/\/anelto.eu\/toode\/ram-power-grip-universaalne-scanneri-hoidja\/\",\"name\":\"RAM\u00ae Power-Grip\u2122 universaalne skanneri hoidja - Anelto - t\u00f6\u00f6ruumi efektiivsus\",\"isPartOf\":{\"@id\":\"https:\/\/anelto.eu\/#website\"},\"primaryImageOfPage\":{\"@id\":\"https:\/\/anelto.eu\/toode\/ram-power-grip-universaalne-scanneri-hoidja\/#primaryimage\"},\"image\":{\"@id\":\"https:\/\/anelto.eu\/toode\/ram-power-grip-universaalne-scanneri-hoidja\/#primaryimage\"},\"thumbnailUrl\":\"https:\/\/anelto.eu\/wp-content\/uploads\/2021\/02\/RAP-396U.jpg\",\"datePublished\":\"2021-02-08T11:23:08+00:00\",\"dateModified\":\"2021-05-21T06:52:13+00:00\",\"breadcrumb\":{\"@id\":\"https:\/\/anelto.eu\/toode\/ram-power-grip-universaalne-scanneri-hoidja\/#breadcrumb\"},\"inLanguage\":\"en-US\",\"potentialAction\":[{\"@type\":\"ReadAction\",\"target\":[\"https:\/\/anelto.eu\/toode\/ram-power-grip-universaalne-scanneri-hoidja\/\"]}]},{\"@type\":\"ImageObject\",\"inLanguage\":\"en-US\",\"@id\":\"https:\/\/anelto.eu\/toode\/ram-power-grip-universaalne-scanneri-hoidja\/#primaryimage\",\"url\":\"https:\/\/anelto.eu\/wp-content\/uploads\/2021\/02\/RAP-396U.jpg\",\"contentUrl\":\"https:\/\/anelto.eu\/wp-content\/uploads\/2021\/02\/RAP-396U.jpg\",\"width\":1174,\"height\":1206},{\"@type\":\"BreadcrumbList\",\"@id\":\"https:\/\/anelto.eu\/toode\/ram-power-grip-universaalne-scanneri-hoidja\/#breadcrumb\",\"itemListElement\":[{\"@type\":\"ListItem\",\"position\":1,\"name\":\"Avaleht\",\"item\":\"https:\/\/anelto.eu\/\"},{\"@type\":\"ListItem\",\"position\":2,\"name\":\"Valdkonnad\",\"item\":\"https:\/\/anelto.eu\/valdkonnad\/\"},{\"@type\":\"ListItem\",\"position\":3,\"name\":\"Printerite ja skannerite kinnitused\",\"item\":\"https:\/\/anelto.eu\/tootekategooria\/printerite-skaneerite-kinnitused\/\"},{\"@type\":\"ListItem\",\"position\":4,\"name\":\"RAM\u00ae Power-Grip\u2122 universaalne skanneri hoidja\"}]},{\"@type\":\"WebSite\",\"@id\":\"https:\/\/anelto.eu\/#website\",\"url\":\"https:\/\/anelto.eu\/\",\"name\":\"Anelto - t\u00f6\u00f6ruumi efektiivsus\",\"description\":\"Ergonoomiline t\u00f6\u00f6keskkond ja kinnituslahendused!\",\"publisher\":{\"@id\":\"https:\/\/anelto.eu\/#organization\"},\"potentialAction\":[{\"@type\":\"SearchAction\",\"target\":{\"@type\":\"EntryPoint\",\"urlTemplate\":\"https:\/\/anelto.eu\/?s={search_term_string}\"},\"query-input\":{\"@type\":\"PropertyValueSpecification\",\"valueRequired\":true,\"valueName\":\"search_term_string\"}}],\"inLanguage\":\"en-US\"},{\"@type\":\"Organization\",\"@id\":\"https:\/\/anelto.eu\/#organization\",\"name\":\"Anelto\",\"url\":\"https:\/\/anelto.eu\/\",\"logo\":{\"@type\":\"ImageObject\",\"inLanguage\":\"en-US\",\"@id\":\"https:\/\/anelto.eu\/#\/schema\/logo\/image\/\",\"url\":\"https:\/\/anelto.eu\/wp-content\/uploads\/2020\/06\/Picture1.png\",\"contentUrl\":\"https:\/\/anelto.eu\/wp-content\/uploads\/2020\/06\/Picture1.png\",\"width\":615,\"height\":331,\"caption\":\"Anelto\"},\"image\":{\"@id\":\"https:\/\/anelto.eu\/#\/schema\/logo\/image\/\"}}]}<\/script>\n<!-- \/ Yoast SEO plugin. -->","yoast_head_json":{"title":"RAM\u00ae Power-Grip\u2122 universaalne skanneri hoidja - Anelto - t\u00f6\u00f6ruumi efektiivsus","robots":{"index":"index","follow":"follow","max-snippet":"max-snippet:-1","max-image-preview":"max-image-preview:large","max-video-preview":"max-video-preview:-1"},"canonical":"https:\/\/anelto.eu\/toode\/ram-power-grip-universaalne-scanneri-hoidja\/","og_locale":"en_US","og_type":"article","og_title":"RAM\u00ae Power-Grip\u2122 universaalne skanneri hoidja - Anelto - t\u00f6\u00f6ruumi efektiivsus","og_description":"Toote RAP-396U \u00fclevaade:  Universaalsel skanneri v\u00f5i k\u00e4siterminali hoidjal on kindla kinnituse tagamiseks vahetatavad elastsed kinnitusk\u00f5rvad  Sisaldab nii k\u00fclje kui ka p\u00f5hja kinnituskohti  Valmistatud \u00fclitugevatest roostevabast terasest keermepostiga komposiitidest, mis tagab vastupidavuse ja t\u00f6\u00f6kindluse ka k\u00f5ige n\u00f5udlikumates keskkondades  Tagatud eluaegne garantii  Muu info:   Laius: 3,47 \"  Pikkus: 2,16 \"  S\u00fcgavus: 4,9 \"","og_url":"https:\/\/anelto.eu\/toode\/ram-power-grip-universaalne-scanneri-hoidja\/","og_site_name":"Anelto - t\u00f6\u00f6ruumi efektiivsus","article_modified_time":"2021-05-21T06:52:13+00:00","og_image":[{"width":1174,"height":1206,"url":"https:\/\/anelto.eu\/wp-content\/uploads\/2021\/02\/RAP-396U.jpg","type":"image\/jpeg"}],"twitter_card":"summary_large_image","schema":{"@context":"https:\/\/schema.org","@graph":[{"@type":"WebPage","@id":"https:\/\/anelto.eu\/toode\/ram-power-grip-universaalne-scanneri-hoidja\/","url":"https:\/\/anelto.eu\/toode\/ram-power-grip-universaalne-scanneri-hoidja\/","name":"RAM\u00ae Power-Grip\u2122 universaalne skanneri hoidja - Anelto - t\u00f6\u00f6ruumi efektiivsus","isPartOf":{"@id":"https:\/\/anelto.eu\/#website"},"primaryImageOfPage":{"@id":"https:\/\/anelto.eu\/toode\/ram-power-grip-universaalne-scanneri-hoidja\/#primaryimage"},"image":{"@id":"https:\/\/anelto.eu\/toode\/ram-power-grip-universaalne-scanneri-hoidja\/#primaryimage"},"thumbnailUrl":"https:\/\/anelto.eu\/wp-content\/uploads\/2021\/02\/RAP-396U.jpg","datePublished":"2021-02-08T11:23:08+00:00","dateModified":"2021-05-21T06:52:13+00:00","breadcrumb":{"@id":"https:\/\/anelto.eu\/toode\/ram-power-grip-universaalne-scanneri-hoidja\/#breadcrumb"},"inLanguage":"en-US","potentialAction":[{"@type":"ReadAction","target":["https:\/\/anelto.eu\/toode\/ram-power-grip-universaalne-scanneri-hoidja\/"]}]},{"@type":"ImageObject","inLanguage":"en-US","@id":"https:\/\/anelto.eu\/toode\/ram-power-grip-universaalne-scanneri-hoidja\/#primaryimage","url":"https:\/\/anelto.eu\/wp-content\/uploads\/2021\/02\/RAP-396U.jpg","contentUrl":"https:\/\/anelto.eu\/wp-content\/uploads\/2021\/02\/RAP-396U.jpg","width":1174,"height":1206},{"@type":"BreadcrumbList","@id":"https:\/\/anelto.eu\/toode\/ram-power-grip-universaalne-scanneri-hoidja\/#breadcrumb","itemListElement":[{"@type":"ListItem","position":1,"name":"Avaleht","item":"https:\/\/anelto.eu\/"},{"@type":"ListItem","position":2,"name":"Valdkonnad","item":"https:\/\/anelto.eu\/valdkonnad\/"},{"@type":"ListItem","position":3,"name":"Printerite ja skannerite kinnitused","item":"https:\/\/anelto.eu\/tootekategooria\/printerite-skaneerite-kinnitused\/"},{"@type":"ListItem","position":4,"name":"RAM\u00ae Power-Grip\u2122 universaalne skanneri hoidja"}]},{"@type":"WebSite","@id":"https:\/\/anelto.eu\/#website","url":"https:\/\/anelto.eu\/","name":"Anelto - t\u00f6\u00f6ruumi efektiivsus","description":"Ergonoomiline t\u00f6\u00f6keskkond ja kinnituslahendused!","publisher":{"@id":"https:\/\/anelto.eu\/#organization"},"potentialAction":[{"@type":"SearchAction","target":{"@type":"EntryPoint","urlTemplate":"https:\/\/anelto.eu\/?s={search_term_string}"},"query-input":{"@type":"PropertyValueSpecification","valueRequired":true,"valueName":"search_term_string"}}],"inLanguage":"en-US"},{"@type":"Organization","@id":"https:\/\/anelto.eu\/#organization","name":"Anelto","url":"https:\/\/anelto.eu\/","logo":{"@type":"ImageObject","inLanguage":"en-US","@id":"https:\/\/anelto.eu\/#\/schema\/logo\/image\/","url":"https:\/\/anelto.eu\/wp-content\/uploads\/2020\/06\/Picture1.png","contentUrl":"https:\/\/anelto.eu\/wp-content\/uploads\/2020\/06\/Picture1.png","width":615,"height":331,"caption":"Anelto"},"image":{"@id":"https:\/\/anelto.eu\/#\/schema\/logo\/image\/"}}]}},"_links":{"self":[{"href":"https:\/\/anelto.eu\/en\/wp-json\/wp\/v2\/product\/4035","targetHints":{"allow":["GET"]}}],"collection":[{"href":"https:\/\/anelto.eu\/en\/wp-json\/wp\/v2\/product"}],"about":[{"href":"https:\/\/anelto.eu\/en\/wp-json\/wp\/v2\/types\/product"}],"replies":[{"embeddable":true,"href":"https:\/\/anelto.eu\/en\/wp-json\/wp\/v2\/comments?post=4035"}],"wp:featuredmedia":[{"embeddable":true,"href":"https:\/\/anelto.eu\/en\/wp-json\/wp\/v2\/media\/4036"}],"wp:attachment":[{"href":"https:\/\/anelto.eu\/en\/wp-json\/wp\/v2\/media?parent=4035"}],"wp:term":[{"taxonomy":"product_cat","embeddable":true,"href":"https:\/\/anelto.eu\/en\/wp-json\/wp\/v2\/product_cat?post=4035"},{"taxonomy":"product_tag","embeddable":true,"href":"https:\/\/anelto.eu\/en\/wp-json\/wp\/v2\/product_tag?post=4035"}],"curies":[{"name":"wp","href":"https:\/\/api.w.org\/{rel}","templated":true}]}}