{"id":3998,"date":"2021-02-05T14:25:56","date_gmt":"2021-02-05T14:25:56","guid":{"rendered":"https:\/\/anelto.eu\/?post_type=product&#038;p=3998"},"modified":"2021-02-05T14:29:45","modified_gmt":"2021-02-05T14:29:45","slug":"liigendkaega-kinnitus-monitorile-voi-puuteekraanile","status":"publish","type":"product","link":"https:\/\/anelto.eu\/en\/toode\/liigendkaega-kinnitus-monitorile-voi-puuteekraanile\/","title":{"rendered":"Liigendk\u00e4ega kinnitus monitorile v\u00f5i puuteekraanile"},"content":{"rendered":"","protected":false},"excerpt":{"rendered":"<ul>\n<li>Sobiv kinnitus, kui klienditeeninduses tuleb p\u00f6\u00f6rata monitor kliendi poole ja tagasi<\/li>\n<li>Kassaseadmete kinnitused ja erinevad komplektid on m\u00f5eldud selleks, et hoida klienditeenindaja v\u00f5i kliendi kasutatav t\u00f6\u00f6pind vabam, viisakam ja ergonoomilisem<\/li>\n<li>Pikendatavad ja p\u00f6\u00f6ratavad seadmete kinnitused tagavad kiirema makseportsessi ja mugavama seadmete kasutamise nii klienditeenindajale, kui ka tarbijale<\/li>\n<li>Kassaseadmete korrektseks kaablite halduseks juhitakse kaablid kinnituspostide seest v\u00f5i kinnitatakse nende \u00fcmber spetsiaalsete plastik klambritega<\/li>\n<\/ul>\n<p><strong>Komplektis on (sulgudes lisainfo valikuv\u00f5imalustest):<\/strong><\/p>\n<ul>\n<li>P\u00f5hipost (erinevad pikkused: 100mm-1000mm)<\/li>\n<li>P\u00f5hiposti k\u00fclge kinnitatav liigendk\u00e4si<\/li>\n<li>Liigendk\u00e4e otsa kinnitatav VESA 75\/100 kinnitusplaat<\/li>\n<\/ul>\n<p>P\u00f5hipostile v\u00f5imalik lisada veel muid kinnituselemente nagu kaardimakse terminali kinnitus,\u00a0 skanneri hoidja v\u00f5i kassaklaviatuuri alus.<\/p>\n<p style=\"text-align: center;\"><img loading=\"lazy\" decoding=\"async\" class=\"alignnone size-medium wp-image-2558\" src=\"https:\/\/anelto.eu\/wp-content\/uploads\/2020\/12\/weffy_logo-300x130.png\" alt=\"\" width=\"300\" height=\"130\" \/><\/p>\n","protected":false},"featured_media":3999,"comment_status":"closed","ping_status":"closed","template":"","meta":{"_acf_changed":false},"product_cat":[69],"product_tag":[],"class_list":{"0":"post-3998","1":"product","2":"type-product","3":"status-publish","4":"has-post-thumbnail","6":"product_cat-kassaseadmete-kinnitused","8":"first","9":"instock","10":"shipping-taxable","11":"product-type-simple"},"acf":[],"yoast_head":"<!-- This site is optimized with the Yoast SEO plugin v23.9 - https:\/\/yoast.com\/wordpress\/plugins\/seo\/ -->\n<title>Liigendk\u00e4ega kinnitus monitorile v\u00f5i puuteekraanile - Anelto - t\u00f6\u00f6ruumi efektiivsus<\/title>\n<meta name=\"robots\" content=\"index, follow, max-snippet:-1, max-image-preview:large, max-video-preview:-1\" \/>\n<link rel=\"canonical\" href=\"https:\/\/anelto.eu\/toode\/liigendkaega-kinnitus-monitorile-voi-puuteekraanile\/\" \/>\n<meta property=\"og:locale\" content=\"en_US\" \/>\n<meta property=\"og:type\" content=\"article\" \/>\n<meta property=\"og:title\" content=\"Liigendk\u00e4ega kinnitus monitorile v\u00f5i puuteekraanile - Anelto - t\u00f6\u00f6ruumi efektiivsus\" \/>\n<meta property=\"og:description\" content=\"Sobiv kinnitus, kui klienditeeninduses tuleb p\u00f6\u00f6rata monitor kliendi poole ja tagasi  Kassaseadmete kinnitused ja erinevad komplektid on m\u00f5eldud selleks, et hoida klienditeenindaja v\u00f5i kliendi kasutatav t\u00f6\u00f6pind vabam, viisakam ja ergonoomilisem  Pikendatavad ja p\u00f6\u00f6ratavad seadmete kinnitused tagavad kiirema makseportsessi ja mugavama seadmete kasutamise nii klienditeenindajale, kui ka tarbijale  Kassaseadmete korrektseks kaablite halduseks juhitakse kaablid kinnituspostide seest v\u00f5i kinnitatakse nende \u00fcmber spetsiaalsete plastik klambritega  Komplektis on (sulgudes lisainfo valikuv\u00f5imalustest):   P\u00f5hipost (erinevad pikkused: 100mm-1000mm)  P\u00f5hiposti k\u00fclge kinnitatav liigendk\u00e4si  Liigendk\u00e4e otsa kinnitatav VESA 75\/100 kinnitusplaat  P\u00f5hipostile v\u00f5imalik lisada veel muid kinnituselemente nagu kaardimakse terminali kinnitus,\u00a0 skanneri hoidja v\u00f5i kassaklaviatuuri alus.\" \/>\n<meta property=\"og:url\" content=\"https:\/\/anelto.eu\/toode\/liigendkaega-kinnitus-monitorile-voi-puuteekraanile\/\" \/>\n<meta property=\"og:site_name\" content=\"Anelto - t\u00f6\u00f6ruumi efektiivsus\" \/>\n<meta property=\"article:modified_time\" content=\"2021-02-05T14:29:45+00:00\" \/>\n<meta property=\"og:image\" content=\"https:\/\/anelto.eu\/wp-content\/uploads\/2021\/02\/YES-sidejointmount_UUS.jpg\" \/>\n\t<meta property=\"og:image:width\" content=\"1000\" \/>\n\t<meta property=\"og:image:height\" content=\"750\" \/>\n\t<meta property=\"og:image:type\" content=\"image\/jpeg\" \/>\n<meta name=\"twitter:card\" content=\"summary_large_image\" \/>\n<script type=\"application\/ld+json\" class=\"yoast-schema-graph\">{\"@context\":\"https:\/\/schema.org\",\"@graph\":[{\"@type\":\"WebPage\",\"@id\":\"https:\/\/anelto.eu\/toode\/liigendkaega-kinnitus-monitorile-voi-puuteekraanile\/\",\"url\":\"https:\/\/anelto.eu\/toode\/liigendkaega-kinnitus-monitorile-voi-puuteekraanile\/\",\"name\":\"Liigendk\u00e4ega kinnitus monitorile v\u00f5i puuteekraanile - Anelto - t\u00f6\u00f6ruumi efektiivsus\",\"isPartOf\":{\"@id\":\"https:\/\/anelto.eu\/#website\"},\"primaryImageOfPage\":{\"@id\":\"https:\/\/anelto.eu\/toode\/liigendkaega-kinnitus-monitorile-voi-puuteekraanile\/#primaryimage\"},\"image\":{\"@id\":\"https:\/\/anelto.eu\/toode\/liigendkaega-kinnitus-monitorile-voi-puuteekraanile\/#primaryimage\"},\"thumbnailUrl\":\"https:\/\/anelto.eu\/wp-content\/uploads\/2021\/02\/YES-sidejointmount_UUS.jpg\",\"datePublished\":\"2021-02-05T14:25:56+00:00\",\"dateModified\":\"2021-02-05T14:29:45+00:00\",\"breadcrumb\":{\"@id\":\"https:\/\/anelto.eu\/toode\/liigendkaega-kinnitus-monitorile-voi-puuteekraanile\/#breadcrumb\"},\"inLanguage\":\"en-US\",\"potentialAction\":[{\"@type\":\"ReadAction\",\"target\":[\"https:\/\/anelto.eu\/toode\/liigendkaega-kinnitus-monitorile-voi-puuteekraanile\/\"]}]},{\"@type\":\"ImageObject\",\"inLanguage\":\"en-US\",\"@id\":\"https:\/\/anelto.eu\/toode\/liigendkaega-kinnitus-monitorile-voi-puuteekraanile\/#primaryimage\",\"url\":\"https:\/\/anelto.eu\/wp-content\/uploads\/2021\/02\/YES-sidejointmount_UUS.jpg\",\"contentUrl\":\"https:\/\/anelto.eu\/wp-content\/uploads\/2021\/02\/YES-sidejointmount_UUS.jpg\",\"width\":1000,\"height\":750},{\"@type\":\"BreadcrumbList\",\"@id\":\"https:\/\/anelto.eu\/toode\/liigendkaega-kinnitus-monitorile-voi-puuteekraanile\/#breadcrumb\",\"itemListElement\":[{\"@type\":\"ListItem\",\"position\":1,\"name\":\"Avaleht\",\"item\":\"https:\/\/anelto.eu\/\"},{\"@type\":\"ListItem\",\"position\":2,\"name\":\"Valdkonnad\",\"item\":\"https:\/\/anelto.eu\/valdkonnad\/\"},{\"@type\":\"ListItem\",\"position\":3,\"name\":\"Kassaseadmete kinnitused\",\"item\":\"https:\/\/anelto.eu\/tootekategooria\/kassaseadmete-kinnitused\/\"},{\"@type\":\"ListItem\",\"position\":4,\"name\":\"Liigendk\u00e4ega kinnitus monitorile v\u00f5i puuteekraanile\"}]},{\"@type\":\"WebSite\",\"@id\":\"https:\/\/anelto.eu\/#website\",\"url\":\"https:\/\/anelto.eu\/\",\"name\":\"Anelto - t\u00f6\u00f6ruumi efektiivsus\",\"description\":\"Ergonoomiline t\u00f6\u00f6keskkond ja kinnituslahendused!\",\"publisher\":{\"@id\":\"https:\/\/anelto.eu\/#organization\"},\"potentialAction\":[{\"@type\":\"SearchAction\",\"target\":{\"@type\":\"EntryPoint\",\"urlTemplate\":\"https:\/\/anelto.eu\/?s={search_term_string}\"},\"query-input\":{\"@type\":\"PropertyValueSpecification\",\"valueRequired\":true,\"valueName\":\"search_term_string\"}}],\"inLanguage\":\"en-US\"},{\"@type\":\"Organization\",\"@id\":\"https:\/\/anelto.eu\/#organization\",\"name\":\"Anelto\",\"url\":\"https:\/\/anelto.eu\/\",\"logo\":{\"@type\":\"ImageObject\",\"inLanguage\":\"en-US\",\"@id\":\"https:\/\/anelto.eu\/#\/schema\/logo\/image\/\",\"url\":\"https:\/\/anelto.eu\/wp-content\/uploads\/2020\/06\/Picture1.png\",\"contentUrl\":\"https:\/\/anelto.eu\/wp-content\/uploads\/2020\/06\/Picture1.png\",\"width\":615,\"height\":331,\"caption\":\"Anelto\"},\"image\":{\"@id\":\"https:\/\/anelto.eu\/#\/schema\/logo\/image\/\"}}]}<\/script>\n<!-- \/ Yoast SEO plugin. -->","yoast_head_json":{"title":"Liigendk\u00e4ega kinnitus monitorile v\u00f5i puuteekraanile - Anelto - t\u00f6\u00f6ruumi efektiivsus","robots":{"index":"index","follow":"follow","max-snippet":"max-snippet:-1","max-image-preview":"max-image-preview:large","max-video-preview":"max-video-preview:-1"},"canonical":"https:\/\/anelto.eu\/toode\/liigendkaega-kinnitus-monitorile-voi-puuteekraanile\/","og_locale":"en_US","og_type":"article","og_title":"Liigendk\u00e4ega kinnitus monitorile v\u00f5i puuteekraanile - Anelto - t\u00f6\u00f6ruumi efektiivsus","og_description":"Sobiv kinnitus, kui klienditeeninduses tuleb p\u00f6\u00f6rata monitor kliendi poole ja tagasi  Kassaseadmete kinnitused ja erinevad komplektid on m\u00f5eldud selleks, et hoida klienditeenindaja v\u00f5i kliendi kasutatav t\u00f6\u00f6pind vabam, viisakam ja ergonoomilisem  Pikendatavad ja p\u00f6\u00f6ratavad seadmete kinnitused tagavad kiirema makseportsessi ja mugavama seadmete kasutamise nii klienditeenindajale, kui ka tarbijale  Kassaseadmete korrektseks kaablite halduseks juhitakse kaablid kinnituspostide seest v\u00f5i kinnitatakse nende \u00fcmber spetsiaalsete plastik klambritega  Komplektis on (sulgudes lisainfo valikuv\u00f5imalustest):   P\u00f5hipost (erinevad pikkused: 100mm-1000mm)  P\u00f5hiposti k\u00fclge kinnitatav liigendk\u00e4si  Liigendk\u00e4e otsa kinnitatav VESA 75\/100 kinnitusplaat  P\u00f5hipostile v\u00f5imalik lisada veel muid kinnituselemente nagu kaardimakse terminali kinnitus,\u00a0 skanneri hoidja v\u00f5i kassaklaviatuuri alus.","og_url":"https:\/\/anelto.eu\/toode\/liigendkaega-kinnitus-monitorile-voi-puuteekraanile\/","og_site_name":"Anelto - t\u00f6\u00f6ruumi efektiivsus","article_modified_time":"2021-02-05T14:29:45+00:00","og_image":[{"width":1000,"height":750,"url":"https:\/\/anelto.eu\/wp-content\/uploads\/2021\/02\/YES-sidejointmount_UUS.jpg","type":"image\/jpeg"}],"twitter_card":"summary_large_image","schema":{"@context":"https:\/\/schema.org","@graph":[{"@type":"WebPage","@id":"https:\/\/anelto.eu\/toode\/liigendkaega-kinnitus-monitorile-voi-puuteekraanile\/","url":"https:\/\/anelto.eu\/toode\/liigendkaega-kinnitus-monitorile-voi-puuteekraanile\/","name":"Liigendk\u00e4ega kinnitus monitorile v\u00f5i puuteekraanile - Anelto - t\u00f6\u00f6ruumi efektiivsus","isPartOf":{"@id":"https:\/\/anelto.eu\/#website"},"primaryImageOfPage":{"@id":"https:\/\/anelto.eu\/toode\/liigendkaega-kinnitus-monitorile-voi-puuteekraanile\/#primaryimage"},"image":{"@id":"https:\/\/anelto.eu\/toode\/liigendkaega-kinnitus-monitorile-voi-puuteekraanile\/#primaryimage"},"thumbnailUrl":"https:\/\/anelto.eu\/wp-content\/uploads\/2021\/02\/YES-sidejointmount_UUS.jpg","datePublished":"2021-02-05T14:25:56+00:00","dateModified":"2021-02-05T14:29:45+00:00","breadcrumb":{"@id":"https:\/\/anelto.eu\/toode\/liigendkaega-kinnitus-monitorile-voi-puuteekraanile\/#breadcrumb"},"inLanguage":"en-US","potentialAction":[{"@type":"ReadAction","target":["https:\/\/anelto.eu\/toode\/liigendkaega-kinnitus-monitorile-voi-puuteekraanile\/"]}]},{"@type":"ImageObject","inLanguage":"en-US","@id":"https:\/\/anelto.eu\/toode\/liigendkaega-kinnitus-monitorile-voi-puuteekraanile\/#primaryimage","url":"https:\/\/anelto.eu\/wp-content\/uploads\/2021\/02\/YES-sidejointmount_UUS.jpg","contentUrl":"https:\/\/anelto.eu\/wp-content\/uploads\/2021\/02\/YES-sidejointmount_UUS.jpg","width":1000,"height":750},{"@type":"BreadcrumbList","@id":"https:\/\/anelto.eu\/toode\/liigendkaega-kinnitus-monitorile-voi-puuteekraanile\/#breadcrumb","itemListElement":[{"@type":"ListItem","position":1,"name":"Avaleht","item":"https:\/\/anelto.eu\/"},{"@type":"ListItem","position":2,"name":"Valdkonnad","item":"https:\/\/anelto.eu\/valdkonnad\/"},{"@type":"ListItem","position":3,"name":"Kassaseadmete kinnitused","item":"https:\/\/anelto.eu\/tootekategooria\/kassaseadmete-kinnitused\/"},{"@type":"ListItem","position":4,"name":"Liigendk\u00e4ega kinnitus monitorile v\u00f5i puuteekraanile"}]},{"@type":"WebSite","@id":"https:\/\/anelto.eu\/#website","url":"https:\/\/anelto.eu\/","name":"Anelto - t\u00f6\u00f6ruumi efektiivsus","description":"Ergonoomiline t\u00f6\u00f6keskkond ja kinnituslahendused!","publisher":{"@id":"https:\/\/anelto.eu\/#organization"},"potentialAction":[{"@type":"SearchAction","target":{"@type":"EntryPoint","urlTemplate":"https:\/\/anelto.eu\/?s={search_term_string}"},"query-input":{"@type":"PropertyValueSpecification","valueRequired":true,"valueName":"search_term_string"}}],"inLanguage":"en-US"},{"@type":"Organization","@id":"https:\/\/anelto.eu\/#organization","name":"Anelto","url":"https:\/\/anelto.eu\/","logo":{"@type":"ImageObject","inLanguage":"en-US","@id":"https:\/\/anelto.eu\/#\/schema\/logo\/image\/","url":"https:\/\/anelto.eu\/wp-content\/uploads\/2020\/06\/Picture1.png","contentUrl":"https:\/\/anelto.eu\/wp-content\/uploads\/2020\/06\/Picture1.png","width":615,"height":331,"caption":"Anelto"},"image":{"@id":"https:\/\/anelto.eu\/#\/schema\/logo\/image\/"}}]}},"_links":{"self":[{"href":"https:\/\/anelto.eu\/en\/wp-json\/wp\/v2\/product\/3998","targetHints":{"allow":["GET"]}}],"collection":[{"href":"https:\/\/anelto.eu\/en\/wp-json\/wp\/v2\/product"}],"about":[{"href":"https:\/\/anelto.eu\/en\/wp-json\/wp\/v2\/types\/product"}],"replies":[{"embeddable":true,"href":"https:\/\/anelto.eu\/en\/wp-json\/wp\/v2\/comments?post=3998"}],"wp:featuredmedia":[{"embeddable":true,"href":"https:\/\/anelto.eu\/en\/wp-json\/wp\/v2\/media\/3999"}],"wp:attachment":[{"href":"https:\/\/anelto.eu\/en\/wp-json\/wp\/v2\/media?parent=3998"}],"wp:term":[{"taxonomy":"product_cat","embeddable":true,"href":"https:\/\/anelto.eu\/en\/wp-json\/wp\/v2\/product_cat?post=3998"},{"taxonomy":"product_tag","embeddable":true,"href":"https:\/\/anelto.eu\/en\/wp-json\/wp\/v2\/product_tag?post=3998"}],"curies":[{"name":"wp","href":"https:\/\/api.w.org\/{rel}","templated":true}]}}