{"id":3993,"date":"2021-02-05T14:19:07","date_gmt":"2021-02-05T14:19:07","guid":{"rendered":"https:\/\/anelto.eu\/?post_type=product&#038;p=3993"},"modified":"2021-02-05T14:24:55","modified_gmt":"2021-02-05T14:24:55","slug":"reguleeritava-suurusega-tahvelarvuti-kinnitus-seinale-voi-lauale","status":"publish","type":"product","link":"https:\/\/anelto.eu\/en\/toode\/reguleeritava-suurusega-tahvelarvuti-kinnitus-seinale-voi-lauale\/","title":{"rendered":"Reguleeritava suurusega tahvelarvuti kinnitus seinale v\u00f5i lauale"},"content":{"rendered":"","protected":false},"excerpt":{"rendered":"<ul>\n<li>Sobiv lahendus, kui soovid pakkuda mugavamat tahvelarvuti kasutuskogemust<\/li>\n<li>Keeratav horisontaalselt, kinnitatav lauale ja seinale. Reguleeritavad erinevate suurustega tahvelarvutitele<\/li>\n<li>Kassaseadmete kinnitused ja erinevad komplektid on m\u00f5eldud selleks, et hoida t\u00f6\u00f6pind vabam ja ergonoomilisem<\/li>\n<li>Pikendatavad ja p\u00f6\u00f6ratavad seadmete kinnitused tagavad kiirema makseportsessi ja mugavama seadmete kasutamise nii klienditeenindajale, kui ka tarbijale<\/li>\n<li>Kassaseadmete korrektseks kaablite halduseks juhitakse kaablid kinnituspostide seest v\u00f5i kinnitatakse nende \u00fcmber spetsiaalsete plastik klambritega<\/li>\n<\/ul>\n<p><strong>Komplektis on (sulgudes lisainfo valikuv\u00f5imalustest):<\/strong><\/p>\n<ul>\n<li>P\u00f5hipost (seinakinnitus v\u00f5i lauakinnitus)<\/li>\n<li>P\u00f5hiposti otsa kinnitatav tahvelarvuti kinnitusraam<\/li>\n<\/ul>\n<p>Tahvelarvuti kinnitusalus v\u00f5ib olla kinnitatud liigendk\u00e4ele, pikendatavale k\u00fclgmisele kinnituspostile ja need omakorda suuremale p\u00f5hipostile.<\/p>\n<p style=\"text-align: center;\"><img loading=\"lazy\" decoding=\"async\" class=\"alignnone size-medium wp-image-2558\" src=\"https:\/\/anelto.eu\/wp-content\/uploads\/2020\/12\/weffy_logo-300x130.png\" alt=\"\" width=\"300\" height=\"130\" \/><\/p>\n","protected":false},"featured_media":3994,"comment_status":"closed","ping_status":"closed","template":"","meta":{"_acf_changed":false},"product_cat":[68,39],"product_tag":[],"class_list":{"0":"post-3993","1":"product","2":"type-product","3":"status-publish","4":"has-post-thumbnail","6":"product_cat-tahvel-laptop-arvuti-kinnitused","7":"product_cat-makseterminalide-kinnitused","9":"first","10":"instock","11":"shipping-taxable","12":"product-type-simple"},"acf":[],"yoast_head":"<!-- This site is optimized with the Yoast SEO plugin v23.9 - https:\/\/yoast.com\/wordpress\/plugins\/seo\/ -->\n<title>Reguleeritava suurusega tahvelarvuti kinnitus seinale v\u00f5i lauale - Anelto - t\u00f6\u00f6ruumi efektiivsus<\/title>\n<meta name=\"robots\" content=\"index, follow, max-snippet:-1, max-image-preview:large, max-video-preview:-1\" \/>\n<link rel=\"canonical\" href=\"https:\/\/anelto.eu\/toode\/reguleeritava-suurusega-tahvelarvuti-kinnitus-seinale-voi-lauale\/\" \/>\n<meta property=\"og:locale\" content=\"en_US\" \/>\n<meta property=\"og:type\" content=\"article\" \/>\n<meta property=\"og:title\" content=\"Reguleeritava suurusega tahvelarvuti kinnitus seinale v\u00f5i lauale - Anelto - t\u00f6\u00f6ruumi efektiivsus\" \/>\n<meta property=\"og:description\" content=\"Sobiv lahendus, kui soovid pakkuda mugavamat tahvelarvuti kasutuskogemust  Keeratav horisontaalselt, kinnitatav lauale ja seinale. Reguleeritavad erinevate suurustega tahvelarvutitele  Kassaseadmete kinnitused ja erinevad komplektid on m\u00f5eldud selleks, et hoida t\u00f6\u00f6pind vabam ja ergonoomilisem  Pikendatavad ja p\u00f6\u00f6ratavad seadmete kinnitused tagavad kiirema makseportsessi ja mugavama seadmete kasutamise nii klienditeenindajale, kui ka tarbijale  Kassaseadmete korrektseks kaablite halduseks juhitakse kaablid kinnituspostide seest v\u00f5i kinnitatakse nende \u00fcmber spetsiaalsete plastik klambritega  Komplektis on (sulgudes lisainfo valikuv\u00f5imalustest):   P\u00f5hipost (seinakinnitus v\u00f5i lauakinnitus)  P\u00f5hiposti otsa kinnitatav tahvelarvuti kinnitusraam  Tahvelarvuti kinnitusalus v\u00f5ib olla kinnitatud liigendk\u00e4ele, pikendatavale k\u00fclgmisele kinnituspostile ja need omakorda suuremale p\u00f5hipostile.\" \/>\n<meta property=\"og:url\" content=\"https:\/\/anelto.eu\/toode\/reguleeritava-suurusega-tahvelarvuti-kinnitus-seinale-voi-lauale\/\" \/>\n<meta property=\"og:site_name\" content=\"Anelto - t\u00f6\u00f6ruumi efektiivsus\" \/>\n<meta property=\"article:modified_time\" content=\"2021-02-05T14:24:55+00:00\" \/>\n<meta property=\"og:image\" content=\"https:\/\/anelto.eu\/wp-content\/uploads\/2021\/02\/YESsoporte-tablet-universal-pared-techpole_UUS.jpg\" \/>\n\t<meta property=\"og:image:width\" content=\"1000\" \/>\n\t<meta property=\"og:image:height\" content=\"800\" \/>\n\t<meta property=\"og:image:type\" content=\"image\/jpeg\" \/>\n<meta name=\"twitter:card\" content=\"summary_large_image\" \/>\n<script type=\"application\/ld+json\" class=\"yoast-schema-graph\">{\"@context\":\"https:\/\/schema.org\",\"@graph\":[{\"@type\":\"WebPage\",\"@id\":\"https:\/\/anelto.eu\/toode\/reguleeritava-suurusega-tahvelarvuti-kinnitus-seinale-voi-lauale\/\",\"url\":\"https:\/\/anelto.eu\/toode\/reguleeritava-suurusega-tahvelarvuti-kinnitus-seinale-voi-lauale\/\",\"name\":\"Reguleeritava suurusega tahvelarvuti kinnitus seinale v\u00f5i lauale - Anelto - t\u00f6\u00f6ruumi efektiivsus\",\"isPartOf\":{\"@id\":\"https:\/\/anelto.eu\/#website\"},\"primaryImageOfPage\":{\"@id\":\"https:\/\/anelto.eu\/toode\/reguleeritava-suurusega-tahvelarvuti-kinnitus-seinale-voi-lauale\/#primaryimage\"},\"image\":{\"@id\":\"https:\/\/anelto.eu\/toode\/reguleeritava-suurusega-tahvelarvuti-kinnitus-seinale-voi-lauale\/#primaryimage\"},\"thumbnailUrl\":\"https:\/\/anelto.eu\/wp-content\/uploads\/2021\/02\/YESsoporte-tablet-universal-pared-techpole_UUS.jpg\",\"datePublished\":\"2021-02-05T14:19:07+00:00\",\"dateModified\":\"2021-02-05T14:24:55+00:00\",\"breadcrumb\":{\"@id\":\"https:\/\/anelto.eu\/toode\/reguleeritava-suurusega-tahvelarvuti-kinnitus-seinale-voi-lauale\/#breadcrumb\"},\"inLanguage\":\"en-US\",\"potentialAction\":[{\"@type\":\"ReadAction\",\"target\":[\"https:\/\/anelto.eu\/toode\/reguleeritava-suurusega-tahvelarvuti-kinnitus-seinale-voi-lauale\/\"]}]},{\"@type\":\"ImageObject\",\"inLanguage\":\"en-US\",\"@id\":\"https:\/\/anelto.eu\/toode\/reguleeritava-suurusega-tahvelarvuti-kinnitus-seinale-voi-lauale\/#primaryimage\",\"url\":\"https:\/\/anelto.eu\/wp-content\/uploads\/2021\/02\/YESsoporte-tablet-universal-pared-techpole_UUS.jpg\",\"contentUrl\":\"https:\/\/anelto.eu\/wp-content\/uploads\/2021\/02\/YESsoporte-tablet-universal-pared-techpole_UUS.jpg\",\"width\":1000,\"height\":800},{\"@type\":\"BreadcrumbList\",\"@id\":\"https:\/\/anelto.eu\/toode\/reguleeritava-suurusega-tahvelarvuti-kinnitus-seinale-voi-lauale\/#breadcrumb\",\"itemListElement\":[{\"@type\":\"ListItem\",\"position\":1,\"name\":\"Avaleht\",\"item\":\"https:\/\/anelto.eu\/\"},{\"@type\":\"ListItem\",\"position\":2,\"name\":\"Valdkonnad\",\"item\":\"https:\/\/anelto.eu\/valdkonnad\/\"},{\"@type\":\"ListItem\",\"position\":3,\"name\":\"Tahvel -ja laptop arvuti kinnitused\",\"item\":\"https:\/\/anelto.eu\/tootekategooria\/tahvel-laptop-arvuti-kinnitused\/\"},{\"@type\":\"ListItem\",\"position\":4,\"name\":\"Reguleeritava suurusega tahvelarvuti kinnitus seinale v\u00f5i lauale\"}]},{\"@type\":\"WebSite\",\"@id\":\"https:\/\/anelto.eu\/#website\",\"url\":\"https:\/\/anelto.eu\/\",\"name\":\"Anelto - t\u00f6\u00f6ruumi efektiivsus\",\"description\":\"Ergonoomiline t\u00f6\u00f6keskkond ja kinnituslahendused!\",\"publisher\":{\"@id\":\"https:\/\/anelto.eu\/#organization\"},\"potentialAction\":[{\"@type\":\"SearchAction\",\"target\":{\"@type\":\"EntryPoint\",\"urlTemplate\":\"https:\/\/anelto.eu\/?s={search_term_string}\"},\"query-input\":{\"@type\":\"PropertyValueSpecification\",\"valueRequired\":true,\"valueName\":\"search_term_string\"}}],\"inLanguage\":\"en-US\"},{\"@type\":\"Organization\",\"@id\":\"https:\/\/anelto.eu\/#organization\",\"name\":\"Anelto\",\"url\":\"https:\/\/anelto.eu\/\",\"logo\":{\"@type\":\"ImageObject\",\"inLanguage\":\"en-US\",\"@id\":\"https:\/\/anelto.eu\/#\/schema\/logo\/image\/\",\"url\":\"https:\/\/anelto.eu\/wp-content\/uploads\/2020\/06\/Picture1.png\",\"contentUrl\":\"https:\/\/anelto.eu\/wp-content\/uploads\/2020\/06\/Picture1.png\",\"width\":615,\"height\":331,\"caption\":\"Anelto\"},\"image\":{\"@id\":\"https:\/\/anelto.eu\/#\/schema\/logo\/image\/\"}}]}<\/script>\n<!-- \/ Yoast SEO plugin. -->","yoast_head_json":{"title":"Reguleeritava suurusega tahvelarvuti kinnitus seinale v\u00f5i lauale - Anelto - t\u00f6\u00f6ruumi efektiivsus","robots":{"index":"index","follow":"follow","max-snippet":"max-snippet:-1","max-image-preview":"max-image-preview:large","max-video-preview":"max-video-preview:-1"},"canonical":"https:\/\/anelto.eu\/toode\/reguleeritava-suurusega-tahvelarvuti-kinnitus-seinale-voi-lauale\/","og_locale":"en_US","og_type":"article","og_title":"Reguleeritava suurusega tahvelarvuti kinnitus seinale v\u00f5i lauale - Anelto - t\u00f6\u00f6ruumi efektiivsus","og_description":"Sobiv lahendus, kui soovid pakkuda mugavamat tahvelarvuti kasutuskogemust  Keeratav horisontaalselt, kinnitatav lauale ja seinale. Reguleeritavad erinevate suurustega tahvelarvutitele  Kassaseadmete kinnitused ja erinevad komplektid on m\u00f5eldud selleks, et hoida t\u00f6\u00f6pind vabam ja ergonoomilisem  Pikendatavad ja p\u00f6\u00f6ratavad seadmete kinnitused tagavad kiirema makseportsessi ja mugavama seadmete kasutamise nii klienditeenindajale, kui ka tarbijale  Kassaseadmete korrektseks kaablite halduseks juhitakse kaablid kinnituspostide seest v\u00f5i kinnitatakse nende \u00fcmber spetsiaalsete plastik klambritega  Komplektis on (sulgudes lisainfo valikuv\u00f5imalustest):   P\u00f5hipost (seinakinnitus v\u00f5i lauakinnitus)  P\u00f5hiposti otsa kinnitatav tahvelarvuti kinnitusraam  Tahvelarvuti kinnitusalus v\u00f5ib olla kinnitatud liigendk\u00e4ele, pikendatavale k\u00fclgmisele kinnituspostile ja need omakorda suuremale p\u00f5hipostile.","og_url":"https:\/\/anelto.eu\/toode\/reguleeritava-suurusega-tahvelarvuti-kinnitus-seinale-voi-lauale\/","og_site_name":"Anelto - t\u00f6\u00f6ruumi efektiivsus","article_modified_time":"2021-02-05T14:24:55+00:00","og_image":[{"width":1000,"height":800,"url":"https:\/\/anelto.eu\/wp-content\/uploads\/2021\/02\/YESsoporte-tablet-universal-pared-techpole_UUS.jpg","type":"image\/jpeg"}],"twitter_card":"summary_large_image","schema":{"@context":"https:\/\/schema.org","@graph":[{"@type":"WebPage","@id":"https:\/\/anelto.eu\/toode\/reguleeritava-suurusega-tahvelarvuti-kinnitus-seinale-voi-lauale\/","url":"https:\/\/anelto.eu\/toode\/reguleeritava-suurusega-tahvelarvuti-kinnitus-seinale-voi-lauale\/","name":"Reguleeritava suurusega tahvelarvuti kinnitus seinale v\u00f5i lauale - Anelto - t\u00f6\u00f6ruumi efektiivsus","isPartOf":{"@id":"https:\/\/anelto.eu\/#website"},"primaryImageOfPage":{"@id":"https:\/\/anelto.eu\/toode\/reguleeritava-suurusega-tahvelarvuti-kinnitus-seinale-voi-lauale\/#primaryimage"},"image":{"@id":"https:\/\/anelto.eu\/toode\/reguleeritava-suurusega-tahvelarvuti-kinnitus-seinale-voi-lauale\/#primaryimage"},"thumbnailUrl":"https:\/\/anelto.eu\/wp-content\/uploads\/2021\/02\/YESsoporte-tablet-universal-pared-techpole_UUS.jpg","datePublished":"2021-02-05T14:19:07+00:00","dateModified":"2021-02-05T14:24:55+00:00","breadcrumb":{"@id":"https:\/\/anelto.eu\/toode\/reguleeritava-suurusega-tahvelarvuti-kinnitus-seinale-voi-lauale\/#breadcrumb"},"inLanguage":"en-US","potentialAction":[{"@type":"ReadAction","target":["https:\/\/anelto.eu\/toode\/reguleeritava-suurusega-tahvelarvuti-kinnitus-seinale-voi-lauale\/"]}]},{"@type":"ImageObject","inLanguage":"en-US","@id":"https:\/\/anelto.eu\/toode\/reguleeritava-suurusega-tahvelarvuti-kinnitus-seinale-voi-lauale\/#primaryimage","url":"https:\/\/anelto.eu\/wp-content\/uploads\/2021\/02\/YESsoporte-tablet-universal-pared-techpole_UUS.jpg","contentUrl":"https:\/\/anelto.eu\/wp-content\/uploads\/2021\/02\/YESsoporte-tablet-universal-pared-techpole_UUS.jpg","width":1000,"height":800},{"@type":"BreadcrumbList","@id":"https:\/\/anelto.eu\/toode\/reguleeritava-suurusega-tahvelarvuti-kinnitus-seinale-voi-lauale\/#breadcrumb","itemListElement":[{"@type":"ListItem","position":1,"name":"Avaleht","item":"https:\/\/anelto.eu\/"},{"@type":"ListItem","position":2,"name":"Valdkonnad","item":"https:\/\/anelto.eu\/valdkonnad\/"},{"@type":"ListItem","position":3,"name":"Tahvel -ja laptop arvuti kinnitused","item":"https:\/\/anelto.eu\/tootekategooria\/tahvel-laptop-arvuti-kinnitused\/"},{"@type":"ListItem","position":4,"name":"Reguleeritava suurusega tahvelarvuti kinnitus seinale v\u00f5i lauale"}]},{"@type":"WebSite","@id":"https:\/\/anelto.eu\/#website","url":"https:\/\/anelto.eu\/","name":"Anelto - t\u00f6\u00f6ruumi efektiivsus","description":"Ergonoomiline t\u00f6\u00f6keskkond ja kinnituslahendused!","publisher":{"@id":"https:\/\/anelto.eu\/#organization"},"potentialAction":[{"@type":"SearchAction","target":{"@type":"EntryPoint","urlTemplate":"https:\/\/anelto.eu\/?s={search_term_string}"},"query-input":{"@type":"PropertyValueSpecification","valueRequired":true,"valueName":"search_term_string"}}],"inLanguage":"en-US"},{"@type":"Organization","@id":"https:\/\/anelto.eu\/#organization","name":"Anelto","url":"https:\/\/anelto.eu\/","logo":{"@type":"ImageObject","inLanguage":"en-US","@id":"https:\/\/anelto.eu\/#\/schema\/logo\/image\/","url":"https:\/\/anelto.eu\/wp-content\/uploads\/2020\/06\/Picture1.png","contentUrl":"https:\/\/anelto.eu\/wp-content\/uploads\/2020\/06\/Picture1.png","width":615,"height":331,"caption":"Anelto"},"image":{"@id":"https:\/\/anelto.eu\/#\/schema\/logo\/image\/"}}]}},"_links":{"self":[{"href":"https:\/\/anelto.eu\/en\/wp-json\/wp\/v2\/product\/3993","targetHints":{"allow":["GET"]}}],"collection":[{"href":"https:\/\/anelto.eu\/en\/wp-json\/wp\/v2\/product"}],"about":[{"href":"https:\/\/anelto.eu\/en\/wp-json\/wp\/v2\/types\/product"}],"replies":[{"embeddable":true,"href":"https:\/\/anelto.eu\/en\/wp-json\/wp\/v2\/comments?post=3993"}],"wp:featuredmedia":[{"embeddable":true,"href":"https:\/\/anelto.eu\/en\/wp-json\/wp\/v2\/media\/3994"}],"wp:attachment":[{"href":"https:\/\/anelto.eu\/en\/wp-json\/wp\/v2\/media?parent=3993"}],"wp:term":[{"taxonomy":"product_cat","embeddable":true,"href":"https:\/\/anelto.eu\/en\/wp-json\/wp\/v2\/product_cat?post=3993"},{"taxonomy":"product_tag","embeddable":true,"href":"https:\/\/anelto.eu\/en\/wp-json\/wp\/v2\/product_tag?post=3993"}],"curies":[{"name":"wp","href":"https:\/\/api.w.org\/{rel}","templated":true}]}}