{"id":3979,"date":"2021-02-05T12:55:13","date_gmt":"2021-02-05T12:55:13","guid":{"rendered":"https:\/\/anelto.eu\/?post_type=product&#038;p=3979"},"modified":"2021-02-05T14:11:49","modified_gmt":"2021-02-05T14:11:49","slug":"kinnituskomplekt-kaardimakse-terminalile-puuteekraanile-monitorile-tsekiprinterile","status":"publish","type":"product","link":"https:\/\/anelto.eu\/en\/toode\/kinnituskomplekt-kaardimakse-terminalile-puuteekraanile-monitorile-tsekiprinterile\/","title":{"rendered":"Kinnituskomplekt kaardimakse terminalile, puuteekraanile, t\u0161ekiprinterile"},"content":{"rendered":"","protected":false},"excerpt":{"rendered":"<ul>\n<li>Sobiv lahendus, kui soovid k\u00f5iki seadmeid paigutada \u00fcksteises eraldi, n\u00e4iteks iseteenindusstendi<\/li>\n<li>Kassaseadmete kinnitused ja erinevad komplektid on m\u00f5eldud selleks, et hoida t\u00f6\u00f6pind vabam ja ergonoomilisem<\/li>\n<li>Pikendatavad ja p\u00f6\u00f6ratavad seadmete kinnitused tagavad kiirema makseportsessi ja mugavama seadmete kasutamise nii klienditeenindajale, kui ka tarbijale<\/li>\n<li>Kassaseadmete korrektseks kaablite halduseks juhitakse kaablid kinnituspostide seest v\u00f5i kinnitatakse nende \u00fcmber spetsiaalsete plastik klambritega<\/li>\n<\/ul>\n<p><strong>Komplektis on (sulgudes lisainfo valikuv\u00f5imalustest):<\/strong><\/p>\n<ul>\n<li>P\u00f5hipost (erinevad pikkused: 100mm-1000mm)<\/li>\n<li>P\u00f5hitoru otsa kinnitatav VESA 75\/100 kinnitusplaat<\/li>\n<li>T\u0161ekiprinteri kinnitusalus omal kinnituspostil (postide erinevad pikkused 35mm-150mm \/ t\u0161ekprinteritele nagu citizen, Epson, Toshiba jms)<\/li>\n<li>Kaardimakse terminali alusplaat koos oma kinnituspostiga (postide erinevad pikkused 35mm-150mm)<\/li>\n<\/ul>\n<p>Suurele p\u00f5hipostile v\u00f5imalik lisada veel muid kinnituselemente nagu skanneri hoidja v\u00f5i n\u00e4iteks liigendk\u00e4si kinnitus koos klaviatuuri alusega.<\/p>\n<p style=\"text-align: center;\"><img loading=\"lazy\" decoding=\"async\" class=\"alignnone size-medium wp-image-2558\" src=\"https:\/\/anelto.eu\/wp-content\/uploads\/2020\/12\/weffy_logo-300x130.png\" alt=\"\" width=\"300\" height=\"130\" \/><\/p>\n","protected":false},"featured_media":2069,"comment_status":"closed","ping_status":"closed","template":"","meta":{"_acf_changed":false},"product_cat":[69],"product_tag":[],"class_list":{"0":"post-3979","1":"product","2":"type-product","3":"status-publish","4":"has-post-thumbnail","6":"product_cat-kassaseadmete-kinnitused","8":"first","9":"instock","10":"shipping-taxable","11":"product-type-simple"},"acf":[],"yoast_head":"<!-- This site is optimized with the Yoast SEO plugin v23.9 - https:\/\/yoast.com\/wordpress\/plugins\/seo\/ -->\n<title>Kinnituskomplekt kaardimakse terminalile, puuteekraanile, t\u0161ekiprinterile - Anelto - t\u00f6\u00f6ruumi efektiivsus<\/title>\n<meta name=\"robots\" content=\"index, follow, max-snippet:-1, max-image-preview:large, max-video-preview:-1\" \/>\n<link rel=\"canonical\" href=\"https:\/\/anelto.eu\/toode\/kinnituskomplekt-kaardimakse-terminalile-puuteekraanile-monitorile-tsekiprinterile\/\" \/>\n<meta property=\"og:locale\" content=\"en_US\" \/>\n<meta property=\"og:type\" content=\"article\" \/>\n<meta property=\"og:title\" content=\"Kinnituskomplekt kaardimakse terminalile, puuteekraanile, t\u0161ekiprinterile - Anelto - t\u00f6\u00f6ruumi efektiivsus\" \/>\n<meta property=\"og:description\" content=\"Sobiv lahendus, kui soovid k\u00f5iki seadmeid paigutada \u00fcksteises eraldi, n\u00e4iteks iseteenindusstendi  Kassaseadmete kinnitused ja erinevad komplektid on m\u00f5eldud selleks, et hoida t\u00f6\u00f6pind vabam ja ergonoomilisem  Pikendatavad ja p\u00f6\u00f6ratavad seadmete kinnitused tagavad kiirema makseportsessi ja mugavama seadmete kasutamise nii klienditeenindajale, kui ka tarbijale  Kassaseadmete korrektseks kaablite halduseks juhitakse kaablid kinnituspostide seest v\u00f5i kinnitatakse nende \u00fcmber spetsiaalsete plastik klambritega  Komplektis on (sulgudes lisainfo valikuv\u00f5imalustest):   P\u00f5hipost (erinevad pikkused: 100mm-1000mm)  P\u00f5hitoru otsa kinnitatav VESA 75\/100 kinnitusplaat  T\u0161ekiprinteri kinnitusalus omal kinnituspostil (postide erinevad pikkused 35mm-150mm \/ t\u0161ekprinteritele nagu citizen, Epson, Toshiba jms)  Kaardimakse terminali alusplaat koos oma kinnituspostiga (postide erinevad pikkused 35mm-150mm)  Suurele p\u00f5hipostile v\u00f5imalik lisada veel muid kinnituselemente nagu skanneri hoidja v\u00f5i n\u00e4iteks liigendk\u00e4si kinnitus koos klaviatuuri alusega.\" \/>\n<meta property=\"og:url\" content=\"https:\/\/anelto.eu\/toode\/kinnituskomplekt-kaardimakse-terminalile-puuteekraanile-monitorile-tsekiprinterile\/\" \/>\n<meta property=\"og:site_name\" content=\"Anelto - t\u00f6\u00f6ruumi efektiivsus\" \/>\n<meta property=\"article:modified_time\" content=\"2021-02-05T14:11:49+00:00\" \/>\n<meta property=\"og:image\" content=\"https:\/\/anelto.eu\/wp-content\/uploads\/2020\/07\/Picture1-1.png\" \/>\n\t<meta property=\"og:image:width\" content=\"658\" \/>\n\t<meta property=\"og:image:height\" content=\"572\" \/>\n\t<meta property=\"og:image:type\" content=\"image\/png\" \/>\n<meta name=\"twitter:card\" content=\"summary_large_image\" \/>\n<script type=\"application\/ld+json\" class=\"yoast-schema-graph\">{\"@context\":\"https:\/\/schema.org\",\"@graph\":[{\"@type\":\"WebPage\",\"@id\":\"https:\/\/anelto.eu\/toode\/kinnituskomplekt-kaardimakse-terminalile-puuteekraanile-monitorile-tsekiprinterile\/\",\"url\":\"https:\/\/anelto.eu\/toode\/kinnituskomplekt-kaardimakse-terminalile-puuteekraanile-monitorile-tsekiprinterile\/\",\"name\":\"Kinnituskomplekt kaardimakse terminalile, puuteekraanile, t\u0161ekiprinterile - Anelto - t\u00f6\u00f6ruumi efektiivsus\",\"isPartOf\":{\"@id\":\"https:\/\/anelto.eu\/#website\"},\"primaryImageOfPage\":{\"@id\":\"https:\/\/anelto.eu\/toode\/kinnituskomplekt-kaardimakse-terminalile-puuteekraanile-monitorile-tsekiprinterile\/#primaryimage\"},\"image\":{\"@id\":\"https:\/\/anelto.eu\/toode\/kinnituskomplekt-kaardimakse-terminalile-puuteekraanile-monitorile-tsekiprinterile\/#primaryimage\"},\"thumbnailUrl\":\"https:\/\/anelto.eu\/wp-content\/uploads\/2020\/07\/Picture1-1.png\",\"datePublished\":\"2021-02-05T12:55:13+00:00\",\"dateModified\":\"2021-02-05T14:11:49+00:00\",\"breadcrumb\":{\"@id\":\"https:\/\/anelto.eu\/toode\/kinnituskomplekt-kaardimakse-terminalile-puuteekraanile-monitorile-tsekiprinterile\/#breadcrumb\"},\"inLanguage\":\"en-US\",\"potentialAction\":[{\"@type\":\"ReadAction\",\"target\":[\"https:\/\/anelto.eu\/toode\/kinnituskomplekt-kaardimakse-terminalile-puuteekraanile-monitorile-tsekiprinterile\/\"]}]},{\"@type\":\"ImageObject\",\"inLanguage\":\"en-US\",\"@id\":\"https:\/\/anelto.eu\/toode\/kinnituskomplekt-kaardimakse-terminalile-puuteekraanile-monitorile-tsekiprinterile\/#primaryimage\",\"url\":\"https:\/\/anelto.eu\/wp-content\/uploads\/2020\/07\/Picture1-1.png\",\"contentUrl\":\"https:\/\/anelto.eu\/wp-content\/uploads\/2020\/07\/Picture1-1.png\",\"width\":658,\"height\":572},{\"@type\":\"BreadcrumbList\",\"@id\":\"https:\/\/anelto.eu\/toode\/kinnituskomplekt-kaardimakse-terminalile-puuteekraanile-monitorile-tsekiprinterile\/#breadcrumb\",\"itemListElement\":[{\"@type\":\"ListItem\",\"position\":1,\"name\":\"Avaleht\",\"item\":\"https:\/\/anelto.eu\/\"},{\"@type\":\"ListItem\",\"position\":2,\"name\":\"Valdkonnad\",\"item\":\"https:\/\/anelto.eu\/valdkonnad\/\"},{\"@type\":\"ListItem\",\"position\":3,\"name\":\"Kassaseadmete kinnitused\",\"item\":\"https:\/\/anelto.eu\/tootekategooria\/kassaseadmete-kinnitused\/\"},{\"@type\":\"ListItem\",\"position\":4,\"name\":\"Kinnituskomplekt kaardimakse terminalile, puuteekraanile, t\u0161ekiprinterile\"}]},{\"@type\":\"WebSite\",\"@id\":\"https:\/\/anelto.eu\/#website\",\"url\":\"https:\/\/anelto.eu\/\",\"name\":\"Anelto - t\u00f6\u00f6ruumi efektiivsus\",\"description\":\"Ergonoomiline t\u00f6\u00f6keskkond ja kinnituslahendused!\",\"publisher\":{\"@id\":\"https:\/\/anelto.eu\/#organization\"},\"potentialAction\":[{\"@type\":\"SearchAction\",\"target\":{\"@type\":\"EntryPoint\",\"urlTemplate\":\"https:\/\/anelto.eu\/?s={search_term_string}\"},\"query-input\":{\"@type\":\"PropertyValueSpecification\",\"valueRequired\":true,\"valueName\":\"search_term_string\"}}],\"inLanguage\":\"en-US\"},{\"@type\":\"Organization\",\"@id\":\"https:\/\/anelto.eu\/#organization\",\"name\":\"Anelto\",\"url\":\"https:\/\/anelto.eu\/\",\"logo\":{\"@type\":\"ImageObject\",\"inLanguage\":\"en-US\",\"@id\":\"https:\/\/anelto.eu\/#\/schema\/logo\/image\/\",\"url\":\"https:\/\/anelto.eu\/wp-content\/uploads\/2020\/06\/Picture1.png\",\"contentUrl\":\"https:\/\/anelto.eu\/wp-content\/uploads\/2020\/06\/Picture1.png\",\"width\":615,\"height\":331,\"caption\":\"Anelto\"},\"image\":{\"@id\":\"https:\/\/anelto.eu\/#\/schema\/logo\/image\/\"}}]}<\/script>\n<!-- \/ Yoast SEO plugin. -->","yoast_head_json":{"title":"Kinnituskomplekt kaardimakse terminalile, puuteekraanile, t\u0161ekiprinterile - Anelto - t\u00f6\u00f6ruumi efektiivsus","robots":{"index":"index","follow":"follow","max-snippet":"max-snippet:-1","max-image-preview":"max-image-preview:large","max-video-preview":"max-video-preview:-1"},"canonical":"https:\/\/anelto.eu\/toode\/kinnituskomplekt-kaardimakse-terminalile-puuteekraanile-monitorile-tsekiprinterile\/","og_locale":"en_US","og_type":"article","og_title":"Kinnituskomplekt kaardimakse terminalile, puuteekraanile, t\u0161ekiprinterile - Anelto - t\u00f6\u00f6ruumi efektiivsus","og_description":"Sobiv lahendus, kui soovid k\u00f5iki seadmeid paigutada \u00fcksteises eraldi, n\u00e4iteks iseteenindusstendi  Kassaseadmete kinnitused ja erinevad komplektid on m\u00f5eldud selleks, et hoida t\u00f6\u00f6pind vabam ja ergonoomilisem  Pikendatavad ja p\u00f6\u00f6ratavad seadmete kinnitused tagavad kiirema makseportsessi ja mugavama seadmete kasutamise nii klienditeenindajale, kui ka tarbijale  Kassaseadmete korrektseks kaablite halduseks juhitakse kaablid kinnituspostide seest v\u00f5i kinnitatakse nende \u00fcmber spetsiaalsete plastik klambritega  Komplektis on (sulgudes lisainfo valikuv\u00f5imalustest):   P\u00f5hipost (erinevad pikkused: 100mm-1000mm)  P\u00f5hitoru otsa kinnitatav VESA 75\/100 kinnitusplaat  T\u0161ekiprinteri kinnitusalus omal kinnituspostil (postide erinevad pikkused 35mm-150mm \/ t\u0161ekprinteritele nagu citizen, Epson, Toshiba jms)  Kaardimakse terminali alusplaat koos oma kinnituspostiga (postide erinevad pikkused 35mm-150mm)  Suurele p\u00f5hipostile v\u00f5imalik lisada veel muid kinnituselemente nagu skanneri hoidja v\u00f5i n\u00e4iteks liigendk\u00e4si kinnitus koos klaviatuuri alusega.","og_url":"https:\/\/anelto.eu\/toode\/kinnituskomplekt-kaardimakse-terminalile-puuteekraanile-monitorile-tsekiprinterile\/","og_site_name":"Anelto - t\u00f6\u00f6ruumi efektiivsus","article_modified_time":"2021-02-05T14:11:49+00:00","og_image":[{"width":658,"height":572,"url":"https:\/\/anelto.eu\/wp-content\/uploads\/2020\/07\/Picture1-1.png","type":"image\/png"}],"twitter_card":"summary_large_image","schema":{"@context":"https:\/\/schema.org","@graph":[{"@type":"WebPage","@id":"https:\/\/anelto.eu\/toode\/kinnituskomplekt-kaardimakse-terminalile-puuteekraanile-monitorile-tsekiprinterile\/","url":"https:\/\/anelto.eu\/toode\/kinnituskomplekt-kaardimakse-terminalile-puuteekraanile-monitorile-tsekiprinterile\/","name":"Kinnituskomplekt kaardimakse terminalile, puuteekraanile, t\u0161ekiprinterile - Anelto - t\u00f6\u00f6ruumi efektiivsus","isPartOf":{"@id":"https:\/\/anelto.eu\/#website"},"primaryImageOfPage":{"@id":"https:\/\/anelto.eu\/toode\/kinnituskomplekt-kaardimakse-terminalile-puuteekraanile-monitorile-tsekiprinterile\/#primaryimage"},"image":{"@id":"https:\/\/anelto.eu\/toode\/kinnituskomplekt-kaardimakse-terminalile-puuteekraanile-monitorile-tsekiprinterile\/#primaryimage"},"thumbnailUrl":"https:\/\/anelto.eu\/wp-content\/uploads\/2020\/07\/Picture1-1.png","datePublished":"2021-02-05T12:55:13+00:00","dateModified":"2021-02-05T14:11:49+00:00","breadcrumb":{"@id":"https:\/\/anelto.eu\/toode\/kinnituskomplekt-kaardimakse-terminalile-puuteekraanile-monitorile-tsekiprinterile\/#breadcrumb"},"inLanguage":"en-US","potentialAction":[{"@type":"ReadAction","target":["https:\/\/anelto.eu\/toode\/kinnituskomplekt-kaardimakse-terminalile-puuteekraanile-monitorile-tsekiprinterile\/"]}]},{"@type":"ImageObject","inLanguage":"en-US","@id":"https:\/\/anelto.eu\/toode\/kinnituskomplekt-kaardimakse-terminalile-puuteekraanile-monitorile-tsekiprinterile\/#primaryimage","url":"https:\/\/anelto.eu\/wp-content\/uploads\/2020\/07\/Picture1-1.png","contentUrl":"https:\/\/anelto.eu\/wp-content\/uploads\/2020\/07\/Picture1-1.png","width":658,"height":572},{"@type":"BreadcrumbList","@id":"https:\/\/anelto.eu\/toode\/kinnituskomplekt-kaardimakse-terminalile-puuteekraanile-monitorile-tsekiprinterile\/#breadcrumb","itemListElement":[{"@type":"ListItem","position":1,"name":"Avaleht","item":"https:\/\/anelto.eu\/"},{"@type":"ListItem","position":2,"name":"Valdkonnad","item":"https:\/\/anelto.eu\/valdkonnad\/"},{"@type":"ListItem","position":3,"name":"Kassaseadmete kinnitused","item":"https:\/\/anelto.eu\/tootekategooria\/kassaseadmete-kinnitused\/"},{"@type":"ListItem","position":4,"name":"Kinnituskomplekt kaardimakse terminalile, puuteekraanile, t\u0161ekiprinterile"}]},{"@type":"WebSite","@id":"https:\/\/anelto.eu\/#website","url":"https:\/\/anelto.eu\/","name":"Anelto - t\u00f6\u00f6ruumi efektiivsus","description":"Ergonoomiline t\u00f6\u00f6keskkond ja kinnituslahendused!","publisher":{"@id":"https:\/\/anelto.eu\/#organization"},"potentialAction":[{"@type":"SearchAction","target":{"@type":"EntryPoint","urlTemplate":"https:\/\/anelto.eu\/?s={search_term_string}"},"query-input":{"@type":"PropertyValueSpecification","valueRequired":true,"valueName":"search_term_string"}}],"inLanguage":"en-US"},{"@type":"Organization","@id":"https:\/\/anelto.eu\/#organization","name":"Anelto","url":"https:\/\/anelto.eu\/","logo":{"@type":"ImageObject","inLanguage":"en-US","@id":"https:\/\/anelto.eu\/#\/schema\/logo\/image\/","url":"https:\/\/anelto.eu\/wp-content\/uploads\/2020\/06\/Picture1.png","contentUrl":"https:\/\/anelto.eu\/wp-content\/uploads\/2020\/06\/Picture1.png","width":615,"height":331,"caption":"Anelto"},"image":{"@id":"https:\/\/anelto.eu\/#\/schema\/logo\/image\/"}}]}},"_links":{"self":[{"href":"https:\/\/anelto.eu\/en\/wp-json\/wp\/v2\/product\/3979","targetHints":{"allow":["GET"]}}],"collection":[{"href":"https:\/\/anelto.eu\/en\/wp-json\/wp\/v2\/product"}],"about":[{"href":"https:\/\/anelto.eu\/en\/wp-json\/wp\/v2\/types\/product"}],"replies":[{"embeddable":true,"href":"https:\/\/anelto.eu\/en\/wp-json\/wp\/v2\/comments?post=3979"}],"wp:featuredmedia":[{"embeddable":true,"href":"https:\/\/anelto.eu\/en\/wp-json\/wp\/v2\/media\/2069"}],"wp:attachment":[{"href":"https:\/\/anelto.eu\/en\/wp-json\/wp\/v2\/media?parent=3979"}],"wp:term":[{"taxonomy":"product_cat","embeddable":true,"href":"https:\/\/anelto.eu\/en\/wp-json\/wp\/v2\/product_cat?post=3979"},{"taxonomy":"product_tag","embeddable":true,"href":"https:\/\/anelto.eu\/en\/wp-json\/wp\/v2\/product_tag?post=3979"}],"curies":[{"name":"wp","href":"https:\/\/api.w.org\/{rel}","templated":true}]}}