{"id":3963,"date":"2021-02-04T17:16:43","date_gmt":"2021-02-04T17:16:43","guid":{"rendered":"https:\/\/anelto.eu\/?post_type=product&#038;p=3963"},"modified":"2021-05-19T14:58:03","modified_gmt":"2021-05-19T14:58:03","slug":"ram-horisontaalne-liigendkaega-kinnitus-lowrance-elite-5-seeria-sedmetele","status":"publish","type":"product","link":"https:\/\/anelto.eu\/en\/toode\/ram-horisontaalne-liigendkaega-kinnitus-lowrance-elite-5-seeria-sedmetele\/","title":{"rendered":"RAM\u00ae horisontaalne liigendk\u00e4ega kinnitus Lowrance Elite 5 seeria sedmetele"},"content":{"rendered":"","protected":false},"excerpt":{"rendered":"<ul>\n<li>Koosneb 6-tollisest liigendhoovast, mis on kinnitatud horisontaalsele pinnale<\/li>\n<li>Kinnituslahendus v\u00f5imaldab asetada kinnitatava seadme 360-kraadi kinnitatava asukoha \u00fcmber<\/li>\n<li>C suurusega liigend annab t\u00e4iendavat paindlikkust seadme kaldenurga ja asukoha seadistamisel<\/li>\n<li>Lahendusel on kiire vabastamise mehhanism, mis v\u00f5imaldab teil seadme sekunditega eemaldada<\/li>\n<li>Valmistatud pulbriga kaetud terasest ja \u00fclitugevast komposiidist<\/li>\n<li>Tagatud eluaegne garanti<\/li>\n<\/ul>\n<p><strong>Muu info:<\/strong><\/p>\n<ul>\n<li>Pesast pesani pikkus: 3.56 &#8220;<\/li>\n<li>Augu muster: 2,5 &#8220;x 2,5&#8221;<\/li>\n<li>Plaadi suurus: 3,47 &#8220;x 3,47&#8221;<\/li>\n<li>Suurus: C Suurus (1,5 &#8220;)<\/li>\n<\/ul>\n<p><img loading=\"lazy\" decoding=\"async\" class=\"size-full wp-image-4101 aligncenter\" src=\"https:\/\/anelto.eu\/wp-content\/uploads\/2021\/02\/RAM-pilt.png\" alt=\"\" width=\"300\" height=\"93\" \/><\/p>\n","protected":false},"featured_media":3964,"comment_status":"closed","ping_status":"closed","template":"","meta":{"_acf_changed":false},"product_cat":[77],"product_tag":[],"class_list":{"0":"post-3963","1":"product","2":"type-product","3":"status-publish","4":"has-post-thumbnail","6":"product_cat-kalaleidjate-kinnitused","8":"first","9":"instock","10":"shipping-taxable","11":"product-type-simple"},"acf":[],"yoast_head":"<!-- This site is optimized with the Yoast SEO plugin v23.9 - https:\/\/yoast.com\/wordpress\/plugins\/seo\/ -->\n<title>RAM\u00ae horisontaalne liigendk\u00e4ega kinnitus Lowrance Elite 5 seeria sedmetele - Anelto - t\u00f6\u00f6ruumi efektiivsus<\/title>\n<meta name=\"robots\" content=\"index, follow, max-snippet:-1, max-image-preview:large, max-video-preview:-1\" \/>\n<link rel=\"canonical\" href=\"https:\/\/anelto.eu\/toode\/ram-horisontaalne-liigendkaega-kinnitus-lowrance-elite-5-seeria-sedmetele\/\" \/>\n<meta property=\"og:locale\" content=\"en_US\" \/>\n<meta property=\"og:type\" content=\"article\" \/>\n<meta property=\"og:title\" content=\"RAM\u00ae horisontaalne liigendk\u00e4ega kinnitus Lowrance Elite 5 seeria sedmetele - Anelto - t\u00f6\u00f6ruumi efektiivsus\" \/>\n<meta property=\"og:description\" content=\"Koosneb 6-tollisest liigendhoovast, mis on kinnitatud horisontaalsele pinnale  Kinnituslahendus v\u00f5imaldab asetada kinnitatava seadme 360-kraadi kinnitatava asukoha \u00fcmber  C suurusega liigend annab t\u00e4iendavat paindlikkust seadme kaldenurga ja asukoha seadistamisel  Lahendusel on kiire vabastamise mehhanism, mis v\u00f5imaldab teil seadme sekunditega eemaldada  Valmistatud pulbriga kaetud terasest ja \u00fclitugevast komposiidist  Tagatud eluaegne garanti  Muu info:   Pesast pesani pikkus: 3.56 &quot;  Augu muster: 2,5 &quot;x 2,5&quot;  Plaadi suurus: 3,47 &quot;x 3,47&quot;  Suurus: C Suurus (1,5 &quot;)\" \/>\n<meta property=\"og:url\" content=\"https:\/\/anelto.eu\/toode\/ram-horisontaalne-liigendkaega-kinnitus-lowrance-elite-5-seeria-sedmetele\/\" \/>\n<meta property=\"og:site_name\" content=\"Anelto - t\u00f6\u00f6ruumi efektiivsus\" \/>\n<meta property=\"article:modified_time\" content=\"2021-05-19T14:58:03+00:00\" \/>\n<meta property=\"og:image\" content=\"https:\/\/anelto.eu\/wp-content\/uploads\/2021\/02\/RAM-109H-2B-B-LO11.jpg\" \/>\n\t<meta property=\"og:image:width\" content=\"800\" \/>\n\t<meta property=\"og:image:height\" content=\"800\" \/>\n\t<meta property=\"og:image:type\" content=\"image\/jpeg\" \/>\n<meta name=\"twitter:card\" content=\"summary_large_image\" \/>\n<script type=\"application\/ld+json\" class=\"yoast-schema-graph\">{\"@context\":\"https:\/\/schema.org\",\"@graph\":[{\"@type\":\"WebPage\",\"@id\":\"https:\/\/anelto.eu\/toode\/ram-horisontaalne-liigendkaega-kinnitus-lowrance-elite-5-seeria-sedmetele\/\",\"url\":\"https:\/\/anelto.eu\/toode\/ram-horisontaalne-liigendkaega-kinnitus-lowrance-elite-5-seeria-sedmetele\/\",\"name\":\"RAM\u00ae horisontaalne liigendk\u00e4ega kinnitus Lowrance Elite 5 seeria sedmetele - Anelto - t\u00f6\u00f6ruumi efektiivsus\",\"isPartOf\":{\"@id\":\"https:\/\/anelto.eu\/#website\"},\"primaryImageOfPage\":{\"@id\":\"https:\/\/anelto.eu\/toode\/ram-horisontaalne-liigendkaega-kinnitus-lowrance-elite-5-seeria-sedmetele\/#primaryimage\"},\"image\":{\"@id\":\"https:\/\/anelto.eu\/toode\/ram-horisontaalne-liigendkaega-kinnitus-lowrance-elite-5-seeria-sedmetele\/#primaryimage\"},\"thumbnailUrl\":\"https:\/\/anelto.eu\/wp-content\/uploads\/2021\/02\/RAM-109H-2B-B-LO11.jpg\",\"datePublished\":\"2021-02-04T17:16:43+00:00\",\"dateModified\":\"2021-05-19T14:58:03+00:00\",\"breadcrumb\":{\"@id\":\"https:\/\/anelto.eu\/toode\/ram-horisontaalne-liigendkaega-kinnitus-lowrance-elite-5-seeria-sedmetele\/#breadcrumb\"},\"inLanguage\":\"en-US\",\"potentialAction\":[{\"@type\":\"ReadAction\",\"target\":[\"https:\/\/anelto.eu\/toode\/ram-horisontaalne-liigendkaega-kinnitus-lowrance-elite-5-seeria-sedmetele\/\"]}]},{\"@type\":\"ImageObject\",\"inLanguage\":\"en-US\",\"@id\":\"https:\/\/anelto.eu\/toode\/ram-horisontaalne-liigendkaega-kinnitus-lowrance-elite-5-seeria-sedmetele\/#primaryimage\",\"url\":\"https:\/\/anelto.eu\/wp-content\/uploads\/2021\/02\/RAM-109H-2B-B-LO11.jpg\",\"contentUrl\":\"https:\/\/anelto.eu\/wp-content\/uploads\/2021\/02\/RAM-109H-2B-B-LO11.jpg\",\"width\":800,\"height\":800},{\"@type\":\"BreadcrumbList\",\"@id\":\"https:\/\/anelto.eu\/toode\/ram-horisontaalne-liigendkaega-kinnitus-lowrance-elite-5-seeria-sedmetele\/#breadcrumb\",\"itemListElement\":[{\"@type\":\"ListItem\",\"position\":1,\"name\":\"Avaleht\",\"item\":\"https:\/\/anelto.eu\/\"},{\"@type\":\"ListItem\",\"position\":2,\"name\":\"Valdkonnad\",\"item\":\"https:\/\/anelto.eu\/valdkonnad\/\"},{\"@type\":\"ListItem\",\"position\":3,\"name\":\"Kalaleidjate kinnitused\",\"item\":\"https:\/\/anelto.eu\/tootekategooria\/kalaleidjate-kinnitused\/\"},{\"@type\":\"ListItem\",\"position\":4,\"name\":\"RAM\u00ae horisontaalne liigendk\u00e4ega kinnitus Lowrance Elite 5 seeria sedmetele\"}]},{\"@type\":\"WebSite\",\"@id\":\"https:\/\/anelto.eu\/#website\",\"url\":\"https:\/\/anelto.eu\/\",\"name\":\"Anelto - t\u00f6\u00f6ruumi efektiivsus\",\"description\":\"Ergonoomiline t\u00f6\u00f6keskkond ja kinnituslahendused!\",\"publisher\":{\"@id\":\"https:\/\/anelto.eu\/#organization\"},\"potentialAction\":[{\"@type\":\"SearchAction\",\"target\":{\"@type\":\"EntryPoint\",\"urlTemplate\":\"https:\/\/anelto.eu\/?s={search_term_string}\"},\"query-input\":{\"@type\":\"PropertyValueSpecification\",\"valueRequired\":true,\"valueName\":\"search_term_string\"}}],\"inLanguage\":\"en-US\"},{\"@type\":\"Organization\",\"@id\":\"https:\/\/anelto.eu\/#organization\",\"name\":\"Anelto\",\"url\":\"https:\/\/anelto.eu\/\",\"logo\":{\"@type\":\"ImageObject\",\"inLanguage\":\"en-US\",\"@id\":\"https:\/\/anelto.eu\/#\/schema\/logo\/image\/\",\"url\":\"https:\/\/anelto.eu\/wp-content\/uploads\/2020\/06\/Picture1.png\",\"contentUrl\":\"https:\/\/anelto.eu\/wp-content\/uploads\/2020\/06\/Picture1.png\",\"width\":615,\"height\":331,\"caption\":\"Anelto\"},\"image\":{\"@id\":\"https:\/\/anelto.eu\/#\/schema\/logo\/image\/\"}}]}<\/script>\n<!-- \/ Yoast SEO plugin. -->","yoast_head_json":{"title":"RAM\u00ae horisontaalne liigendk\u00e4ega kinnitus Lowrance Elite 5 seeria sedmetele - Anelto - t\u00f6\u00f6ruumi efektiivsus","robots":{"index":"index","follow":"follow","max-snippet":"max-snippet:-1","max-image-preview":"max-image-preview:large","max-video-preview":"max-video-preview:-1"},"canonical":"https:\/\/anelto.eu\/toode\/ram-horisontaalne-liigendkaega-kinnitus-lowrance-elite-5-seeria-sedmetele\/","og_locale":"en_US","og_type":"article","og_title":"RAM\u00ae horisontaalne liigendk\u00e4ega kinnitus Lowrance Elite 5 seeria sedmetele - Anelto - t\u00f6\u00f6ruumi efektiivsus","og_description":"Koosneb 6-tollisest liigendhoovast, mis on kinnitatud horisontaalsele pinnale  Kinnituslahendus v\u00f5imaldab asetada kinnitatava seadme 360-kraadi kinnitatava asukoha \u00fcmber  C suurusega liigend annab t\u00e4iendavat paindlikkust seadme kaldenurga ja asukoha seadistamisel  Lahendusel on kiire vabastamise mehhanism, mis v\u00f5imaldab teil seadme sekunditega eemaldada  Valmistatud pulbriga kaetud terasest ja \u00fclitugevast komposiidist  Tagatud eluaegne garanti  Muu info:   Pesast pesani pikkus: 3.56 \"  Augu muster: 2,5 \"x 2,5\"  Plaadi suurus: 3,47 \"x 3,47\"  Suurus: C Suurus (1,5 \")","og_url":"https:\/\/anelto.eu\/toode\/ram-horisontaalne-liigendkaega-kinnitus-lowrance-elite-5-seeria-sedmetele\/","og_site_name":"Anelto - t\u00f6\u00f6ruumi efektiivsus","article_modified_time":"2021-05-19T14:58:03+00:00","og_image":[{"width":800,"height":800,"url":"https:\/\/anelto.eu\/wp-content\/uploads\/2021\/02\/RAM-109H-2B-B-LO11.jpg","type":"image\/jpeg"}],"twitter_card":"summary_large_image","schema":{"@context":"https:\/\/schema.org","@graph":[{"@type":"WebPage","@id":"https:\/\/anelto.eu\/toode\/ram-horisontaalne-liigendkaega-kinnitus-lowrance-elite-5-seeria-sedmetele\/","url":"https:\/\/anelto.eu\/toode\/ram-horisontaalne-liigendkaega-kinnitus-lowrance-elite-5-seeria-sedmetele\/","name":"RAM\u00ae horisontaalne liigendk\u00e4ega kinnitus Lowrance Elite 5 seeria sedmetele - Anelto - t\u00f6\u00f6ruumi efektiivsus","isPartOf":{"@id":"https:\/\/anelto.eu\/#website"},"primaryImageOfPage":{"@id":"https:\/\/anelto.eu\/toode\/ram-horisontaalne-liigendkaega-kinnitus-lowrance-elite-5-seeria-sedmetele\/#primaryimage"},"image":{"@id":"https:\/\/anelto.eu\/toode\/ram-horisontaalne-liigendkaega-kinnitus-lowrance-elite-5-seeria-sedmetele\/#primaryimage"},"thumbnailUrl":"https:\/\/anelto.eu\/wp-content\/uploads\/2021\/02\/RAM-109H-2B-B-LO11.jpg","datePublished":"2021-02-04T17:16:43+00:00","dateModified":"2021-05-19T14:58:03+00:00","breadcrumb":{"@id":"https:\/\/anelto.eu\/toode\/ram-horisontaalne-liigendkaega-kinnitus-lowrance-elite-5-seeria-sedmetele\/#breadcrumb"},"inLanguage":"en-US","potentialAction":[{"@type":"ReadAction","target":["https:\/\/anelto.eu\/toode\/ram-horisontaalne-liigendkaega-kinnitus-lowrance-elite-5-seeria-sedmetele\/"]}]},{"@type":"ImageObject","inLanguage":"en-US","@id":"https:\/\/anelto.eu\/toode\/ram-horisontaalne-liigendkaega-kinnitus-lowrance-elite-5-seeria-sedmetele\/#primaryimage","url":"https:\/\/anelto.eu\/wp-content\/uploads\/2021\/02\/RAM-109H-2B-B-LO11.jpg","contentUrl":"https:\/\/anelto.eu\/wp-content\/uploads\/2021\/02\/RAM-109H-2B-B-LO11.jpg","width":800,"height":800},{"@type":"BreadcrumbList","@id":"https:\/\/anelto.eu\/toode\/ram-horisontaalne-liigendkaega-kinnitus-lowrance-elite-5-seeria-sedmetele\/#breadcrumb","itemListElement":[{"@type":"ListItem","position":1,"name":"Avaleht","item":"https:\/\/anelto.eu\/"},{"@type":"ListItem","position":2,"name":"Valdkonnad","item":"https:\/\/anelto.eu\/valdkonnad\/"},{"@type":"ListItem","position":3,"name":"Kalaleidjate kinnitused","item":"https:\/\/anelto.eu\/tootekategooria\/kalaleidjate-kinnitused\/"},{"@type":"ListItem","position":4,"name":"RAM\u00ae horisontaalne liigendk\u00e4ega kinnitus Lowrance Elite 5 seeria sedmetele"}]},{"@type":"WebSite","@id":"https:\/\/anelto.eu\/#website","url":"https:\/\/anelto.eu\/","name":"Anelto - t\u00f6\u00f6ruumi efektiivsus","description":"Ergonoomiline t\u00f6\u00f6keskkond ja kinnituslahendused!","publisher":{"@id":"https:\/\/anelto.eu\/#organization"},"potentialAction":[{"@type":"SearchAction","target":{"@type":"EntryPoint","urlTemplate":"https:\/\/anelto.eu\/?s={search_term_string}"},"query-input":{"@type":"PropertyValueSpecification","valueRequired":true,"valueName":"search_term_string"}}],"inLanguage":"en-US"},{"@type":"Organization","@id":"https:\/\/anelto.eu\/#organization","name":"Anelto","url":"https:\/\/anelto.eu\/","logo":{"@type":"ImageObject","inLanguage":"en-US","@id":"https:\/\/anelto.eu\/#\/schema\/logo\/image\/","url":"https:\/\/anelto.eu\/wp-content\/uploads\/2020\/06\/Picture1.png","contentUrl":"https:\/\/anelto.eu\/wp-content\/uploads\/2020\/06\/Picture1.png","width":615,"height":331,"caption":"Anelto"},"image":{"@id":"https:\/\/anelto.eu\/#\/schema\/logo\/image\/"}}]}},"_links":{"self":[{"href":"https:\/\/anelto.eu\/en\/wp-json\/wp\/v2\/product\/3963","targetHints":{"allow":["GET"]}}],"collection":[{"href":"https:\/\/anelto.eu\/en\/wp-json\/wp\/v2\/product"}],"about":[{"href":"https:\/\/anelto.eu\/en\/wp-json\/wp\/v2\/types\/product"}],"replies":[{"embeddable":true,"href":"https:\/\/anelto.eu\/en\/wp-json\/wp\/v2\/comments?post=3963"}],"wp:featuredmedia":[{"embeddable":true,"href":"https:\/\/anelto.eu\/en\/wp-json\/wp\/v2\/media\/3964"}],"wp:attachment":[{"href":"https:\/\/anelto.eu\/en\/wp-json\/wp\/v2\/media?parent=3963"}],"wp:term":[{"taxonomy":"product_cat","embeddable":true,"href":"https:\/\/anelto.eu\/en\/wp-json\/wp\/v2\/product_cat?post=3963"},{"taxonomy":"product_tag","embeddable":true,"href":"https:\/\/anelto.eu\/en\/wp-json\/wp\/v2\/product_tag?post=3963"}],"curies":[{"name":"wp","href":"https:\/\/api.w.org\/{rel}","templated":true}]}}