{"id":3944,"date":"2021-02-04T15:36:15","date_gmt":"2021-02-04T15:36:15","guid":{"rendered":"https:\/\/anelto.eu\/?post_type=product&#038;p=3944"},"modified":"2021-05-19T15:23:51","modified_gmt":"2021-05-19T15:23:51","slug":"ram-veekindel-juhtmeta-laadija-iminapaga-kinnitus","status":"publish","type":"product","link":"https:\/\/anelto.eu\/en\/toode\/ram-veekindel-juhtmeta-laadija-iminapaga-kinnitus\/","title":{"rendered":"RAM\u00ae veekindel juhtmeta telefoni laadija, iminapp kinnitus"},"content":{"rendered":"","protected":false},"excerpt":{"rendered":"[embed]https:\/\/www.youtube.com\/watch?v=hGyLncG_UjI&#038;feature=emb_logo&#038;ab_channel=RAMMounts[\/embed]\n<ul>\n<li>Veekindel mobiiltelefoni laadimisalus ja vedruga RAM\u00ae X-Grip\u00ae kinnitus<\/li>\n<li>Maksimaalne v\u00f5imsus laadimisv\u00f5imsus 10 W<\/li>\n<li>S\u00f5idukikomplekt sisaldab laadimisalust, B-suurusega kuulialust, keskmise topeltpesaga k\u00e4epidet ja RAM\u00ae Twist-Lock \u2122 iminappa<\/li>\n<li>Valmistatud pulberv\u00e4rvitud mereveekindlast alumiiniumist, roostevabast terasest komponentidest ja \u00fclitugevast komposiidist, mis tagab vastupidavuse ja t\u00f6\u00f6kindluse ka k\u00f5ige n\u00f5udlikumates keskkondades<\/li>\n<li>Eluaegse garantiiga RAM\u00ae-i kinnitused, 1-aastase garantiiga RAM\u00ae-elektroonikale<\/li>\n<\/ul>\n<p><strong>Muu info:<\/strong><\/p>\n<ul>\n<li>Laiuse vahemik: 2.375&#8243; &#8211; 3.25&#8243;<\/li>\n<li>S\u00fcgavus vahemik: .875 &#8220;max<\/li>\n<\/ul>\n<p><img loading=\"lazy\" decoding=\"async\" class=\"size-full wp-image-4101 aligncenter\" src=\"https:\/\/anelto.eu\/wp-content\/uploads\/2021\/02\/RAM-pilt.png\" alt=\"\" width=\"300\" height=\"93\" \/><\/p>\n","protected":false},"featured_media":3945,"comment_status":"closed","ping_status":"closed","template":"","meta":{"_acf_changed":false},"product_cat":[81],"product_tag":[],"class_list":{"0":"post-3944","1":"product","2":"type-product","3":"status-publish","4":"has-post-thumbnail","6":"product_cat-mobiiltelefonide-kinnitused","8":"first","9":"instock","10":"shipping-taxable","11":"product-type-simple"},"acf":[],"yoast_head":"<!-- This site is optimized with the Yoast SEO plugin v23.9 - https:\/\/yoast.com\/wordpress\/plugins\/seo\/ -->\n<title>RAM\u00ae veekindel juhtmeta telefoni laadija, iminapp kinnitus - Anelto - t\u00f6\u00f6ruumi efektiivsus<\/title>\n<meta name=\"robots\" content=\"index, follow, max-snippet:-1, max-image-preview:large, max-video-preview:-1\" \/>\n<link rel=\"canonical\" href=\"https:\/\/anelto.eu\/toode\/ram-veekindel-juhtmeta-laadija-iminapaga-kinnitus\/\" \/>\n<meta property=\"og:locale\" content=\"en_US\" \/>\n<meta property=\"og:type\" content=\"article\" \/>\n<meta property=\"og:title\" content=\"RAM\u00ae veekindel juhtmeta telefoni laadija, iminapp kinnitus - Anelto - t\u00f6\u00f6ruumi efektiivsus\" \/>\n<meta property=\"og:description\" content=\"Veekindel mobiiltelefoni laadimisalus ja vedruga RAM\u00ae X-Grip\u00ae kinnitus  Maksimaalne v\u00f5imsus laadimisv\u00f5imsus 10 W  S\u00f5idukikomplekt sisaldab laadimisalust, B-suurusega kuulialust, keskmise topeltpesaga k\u00e4epidet ja RAM\u00ae Twist-Lock \u2122 iminappa  Valmistatud pulberv\u00e4rvitud mereveekindlast alumiiniumist, roostevabast terasest komponentidest ja \u00fclitugevast komposiidist, mis tagab vastupidavuse ja t\u00f6\u00f6kindluse ka k\u00f5ige n\u00f5udlikumates keskkondades  Eluaegse garantiiga RAM\u00ae-i kinnitused, 1-aastase garantiiga RAM\u00ae-elektroonikale  Muu info:   Laiuse vahemik: 2.375&quot; - 3.25&quot;  S\u00fcgavus vahemik: .875 &quot;max\" \/>\n<meta property=\"og:url\" content=\"https:\/\/anelto.eu\/toode\/ram-veekindel-juhtmeta-laadija-iminapaga-kinnitus\/\" \/>\n<meta property=\"og:site_name\" content=\"Anelto - t\u00f6\u00f6ruumi efektiivsus\" \/>\n<meta property=\"article:modified_time\" content=\"2021-05-19T15:23:51+00:00\" \/>\n<meta property=\"og:image\" content=\"https:\/\/anelto.eu\/wp-content\/uploads\/2021\/02\/RAM-B-166-UN12W.jpg\" \/>\n\t<meta property=\"og:image:width\" content=\"800\" \/>\n\t<meta property=\"og:image:height\" content=\"800\" \/>\n\t<meta property=\"og:image:type\" content=\"image\/jpeg\" \/>\n<meta name=\"twitter:card\" content=\"summary_large_image\" \/>\n<script type=\"application\/ld+json\" class=\"yoast-schema-graph\">{\"@context\":\"https:\/\/schema.org\",\"@graph\":[{\"@type\":\"WebPage\",\"@id\":\"https:\/\/anelto.eu\/toode\/ram-veekindel-juhtmeta-laadija-iminapaga-kinnitus\/\",\"url\":\"https:\/\/anelto.eu\/toode\/ram-veekindel-juhtmeta-laadija-iminapaga-kinnitus\/\",\"name\":\"RAM\u00ae veekindel juhtmeta telefoni laadija, iminapp kinnitus - Anelto - t\u00f6\u00f6ruumi efektiivsus\",\"isPartOf\":{\"@id\":\"https:\/\/anelto.eu\/#website\"},\"primaryImageOfPage\":{\"@id\":\"https:\/\/anelto.eu\/toode\/ram-veekindel-juhtmeta-laadija-iminapaga-kinnitus\/#primaryimage\"},\"image\":{\"@id\":\"https:\/\/anelto.eu\/toode\/ram-veekindel-juhtmeta-laadija-iminapaga-kinnitus\/#primaryimage\"},\"thumbnailUrl\":\"https:\/\/anelto.eu\/wp-content\/uploads\/2021\/02\/RAM-B-166-UN12W.jpg\",\"datePublished\":\"2021-02-04T15:36:15+00:00\",\"dateModified\":\"2021-05-19T15:23:51+00:00\",\"breadcrumb\":{\"@id\":\"https:\/\/anelto.eu\/toode\/ram-veekindel-juhtmeta-laadija-iminapaga-kinnitus\/#breadcrumb\"},\"inLanguage\":\"en-US\",\"potentialAction\":[{\"@type\":\"ReadAction\",\"target\":[\"https:\/\/anelto.eu\/toode\/ram-veekindel-juhtmeta-laadija-iminapaga-kinnitus\/\"]}]},{\"@type\":\"ImageObject\",\"inLanguage\":\"en-US\",\"@id\":\"https:\/\/anelto.eu\/toode\/ram-veekindel-juhtmeta-laadija-iminapaga-kinnitus\/#primaryimage\",\"url\":\"https:\/\/anelto.eu\/wp-content\/uploads\/2021\/02\/RAM-B-166-UN12W.jpg\",\"contentUrl\":\"https:\/\/anelto.eu\/wp-content\/uploads\/2021\/02\/RAM-B-166-UN12W.jpg\",\"width\":800,\"height\":800},{\"@type\":\"BreadcrumbList\",\"@id\":\"https:\/\/anelto.eu\/toode\/ram-veekindel-juhtmeta-laadija-iminapaga-kinnitus\/#breadcrumb\",\"itemListElement\":[{\"@type\":\"ListItem\",\"position\":1,\"name\":\"Avaleht\",\"item\":\"https:\/\/anelto.eu\/\"},{\"@type\":\"ListItem\",\"position\":2,\"name\":\"Valdkonnad\",\"item\":\"https:\/\/anelto.eu\/valdkonnad\/\"},{\"@type\":\"ListItem\",\"position\":3,\"name\":\"Mobiiltelefonide kinnitused\",\"item\":\"https:\/\/anelto.eu\/tootekategooria\/mobiiltelefonide-kinnitused\/\"},{\"@type\":\"ListItem\",\"position\":4,\"name\":\"RAM\u00ae veekindel juhtmeta telefoni laadija, iminapp kinnitus\"}]},{\"@type\":\"WebSite\",\"@id\":\"https:\/\/anelto.eu\/#website\",\"url\":\"https:\/\/anelto.eu\/\",\"name\":\"Anelto - t\u00f6\u00f6ruumi efektiivsus\",\"description\":\"Ergonoomiline t\u00f6\u00f6keskkond ja kinnituslahendused!\",\"publisher\":{\"@id\":\"https:\/\/anelto.eu\/#organization\"},\"potentialAction\":[{\"@type\":\"SearchAction\",\"target\":{\"@type\":\"EntryPoint\",\"urlTemplate\":\"https:\/\/anelto.eu\/?s={search_term_string}\"},\"query-input\":{\"@type\":\"PropertyValueSpecification\",\"valueRequired\":true,\"valueName\":\"search_term_string\"}}],\"inLanguage\":\"en-US\"},{\"@type\":\"Organization\",\"@id\":\"https:\/\/anelto.eu\/#organization\",\"name\":\"Anelto\",\"url\":\"https:\/\/anelto.eu\/\",\"logo\":{\"@type\":\"ImageObject\",\"inLanguage\":\"en-US\",\"@id\":\"https:\/\/anelto.eu\/#\/schema\/logo\/image\/\",\"url\":\"https:\/\/anelto.eu\/wp-content\/uploads\/2020\/06\/Picture1.png\",\"contentUrl\":\"https:\/\/anelto.eu\/wp-content\/uploads\/2020\/06\/Picture1.png\",\"width\":615,\"height\":331,\"caption\":\"Anelto\"},\"image\":{\"@id\":\"https:\/\/anelto.eu\/#\/schema\/logo\/image\/\"}}]}<\/script>\n<!-- \/ Yoast SEO plugin. -->","yoast_head_json":{"title":"RAM\u00ae veekindel juhtmeta telefoni laadija, iminapp kinnitus - Anelto - t\u00f6\u00f6ruumi efektiivsus","robots":{"index":"index","follow":"follow","max-snippet":"max-snippet:-1","max-image-preview":"max-image-preview:large","max-video-preview":"max-video-preview:-1"},"canonical":"https:\/\/anelto.eu\/toode\/ram-veekindel-juhtmeta-laadija-iminapaga-kinnitus\/","og_locale":"en_US","og_type":"article","og_title":"RAM\u00ae veekindel juhtmeta telefoni laadija, iminapp kinnitus - Anelto - t\u00f6\u00f6ruumi efektiivsus","og_description":"Veekindel mobiiltelefoni laadimisalus ja vedruga RAM\u00ae X-Grip\u00ae kinnitus  Maksimaalne v\u00f5imsus laadimisv\u00f5imsus 10 W  S\u00f5idukikomplekt sisaldab laadimisalust, B-suurusega kuulialust, keskmise topeltpesaga k\u00e4epidet ja RAM\u00ae Twist-Lock \u2122 iminappa  Valmistatud pulberv\u00e4rvitud mereveekindlast alumiiniumist, roostevabast terasest komponentidest ja \u00fclitugevast komposiidist, mis tagab vastupidavuse ja t\u00f6\u00f6kindluse ka k\u00f5ige n\u00f5udlikumates keskkondades  Eluaegse garantiiga RAM\u00ae-i kinnitused, 1-aastase garantiiga RAM\u00ae-elektroonikale  Muu info:   Laiuse vahemik: 2.375\" - 3.25\"  S\u00fcgavus vahemik: .875 \"max","og_url":"https:\/\/anelto.eu\/toode\/ram-veekindel-juhtmeta-laadija-iminapaga-kinnitus\/","og_site_name":"Anelto - t\u00f6\u00f6ruumi efektiivsus","article_modified_time":"2021-05-19T15:23:51+00:00","og_image":[{"width":800,"height":800,"url":"https:\/\/anelto.eu\/wp-content\/uploads\/2021\/02\/RAM-B-166-UN12W.jpg","type":"image\/jpeg"}],"twitter_card":"summary_large_image","schema":{"@context":"https:\/\/schema.org","@graph":[{"@type":"WebPage","@id":"https:\/\/anelto.eu\/toode\/ram-veekindel-juhtmeta-laadija-iminapaga-kinnitus\/","url":"https:\/\/anelto.eu\/toode\/ram-veekindel-juhtmeta-laadija-iminapaga-kinnitus\/","name":"RAM\u00ae veekindel juhtmeta telefoni laadija, iminapp kinnitus - Anelto - t\u00f6\u00f6ruumi efektiivsus","isPartOf":{"@id":"https:\/\/anelto.eu\/#website"},"primaryImageOfPage":{"@id":"https:\/\/anelto.eu\/toode\/ram-veekindel-juhtmeta-laadija-iminapaga-kinnitus\/#primaryimage"},"image":{"@id":"https:\/\/anelto.eu\/toode\/ram-veekindel-juhtmeta-laadija-iminapaga-kinnitus\/#primaryimage"},"thumbnailUrl":"https:\/\/anelto.eu\/wp-content\/uploads\/2021\/02\/RAM-B-166-UN12W.jpg","datePublished":"2021-02-04T15:36:15+00:00","dateModified":"2021-05-19T15:23:51+00:00","breadcrumb":{"@id":"https:\/\/anelto.eu\/toode\/ram-veekindel-juhtmeta-laadija-iminapaga-kinnitus\/#breadcrumb"},"inLanguage":"en-US","potentialAction":[{"@type":"ReadAction","target":["https:\/\/anelto.eu\/toode\/ram-veekindel-juhtmeta-laadija-iminapaga-kinnitus\/"]}]},{"@type":"ImageObject","inLanguage":"en-US","@id":"https:\/\/anelto.eu\/toode\/ram-veekindel-juhtmeta-laadija-iminapaga-kinnitus\/#primaryimage","url":"https:\/\/anelto.eu\/wp-content\/uploads\/2021\/02\/RAM-B-166-UN12W.jpg","contentUrl":"https:\/\/anelto.eu\/wp-content\/uploads\/2021\/02\/RAM-B-166-UN12W.jpg","width":800,"height":800},{"@type":"BreadcrumbList","@id":"https:\/\/anelto.eu\/toode\/ram-veekindel-juhtmeta-laadija-iminapaga-kinnitus\/#breadcrumb","itemListElement":[{"@type":"ListItem","position":1,"name":"Avaleht","item":"https:\/\/anelto.eu\/"},{"@type":"ListItem","position":2,"name":"Valdkonnad","item":"https:\/\/anelto.eu\/valdkonnad\/"},{"@type":"ListItem","position":3,"name":"Mobiiltelefonide kinnitused","item":"https:\/\/anelto.eu\/tootekategooria\/mobiiltelefonide-kinnitused\/"},{"@type":"ListItem","position":4,"name":"RAM\u00ae veekindel juhtmeta telefoni laadija, iminapp kinnitus"}]},{"@type":"WebSite","@id":"https:\/\/anelto.eu\/#website","url":"https:\/\/anelto.eu\/","name":"Anelto - t\u00f6\u00f6ruumi efektiivsus","description":"Ergonoomiline t\u00f6\u00f6keskkond ja kinnituslahendused!","publisher":{"@id":"https:\/\/anelto.eu\/#organization"},"potentialAction":[{"@type":"SearchAction","target":{"@type":"EntryPoint","urlTemplate":"https:\/\/anelto.eu\/?s={search_term_string}"},"query-input":{"@type":"PropertyValueSpecification","valueRequired":true,"valueName":"search_term_string"}}],"inLanguage":"en-US"},{"@type":"Organization","@id":"https:\/\/anelto.eu\/#organization","name":"Anelto","url":"https:\/\/anelto.eu\/","logo":{"@type":"ImageObject","inLanguage":"en-US","@id":"https:\/\/anelto.eu\/#\/schema\/logo\/image\/","url":"https:\/\/anelto.eu\/wp-content\/uploads\/2020\/06\/Picture1.png","contentUrl":"https:\/\/anelto.eu\/wp-content\/uploads\/2020\/06\/Picture1.png","width":615,"height":331,"caption":"Anelto"},"image":{"@id":"https:\/\/anelto.eu\/#\/schema\/logo\/image\/"}}]}},"_links":{"self":[{"href":"https:\/\/anelto.eu\/en\/wp-json\/wp\/v2\/product\/3944","targetHints":{"allow":["GET"]}}],"collection":[{"href":"https:\/\/anelto.eu\/en\/wp-json\/wp\/v2\/product"}],"about":[{"href":"https:\/\/anelto.eu\/en\/wp-json\/wp\/v2\/types\/product"}],"replies":[{"embeddable":true,"href":"https:\/\/anelto.eu\/en\/wp-json\/wp\/v2\/comments?post=3944"}],"wp:featuredmedia":[{"embeddable":true,"href":"https:\/\/anelto.eu\/en\/wp-json\/wp\/v2\/media\/3945"}],"wp:attachment":[{"href":"https:\/\/anelto.eu\/en\/wp-json\/wp\/v2\/media?parent=3944"}],"wp:term":[{"taxonomy":"product_cat","embeddable":true,"href":"https:\/\/anelto.eu\/en\/wp-json\/wp\/v2\/product_cat?post=3944"},{"taxonomy":"product_tag","embeddable":true,"href":"https:\/\/anelto.eu\/en\/wp-json\/wp\/v2\/product_tag?post=3944"}],"curies":[{"name":"wp","href":"https:\/\/api.w.org\/{rel}","templated":true}]}}