{"id":3928,"date":"2021-02-04T08:57:19","date_gmt":"2021-02-04T08:57:19","guid":{"rendered":"https:\/\/anelto.eu\/?post_type=product&#038;p=3928"},"modified":"2021-05-19T15:11:48","modified_gmt":"2021-05-19T15:11:48","slug":"ram-x-lukustusega-iminapp-kinnitus-telefonidele","status":"publish","type":"product","link":"https:\/\/anelto.eu\/en\/toode\/ram-x-lukustusega-iminapp-kinnitus-telefonidele\/","title":{"rendered":"RAM\u00ae X-lukustusega iminapp kinnitus telefonidele"},"content":{"rendered":"","protected":false},"excerpt":{"rendered":"[embed]https:\/\/www.youtube.com\/watch?v=S8ky_uKTw98&#038;feature=emb_logo[\/embed]\n<ul>\n<li>Vedrukummiga \u201eX\u201d disain koos kummikorkidega annab suurep\u00e4rase hoidmisv\u00f5ime telefoni varjamata<\/li>\n<li>Topeltkinnitus kumm, mis tagab seadme p\u00fcsimaj\u00e4\u00e4mise ka k\u00f5ige ekstreemsemates tingimustes<\/li>\n<li>Sisaldab iminappa, mis sobib ideaalselt s\u00f5iduki esiklaaside jaoks Keskmise B-suurusega topeltpesa liigend v\u00f5imaldab reguleerida seadem omale sobivasse vaatenurka Valmistatud pulbriga kaetud merekindlast alumiiniumist, roostevabast terasest komponentidest ja \u00fclitugevast komposiidist, mis tagab vastupidavuse ja t\u00f6\u00f6kindluse ka k\u00f5ige n\u00f5udlikumates keskkondades Tagatud eluaegne garantii<\/li>\n<\/ul>\n<p><strong>Muu info:<\/strong><\/p>\n<ul>\n<li>Laiuse vahemik: 1,875 &#8220;- 3,25&#8221;<\/li>\n<li>S\u00fcgavus vahemik: .875 &#8220;maksimaalselt<\/li>\n<li>B suurus (1 &#8220;)<\/li>\n<\/ul>\n<p><img loading=\"lazy\" decoding=\"async\" class=\"size-full wp-image-4101 aligncenter\" src=\"https:\/\/anelto.eu\/wp-content\/uploads\/2021\/02\/RAM-pilt.png\" alt=\"\" width=\"300\" height=\"93\" \/><\/p>\n","protected":false},"featured_media":3929,"comment_status":"closed","ping_status":"closed","template":"","meta":{"_acf_changed":false},"product_cat":[81],"product_tag":[],"class_list":{"0":"post-3928","1":"product","2":"type-product","3":"status-publish","4":"has-post-thumbnail","6":"product_cat-mobiiltelefonide-kinnitused","8":"first","9":"instock","10":"shipping-taxable","11":"product-type-simple"},"acf":[],"yoast_head":"<!-- This site is optimized with the Yoast SEO plugin v23.9 - https:\/\/yoast.com\/wordpress\/plugins\/seo\/ -->\n<title>RAM\u00ae X-lukustusega iminapp kinnitus telefonidele - Anelto - t\u00f6\u00f6ruumi efektiivsus<\/title>\n<meta name=\"robots\" content=\"index, follow, max-snippet:-1, max-image-preview:large, max-video-preview:-1\" \/>\n<link rel=\"canonical\" href=\"https:\/\/anelto.eu\/toode\/ram-x-lukustusega-iminapp-kinnitus-telefonidele\/\" \/>\n<meta property=\"og:locale\" content=\"en_US\" \/>\n<meta property=\"og:type\" content=\"article\" \/>\n<meta property=\"og:title\" content=\"RAM\u00ae X-lukustusega iminapp kinnitus telefonidele - Anelto - t\u00f6\u00f6ruumi efektiivsus\" \/>\n<meta property=\"og:description\" content=\"Vedrukummiga \u201eX\u201d disain koos kummikorkidega annab suurep\u00e4rase hoidmisv\u00f5ime telefoni varjamata  Topeltkinnitus kumm, mis tagab seadme p\u00fcsimaj\u00e4\u00e4mise ka k\u00f5ige ekstreemsemates tingimustes  Sisaldab iminappa, mis sobib ideaalselt s\u00f5iduki esiklaaside jaoks Keskmise B-suurusega topeltpesa liigend v\u00f5imaldab reguleerida seadem omale sobivasse vaatenurka Valmistatud pulbriga kaetud merekindlast alumiiniumist, roostevabast terasest komponentidest ja \u00fclitugevast komposiidist, mis tagab vastupidavuse ja t\u00f6\u00f6kindluse ka k\u00f5ige n\u00f5udlikumates keskkondades Tagatud eluaegne garantii  Muu info:   Laiuse vahemik: 1,875 &quot;- 3,25&quot;  S\u00fcgavus vahemik: .875 &quot;maksimaalselt  B suurus (1 &quot;)\" \/>\n<meta property=\"og:url\" content=\"https:\/\/anelto.eu\/toode\/ram-x-lukustusega-iminapp-kinnitus-telefonidele\/\" \/>\n<meta property=\"og:site_name\" content=\"Anelto - t\u00f6\u00f6ruumi efektiivsus\" \/>\n<meta property=\"article:modified_time\" content=\"2021-05-19T15:11:48+00:00\" \/>\n<meta property=\"og:image\" content=\"https:\/\/anelto.eu\/wp-content\/uploads\/2021\/02\/RAM-B-166-UN7UIU3-1.jpg\" \/>\n\t<meta property=\"og:image:width\" content=\"800\" \/>\n\t<meta property=\"og:image:height\" content=\"800\" \/>\n\t<meta property=\"og:image:type\" content=\"image\/jpeg\" \/>\n<meta name=\"twitter:card\" content=\"summary_large_image\" \/>\n<script type=\"application\/ld+json\" class=\"yoast-schema-graph\">{\"@context\":\"https:\/\/schema.org\",\"@graph\":[{\"@type\":\"WebPage\",\"@id\":\"https:\/\/anelto.eu\/toode\/ram-x-lukustusega-iminapp-kinnitus-telefonidele\/\",\"url\":\"https:\/\/anelto.eu\/toode\/ram-x-lukustusega-iminapp-kinnitus-telefonidele\/\",\"name\":\"RAM\u00ae X-lukustusega iminapp kinnitus telefonidele - Anelto - t\u00f6\u00f6ruumi efektiivsus\",\"isPartOf\":{\"@id\":\"https:\/\/anelto.eu\/#website\"},\"primaryImageOfPage\":{\"@id\":\"https:\/\/anelto.eu\/toode\/ram-x-lukustusega-iminapp-kinnitus-telefonidele\/#primaryimage\"},\"image\":{\"@id\":\"https:\/\/anelto.eu\/toode\/ram-x-lukustusega-iminapp-kinnitus-telefonidele\/#primaryimage\"},\"thumbnailUrl\":\"https:\/\/anelto.eu\/wp-content\/uploads\/2021\/02\/RAM-B-166-UN7UIU3-1.jpg\",\"datePublished\":\"2021-02-04T08:57:19+00:00\",\"dateModified\":\"2021-05-19T15:11:48+00:00\",\"breadcrumb\":{\"@id\":\"https:\/\/anelto.eu\/toode\/ram-x-lukustusega-iminapp-kinnitus-telefonidele\/#breadcrumb\"},\"inLanguage\":\"en-US\",\"potentialAction\":[{\"@type\":\"ReadAction\",\"target\":[\"https:\/\/anelto.eu\/toode\/ram-x-lukustusega-iminapp-kinnitus-telefonidele\/\"]}]},{\"@type\":\"ImageObject\",\"inLanguage\":\"en-US\",\"@id\":\"https:\/\/anelto.eu\/toode\/ram-x-lukustusega-iminapp-kinnitus-telefonidele\/#primaryimage\",\"url\":\"https:\/\/anelto.eu\/wp-content\/uploads\/2021\/02\/RAM-B-166-UN7UIU3-1.jpg\",\"contentUrl\":\"https:\/\/anelto.eu\/wp-content\/uploads\/2021\/02\/RAM-B-166-UN7UIU3-1.jpg\",\"width\":800,\"height\":800},{\"@type\":\"BreadcrumbList\",\"@id\":\"https:\/\/anelto.eu\/toode\/ram-x-lukustusega-iminapp-kinnitus-telefonidele\/#breadcrumb\",\"itemListElement\":[{\"@type\":\"ListItem\",\"position\":1,\"name\":\"Avaleht\",\"item\":\"https:\/\/anelto.eu\/\"},{\"@type\":\"ListItem\",\"position\":2,\"name\":\"Valdkonnad\",\"item\":\"https:\/\/anelto.eu\/valdkonnad\/\"},{\"@type\":\"ListItem\",\"position\":3,\"name\":\"Mobiiltelefonide kinnitused\",\"item\":\"https:\/\/anelto.eu\/tootekategooria\/mobiiltelefonide-kinnitused\/\"},{\"@type\":\"ListItem\",\"position\":4,\"name\":\"RAM\u00ae X-lukustusega iminapp kinnitus telefonidele\"}]},{\"@type\":\"WebSite\",\"@id\":\"https:\/\/anelto.eu\/#website\",\"url\":\"https:\/\/anelto.eu\/\",\"name\":\"Anelto - t\u00f6\u00f6ruumi efektiivsus\",\"description\":\"Ergonoomiline t\u00f6\u00f6keskkond ja kinnituslahendused!\",\"publisher\":{\"@id\":\"https:\/\/anelto.eu\/#organization\"},\"potentialAction\":[{\"@type\":\"SearchAction\",\"target\":{\"@type\":\"EntryPoint\",\"urlTemplate\":\"https:\/\/anelto.eu\/?s={search_term_string}\"},\"query-input\":{\"@type\":\"PropertyValueSpecification\",\"valueRequired\":true,\"valueName\":\"search_term_string\"}}],\"inLanguage\":\"en-US\"},{\"@type\":\"Organization\",\"@id\":\"https:\/\/anelto.eu\/#organization\",\"name\":\"Anelto\",\"url\":\"https:\/\/anelto.eu\/\",\"logo\":{\"@type\":\"ImageObject\",\"inLanguage\":\"en-US\",\"@id\":\"https:\/\/anelto.eu\/#\/schema\/logo\/image\/\",\"url\":\"https:\/\/anelto.eu\/wp-content\/uploads\/2020\/06\/Picture1.png\",\"contentUrl\":\"https:\/\/anelto.eu\/wp-content\/uploads\/2020\/06\/Picture1.png\",\"width\":615,\"height\":331,\"caption\":\"Anelto\"},\"image\":{\"@id\":\"https:\/\/anelto.eu\/#\/schema\/logo\/image\/\"}}]}<\/script>\n<!-- \/ Yoast SEO plugin. -->","yoast_head_json":{"title":"RAM\u00ae X-lukustusega iminapp kinnitus telefonidele - Anelto - t\u00f6\u00f6ruumi efektiivsus","robots":{"index":"index","follow":"follow","max-snippet":"max-snippet:-1","max-image-preview":"max-image-preview:large","max-video-preview":"max-video-preview:-1"},"canonical":"https:\/\/anelto.eu\/toode\/ram-x-lukustusega-iminapp-kinnitus-telefonidele\/","og_locale":"en_US","og_type":"article","og_title":"RAM\u00ae X-lukustusega iminapp kinnitus telefonidele - Anelto - t\u00f6\u00f6ruumi efektiivsus","og_description":"Vedrukummiga \u201eX\u201d disain koos kummikorkidega annab suurep\u00e4rase hoidmisv\u00f5ime telefoni varjamata  Topeltkinnitus kumm, mis tagab seadme p\u00fcsimaj\u00e4\u00e4mise ka k\u00f5ige ekstreemsemates tingimustes  Sisaldab iminappa, mis sobib ideaalselt s\u00f5iduki esiklaaside jaoks Keskmise B-suurusega topeltpesa liigend v\u00f5imaldab reguleerida seadem omale sobivasse vaatenurka Valmistatud pulbriga kaetud merekindlast alumiiniumist, roostevabast terasest komponentidest ja \u00fclitugevast komposiidist, mis tagab vastupidavuse ja t\u00f6\u00f6kindluse ka k\u00f5ige n\u00f5udlikumates keskkondades Tagatud eluaegne garantii  Muu info:   Laiuse vahemik: 1,875 \"- 3,25\"  S\u00fcgavus vahemik: .875 \"maksimaalselt  B suurus (1 \")","og_url":"https:\/\/anelto.eu\/toode\/ram-x-lukustusega-iminapp-kinnitus-telefonidele\/","og_site_name":"Anelto - t\u00f6\u00f6ruumi efektiivsus","article_modified_time":"2021-05-19T15:11:48+00:00","og_image":[{"width":800,"height":800,"url":"https:\/\/anelto.eu\/wp-content\/uploads\/2021\/02\/RAM-B-166-UN7UIU3-1.jpg","type":"image\/jpeg"}],"twitter_card":"summary_large_image","schema":{"@context":"https:\/\/schema.org","@graph":[{"@type":"WebPage","@id":"https:\/\/anelto.eu\/toode\/ram-x-lukustusega-iminapp-kinnitus-telefonidele\/","url":"https:\/\/anelto.eu\/toode\/ram-x-lukustusega-iminapp-kinnitus-telefonidele\/","name":"RAM\u00ae X-lukustusega iminapp kinnitus telefonidele - Anelto - t\u00f6\u00f6ruumi efektiivsus","isPartOf":{"@id":"https:\/\/anelto.eu\/#website"},"primaryImageOfPage":{"@id":"https:\/\/anelto.eu\/toode\/ram-x-lukustusega-iminapp-kinnitus-telefonidele\/#primaryimage"},"image":{"@id":"https:\/\/anelto.eu\/toode\/ram-x-lukustusega-iminapp-kinnitus-telefonidele\/#primaryimage"},"thumbnailUrl":"https:\/\/anelto.eu\/wp-content\/uploads\/2021\/02\/RAM-B-166-UN7UIU3-1.jpg","datePublished":"2021-02-04T08:57:19+00:00","dateModified":"2021-05-19T15:11:48+00:00","breadcrumb":{"@id":"https:\/\/anelto.eu\/toode\/ram-x-lukustusega-iminapp-kinnitus-telefonidele\/#breadcrumb"},"inLanguage":"en-US","potentialAction":[{"@type":"ReadAction","target":["https:\/\/anelto.eu\/toode\/ram-x-lukustusega-iminapp-kinnitus-telefonidele\/"]}]},{"@type":"ImageObject","inLanguage":"en-US","@id":"https:\/\/anelto.eu\/toode\/ram-x-lukustusega-iminapp-kinnitus-telefonidele\/#primaryimage","url":"https:\/\/anelto.eu\/wp-content\/uploads\/2021\/02\/RAM-B-166-UN7UIU3-1.jpg","contentUrl":"https:\/\/anelto.eu\/wp-content\/uploads\/2021\/02\/RAM-B-166-UN7UIU3-1.jpg","width":800,"height":800},{"@type":"BreadcrumbList","@id":"https:\/\/anelto.eu\/toode\/ram-x-lukustusega-iminapp-kinnitus-telefonidele\/#breadcrumb","itemListElement":[{"@type":"ListItem","position":1,"name":"Avaleht","item":"https:\/\/anelto.eu\/"},{"@type":"ListItem","position":2,"name":"Valdkonnad","item":"https:\/\/anelto.eu\/valdkonnad\/"},{"@type":"ListItem","position":3,"name":"Mobiiltelefonide kinnitused","item":"https:\/\/anelto.eu\/tootekategooria\/mobiiltelefonide-kinnitused\/"},{"@type":"ListItem","position":4,"name":"RAM\u00ae X-lukustusega iminapp kinnitus telefonidele"}]},{"@type":"WebSite","@id":"https:\/\/anelto.eu\/#website","url":"https:\/\/anelto.eu\/","name":"Anelto - t\u00f6\u00f6ruumi efektiivsus","description":"Ergonoomiline t\u00f6\u00f6keskkond ja kinnituslahendused!","publisher":{"@id":"https:\/\/anelto.eu\/#organization"},"potentialAction":[{"@type":"SearchAction","target":{"@type":"EntryPoint","urlTemplate":"https:\/\/anelto.eu\/?s={search_term_string}"},"query-input":{"@type":"PropertyValueSpecification","valueRequired":true,"valueName":"search_term_string"}}],"inLanguage":"en-US"},{"@type":"Organization","@id":"https:\/\/anelto.eu\/#organization","name":"Anelto","url":"https:\/\/anelto.eu\/","logo":{"@type":"ImageObject","inLanguage":"en-US","@id":"https:\/\/anelto.eu\/#\/schema\/logo\/image\/","url":"https:\/\/anelto.eu\/wp-content\/uploads\/2020\/06\/Picture1.png","contentUrl":"https:\/\/anelto.eu\/wp-content\/uploads\/2020\/06\/Picture1.png","width":615,"height":331,"caption":"Anelto"},"image":{"@id":"https:\/\/anelto.eu\/#\/schema\/logo\/image\/"}}]}},"_links":{"self":[{"href":"https:\/\/anelto.eu\/en\/wp-json\/wp\/v2\/product\/3928","targetHints":{"allow":["GET"]}}],"collection":[{"href":"https:\/\/anelto.eu\/en\/wp-json\/wp\/v2\/product"}],"about":[{"href":"https:\/\/anelto.eu\/en\/wp-json\/wp\/v2\/types\/product"}],"replies":[{"embeddable":true,"href":"https:\/\/anelto.eu\/en\/wp-json\/wp\/v2\/comments?post=3928"}],"wp:featuredmedia":[{"embeddable":true,"href":"https:\/\/anelto.eu\/en\/wp-json\/wp\/v2\/media\/3929"}],"wp:attachment":[{"href":"https:\/\/anelto.eu\/en\/wp-json\/wp\/v2\/media?parent=3928"}],"wp:term":[{"taxonomy":"product_cat","embeddable":true,"href":"https:\/\/anelto.eu\/en\/wp-json\/wp\/v2\/product_cat?post=3928"},{"taxonomy":"product_tag","embeddable":true,"href":"https:\/\/anelto.eu\/en\/wp-json\/wp\/v2\/product_tag?post=3928"}],"curies":[{"name":"wp","href":"https:\/\/api.w.org\/{rel}","templated":true}]}}