{"id":3908,"date":"2021-02-04T08:03:36","date_gmt":"2021-02-04T08:03:36","guid":{"rendered":"https:\/\/anelto.eu\/?post_type=product&#038;p=3908"},"modified":"2021-05-19T14:54:38","modified_gmt":"2021-05-19T14:54:38","slug":"ram-universaalne-mereelektroonikaseadmete-kinnitus","status":"publish","type":"product","link":"https:\/\/anelto.eu\/en\/toode\/ram-universaalne-mereelektroonikaseadmete-kinnitus\/","title":{"rendered":"RAM\u00ae universaalne mereelektroonikaseadmete kinnitus"},"content":{"rendered":"","protected":false},"excerpt":{"rendered":"<ul>\n<li>RAM-D-115-C koosneb 2,25-tollise l\u00e4bim\u00f5\u00f5duga D-suuruse kuuliga alusest, l\u00fchikesest varrest ja D-suuruse kuuliga 6,25 \u201dx 2\u201d kinnitusplaadist suuremate seadmete toetamiseks<\/li>\n<li>Kinnitusplaat sisaldab erinevaid eelnevalt puuritud aukude kombinatsioone ja sobib sellest tulenevalt seadmeid nagu Lowrance HDS-9 Gen2 Touch, Garmin GPSMAP 7407 ja palju muud.<\/li>\n<li>Valmistatud pulberv\u00e4rvitud merekindlast alumiiniumist, mis tagab vastupidavuse ja t\u00f6\u00f6kindluse ka k\u00f5ige n\u00f5udlikumates keskkondades<\/li>\n<li>Tagatud eluaegne garantii<\/li>\n<\/ul>\n<p><strong>Muu info:<\/strong><\/p>\n<ul>\n<li>\u00dcldk\u00f5rgus: 7,325 &#8220;<\/li>\n<li>\u00dclemine plaat: 6,25 &#8220;x 2&#8221;<\/li>\n<li>Alumine plaat: 3,68 &#8220;\u00e4bim\u00f5\u00f5t<\/li>\n<li>D suurus (2,25 &#8220;)<\/li>\n<\/ul>\n<p><img loading=\"lazy\" decoding=\"async\" class=\"size-full wp-image-4101 aligncenter\" src=\"https:\/\/anelto.eu\/wp-content\/uploads\/2021\/02\/RAM-pilt.png\" alt=\"\" width=\"300\" height=\"93\" \/><\/p>\n","protected":false},"featured_media":3909,"comment_status":"closed","ping_status":"closed","template":"","meta":{"_acf_changed":false},"product_cat":[76,77],"product_tag":[],"class_list":{"0":"post-3908","1":"product","2":"type-product","3":"status-publish","4":"has-post-thumbnail","6":"product_cat-gps-seadmete-kinnitused","7":"product_cat-kalaleidjate-kinnitused","9":"first","10":"instock","11":"shipping-taxable","12":"product-type-simple"},"acf":[],"yoast_head":"<!-- This site is optimized with the Yoast SEO plugin v23.9 - https:\/\/yoast.com\/wordpress\/plugins\/seo\/ -->\n<title>RAM\u00ae universaalne mereelektroonikaseadmete kinnitus - Anelto - t\u00f6\u00f6ruumi efektiivsus<\/title>\n<meta name=\"robots\" content=\"index, follow, max-snippet:-1, max-image-preview:large, max-video-preview:-1\" \/>\n<link rel=\"canonical\" href=\"https:\/\/anelto.eu\/toode\/ram-universaalne-mereelektroonikaseadmete-kinnitus\/\" \/>\n<meta property=\"og:locale\" content=\"en_US\" \/>\n<meta property=\"og:type\" content=\"article\" \/>\n<meta property=\"og:title\" content=\"RAM\u00ae universaalne mereelektroonikaseadmete kinnitus - Anelto - t\u00f6\u00f6ruumi efektiivsus\" \/>\n<meta property=\"og:description\" content=\"RAM-D-115-C koosneb 2,25-tollise l\u00e4bim\u00f5\u00f5duga D-suuruse kuuliga alusest, l\u00fchikesest varrest ja D-suuruse kuuliga 6,25 \u201dx 2\u201d kinnitusplaadist suuremate seadmete toetamiseks  Kinnitusplaat sisaldab erinevaid eelnevalt puuritud aukude kombinatsioone ja sobib sellest tulenevalt seadmeid nagu Lowrance HDS-9 Gen2 Touch, Garmin GPSMAP 7407 ja palju muud.  Valmistatud pulberv\u00e4rvitud merekindlast alumiiniumist, mis tagab vastupidavuse ja t\u00f6\u00f6kindluse ka k\u00f5ige n\u00f5udlikumates keskkondades  Tagatud eluaegne garantii  Muu info:   \u00dcldk\u00f5rgus: 7,325 &quot;  \u00dclemine plaat: 6,25 &quot;x 2&quot;  Alumine plaat: 3,68 &quot;\u00e4bim\u00f5\u00f5t  D suurus (2,25 &quot;)\" \/>\n<meta property=\"og:url\" content=\"https:\/\/anelto.eu\/toode\/ram-universaalne-mereelektroonikaseadmete-kinnitus\/\" \/>\n<meta property=\"og:site_name\" content=\"Anelto - t\u00f6\u00f6ruumi efektiivsus\" \/>\n<meta property=\"article:modified_time\" content=\"2021-05-19T14:54:38+00:00\" \/>\n<meta property=\"og:image\" content=\"https:\/\/anelto.eu\/wp-content\/uploads\/2021\/02\/RAM-D-115-C.jpg\" \/>\n\t<meta property=\"og:image:width\" content=\"800\" \/>\n\t<meta property=\"og:image:height\" content=\"800\" \/>\n\t<meta property=\"og:image:type\" content=\"image\/jpeg\" \/>\n<meta name=\"twitter:card\" content=\"summary_large_image\" \/>\n<script type=\"application\/ld+json\" class=\"yoast-schema-graph\">{\"@context\":\"https:\/\/schema.org\",\"@graph\":[{\"@type\":\"WebPage\",\"@id\":\"https:\/\/anelto.eu\/toode\/ram-universaalne-mereelektroonikaseadmete-kinnitus\/\",\"url\":\"https:\/\/anelto.eu\/toode\/ram-universaalne-mereelektroonikaseadmete-kinnitus\/\",\"name\":\"RAM\u00ae universaalne mereelektroonikaseadmete kinnitus - Anelto - t\u00f6\u00f6ruumi efektiivsus\",\"isPartOf\":{\"@id\":\"https:\/\/anelto.eu\/#website\"},\"primaryImageOfPage\":{\"@id\":\"https:\/\/anelto.eu\/toode\/ram-universaalne-mereelektroonikaseadmete-kinnitus\/#primaryimage\"},\"image\":{\"@id\":\"https:\/\/anelto.eu\/toode\/ram-universaalne-mereelektroonikaseadmete-kinnitus\/#primaryimage\"},\"thumbnailUrl\":\"https:\/\/anelto.eu\/wp-content\/uploads\/2021\/02\/RAM-D-115-C.jpg\",\"datePublished\":\"2021-02-04T08:03:36+00:00\",\"dateModified\":\"2021-05-19T14:54:38+00:00\",\"breadcrumb\":{\"@id\":\"https:\/\/anelto.eu\/toode\/ram-universaalne-mereelektroonikaseadmete-kinnitus\/#breadcrumb\"},\"inLanguage\":\"en-US\",\"potentialAction\":[{\"@type\":\"ReadAction\",\"target\":[\"https:\/\/anelto.eu\/toode\/ram-universaalne-mereelektroonikaseadmete-kinnitus\/\"]}]},{\"@type\":\"ImageObject\",\"inLanguage\":\"en-US\",\"@id\":\"https:\/\/anelto.eu\/toode\/ram-universaalne-mereelektroonikaseadmete-kinnitus\/#primaryimage\",\"url\":\"https:\/\/anelto.eu\/wp-content\/uploads\/2021\/02\/RAM-D-115-C.jpg\",\"contentUrl\":\"https:\/\/anelto.eu\/wp-content\/uploads\/2021\/02\/RAM-D-115-C.jpg\",\"width\":800,\"height\":800},{\"@type\":\"BreadcrumbList\",\"@id\":\"https:\/\/anelto.eu\/toode\/ram-universaalne-mereelektroonikaseadmete-kinnitus\/#breadcrumb\",\"itemListElement\":[{\"@type\":\"ListItem\",\"position\":1,\"name\":\"Avaleht\",\"item\":\"https:\/\/anelto.eu\/\"},{\"@type\":\"ListItem\",\"position\":2,\"name\":\"Valdkonnad\",\"item\":\"https:\/\/anelto.eu\/valdkonnad\/\"},{\"@type\":\"ListItem\",\"position\":3,\"name\":\"Kalaleidjate kinnitused\",\"item\":\"https:\/\/anelto.eu\/tootekategooria\/kalaleidjate-kinnitused\/\"},{\"@type\":\"ListItem\",\"position\":4,\"name\":\"RAM\u00ae universaalne mereelektroonikaseadmete kinnitus\"}]},{\"@type\":\"WebSite\",\"@id\":\"https:\/\/anelto.eu\/#website\",\"url\":\"https:\/\/anelto.eu\/\",\"name\":\"Anelto - t\u00f6\u00f6ruumi efektiivsus\",\"description\":\"Ergonoomiline t\u00f6\u00f6keskkond ja kinnituslahendused!\",\"publisher\":{\"@id\":\"https:\/\/anelto.eu\/#organization\"},\"potentialAction\":[{\"@type\":\"SearchAction\",\"target\":{\"@type\":\"EntryPoint\",\"urlTemplate\":\"https:\/\/anelto.eu\/?s={search_term_string}\"},\"query-input\":{\"@type\":\"PropertyValueSpecification\",\"valueRequired\":true,\"valueName\":\"search_term_string\"}}],\"inLanguage\":\"en-US\"},{\"@type\":\"Organization\",\"@id\":\"https:\/\/anelto.eu\/#organization\",\"name\":\"Anelto\",\"url\":\"https:\/\/anelto.eu\/\",\"logo\":{\"@type\":\"ImageObject\",\"inLanguage\":\"en-US\",\"@id\":\"https:\/\/anelto.eu\/#\/schema\/logo\/image\/\",\"url\":\"https:\/\/anelto.eu\/wp-content\/uploads\/2020\/06\/Picture1.png\",\"contentUrl\":\"https:\/\/anelto.eu\/wp-content\/uploads\/2020\/06\/Picture1.png\",\"width\":615,\"height\":331,\"caption\":\"Anelto\"},\"image\":{\"@id\":\"https:\/\/anelto.eu\/#\/schema\/logo\/image\/\"}}]}<\/script>\n<!-- \/ Yoast SEO plugin. -->","yoast_head_json":{"title":"RAM\u00ae universaalne mereelektroonikaseadmete kinnitus - Anelto - t\u00f6\u00f6ruumi efektiivsus","robots":{"index":"index","follow":"follow","max-snippet":"max-snippet:-1","max-image-preview":"max-image-preview:large","max-video-preview":"max-video-preview:-1"},"canonical":"https:\/\/anelto.eu\/toode\/ram-universaalne-mereelektroonikaseadmete-kinnitus\/","og_locale":"en_US","og_type":"article","og_title":"RAM\u00ae universaalne mereelektroonikaseadmete kinnitus - Anelto - t\u00f6\u00f6ruumi efektiivsus","og_description":"RAM-D-115-C koosneb 2,25-tollise l\u00e4bim\u00f5\u00f5duga D-suuruse kuuliga alusest, l\u00fchikesest varrest ja D-suuruse kuuliga 6,25 \u201dx 2\u201d kinnitusplaadist suuremate seadmete toetamiseks  Kinnitusplaat sisaldab erinevaid eelnevalt puuritud aukude kombinatsioone ja sobib sellest tulenevalt seadmeid nagu Lowrance HDS-9 Gen2 Touch, Garmin GPSMAP 7407 ja palju muud.  Valmistatud pulberv\u00e4rvitud merekindlast alumiiniumist, mis tagab vastupidavuse ja t\u00f6\u00f6kindluse ka k\u00f5ige n\u00f5udlikumates keskkondades  Tagatud eluaegne garantii  Muu info:   \u00dcldk\u00f5rgus: 7,325 \"  \u00dclemine plaat: 6,25 \"x 2\"  Alumine plaat: 3,68 \"\u00e4bim\u00f5\u00f5t  D suurus (2,25 \")","og_url":"https:\/\/anelto.eu\/toode\/ram-universaalne-mereelektroonikaseadmete-kinnitus\/","og_site_name":"Anelto - t\u00f6\u00f6ruumi efektiivsus","article_modified_time":"2021-05-19T14:54:38+00:00","og_image":[{"width":800,"height":800,"url":"https:\/\/anelto.eu\/wp-content\/uploads\/2021\/02\/RAM-D-115-C.jpg","type":"image\/jpeg"}],"twitter_card":"summary_large_image","schema":{"@context":"https:\/\/schema.org","@graph":[{"@type":"WebPage","@id":"https:\/\/anelto.eu\/toode\/ram-universaalne-mereelektroonikaseadmete-kinnitus\/","url":"https:\/\/anelto.eu\/toode\/ram-universaalne-mereelektroonikaseadmete-kinnitus\/","name":"RAM\u00ae universaalne mereelektroonikaseadmete kinnitus - Anelto - t\u00f6\u00f6ruumi efektiivsus","isPartOf":{"@id":"https:\/\/anelto.eu\/#website"},"primaryImageOfPage":{"@id":"https:\/\/anelto.eu\/toode\/ram-universaalne-mereelektroonikaseadmete-kinnitus\/#primaryimage"},"image":{"@id":"https:\/\/anelto.eu\/toode\/ram-universaalne-mereelektroonikaseadmete-kinnitus\/#primaryimage"},"thumbnailUrl":"https:\/\/anelto.eu\/wp-content\/uploads\/2021\/02\/RAM-D-115-C.jpg","datePublished":"2021-02-04T08:03:36+00:00","dateModified":"2021-05-19T14:54:38+00:00","breadcrumb":{"@id":"https:\/\/anelto.eu\/toode\/ram-universaalne-mereelektroonikaseadmete-kinnitus\/#breadcrumb"},"inLanguage":"en-US","potentialAction":[{"@type":"ReadAction","target":["https:\/\/anelto.eu\/toode\/ram-universaalne-mereelektroonikaseadmete-kinnitus\/"]}]},{"@type":"ImageObject","inLanguage":"en-US","@id":"https:\/\/anelto.eu\/toode\/ram-universaalne-mereelektroonikaseadmete-kinnitus\/#primaryimage","url":"https:\/\/anelto.eu\/wp-content\/uploads\/2021\/02\/RAM-D-115-C.jpg","contentUrl":"https:\/\/anelto.eu\/wp-content\/uploads\/2021\/02\/RAM-D-115-C.jpg","width":800,"height":800},{"@type":"BreadcrumbList","@id":"https:\/\/anelto.eu\/toode\/ram-universaalne-mereelektroonikaseadmete-kinnitus\/#breadcrumb","itemListElement":[{"@type":"ListItem","position":1,"name":"Avaleht","item":"https:\/\/anelto.eu\/"},{"@type":"ListItem","position":2,"name":"Valdkonnad","item":"https:\/\/anelto.eu\/valdkonnad\/"},{"@type":"ListItem","position":3,"name":"Kalaleidjate kinnitused","item":"https:\/\/anelto.eu\/tootekategooria\/kalaleidjate-kinnitused\/"},{"@type":"ListItem","position":4,"name":"RAM\u00ae universaalne mereelektroonikaseadmete kinnitus"}]},{"@type":"WebSite","@id":"https:\/\/anelto.eu\/#website","url":"https:\/\/anelto.eu\/","name":"Anelto - t\u00f6\u00f6ruumi efektiivsus","description":"Ergonoomiline t\u00f6\u00f6keskkond ja kinnituslahendused!","publisher":{"@id":"https:\/\/anelto.eu\/#organization"},"potentialAction":[{"@type":"SearchAction","target":{"@type":"EntryPoint","urlTemplate":"https:\/\/anelto.eu\/?s={search_term_string}"},"query-input":{"@type":"PropertyValueSpecification","valueRequired":true,"valueName":"search_term_string"}}],"inLanguage":"en-US"},{"@type":"Organization","@id":"https:\/\/anelto.eu\/#organization","name":"Anelto","url":"https:\/\/anelto.eu\/","logo":{"@type":"ImageObject","inLanguage":"en-US","@id":"https:\/\/anelto.eu\/#\/schema\/logo\/image\/","url":"https:\/\/anelto.eu\/wp-content\/uploads\/2020\/06\/Picture1.png","contentUrl":"https:\/\/anelto.eu\/wp-content\/uploads\/2020\/06\/Picture1.png","width":615,"height":331,"caption":"Anelto"},"image":{"@id":"https:\/\/anelto.eu\/#\/schema\/logo\/image\/"}}]}},"_links":{"self":[{"href":"https:\/\/anelto.eu\/en\/wp-json\/wp\/v2\/product\/3908","targetHints":{"allow":["GET"]}}],"collection":[{"href":"https:\/\/anelto.eu\/en\/wp-json\/wp\/v2\/product"}],"about":[{"href":"https:\/\/anelto.eu\/en\/wp-json\/wp\/v2\/types\/product"}],"replies":[{"embeddable":true,"href":"https:\/\/anelto.eu\/en\/wp-json\/wp\/v2\/comments?post=3908"}],"wp:featuredmedia":[{"embeddable":true,"href":"https:\/\/anelto.eu\/en\/wp-json\/wp\/v2\/media\/3909"}],"wp:attachment":[{"href":"https:\/\/anelto.eu\/en\/wp-json\/wp\/v2\/media?parent=3908"}],"wp:term":[{"taxonomy":"product_cat","embeddable":true,"href":"https:\/\/anelto.eu\/en\/wp-json\/wp\/v2\/product_cat?post=3908"},{"taxonomy":"product_tag","embeddable":true,"href":"https:\/\/anelto.eu\/en\/wp-json\/wp\/v2\/product_tag?post=3908"}],"curies":[{"name":"wp","href":"https:\/\/api.w.org\/{rel}","templated":true}]}}