{"id":3867,"date":"2021-02-02T18:31:35","date_gmt":"2021-02-02T18:31:35","guid":{"rendered":"https:\/\/anelto.eu\/?post_type=product&#038;p=3867"},"modified":"2021-02-09T14:21:14","modified_gmt":"2021-02-09T14:21:14","slug":"kuni-20kg-lakke-kinnitatav-projektori-kinnitus","status":"publish","type":"product","link":"https:\/\/anelto.eu\/en\/toode\/kuni-20kg-lakke-kinnitatav-projektori-kinnitus\/","title":{"rendered":"Kuni 20kg lakke kinnitatav projektori kinnitus"},"content":{"rendered":"","protected":false},"excerpt":{"rendered":"<ul>\n<li>Kallutatav nurk: v\u00f5imaldab head vaatamisnurka<\/li>\n<li>Reguleeritav k\u00f5rgus: erinevate k\u00f5rgustega lagede jaoks<\/li>\n<\/ul>\n<p><strong>Muu info: <\/strong><\/p>\n<ul>\n<li>Materjal: teras<\/li>\n<li>V\u00e4rv: matt must, l\u00e4ikiv hall, matt valge<\/li>\n<li>Pinna viimistlus: pulberv\u00e4rv<\/li>\n<li>M\u00f5\u00f5tmed: 237x203x650mm<\/li>\n<li>Kandev\u00f5ime: 20kg<\/li>\n<li>Paigaldusvahemik: 225 ~ 316mm<\/li>\n<li>Kallutusvahemik: + 15 \u00b0 ~ -15 \u00b0<\/li>\n<li>P\u00f6\u00f6rdevahemik: + 10 \u00b0 ~ -10 \u00b0<\/li>\n<li>Laiendusvahemik: 430 ~ 650mm<\/li>\n<li>Paigaldusviis: lakke paigaldatav<\/li>\n<\/ul>\n<p><img loading=\"lazy\" decoding=\"async\" class=\"size-full wp-image-4106 aligncenter\" src=\"https:\/\/anelto.eu\/wp-content\/uploads\/2021\/02\/weffy_logo-300x130-1.png\" alt=\"\" width=\"300\" height=\"130\" \/><\/p>\n","protected":false},"featured_media":3868,"comment_status":"closed","ping_status":"closed","template":"","meta":{"_acf_changed":false},"product_cat":[66],"product_tag":[],"class_list":{"0":"post-3867","1":"product","2":"type-product","3":"status-publish","4":"has-post-thumbnail","6":"product_cat-projektorite-kinnitused","8":"first","9":"instock","10":"shipping-taxable","11":"product-type-simple"},"acf":[],"yoast_head":"<!-- This site is optimized with the Yoast SEO plugin v23.9 - https:\/\/yoast.com\/wordpress\/plugins\/seo\/ -->\n<title>Kuni 20kg lakke kinnitatav projektori kinnitus - Anelto - t\u00f6\u00f6ruumi efektiivsus<\/title>\n<meta name=\"robots\" content=\"index, follow, max-snippet:-1, max-image-preview:large, max-video-preview:-1\" \/>\n<link rel=\"canonical\" href=\"https:\/\/anelto.eu\/toode\/kuni-20kg-lakke-kinnitatav-projektori-kinnitus\/\" \/>\n<meta property=\"og:locale\" content=\"en_US\" \/>\n<meta property=\"og:type\" content=\"article\" \/>\n<meta property=\"og:title\" content=\"Kuni 20kg lakke kinnitatav projektori kinnitus - Anelto - t\u00f6\u00f6ruumi efektiivsus\" \/>\n<meta property=\"og:description\" content=\"Kallutatav nurk: v\u00f5imaldab head vaatamisnurka  Reguleeritav k\u00f5rgus: erinevate k\u00f5rgustega lagede jaoks  Muu info:    Materjal: teras  V\u00e4rv: matt must, l\u00e4ikiv hall, matt valge  Pinna viimistlus: pulberv\u00e4rv  M\u00f5\u00f5tmed: 237x203x650mm  Kandev\u00f5ime: 20kg  Paigaldusvahemik: 225 ~ 316mm  Kallutusvahemik: + 15 \u00b0 ~ -15 \u00b0  P\u00f6\u00f6rdevahemik: + 10 \u00b0 ~ -10 \u00b0  Laiendusvahemik: 430 ~ 650mm  Paigaldusviis: lakke paigaldatav\" \/>\n<meta property=\"og:url\" content=\"https:\/\/anelto.eu\/toode\/kuni-20kg-lakke-kinnitatav-projektori-kinnitus\/\" \/>\n<meta property=\"og:site_name\" content=\"Anelto - t\u00f6\u00f6ruumi efektiivsus\" \/>\n<meta property=\"article:modified_time\" content=\"2021-02-09T14:21:14+00:00\" \/>\n<meta property=\"og:image\" content=\"https:\/\/anelto.eu\/wp-content\/uploads\/2021\/02\/3c317f6a-c7b4-4192-88e8-e998bd354ab3_500_500.jpg\" \/>\n\t<meta property=\"og:image:width\" content=\"500\" \/>\n\t<meta property=\"og:image:height\" content=\"500\" \/>\n\t<meta property=\"og:image:type\" content=\"image\/jpeg\" \/>\n<meta name=\"twitter:card\" content=\"summary_large_image\" \/>\n<script type=\"application\/ld+json\" class=\"yoast-schema-graph\">{\"@context\":\"https:\/\/schema.org\",\"@graph\":[{\"@type\":\"WebPage\",\"@id\":\"https:\/\/anelto.eu\/toode\/kuni-20kg-lakke-kinnitatav-projektori-kinnitus\/\",\"url\":\"https:\/\/anelto.eu\/toode\/kuni-20kg-lakke-kinnitatav-projektori-kinnitus\/\",\"name\":\"Kuni 20kg lakke kinnitatav projektori kinnitus - Anelto - t\u00f6\u00f6ruumi efektiivsus\",\"isPartOf\":{\"@id\":\"https:\/\/anelto.eu\/#website\"},\"primaryImageOfPage\":{\"@id\":\"https:\/\/anelto.eu\/toode\/kuni-20kg-lakke-kinnitatav-projektori-kinnitus\/#primaryimage\"},\"image\":{\"@id\":\"https:\/\/anelto.eu\/toode\/kuni-20kg-lakke-kinnitatav-projektori-kinnitus\/#primaryimage\"},\"thumbnailUrl\":\"https:\/\/anelto.eu\/wp-content\/uploads\/2021\/02\/3c317f6a-c7b4-4192-88e8-e998bd354ab3_500_500.jpg\",\"datePublished\":\"2021-02-02T18:31:35+00:00\",\"dateModified\":\"2021-02-09T14:21:14+00:00\",\"breadcrumb\":{\"@id\":\"https:\/\/anelto.eu\/toode\/kuni-20kg-lakke-kinnitatav-projektori-kinnitus\/#breadcrumb\"},\"inLanguage\":\"en-US\",\"potentialAction\":[{\"@type\":\"ReadAction\",\"target\":[\"https:\/\/anelto.eu\/toode\/kuni-20kg-lakke-kinnitatav-projektori-kinnitus\/\"]}]},{\"@type\":\"ImageObject\",\"inLanguage\":\"en-US\",\"@id\":\"https:\/\/anelto.eu\/toode\/kuni-20kg-lakke-kinnitatav-projektori-kinnitus\/#primaryimage\",\"url\":\"https:\/\/anelto.eu\/wp-content\/uploads\/2021\/02\/3c317f6a-c7b4-4192-88e8-e998bd354ab3_500_500.jpg\",\"contentUrl\":\"https:\/\/anelto.eu\/wp-content\/uploads\/2021\/02\/3c317f6a-c7b4-4192-88e8-e998bd354ab3_500_500.jpg\",\"width\":500,\"height\":500},{\"@type\":\"BreadcrumbList\",\"@id\":\"https:\/\/anelto.eu\/toode\/kuni-20kg-lakke-kinnitatav-projektori-kinnitus\/#breadcrumb\",\"itemListElement\":[{\"@type\":\"ListItem\",\"position\":1,\"name\":\"Avaleht\",\"item\":\"https:\/\/anelto.eu\/\"},{\"@type\":\"ListItem\",\"position\":2,\"name\":\"Valdkonnad\",\"item\":\"https:\/\/anelto.eu\/valdkonnad\/\"},{\"@type\":\"ListItem\",\"position\":3,\"name\":\"Projektorite kinnitused\",\"item\":\"https:\/\/anelto.eu\/tootekategooria\/projektorite-kinnitused\/\"},{\"@type\":\"ListItem\",\"position\":4,\"name\":\"Kuni 20kg lakke kinnitatav projektori kinnitus\"}]},{\"@type\":\"WebSite\",\"@id\":\"https:\/\/anelto.eu\/#website\",\"url\":\"https:\/\/anelto.eu\/\",\"name\":\"Anelto - t\u00f6\u00f6ruumi efektiivsus\",\"description\":\"Ergonoomiline t\u00f6\u00f6keskkond ja kinnituslahendused!\",\"publisher\":{\"@id\":\"https:\/\/anelto.eu\/#organization\"},\"potentialAction\":[{\"@type\":\"SearchAction\",\"target\":{\"@type\":\"EntryPoint\",\"urlTemplate\":\"https:\/\/anelto.eu\/?s={search_term_string}\"},\"query-input\":{\"@type\":\"PropertyValueSpecification\",\"valueRequired\":true,\"valueName\":\"search_term_string\"}}],\"inLanguage\":\"en-US\"},{\"@type\":\"Organization\",\"@id\":\"https:\/\/anelto.eu\/#organization\",\"name\":\"Anelto\",\"url\":\"https:\/\/anelto.eu\/\",\"logo\":{\"@type\":\"ImageObject\",\"inLanguage\":\"en-US\",\"@id\":\"https:\/\/anelto.eu\/#\/schema\/logo\/image\/\",\"url\":\"https:\/\/anelto.eu\/wp-content\/uploads\/2020\/06\/Picture1.png\",\"contentUrl\":\"https:\/\/anelto.eu\/wp-content\/uploads\/2020\/06\/Picture1.png\",\"width\":615,\"height\":331,\"caption\":\"Anelto\"},\"image\":{\"@id\":\"https:\/\/anelto.eu\/#\/schema\/logo\/image\/\"}}]}<\/script>\n<!-- \/ Yoast SEO plugin. -->","yoast_head_json":{"title":"Kuni 20kg lakke kinnitatav projektori kinnitus - Anelto - t\u00f6\u00f6ruumi efektiivsus","robots":{"index":"index","follow":"follow","max-snippet":"max-snippet:-1","max-image-preview":"max-image-preview:large","max-video-preview":"max-video-preview:-1"},"canonical":"https:\/\/anelto.eu\/toode\/kuni-20kg-lakke-kinnitatav-projektori-kinnitus\/","og_locale":"en_US","og_type":"article","og_title":"Kuni 20kg lakke kinnitatav projektori kinnitus - Anelto - t\u00f6\u00f6ruumi efektiivsus","og_description":"Kallutatav nurk: v\u00f5imaldab head vaatamisnurka  Reguleeritav k\u00f5rgus: erinevate k\u00f5rgustega lagede jaoks  Muu info:    Materjal: teras  V\u00e4rv: matt must, l\u00e4ikiv hall, matt valge  Pinna viimistlus: pulberv\u00e4rv  M\u00f5\u00f5tmed: 237x203x650mm  Kandev\u00f5ime: 20kg  Paigaldusvahemik: 225 ~ 316mm  Kallutusvahemik: + 15 \u00b0 ~ -15 \u00b0  P\u00f6\u00f6rdevahemik: + 10 \u00b0 ~ -10 \u00b0  Laiendusvahemik: 430 ~ 650mm  Paigaldusviis: lakke paigaldatav","og_url":"https:\/\/anelto.eu\/toode\/kuni-20kg-lakke-kinnitatav-projektori-kinnitus\/","og_site_name":"Anelto - t\u00f6\u00f6ruumi efektiivsus","article_modified_time":"2021-02-09T14:21:14+00:00","og_image":[{"width":500,"height":500,"url":"https:\/\/anelto.eu\/wp-content\/uploads\/2021\/02\/3c317f6a-c7b4-4192-88e8-e998bd354ab3_500_500.jpg","type":"image\/jpeg"}],"twitter_card":"summary_large_image","schema":{"@context":"https:\/\/schema.org","@graph":[{"@type":"WebPage","@id":"https:\/\/anelto.eu\/toode\/kuni-20kg-lakke-kinnitatav-projektori-kinnitus\/","url":"https:\/\/anelto.eu\/toode\/kuni-20kg-lakke-kinnitatav-projektori-kinnitus\/","name":"Kuni 20kg lakke kinnitatav projektori kinnitus - Anelto - t\u00f6\u00f6ruumi efektiivsus","isPartOf":{"@id":"https:\/\/anelto.eu\/#website"},"primaryImageOfPage":{"@id":"https:\/\/anelto.eu\/toode\/kuni-20kg-lakke-kinnitatav-projektori-kinnitus\/#primaryimage"},"image":{"@id":"https:\/\/anelto.eu\/toode\/kuni-20kg-lakke-kinnitatav-projektori-kinnitus\/#primaryimage"},"thumbnailUrl":"https:\/\/anelto.eu\/wp-content\/uploads\/2021\/02\/3c317f6a-c7b4-4192-88e8-e998bd354ab3_500_500.jpg","datePublished":"2021-02-02T18:31:35+00:00","dateModified":"2021-02-09T14:21:14+00:00","breadcrumb":{"@id":"https:\/\/anelto.eu\/toode\/kuni-20kg-lakke-kinnitatav-projektori-kinnitus\/#breadcrumb"},"inLanguage":"en-US","potentialAction":[{"@type":"ReadAction","target":["https:\/\/anelto.eu\/toode\/kuni-20kg-lakke-kinnitatav-projektori-kinnitus\/"]}]},{"@type":"ImageObject","inLanguage":"en-US","@id":"https:\/\/anelto.eu\/toode\/kuni-20kg-lakke-kinnitatav-projektori-kinnitus\/#primaryimage","url":"https:\/\/anelto.eu\/wp-content\/uploads\/2021\/02\/3c317f6a-c7b4-4192-88e8-e998bd354ab3_500_500.jpg","contentUrl":"https:\/\/anelto.eu\/wp-content\/uploads\/2021\/02\/3c317f6a-c7b4-4192-88e8-e998bd354ab3_500_500.jpg","width":500,"height":500},{"@type":"BreadcrumbList","@id":"https:\/\/anelto.eu\/toode\/kuni-20kg-lakke-kinnitatav-projektori-kinnitus\/#breadcrumb","itemListElement":[{"@type":"ListItem","position":1,"name":"Avaleht","item":"https:\/\/anelto.eu\/"},{"@type":"ListItem","position":2,"name":"Valdkonnad","item":"https:\/\/anelto.eu\/valdkonnad\/"},{"@type":"ListItem","position":3,"name":"Projektorite kinnitused","item":"https:\/\/anelto.eu\/tootekategooria\/projektorite-kinnitused\/"},{"@type":"ListItem","position":4,"name":"Kuni 20kg lakke kinnitatav projektori kinnitus"}]},{"@type":"WebSite","@id":"https:\/\/anelto.eu\/#website","url":"https:\/\/anelto.eu\/","name":"Anelto - t\u00f6\u00f6ruumi efektiivsus","description":"Ergonoomiline t\u00f6\u00f6keskkond ja kinnituslahendused!","publisher":{"@id":"https:\/\/anelto.eu\/#organization"},"potentialAction":[{"@type":"SearchAction","target":{"@type":"EntryPoint","urlTemplate":"https:\/\/anelto.eu\/?s={search_term_string}"},"query-input":{"@type":"PropertyValueSpecification","valueRequired":true,"valueName":"search_term_string"}}],"inLanguage":"en-US"},{"@type":"Organization","@id":"https:\/\/anelto.eu\/#organization","name":"Anelto","url":"https:\/\/anelto.eu\/","logo":{"@type":"ImageObject","inLanguage":"en-US","@id":"https:\/\/anelto.eu\/#\/schema\/logo\/image\/","url":"https:\/\/anelto.eu\/wp-content\/uploads\/2020\/06\/Picture1.png","contentUrl":"https:\/\/anelto.eu\/wp-content\/uploads\/2020\/06\/Picture1.png","width":615,"height":331,"caption":"Anelto"},"image":{"@id":"https:\/\/anelto.eu\/#\/schema\/logo\/image\/"}}]}},"_links":{"self":[{"href":"https:\/\/anelto.eu\/en\/wp-json\/wp\/v2\/product\/3867","targetHints":{"allow":["GET"]}}],"collection":[{"href":"https:\/\/anelto.eu\/en\/wp-json\/wp\/v2\/product"}],"about":[{"href":"https:\/\/anelto.eu\/en\/wp-json\/wp\/v2\/types\/product"}],"replies":[{"embeddable":true,"href":"https:\/\/anelto.eu\/en\/wp-json\/wp\/v2\/comments?post=3867"}],"wp:featuredmedia":[{"embeddable":true,"href":"https:\/\/anelto.eu\/en\/wp-json\/wp\/v2\/media\/3868"}],"wp:attachment":[{"href":"https:\/\/anelto.eu\/en\/wp-json\/wp\/v2\/media?parent=3867"}],"wp:term":[{"taxonomy":"product_cat","embeddable":true,"href":"https:\/\/anelto.eu\/en\/wp-json\/wp\/v2\/product_cat?post=3867"},{"taxonomy":"product_tag","embeddable":true,"href":"https:\/\/anelto.eu\/en\/wp-json\/wp\/v2\/product_tag?post=3867"}],"curies":[{"name":"wp","href":"https:\/\/api.w.org\/{rel}","templated":true}]}}