{"id":3797,"date":"2021-02-02T18:08:56","date_gmt":"2021-02-02T18:08:56","guid":{"rendered":"https:\/\/anelto.eu\/?post_type=product&#038;p=3797"},"modified":"2021-02-09T14:42:22","modified_gmt":"2021-02-09T14:42:22","slug":"kerge-liigutatav-kolmjalg-projektori-alus","status":"publish","type":"product","link":"https:\/\/anelto.eu\/en\/toode\/kerge-liigutatav-kolmjalg-projektori-alus\/","title":{"rendered":"Kerge, liigutatav, kolmjalg projektori alus"},"content":{"rendered":"","protected":false},"excerpt":{"rendered":"<ul>\n<li>Kallutatav alusraam: v\u00f5imaldab seadistada sobiv projektori kaldenurk<\/li>\n<li>Pikendatavad statiivijalad koos lukustuslabadega: erinevate k\u00f5rgusega pindadele paigalduseks ja ruumis\u00e4\u00e4stlikuks hoiustamiseks\/transpordiks<\/li>\n<li>Turvarihm: takistab seadme kukkumist<\/li>\n<li>Libisemisvastased jalad: tagavad stabiilsuse<\/li>\n<li>Nailonist kott: lihtsamaks transpordiks ja hoiustamiseks Integreeritud mullood: lihtsam paigaldada horisontaalselt loodi<\/li>\n<\/ul>\n<p><strong>Muu info: <\/strong><\/p>\n<ul>\n<li>Materjal: alumiinium, teras, plastik<\/li>\n<li>Pinna viimistlus: galvaaniline katmine, pulberv\u00e4rv<\/li>\n<li>V\u00e4rv: matt must M\u00f5\u00f5tmed: 580x530x910mm<\/li>\n<li>Kandej\u00f5ud: 6kg<\/li>\n<li>Kallutusvahemik: + 20 \u00b0 ~ -20 \u00b0<\/li>\n<li>Laiendusvahemik: 470 ~ 910mm<\/li>\n<li>Paigaldusviis: pinnale p\u00fcsti paigaldatav<\/li>\n<\/ul>\n<p><img loading=\"lazy\" decoding=\"async\" class=\"size-full wp-image-4106 aligncenter\" src=\"https:\/\/anelto.eu\/wp-content\/uploads\/2021\/02\/weffy_logo-300x130-1.png\" alt=\"\" width=\"300\" height=\"130\" \/><\/p>\n","protected":false},"featured_media":3798,"comment_status":"closed","ping_status":"closed","template":"","meta":{"_acf_changed":false},"product_cat":[66],"product_tag":[],"class_list":{"0":"post-3797","1":"product","2":"type-product","3":"status-publish","4":"has-post-thumbnail","6":"product_cat-projektorite-kinnitused","8":"first","9":"instock","10":"shipping-taxable","11":"product-type-simple"},"acf":[],"yoast_head":"<!-- This site is optimized with the Yoast SEO plugin v23.9 - https:\/\/yoast.com\/wordpress\/plugins\/seo\/ -->\n<title>Kerge, liigutatav, kolmjalg projektori alus - Anelto - t\u00f6\u00f6ruumi efektiivsus<\/title>\n<meta name=\"robots\" content=\"index, follow, max-snippet:-1, max-image-preview:large, max-video-preview:-1\" \/>\n<link rel=\"canonical\" href=\"https:\/\/anelto.eu\/toode\/kerge-liigutatav-kolmjalg-projektori-alus\/\" \/>\n<meta property=\"og:locale\" content=\"en_US\" \/>\n<meta property=\"og:type\" content=\"article\" \/>\n<meta property=\"og:title\" content=\"Kerge, liigutatav, kolmjalg projektori alus - Anelto - t\u00f6\u00f6ruumi efektiivsus\" \/>\n<meta property=\"og:description\" content=\"Kallutatav alusraam: v\u00f5imaldab seadistada sobiv projektori kaldenurk  Pikendatavad statiivijalad koos lukustuslabadega: erinevate k\u00f5rgusega pindadele paigalduseks ja ruumis\u00e4\u00e4stlikuks hoiustamiseks\/transpordiks  Turvarihm: takistab seadme kukkumist  Libisemisvastased jalad: tagavad stabiilsuse  Nailonist kott: lihtsamaks transpordiks ja hoiustamiseks Integreeritud mullood: lihtsam paigaldada horisontaalselt loodi  Muu info:    Materjal: alumiinium, teras, plastik  Pinna viimistlus: galvaaniline katmine, pulberv\u00e4rv  V\u00e4rv: matt must M\u00f5\u00f5tmed: 580x530x910mm  Kandej\u00f5ud: 6kg  Kallutusvahemik: + 20 \u00b0 ~ -20 \u00b0  Laiendusvahemik: 470 ~ 910mm  Paigaldusviis: pinnale p\u00fcsti paigaldatav\" \/>\n<meta property=\"og:url\" content=\"https:\/\/anelto.eu\/toode\/kerge-liigutatav-kolmjalg-projektori-alus\/\" \/>\n<meta property=\"og:site_name\" content=\"Anelto - t\u00f6\u00f6ruumi efektiivsus\" \/>\n<meta property=\"article:modified_time\" content=\"2021-02-09T14:42:22+00:00\" \/>\n<meta property=\"og:image\" content=\"https:\/\/anelto.eu\/wp-content\/uploads\/2021\/02\/fd55ec09-c144-4a75-991b-f99ceb64b410_500_500.jpg\" \/>\n\t<meta property=\"og:image:width\" content=\"500\" \/>\n\t<meta property=\"og:image:height\" content=\"500\" \/>\n\t<meta property=\"og:image:type\" content=\"image\/jpeg\" \/>\n<meta name=\"twitter:card\" content=\"summary_large_image\" \/>\n<script type=\"application\/ld+json\" class=\"yoast-schema-graph\">{\"@context\":\"https:\/\/schema.org\",\"@graph\":[{\"@type\":\"WebPage\",\"@id\":\"https:\/\/anelto.eu\/toode\/kerge-liigutatav-kolmjalg-projektori-alus\/\",\"url\":\"https:\/\/anelto.eu\/toode\/kerge-liigutatav-kolmjalg-projektori-alus\/\",\"name\":\"Kerge, liigutatav, kolmjalg projektori alus - Anelto - t\u00f6\u00f6ruumi efektiivsus\",\"isPartOf\":{\"@id\":\"https:\/\/anelto.eu\/#website\"},\"primaryImageOfPage\":{\"@id\":\"https:\/\/anelto.eu\/toode\/kerge-liigutatav-kolmjalg-projektori-alus\/#primaryimage\"},\"image\":{\"@id\":\"https:\/\/anelto.eu\/toode\/kerge-liigutatav-kolmjalg-projektori-alus\/#primaryimage\"},\"thumbnailUrl\":\"https:\/\/anelto.eu\/wp-content\/uploads\/2021\/02\/fd55ec09-c144-4a75-991b-f99ceb64b410_500_500.jpg\",\"datePublished\":\"2021-02-02T18:08:56+00:00\",\"dateModified\":\"2021-02-09T14:42:22+00:00\",\"breadcrumb\":{\"@id\":\"https:\/\/anelto.eu\/toode\/kerge-liigutatav-kolmjalg-projektori-alus\/#breadcrumb\"},\"inLanguage\":\"en-US\",\"potentialAction\":[{\"@type\":\"ReadAction\",\"target\":[\"https:\/\/anelto.eu\/toode\/kerge-liigutatav-kolmjalg-projektori-alus\/\"]}]},{\"@type\":\"ImageObject\",\"inLanguage\":\"en-US\",\"@id\":\"https:\/\/anelto.eu\/toode\/kerge-liigutatav-kolmjalg-projektori-alus\/#primaryimage\",\"url\":\"https:\/\/anelto.eu\/wp-content\/uploads\/2021\/02\/fd55ec09-c144-4a75-991b-f99ceb64b410_500_500.jpg\",\"contentUrl\":\"https:\/\/anelto.eu\/wp-content\/uploads\/2021\/02\/fd55ec09-c144-4a75-991b-f99ceb64b410_500_500.jpg\",\"width\":500,\"height\":500},{\"@type\":\"BreadcrumbList\",\"@id\":\"https:\/\/anelto.eu\/toode\/kerge-liigutatav-kolmjalg-projektori-alus\/#breadcrumb\",\"itemListElement\":[{\"@type\":\"ListItem\",\"position\":1,\"name\":\"Avaleht\",\"item\":\"https:\/\/anelto.eu\/\"},{\"@type\":\"ListItem\",\"position\":2,\"name\":\"Valdkonnad\",\"item\":\"https:\/\/anelto.eu\/valdkonnad\/\"},{\"@type\":\"ListItem\",\"position\":3,\"name\":\"Projektorite kinnitused\",\"item\":\"https:\/\/anelto.eu\/tootekategooria\/projektorite-kinnitused\/\"},{\"@type\":\"ListItem\",\"position\":4,\"name\":\"Kerge, liigutatav, kolmjalg projektori alus\"}]},{\"@type\":\"WebSite\",\"@id\":\"https:\/\/anelto.eu\/#website\",\"url\":\"https:\/\/anelto.eu\/\",\"name\":\"Anelto - t\u00f6\u00f6ruumi efektiivsus\",\"description\":\"Ergonoomiline t\u00f6\u00f6keskkond ja kinnituslahendused!\",\"publisher\":{\"@id\":\"https:\/\/anelto.eu\/#organization\"},\"potentialAction\":[{\"@type\":\"SearchAction\",\"target\":{\"@type\":\"EntryPoint\",\"urlTemplate\":\"https:\/\/anelto.eu\/?s={search_term_string}\"},\"query-input\":{\"@type\":\"PropertyValueSpecification\",\"valueRequired\":true,\"valueName\":\"search_term_string\"}}],\"inLanguage\":\"en-US\"},{\"@type\":\"Organization\",\"@id\":\"https:\/\/anelto.eu\/#organization\",\"name\":\"Anelto\",\"url\":\"https:\/\/anelto.eu\/\",\"logo\":{\"@type\":\"ImageObject\",\"inLanguage\":\"en-US\",\"@id\":\"https:\/\/anelto.eu\/#\/schema\/logo\/image\/\",\"url\":\"https:\/\/anelto.eu\/wp-content\/uploads\/2020\/06\/Picture1.png\",\"contentUrl\":\"https:\/\/anelto.eu\/wp-content\/uploads\/2020\/06\/Picture1.png\",\"width\":615,\"height\":331,\"caption\":\"Anelto\"},\"image\":{\"@id\":\"https:\/\/anelto.eu\/#\/schema\/logo\/image\/\"}}]}<\/script>\n<!-- \/ Yoast SEO plugin. -->","yoast_head_json":{"title":"Kerge, liigutatav, kolmjalg projektori alus - Anelto - t\u00f6\u00f6ruumi efektiivsus","robots":{"index":"index","follow":"follow","max-snippet":"max-snippet:-1","max-image-preview":"max-image-preview:large","max-video-preview":"max-video-preview:-1"},"canonical":"https:\/\/anelto.eu\/toode\/kerge-liigutatav-kolmjalg-projektori-alus\/","og_locale":"en_US","og_type":"article","og_title":"Kerge, liigutatav, kolmjalg projektori alus - Anelto - t\u00f6\u00f6ruumi efektiivsus","og_description":"Kallutatav alusraam: v\u00f5imaldab seadistada sobiv projektori kaldenurk  Pikendatavad statiivijalad koos lukustuslabadega: erinevate k\u00f5rgusega pindadele paigalduseks ja ruumis\u00e4\u00e4stlikuks hoiustamiseks\/transpordiks  Turvarihm: takistab seadme kukkumist  Libisemisvastased jalad: tagavad stabiilsuse  Nailonist kott: lihtsamaks transpordiks ja hoiustamiseks Integreeritud mullood: lihtsam paigaldada horisontaalselt loodi  Muu info:    Materjal: alumiinium, teras, plastik  Pinna viimistlus: galvaaniline katmine, pulberv\u00e4rv  V\u00e4rv: matt must M\u00f5\u00f5tmed: 580x530x910mm  Kandej\u00f5ud: 6kg  Kallutusvahemik: + 20 \u00b0 ~ -20 \u00b0  Laiendusvahemik: 470 ~ 910mm  Paigaldusviis: pinnale p\u00fcsti paigaldatav","og_url":"https:\/\/anelto.eu\/toode\/kerge-liigutatav-kolmjalg-projektori-alus\/","og_site_name":"Anelto - t\u00f6\u00f6ruumi efektiivsus","article_modified_time":"2021-02-09T14:42:22+00:00","og_image":[{"width":500,"height":500,"url":"https:\/\/anelto.eu\/wp-content\/uploads\/2021\/02\/fd55ec09-c144-4a75-991b-f99ceb64b410_500_500.jpg","type":"image\/jpeg"}],"twitter_card":"summary_large_image","schema":{"@context":"https:\/\/schema.org","@graph":[{"@type":"WebPage","@id":"https:\/\/anelto.eu\/toode\/kerge-liigutatav-kolmjalg-projektori-alus\/","url":"https:\/\/anelto.eu\/toode\/kerge-liigutatav-kolmjalg-projektori-alus\/","name":"Kerge, liigutatav, kolmjalg projektori alus - Anelto - t\u00f6\u00f6ruumi efektiivsus","isPartOf":{"@id":"https:\/\/anelto.eu\/#website"},"primaryImageOfPage":{"@id":"https:\/\/anelto.eu\/toode\/kerge-liigutatav-kolmjalg-projektori-alus\/#primaryimage"},"image":{"@id":"https:\/\/anelto.eu\/toode\/kerge-liigutatav-kolmjalg-projektori-alus\/#primaryimage"},"thumbnailUrl":"https:\/\/anelto.eu\/wp-content\/uploads\/2021\/02\/fd55ec09-c144-4a75-991b-f99ceb64b410_500_500.jpg","datePublished":"2021-02-02T18:08:56+00:00","dateModified":"2021-02-09T14:42:22+00:00","breadcrumb":{"@id":"https:\/\/anelto.eu\/toode\/kerge-liigutatav-kolmjalg-projektori-alus\/#breadcrumb"},"inLanguage":"en-US","potentialAction":[{"@type":"ReadAction","target":["https:\/\/anelto.eu\/toode\/kerge-liigutatav-kolmjalg-projektori-alus\/"]}]},{"@type":"ImageObject","inLanguage":"en-US","@id":"https:\/\/anelto.eu\/toode\/kerge-liigutatav-kolmjalg-projektori-alus\/#primaryimage","url":"https:\/\/anelto.eu\/wp-content\/uploads\/2021\/02\/fd55ec09-c144-4a75-991b-f99ceb64b410_500_500.jpg","contentUrl":"https:\/\/anelto.eu\/wp-content\/uploads\/2021\/02\/fd55ec09-c144-4a75-991b-f99ceb64b410_500_500.jpg","width":500,"height":500},{"@type":"BreadcrumbList","@id":"https:\/\/anelto.eu\/toode\/kerge-liigutatav-kolmjalg-projektori-alus\/#breadcrumb","itemListElement":[{"@type":"ListItem","position":1,"name":"Avaleht","item":"https:\/\/anelto.eu\/"},{"@type":"ListItem","position":2,"name":"Valdkonnad","item":"https:\/\/anelto.eu\/valdkonnad\/"},{"@type":"ListItem","position":3,"name":"Projektorite kinnitused","item":"https:\/\/anelto.eu\/tootekategooria\/projektorite-kinnitused\/"},{"@type":"ListItem","position":4,"name":"Kerge, liigutatav, kolmjalg projektori alus"}]},{"@type":"WebSite","@id":"https:\/\/anelto.eu\/#website","url":"https:\/\/anelto.eu\/","name":"Anelto - t\u00f6\u00f6ruumi efektiivsus","description":"Ergonoomiline t\u00f6\u00f6keskkond ja kinnituslahendused!","publisher":{"@id":"https:\/\/anelto.eu\/#organization"},"potentialAction":[{"@type":"SearchAction","target":{"@type":"EntryPoint","urlTemplate":"https:\/\/anelto.eu\/?s={search_term_string}"},"query-input":{"@type":"PropertyValueSpecification","valueRequired":true,"valueName":"search_term_string"}}],"inLanguage":"en-US"},{"@type":"Organization","@id":"https:\/\/anelto.eu\/#organization","name":"Anelto","url":"https:\/\/anelto.eu\/","logo":{"@type":"ImageObject","inLanguage":"en-US","@id":"https:\/\/anelto.eu\/#\/schema\/logo\/image\/","url":"https:\/\/anelto.eu\/wp-content\/uploads\/2020\/06\/Picture1.png","contentUrl":"https:\/\/anelto.eu\/wp-content\/uploads\/2020\/06\/Picture1.png","width":615,"height":331,"caption":"Anelto"},"image":{"@id":"https:\/\/anelto.eu\/#\/schema\/logo\/image\/"}}]}},"_links":{"self":[{"href":"https:\/\/anelto.eu\/en\/wp-json\/wp\/v2\/product\/3797","targetHints":{"allow":["GET"]}}],"collection":[{"href":"https:\/\/anelto.eu\/en\/wp-json\/wp\/v2\/product"}],"about":[{"href":"https:\/\/anelto.eu\/en\/wp-json\/wp\/v2\/types\/product"}],"replies":[{"embeddable":true,"href":"https:\/\/anelto.eu\/en\/wp-json\/wp\/v2\/comments?post=3797"}],"wp:featuredmedia":[{"embeddable":true,"href":"https:\/\/anelto.eu\/en\/wp-json\/wp\/v2\/media\/3798"}],"wp:attachment":[{"href":"https:\/\/anelto.eu\/en\/wp-json\/wp\/v2\/media?parent=3797"}],"wp:term":[{"taxonomy":"product_cat","embeddable":true,"href":"https:\/\/anelto.eu\/en\/wp-json\/wp\/v2\/product_cat?post=3797"},{"taxonomy":"product_tag","embeddable":true,"href":"https:\/\/anelto.eu\/en\/wp-json\/wp\/v2\/product_tag?post=3797"}],"curies":[{"name":"wp","href":"https:\/\/api.w.org\/{rel}","templated":true}]}}