{"id":3754,"date":"2021-02-01T18:02:38","date_gmt":"2021-02-01T18:02:38","guid":{"rendered":"https:\/\/anelto.eu\/?post_type=product&#038;p=3754"},"modified":"2021-02-09T14:46:03","modified_gmt":"2021-02-09T14:46:03","slug":"porandale-asetatavad-kaasaskantavad-projektori-ekraanid","status":"publish","type":"product","link":"https:\/\/anelto.eu\/en\/toode\/porandale-asetatavad-kaasaskantavad-projektori-ekraanid\/","title":{"rendered":"P\u00f5randale asetatavad kaasaskantavad projektori ekraanid"},"content":{"rendered":"","protected":false},"excerpt":{"rendered":"<p><strong>P\u00f5hiomadused:<\/strong><\/p>\n<ul>\n<li>P\u00f6\u00f6rdnupuga lukustamine: tagab t\u00f6\u00f6riistavaba k\u00f5rguse reguleerimise<\/li>\n<li>Alumiiniumist korpus: kerge, kuid vastupidav<\/li>\n<li>T\u00f6\u00f6riistavaba monteerimiskonstruktsioon: v\u00f5imaldab seadistamist m\u00f5ne minutiga, lihtsalt raami lahti keerates ja lukustades<\/li>\n<li>Hea vaatenurk: pakub selget pilti ka k\u00fcljelt vaadates<\/li>\n<li>Mustad piirde\u00e4\u00e4rised: suurendavad pildi kontrastsust<\/li>\n<li>Puhastatav ekraanimaterjal: h\u00f5lpsasti hooldatav<\/li>\n<\/ul>\n<p><strong>Muu info:<\/strong><\/p>\n<ul>\n<li>Vaadatava ekraani ala \u00e4\u00e4red: erineb mudeli p\u00f5hiselt, vahemikus 3cm-97cm (alumine \u00e4\u00e4r)<\/li>\n<li>Diagonaal suuruste valik: 60&#8243;, 67&#8243;, 80&#8243;, 84&#8243;, 86&#8243;, 96&#8243;, 100&#8243;<\/li>\n<li>Diagonnaali suhte valik: 16: 9, 4:3, 1:1<\/li>\n<li>Vaatenurk: 160\u00b0<\/li>\n<li>Kinnitusviis: p\u00f5randale asetatav<\/li>\n<li>Kinnitusraami kuju: D-kuju<\/li>\n<li>Materjal: klaaskiud valge kangas<\/li>\n<\/ul>\n<p><img loading=\"lazy\" decoding=\"async\" class=\"size-full wp-image-4106 aligncenter\" src=\"https:\/\/anelto.eu\/wp-content\/uploads\/2021\/02\/weffy_logo-300x130-1.png\" alt=\"\" width=\"300\" height=\"130\" \/><\/p>\n","protected":false},"featured_media":3755,"comment_status":"closed","ping_status":"closed","template":"","meta":{"_acf_changed":false},"product_cat":[71],"product_tag":[],"class_list":{"0":"post-3754","1":"product","2":"type-product","3":"status-publish","4":"has-post-thumbnail","6":"product_cat-projektori-ekraanid","8":"first","9":"instock","10":"shipping-taxable","11":"product-type-simple"},"acf":[],"yoast_head":"<!-- This site is optimized with the Yoast SEO plugin v23.9 - https:\/\/yoast.com\/wordpress\/plugins\/seo\/ -->\n<title>P\u00f5randale asetatavad kaasaskantavad projektori ekraanid - Anelto - t\u00f6\u00f6ruumi efektiivsus<\/title>\n<meta name=\"robots\" content=\"index, follow, max-snippet:-1, max-image-preview:large, max-video-preview:-1\" \/>\n<link rel=\"canonical\" href=\"https:\/\/anelto.eu\/toode\/porandale-asetatavad-kaasaskantavad-projektori-ekraanid\/\" \/>\n<meta property=\"og:locale\" content=\"en_US\" \/>\n<meta property=\"og:type\" content=\"article\" \/>\n<meta property=\"og:title\" content=\"P\u00f5randale asetatavad kaasaskantavad projektori ekraanid - Anelto - t\u00f6\u00f6ruumi efektiivsus\" \/>\n<meta property=\"og:description\" content=\"P\u00f5hiomadused:   P\u00f6\u00f6rdnupuga lukustamine: tagab t\u00f6\u00f6riistavaba k\u00f5rguse reguleerimise  Alumiiniumist korpus: kerge, kuid vastupidav  T\u00f6\u00f6riistavaba monteerimiskonstruktsioon: v\u00f5imaldab seadistamist m\u00f5ne minutiga, lihtsalt raami lahti keerates ja lukustades  Hea vaatenurk: pakub selget pilti ka k\u00fcljelt vaadates  Mustad piirde\u00e4\u00e4rised: suurendavad pildi kontrastsust  Puhastatav ekraanimaterjal: h\u00f5lpsasti hooldatav  Muu info:   Vaadatava ekraani ala \u00e4\u00e4red: erineb mudeli p\u00f5hiselt, vahemikus 3cm-97cm (alumine \u00e4\u00e4r)  Diagonaal suuruste valik: 60&quot;, 67&quot;, 80&quot;, 84&quot;, 86&quot;, 96&quot;, 100&quot;  Diagonnaali suhte valik: 16: 9, 4:3, 1:1  Vaatenurk: 160\u00b0  Kinnitusviis: p\u00f5randale asetatav  Kinnitusraami kuju: D-kuju  Materjal: klaaskiud valge kangas\" \/>\n<meta property=\"og:url\" content=\"https:\/\/anelto.eu\/toode\/porandale-asetatavad-kaasaskantavad-projektori-ekraanid\/\" \/>\n<meta property=\"og:site_name\" content=\"Anelto - t\u00f6\u00f6ruumi efektiivsus\" \/>\n<meta property=\"article:modified_time\" content=\"2021-02-09T14:46:03+00:00\" \/>\n<meta property=\"og:image\" content=\"https:\/\/anelto.eu\/wp-content\/uploads\/2021\/02\/3d1c2286-22ba-4071-a7ec-10b573b71986_500_500.jpg\" \/>\n\t<meta property=\"og:image:width\" content=\"500\" \/>\n\t<meta property=\"og:image:height\" content=\"500\" \/>\n\t<meta property=\"og:image:type\" content=\"image\/jpeg\" \/>\n<meta name=\"twitter:card\" content=\"summary_large_image\" \/>\n<script type=\"application\/ld+json\" class=\"yoast-schema-graph\">{\"@context\":\"https:\/\/schema.org\",\"@graph\":[{\"@type\":\"WebPage\",\"@id\":\"https:\/\/anelto.eu\/toode\/porandale-asetatavad-kaasaskantavad-projektori-ekraanid\/\",\"url\":\"https:\/\/anelto.eu\/toode\/porandale-asetatavad-kaasaskantavad-projektori-ekraanid\/\",\"name\":\"P\u00f5randale asetatavad kaasaskantavad projektori ekraanid - Anelto - t\u00f6\u00f6ruumi efektiivsus\",\"isPartOf\":{\"@id\":\"https:\/\/anelto.eu\/#website\"},\"primaryImageOfPage\":{\"@id\":\"https:\/\/anelto.eu\/toode\/porandale-asetatavad-kaasaskantavad-projektori-ekraanid\/#primaryimage\"},\"image\":{\"@id\":\"https:\/\/anelto.eu\/toode\/porandale-asetatavad-kaasaskantavad-projektori-ekraanid\/#primaryimage\"},\"thumbnailUrl\":\"https:\/\/anelto.eu\/wp-content\/uploads\/2021\/02\/3d1c2286-22ba-4071-a7ec-10b573b71986_500_500.jpg\",\"datePublished\":\"2021-02-01T18:02:38+00:00\",\"dateModified\":\"2021-02-09T14:46:03+00:00\",\"breadcrumb\":{\"@id\":\"https:\/\/anelto.eu\/toode\/porandale-asetatavad-kaasaskantavad-projektori-ekraanid\/#breadcrumb\"},\"inLanguage\":\"en-US\",\"potentialAction\":[{\"@type\":\"ReadAction\",\"target\":[\"https:\/\/anelto.eu\/toode\/porandale-asetatavad-kaasaskantavad-projektori-ekraanid\/\"]}]},{\"@type\":\"ImageObject\",\"inLanguage\":\"en-US\",\"@id\":\"https:\/\/anelto.eu\/toode\/porandale-asetatavad-kaasaskantavad-projektori-ekraanid\/#primaryimage\",\"url\":\"https:\/\/anelto.eu\/wp-content\/uploads\/2021\/02\/3d1c2286-22ba-4071-a7ec-10b573b71986_500_500.jpg\",\"contentUrl\":\"https:\/\/anelto.eu\/wp-content\/uploads\/2021\/02\/3d1c2286-22ba-4071-a7ec-10b573b71986_500_500.jpg\",\"width\":500,\"height\":500},{\"@type\":\"BreadcrumbList\",\"@id\":\"https:\/\/anelto.eu\/toode\/porandale-asetatavad-kaasaskantavad-projektori-ekraanid\/#breadcrumb\",\"itemListElement\":[{\"@type\":\"ListItem\",\"position\":1,\"name\":\"Avaleht\",\"item\":\"https:\/\/anelto.eu\/\"},{\"@type\":\"ListItem\",\"position\":2,\"name\":\"Valdkonnad\",\"item\":\"https:\/\/anelto.eu\/valdkonnad\/\"},{\"@type\":\"ListItem\",\"position\":3,\"name\":\"Projektori ekraanid\",\"item\":\"https:\/\/anelto.eu\/tootekategooria\/projektori-ekraanid\/\"},{\"@type\":\"ListItem\",\"position\":4,\"name\":\"P\u00f5randale asetatavad kaasaskantavad projektori ekraanid\"}]},{\"@type\":\"WebSite\",\"@id\":\"https:\/\/anelto.eu\/#website\",\"url\":\"https:\/\/anelto.eu\/\",\"name\":\"Anelto - t\u00f6\u00f6ruumi efektiivsus\",\"description\":\"Ergonoomiline t\u00f6\u00f6keskkond ja kinnituslahendused!\",\"publisher\":{\"@id\":\"https:\/\/anelto.eu\/#organization\"},\"potentialAction\":[{\"@type\":\"SearchAction\",\"target\":{\"@type\":\"EntryPoint\",\"urlTemplate\":\"https:\/\/anelto.eu\/?s={search_term_string}\"},\"query-input\":{\"@type\":\"PropertyValueSpecification\",\"valueRequired\":true,\"valueName\":\"search_term_string\"}}],\"inLanguage\":\"en-US\"},{\"@type\":\"Organization\",\"@id\":\"https:\/\/anelto.eu\/#organization\",\"name\":\"Anelto\",\"url\":\"https:\/\/anelto.eu\/\",\"logo\":{\"@type\":\"ImageObject\",\"inLanguage\":\"en-US\",\"@id\":\"https:\/\/anelto.eu\/#\/schema\/logo\/image\/\",\"url\":\"https:\/\/anelto.eu\/wp-content\/uploads\/2020\/06\/Picture1.png\",\"contentUrl\":\"https:\/\/anelto.eu\/wp-content\/uploads\/2020\/06\/Picture1.png\",\"width\":615,\"height\":331,\"caption\":\"Anelto\"},\"image\":{\"@id\":\"https:\/\/anelto.eu\/#\/schema\/logo\/image\/\"}}]}<\/script>\n<!-- \/ Yoast SEO plugin. -->","yoast_head_json":{"title":"P\u00f5randale asetatavad kaasaskantavad projektori ekraanid - Anelto - t\u00f6\u00f6ruumi efektiivsus","robots":{"index":"index","follow":"follow","max-snippet":"max-snippet:-1","max-image-preview":"max-image-preview:large","max-video-preview":"max-video-preview:-1"},"canonical":"https:\/\/anelto.eu\/toode\/porandale-asetatavad-kaasaskantavad-projektori-ekraanid\/","og_locale":"en_US","og_type":"article","og_title":"P\u00f5randale asetatavad kaasaskantavad projektori ekraanid - Anelto - t\u00f6\u00f6ruumi efektiivsus","og_description":"P\u00f5hiomadused:   P\u00f6\u00f6rdnupuga lukustamine: tagab t\u00f6\u00f6riistavaba k\u00f5rguse reguleerimise  Alumiiniumist korpus: kerge, kuid vastupidav  T\u00f6\u00f6riistavaba monteerimiskonstruktsioon: v\u00f5imaldab seadistamist m\u00f5ne minutiga, lihtsalt raami lahti keerates ja lukustades  Hea vaatenurk: pakub selget pilti ka k\u00fcljelt vaadates  Mustad piirde\u00e4\u00e4rised: suurendavad pildi kontrastsust  Puhastatav ekraanimaterjal: h\u00f5lpsasti hooldatav  Muu info:   Vaadatava ekraani ala \u00e4\u00e4red: erineb mudeli p\u00f5hiselt, vahemikus 3cm-97cm (alumine \u00e4\u00e4r)  Diagonaal suuruste valik: 60\", 67\", 80\", 84\", 86\", 96\", 100\"  Diagonnaali suhte valik: 16: 9, 4:3, 1:1  Vaatenurk: 160\u00b0  Kinnitusviis: p\u00f5randale asetatav  Kinnitusraami kuju: D-kuju  Materjal: klaaskiud valge kangas","og_url":"https:\/\/anelto.eu\/toode\/porandale-asetatavad-kaasaskantavad-projektori-ekraanid\/","og_site_name":"Anelto - t\u00f6\u00f6ruumi efektiivsus","article_modified_time":"2021-02-09T14:46:03+00:00","og_image":[{"width":500,"height":500,"url":"https:\/\/anelto.eu\/wp-content\/uploads\/2021\/02\/3d1c2286-22ba-4071-a7ec-10b573b71986_500_500.jpg","type":"image\/jpeg"}],"twitter_card":"summary_large_image","schema":{"@context":"https:\/\/schema.org","@graph":[{"@type":"WebPage","@id":"https:\/\/anelto.eu\/toode\/porandale-asetatavad-kaasaskantavad-projektori-ekraanid\/","url":"https:\/\/anelto.eu\/toode\/porandale-asetatavad-kaasaskantavad-projektori-ekraanid\/","name":"P\u00f5randale asetatavad kaasaskantavad projektori ekraanid - Anelto - t\u00f6\u00f6ruumi efektiivsus","isPartOf":{"@id":"https:\/\/anelto.eu\/#website"},"primaryImageOfPage":{"@id":"https:\/\/anelto.eu\/toode\/porandale-asetatavad-kaasaskantavad-projektori-ekraanid\/#primaryimage"},"image":{"@id":"https:\/\/anelto.eu\/toode\/porandale-asetatavad-kaasaskantavad-projektori-ekraanid\/#primaryimage"},"thumbnailUrl":"https:\/\/anelto.eu\/wp-content\/uploads\/2021\/02\/3d1c2286-22ba-4071-a7ec-10b573b71986_500_500.jpg","datePublished":"2021-02-01T18:02:38+00:00","dateModified":"2021-02-09T14:46:03+00:00","breadcrumb":{"@id":"https:\/\/anelto.eu\/toode\/porandale-asetatavad-kaasaskantavad-projektori-ekraanid\/#breadcrumb"},"inLanguage":"en-US","potentialAction":[{"@type":"ReadAction","target":["https:\/\/anelto.eu\/toode\/porandale-asetatavad-kaasaskantavad-projektori-ekraanid\/"]}]},{"@type":"ImageObject","inLanguage":"en-US","@id":"https:\/\/anelto.eu\/toode\/porandale-asetatavad-kaasaskantavad-projektori-ekraanid\/#primaryimage","url":"https:\/\/anelto.eu\/wp-content\/uploads\/2021\/02\/3d1c2286-22ba-4071-a7ec-10b573b71986_500_500.jpg","contentUrl":"https:\/\/anelto.eu\/wp-content\/uploads\/2021\/02\/3d1c2286-22ba-4071-a7ec-10b573b71986_500_500.jpg","width":500,"height":500},{"@type":"BreadcrumbList","@id":"https:\/\/anelto.eu\/toode\/porandale-asetatavad-kaasaskantavad-projektori-ekraanid\/#breadcrumb","itemListElement":[{"@type":"ListItem","position":1,"name":"Avaleht","item":"https:\/\/anelto.eu\/"},{"@type":"ListItem","position":2,"name":"Valdkonnad","item":"https:\/\/anelto.eu\/valdkonnad\/"},{"@type":"ListItem","position":3,"name":"Projektori ekraanid","item":"https:\/\/anelto.eu\/tootekategooria\/projektori-ekraanid\/"},{"@type":"ListItem","position":4,"name":"P\u00f5randale asetatavad kaasaskantavad projektori ekraanid"}]},{"@type":"WebSite","@id":"https:\/\/anelto.eu\/#website","url":"https:\/\/anelto.eu\/","name":"Anelto - t\u00f6\u00f6ruumi efektiivsus","description":"Ergonoomiline t\u00f6\u00f6keskkond ja kinnituslahendused!","publisher":{"@id":"https:\/\/anelto.eu\/#organization"},"potentialAction":[{"@type":"SearchAction","target":{"@type":"EntryPoint","urlTemplate":"https:\/\/anelto.eu\/?s={search_term_string}"},"query-input":{"@type":"PropertyValueSpecification","valueRequired":true,"valueName":"search_term_string"}}],"inLanguage":"en-US"},{"@type":"Organization","@id":"https:\/\/anelto.eu\/#organization","name":"Anelto","url":"https:\/\/anelto.eu\/","logo":{"@type":"ImageObject","inLanguage":"en-US","@id":"https:\/\/anelto.eu\/#\/schema\/logo\/image\/","url":"https:\/\/anelto.eu\/wp-content\/uploads\/2020\/06\/Picture1.png","contentUrl":"https:\/\/anelto.eu\/wp-content\/uploads\/2020\/06\/Picture1.png","width":615,"height":331,"caption":"Anelto"},"image":{"@id":"https:\/\/anelto.eu\/#\/schema\/logo\/image\/"}}]}},"_links":{"self":[{"href":"https:\/\/anelto.eu\/en\/wp-json\/wp\/v2\/product\/3754","targetHints":{"allow":["GET"]}}],"collection":[{"href":"https:\/\/anelto.eu\/en\/wp-json\/wp\/v2\/product"}],"about":[{"href":"https:\/\/anelto.eu\/en\/wp-json\/wp\/v2\/types\/product"}],"replies":[{"embeddable":true,"href":"https:\/\/anelto.eu\/en\/wp-json\/wp\/v2\/comments?post=3754"}],"wp:featuredmedia":[{"embeddable":true,"href":"https:\/\/anelto.eu\/en\/wp-json\/wp\/v2\/media\/3755"}],"wp:attachment":[{"href":"https:\/\/anelto.eu\/en\/wp-json\/wp\/v2\/media?parent=3754"}],"wp:term":[{"taxonomy":"product_cat","embeddable":true,"href":"https:\/\/anelto.eu\/en\/wp-json\/wp\/v2\/product_cat?post=3754"},{"taxonomy":"product_tag","embeddable":true,"href":"https:\/\/anelto.eu\/en\/wp-json\/wp\/v2\/product_tag?post=3754"}],"curies":[{"name":"wp","href":"https:\/\/api.w.org\/{rel}","templated":true}]}}