{"id":3728,"date":"2021-02-01T17:44:32","date_gmt":"2021-02-01T17:44:32","guid":{"rendered":"https:\/\/anelto.eu\/?post_type=product&#038;p=3728"},"modified":"2021-02-09T14:48:07","modified_gmt":"2021-02-09T14:48:07","slug":"elektrimootoriga-lahtikaivad-projektoriekraanid","status":"publish","type":"product","link":"https:\/\/anelto.eu\/en\/toode\/elektrimootoriga-lahtikaivad-projektoriekraanid\/","title":{"rendered":"Elektrimootoriga lahtik\u00e4ivad projektoriekraanid"},"content":{"rendered":"","protected":false},"excerpt":{"rendered":"<p><strong>P\u00f5hiomadused:<\/strong><\/p>\n<ul>\n<li>Vaikne torukujuline mootor: v\u00e4ike energiatarve ja pikem t\u00f6\u00f6iga<\/li>\n<li>Kaugjuhtimispult: mugav erinevate k\u00f5rgusseadete reguleerimine hea vaatamiskogemuse saavutamiseks<\/li>\n<li>Hea vaatenurk: pakub selget pilti ka k\u00fcljelt vaadates<\/li>\n<li>Mustad piirde\u00e4\u00e4rised: suurendavad pildi kontrastsust<\/li>\n<li>Puhastatav ekraanimaterjal: h\u00f5lpsasti hooldatav<\/li>\n<li>Tugev terasest raam: vastupidav ja tugev<\/li>\n<li>Musta taustaga ekraanimaterjal: v\u00e4listab valguse l\u00e4bipaistvuse<\/li>\n<\/ul>\n<p><strong>Muu info:<\/strong><\/p>\n<ul>\n<li>Vaadatava ekraani ala \u00e4\u00e4red: erineb mudeli p\u00f5hiselt, vahemikus 6cm-60cm (p\u00f5randale asetatav, alumine serv)<\/li>\n<li>Diagonaal suuruste valik: 84&#8243;, 86&#8243;, 90&#8243;, 96&#8243;, 100&#8243;, 108&#8243;, 112&#8243;, 120&#8243;, 135&#8243;, 150&#8243;, 162&#8243;, 182&#8243;, 200&#8243;, 250&#8243;<\/li>\n<li>Diagonnaali suhte valik: 16: 9, 4:3, 1:1 Vaatenurk: 120\u00b0, 160\u00b0<\/li>\n<li>Kinnitusviis: laekinnitus, seinakinnitus, p\u00f5randale asetatav<\/li>\n<li>Kinnitusraami kuju: nelinurkne, D-kuju, kaheksanurkne<\/li>\n<li>Mootori t\u00fc\u00fcp: torukujuline mootor<\/li>\n<li>Kaugjuhtimispuldi t\u00fc\u00fcp: raadiosageduslik, infrapunavalgus p\u00f5hine<\/li>\n<li>Sertifikaate: AS\/NZS Safety Report,CE,RoHS<\/li>\n<li>Ekraani materjal: valge matt projektori kangas, klaaskiud valge kangas<\/li>\n<\/ul>\n<p><strong>Lisav\u00f5imalused:<\/strong><\/p>\n<ul>\n<li>s\u00fcnkroniseeritud mootori v\u00f5imalus<\/li>\n<\/ul>\n<p><img loading=\"lazy\" decoding=\"async\" class=\"size-full wp-image-4106 aligncenter\" src=\"https:\/\/anelto.eu\/wp-content\/uploads\/2021\/02\/weffy_logo-300x130-1.png\" alt=\"\" width=\"300\" height=\"130\" \/><\/p>\n","protected":false},"featured_media":3729,"comment_status":"closed","ping_status":"closed","template":"","meta":{"_acf_changed":false},"product_cat":[71],"product_tag":[],"class_list":{"0":"post-3728","1":"product","2":"type-product","3":"status-publish","4":"has-post-thumbnail","6":"product_cat-projektori-ekraanid","8":"first","9":"instock","10":"shipping-taxable","11":"product-type-simple"},"acf":[],"yoast_head":"<!-- This site is optimized with the Yoast SEO plugin v23.9 - https:\/\/yoast.com\/wordpress\/plugins\/seo\/ -->\n<title>Elektrimootoriga lahtik\u00e4ivad projektoriekraanid - Anelto - t\u00f6\u00f6ruumi efektiivsus<\/title>\n<meta name=\"robots\" content=\"index, follow, max-snippet:-1, max-image-preview:large, max-video-preview:-1\" \/>\n<link rel=\"canonical\" href=\"https:\/\/anelto.eu\/toode\/elektrimootoriga-lahtikaivad-projektoriekraanid\/\" \/>\n<meta property=\"og:locale\" content=\"en_US\" \/>\n<meta property=\"og:type\" content=\"article\" \/>\n<meta property=\"og:title\" content=\"Elektrimootoriga lahtik\u00e4ivad projektoriekraanid - Anelto - t\u00f6\u00f6ruumi efektiivsus\" \/>\n<meta property=\"og:description\" content=\"P\u00f5hiomadused:   Vaikne torukujuline mootor: v\u00e4ike energiatarve ja pikem t\u00f6\u00f6iga  Kaugjuhtimispult: mugav erinevate k\u00f5rgusseadete reguleerimine hea vaatamiskogemuse saavutamiseks  Hea vaatenurk: pakub selget pilti ka k\u00fcljelt vaadates  Mustad piirde\u00e4\u00e4rised: suurendavad pildi kontrastsust  Puhastatav ekraanimaterjal: h\u00f5lpsasti hooldatav  Tugev terasest raam: vastupidav ja tugev  Musta taustaga ekraanimaterjal: v\u00e4listab valguse l\u00e4bipaistvuse  Muu info:   Vaadatava ekraani ala \u00e4\u00e4red: erineb mudeli p\u00f5hiselt, vahemikus 6cm-60cm (p\u00f5randale asetatav, alumine serv)  Diagonaal suuruste valik: 84&quot;, 86&quot;, 90&quot;, 96&quot;, 100&quot;, 108&quot;, 112&quot;, 120&quot;, 135&quot;, 150&quot;, 162&quot;, 182&quot;, 200&quot;, 250&quot;  Diagonnaali suhte valik: 16: 9, 4:3, 1:1 Vaatenurk: 120\u00b0, 160\u00b0  Kinnitusviis: laekinnitus, seinakinnitus, p\u00f5randale asetatav  Kinnitusraami kuju: nelinurkne, D-kuju, kaheksanurkne  Mootori t\u00fc\u00fcp: torukujuline mootor  Kaugjuhtimispuldi t\u00fc\u00fcp: raadiosageduslik, infrapunavalgus p\u00f5hine  Sertifikaate: AS\/NZS Safety Report,CE,RoHS  Ekraani materjal: valge matt projektori kangas, klaaskiud valge kangas  Lisav\u00f5imalused:   s\u00fcnkroniseeritud mootori v\u00f5imalus\" \/>\n<meta property=\"og:url\" content=\"https:\/\/anelto.eu\/toode\/elektrimootoriga-lahtikaivad-projektoriekraanid\/\" \/>\n<meta property=\"og:site_name\" content=\"Anelto - t\u00f6\u00f6ruumi efektiivsus\" \/>\n<meta property=\"article:modified_time\" content=\"2021-02-09T14:48:07+00:00\" \/>\n<meta property=\"og:image\" content=\"https:\/\/anelto.eu\/wp-content\/uploads\/2021\/02\/d7eb05f8-de36-41ba-abe4-520aa7c82fd2_500_500.jpg\" \/>\n\t<meta property=\"og:image:width\" content=\"500\" \/>\n\t<meta property=\"og:image:height\" content=\"500\" \/>\n\t<meta property=\"og:image:type\" content=\"image\/jpeg\" \/>\n<meta name=\"twitter:card\" content=\"summary_large_image\" \/>\n<script type=\"application\/ld+json\" class=\"yoast-schema-graph\">{\"@context\":\"https:\/\/schema.org\",\"@graph\":[{\"@type\":\"WebPage\",\"@id\":\"https:\/\/anelto.eu\/toode\/elektrimootoriga-lahtikaivad-projektoriekraanid\/\",\"url\":\"https:\/\/anelto.eu\/toode\/elektrimootoriga-lahtikaivad-projektoriekraanid\/\",\"name\":\"Elektrimootoriga lahtik\u00e4ivad projektoriekraanid - Anelto - t\u00f6\u00f6ruumi efektiivsus\",\"isPartOf\":{\"@id\":\"https:\/\/anelto.eu\/#website\"},\"primaryImageOfPage\":{\"@id\":\"https:\/\/anelto.eu\/toode\/elektrimootoriga-lahtikaivad-projektoriekraanid\/#primaryimage\"},\"image\":{\"@id\":\"https:\/\/anelto.eu\/toode\/elektrimootoriga-lahtikaivad-projektoriekraanid\/#primaryimage\"},\"thumbnailUrl\":\"https:\/\/anelto.eu\/wp-content\/uploads\/2021\/02\/d7eb05f8-de36-41ba-abe4-520aa7c82fd2_500_500.jpg\",\"datePublished\":\"2021-02-01T17:44:32+00:00\",\"dateModified\":\"2021-02-09T14:48:07+00:00\",\"breadcrumb\":{\"@id\":\"https:\/\/anelto.eu\/toode\/elektrimootoriga-lahtikaivad-projektoriekraanid\/#breadcrumb\"},\"inLanguage\":\"en-US\",\"potentialAction\":[{\"@type\":\"ReadAction\",\"target\":[\"https:\/\/anelto.eu\/toode\/elektrimootoriga-lahtikaivad-projektoriekraanid\/\"]}]},{\"@type\":\"ImageObject\",\"inLanguage\":\"en-US\",\"@id\":\"https:\/\/anelto.eu\/toode\/elektrimootoriga-lahtikaivad-projektoriekraanid\/#primaryimage\",\"url\":\"https:\/\/anelto.eu\/wp-content\/uploads\/2021\/02\/d7eb05f8-de36-41ba-abe4-520aa7c82fd2_500_500.jpg\",\"contentUrl\":\"https:\/\/anelto.eu\/wp-content\/uploads\/2021\/02\/d7eb05f8-de36-41ba-abe4-520aa7c82fd2_500_500.jpg\",\"width\":500,\"height\":500},{\"@type\":\"BreadcrumbList\",\"@id\":\"https:\/\/anelto.eu\/toode\/elektrimootoriga-lahtikaivad-projektoriekraanid\/#breadcrumb\",\"itemListElement\":[{\"@type\":\"ListItem\",\"position\":1,\"name\":\"Avaleht\",\"item\":\"https:\/\/anelto.eu\/\"},{\"@type\":\"ListItem\",\"position\":2,\"name\":\"Valdkonnad\",\"item\":\"https:\/\/anelto.eu\/valdkonnad\/\"},{\"@type\":\"ListItem\",\"position\":3,\"name\":\"Projektori ekraanid\",\"item\":\"https:\/\/anelto.eu\/tootekategooria\/projektori-ekraanid\/\"},{\"@type\":\"ListItem\",\"position\":4,\"name\":\"Elektrimootoriga lahtik\u00e4ivad projektoriekraanid\"}]},{\"@type\":\"WebSite\",\"@id\":\"https:\/\/anelto.eu\/#website\",\"url\":\"https:\/\/anelto.eu\/\",\"name\":\"Anelto - t\u00f6\u00f6ruumi efektiivsus\",\"description\":\"Ergonoomiline t\u00f6\u00f6keskkond ja kinnituslahendused!\",\"publisher\":{\"@id\":\"https:\/\/anelto.eu\/#organization\"},\"potentialAction\":[{\"@type\":\"SearchAction\",\"target\":{\"@type\":\"EntryPoint\",\"urlTemplate\":\"https:\/\/anelto.eu\/?s={search_term_string}\"},\"query-input\":{\"@type\":\"PropertyValueSpecification\",\"valueRequired\":true,\"valueName\":\"search_term_string\"}}],\"inLanguage\":\"en-US\"},{\"@type\":\"Organization\",\"@id\":\"https:\/\/anelto.eu\/#organization\",\"name\":\"Anelto\",\"url\":\"https:\/\/anelto.eu\/\",\"logo\":{\"@type\":\"ImageObject\",\"inLanguage\":\"en-US\",\"@id\":\"https:\/\/anelto.eu\/#\/schema\/logo\/image\/\",\"url\":\"https:\/\/anelto.eu\/wp-content\/uploads\/2020\/06\/Picture1.png\",\"contentUrl\":\"https:\/\/anelto.eu\/wp-content\/uploads\/2020\/06\/Picture1.png\",\"width\":615,\"height\":331,\"caption\":\"Anelto\"},\"image\":{\"@id\":\"https:\/\/anelto.eu\/#\/schema\/logo\/image\/\"}}]}<\/script>\n<!-- \/ Yoast SEO plugin. -->","yoast_head_json":{"title":"Elektrimootoriga lahtik\u00e4ivad projektoriekraanid - Anelto - t\u00f6\u00f6ruumi efektiivsus","robots":{"index":"index","follow":"follow","max-snippet":"max-snippet:-1","max-image-preview":"max-image-preview:large","max-video-preview":"max-video-preview:-1"},"canonical":"https:\/\/anelto.eu\/toode\/elektrimootoriga-lahtikaivad-projektoriekraanid\/","og_locale":"en_US","og_type":"article","og_title":"Elektrimootoriga lahtik\u00e4ivad projektoriekraanid - Anelto - t\u00f6\u00f6ruumi efektiivsus","og_description":"P\u00f5hiomadused:   Vaikne torukujuline mootor: v\u00e4ike energiatarve ja pikem t\u00f6\u00f6iga  Kaugjuhtimispult: mugav erinevate k\u00f5rgusseadete reguleerimine hea vaatamiskogemuse saavutamiseks  Hea vaatenurk: pakub selget pilti ka k\u00fcljelt vaadates  Mustad piirde\u00e4\u00e4rised: suurendavad pildi kontrastsust  Puhastatav ekraanimaterjal: h\u00f5lpsasti hooldatav  Tugev terasest raam: vastupidav ja tugev  Musta taustaga ekraanimaterjal: v\u00e4listab valguse l\u00e4bipaistvuse  Muu info:   Vaadatava ekraani ala \u00e4\u00e4red: erineb mudeli p\u00f5hiselt, vahemikus 6cm-60cm (p\u00f5randale asetatav, alumine serv)  Diagonaal suuruste valik: 84\", 86\", 90\", 96\", 100\", 108\", 112\", 120\", 135\", 150\", 162\", 182\", 200\", 250\"  Diagonnaali suhte valik: 16: 9, 4:3, 1:1 Vaatenurk: 120\u00b0, 160\u00b0  Kinnitusviis: laekinnitus, seinakinnitus, p\u00f5randale asetatav  Kinnitusraami kuju: nelinurkne, D-kuju, kaheksanurkne  Mootori t\u00fc\u00fcp: torukujuline mootor  Kaugjuhtimispuldi t\u00fc\u00fcp: raadiosageduslik, infrapunavalgus p\u00f5hine  Sertifikaate: AS\/NZS Safety Report,CE,RoHS  Ekraani materjal: valge matt projektori kangas, klaaskiud valge kangas  Lisav\u00f5imalused:   s\u00fcnkroniseeritud mootori v\u00f5imalus","og_url":"https:\/\/anelto.eu\/toode\/elektrimootoriga-lahtikaivad-projektoriekraanid\/","og_site_name":"Anelto - t\u00f6\u00f6ruumi efektiivsus","article_modified_time":"2021-02-09T14:48:07+00:00","og_image":[{"width":500,"height":500,"url":"https:\/\/anelto.eu\/wp-content\/uploads\/2021\/02\/d7eb05f8-de36-41ba-abe4-520aa7c82fd2_500_500.jpg","type":"image\/jpeg"}],"twitter_card":"summary_large_image","schema":{"@context":"https:\/\/schema.org","@graph":[{"@type":"WebPage","@id":"https:\/\/anelto.eu\/toode\/elektrimootoriga-lahtikaivad-projektoriekraanid\/","url":"https:\/\/anelto.eu\/toode\/elektrimootoriga-lahtikaivad-projektoriekraanid\/","name":"Elektrimootoriga lahtik\u00e4ivad projektoriekraanid - Anelto - t\u00f6\u00f6ruumi efektiivsus","isPartOf":{"@id":"https:\/\/anelto.eu\/#website"},"primaryImageOfPage":{"@id":"https:\/\/anelto.eu\/toode\/elektrimootoriga-lahtikaivad-projektoriekraanid\/#primaryimage"},"image":{"@id":"https:\/\/anelto.eu\/toode\/elektrimootoriga-lahtikaivad-projektoriekraanid\/#primaryimage"},"thumbnailUrl":"https:\/\/anelto.eu\/wp-content\/uploads\/2021\/02\/d7eb05f8-de36-41ba-abe4-520aa7c82fd2_500_500.jpg","datePublished":"2021-02-01T17:44:32+00:00","dateModified":"2021-02-09T14:48:07+00:00","breadcrumb":{"@id":"https:\/\/anelto.eu\/toode\/elektrimootoriga-lahtikaivad-projektoriekraanid\/#breadcrumb"},"inLanguage":"en-US","potentialAction":[{"@type":"ReadAction","target":["https:\/\/anelto.eu\/toode\/elektrimootoriga-lahtikaivad-projektoriekraanid\/"]}]},{"@type":"ImageObject","inLanguage":"en-US","@id":"https:\/\/anelto.eu\/toode\/elektrimootoriga-lahtikaivad-projektoriekraanid\/#primaryimage","url":"https:\/\/anelto.eu\/wp-content\/uploads\/2021\/02\/d7eb05f8-de36-41ba-abe4-520aa7c82fd2_500_500.jpg","contentUrl":"https:\/\/anelto.eu\/wp-content\/uploads\/2021\/02\/d7eb05f8-de36-41ba-abe4-520aa7c82fd2_500_500.jpg","width":500,"height":500},{"@type":"BreadcrumbList","@id":"https:\/\/anelto.eu\/toode\/elektrimootoriga-lahtikaivad-projektoriekraanid\/#breadcrumb","itemListElement":[{"@type":"ListItem","position":1,"name":"Avaleht","item":"https:\/\/anelto.eu\/"},{"@type":"ListItem","position":2,"name":"Valdkonnad","item":"https:\/\/anelto.eu\/valdkonnad\/"},{"@type":"ListItem","position":3,"name":"Projektori ekraanid","item":"https:\/\/anelto.eu\/tootekategooria\/projektori-ekraanid\/"},{"@type":"ListItem","position":4,"name":"Elektrimootoriga lahtik\u00e4ivad projektoriekraanid"}]},{"@type":"WebSite","@id":"https:\/\/anelto.eu\/#website","url":"https:\/\/anelto.eu\/","name":"Anelto - t\u00f6\u00f6ruumi efektiivsus","description":"Ergonoomiline t\u00f6\u00f6keskkond ja kinnituslahendused!","publisher":{"@id":"https:\/\/anelto.eu\/#organization"},"potentialAction":[{"@type":"SearchAction","target":{"@type":"EntryPoint","urlTemplate":"https:\/\/anelto.eu\/?s={search_term_string}"},"query-input":{"@type":"PropertyValueSpecification","valueRequired":true,"valueName":"search_term_string"}}],"inLanguage":"en-US"},{"@type":"Organization","@id":"https:\/\/anelto.eu\/#organization","name":"Anelto","url":"https:\/\/anelto.eu\/","logo":{"@type":"ImageObject","inLanguage":"en-US","@id":"https:\/\/anelto.eu\/#\/schema\/logo\/image\/","url":"https:\/\/anelto.eu\/wp-content\/uploads\/2020\/06\/Picture1.png","contentUrl":"https:\/\/anelto.eu\/wp-content\/uploads\/2020\/06\/Picture1.png","width":615,"height":331,"caption":"Anelto"},"image":{"@id":"https:\/\/anelto.eu\/#\/schema\/logo\/image\/"}}]}},"_links":{"self":[{"href":"https:\/\/anelto.eu\/en\/wp-json\/wp\/v2\/product\/3728","targetHints":{"allow":["GET"]}}],"collection":[{"href":"https:\/\/anelto.eu\/en\/wp-json\/wp\/v2\/product"}],"about":[{"href":"https:\/\/anelto.eu\/en\/wp-json\/wp\/v2\/types\/product"}],"replies":[{"embeddable":true,"href":"https:\/\/anelto.eu\/en\/wp-json\/wp\/v2\/comments?post=3728"}],"wp:featuredmedia":[{"embeddable":true,"href":"https:\/\/anelto.eu\/en\/wp-json\/wp\/v2\/media\/3729"}],"wp:attachment":[{"href":"https:\/\/anelto.eu\/en\/wp-json\/wp\/v2\/media?parent=3728"}],"wp:term":[{"taxonomy":"product_cat","embeddable":true,"href":"https:\/\/anelto.eu\/en\/wp-json\/wp\/v2\/product_cat?post=3728"},{"taxonomy":"product_tag","embeddable":true,"href":"https:\/\/anelto.eu\/en\/wp-json\/wp\/v2\/product_tag?post=3728"}],"curies":[{"name":"wp","href":"https:\/\/api.w.org\/{rel}","templated":true}]}}