{"id":3423,"date":"2021-01-27T16:19:24","date_gmt":"2021-01-27T16:19:24","guid":{"rendered":"https:\/\/anelto.eu\/?post_type=product&#038;p=3423"},"modified":"2021-02-10T16:00:23","modified_gmt":"2021-02-10T16:00:23","slug":"laua-alla-arvuti-kinnitus-rihmade-ja-liuguriga","status":"publish","type":"product","link":"https:\/\/anelto.eu\/en\/toode\/laua-alla-arvuti-kinnitus-rihmade-ja-liuguriga\/","title":{"rendered":"Laua alla arvuti kinnitus, rihmade ja liuguriga"},"content":{"rendered":"","protected":false},"excerpt":{"rendered":"<ul>\n<li>Pehmenduspadi ja rihmad: kinnitavad seadme ja v\u00e4ldivad juhuslikke kiirumustusi<\/li>\n<li>Liugur, 360 \u00b0 p\u00f6\u00f6ratav: v\u00f5imaldab h\u00f5lpsat juurdep\u00e4\u00e4su arvuti tagumistele portidele ja kaablitele<\/li>\n<\/ul>\n<p><span style=\"text-decoration: underline;\"><strong>Muud n\u00e4itajad:<\/strong><\/span><\/p>\n<ul>\n<li>V\u00e4rv: matt must<\/li>\n<li>Kandev\u00f5ime: 10kg<\/li>\n<li>K\u00f5rguse vahemik: 340\u2013540 mm<\/li>\n<li>Laiuse vahemik: 160\u2013220 mm<\/li>\n<li>P\u00f6\u00f6rdevahemik: + 180 \u00b0 ~ -180 \u00b0<\/li>\n<li>Liuguri pikkus: 325 mm<\/li>\n<li>Paigaldus: lauaplaadi alumisele k\u00fcljele<\/li>\n<\/ul>\n<p><img loading=\"lazy\" decoding=\"async\" class=\"size-full wp-image-4106 aligncenter\" src=\"https:\/\/anelto.eu\/wp-content\/uploads\/2021\/02\/weffy_logo-300x130-1.png\" alt=\"\" width=\"300\" height=\"130\" \/><\/p>\n","protected":false},"featured_media":3424,"comment_status":"closed","ping_status":"closed","template":"","meta":{"_acf_changed":false},"product_cat":[64],"product_tag":[],"class_list":{"0":"post-3423","1":"product","2":"type-product","3":"status-publish","4":"has-post-thumbnail","6":"product_cat-arvuti-kinnitused-alused","8":"first","9":"instock","10":"shipping-taxable","11":"product-type-simple"},"acf":[],"yoast_head":"<!-- This site is optimized with the Yoast SEO plugin v23.9 - https:\/\/yoast.com\/wordpress\/plugins\/seo\/ -->\n<title>Laua alla arvuti kinnitus, rihmade ja liuguriga - Anelto - t\u00f6\u00f6ruumi efektiivsus<\/title>\n<meta name=\"robots\" content=\"index, follow, max-snippet:-1, max-image-preview:large, max-video-preview:-1\" \/>\n<link rel=\"canonical\" href=\"https:\/\/anelto.eu\/toode\/laua-alla-arvuti-kinnitus-rihmade-ja-liuguriga\/\" \/>\n<meta property=\"og:locale\" content=\"en_US\" \/>\n<meta property=\"og:type\" content=\"article\" \/>\n<meta property=\"og:title\" content=\"Laua alla arvuti kinnitus, rihmade ja liuguriga - Anelto - t\u00f6\u00f6ruumi efektiivsus\" \/>\n<meta property=\"og:description\" content=\"Pehmenduspadi ja rihmad: kinnitavad seadme ja v\u00e4ldivad juhuslikke kiirumustusi  Liugur, 360 \u00b0 p\u00f6\u00f6ratav: v\u00f5imaldab h\u00f5lpsat juurdep\u00e4\u00e4su arvuti tagumistele portidele ja kaablitele  Muud n\u00e4itajad:   V\u00e4rv: matt must  Kandev\u00f5ime: 10kg  K\u00f5rguse vahemik: 340\u2013540 mm  Laiuse vahemik: 160\u2013220 mm  P\u00f6\u00f6rdevahemik: + 180 \u00b0 ~ -180 \u00b0  Liuguri pikkus: 325 mm  Paigaldus: lauaplaadi alumisele k\u00fcljele\" \/>\n<meta property=\"og:url\" content=\"https:\/\/anelto.eu\/toode\/laua-alla-arvuti-kinnitus-rihmade-ja-liuguriga\/\" \/>\n<meta property=\"og:site_name\" content=\"Anelto - t\u00f6\u00f6ruumi efektiivsus\" \/>\n<meta property=\"article:modified_time\" content=\"2021-02-10T16:00:23+00:00\" \/>\n<meta property=\"og:image\" content=\"https:\/\/anelto.eu\/wp-content\/uploads\/2021\/01\/ef82d346-8057-4814-9002-ad64f81fa7d8_500_500.jpg\" \/>\n\t<meta property=\"og:image:width\" content=\"500\" \/>\n\t<meta property=\"og:image:height\" content=\"500\" \/>\n\t<meta property=\"og:image:type\" content=\"image\/jpeg\" \/>\n<meta name=\"twitter:card\" content=\"summary_large_image\" \/>\n<script type=\"application\/ld+json\" class=\"yoast-schema-graph\">{\"@context\":\"https:\/\/schema.org\",\"@graph\":[{\"@type\":\"WebPage\",\"@id\":\"https:\/\/anelto.eu\/toode\/laua-alla-arvuti-kinnitus-rihmade-ja-liuguriga\/\",\"url\":\"https:\/\/anelto.eu\/toode\/laua-alla-arvuti-kinnitus-rihmade-ja-liuguriga\/\",\"name\":\"Laua alla arvuti kinnitus, rihmade ja liuguriga - Anelto - t\u00f6\u00f6ruumi efektiivsus\",\"isPartOf\":{\"@id\":\"https:\/\/anelto.eu\/#website\"},\"primaryImageOfPage\":{\"@id\":\"https:\/\/anelto.eu\/toode\/laua-alla-arvuti-kinnitus-rihmade-ja-liuguriga\/#primaryimage\"},\"image\":{\"@id\":\"https:\/\/anelto.eu\/toode\/laua-alla-arvuti-kinnitus-rihmade-ja-liuguriga\/#primaryimage\"},\"thumbnailUrl\":\"https:\/\/anelto.eu\/wp-content\/uploads\/2021\/01\/ef82d346-8057-4814-9002-ad64f81fa7d8_500_500.jpg\",\"datePublished\":\"2021-01-27T16:19:24+00:00\",\"dateModified\":\"2021-02-10T16:00:23+00:00\",\"breadcrumb\":{\"@id\":\"https:\/\/anelto.eu\/toode\/laua-alla-arvuti-kinnitus-rihmade-ja-liuguriga\/#breadcrumb\"},\"inLanguage\":\"en-US\",\"potentialAction\":[{\"@type\":\"ReadAction\",\"target\":[\"https:\/\/anelto.eu\/toode\/laua-alla-arvuti-kinnitus-rihmade-ja-liuguriga\/\"]}]},{\"@type\":\"ImageObject\",\"inLanguage\":\"en-US\",\"@id\":\"https:\/\/anelto.eu\/toode\/laua-alla-arvuti-kinnitus-rihmade-ja-liuguriga\/#primaryimage\",\"url\":\"https:\/\/anelto.eu\/wp-content\/uploads\/2021\/01\/ef82d346-8057-4814-9002-ad64f81fa7d8_500_500.jpg\",\"contentUrl\":\"https:\/\/anelto.eu\/wp-content\/uploads\/2021\/01\/ef82d346-8057-4814-9002-ad64f81fa7d8_500_500.jpg\",\"width\":500,\"height\":500},{\"@type\":\"BreadcrumbList\",\"@id\":\"https:\/\/anelto.eu\/toode\/laua-alla-arvuti-kinnitus-rihmade-ja-liuguriga\/#breadcrumb\",\"itemListElement\":[{\"@type\":\"ListItem\",\"position\":1,\"name\":\"Avaleht\",\"item\":\"https:\/\/anelto.eu\/\"},{\"@type\":\"ListItem\",\"position\":2,\"name\":\"Valdkonnad\",\"item\":\"https:\/\/anelto.eu\/valdkonnad\/\"},{\"@type\":\"ListItem\",\"position\":3,\"name\":\"Arvuti kinnitused ja alused\",\"item\":\"https:\/\/anelto.eu\/tootekategooria\/arvuti-kinnitused-alused\/\"},{\"@type\":\"ListItem\",\"position\":4,\"name\":\"Laua alla arvuti kinnitus, rihmade ja liuguriga\"}]},{\"@type\":\"WebSite\",\"@id\":\"https:\/\/anelto.eu\/#website\",\"url\":\"https:\/\/anelto.eu\/\",\"name\":\"Anelto - t\u00f6\u00f6ruumi efektiivsus\",\"description\":\"Ergonoomiline t\u00f6\u00f6keskkond ja kinnituslahendused!\",\"publisher\":{\"@id\":\"https:\/\/anelto.eu\/#organization\"},\"potentialAction\":[{\"@type\":\"SearchAction\",\"target\":{\"@type\":\"EntryPoint\",\"urlTemplate\":\"https:\/\/anelto.eu\/?s={search_term_string}\"},\"query-input\":{\"@type\":\"PropertyValueSpecification\",\"valueRequired\":true,\"valueName\":\"search_term_string\"}}],\"inLanguage\":\"en-US\"},{\"@type\":\"Organization\",\"@id\":\"https:\/\/anelto.eu\/#organization\",\"name\":\"Anelto\",\"url\":\"https:\/\/anelto.eu\/\",\"logo\":{\"@type\":\"ImageObject\",\"inLanguage\":\"en-US\",\"@id\":\"https:\/\/anelto.eu\/#\/schema\/logo\/image\/\",\"url\":\"https:\/\/anelto.eu\/wp-content\/uploads\/2020\/06\/Picture1.png\",\"contentUrl\":\"https:\/\/anelto.eu\/wp-content\/uploads\/2020\/06\/Picture1.png\",\"width\":615,\"height\":331,\"caption\":\"Anelto\"},\"image\":{\"@id\":\"https:\/\/anelto.eu\/#\/schema\/logo\/image\/\"}}]}<\/script>\n<!-- \/ Yoast SEO plugin. -->","yoast_head_json":{"title":"Laua alla arvuti kinnitus, rihmade ja liuguriga - Anelto - t\u00f6\u00f6ruumi efektiivsus","robots":{"index":"index","follow":"follow","max-snippet":"max-snippet:-1","max-image-preview":"max-image-preview:large","max-video-preview":"max-video-preview:-1"},"canonical":"https:\/\/anelto.eu\/toode\/laua-alla-arvuti-kinnitus-rihmade-ja-liuguriga\/","og_locale":"en_US","og_type":"article","og_title":"Laua alla arvuti kinnitus, rihmade ja liuguriga - Anelto - t\u00f6\u00f6ruumi efektiivsus","og_description":"Pehmenduspadi ja rihmad: kinnitavad seadme ja v\u00e4ldivad juhuslikke kiirumustusi  Liugur, 360 \u00b0 p\u00f6\u00f6ratav: v\u00f5imaldab h\u00f5lpsat juurdep\u00e4\u00e4su arvuti tagumistele portidele ja kaablitele  Muud n\u00e4itajad:   V\u00e4rv: matt must  Kandev\u00f5ime: 10kg  K\u00f5rguse vahemik: 340\u2013540 mm  Laiuse vahemik: 160\u2013220 mm  P\u00f6\u00f6rdevahemik: + 180 \u00b0 ~ -180 \u00b0  Liuguri pikkus: 325 mm  Paigaldus: lauaplaadi alumisele k\u00fcljele","og_url":"https:\/\/anelto.eu\/toode\/laua-alla-arvuti-kinnitus-rihmade-ja-liuguriga\/","og_site_name":"Anelto - t\u00f6\u00f6ruumi efektiivsus","article_modified_time":"2021-02-10T16:00:23+00:00","og_image":[{"width":500,"height":500,"url":"https:\/\/anelto.eu\/wp-content\/uploads\/2021\/01\/ef82d346-8057-4814-9002-ad64f81fa7d8_500_500.jpg","type":"image\/jpeg"}],"twitter_card":"summary_large_image","schema":{"@context":"https:\/\/schema.org","@graph":[{"@type":"WebPage","@id":"https:\/\/anelto.eu\/toode\/laua-alla-arvuti-kinnitus-rihmade-ja-liuguriga\/","url":"https:\/\/anelto.eu\/toode\/laua-alla-arvuti-kinnitus-rihmade-ja-liuguriga\/","name":"Laua alla arvuti kinnitus, rihmade ja liuguriga - Anelto - t\u00f6\u00f6ruumi efektiivsus","isPartOf":{"@id":"https:\/\/anelto.eu\/#website"},"primaryImageOfPage":{"@id":"https:\/\/anelto.eu\/toode\/laua-alla-arvuti-kinnitus-rihmade-ja-liuguriga\/#primaryimage"},"image":{"@id":"https:\/\/anelto.eu\/toode\/laua-alla-arvuti-kinnitus-rihmade-ja-liuguriga\/#primaryimage"},"thumbnailUrl":"https:\/\/anelto.eu\/wp-content\/uploads\/2021\/01\/ef82d346-8057-4814-9002-ad64f81fa7d8_500_500.jpg","datePublished":"2021-01-27T16:19:24+00:00","dateModified":"2021-02-10T16:00:23+00:00","breadcrumb":{"@id":"https:\/\/anelto.eu\/toode\/laua-alla-arvuti-kinnitus-rihmade-ja-liuguriga\/#breadcrumb"},"inLanguage":"en-US","potentialAction":[{"@type":"ReadAction","target":["https:\/\/anelto.eu\/toode\/laua-alla-arvuti-kinnitus-rihmade-ja-liuguriga\/"]}]},{"@type":"ImageObject","inLanguage":"en-US","@id":"https:\/\/anelto.eu\/toode\/laua-alla-arvuti-kinnitus-rihmade-ja-liuguriga\/#primaryimage","url":"https:\/\/anelto.eu\/wp-content\/uploads\/2021\/01\/ef82d346-8057-4814-9002-ad64f81fa7d8_500_500.jpg","contentUrl":"https:\/\/anelto.eu\/wp-content\/uploads\/2021\/01\/ef82d346-8057-4814-9002-ad64f81fa7d8_500_500.jpg","width":500,"height":500},{"@type":"BreadcrumbList","@id":"https:\/\/anelto.eu\/toode\/laua-alla-arvuti-kinnitus-rihmade-ja-liuguriga\/#breadcrumb","itemListElement":[{"@type":"ListItem","position":1,"name":"Avaleht","item":"https:\/\/anelto.eu\/"},{"@type":"ListItem","position":2,"name":"Valdkonnad","item":"https:\/\/anelto.eu\/valdkonnad\/"},{"@type":"ListItem","position":3,"name":"Arvuti kinnitused ja alused","item":"https:\/\/anelto.eu\/tootekategooria\/arvuti-kinnitused-alused\/"},{"@type":"ListItem","position":4,"name":"Laua alla arvuti kinnitus, rihmade ja liuguriga"}]},{"@type":"WebSite","@id":"https:\/\/anelto.eu\/#website","url":"https:\/\/anelto.eu\/","name":"Anelto - t\u00f6\u00f6ruumi efektiivsus","description":"Ergonoomiline t\u00f6\u00f6keskkond ja kinnituslahendused!","publisher":{"@id":"https:\/\/anelto.eu\/#organization"},"potentialAction":[{"@type":"SearchAction","target":{"@type":"EntryPoint","urlTemplate":"https:\/\/anelto.eu\/?s={search_term_string}"},"query-input":{"@type":"PropertyValueSpecification","valueRequired":true,"valueName":"search_term_string"}}],"inLanguage":"en-US"},{"@type":"Organization","@id":"https:\/\/anelto.eu\/#organization","name":"Anelto","url":"https:\/\/anelto.eu\/","logo":{"@type":"ImageObject","inLanguage":"en-US","@id":"https:\/\/anelto.eu\/#\/schema\/logo\/image\/","url":"https:\/\/anelto.eu\/wp-content\/uploads\/2020\/06\/Picture1.png","contentUrl":"https:\/\/anelto.eu\/wp-content\/uploads\/2020\/06\/Picture1.png","width":615,"height":331,"caption":"Anelto"},"image":{"@id":"https:\/\/anelto.eu\/#\/schema\/logo\/image\/"}}]}},"_links":{"self":[{"href":"https:\/\/anelto.eu\/en\/wp-json\/wp\/v2\/product\/3423","targetHints":{"allow":["GET"]}}],"collection":[{"href":"https:\/\/anelto.eu\/en\/wp-json\/wp\/v2\/product"}],"about":[{"href":"https:\/\/anelto.eu\/en\/wp-json\/wp\/v2\/types\/product"}],"replies":[{"embeddable":true,"href":"https:\/\/anelto.eu\/en\/wp-json\/wp\/v2\/comments?post=3423"}],"wp:featuredmedia":[{"embeddable":true,"href":"https:\/\/anelto.eu\/en\/wp-json\/wp\/v2\/media\/3424"}],"wp:attachment":[{"href":"https:\/\/anelto.eu\/en\/wp-json\/wp\/v2\/media?parent=3423"}],"wp:term":[{"taxonomy":"product_cat","embeddable":true,"href":"https:\/\/anelto.eu\/en\/wp-json\/wp\/v2\/product_cat?post=3423"},{"taxonomy":"product_tag","embeddable":true,"href":"https:\/\/anelto.eu\/en\/wp-json\/wp\/v2\/product_tag?post=3423"}],"curies":[{"name":"wp","href":"https:\/\/api.w.org\/{rel}","templated":true}]}}