{"id":3379,"date":"2021-01-27T16:01:09","date_gmt":"2021-01-27T16:01:09","guid":{"rendered":"https:\/\/anelto.eu\/?post_type=product&#038;p=3379"},"modified":"2021-02-10T15:10:57","modified_gmt":"2021-02-10T15:10:57","slug":"alumiinium-sulearvuti-alus","status":"publish","type":"product","link":"https:\/\/anelto.eu\/en\/toode\/alumiinium-sulearvuti-alus\/","title":{"rendered":"Alumiinium s\u00fclearvuti alus"},"content":{"rendered":"","protected":false},"excerpt":{"rendered":"<ul>\n<li>Alumiiniumkonstruktsioon: kergem ja elegantsem v\u00e4limus<\/li>\n<li>Ettepoole kallutatav nurk: parema t\u00f6\u00f6asendi tagamiseks, kaela- ja seljavalude v\u00e4hendamiseks<\/li>\n<li>Kaabli v\u00e4ljund tagak\u00fcljel: tagab teie laua korrastatuse<\/li>\n<li>Ergonoomiline disain: et t\u00f5sta ekraan parema vaatenurga saavutamiseks silmade k\u00f5rgusele<\/li>\n<li>Hea ventilatsioon: avatud disain pakub suuremat \u00f5huringluse seadmele<\/li>\n<li>Mittetoksilised r\u00e4nipadjad: kaitseb s\u00fclearvutit kriimustuste eest ja tagab stabiilsema asendi<\/li>\n<\/ul>\n<p><strong><span style=\"text-decoration: underline;\">Muud n\u00e4itajad:<\/span><\/strong><\/p>\n<ul>\n<li>V\u00e4rv: h\u00f5be<\/li>\n<li>M\u00f5\u00f5tmed: 260x190x90mm<\/li>\n<li>Rakendatavad seadmed: s\u00fclearvuti<\/li>\n<li>Sobib ekraani suurus: 11 &#8220;~ 15&#8221;<\/li>\n<li>Kandej\u00f5ud: 10kg<\/li>\n<\/ul>\n<p><img loading=\"lazy\" decoding=\"async\" class=\"size-full wp-image-4106 aligncenter\" src=\"https:\/\/anelto.eu\/wp-content\/uploads\/2021\/02\/weffy_logo-300x130-1.png\" alt=\"\" width=\"300\" height=\"130\" \/><\/p>\n","protected":false},"featured_media":3380,"comment_status":"closed","ping_status":"closed","template":"","meta":{"_acf_changed":false},"product_cat":[64],"product_tag":[],"class_list":{"0":"post-3379","1":"product","2":"type-product","3":"status-publish","4":"has-post-thumbnail","6":"product_cat-arvuti-kinnitused-alused","8":"first","9":"instock","10":"shipping-taxable","11":"product-type-simple"},"acf":[],"yoast_head":"<!-- This site is optimized with the Yoast SEO plugin v23.9 - https:\/\/yoast.com\/wordpress\/plugins\/seo\/ -->\n<title>Alumiinium s\u00fclearvuti alus - Anelto - t\u00f6\u00f6ruumi efektiivsus<\/title>\n<meta name=\"robots\" content=\"index, follow, max-snippet:-1, max-image-preview:large, max-video-preview:-1\" \/>\n<link rel=\"canonical\" href=\"https:\/\/anelto.eu\/toode\/alumiinium-sulearvuti-alus\/\" \/>\n<meta property=\"og:locale\" content=\"en_US\" \/>\n<meta property=\"og:type\" content=\"article\" \/>\n<meta property=\"og:title\" content=\"Alumiinium s\u00fclearvuti alus - Anelto - t\u00f6\u00f6ruumi efektiivsus\" \/>\n<meta property=\"og:description\" content=\"Alumiiniumkonstruktsioon: kergem ja elegantsem v\u00e4limus  Ettepoole kallutatav nurk: parema t\u00f6\u00f6asendi tagamiseks, kaela- ja seljavalude v\u00e4hendamiseks  Kaabli v\u00e4ljund tagak\u00fcljel: tagab teie laua korrastatuse  Ergonoomiline disain: et t\u00f5sta ekraan parema vaatenurga saavutamiseks silmade k\u00f5rgusele  Hea ventilatsioon: avatud disain pakub suuremat \u00f5huringluse seadmele  Mittetoksilised r\u00e4nipadjad: kaitseb s\u00fclearvutit kriimustuste eest ja tagab stabiilsema asendi  Muud n\u00e4itajad:   V\u00e4rv: h\u00f5be  M\u00f5\u00f5tmed: 260x190x90mm  Rakendatavad seadmed: s\u00fclearvuti  Sobib ekraani suurus: 11 &quot;~ 15&quot;  Kandej\u00f5ud: 10kg\" \/>\n<meta property=\"og:url\" content=\"https:\/\/anelto.eu\/toode\/alumiinium-sulearvuti-alus\/\" \/>\n<meta property=\"og:site_name\" content=\"Anelto - t\u00f6\u00f6ruumi efektiivsus\" \/>\n<meta property=\"article:modified_time\" content=\"2021-02-10T15:10:57+00:00\" \/>\n<meta property=\"og:image\" content=\"https:\/\/anelto.eu\/wp-content\/uploads\/2021\/01\/d2ab269e-66ab-4f27-9220-a2509781a03d_500_500.jpg\" \/>\n\t<meta property=\"og:image:width\" content=\"500\" \/>\n\t<meta property=\"og:image:height\" content=\"500\" \/>\n\t<meta property=\"og:image:type\" content=\"image\/jpeg\" \/>\n<meta name=\"twitter:card\" content=\"summary_large_image\" \/>\n<script type=\"application\/ld+json\" class=\"yoast-schema-graph\">{\"@context\":\"https:\/\/schema.org\",\"@graph\":[{\"@type\":\"WebPage\",\"@id\":\"https:\/\/anelto.eu\/toode\/alumiinium-sulearvuti-alus\/\",\"url\":\"https:\/\/anelto.eu\/toode\/alumiinium-sulearvuti-alus\/\",\"name\":\"Alumiinium s\u00fclearvuti alus - Anelto - t\u00f6\u00f6ruumi efektiivsus\",\"isPartOf\":{\"@id\":\"https:\/\/anelto.eu\/#website\"},\"primaryImageOfPage\":{\"@id\":\"https:\/\/anelto.eu\/toode\/alumiinium-sulearvuti-alus\/#primaryimage\"},\"image\":{\"@id\":\"https:\/\/anelto.eu\/toode\/alumiinium-sulearvuti-alus\/#primaryimage\"},\"thumbnailUrl\":\"https:\/\/anelto.eu\/wp-content\/uploads\/2021\/01\/d2ab269e-66ab-4f27-9220-a2509781a03d_500_500.jpg\",\"datePublished\":\"2021-01-27T16:01:09+00:00\",\"dateModified\":\"2021-02-10T15:10:57+00:00\",\"breadcrumb\":{\"@id\":\"https:\/\/anelto.eu\/toode\/alumiinium-sulearvuti-alus\/#breadcrumb\"},\"inLanguage\":\"en-US\",\"potentialAction\":[{\"@type\":\"ReadAction\",\"target\":[\"https:\/\/anelto.eu\/toode\/alumiinium-sulearvuti-alus\/\"]}]},{\"@type\":\"ImageObject\",\"inLanguage\":\"en-US\",\"@id\":\"https:\/\/anelto.eu\/toode\/alumiinium-sulearvuti-alus\/#primaryimage\",\"url\":\"https:\/\/anelto.eu\/wp-content\/uploads\/2021\/01\/d2ab269e-66ab-4f27-9220-a2509781a03d_500_500.jpg\",\"contentUrl\":\"https:\/\/anelto.eu\/wp-content\/uploads\/2021\/01\/d2ab269e-66ab-4f27-9220-a2509781a03d_500_500.jpg\",\"width\":500,\"height\":500},{\"@type\":\"BreadcrumbList\",\"@id\":\"https:\/\/anelto.eu\/toode\/alumiinium-sulearvuti-alus\/#breadcrumb\",\"itemListElement\":[{\"@type\":\"ListItem\",\"position\":1,\"name\":\"Avaleht\",\"item\":\"https:\/\/anelto.eu\/\"},{\"@type\":\"ListItem\",\"position\":2,\"name\":\"Valdkonnad\",\"item\":\"https:\/\/anelto.eu\/valdkonnad\/\"},{\"@type\":\"ListItem\",\"position\":3,\"name\":\"Arvuti kinnitused ja alused\",\"item\":\"https:\/\/anelto.eu\/tootekategooria\/arvuti-kinnitused-alused\/\"},{\"@type\":\"ListItem\",\"position\":4,\"name\":\"Alumiinium s\u00fclearvuti alus\"}]},{\"@type\":\"WebSite\",\"@id\":\"https:\/\/anelto.eu\/#website\",\"url\":\"https:\/\/anelto.eu\/\",\"name\":\"Anelto - t\u00f6\u00f6ruumi efektiivsus\",\"description\":\"Ergonoomiline t\u00f6\u00f6keskkond ja kinnituslahendused!\",\"publisher\":{\"@id\":\"https:\/\/anelto.eu\/#organization\"},\"potentialAction\":[{\"@type\":\"SearchAction\",\"target\":{\"@type\":\"EntryPoint\",\"urlTemplate\":\"https:\/\/anelto.eu\/?s={search_term_string}\"},\"query-input\":{\"@type\":\"PropertyValueSpecification\",\"valueRequired\":true,\"valueName\":\"search_term_string\"}}],\"inLanguage\":\"en-US\"},{\"@type\":\"Organization\",\"@id\":\"https:\/\/anelto.eu\/#organization\",\"name\":\"Anelto\",\"url\":\"https:\/\/anelto.eu\/\",\"logo\":{\"@type\":\"ImageObject\",\"inLanguage\":\"en-US\",\"@id\":\"https:\/\/anelto.eu\/#\/schema\/logo\/image\/\",\"url\":\"https:\/\/anelto.eu\/wp-content\/uploads\/2020\/06\/Picture1.png\",\"contentUrl\":\"https:\/\/anelto.eu\/wp-content\/uploads\/2020\/06\/Picture1.png\",\"width\":615,\"height\":331,\"caption\":\"Anelto\"},\"image\":{\"@id\":\"https:\/\/anelto.eu\/#\/schema\/logo\/image\/\"}}]}<\/script>\n<!-- \/ Yoast SEO plugin. -->","yoast_head_json":{"title":"Alumiinium s\u00fclearvuti alus - Anelto - t\u00f6\u00f6ruumi efektiivsus","robots":{"index":"index","follow":"follow","max-snippet":"max-snippet:-1","max-image-preview":"max-image-preview:large","max-video-preview":"max-video-preview:-1"},"canonical":"https:\/\/anelto.eu\/toode\/alumiinium-sulearvuti-alus\/","og_locale":"en_US","og_type":"article","og_title":"Alumiinium s\u00fclearvuti alus - Anelto - t\u00f6\u00f6ruumi efektiivsus","og_description":"Alumiiniumkonstruktsioon: kergem ja elegantsem v\u00e4limus  Ettepoole kallutatav nurk: parema t\u00f6\u00f6asendi tagamiseks, kaela- ja seljavalude v\u00e4hendamiseks  Kaabli v\u00e4ljund tagak\u00fcljel: tagab teie laua korrastatuse  Ergonoomiline disain: et t\u00f5sta ekraan parema vaatenurga saavutamiseks silmade k\u00f5rgusele  Hea ventilatsioon: avatud disain pakub suuremat \u00f5huringluse seadmele  Mittetoksilised r\u00e4nipadjad: kaitseb s\u00fclearvutit kriimustuste eest ja tagab stabiilsema asendi  Muud n\u00e4itajad:   V\u00e4rv: h\u00f5be  M\u00f5\u00f5tmed: 260x190x90mm  Rakendatavad seadmed: s\u00fclearvuti  Sobib ekraani suurus: 11 \"~ 15\"  Kandej\u00f5ud: 10kg","og_url":"https:\/\/anelto.eu\/toode\/alumiinium-sulearvuti-alus\/","og_site_name":"Anelto - t\u00f6\u00f6ruumi efektiivsus","article_modified_time":"2021-02-10T15:10:57+00:00","og_image":[{"width":500,"height":500,"url":"https:\/\/anelto.eu\/wp-content\/uploads\/2021\/01\/d2ab269e-66ab-4f27-9220-a2509781a03d_500_500.jpg","type":"image\/jpeg"}],"twitter_card":"summary_large_image","schema":{"@context":"https:\/\/schema.org","@graph":[{"@type":"WebPage","@id":"https:\/\/anelto.eu\/toode\/alumiinium-sulearvuti-alus\/","url":"https:\/\/anelto.eu\/toode\/alumiinium-sulearvuti-alus\/","name":"Alumiinium s\u00fclearvuti alus - Anelto - t\u00f6\u00f6ruumi efektiivsus","isPartOf":{"@id":"https:\/\/anelto.eu\/#website"},"primaryImageOfPage":{"@id":"https:\/\/anelto.eu\/toode\/alumiinium-sulearvuti-alus\/#primaryimage"},"image":{"@id":"https:\/\/anelto.eu\/toode\/alumiinium-sulearvuti-alus\/#primaryimage"},"thumbnailUrl":"https:\/\/anelto.eu\/wp-content\/uploads\/2021\/01\/d2ab269e-66ab-4f27-9220-a2509781a03d_500_500.jpg","datePublished":"2021-01-27T16:01:09+00:00","dateModified":"2021-02-10T15:10:57+00:00","breadcrumb":{"@id":"https:\/\/anelto.eu\/toode\/alumiinium-sulearvuti-alus\/#breadcrumb"},"inLanguage":"en-US","potentialAction":[{"@type":"ReadAction","target":["https:\/\/anelto.eu\/toode\/alumiinium-sulearvuti-alus\/"]}]},{"@type":"ImageObject","inLanguage":"en-US","@id":"https:\/\/anelto.eu\/toode\/alumiinium-sulearvuti-alus\/#primaryimage","url":"https:\/\/anelto.eu\/wp-content\/uploads\/2021\/01\/d2ab269e-66ab-4f27-9220-a2509781a03d_500_500.jpg","contentUrl":"https:\/\/anelto.eu\/wp-content\/uploads\/2021\/01\/d2ab269e-66ab-4f27-9220-a2509781a03d_500_500.jpg","width":500,"height":500},{"@type":"BreadcrumbList","@id":"https:\/\/anelto.eu\/toode\/alumiinium-sulearvuti-alus\/#breadcrumb","itemListElement":[{"@type":"ListItem","position":1,"name":"Avaleht","item":"https:\/\/anelto.eu\/"},{"@type":"ListItem","position":2,"name":"Valdkonnad","item":"https:\/\/anelto.eu\/valdkonnad\/"},{"@type":"ListItem","position":3,"name":"Arvuti kinnitused ja alused","item":"https:\/\/anelto.eu\/tootekategooria\/arvuti-kinnitused-alused\/"},{"@type":"ListItem","position":4,"name":"Alumiinium s\u00fclearvuti alus"}]},{"@type":"WebSite","@id":"https:\/\/anelto.eu\/#website","url":"https:\/\/anelto.eu\/","name":"Anelto - t\u00f6\u00f6ruumi efektiivsus","description":"Ergonoomiline t\u00f6\u00f6keskkond ja kinnituslahendused!","publisher":{"@id":"https:\/\/anelto.eu\/#organization"},"potentialAction":[{"@type":"SearchAction","target":{"@type":"EntryPoint","urlTemplate":"https:\/\/anelto.eu\/?s={search_term_string}"},"query-input":{"@type":"PropertyValueSpecification","valueRequired":true,"valueName":"search_term_string"}}],"inLanguage":"en-US"},{"@type":"Organization","@id":"https:\/\/anelto.eu\/#organization","name":"Anelto","url":"https:\/\/anelto.eu\/","logo":{"@type":"ImageObject","inLanguage":"en-US","@id":"https:\/\/anelto.eu\/#\/schema\/logo\/image\/","url":"https:\/\/anelto.eu\/wp-content\/uploads\/2020\/06\/Picture1.png","contentUrl":"https:\/\/anelto.eu\/wp-content\/uploads\/2020\/06\/Picture1.png","width":615,"height":331,"caption":"Anelto"},"image":{"@id":"https:\/\/anelto.eu\/#\/schema\/logo\/image\/"}}]}},"_links":{"self":[{"href":"https:\/\/anelto.eu\/en\/wp-json\/wp\/v2\/product\/3379","targetHints":{"allow":["GET"]}}],"collection":[{"href":"https:\/\/anelto.eu\/en\/wp-json\/wp\/v2\/product"}],"about":[{"href":"https:\/\/anelto.eu\/en\/wp-json\/wp\/v2\/types\/product"}],"replies":[{"embeddable":true,"href":"https:\/\/anelto.eu\/en\/wp-json\/wp\/v2\/comments?post=3379"}],"wp:featuredmedia":[{"embeddable":true,"href":"https:\/\/anelto.eu\/en\/wp-json\/wp\/v2\/media\/3380"}],"wp:attachment":[{"href":"https:\/\/anelto.eu\/en\/wp-json\/wp\/v2\/media?parent=3379"}],"wp:term":[{"taxonomy":"product_cat","embeddable":true,"href":"https:\/\/anelto.eu\/en\/wp-json\/wp\/v2\/product_cat?post=3379"},{"taxonomy":"product_tag","embeddable":true,"href":"https:\/\/anelto.eu\/en\/wp-json\/wp\/v2\/product_tag?post=3379"}],"curies":[{"name":"wp","href":"https:\/\/api.w.org\/{rel}","templated":true}]}}