{"id":3326,"date":"2021-01-27T15:38:57","date_gmt":"2021-01-27T15:38:57","guid":{"rendered":"https:\/\/anelto.eu\/?post_type=product&#038;p=3326"},"modified":"2021-02-09T15:13:53","modified_gmt":"2021-02-09T15:13:53","slug":"kolme-korguse-seadistamisega-sulearvuti-alus","status":"publish","type":"product","link":"https:\/\/anelto.eu\/en\/toode\/kolme-korguse-seadistamisega-sulearvuti-alus\/","title":{"rendered":"Kolme k\u00f5rguse seadistamisega s\u00fclearvuti alus"},"content":{"rendered":"","protected":false},"excerpt":{"rendered":"<ul>\n<li>Avatud disain: tagab suurema ventilatsiooni ja lihtsama juurdep\u00e4\u00e4su juhtmetele<\/li>\n<li>Mittelibisevad kummipadjad: kaitseb s\u00fclearvutit kriimustuste eest ja tagab stabiilsema asendi<\/li>\n<li>3 k\u00f5rgusastet: optimaalse vaatek\u00f5rguse saavutamiseks<\/li>\n<\/ul>\n<p><strong><span style=\"text-decoration: underline;\">Muud n\u00e4itajad:<\/span><\/strong><\/p>\n<ul>\n<li>Materjal: plastik, teras<\/li>\n<li>Pinna viimistlus: pulberv\u00e4rv<\/li>\n<li>V\u00e4rv: must<\/li>\n<li>M\u00f5\u00f5tmed: 375x284x (106-148) mm<\/li>\n<li>Rakendatavad seadmed: s\u00fclearvuti<\/li>\n<li>Sobib ekraani suurus: 13 &#8220;~ 32&#8221;<\/li>\n<li>Kaldenurk: + 14 \u00b0 ~ -14 \u00b0<\/li>\n<li>Kandej\u00f5ud: 18kg<\/li>\n<\/ul>\n<p><img loading=\"lazy\" decoding=\"async\" class=\"size-full wp-image-4106 aligncenter\" src=\"https:\/\/anelto.eu\/wp-content\/uploads\/2021\/02\/weffy_logo-300x130-1.png\" alt=\"\" width=\"300\" height=\"130\" \/><\/p>\n","protected":false},"featured_media":3327,"comment_status":"closed","ping_status":"closed","template":"","meta":{"_acf_changed":false},"product_cat":[64],"product_tag":[],"class_list":{"0":"post-3326","1":"product","2":"type-product","3":"status-publish","4":"has-post-thumbnail","6":"product_cat-arvuti-kinnitused-alused","8":"first","9":"instock","10":"shipping-taxable","11":"product-type-simple"},"acf":[],"yoast_head":"<!-- This site is optimized with the Yoast SEO plugin v23.9 - https:\/\/yoast.com\/wordpress\/plugins\/seo\/ -->\n<title>Kolme k\u00f5rguse seadistamisega s\u00fclearvuti alus - Anelto - t\u00f6\u00f6ruumi efektiivsus<\/title>\n<meta name=\"robots\" content=\"index, follow, max-snippet:-1, max-image-preview:large, max-video-preview:-1\" \/>\n<link rel=\"canonical\" href=\"https:\/\/anelto.eu\/toode\/kolme-korguse-seadistamisega-sulearvuti-alus\/\" \/>\n<meta property=\"og:locale\" content=\"en_US\" \/>\n<meta property=\"og:type\" content=\"article\" \/>\n<meta property=\"og:title\" content=\"Kolme k\u00f5rguse seadistamisega s\u00fclearvuti alus - Anelto - t\u00f6\u00f6ruumi efektiivsus\" \/>\n<meta property=\"og:description\" content=\"Avatud disain: tagab suurema ventilatsiooni ja lihtsama juurdep\u00e4\u00e4su juhtmetele  Mittelibisevad kummipadjad: kaitseb s\u00fclearvutit kriimustuste eest ja tagab stabiilsema asendi  3 k\u00f5rgusastet: optimaalse vaatek\u00f5rguse saavutamiseks  Muud n\u00e4itajad:   Materjal: plastik, teras  Pinna viimistlus: pulberv\u00e4rv  V\u00e4rv: must  M\u00f5\u00f5tmed: 375x284x (106-148) mm  Rakendatavad seadmed: s\u00fclearvuti  Sobib ekraani suurus: 13 &quot;~ 32&quot;  Kaldenurk: + 14 \u00b0 ~ -14 \u00b0  Kandej\u00f5ud: 18kg\" \/>\n<meta property=\"og:url\" content=\"https:\/\/anelto.eu\/toode\/kolme-korguse-seadistamisega-sulearvuti-alus\/\" \/>\n<meta property=\"og:site_name\" content=\"Anelto - t\u00f6\u00f6ruumi efektiivsus\" \/>\n<meta property=\"article:modified_time\" content=\"2021-02-09T15:13:53+00:00\" \/>\n<meta property=\"og:image\" content=\"https:\/\/anelto.eu\/wp-content\/uploads\/2021\/01\/2affb21c-80c1-4759-b2ff-1432dfc76e58_500_500.jpg\" \/>\n\t<meta property=\"og:image:width\" content=\"500\" \/>\n\t<meta property=\"og:image:height\" content=\"500\" \/>\n\t<meta property=\"og:image:type\" content=\"image\/jpeg\" \/>\n<meta name=\"twitter:card\" content=\"summary_large_image\" \/>\n<script type=\"application\/ld+json\" class=\"yoast-schema-graph\">{\"@context\":\"https:\/\/schema.org\",\"@graph\":[{\"@type\":\"WebPage\",\"@id\":\"https:\/\/anelto.eu\/toode\/kolme-korguse-seadistamisega-sulearvuti-alus\/\",\"url\":\"https:\/\/anelto.eu\/toode\/kolme-korguse-seadistamisega-sulearvuti-alus\/\",\"name\":\"Kolme k\u00f5rguse seadistamisega s\u00fclearvuti alus - Anelto - t\u00f6\u00f6ruumi efektiivsus\",\"isPartOf\":{\"@id\":\"https:\/\/anelto.eu\/#website\"},\"primaryImageOfPage\":{\"@id\":\"https:\/\/anelto.eu\/toode\/kolme-korguse-seadistamisega-sulearvuti-alus\/#primaryimage\"},\"image\":{\"@id\":\"https:\/\/anelto.eu\/toode\/kolme-korguse-seadistamisega-sulearvuti-alus\/#primaryimage\"},\"thumbnailUrl\":\"https:\/\/anelto.eu\/wp-content\/uploads\/2021\/01\/2affb21c-80c1-4759-b2ff-1432dfc76e58_500_500.jpg\",\"datePublished\":\"2021-01-27T15:38:57+00:00\",\"dateModified\":\"2021-02-09T15:13:53+00:00\",\"breadcrumb\":{\"@id\":\"https:\/\/anelto.eu\/toode\/kolme-korguse-seadistamisega-sulearvuti-alus\/#breadcrumb\"},\"inLanguage\":\"en-US\",\"potentialAction\":[{\"@type\":\"ReadAction\",\"target\":[\"https:\/\/anelto.eu\/toode\/kolme-korguse-seadistamisega-sulearvuti-alus\/\"]}]},{\"@type\":\"ImageObject\",\"inLanguage\":\"en-US\",\"@id\":\"https:\/\/anelto.eu\/toode\/kolme-korguse-seadistamisega-sulearvuti-alus\/#primaryimage\",\"url\":\"https:\/\/anelto.eu\/wp-content\/uploads\/2021\/01\/2affb21c-80c1-4759-b2ff-1432dfc76e58_500_500.jpg\",\"contentUrl\":\"https:\/\/anelto.eu\/wp-content\/uploads\/2021\/01\/2affb21c-80c1-4759-b2ff-1432dfc76e58_500_500.jpg\",\"width\":500,\"height\":500},{\"@type\":\"BreadcrumbList\",\"@id\":\"https:\/\/anelto.eu\/toode\/kolme-korguse-seadistamisega-sulearvuti-alus\/#breadcrumb\",\"itemListElement\":[{\"@type\":\"ListItem\",\"position\":1,\"name\":\"Avaleht\",\"item\":\"https:\/\/anelto.eu\/\"},{\"@type\":\"ListItem\",\"position\":2,\"name\":\"Valdkonnad\",\"item\":\"https:\/\/anelto.eu\/valdkonnad\/\"},{\"@type\":\"ListItem\",\"position\":3,\"name\":\"Arvuti kinnitused ja alused\",\"item\":\"https:\/\/anelto.eu\/tootekategooria\/arvuti-kinnitused-alused\/\"},{\"@type\":\"ListItem\",\"position\":4,\"name\":\"Kolme k\u00f5rguse seadistamisega s\u00fclearvuti alus\"}]},{\"@type\":\"WebSite\",\"@id\":\"https:\/\/anelto.eu\/#website\",\"url\":\"https:\/\/anelto.eu\/\",\"name\":\"Anelto - t\u00f6\u00f6ruumi efektiivsus\",\"description\":\"Ergonoomiline t\u00f6\u00f6keskkond ja kinnituslahendused!\",\"publisher\":{\"@id\":\"https:\/\/anelto.eu\/#organization\"},\"potentialAction\":[{\"@type\":\"SearchAction\",\"target\":{\"@type\":\"EntryPoint\",\"urlTemplate\":\"https:\/\/anelto.eu\/?s={search_term_string}\"},\"query-input\":{\"@type\":\"PropertyValueSpecification\",\"valueRequired\":true,\"valueName\":\"search_term_string\"}}],\"inLanguage\":\"en-US\"},{\"@type\":\"Organization\",\"@id\":\"https:\/\/anelto.eu\/#organization\",\"name\":\"Anelto\",\"url\":\"https:\/\/anelto.eu\/\",\"logo\":{\"@type\":\"ImageObject\",\"inLanguage\":\"en-US\",\"@id\":\"https:\/\/anelto.eu\/#\/schema\/logo\/image\/\",\"url\":\"https:\/\/anelto.eu\/wp-content\/uploads\/2020\/06\/Picture1.png\",\"contentUrl\":\"https:\/\/anelto.eu\/wp-content\/uploads\/2020\/06\/Picture1.png\",\"width\":615,\"height\":331,\"caption\":\"Anelto\"},\"image\":{\"@id\":\"https:\/\/anelto.eu\/#\/schema\/logo\/image\/\"}}]}<\/script>\n<!-- \/ Yoast SEO plugin. -->","yoast_head_json":{"title":"Kolme k\u00f5rguse seadistamisega s\u00fclearvuti alus - Anelto - t\u00f6\u00f6ruumi efektiivsus","robots":{"index":"index","follow":"follow","max-snippet":"max-snippet:-1","max-image-preview":"max-image-preview:large","max-video-preview":"max-video-preview:-1"},"canonical":"https:\/\/anelto.eu\/toode\/kolme-korguse-seadistamisega-sulearvuti-alus\/","og_locale":"en_US","og_type":"article","og_title":"Kolme k\u00f5rguse seadistamisega s\u00fclearvuti alus - Anelto - t\u00f6\u00f6ruumi efektiivsus","og_description":"Avatud disain: tagab suurema ventilatsiooni ja lihtsama juurdep\u00e4\u00e4su juhtmetele  Mittelibisevad kummipadjad: kaitseb s\u00fclearvutit kriimustuste eest ja tagab stabiilsema asendi  3 k\u00f5rgusastet: optimaalse vaatek\u00f5rguse saavutamiseks  Muud n\u00e4itajad:   Materjal: plastik, teras  Pinna viimistlus: pulberv\u00e4rv  V\u00e4rv: must  M\u00f5\u00f5tmed: 375x284x (106-148) mm  Rakendatavad seadmed: s\u00fclearvuti  Sobib ekraani suurus: 13 \"~ 32\"  Kaldenurk: + 14 \u00b0 ~ -14 \u00b0  Kandej\u00f5ud: 18kg","og_url":"https:\/\/anelto.eu\/toode\/kolme-korguse-seadistamisega-sulearvuti-alus\/","og_site_name":"Anelto - t\u00f6\u00f6ruumi efektiivsus","article_modified_time":"2021-02-09T15:13:53+00:00","og_image":[{"width":500,"height":500,"url":"https:\/\/anelto.eu\/wp-content\/uploads\/2021\/01\/2affb21c-80c1-4759-b2ff-1432dfc76e58_500_500.jpg","type":"image\/jpeg"}],"twitter_card":"summary_large_image","schema":{"@context":"https:\/\/schema.org","@graph":[{"@type":"WebPage","@id":"https:\/\/anelto.eu\/toode\/kolme-korguse-seadistamisega-sulearvuti-alus\/","url":"https:\/\/anelto.eu\/toode\/kolme-korguse-seadistamisega-sulearvuti-alus\/","name":"Kolme k\u00f5rguse seadistamisega s\u00fclearvuti alus - Anelto - t\u00f6\u00f6ruumi efektiivsus","isPartOf":{"@id":"https:\/\/anelto.eu\/#website"},"primaryImageOfPage":{"@id":"https:\/\/anelto.eu\/toode\/kolme-korguse-seadistamisega-sulearvuti-alus\/#primaryimage"},"image":{"@id":"https:\/\/anelto.eu\/toode\/kolme-korguse-seadistamisega-sulearvuti-alus\/#primaryimage"},"thumbnailUrl":"https:\/\/anelto.eu\/wp-content\/uploads\/2021\/01\/2affb21c-80c1-4759-b2ff-1432dfc76e58_500_500.jpg","datePublished":"2021-01-27T15:38:57+00:00","dateModified":"2021-02-09T15:13:53+00:00","breadcrumb":{"@id":"https:\/\/anelto.eu\/toode\/kolme-korguse-seadistamisega-sulearvuti-alus\/#breadcrumb"},"inLanguage":"en-US","potentialAction":[{"@type":"ReadAction","target":["https:\/\/anelto.eu\/toode\/kolme-korguse-seadistamisega-sulearvuti-alus\/"]}]},{"@type":"ImageObject","inLanguage":"en-US","@id":"https:\/\/anelto.eu\/toode\/kolme-korguse-seadistamisega-sulearvuti-alus\/#primaryimage","url":"https:\/\/anelto.eu\/wp-content\/uploads\/2021\/01\/2affb21c-80c1-4759-b2ff-1432dfc76e58_500_500.jpg","contentUrl":"https:\/\/anelto.eu\/wp-content\/uploads\/2021\/01\/2affb21c-80c1-4759-b2ff-1432dfc76e58_500_500.jpg","width":500,"height":500},{"@type":"BreadcrumbList","@id":"https:\/\/anelto.eu\/toode\/kolme-korguse-seadistamisega-sulearvuti-alus\/#breadcrumb","itemListElement":[{"@type":"ListItem","position":1,"name":"Avaleht","item":"https:\/\/anelto.eu\/"},{"@type":"ListItem","position":2,"name":"Valdkonnad","item":"https:\/\/anelto.eu\/valdkonnad\/"},{"@type":"ListItem","position":3,"name":"Arvuti kinnitused ja alused","item":"https:\/\/anelto.eu\/tootekategooria\/arvuti-kinnitused-alused\/"},{"@type":"ListItem","position":4,"name":"Kolme k\u00f5rguse seadistamisega s\u00fclearvuti alus"}]},{"@type":"WebSite","@id":"https:\/\/anelto.eu\/#website","url":"https:\/\/anelto.eu\/","name":"Anelto - t\u00f6\u00f6ruumi efektiivsus","description":"Ergonoomiline t\u00f6\u00f6keskkond ja kinnituslahendused!","publisher":{"@id":"https:\/\/anelto.eu\/#organization"},"potentialAction":[{"@type":"SearchAction","target":{"@type":"EntryPoint","urlTemplate":"https:\/\/anelto.eu\/?s={search_term_string}"},"query-input":{"@type":"PropertyValueSpecification","valueRequired":true,"valueName":"search_term_string"}}],"inLanguage":"en-US"},{"@type":"Organization","@id":"https:\/\/anelto.eu\/#organization","name":"Anelto","url":"https:\/\/anelto.eu\/","logo":{"@type":"ImageObject","inLanguage":"en-US","@id":"https:\/\/anelto.eu\/#\/schema\/logo\/image\/","url":"https:\/\/anelto.eu\/wp-content\/uploads\/2020\/06\/Picture1.png","contentUrl":"https:\/\/anelto.eu\/wp-content\/uploads\/2020\/06\/Picture1.png","width":615,"height":331,"caption":"Anelto"},"image":{"@id":"https:\/\/anelto.eu\/#\/schema\/logo\/image\/"}}]}},"_links":{"self":[{"href":"https:\/\/anelto.eu\/en\/wp-json\/wp\/v2\/product\/3326","targetHints":{"allow":["GET"]}}],"collection":[{"href":"https:\/\/anelto.eu\/en\/wp-json\/wp\/v2\/product"}],"about":[{"href":"https:\/\/anelto.eu\/en\/wp-json\/wp\/v2\/types\/product"}],"replies":[{"embeddable":true,"href":"https:\/\/anelto.eu\/en\/wp-json\/wp\/v2\/comments?post=3326"}],"wp:featuredmedia":[{"embeddable":true,"href":"https:\/\/anelto.eu\/en\/wp-json\/wp\/v2\/media\/3327"}],"wp:attachment":[{"href":"https:\/\/anelto.eu\/en\/wp-json\/wp\/v2\/media?parent=3326"}],"wp:term":[{"taxonomy":"product_cat","embeddable":true,"href":"https:\/\/anelto.eu\/en\/wp-json\/wp\/v2\/product_cat?post=3326"},{"taxonomy":"product_tag","embeddable":true,"href":"https:\/\/anelto.eu\/en\/wp-json\/wp\/v2\/product_tag?post=3326"}],"curies":[{"name":"wp","href":"https:\/\/api.w.org\/{rel}","templated":true}]}}