{"id":3276,"date":"2021-01-27T15:15:26","date_gmt":"2021-01-27T15:15:26","guid":{"rendered":"https:\/\/anelto.eu\/?post_type=product&#038;p=3276"},"modified":"2021-03-30T13:02:00","modified_gmt":"2021-03-30T13:02:00","slug":"kallutatav-jalatugi-melamiinpind","status":"publish","type":"product","link":"https:\/\/anelto.eu\/en\/toode\/kallutatav-jalatugi-melamiinpind\/","title":{"rendered":"Kallutatav jalatugi, melamiinpind"},"content":{"rendered":"","protected":false},"excerpt":{"rendered":"<ul>\n<li>Reguleeritav jalatugi: v\u00f5imaldab kasutajatel m\u00e4\u00e4ratleda oma ideaalse mugava asendi nii istudes kui ka seistes<\/li>\n<li>Kallutusplatvorm: v\u00f5imaldab optimaalset mugavust<\/li>\n<li>Keskkonnas\u00f5bralik puitlaastplaat: vastupidav raskustele ja niiskuskindel<\/li>\n<li>Kummist padjad: v\u00e4ldivad libisemist ja p\u00f5randa kriimustamist<\/li>\n<\/ul>\n<p><strong><span style=\"text-decoration: underline;\">Muud n\u00e4itajad:<\/span><\/strong><\/p>\n<ul>\n<li>Materjal: teras, plast, puitlaastplaat ja melamiin<\/li>\n<li>M\u00f5\u00f5tmed: 480x290x187mm<\/li>\n<li>Kandej\u00f5ud: 30kg<\/li>\n<li>Kaldenurk: + 20 \u00b0 ~ -20 \u00b0 V\u00e4rv: must<\/li>\n<\/ul>\n<p><img loading=\"lazy\" decoding=\"async\" class=\"size-full wp-image-4106 aligncenter\" src=\"https:\/\/anelto.eu\/wp-content\/uploads\/2021\/02\/weffy_logo-300x130-1.png\" alt=\"\" width=\"300\" height=\"130\" \/><\/p>\n","protected":false},"featured_media":3277,"comment_status":"closed","ping_status":"closed","template":"","meta":{"_acf_changed":false},"product_cat":[97],"product_tag":[],"class_list":{"0":"post-3276","1":"product","2":"type-product","3":"status-publish","4":"has-post-thumbnail","6":"product_cat-ergonoomilised-toolid-ja-jalatoed","8":"first","9":"instock","10":"shipping-taxable","11":"product-type-simple"},"acf":[],"yoast_head":"<!-- This site is optimized with the Yoast SEO plugin v23.9 - https:\/\/yoast.com\/wordpress\/plugins\/seo\/ -->\n<title>Kallutatav jalatugi, melamiinpind - Anelto - t\u00f6\u00f6ruumi efektiivsus<\/title>\n<meta name=\"robots\" content=\"index, follow, max-snippet:-1, max-image-preview:large, max-video-preview:-1\" \/>\n<link rel=\"canonical\" href=\"https:\/\/anelto.eu\/toode\/kallutatav-jalatugi-melamiinpind\/\" \/>\n<meta property=\"og:locale\" content=\"en_US\" \/>\n<meta property=\"og:type\" content=\"article\" \/>\n<meta property=\"og:title\" content=\"Kallutatav jalatugi, melamiinpind - Anelto - t\u00f6\u00f6ruumi efektiivsus\" \/>\n<meta property=\"og:description\" content=\"Reguleeritav jalatugi: v\u00f5imaldab kasutajatel m\u00e4\u00e4ratleda oma ideaalse mugava asendi nii istudes kui ka seistes  Kallutusplatvorm: v\u00f5imaldab optimaalset mugavust  Keskkonnas\u00f5bralik puitlaastplaat: vastupidav raskustele ja niiskuskindel  Kummist padjad: v\u00e4ldivad libisemist ja p\u00f5randa kriimustamist  Muud n\u00e4itajad:   Materjal: teras, plast, puitlaastplaat ja melamiin  M\u00f5\u00f5tmed: 480x290x187mm  Kandej\u00f5ud: 30kg  Kaldenurk: + 20 \u00b0 ~ -20 \u00b0 V\u00e4rv: must\" \/>\n<meta property=\"og:url\" content=\"https:\/\/anelto.eu\/toode\/kallutatav-jalatugi-melamiinpind\/\" \/>\n<meta property=\"og:site_name\" content=\"Anelto - t\u00f6\u00f6ruumi efektiivsus\" \/>\n<meta property=\"article:modified_time\" content=\"2021-03-30T13:02:00+00:00\" \/>\n<meta property=\"og:image\" content=\"https:\/\/anelto.eu\/wp-content\/uploads\/2021\/01\/2a39efe7-cfb5-4d57-ac99-bdad518d4bec_500_500.jpg\" \/>\n\t<meta property=\"og:image:width\" content=\"500\" \/>\n\t<meta property=\"og:image:height\" content=\"500\" \/>\n\t<meta property=\"og:image:type\" content=\"image\/jpeg\" \/>\n<meta name=\"twitter:card\" content=\"summary_large_image\" \/>\n<script type=\"application\/ld+json\" class=\"yoast-schema-graph\">{\"@context\":\"https:\/\/schema.org\",\"@graph\":[{\"@type\":\"WebPage\",\"@id\":\"https:\/\/anelto.eu\/toode\/kallutatav-jalatugi-melamiinpind\/\",\"url\":\"https:\/\/anelto.eu\/toode\/kallutatav-jalatugi-melamiinpind\/\",\"name\":\"Kallutatav jalatugi, melamiinpind - Anelto - t\u00f6\u00f6ruumi efektiivsus\",\"isPartOf\":{\"@id\":\"https:\/\/anelto.eu\/#website\"},\"primaryImageOfPage\":{\"@id\":\"https:\/\/anelto.eu\/toode\/kallutatav-jalatugi-melamiinpind\/#primaryimage\"},\"image\":{\"@id\":\"https:\/\/anelto.eu\/toode\/kallutatav-jalatugi-melamiinpind\/#primaryimage\"},\"thumbnailUrl\":\"https:\/\/anelto.eu\/wp-content\/uploads\/2021\/01\/2a39efe7-cfb5-4d57-ac99-bdad518d4bec_500_500.jpg\",\"datePublished\":\"2021-01-27T15:15:26+00:00\",\"dateModified\":\"2021-03-30T13:02:00+00:00\",\"breadcrumb\":{\"@id\":\"https:\/\/anelto.eu\/toode\/kallutatav-jalatugi-melamiinpind\/#breadcrumb\"},\"inLanguage\":\"en-US\",\"potentialAction\":[{\"@type\":\"ReadAction\",\"target\":[\"https:\/\/anelto.eu\/toode\/kallutatav-jalatugi-melamiinpind\/\"]}]},{\"@type\":\"ImageObject\",\"inLanguage\":\"en-US\",\"@id\":\"https:\/\/anelto.eu\/toode\/kallutatav-jalatugi-melamiinpind\/#primaryimage\",\"url\":\"https:\/\/anelto.eu\/wp-content\/uploads\/2021\/01\/2a39efe7-cfb5-4d57-ac99-bdad518d4bec_500_500.jpg\",\"contentUrl\":\"https:\/\/anelto.eu\/wp-content\/uploads\/2021\/01\/2a39efe7-cfb5-4d57-ac99-bdad518d4bec_500_500.jpg\",\"width\":500,\"height\":500},{\"@type\":\"BreadcrumbList\",\"@id\":\"https:\/\/anelto.eu\/toode\/kallutatav-jalatugi-melamiinpind\/#breadcrumb\",\"itemListElement\":[{\"@type\":\"ListItem\",\"position\":1,\"name\":\"Avaleht\",\"item\":\"https:\/\/anelto.eu\/\"},{\"@type\":\"ListItem\",\"position\":2,\"name\":\"Valdkonnad\",\"item\":\"https:\/\/anelto.eu\/valdkonnad\/\"},{\"@type\":\"ListItem\",\"position\":3,\"name\":\"Ergonoomilised toolid ja jalatoed\",\"item\":\"https:\/\/anelto.eu\/tootekategooria\/ergonoomilised-toolid-ja-jalatoed\/\"},{\"@type\":\"ListItem\",\"position\":4,\"name\":\"Kallutatav jalatugi, melamiinpind\"}]},{\"@type\":\"WebSite\",\"@id\":\"https:\/\/anelto.eu\/#website\",\"url\":\"https:\/\/anelto.eu\/\",\"name\":\"Anelto - t\u00f6\u00f6ruumi efektiivsus\",\"description\":\"Ergonoomiline t\u00f6\u00f6keskkond ja kinnituslahendused!\",\"publisher\":{\"@id\":\"https:\/\/anelto.eu\/#organization\"},\"potentialAction\":[{\"@type\":\"SearchAction\",\"target\":{\"@type\":\"EntryPoint\",\"urlTemplate\":\"https:\/\/anelto.eu\/?s={search_term_string}\"},\"query-input\":{\"@type\":\"PropertyValueSpecification\",\"valueRequired\":true,\"valueName\":\"search_term_string\"}}],\"inLanguage\":\"en-US\"},{\"@type\":\"Organization\",\"@id\":\"https:\/\/anelto.eu\/#organization\",\"name\":\"Anelto\",\"url\":\"https:\/\/anelto.eu\/\",\"logo\":{\"@type\":\"ImageObject\",\"inLanguage\":\"en-US\",\"@id\":\"https:\/\/anelto.eu\/#\/schema\/logo\/image\/\",\"url\":\"https:\/\/anelto.eu\/wp-content\/uploads\/2020\/06\/Picture1.png\",\"contentUrl\":\"https:\/\/anelto.eu\/wp-content\/uploads\/2020\/06\/Picture1.png\",\"width\":615,\"height\":331,\"caption\":\"Anelto\"},\"image\":{\"@id\":\"https:\/\/anelto.eu\/#\/schema\/logo\/image\/\"}}]}<\/script>\n<!-- \/ Yoast SEO plugin. -->","yoast_head_json":{"title":"Kallutatav jalatugi, melamiinpind - Anelto - t\u00f6\u00f6ruumi efektiivsus","robots":{"index":"index","follow":"follow","max-snippet":"max-snippet:-1","max-image-preview":"max-image-preview:large","max-video-preview":"max-video-preview:-1"},"canonical":"https:\/\/anelto.eu\/toode\/kallutatav-jalatugi-melamiinpind\/","og_locale":"en_US","og_type":"article","og_title":"Kallutatav jalatugi, melamiinpind - Anelto - t\u00f6\u00f6ruumi efektiivsus","og_description":"Reguleeritav jalatugi: v\u00f5imaldab kasutajatel m\u00e4\u00e4ratleda oma ideaalse mugava asendi nii istudes kui ka seistes  Kallutusplatvorm: v\u00f5imaldab optimaalset mugavust  Keskkonnas\u00f5bralik puitlaastplaat: vastupidav raskustele ja niiskuskindel  Kummist padjad: v\u00e4ldivad libisemist ja p\u00f5randa kriimustamist  Muud n\u00e4itajad:   Materjal: teras, plast, puitlaastplaat ja melamiin  M\u00f5\u00f5tmed: 480x290x187mm  Kandej\u00f5ud: 30kg  Kaldenurk: + 20 \u00b0 ~ -20 \u00b0 V\u00e4rv: must","og_url":"https:\/\/anelto.eu\/toode\/kallutatav-jalatugi-melamiinpind\/","og_site_name":"Anelto - t\u00f6\u00f6ruumi efektiivsus","article_modified_time":"2021-03-30T13:02:00+00:00","og_image":[{"width":500,"height":500,"url":"https:\/\/anelto.eu\/wp-content\/uploads\/2021\/01\/2a39efe7-cfb5-4d57-ac99-bdad518d4bec_500_500.jpg","type":"image\/jpeg"}],"twitter_card":"summary_large_image","schema":{"@context":"https:\/\/schema.org","@graph":[{"@type":"WebPage","@id":"https:\/\/anelto.eu\/toode\/kallutatav-jalatugi-melamiinpind\/","url":"https:\/\/anelto.eu\/toode\/kallutatav-jalatugi-melamiinpind\/","name":"Kallutatav jalatugi, melamiinpind - Anelto - t\u00f6\u00f6ruumi efektiivsus","isPartOf":{"@id":"https:\/\/anelto.eu\/#website"},"primaryImageOfPage":{"@id":"https:\/\/anelto.eu\/toode\/kallutatav-jalatugi-melamiinpind\/#primaryimage"},"image":{"@id":"https:\/\/anelto.eu\/toode\/kallutatav-jalatugi-melamiinpind\/#primaryimage"},"thumbnailUrl":"https:\/\/anelto.eu\/wp-content\/uploads\/2021\/01\/2a39efe7-cfb5-4d57-ac99-bdad518d4bec_500_500.jpg","datePublished":"2021-01-27T15:15:26+00:00","dateModified":"2021-03-30T13:02:00+00:00","breadcrumb":{"@id":"https:\/\/anelto.eu\/toode\/kallutatav-jalatugi-melamiinpind\/#breadcrumb"},"inLanguage":"en-US","potentialAction":[{"@type":"ReadAction","target":["https:\/\/anelto.eu\/toode\/kallutatav-jalatugi-melamiinpind\/"]}]},{"@type":"ImageObject","inLanguage":"en-US","@id":"https:\/\/anelto.eu\/toode\/kallutatav-jalatugi-melamiinpind\/#primaryimage","url":"https:\/\/anelto.eu\/wp-content\/uploads\/2021\/01\/2a39efe7-cfb5-4d57-ac99-bdad518d4bec_500_500.jpg","contentUrl":"https:\/\/anelto.eu\/wp-content\/uploads\/2021\/01\/2a39efe7-cfb5-4d57-ac99-bdad518d4bec_500_500.jpg","width":500,"height":500},{"@type":"BreadcrumbList","@id":"https:\/\/anelto.eu\/toode\/kallutatav-jalatugi-melamiinpind\/#breadcrumb","itemListElement":[{"@type":"ListItem","position":1,"name":"Avaleht","item":"https:\/\/anelto.eu\/"},{"@type":"ListItem","position":2,"name":"Valdkonnad","item":"https:\/\/anelto.eu\/valdkonnad\/"},{"@type":"ListItem","position":3,"name":"Ergonoomilised toolid ja jalatoed","item":"https:\/\/anelto.eu\/tootekategooria\/ergonoomilised-toolid-ja-jalatoed\/"},{"@type":"ListItem","position":4,"name":"Kallutatav jalatugi, melamiinpind"}]},{"@type":"WebSite","@id":"https:\/\/anelto.eu\/#website","url":"https:\/\/anelto.eu\/","name":"Anelto - t\u00f6\u00f6ruumi efektiivsus","description":"Ergonoomiline t\u00f6\u00f6keskkond ja kinnituslahendused!","publisher":{"@id":"https:\/\/anelto.eu\/#organization"},"potentialAction":[{"@type":"SearchAction","target":{"@type":"EntryPoint","urlTemplate":"https:\/\/anelto.eu\/?s={search_term_string}"},"query-input":{"@type":"PropertyValueSpecification","valueRequired":true,"valueName":"search_term_string"}}],"inLanguage":"en-US"},{"@type":"Organization","@id":"https:\/\/anelto.eu\/#organization","name":"Anelto","url":"https:\/\/anelto.eu\/","logo":{"@type":"ImageObject","inLanguage":"en-US","@id":"https:\/\/anelto.eu\/#\/schema\/logo\/image\/","url":"https:\/\/anelto.eu\/wp-content\/uploads\/2020\/06\/Picture1.png","contentUrl":"https:\/\/anelto.eu\/wp-content\/uploads\/2020\/06\/Picture1.png","width":615,"height":331,"caption":"Anelto"},"image":{"@id":"https:\/\/anelto.eu\/#\/schema\/logo\/image\/"}}]}},"_links":{"self":[{"href":"https:\/\/anelto.eu\/en\/wp-json\/wp\/v2\/product\/3276","targetHints":{"allow":["GET"]}}],"collection":[{"href":"https:\/\/anelto.eu\/en\/wp-json\/wp\/v2\/product"}],"about":[{"href":"https:\/\/anelto.eu\/en\/wp-json\/wp\/v2\/types\/product"}],"replies":[{"embeddable":true,"href":"https:\/\/anelto.eu\/en\/wp-json\/wp\/v2\/comments?post=3276"}],"wp:featuredmedia":[{"embeddable":true,"href":"https:\/\/anelto.eu\/en\/wp-json\/wp\/v2\/media\/3277"}],"wp:attachment":[{"href":"https:\/\/anelto.eu\/en\/wp-json\/wp\/v2\/media?parent=3276"}],"wp:term":[{"taxonomy":"product_cat","embeddable":true,"href":"https:\/\/anelto.eu\/en\/wp-json\/wp\/v2\/product_cat?post=3276"},{"taxonomy":"product_tag","embeddable":true,"href":"https:\/\/anelto.eu\/en\/wp-json\/wp\/v2\/product_tag?post=3276"}],"curies":[{"name":"wp","href":"https:\/\/api.w.org\/{rel}","templated":true}]}}