{"id":3203,"date":"2021-01-27T14:34:42","date_gmt":"2021-01-27T14:34:42","guid":{"rendered":"https:\/\/anelto.eu\/?post_type=product&#038;p=3203"},"modified":"2021-02-09T15:09:55","modified_gmt":"2021-02-09T15:09:55","slug":"kolmikmonitori-kinnitus-rallitooli-komplektile","status":"publish","type":"product","link":"https:\/\/anelto.eu\/en\/toode\/kolmikmonitori-kinnitus-rallitooli-komplektile\/","title":{"rendered":"Kolmikmonitori kinnitus rallitooli komplektile"},"content":{"rendered":"","protected":false},"excerpt":{"rendered":"<ul>\n<li>Reguleeritav k\u00f5rgus: optimaalse vaateasendi tagamiseks<\/li>\n<li>Vargusvastane lukustusmahhanism: lisaturvalisuse tagamiseks soovimatu vargse eest (vajalik on lisalukk)<\/li>\n<li>P\u00f6\u00f6ratav hoob: pakub mugavamat juhtimist<\/li>\n<\/ul>\n<p><span style=\"text-decoration: underline;\"><strong>Muud n\u00e4itajad:<\/strong><\/span><\/p>\n<ul>\n<li>Metallplaadi paksus: kinnitusklamber THK = 1,5 mm k\u00fclmvaltsitud leht (konsoolivarras THK = 0,059 k\u00fclmvaltsitud leht)<\/li>\n<li>Pinna viimistlus: pulberv\u00e4rv<\/li>\n<li>V\u00e4rv: peen tekstuur must<\/li>\n<li>M\u00f5\u00f5tmed: 235x823x760 ~ 1853mm<\/li>\n<li>Sobiv ekraani suurus: 24 &#8220;-32&#8221;<\/li>\n<li>\u00dchilduv VESA: 75&#215;75,100&#215;100,200&#215;100,200&#215;200<\/li>\n<li>Teleri kaal: 10kg<\/li>\n<li>Testitud tugevus: 4 korda l\u00e4bitud<\/li>\n<li>Ekraani kogus: 3<\/li>\n<li>Ekraani p\u00f6\u00f6ramine: 0 \u00b0 ~ + 60 \u00b0<\/li>\n<li>Teleri reguleeritav k\u00f5rgus: jah<\/li>\n<li>K\u00f5rguse vahemik: 50mm<\/li>\n<li>Kaablite haldamine: jah<\/li>\n<\/ul>\n<p><img loading=\"lazy\" decoding=\"async\" class=\"size-full wp-image-4106 aligncenter\" src=\"https:\/\/anelto.eu\/wp-content\/uploads\/2021\/02\/weffy_logo-300x130-1.png\" alt=\"\" width=\"300\" height=\"130\" \/><\/p>\n","protected":false},"featured_media":3204,"comment_status":"closed","ping_status":"closed","template":"","meta":{"_acf_changed":false},"product_cat":[67],"product_tag":[],"class_list":{"0":"post-3203","1":"product","2":"type-product","3":"status-publish","4":"has-post-thumbnail","6":"product_cat-manguri-komplektid","8":"first","9":"instock","10":"shipping-taxable","11":"product-type-simple"},"acf":[],"yoast_head":"<!-- This site is optimized with the Yoast SEO plugin v23.9 - https:\/\/yoast.com\/wordpress\/plugins\/seo\/ -->\n<title>Kolmikmonitori kinnitus rallitooli komplektile - Anelto - t\u00f6\u00f6ruumi efektiivsus<\/title>\n<meta name=\"robots\" content=\"index, follow, max-snippet:-1, max-image-preview:large, max-video-preview:-1\" \/>\n<link rel=\"canonical\" href=\"https:\/\/anelto.eu\/toode\/kolmikmonitori-kinnitus-rallitooli-komplektile\/\" \/>\n<meta property=\"og:locale\" content=\"en_US\" \/>\n<meta property=\"og:type\" content=\"article\" \/>\n<meta property=\"og:title\" content=\"Kolmikmonitori kinnitus rallitooli komplektile - Anelto - t\u00f6\u00f6ruumi efektiivsus\" \/>\n<meta property=\"og:description\" content=\"Reguleeritav k\u00f5rgus: optimaalse vaateasendi tagamiseks  Vargusvastane lukustusmahhanism: lisaturvalisuse tagamiseks soovimatu vargse eest (vajalik on lisalukk)  P\u00f6\u00f6ratav hoob: pakub mugavamat juhtimist  Muud n\u00e4itajad:   Metallplaadi paksus: kinnitusklamber THK = 1,5 mm k\u00fclmvaltsitud leht (konsoolivarras THK = 0,059 k\u00fclmvaltsitud leht)  Pinna viimistlus: pulberv\u00e4rv  V\u00e4rv: peen tekstuur must  M\u00f5\u00f5tmed: 235x823x760 ~ 1853mm  Sobiv ekraani suurus: 24 &quot;-32&quot;  \u00dchilduv VESA: 75x75,100x100,200x100,200x200  Teleri kaal: 10kg  Testitud tugevus: 4 korda l\u00e4bitud  Ekraani kogus: 3  Ekraani p\u00f6\u00f6ramine: 0 \u00b0 ~ + 60 \u00b0  Teleri reguleeritav k\u00f5rgus: jah  K\u00f5rguse vahemik: 50mm  Kaablite haldamine: jah\" \/>\n<meta property=\"og:url\" content=\"https:\/\/anelto.eu\/toode\/kolmikmonitori-kinnitus-rallitooli-komplektile\/\" \/>\n<meta property=\"og:site_name\" content=\"Anelto - t\u00f6\u00f6ruumi efektiivsus\" \/>\n<meta property=\"article:modified_time\" content=\"2021-02-09T15:09:55+00:00\" \/>\n<meta property=\"og:image\" content=\"https:\/\/anelto.eu\/wp-content\/uploads\/2021\/01\/3c0d0160-09dc-46a1-88a5-0b4fc028d98f_500_500.jpg\" \/>\n\t<meta property=\"og:image:width\" content=\"500\" \/>\n\t<meta property=\"og:image:height\" content=\"500\" \/>\n\t<meta property=\"og:image:type\" content=\"image\/jpeg\" \/>\n<meta name=\"twitter:card\" content=\"summary_large_image\" \/>\n<script type=\"application\/ld+json\" class=\"yoast-schema-graph\">{\"@context\":\"https:\/\/schema.org\",\"@graph\":[{\"@type\":\"WebPage\",\"@id\":\"https:\/\/anelto.eu\/toode\/kolmikmonitori-kinnitus-rallitooli-komplektile\/\",\"url\":\"https:\/\/anelto.eu\/toode\/kolmikmonitori-kinnitus-rallitooli-komplektile\/\",\"name\":\"Kolmikmonitori kinnitus rallitooli komplektile - Anelto - t\u00f6\u00f6ruumi efektiivsus\",\"isPartOf\":{\"@id\":\"https:\/\/anelto.eu\/#website\"},\"primaryImageOfPage\":{\"@id\":\"https:\/\/anelto.eu\/toode\/kolmikmonitori-kinnitus-rallitooli-komplektile\/#primaryimage\"},\"image\":{\"@id\":\"https:\/\/anelto.eu\/toode\/kolmikmonitori-kinnitus-rallitooli-komplektile\/#primaryimage\"},\"thumbnailUrl\":\"https:\/\/anelto.eu\/wp-content\/uploads\/2021\/01\/3c0d0160-09dc-46a1-88a5-0b4fc028d98f_500_500.jpg\",\"datePublished\":\"2021-01-27T14:34:42+00:00\",\"dateModified\":\"2021-02-09T15:09:55+00:00\",\"breadcrumb\":{\"@id\":\"https:\/\/anelto.eu\/toode\/kolmikmonitori-kinnitus-rallitooli-komplektile\/#breadcrumb\"},\"inLanguage\":\"en-US\",\"potentialAction\":[{\"@type\":\"ReadAction\",\"target\":[\"https:\/\/anelto.eu\/toode\/kolmikmonitori-kinnitus-rallitooli-komplektile\/\"]}]},{\"@type\":\"ImageObject\",\"inLanguage\":\"en-US\",\"@id\":\"https:\/\/anelto.eu\/toode\/kolmikmonitori-kinnitus-rallitooli-komplektile\/#primaryimage\",\"url\":\"https:\/\/anelto.eu\/wp-content\/uploads\/2021\/01\/3c0d0160-09dc-46a1-88a5-0b4fc028d98f_500_500.jpg\",\"contentUrl\":\"https:\/\/anelto.eu\/wp-content\/uploads\/2021\/01\/3c0d0160-09dc-46a1-88a5-0b4fc028d98f_500_500.jpg\",\"width\":500,\"height\":500},{\"@type\":\"BreadcrumbList\",\"@id\":\"https:\/\/anelto.eu\/toode\/kolmikmonitori-kinnitus-rallitooli-komplektile\/#breadcrumb\",\"itemListElement\":[{\"@type\":\"ListItem\",\"position\":1,\"name\":\"Avaleht\",\"item\":\"https:\/\/anelto.eu\/\"},{\"@type\":\"ListItem\",\"position\":2,\"name\":\"Valdkonnad\",\"item\":\"https:\/\/anelto.eu\/valdkonnad\/\"},{\"@type\":\"ListItem\",\"position\":3,\"name\":\"M\u00e4nguri komplektid\",\"item\":\"https:\/\/anelto.eu\/tootekategooria\/manguri-komplektid\/\"},{\"@type\":\"ListItem\",\"position\":4,\"name\":\"Kolmikmonitori kinnitus rallitooli komplektile\"}]},{\"@type\":\"WebSite\",\"@id\":\"https:\/\/anelto.eu\/#website\",\"url\":\"https:\/\/anelto.eu\/\",\"name\":\"Anelto - t\u00f6\u00f6ruumi efektiivsus\",\"description\":\"Ergonoomiline t\u00f6\u00f6keskkond ja kinnituslahendused!\",\"publisher\":{\"@id\":\"https:\/\/anelto.eu\/#organization\"},\"potentialAction\":[{\"@type\":\"SearchAction\",\"target\":{\"@type\":\"EntryPoint\",\"urlTemplate\":\"https:\/\/anelto.eu\/?s={search_term_string}\"},\"query-input\":{\"@type\":\"PropertyValueSpecification\",\"valueRequired\":true,\"valueName\":\"search_term_string\"}}],\"inLanguage\":\"en-US\"},{\"@type\":\"Organization\",\"@id\":\"https:\/\/anelto.eu\/#organization\",\"name\":\"Anelto\",\"url\":\"https:\/\/anelto.eu\/\",\"logo\":{\"@type\":\"ImageObject\",\"inLanguage\":\"en-US\",\"@id\":\"https:\/\/anelto.eu\/#\/schema\/logo\/image\/\",\"url\":\"https:\/\/anelto.eu\/wp-content\/uploads\/2020\/06\/Picture1.png\",\"contentUrl\":\"https:\/\/anelto.eu\/wp-content\/uploads\/2020\/06\/Picture1.png\",\"width\":615,\"height\":331,\"caption\":\"Anelto\"},\"image\":{\"@id\":\"https:\/\/anelto.eu\/#\/schema\/logo\/image\/\"}}]}<\/script>\n<!-- \/ Yoast SEO plugin. -->","yoast_head_json":{"title":"Kolmikmonitori kinnitus rallitooli komplektile - Anelto - t\u00f6\u00f6ruumi efektiivsus","robots":{"index":"index","follow":"follow","max-snippet":"max-snippet:-1","max-image-preview":"max-image-preview:large","max-video-preview":"max-video-preview:-1"},"canonical":"https:\/\/anelto.eu\/toode\/kolmikmonitori-kinnitus-rallitooli-komplektile\/","og_locale":"en_US","og_type":"article","og_title":"Kolmikmonitori kinnitus rallitooli komplektile - Anelto - t\u00f6\u00f6ruumi efektiivsus","og_description":"Reguleeritav k\u00f5rgus: optimaalse vaateasendi tagamiseks  Vargusvastane lukustusmahhanism: lisaturvalisuse tagamiseks soovimatu vargse eest (vajalik on lisalukk)  P\u00f6\u00f6ratav hoob: pakub mugavamat juhtimist  Muud n\u00e4itajad:   Metallplaadi paksus: kinnitusklamber THK = 1,5 mm k\u00fclmvaltsitud leht (konsoolivarras THK = 0,059 k\u00fclmvaltsitud leht)  Pinna viimistlus: pulberv\u00e4rv  V\u00e4rv: peen tekstuur must  M\u00f5\u00f5tmed: 235x823x760 ~ 1853mm  Sobiv ekraani suurus: 24 \"-32\"  \u00dchilduv VESA: 75x75,100x100,200x100,200x200  Teleri kaal: 10kg  Testitud tugevus: 4 korda l\u00e4bitud  Ekraani kogus: 3  Ekraani p\u00f6\u00f6ramine: 0 \u00b0 ~ + 60 \u00b0  Teleri reguleeritav k\u00f5rgus: jah  K\u00f5rguse vahemik: 50mm  Kaablite haldamine: jah","og_url":"https:\/\/anelto.eu\/toode\/kolmikmonitori-kinnitus-rallitooli-komplektile\/","og_site_name":"Anelto - t\u00f6\u00f6ruumi efektiivsus","article_modified_time":"2021-02-09T15:09:55+00:00","og_image":[{"width":500,"height":500,"url":"https:\/\/anelto.eu\/wp-content\/uploads\/2021\/01\/3c0d0160-09dc-46a1-88a5-0b4fc028d98f_500_500.jpg","type":"image\/jpeg"}],"twitter_card":"summary_large_image","schema":{"@context":"https:\/\/schema.org","@graph":[{"@type":"WebPage","@id":"https:\/\/anelto.eu\/toode\/kolmikmonitori-kinnitus-rallitooli-komplektile\/","url":"https:\/\/anelto.eu\/toode\/kolmikmonitori-kinnitus-rallitooli-komplektile\/","name":"Kolmikmonitori kinnitus rallitooli komplektile - Anelto - t\u00f6\u00f6ruumi efektiivsus","isPartOf":{"@id":"https:\/\/anelto.eu\/#website"},"primaryImageOfPage":{"@id":"https:\/\/anelto.eu\/toode\/kolmikmonitori-kinnitus-rallitooli-komplektile\/#primaryimage"},"image":{"@id":"https:\/\/anelto.eu\/toode\/kolmikmonitori-kinnitus-rallitooli-komplektile\/#primaryimage"},"thumbnailUrl":"https:\/\/anelto.eu\/wp-content\/uploads\/2021\/01\/3c0d0160-09dc-46a1-88a5-0b4fc028d98f_500_500.jpg","datePublished":"2021-01-27T14:34:42+00:00","dateModified":"2021-02-09T15:09:55+00:00","breadcrumb":{"@id":"https:\/\/anelto.eu\/toode\/kolmikmonitori-kinnitus-rallitooli-komplektile\/#breadcrumb"},"inLanguage":"en-US","potentialAction":[{"@type":"ReadAction","target":["https:\/\/anelto.eu\/toode\/kolmikmonitori-kinnitus-rallitooli-komplektile\/"]}]},{"@type":"ImageObject","inLanguage":"en-US","@id":"https:\/\/anelto.eu\/toode\/kolmikmonitori-kinnitus-rallitooli-komplektile\/#primaryimage","url":"https:\/\/anelto.eu\/wp-content\/uploads\/2021\/01\/3c0d0160-09dc-46a1-88a5-0b4fc028d98f_500_500.jpg","contentUrl":"https:\/\/anelto.eu\/wp-content\/uploads\/2021\/01\/3c0d0160-09dc-46a1-88a5-0b4fc028d98f_500_500.jpg","width":500,"height":500},{"@type":"BreadcrumbList","@id":"https:\/\/anelto.eu\/toode\/kolmikmonitori-kinnitus-rallitooli-komplektile\/#breadcrumb","itemListElement":[{"@type":"ListItem","position":1,"name":"Avaleht","item":"https:\/\/anelto.eu\/"},{"@type":"ListItem","position":2,"name":"Valdkonnad","item":"https:\/\/anelto.eu\/valdkonnad\/"},{"@type":"ListItem","position":3,"name":"M\u00e4nguri komplektid","item":"https:\/\/anelto.eu\/tootekategooria\/manguri-komplektid\/"},{"@type":"ListItem","position":4,"name":"Kolmikmonitori kinnitus rallitooli komplektile"}]},{"@type":"WebSite","@id":"https:\/\/anelto.eu\/#website","url":"https:\/\/anelto.eu\/","name":"Anelto - t\u00f6\u00f6ruumi efektiivsus","description":"Ergonoomiline t\u00f6\u00f6keskkond ja kinnituslahendused!","publisher":{"@id":"https:\/\/anelto.eu\/#organization"},"potentialAction":[{"@type":"SearchAction","target":{"@type":"EntryPoint","urlTemplate":"https:\/\/anelto.eu\/?s={search_term_string}"},"query-input":{"@type":"PropertyValueSpecification","valueRequired":true,"valueName":"search_term_string"}}],"inLanguage":"en-US"},{"@type":"Organization","@id":"https:\/\/anelto.eu\/#organization","name":"Anelto","url":"https:\/\/anelto.eu\/","logo":{"@type":"ImageObject","inLanguage":"en-US","@id":"https:\/\/anelto.eu\/#\/schema\/logo\/image\/","url":"https:\/\/anelto.eu\/wp-content\/uploads\/2020\/06\/Picture1.png","contentUrl":"https:\/\/anelto.eu\/wp-content\/uploads\/2020\/06\/Picture1.png","width":615,"height":331,"caption":"Anelto"},"image":{"@id":"https:\/\/anelto.eu\/#\/schema\/logo\/image\/"}}]}},"_links":{"self":[{"href":"https:\/\/anelto.eu\/en\/wp-json\/wp\/v2\/product\/3203","targetHints":{"allow":["GET"]}}],"collection":[{"href":"https:\/\/anelto.eu\/en\/wp-json\/wp\/v2\/product"}],"about":[{"href":"https:\/\/anelto.eu\/en\/wp-json\/wp\/v2\/types\/product"}],"replies":[{"embeddable":true,"href":"https:\/\/anelto.eu\/en\/wp-json\/wp\/v2\/comments?post=3203"}],"wp:featuredmedia":[{"embeddable":true,"href":"https:\/\/anelto.eu\/en\/wp-json\/wp\/v2\/media\/3204"}],"wp:attachment":[{"href":"https:\/\/anelto.eu\/en\/wp-json\/wp\/v2\/media?parent=3203"}],"wp:term":[{"taxonomy":"product_cat","embeddable":true,"href":"https:\/\/anelto.eu\/en\/wp-json\/wp\/v2\/product_cat?post=3203"},{"taxonomy":"product_tag","embeddable":true,"href":"https:\/\/anelto.eu\/en\/wp-json\/wp\/v2\/product_tag?post=3203"}],"curies":[{"name":"wp","href":"https:\/\/api.w.org\/{rel}","templated":true}]}}