{"id":3020,"date":"2021-01-24T18:30:05","date_gmt":"2021-01-24T18:30:05","guid":{"rendered":"https:\/\/anelto.eu\/?post_type=product&#038;p=3020"},"modified":"2021-01-25T11:38:32","modified_gmt":"2021-01-25T11:38:32","slug":"ohukesest-alumiiniumist-uhe-monitori-lauakinnitus-17-32-2xusb-3-0-port","status":"publish","type":"product","link":"https:\/\/anelto.eu\/en\/toode\/ohukesest-alumiiniumist-uhe-monitori-lauakinnitus-17-32-2xusb-3-0-port\/","title":{"rendered":"Kergest alumiiniumist \u00fche monitori lauakinnitus (17&#8243;-32&#8243;) &#8211; 2xUSB 3.0 Port"},"content":{"rendered":"","protected":false},"excerpt":{"rendered":"<p>Sobiv toode, kui soovid \u00fchendada \u00fche monitori kiirkinnituse abil.<\/p>\n<p>\u25cf Eemaldatav VESA monitorikinnitus, v\u00f5imaldab h\u00f5lpsat paigaldamist<br \/>\n\u25cf Sisseehitatud vedru pingutuskontroll tagab t\u00e4iusliku kaalukontrolli<br \/>\n\u25cf Pingutusindikaator, kui kinnitust kasutatakse erinevate suurustega monitoridega<br \/>\n\u25cf Integreeritud 180\u00b0 p\u00f6\u00f6rlemislukk, mis takistab monitorivarre p\u00f5rkumist seintega v\u00f5i teiste monitoridega<br \/>\n\u25cf Sisseehitatud kaablihaldus aitab korrastada kaablite paigaldamist, et t\u00f6\u00f6koht oleks organiseeritud.<br \/>\n\u25cf Sobib ekraani suurus: 17 &#8220;- 32&#8221;, monitorid kaaluga 2-9 kg<\/p>\n<p>Muud n\u00e4itajad:<\/p>\n<p>VESA \u00fchilduvus 75&#215;75,100&#215;100<br \/>\nKallutusvahemik: + 40 \u00b0 ~ -40 \u00b0<br \/>\nP\u00f6\u00f6rdevahemik: + 90 \u00b0 ~ -90 \u00b0<br \/>\nEkraani p\u00f6\u00f6ramine: + 180 \u00b0 ~ -180 \u00b0<br \/>\nK\u00e4e t\u00e4ispikendus: 479mm<br \/>\n2xUSB 3.0 Port<\/p>\n<p>&nbsp;<\/p>\n<p style=\"text-align: center;\"><img loading=\"lazy\" decoding=\"async\" class=\"alignnone size-medium wp-image-2558\" src=\"https:\/\/anelto.eu\/wp-content\/uploads\/2020\/12\/weffy_logo-300x130.png\" alt=\"\" width=\"300\" height=\"130\" \/><\/p>\n","protected":false},"featured_media":3021,"comment_status":"closed","ping_status":"closed","template":"","meta":{"_acf_changed":false},"product_cat":[83],"product_tag":[],"class_list":{"0":"post-3020","1":"product","2":"type-product","3":"status-publish","4":"has-post-thumbnail","6":"product_cat-monitoride-kinnituskaed","8":"first","9":"instock","10":"shipping-taxable","11":"product-type-simple"},"acf":[],"yoast_head":"<!-- This site is optimized with the Yoast SEO plugin v23.9 - https:\/\/yoast.com\/wordpress\/plugins\/seo\/ -->\n<title>Kergest alumiiniumist \u00fche monitori lauakinnitus (17&quot;-32&quot;) - 2xUSB 3.0 Port - Anelto - t\u00f6\u00f6ruumi efektiivsus<\/title>\n<meta name=\"robots\" content=\"index, follow, max-snippet:-1, max-image-preview:large, max-video-preview:-1\" \/>\n<link rel=\"canonical\" href=\"https:\/\/anelto.eu\/toode\/ohukesest-alumiiniumist-uhe-monitori-lauakinnitus-17-32-2xusb-3-0-port\/\" \/>\n<meta property=\"og:locale\" content=\"en_US\" \/>\n<meta property=\"og:type\" content=\"article\" \/>\n<meta property=\"og:title\" content=\"Kergest alumiiniumist \u00fche monitori lauakinnitus (17&quot;-32&quot;) - 2xUSB 3.0 Port - Anelto - t\u00f6\u00f6ruumi efektiivsus\" \/>\n<meta property=\"og:description\" content=\"Sobiv toode, kui soovid \u00fchendada \u00fche monitori kiirkinnituse abil.  \u25cf Eemaldatav VESA monitorikinnitus, v\u00f5imaldab h\u00f5lpsat paigaldamist \u25cf Sisseehitatud vedru pingutuskontroll tagab t\u00e4iusliku kaalukontrolli \u25cf Pingutusindikaator, kui kinnitust kasutatakse erinevate suurustega monitoridega \u25cf Integreeritud 180\u00b0 p\u00f6\u00f6rlemislukk, mis takistab monitorivarre p\u00f5rkumist seintega v\u00f5i teiste monitoridega \u25cf Sisseehitatud kaablihaldus aitab korrastada kaablite paigaldamist, et t\u00f6\u00f6koht oleks organiseeritud. \u25cf Sobib ekraani suurus: 17 &quot;- 32&quot;, monitorid kaaluga 2-9 kg  Muud n\u00e4itajad:  VESA \u00fchilduvus 75x75,100x100 Kallutusvahemik: + 40 \u00b0 ~ -40 \u00b0 P\u00f6\u00f6rdevahemik: + 90 \u00b0 ~ -90 \u00b0 Ekraani p\u00f6\u00f6ramine: + 180 \u00b0 ~ -180 \u00b0 K\u00e4e t\u00e4ispikendus: 479mm 2xUSB 3.0 Port  &nbsp;\" \/>\n<meta property=\"og:url\" content=\"https:\/\/anelto.eu\/toode\/ohukesest-alumiiniumist-uhe-monitori-lauakinnitus-17-32-2xusb-3-0-port\/\" \/>\n<meta property=\"og:site_name\" content=\"Anelto - t\u00f6\u00f6ruumi efektiivsus\" \/>\n<meta property=\"article:modified_time\" content=\"2021-01-25T11:38:32+00:00\" \/>\n<meta property=\"og:image\" content=\"https:\/\/anelto.eu\/wp-content\/uploads\/2021\/01\/73350d28-7621-44a4-8c30-9db836fc3910_500_500.jpg\" \/>\n\t<meta property=\"og:image:width\" content=\"500\" \/>\n\t<meta property=\"og:image:height\" content=\"500\" \/>\n\t<meta property=\"og:image:type\" content=\"image\/jpeg\" \/>\n<meta name=\"twitter:card\" content=\"summary_large_image\" \/>\n<script type=\"application\/ld+json\" class=\"yoast-schema-graph\">{\"@context\":\"https:\/\/schema.org\",\"@graph\":[{\"@type\":\"WebPage\",\"@id\":\"https:\/\/anelto.eu\/toode\/ohukesest-alumiiniumist-uhe-monitori-lauakinnitus-17-32-2xusb-3-0-port\/\",\"url\":\"https:\/\/anelto.eu\/toode\/ohukesest-alumiiniumist-uhe-monitori-lauakinnitus-17-32-2xusb-3-0-port\/\",\"name\":\"Kergest alumiiniumist \u00fche monitori lauakinnitus (17\\\"-32\\\") - 2xUSB 3.0 Port - Anelto - t\u00f6\u00f6ruumi efektiivsus\",\"isPartOf\":{\"@id\":\"https:\/\/anelto.eu\/#website\"},\"primaryImageOfPage\":{\"@id\":\"https:\/\/anelto.eu\/toode\/ohukesest-alumiiniumist-uhe-monitori-lauakinnitus-17-32-2xusb-3-0-port\/#primaryimage\"},\"image\":{\"@id\":\"https:\/\/anelto.eu\/toode\/ohukesest-alumiiniumist-uhe-monitori-lauakinnitus-17-32-2xusb-3-0-port\/#primaryimage\"},\"thumbnailUrl\":\"https:\/\/anelto.eu\/wp-content\/uploads\/2021\/01\/73350d28-7621-44a4-8c30-9db836fc3910_500_500.jpg\",\"datePublished\":\"2021-01-24T18:30:05+00:00\",\"dateModified\":\"2021-01-25T11:38:32+00:00\",\"breadcrumb\":{\"@id\":\"https:\/\/anelto.eu\/toode\/ohukesest-alumiiniumist-uhe-monitori-lauakinnitus-17-32-2xusb-3-0-port\/#breadcrumb\"},\"inLanguage\":\"en-US\",\"potentialAction\":[{\"@type\":\"ReadAction\",\"target\":[\"https:\/\/anelto.eu\/toode\/ohukesest-alumiiniumist-uhe-monitori-lauakinnitus-17-32-2xusb-3-0-port\/\"]}]},{\"@type\":\"ImageObject\",\"inLanguage\":\"en-US\",\"@id\":\"https:\/\/anelto.eu\/toode\/ohukesest-alumiiniumist-uhe-monitori-lauakinnitus-17-32-2xusb-3-0-port\/#primaryimage\",\"url\":\"https:\/\/anelto.eu\/wp-content\/uploads\/2021\/01\/73350d28-7621-44a4-8c30-9db836fc3910_500_500.jpg\",\"contentUrl\":\"https:\/\/anelto.eu\/wp-content\/uploads\/2021\/01\/73350d28-7621-44a4-8c30-9db836fc3910_500_500.jpg\",\"width\":500,\"height\":500},{\"@type\":\"BreadcrumbList\",\"@id\":\"https:\/\/anelto.eu\/toode\/ohukesest-alumiiniumist-uhe-monitori-lauakinnitus-17-32-2xusb-3-0-port\/#breadcrumb\",\"itemListElement\":[{\"@type\":\"ListItem\",\"position\":1,\"name\":\"Avaleht\",\"item\":\"https:\/\/anelto.eu\/\"},{\"@type\":\"ListItem\",\"position\":2,\"name\":\"Valdkonnad\",\"item\":\"https:\/\/anelto.eu\/valdkonnad\/\"},{\"@type\":\"ListItem\",\"position\":3,\"name\":\"Monitoride kinnitusk\u00e4ed\",\"item\":\"https:\/\/anelto.eu\/tootekategooria\/monitoride-kinnituskaed\/\"},{\"@type\":\"ListItem\",\"position\":4,\"name\":\"Kergest alumiiniumist \u00fche monitori lauakinnitus (17&#8243;-32&#8243;) &#8211; 2xUSB 3.0 Port\"}]},{\"@type\":\"WebSite\",\"@id\":\"https:\/\/anelto.eu\/#website\",\"url\":\"https:\/\/anelto.eu\/\",\"name\":\"Anelto - t\u00f6\u00f6ruumi efektiivsus\",\"description\":\"Ergonoomiline t\u00f6\u00f6keskkond ja kinnituslahendused!\",\"publisher\":{\"@id\":\"https:\/\/anelto.eu\/#organization\"},\"potentialAction\":[{\"@type\":\"SearchAction\",\"target\":{\"@type\":\"EntryPoint\",\"urlTemplate\":\"https:\/\/anelto.eu\/?s={search_term_string}\"},\"query-input\":{\"@type\":\"PropertyValueSpecification\",\"valueRequired\":true,\"valueName\":\"search_term_string\"}}],\"inLanguage\":\"en-US\"},{\"@type\":\"Organization\",\"@id\":\"https:\/\/anelto.eu\/#organization\",\"name\":\"Anelto\",\"url\":\"https:\/\/anelto.eu\/\",\"logo\":{\"@type\":\"ImageObject\",\"inLanguage\":\"en-US\",\"@id\":\"https:\/\/anelto.eu\/#\/schema\/logo\/image\/\",\"url\":\"https:\/\/anelto.eu\/wp-content\/uploads\/2020\/06\/Picture1.png\",\"contentUrl\":\"https:\/\/anelto.eu\/wp-content\/uploads\/2020\/06\/Picture1.png\",\"width\":615,\"height\":331,\"caption\":\"Anelto\"},\"image\":{\"@id\":\"https:\/\/anelto.eu\/#\/schema\/logo\/image\/\"}}]}<\/script>\n<!-- \/ Yoast SEO plugin. -->","yoast_head_json":{"title":"Kergest alumiiniumist \u00fche monitori lauakinnitus (17\"-32\") - 2xUSB 3.0 Port - Anelto - t\u00f6\u00f6ruumi efektiivsus","robots":{"index":"index","follow":"follow","max-snippet":"max-snippet:-1","max-image-preview":"max-image-preview:large","max-video-preview":"max-video-preview:-1"},"canonical":"https:\/\/anelto.eu\/toode\/ohukesest-alumiiniumist-uhe-monitori-lauakinnitus-17-32-2xusb-3-0-port\/","og_locale":"en_US","og_type":"article","og_title":"Kergest alumiiniumist \u00fche monitori lauakinnitus (17\"-32\") - 2xUSB 3.0 Port - Anelto - t\u00f6\u00f6ruumi efektiivsus","og_description":"Sobiv toode, kui soovid \u00fchendada \u00fche monitori kiirkinnituse abil.  \u25cf Eemaldatav VESA monitorikinnitus, v\u00f5imaldab h\u00f5lpsat paigaldamist \u25cf Sisseehitatud vedru pingutuskontroll tagab t\u00e4iusliku kaalukontrolli \u25cf Pingutusindikaator, kui kinnitust kasutatakse erinevate suurustega monitoridega \u25cf Integreeritud 180\u00b0 p\u00f6\u00f6rlemislukk, mis takistab monitorivarre p\u00f5rkumist seintega v\u00f5i teiste monitoridega \u25cf Sisseehitatud kaablihaldus aitab korrastada kaablite paigaldamist, et t\u00f6\u00f6koht oleks organiseeritud. \u25cf Sobib ekraani suurus: 17 \"- 32\", monitorid kaaluga 2-9 kg  Muud n\u00e4itajad:  VESA \u00fchilduvus 75x75,100x100 Kallutusvahemik: + 40 \u00b0 ~ -40 \u00b0 P\u00f6\u00f6rdevahemik: + 90 \u00b0 ~ -90 \u00b0 Ekraani p\u00f6\u00f6ramine: + 180 \u00b0 ~ -180 \u00b0 K\u00e4e t\u00e4ispikendus: 479mm 2xUSB 3.0 Port  &nbsp;","og_url":"https:\/\/anelto.eu\/toode\/ohukesest-alumiiniumist-uhe-monitori-lauakinnitus-17-32-2xusb-3-0-port\/","og_site_name":"Anelto - t\u00f6\u00f6ruumi efektiivsus","article_modified_time":"2021-01-25T11:38:32+00:00","og_image":[{"width":500,"height":500,"url":"https:\/\/anelto.eu\/wp-content\/uploads\/2021\/01\/73350d28-7621-44a4-8c30-9db836fc3910_500_500.jpg","type":"image\/jpeg"}],"twitter_card":"summary_large_image","schema":{"@context":"https:\/\/schema.org","@graph":[{"@type":"WebPage","@id":"https:\/\/anelto.eu\/toode\/ohukesest-alumiiniumist-uhe-monitori-lauakinnitus-17-32-2xusb-3-0-port\/","url":"https:\/\/anelto.eu\/toode\/ohukesest-alumiiniumist-uhe-monitori-lauakinnitus-17-32-2xusb-3-0-port\/","name":"Kergest alumiiniumist \u00fche monitori lauakinnitus (17\"-32\") - 2xUSB 3.0 Port - Anelto - t\u00f6\u00f6ruumi efektiivsus","isPartOf":{"@id":"https:\/\/anelto.eu\/#website"},"primaryImageOfPage":{"@id":"https:\/\/anelto.eu\/toode\/ohukesest-alumiiniumist-uhe-monitori-lauakinnitus-17-32-2xusb-3-0-port\/#primaryimage"},"image":{"@id":"https:\/\/anelto.eu\/toode\/ohukesest-alumiiniumist-uhe-monitori-lauakinnitus-17-32-2xusb-3-0-port\/#primaryimage"},"thumbnailUrl":"https:\/\/anelto.eu\/wp-content\/uploads\/2021\/01\/73350d28-7621-44a4-8c30-9db836fc3910_500_500.jpg","datePublished":"2021-01-24T18:30:05+00:00","dateModified":"2021-01-25T11:38:32+00:00","breadcrumb":{"@id":"https:\/\/anelto.eu\/toode\/ohukesest-alumiiniumist-uhe-monitori-lauakinnitus-17-32-2xusb-3-0-port\/#breadcrumb"},"inLanguage":"en-US","potentialAction":[{"@type":"ReadAction","target":["https:\/\/anelto.eu\/toode\/ohukesest-alumiiniumist-uhe-monitori-lauakinnitus-17-32-2xusb-3-0-port\/"]}]},{"@type":"ImageObject","inLanguage":"en-US","@id":"https:\/\/anelto.eu\/toode\/ohukesest-alumiiniumist-uhe-monitori-lauakinnitus-17-32-2xusb-3-0-port\/#primaryimage","url":"https:\/\/anelto.eu\/wp-content\/uploads\/2021\/01\/73350d28-7621-44a4-8c30-9db836fc3910_500_500.jpg","contentUrl":"https:\/\/anelto.eu\/wp-content\/uploads\/2021\/01\/73350d28-7621-44a4-8c30-9db836fc3910_500_500.jpg","width":500,"height":500},{"@type":"BreadcrumbList","@id":"https:\/\/anelto.eu\/toode\/ohukesest-alumiiniumist-uhe-monitori-lauakinnitus-17-32-2xusb-3-0-port\/#breadcrumb","itemListElement":[{"@type":"ListItem","position":1,"name":"Avaleht","item":"https:\/\/anelto.eu\/"},{"@type":"ListItem","position":2,"name":"Valdkonnad","item":"https:\/\/anelto.eu\/valdkonnad\/"},{"@type":"ListItem","position":3,"name":"Monitoride kinnitusk\u00e4ed","item":"https:\/\/anelto.eu\/tootekategooria\/monitoride-kinnituskaed\/"},{"@type":"ListItem","position":4,"name":"Kergest alumiiniumist \u00fche monitori lauakinnitus (17&#8243;-32&#8243;) &#8211; 2xUSB 3.0 Port"}]},{"@type":"WebSite","@id":"https:\/\/anelto.eu\/#website","url":"https:\/\/anelto.eu\/","name":"Anelto - t\u00f6\u00f6ruumi efektiivsus","description":"Ergonoomiline t\u00f6\u00f6keskkond ja kinnituslahendused!","publisher":{"@id":"https:\/\/anelto.eu\/#organization"},"potentialAction":[{"@type":"SearchAction","target":{"@type":"EntryPoint","urlTemplate":"https:\/\/anelto.eu\/?s={search_term_string}"},"query-input":{"@type":"PropertyValueSpecification","valueRequired":true,"valueName":"search_term_string"}}],"inLanguage":"en-US"},{"@type":"Organization","@id":"https:\/\/anelto.eu\/#organization","name":"Anelto","url":"https:\/\/anelto.eu\/","logo":{"@type":"ImageObject","inLanguage":"en-US","@id":"https:\/\/anelto.eu\/#\/schema\/logo\/image\/","url":"https:\/\/anelto.eu\/wp-content\/uploads\/2020\/06\/Picture1.png","contentUrl":"https:\/\/anelto.eu\/wp-content\/uploads\/2020\/06\/Picture1.png","width":615,"height":331,"caption":"Anelto"},"image":{"@id":"https:\/\/anelto.eu\/#\/schema\/logo\/image\/"}}]}},"_links":{"self":[{"href":"https:\/\/anelto.eu\/en\/wp-json\/wp\/v2\/product\/3020","targetHints":{"allow":["GET"]}}],"collection":[{"href":"https:\/\/anelto.eu\/en\/wp-json\/wp\/v2\/product"}],"about":[{"href":"https:\/\/anelto.eu\/en\/wp-json\/wp\/v2\/types\/product"}],"replies":[{"embeddable":true,"href":"https:\/\/anelto.eu\/en\/wp-json\/wp\/v2\/comments?post=3020"}],"wp:featuredmedia":[{"embeddable":true,"href":"https:\/\/anelto.eu\/en\/wp-json\/wp\/v2\/media\/3021"}],"wp:attachment":[{"href":"https:\/\/anelto.eu\/en\/wp-json\/wp\/v2\/media?parent=3020"}],"wp:term":[{"taxonomy":"product_cat","embeddable":true,"href":"https:\/\/anelto.eu\/en\/wp-json\/wp\/v2\/product_cat?post=3020"},{"taxonomy":"product_tag","embeddable":true,"href":"https:\/\/anelto.eu\/en\/wp-json\/wp\/v2\/product_tag?post=3020"}],"curies":[{"name":"wp","href":"https:\/\/api.w.org\/{rel}","templated":true}]}}