{"id":2901,"date":"2021-01-23T23:31:12","date_gmt":"2021-01-23T23:31:12","guid":{"rendered":"https:\/\/anelto.eu\/?post_type=product&#038;p=2901"},"modified":"2021-02-09T15:28:57","modified_gmt":"2021-02-09T15:28:57","slug":"nurgakujuline-120-kolme-mootoriga-elektriliselt-reguleeritava-korgusega-laud","status":"publish","type":"product","link":"https:\/\/anelto.eu\/en\/toode\/nurgakujuline-120-kolme-mootoriga-elektriliselt-reguleeritava-korgusega-laud\/","title":{"rendered":"Kolme mootoriga, nurgakujuline (120\u00b0), elektrilise t\u00f6\u00f6laua raam"},"content":{"rendered":"","protected":false},"excerpt":{"rendered":"<p><strong>Nurgakujuline (120\u00b0), kolme mootori ja kolme jalaga elektriliselt reguleeritava k\u00f5rgusega laud<\/strong><\/p>\n<ul>\n<li>Reguleeritav laiuses (1160-1860mm)<\/li>\n<li>Mootorid on kaitstud \u00fclekoormuse kaitse vastu turvalisuse ja t\u00f6\u00f6kindluse tarbeks<\/li>\n<li>Programmeeritav k\u00f5rguste vahenik, et kaitsta objekte laua \u00fcmber, n\u00e4iteks kapp laua all v\u00f5i pilt laua kohal<\/li>\n<li>Kokkupaneku aega v\u00e4hendab raamide spetsiaalne disain<\/li>\n<li>Digitaalne LED m\u00e4lukontroller personaalseteks seadistusteks<\/li>\n<li>Programmeeritav kokkup\u00f5rke v\u00e4ltimise s\u00fcsteem, et tuvastada paremini pehmed ja k\u00f5vad materjalid liikumisteel<\/li>\n<li>Kolmeastmelised jalad tagavad suurema paindlikkuse k\u00f5rguse seadistamisel<\/li>\n<\/ul>\n<p><span style=\"text-decoration: underline;\">Muud n\u00e4itajad:<\/span><\/p>\n<ul>\n<li>M\u00f5\u00f5tmed: 1160~1860 x 1160~1860 x 620~1280mm<\/li>\n<li>Raamide kuju: ruut<\/li>\n<li>Soovitatav lauaplaadi m\u00f5\u00f5dud: (1100~2200\uff09x\uff08700~1000\uff09x\u00a0 (\u226525)\u00a0 mm<\/li>\n<li>Kandej\u00f5ud: 150kg<\/li>\n<li>Laiusvahemik: 1160~1860mm (m\u00f5lemast laua osast)<\/li>\n<li>K\u00f5rgusvahemik: 620~1280mm<\/li>\n<li>Kandejala suuna valik: alt \u00fcles v\u00f5i \u00fclalt alla<\/li>\n<li>Kandejalgade asmeid: kolm<\/li>\n<li>Kandejalgade astmete m\u00f5\u00f5tmed: 60&#215;60, 65&#215;65, 70&#215;70 mm<\/li>\n<li>Kandejalgade arv: 3<\/li>\n<li>Raami v\u00e4rvivalik: must, valge, hall<\/li>\n<li>Toide: 100~240V<\/li>\n<li>Toitekaabli pikkus: 3m<\/li>\n<li>Maksimaalne kiirus: 38mm\/s<\/li>\n<li>Kontrolleri t\u00fc\u00fcp: nuppudega<\/li>\n<li>Aja meeldetuletusj laspselukk: Jah<\/li>\n<li>Soovitatav kasutustemperatuur: -5\u2103~40\u2103<\/li>\n<li>IP kindlus: IP20<\/li>\n<li>Sertifikaadid: CB AS\/NZS ,CE,FCC<\/li>\n<\/ul>\n<p><img loading=\"lazy\" decoding=\"async\" class=\"size-full wp-image-4106 aligncenter\" src=\"https:\/\/anelto.eu\/wp-content\/uploads\/2021\/02\/weffy_logo-300x130-1.png\" alt=\"\" width=\"300\" height=\"130\" \/><\/p>\n","protected":false},"featured_media":2904,"comment_status":"closed","ping_status":"closed","template":"","meta":{"_acf_changed":false},"product_cat":[63],"product_tag":[],"class_list":{"0":"post-2901","1":"product","2":"type-product","3":"status-publish","4":"has-post-thumbnail","6":"product_cat-istumis-seismislauad","8":"first","9":"instock","10":"shipping-taxable","11":"product-type-simple"},"acf":[],"yoast_head":"<!-- This site is optimized with the Yoast SEO plugin v23.9 - https:\/\/yoast.com\/wordpress\/plugins\/seo\/ -->\n<title>Kolme mootoriga, nurgakujuline (120\u00b0), elektrilise t\u00f6\u00f6laua raam - Anelto - t\u00f6\u00f6ruumi efektiivsus<\/title>\n<meta name=\"robots\" content=\"index, follow, max-snippet:-1, max-image-preview:large, max-video-preview:-1\" \/>\n<link rel=\"canonical\" href=\"https:\/\/anelto.eu\/toode\/nurgakujuline-120-kolme-mootoriga-elektriliselt-reguleeritava-korgusega-laud\/\" \/>\n<meta property=\"og:locale\" content=\"en_US\" \/>\n<meta property=\"og:type\" content=\"article\" \/>\n<meta property=\"og:title\" content=\"Kolme mootoriga, nurgakujuline (120\u00b0), elektrilise t\u00f6\u00f6laua raam - Anelto - t\u00f6\u00f6ruumi efektiivsus\" \/>\n<meta property=\"og:description\" content=\"Nurgakujuline (120\u00b0), kolme mootori ja kolme jalaga elektriliselt reguleeritava k\u00f5rgusega laud   Reguleeritav laiuses (1160-1860mm)  Mootorid on kaitstud \u00fclekoormuse kaitse vastu turvalisuse ja t\u00f6\u00f6kindluse tarbeks  Programmeeritav k\u00f5rguste vahenik, et kaitsta objekte laua \u00fcmber, n\u00e4iteks kapp laua all v\u00f5i pilt laua kohal  Kokkupaneku aega v\u00e4hendab raamide spetsiaalne disain  Digitaalne LED m\u00e4lukontroller personaalseteks seadistusteks  Programmeeritav kokkup\u00f5rke v\u00e4ltimise s\u00fcsteem, et tuvastada paremini pehmed ja k\u00f5vad materjalid liikumisteel  Kolmeastmelised jalad tagavad suurema paindlikkuse k\u00f5rguse seadistamisel  Muud n\u00e4itajad:   M\u00f5\u00f5tmed: 1160~1860 x 1160~1860 x 620~1280mm  Raamide kuju: ruut  Soovitatav lauaplaadi m\u00f5\u00f5dud: (1100~2200\uff09x\uff08700~1000\uff09x\u00a0 (\u226525)\u00a0 mm  Kandej\u00f5ud: 150kg  Laiusvahemik: 1160~1860mm (m\u00f5lemast laua osast)  K\u00f5rgusvahemik: 620~1280mm  Kandejala suuna valik: alt \u00fcles v\u00f5i \u00fclalt alla  Kandejalgade asmeid: kolm  Kandejalgade astmete m\u00f5\u00f5tmed: 60x60, 65x65, 70x70 mm  Kandejalgade arv: 3  Raami v\u00e4rvivalik: must, valge, hall  Toide: 100~240V  Toitekaabli pikkus: 3m  Maksimaalne kiirus: 38mm\/s  Kontrolleri t\u00fc\u00fcp: nuppudega  Aja meeldetuletusj laspselukk: Jah  Soovitatav kasutustemperatuur: -5\u2103~40\u2103  IP kindlus: IP20  Sertifikaadid: CB AS\/NZS ,CE,FCC\" \/>\n<meta property=\"og:url\" content=\"https:\/\/anelto.eu\/toode\/nurgakujuline-120-kolme-mootoriga-elektriliselt-reguleeritava-korgusega-laud\/\" \/>\n<meta property=\"og:site_name\" content=\"Anelto - t\u00f6\u00f6ruumi efektiivsus\" \/>\n<meta property=\"article:modified_time\" content=\"2021-02-09T15:28:57+00:00\" \/>\n<meta property=\"og:image\" content=\"https:\/\/anelto.eu\/wp-content\/uploads\/2021\/01\/5012f682-4886-49e7-88d7-b55960261048_500_500.jpg\" \/>\n\t<meta property=\"og:image:width\" content=\"500\" \/>\n\t<meta property=\"og:image:height\" content=\"500\" \/>\n\t<meta property=\"og:image:type\" content=\"image\/jpeg\" \/>\n<meta name=\"twitter:card\" content=\"summary_large_image\" \/>\n<script type=\"application\/ld+json\" class=\"yoast-schema-graph\">{\"@context\":\"https:\/\/schema.org\",\"@graph\":[{\"@type\":\"WebPage\",\"@id\":\"https:\/\/anelto.eu\/toode\/nurgakujuline-120-kolme-mootoriga-elektriliselt-reguleeritava-korgusega-laud\/\",\"url\":\"https:\/\/anelto.eu\/toode\/nurgakujuline-120-kolme-mootoriga-elektriliselt-reguleeritava-korgusega-laud\/\",\"name\":\"Kolme mootoriga, nurgakujuline (120\u00b0), elektrilise t\u00f6\u00f6laua raam - Anelto - t\u00f6\u00f6ruumi efektiivsus\",\"isPartOf\":{\"@id\":\"https:\/\/anelto.eu\/#website\"},\"primaryImageOfPage\":{\"@id\":\"https:\/\/anelto.eu\/toode\/nurgakujuline-120-kolme-mootoriga-elektriliselt-reguleeritava-korgusega-laud\/#primaryimage\"},\"image\":{\"@id\":\"https:\/\/anelto.eu\/toode\/nurgakujuline-120-kolme-mootoriga-elektriliselt-reguleeritava-korgusega-laud\/#primaryimage\"},\"thumbnailUrl\":\"https:\/\/anelto.eu\/wp-content\/uploads\/2021\/01\/5012f682-4886-49e7-88d7-b55960261048_500_500.jpg\",\"datePublished\":\"2021-01-23T23:31:12+00:00\",\"dateModified\":\"2021-02-09T15:28:57+00:00\",\"breadcrumb\":{\"@id\":\"https:\/\/anelto.eu\/toode\/nurgakujuline-120-kolme-mootoriga-elektriliselt-reguleeritava-korgusega-laud\/#breadcrumb\"},\"inLanguage\":\"en-US\",\"potentialAction\":[{\"@type\":\"ReadAction\",\"target\":[\"https:\/\/anelto.eu\/toode\/nurgakujuline-120-kolme-mootoriga-elektriliselt-reguleeritava-korgusega-laud\/\"]}]},{\"@type\":\"ImageObject\",\"inLanguage\":\"en-US\",\"@id\":\"https:\/\/anelto.eu\/toode\/nurgakujuline-120-kolme-mootoriga-elektriliselt-reguleeritava-korgusega-laud\/#primaryimage\",\"url\":\"https:\/\/anelto.eu\/wp-content\/uploads\/2021\/01\/5012f682-4886-49e7-88d7-b55960261048_500_500.jpg\",\"contentUrl\":\"https:\/\/anelto.eu\/wp-content\/uploads\/2021\/01\/5012f682-4886-49e7-88d7-b55960261048_500_500.jpg\",\"width\":500,\"height\":500},{\"@type\":\"BreadcrumbList\",\"@id\":\"https:\/\/anelto.eu\/toode\/nurgakujuline-120-kolme-mootoriga-elektriliselt-reguleeritava-korgusega-laud\/#breadcrumb\",\"itemListElement\":[{\"@type\":\"ListItem\",\"position\":1,\"name\":\"Avaleht\",\"item\":\"https:\/\/anelto.eu\/\"},{\"@type\":\"ListItem\",\"position\":2,\"name\":\"Valdkonnad\",\"item\":\"https:\/\/anelto.eu\/valdkonnad\/\"},{\"@type\":\"ListItem\",\"position\":3,\"name\":\"Istumis- ja seismislauad\",\"item\":\"https:\/\/anelto.eu\/tootekategooria\/istumis-seismislauad\/\"},{\"@type\":\"ListItem\",\"position\":4,\"name\":\"Kolme mootoriga, nurgakujuline (120\u00b0), elektrilise t\u00f6\u00f6laua raam\"}]},{\"@type\":\"WebSite\",\"@id\":\"https:\/\/anelto.eu\/#website\",\"url\":\"https:\/\/anelto.eu\/\",\"name\":\"Anelto - t\u00f6\u00f6ruumi efektiivsus\",\"description\":\"Ergonoomiline t\u00f6\u00f6keskkond ja kinnituslahendused!\",\"publisher\":{\"@id\":\"https:\/\/anelto.eu\/#organization\"},\"potentialAction\":[{\"@type\":\"SearchAction\",\"target\":{\"@type\":\"EntryPoint\",\"urlTemplate\":\"https:\/\/anelto.eu\/?s={search_term_string}\"},\"query-input\":{\"@type\":\"PropertyValueSpecification\",\"valueRequired\":true,\"valueName\":\"search_term_string\"}}],\"inLanguage\":\"en-US\"},{\"@type\":\"Organization\",\"@id\":\"https:\/\/anelto.eu\/#organization\",\"name\":\"Anelto\",\"url\":\"https:\/\/anelto.eu\/\",\"logo\":{\"@type\":\"ImageObject\",\"inLanguage\":\"en-US\",\"@id\":\"https:\/\/anelto.eu\/#\/schema\/logo\/image\/\",\"url\":\"https:\/\/anelto.eu\/wp-content\/uploads\/2020\/06\/Picture1.png\",\"contentUrl\":\"https:\/\/anelto.eu\/wp-content\/uploads\/2020\/06\/Picture1.png\",\"width\":615,\"height\":331,\"caption\":\"Anelto\"},\"image\":{\"@id\":\"https:\/\/anelto.eu\/#\/schema\/logo\/image\/\"}}]}<\/script>\n<!-- \/ Yoast SEO plugin. -->","yoast_head_json":{"title":"Kolme mootoriga, nurgakujuline (120\u00b0), elektrilise t\u00f6\u00f6laua raam - Anelto - t\u00f6\u00f6ruumi efektiivsus","robots":{"index":"index","follow":"follow","max-snippet":"max-snippet:-1","max-image-preview":"max-image-preview:large","max-video-preview":"max-video-preview:-1"},"canonical":"https:\/\/anelto.eu\/toode\/nurgakujuline-120-kolme-mootoriga-elektriliselt-reguleeritava-korgusega-laud\/","og_locale":"en_US","og_type":"article","og_title":"Kolme mootoriga, nurgakujuline (120\u00b0), elektrilise t\u00f6\u00f6laua raam - Anelto - t\u00f6\u00f6ruumi efektiivsus","og_description":"Nurgakujuline (120\u00b0), kolme mootori ja kolme jalaga elektriliselt reguleeritava k\u00f5rgusega laud   Reguleeritav laiuses (1160-1860mm)  Mootorid on kaitstud \u00fclekoormuse kaitse vastu turvalisuse ja t\u00f6\u00f6kindluse tarbeks  Programmeeritav k\u00f5rguste vahenik, et kaitsta objekte laua \u00fcmber, n\u00e4iteks kapp laua all v\u00f5i pilt laua kohal  Kokkupaneku aega v\u00e4hendab raamide spetsiaalne disain  Digitaalne LED m\u00e4lukontroller personaalseteks seadistusteks  Programmeeritav kokkup\u00f5rke v\u00e4ltimise s\u00fcsteem, et tuvastada paremini pehmed ja k\u00f5vad materjalid liikumisteel  Kolmeastmelised jalad tagavad suurema paindlikkuse k\u00f5rguse seadistamisel  Muud n\u00e4itajad:   M\u00f5\u00f5tmed: 1160~1860 x 1160~1860 x 620~1280mm  Raamide kuju: ruut  Soovitatav lauaplaadi m\u00f5\u00f5dud: (1100~2200\uff09x\uff08700~1000\uff09x\u00a0 (\u226525)\u00a0 mm  Kandej\u00f5ud: 150kg  Laiusvahemik: 1160~1860mm (m\u00f5lemast laua osast)  K\u00f5rgusvahemik: 620~1280mm  Kandejala suuna valik: alt \u00fcles v\u00f5i \u00fclalt alla  Kandejalgade asmeid: kolm  Kandejalgade astmete m\u00f5\u00f5tmed: 60x60, 65x65, 70x70 mm  Kandejalgade arv: 3  Raami v\u00e4rvivalik: must, valge, hall  Toide: 100~240V  Toitekaabli pikkus: 3m  Maksimaalne kiirus: 38mm\/s  Kontrolleri t\u00fc\u00fcp: nuppudega  Aja meeldetuletusj laspselukk: Jah  Soovitatav kasutustemperatuur: -5\u2103~40\u2103  IP kindlus: IP20  Sertifikaadid: CB AS\/NZS ,CE,FCC","og_url":"https:\/\/anelto.eu\/toode\/nurgakujuline-120-kolme-mootoriga-elektriliselt-reguleeritava-korgusega-laud\/","og_site_name":"Anelto - t\u00f6\u00f6ruumi efektiivsus","article_modified_time":"2021-02-09T15:28:57+00:00","og_image":[{"width":500,"height":500,"url":"https:\/\/anelto.eu\/wp-content\/uploads\/2021\/01\/5012f682-4886-49e7-88d7-b55960261048_500_500.jpg","type":"image\/jpeg"}],"twitter_card":"summary_large_image","schema":{"@context":"https:\/\/schema.org","@graph":[{"@type":"WebPage","@id":"https:\/\/anelto.eu\/toode\/nurgakujuline-120-kolme-mootoriga-elektriliselt-reguleeritava-korgusega-laud\/","url":"https:\/\/anelto.eu\/toode\/nurgakujuline-120-kolme-mootoriga-elektriliselt-reguleeritava-korgusega-laud\/","name":"Kolme mootoriga, nurgakujuline (120\u00b0), elektrilise t\u00f6\u00f6laua raam - Anelto - t\u00f6\u00f6ruumi efektiivsus","isPartOf":{"@id":"https:\/\/anelto.eu\/#website"},"primaryImageOfPage":{"@id":"https:\/\/anelto.eu\/toode\/nurgakujuline-120-kolme-mootoriga-elektriliselt-reguleeritava-korgusega-laud\/#primaryimage"},"image":{"@id":"https:\/\/anelto.eu\/toode\/nurgakujuline-120-kolme-mootoriga-elektriliselt-reguleeritava-korgusega-laud\/#primaryimage"},"thumbnailUrl":"https:\/\/anelto.eu\/wp-content\/uploads\/2021\/01\/5012f682-4886-49e7-88d7-b55960261048_500_500.jpg","datePublished":"2021-01-23T23:31:12+00:00","dateModified":"2021-02-09T15:28:57+00:00","breadcrumb":{"@id":"https:\/\/anelto.eu\/toode\/nurgakujuline-120-kolme-mootoriga-elektriliselt-reguleeritava-korgusega-laud\/#breadcrumb"},"inLanguage":"en-US","potentialAction":[{"@type":"ReadAction","target":["https:\/\/anelto.eu\/toode\/nurgakujuline-120-kolme-mootoriga-elektriliselt-reguleeritava-korgusega-laud\/"]}]},{"@type":"ImageObject","inLanguage":"en-US","@id":"https:\/\/anelto.eu\/toode\/nurgakujuline-120-kolme-mootoriga-elektriliselt-reguleeritava-korgusega-laud\/#primaryimage","url":"https:\/\/anelto.eu\/wp-content\/uploads\/2021\/01\/5012f682-4886-49e7-88d7-b55960261048_500_500.jpg","contentUrl":"https:\/\/anelto.eu\/wp-content\/uploads\/2021\/01\/5012f682-4886-49e7-88d7-b55960261048_500_500.jpg","width":500,"height":500},{"@type":"BreadcrumbList","@id":"https:\/\/anelto.eu\/toode\/nurgakujuline-120-kolme-mootoriga-elektriliselt-reguleeritava-korgusega-laud\/#breadcrumb","itemListElement":[{"@type":"ListItem","position":1,"name":"Avaleht","item":"https:\/\/anelto.eu\/"},{"@type":"ListItem","position":2,"name":"Valdkonnad","item":"https:\/\/anelto.eu\/valdkonnad\/"},{"@type":"ListItem","position":3,"name":"Istumis- ja seismislauad","item":"https:\/\/anelto.eu\/tootekategooria\/istumis-seismislauad\/"},{"@type":"ListItem","position":4,"name":"Kolme mootoriga, nurgakujuline (120\u00b0), elektrilise t\u00f6\u00f6laua raam"}]},{"@type":"WebSite","@id":"https:\/\/anelto.eu\/#website","url":"https:\/\/anelto.eu\/","name":"Anelto - t\u00f6\u00f6ruumi efektiivsus","description":"Ergonoomiline t\u00f6\u00f6keskkond ja kinnituslahendused!","publisher":{"@id":"https:\/\/anelto.eu\/#organization"},"potentialAction":[{"@type":"SearchAction","target":{"@type":"EntryPoint","urlTemplate":"https:\/\/anelto.eu\/?s={search_term_string}"},"query-input":{"@type":"PropertyValueSpecification","valueRequired":true,"valueName":"search_term_string"}}],"inLanguage":"en-US"},{"@type":"Organization","@id":"https:\/\/anelto.eu\/#organization","name":"Anelto","url":"https:\/\/anelto.eu\/","logo":{"@type":"ImageObject","inLanguage":"en-US","@id":"https:\/\/anelto.eu\/#\/schema\/logo\/image\/","url":"https:\/\/anelto.eu\/wp-content\/uploads\/2020\/06\/Picture1.png","contentUrl":"https:\/\/anelto.eu\/wp-content\/uploads\/2020\/06\/Picture1.png","width":615,"height":331,"caption":"Anelto"},"image":{"@id":"https:\/\/anelto.eu\/#\/schema\/logo\/image\/"}}]}},"_links":{"self":[{"href":"https:\/\/anelto.eu\/en\/wp-json\/wp\/v2\/product\/2901","targetHints":{"allow":["GET"]}}],"collection":[{"href":"https:\/\/anelto.eu\/en\/wp-json\/wp\/v2\/product"}],"about":[{"href":"https:\/\/anelto.eu\/en\/wp-json\/wp\/v2\/types\/product"}],"replies":[{"embeddable":true,"href":"https:\/\/anelto.eu\/en\/wp-json\/wp\/v2\/comments?post=2901"}],"wp:featuredmedia":[{"embeddable":true,"href":"https:\/\/anelto.eu\/en\/wp-json\/wp\/v2\/media\/2904"}],"wp:attachment":[{"href":"https:\/\/anelto.eu\/en\/wp-json\/wp\/v2\/media?parent=2901"}],"wp:term":[{"taxonomy":"product_cat","embeddable":true,"href":"https:\/\/anelto.eu\/en\/wp-json\/wp\/v2\/product_cat?post=2901"},{"taxonomy":"product_tag","embeddable":true,"href":"https:\/\/anelto.eu\/en\/wp-json\/wp\/v2\/product_tag?post=2901"}],"curies":[{"name":"wp","href":"https:\/\/api.w.org\/{rel}","templated":true}]}}